{"id":71336,"date":"2025-03-20T16:28:26","date_gmt":"2025-03-20T16:28:40","guid":{"rendered":"https:\/\/listings.mybikeplan.ch\/?post_type=product&#038;p=71336"},"modified":"2025-04-11T13:52:53","modified_gmt":"2025-04-11T13:52:53","slug":"bmc-kas01-one-red","status":"publish","type":"product","link":"https:\/\/listings.mybikeplan.ch\/fr\/produit\/bmc-kas01-one-red\/","title":{"rendered":"BMC KAS01 ONE"},"content":{"rendered":"<h2>Le plus important sur le BMC KAS01 ONE:<\/h2>\n<ul>\n<li aria-level=\"1\">Le BMC Kaius 01 ONE est un v\u00e9lo gravel en carbone ultra-l\u00e9ger au design a\u00e9rodynamique.<\/li>\n<li aria-level=\"1\">Son cockpit int\u00e9gr\u00e9 et sa g\u00e9om\u00e9trie progressive offrent une efficacit\u00e9 et un contr\u00f4le maximaux.<\/li>\n<li aria-level=\"1\">Avec la transmission SRAM RED XPLR AXS et une grande libert\u00e9 de pneus, il est parfait pour les courses gravel rapides.<\/li>\n<\/ul>\n<h2><strong>Tailles recommand\u00e9es:<\/strong><\/h2>\n<ul>\n<li aria-level=\"1\">47: &lt;162 cm<\/li>\n<li aria-level=\"1\">51: 162-174 cm<\/li>\n<li aria-level=\"1\">54: 172-180 cm<\/li>\n<li aria-level=\"1\">56: 178-186 cm<\/li>\n<li aria-level=\"1\">58: 184-192 cm<\/li>\n<li aria-level=\"1\">61: &gt;190 cm<\/li>\n<\/ul>\n","protected":false},"excerpt":{"rendered":"<h3><span data-sheets-root=\"1\" data-sheets-value=\"{&quot;1&quot;:2,&quot;2&quot;:&quot;\u00c0 propos de BMCnAvec plusieurs d\u00e9cennies d'exp\u00e9rience et une recherche constante de vitesse, BMC s'est impos\u00e9e comme une marque de r\u00e9f\u00e9rence dans le monde des v\u00e9los haut de gamme. Depuis la fin des ann\u00e9es 80 et le d\u00e9but des ann\u00e9es 90, BMC a d\u00e9velopp\u00e9 et perfectionn\u00e9 des innovations majeures, toujours dans le but de cr\u00e9er les v\u00e9los les plus rapides. Leur \u00e9quipe de plus de 150 experts \u00e0 Granges, en Suisse, est constamment en train de rechercher et de mettre en \u0153uvre de nouvelles technologies.&quot;}\" data-sheets-userformat=\"{&quot;2&quot;:3005,&quot;3&quot;:{&quot;1&quot;:0},&quot;5&quot;:{&quot;1&quot;:[{&quot;1&quot;:2,&quot;2&quot;:0,&quot;5&quot;:{&quot;1&quot;:2,&quot;2&quot;:0}},{&quot;1&quot;:0,&quot;2&quot;:0,&quot;3&quot;:3},{&quot;1&quot;:1,&quot;2&quot;:0,&quot;4&quot;:1}]},&quot;6&quot;:{&quot;1&quot;:[{&quot;1&quot;:2,&quot;2&quot;:0,&quot;5&quot;:{&quot;1&quot;:2,&quot;2&quot;:0}},{&quot;1&quot;:0,&quot;2&quot;:0,&quot;3&quot;:3},{&quot;1&quot;:1,&quot;2&quot;:0,&quot;4&quot;:1}]},&quot;7&quot;:{&quot;1&quot;:[{&quot;1&quot;:2,&quot;2&quot;:0,&quot;5&quot;:{&quot;1&quot;:2,&quot;2&quot;:0}},{&quot;1&quot;:0,&quot;2&quot;:0,&quot;3&quot;:3},{&quot;1&quot;:1,&quot;2&quot;:0,&quot;4&quot;:1}]},&quot;8&quot;:{&quot;1&quot;:[{&quot;1&quot;:2,&quot;2&quot;:0,&quot;5&quot;:{&quot;1&quot;:2,&quot;2&quot;:0}},{&quot;1&quot;:0,&quot;2&quot;:0,&quot;3&quot;:3},{&quot;1&quot;:1,&quot;2&quot;:0,&quot;4&quot;:1}]},&quot;10&quot;:0,&quot;11&quot;:4,&quot;12&quot;:0,&quot;14&quot;:{&quot;1&quot;:2,&quot;2&quot;:0}}\" data-sheets-textstyleruns=\"{&quot;1&quot;:0,&quot;2&quot;:{&quot;5&quot;:1}}\uee10{&quot;1&quot;:15}\uee10{&quot;1&quot;:16,&quot;2&quot;:{}}\"><strong>\u00c0 propos de BMC<\/strong><\/span><\/h3>\n<p><span data-sheets-root=\"1\" data-sheets-value=\"{&quot;1&quot;:2,&quot;2&quot;:&quot;\u00c0 propos de BMCnAvec plusieurs d\u00e9cennies d'exp\u00e9rience et une recherche constante de vitesse, BMC s'est impos\u00e9e comme une marque de r\u00e9f\u00e9rence dans le monde des v\u00e9los haut de gamme. Depuis la fin des ann\u00e9es 80 et le d\u00e9but des ann\u00e9es 90, BMC a d\u00e9velopp\u00e9 et perfectionn\u00e9 des innovations majeures, toujours dans le but de cr\u00e9er les v\u00e9los les plus rapides. Leur \u00e9quipe de plus de 150 experts \u00e0 Granges, en Suisse, est constamment en train de rechercher et de mettre en \u0153uvre de nouvelles technologies.&quot;}\" data-sheets-userformat=\"{&quot;2&quot;:3005,&quot;3&quot;:{&quot;1&quot;:0},&quot;5&quot;:{&quot;1&quot;:[{&quot;1&quot;:2,&quot;2&quot;:0,&quot;5&quot;:{&quot;1&quot;:2,&quot;2&quot;:0}},{&quot;1&quot;:0,&quot;2&quot;:0,&quot;3&quot;:3},{&quot;1&quot;:1,&quot;2&quot;:0,&quot;4&quot;:1}]},&quot;6&quot;:{&quot;1&quot;:[{&quot;1&quot;:2,&quot;2&quot;:0,&quot;5&quot;:{&quot;1&quot;:2,&quot;2&quot;:0}},{&quot;1&quot;:0,&quot;2&quot;:0,&quot;3&quot;:3},{&quot;1&quot;:1,&quot;2&quot;:0,&quot;4&quot;:1}]},&quot;7&quot;:{&quot;1&quot;:[{&quot;1&quot;:2,&quot;2&quot;:0,&quot;5&quot;:{&quot;1&quot;:2,&quot;2&quot;:0}},{&quot;1&quot;:0,&quot;2&quot;:0,&quot;3&quot;:3},{&quot;1&quot;:1,&quot;2&quot;:0,&quot;4&quot;:1}]},&quot;8&quot;:{&quot;1&quot;:[{&quot;1&quot;:2,&quot;2&quot;:0,&quot;5&quot;:{&quot;1&quot;:2,&quot;2&quot;:0}},{&quot;1&quot;:0,&quot;2&quot;:0,&quot;3&quot;:3},{&quot;1&quot;:1,&quot;2&quot;:0,&quot;4&quot;:1}]},&quot;10&quot;:0,&quot;11&quot;:4,&quot;12&quot;:0,&quot;14&quot;:{&quot;1&quot;:2,&quot;2&quot;:0}}\" data-sheets-textstyleruns=\"{&quot;1&quot;:0,&quot;2&quot;:{&quot;5&quot;:1}}\uee10{&quot;1&quot;:15}\uee10{&quot;1&quot;:16,&quot;2&quot;:{}}\">Avec plusieurs d\u00e9cennies d&rsquo;exp\u00e9rience et une recherche constante de vitesse, BMC s&rsquo;est impos\u00e9e comme une marque de r\u00e9f\u00e9rence dans le monde des v\u00e9los haut de gamme. Depuis la fin des ann\u00e9es 80 et le d\u00e9but des ann\u00e9es 90, BMC a d\u00e9velopp\u00e9 et perfectionn\u00e9 des innovations majeures, toujours dans le but de cr\u00e9er les v\u00e9los les plus rapides. Leur \u00e9quipe de plus de 150 experts \u00e0 Granges, en Suisse, est constamment en train de rechercher et de mettre en \u0153uvre de nouvelles technologies.<\/span><\/p>\n","protected":false},"featured_media":71345,"comment_status":"open","ping_status":"closed","template":"","meta":{"_acf_changed":false},"product_brand":[],"product_cat":[10588,10185,10590,10184,10186,10080,10173,10171,10190],"product_tag":[],"class_list":{"0":"post-71336","1":"product","2":"type-product","3":"status-publish","4":"has-post-thumbnail","6":"product_cat-bmc","7":"product_cat-diamant","8":"product_cat-e-road-bike","9":"product_cat-femmes","10":"product_cat-hommes","11":"product_cat-mybikeplan","12":"product_cat-noir","13":"product_cat-rouge","14":"product_cat-swiss-made","15":"pa_brakes-sram-red-axs-ed-red-e1-fr","16":"pa_brand-bmc","17":"pa_display-tq-display-2-o-led-bluetooth-ant-fr","18":"pa_filters-color-bleu","19":"pa_filters-color-rouge","20":"pa_frame-variant-diamant","21":"pa_max-weight-120-kg","22":"pa_range-30-50-km-fr","23":"pa_rider-height-160-165-cm","24":"pa_rider-height-165-170-cm","25":"pa_rider-height-170-175-cm","26":"pa_rider-height-175-180-cm","27":"pa_rider-height-180-185-cm","28":"pa_rider-height-185-190-cm","29":"pa_rider-height-190-195-cm","30":"pa_rider-height-195-200-cm","31":"pa_sizes-47-fr","32":"pa_sizes-51-fr","33":"pa_sizes-54-fr","34":"pa_sizes-56-fr","35":"pa_sizes-58-fr","36":"pa_sizes-61-fr","37":"pa_tires-pirelli-cinturato-gravel-h-40mm-fr","39":"first","40":"instock","41":"shipping-taxable","42":"purchasable","43":"product-type-variable"},"acf":[],"yoast_head":"<!-- This site is optimized with the Yoast SEO plugin v24.5 - https:\/\/yoast.com\/wordpress\/plugins\/seo\/ -->\n<title>BMC KAS01 ONE | E-Bike | 0% d&#039;int\u00e9r\u00eat | Suisse<\/title>\n<meta name=\"description\" content=\"Ach\u00e8te le BMC KAS01 ONE et rembourse-le facilement par mois avec 0% d&#039;int\u00e9r\u00eat ! Profites-en et commence \u00e0 rouler rapidement.\" \/>\n<meta name=\"robots\" content=\"noindex, follow, max-snippet:-1, max-image-preview:large, max-video-preview:-1\" \/>\n<meta property=\"og:locale\" content=\"fr_FR\" \/>\n<meta property=\"og:type\" content=\"article\" \/>\n<meta property=\"og:title\" content=\"BMC KAS01 ONE | E-Bike | 0% d&#039;int\u00e9r\u00eat | Suisse\" \/>\n<meta property=\"og:description\" content=\"Ach\u00e8te le BMC KAS01 ONE et rembourse-le facilement par mois avec 0% d&#039;int\u00e9r\u00eat ! Profites-en et commence \u00e0 rouler rapidement.\" \/>\n<meta property=\"og:url\" content=\"https:\/\/listings.mybikeplan.ch\/fr\/produit\/bmc-kas01-one-red\/\" \/>\n<meta property=\"og:site_name\" content=\"MyBikePlan\" \/>\n<meta property=\"article:modified_time\" content=\"2025-04-11T13:52:53+00:00\" \/>\n<meta property=\"og:image\" content=\"https:\/\/listings.mybikeplan.ch\/wp-content\/uploads\/2025\/03\/BMC-KAS01-ONE_1.jpg\" \/>\n\t<meta property=\"og:image:width\" content=\"1080\" \/>\n\t<meta property=\"og:image:height\" content=\"1080\" \/>\n\t<meta property=\"og:image:type\" content=\"image\/jpeg\" \/>\n<meta name=\"twitter:card\" content=\"summary_large_image\" \/>\n<script type=\"application\/ld+json\" class=\"yoast-schema-graph\">{\"@context\":\"https:\/\/schema.org\",\"@graph\":[{\"@type\":\"WebPage\",\"@id\":\"https:\/\/listings.mybikeplan.ch\/fr\/produit\/bmc-kas01-one-red\/\",\"url\":\"https:\/\/listings.mybikeplan.ch\/fr\/produit\/bmc-kas01-one-red\/\",\"name\":\"BMC KAS01 ONE | E-Bike | 0% d'int\u00e9r\u00eat | Suisse\",\"isPartOf\":{\"@id\":\"https:\/\/listings.mybikeplan.ch\/fr\/#website\"},\"primaryImageOfPage\":{\"@id\":\"https:\/\/listings.mybikeplan.ch\/fr\/produit\/bmc-kas01-one-red\/#primaryimage\"},\"image\":{\"@id\":\"https:\/\/listings.mybikeplan.ch\/fr\/produit\/bmc-kas01-one-red\/#primaryimage\"},\"thumbnailUrl\":\"https:\/\/listings.mybikeplan.ch\/wp-content\/uploads\/2025\/03\/BMC-KAS01-ONE_1.jpg\",\"datePublished\":\"2025-03-20T16:28:40+00:00\",\"dateModified\":\"2025-04-11T13:52:53+00:00\",\"description\":\"Ach\u00e8te le BMC KAS01 ONE et rembourse-le facilement par mois avec 0% d'int\u00e9r\u00eat ! Profites-en et commence \u00e0 rouler rapidement.\",\"breadcrumb\":{\"@id\":\"https:\/\/listings.mybikeplan.ch\/fr\/produit\/bmc-kas01-one-red\/#breadcrumb\"},\"inLanguage\":\"fr-FR\",\"potentialAction\":[{\"@type\":\"ReadAction\",\"target\":[\"https:\/\/listings.mybikeplan.ch\/fr\/produit\/bmc-kas01-one-red\/\"]}]},{\"@type\":\"ImageObject\",\"inLanguage\":\"fr-FR\",\"@id\":\"https:\/\/listings.mybikeplan.ch\/fr\/produit\/bmc-kas01-one-red\/#primaryimage\",\"url\":\"https:\/\/listings.mybikeplan.ch\/wp-content\/uploads\/2025\/03\/BMC-KAS01-ONE_1.jpg\",\"contentUrl\":\"https:\/\/listings.mybikeplan.ch\/wp-content\/uploads\/2025\/03\/BMC-KAS01-ONE_1.jpg\",\"width\":1080,\"height\":1080},{\"@type\":\"BreadcrumbList\",\"@id\":\"https:\/\/listings.mybikeplan.ch\/fr\/produit\/bmc-kas01-one-red\/#breadcrumb\",\"itemListElement\":[{\"@type\":\"ListItem\",\"position\":1,\"name\":\"Home\",\"item\":\"https:\/\/listings.mybikeplan.ch\/fr\/home\/\"},{\"@type\":\"ListItem\",\"position\":2,\"name\":\"BMC KAS01 ONE\"}]},{\"@type\":\"WebSite\",\"@id\":\"https:\/\/listings.mybikeplan.ch\/fr\/#website\",\"url\":\"https:\/\/listings.mybikeplan.ch\/fr\/\",\"name\":\"MyBikePlan\",\"description\":\"\",\"potentialAction\":[{\"@type\":\"SearchAction\",\"target\":{\"@type\":\"EntryPoint\",\"urlTemplate\":\"https:\/\/listings.mybikeplan.ch\/fr\/?s={search_term_string}\"},\"query-input\":{\"@type\":\"PropertyValueSpecification\",\"valueRequired\":true,\"valueName\":\"search_term_string\"}}],\"inLanguage\":\"fr-FR\"}]}<\/script>\n<!-- \/ Yoast SEO plugin. -->","yoast_head_json":{"title":"BMC KAS01 ONE | E-Bike | 0% d'int\u00e9r\u00eat | Suisse","description":"Ach\u00e8te le BMC KAS01 ONE et rembourse-le facilement par mois avec 0% d'int\u00e9r\u00eat ! Profites-en et commence \u00e0 rouler rapidement.","robots":{"index":"noindex","follow":"follow","max-snippet":"max-snippet:-1","max-image-preview":"max-image-preview:large","max-video-preview":"max-video-preview:-1"},"og_locale":"fr_FR","og_type":"article","og_title":"BMC KAS01 ONE | E-Bike | 0% d'int\u00e9r\u00eat | Suisse","og_description":"Ach\u00e8te le BMC KAS01 ONE et rembourse-le facilement par mois avec 0% d'int\u00e9r\u00eat ! Profites-en et commence \u00e0 rouler rapidement.","og_url":"https:\/\/listings.mybikeplan.ch\/fr\/produit\/bmc-kas01-one-red\/","og_site_name":"MyBikePlan","article_modified_time":"2025-04-11T13:52:53+00:00","og_image":[{"width":1080,"height":1080,"url":"https:\/\/listings.mybikeplan.ch\/wp-content\/uploads\/2025\/03\/BMC-KAS01-ONE_1.jpg","type":"image\/jpeg"}],"twitter_card":"summary_large_image","schema":{"@context":"https:\/\/schema.org","@graph":[{"@type":"WebPage","@id":"https:\/\/listings.mybikeplan.ch\/fr\/produit\/bmc-kas01-one-red\/","url":"https:\/\/listings.mybikeplan.ch\/fr\/produit\/bmc-kas01-one-red\/","name":"BMC KAS01 ONE | E-Bike | 0% d'int\u00e9r\u00eat | Suisse","isPartOf":{"@id":"https:\/\/listings.mybikeplan.ch\/fr\/#website"},"primaryImageOfPage":{"@id":"https:\/\/listings.mybikeplan.ch\/fr\/produit\/bmc-kas01-one-red\/#primaryimage"},"image":{"@id":"https:\/\/listings.mybikeplan.ch\/fr\/produit\/bmc-kas01-one-red\/#primaryimage"},"thumbnailUrl":"https:\/\/listings.mybikeplan.ch\/wp-content\/uploads\/2025\/03\/BMC-KAS01-ONE_1.jpg","datePublished":"2025-03-20T16:28:40+00:00","dateModified":"2025-04-11T13:52:53+00:00","description":"Ach\u00e8te le BMC KAS01 ONE et rembourse-le facilement par mois avec 0% d'int\u00e9r\u00eat ! Profites-en et commence \u00e0 rouler rapidement.","breadcrumb":{"@id":"https:\/\/listings.mybikeplan.ch\/fr\/produit\/bmc-kas01-one-red\/#breadcrumb"},"inLanguage":"fr-FR","potentialAction":[{"@type":"ReadAction","target":["https:\/\/listings.mybikeplan.ch\/fr\/produit\/bmc-kas01-one-red\/"]}]},{"@type":"ImageObject","inLanguage":"fr-FR","@id":"https:\/\/listings.mybikeplan.ch\/fr\/produit\/bmc-kas01-one-red\/#primaryimage","url":"https:\/\/listings.mybikeplan.ch\/wp-content\/uploads\/2025\/03\/BMC-KAS01-ONE_1.jpg","contentUrl":"https:\/\/listings.mybikeplan.ch\/wp-content\/uploads\/2025\/03\/BMC-KAS01-ONE_1.jpg","width":1080,"height":1080},{"@type":"BreadcrumbList","@id":"https:\/\/listings.mybikeplan.ch\/fr\/produit\/bmc-kas01-one-red\/#breadcrumb","itemListElement":[{"@type":"ListItem","position":1,"name":"Home","item":"https:\/\/listings.mybikeplan.ch\/fr\/home\/"},{"@type":"ListItem","position":2,"name":"BMC KAS01 ONE"}]},{"@type":"WebSite","@id":"https:\/\/listings.mybikeplan.ch\/fr\/#website","url":"https:\/\/listings.mybikeplan.ch\/fr\/","name":"MyBikePlan","description":"","potentialAction":[{"@type":"SearchAction","target":{"@type":"EntryPoint","urlTemplate":"https:\/\/listings.mybikeplan.ch\/fr\/?s={search_term_string}"},"query-input":{"@type":"PropertyValueSpecification","valueRequired":true,"valueName":"search_term_string"}}],"inLanguage":"fr-FR"}]}},"_links":{"self":[{"href":"https:\/\/listings.mybikeplan.ch\/fr\/wp-json\/wp\/v2\/product\/71336","targetHints":{"allow":["GET"]}}],"collection":[{"href":"https:\/\/listings.mybikeplan.ch\/fr\/wp-json\/wp\/v2\/product"}],"about":[{"href":"https:\/\/listings.mybikeplan.ch\/fr\/wp-json\/wp\/v2\/types\/product"}],"replies":[{"embeddable":true,"href":"https:\/\/listings.mybikeplan.ch\/fr\/wp-json\/wp\/v2\/comments?post=71336"}],"wp:featuredmedia":[{"embeddable":true,"href":"https:\/\/listings.mybikeplan.ch\/fr\/wp-json\/wp\/v2\/media\/71345"}],"wp:attachment":[{"href":"https:\/\/listings.mybikeplan.ch\/fr\/wp-json\/wp\/v2\/media?parent=71336"}],"wp:term":[{"taxonomy":"product_brand","embeddable":true,"href":"https:\/\/listings.mybikeplan.ch\/fr\/wp-json\/wp\/v2\/product_brand?post=71336"},{"taxonomy":"product_cat","embeddable":true,"href":"https:\/\/listings.mybikeplan.ch\/fr\/wp-json\/wp\/v2\/product_cat?post=71336"},{"taxonomy":"product_tag","embeddable":true,"href":"https:\/\/listings.mybikeplan.ch\/fr\/wp-json\/wp\/v2\/product_tag?post=71336"}],"curies":[{"name":"wp","href":"https:\/\/api.w.org\/{rel}","templated":true}]}}