{"id":71178,"date":"2025-03-11T15:27:41","date_gmt":"2025-03-11T15:27:57","guid":{"rendered":"https:\/\/listings.mybikeplan.ch\/?post_type=product&#038;p=71178"},"modified":"2025-04-02T08:36:38","modified_gmt":"2025-04-02T08:36:38","slug":"bergstrom-atv-9-suvi-carbon-black","status":"publish","type":"product","link":"https:\/\/listings.mybikeplan.ch\/fr\/produit\/bergstrom-atv-9-suvi-carbon-black\/","title":{"rendered":"Bergstrom ATV 9 SUVi Carbon"},"content":{"rendered":"<h2><b>Les faits importants sur le <\/b><b>Bergstrom ATV 9 SUVi Carbon:<\/b><\/h2>\n<div class=\"col-lg-6 col-12 specification ng-star-inserted expanded\">\n<ul>\n<li>Le Bergstrom ATV 9 SUVi Carbon est un E-Bike \u00e0 suspension int\u00e9grale avec un cadre en carbone l\u00e9ger.<br \/>\nAvec une batterie de 750 Wh et une transmission Shimano XT, il offre une grande autonomie et des performances \u00e9lev\u00e9es.<br \/>\nLes roues de 29&Prime; et les freins \u00e0 4 pistons assurent la stabilit\u00e9 et la s\u00e9curit\u00e9.<\/li>\n<\/ul>\n<\/div>\n<h2><b>Le Bergstrom ATV 9 SUVi Carbon est parfait pour toi si tu :<\/b><\/h2>\n<ul>\n<li aria-level=\"1\">Cherches un E-Bike performant pour la route et le tout-terrain.<\/li>\n<li aria-level=\"1\">Accordes de l&rsquo;importance \u00e0 un cadre en carbone l\u00e9ger et \u00e0 des composants de haute qualit\u00e9.<\/li>\n<li aria-level=\"1\">As besoin d&rsquo;une grande autonomie et de freins fiables pour tes randonn\u00e9es.<\/li>\n<\/ul>\n<h2><b>Recommandation de taille:<\/b><\/h2>\n<ul>\n<li>S = 155 &#8211; 168 cm<\/li>\n<li>M = 167 &#8211; 179 cm<\/li>\n<li>L = 178 &#8211; 189 cm<\/li>\n<\/ul>\n","protected":false},"excerpt":{"rendered":"<h2 class=\"p1\"><span class=\"s1\"><b>Bergstrom ATV 9 SUVi Carbon<\/b><\/span><\/h2>\n<p class=\"p2\"><span class=\"s1\">Le SUV 9i de Bergstrom est l&rsquo;E-Bike tout-en-un parfait pour la ville et le tout-terrain.<br \/>\nAvec le moteur Bosch Performance Speed (jusqu&rsquo;\u00e0 45 km\/h) et une batterie de 750 Wh, il t&rsquo;am\u00e8ne rapidement et en toute s\u00e9curit\u00e9 \u00e0 destination. Les pneus Schwalbe 29 pouces assurent le confort sur tous les terrains, tandis que la g\u00e9om\u00e9trie moderne et les puissants freins \u00e0 disque garantissent une conduite agr\u00e9able. Avec sa transmission Shimano XT pr\u00e9cise et ses longs d\u00e9battements, c&rsquo;est le choix id\u00e9al pour les navetteurs et les aventuriers.<br \/>\nDisponible en quatre couleurs et trois tailles.<\/span><\/p>\n<h2 class=\"p1\"><span class=\"s1\"><b>\u00c0 propos de Bergstrom<\/b><\/span><\/h2>\n<p class=\"p2\"><span class=\"s1\">Les v\u00e9los \u00e9lectriques BERGSTROM sont les produits d&rsquo;une marque jeune et innovante du fabricant de v\u00e9los suisse Komenda. Ici, tu obtiendras 100% de suissitude avec des E-Bikes qui ont \u00e9t\u00e9 sp\u00e9cialement con\u00e7us en gardant \u00e0 l&rsquo;esprit les d\u00e9fis du paysage suisse. Le r\u00e9sultat ? Des v\u00e9los \u00e9lectriques de haute qualit\u00e9 qui soutiennent de mani\u00e8re fiable aussi bien au quotidien que sur les sentiers !<\/span><\/p>\n","protected":false},"featured_media":71187,"comment_status":"open","ping_status":"closed","template":"","meta":{"_acf_changed":false},"product_brand":[],"product_cat":[10083,12570,10185,10157,10160,10159,10192,10105,10080,10173,10190,10193,10096],"product_tag":[],"class_list":{"0":"post-71178","1":"product","2":"type-product","3":"status-publish","4":"has-post-thumbnail","6":"product_cat-45-km","7":"product_cat-best_sellers-fr","8":"product_cat-diamant","9":"product_cat-e-bikes","10":"product_cat-e-mountain-fully","11":"product_cat-e-mountain","12":"product_cat-homepage","13":"product_cat-marque-bergstrom","14":"product_cat-mybikeplan","15":"product_cat-noir","16":"product_cat-swiss-made","17":"product_cat-top-modeles","18":"product_cat-alle-e-bikes","19":"pa_back-wheel-schwalbe-29-fr","20":"pa_battery-bosch-powertube-750-fr","21":"pa_battery-size-750-wh","22":"pa_brand-bergstrom","23":"pa_filters-color-noir","24":"pa_fork-rock-shox-35-gold-rl-federgabel-150mm-fr","25":"pa_frame-variant-trapeze","26":"pa_front-wheel-schwalbe-racing-ray-29-x-2-35-fr","27":"pa_gear-change-shimano-xt-linkglide-11-vitesses","28":"pa_gears-12-gaenge-fr","29":"pa_hex-color-000000-fr","30":"pa_motor-bosch-performance-speed-45-fr","31":"pa_rider-height-155-160-cm","32":"pa_rider-height-160-165-cm","33":"pa_rider-height-165-170-cm","34":"pa_rider-height-170-175-cm","35":"pa_rider-height-175-180-cm","36":"pa_rider-height-180-185-cm","37":"pa_rider-height-185-190-cm","38":"pa_seat-tube-length-l-fr","39":"pa_seat-tube-length-m-fr","40":"pa_seat-tube-length-s-fr","41":"pa_sizes-l-fr","42":"pa_sizes-m-fr","43":"pa_sizes-s-fr","44":"pa_speed-45-km-stunde-fr","45":"pa_wheel-size-29-fr-3","47":"first","48":"instock","49":"shipping-taxable","50":"purchasable","51":"product-type-variable"},"acf":[],"yoast_head":"<!-- This site is optimized with the Yoast SEO plugin v24.5 - https:\/\/yoast.com\/wordpress\/plugins\/seo\/ -->\n<title>Bergstrom ATV 9 SUVi Carbon | V\u00e9lo \u00e9lectrique | 0% d&#039;int\u00e9r\u00eat<\/title>\n<meta name=\"description\" content=\"Commande le Bergstrom ATV 9 SUVi Carbon E-Bike et profite d&#039;une livraison gratuite en Suisse. 0% int\u00e9r\u00eat ! Marque: Bergstrom\" \/>\n<meta name=\"robots\" content=\"noindex, follow, max-snippet:-1, max-image-preview:large, max-video-preview:-1\" \/>\n<meta property=\"og:locale\" content=\"fr_FR\" \/>\n<meta property=\"og:type\" content=\"article\" \/>\n<meta property=\"og:title\" content=\"Bergstrom ATV 9 SUVi Carbon | V\u00e9lo \u00e9lectrique | 0% d&#039;int\u00e9r\u00eat\" \/>\n<meta property=\"og:description\" content=\"Commande le Bergstrom ATV 9 SUVi Carbon E-Bike et profite d&#039;une livraison gratuite en Suisse. 0% int\u00e9r\u00eat ! Marque: Bergstrom\" \/>\n<meta property=\"og:url\" content=\"https:\/\/listings.mybikeplan.ch\/fr\/produit\/bergstrom-atv-9-suvi-carbon-black\/\" \/>\n<meta property=\"og:site_name\" content=\"MyBikePlan\" \/>\n<meta property=\"article:modified_time\" content=\"2025-04-02T08:36:38+00:00\" \/>\n<meta property=\"og:image\" content=\"https:\/\/listings.mybikeplan.ch\/wp-content\/uploads\/2025\/03\/Bergstrom-ATV-9-SUVI-Carbon.jpg\" \/>\n\t<meta property=\"og:image:width\" content=\"1080\" \/>\n\t<meta property=\"og:image:height\" content=\"1080\" \/>\n\t<meta property=\"og:image:type\" content=\"image\/jpeg\" \/>\n<meta name=\"twitter:card\" content=\"summary_large_image\" \/>\n<meta name=\"twitter:label1\" content=\"Dur\u00e9e de lecture estim\u00e9e\" \/>\n\t<meta name=\"twitter:data1\" content=\"1 minute\" \/>\n<script type=\"application\/ld+json\" class=\"yoast-schema-graph\">{\"@context\":\"https:\/\/schema.org\",\"@graph\":[{\"@type\":\"WebPage\",\"@id\":\"https:\/\/listings.mybikeplan.ch\/fr\/produit\/bergstrom-atv-9-suvi-carbon-black\/\",\"url\":\"https:\/\/listings.mybikeplan.ch\/fr\/produit\/bergstrom-atv-9-suvi-carbon-black\/\",\"name\":\"Bergstrom ATV 9 SUVi Carbon | V\u00e9lo \u00e9lectrique | 0% d'int\u00e9r\u00eat\",\"isPartOf\":{\"@id\":\"https:\/\/listings.mybikeplan.ch\/fr\/#website\"},\"primaryImageOfPage\":{\"@id\":\"https:\/\/listings.mybikeplan.ch\/fr\/produit\/bergstrom-atv-9-suvi-carbon-black\/#primaryimage\"},\"image\":{\"@id\":\"https:\/\/listings.mybikeplan.ch\/fr\/produit\/bergstrom-atv-9-suvi-carbon-black\/#primaryimage\"},\"thumbnailUrl\":\"https:\/\/listings.mybikeplan.ch\/wp-content\/uploads\/2025\/03\/Bergstrom-ATV-9-SUVI-Carbon.jpg\",\"datePublished\":\"2025-03-11T15:27:57+00:00\",\"dateModified\":\"2025-04-02T08:36:38+00:00\",\"description\":\"Commande le Bergstrom ATV 9 SUVi Carbon E-Bike et profite d'une livraison gratuite en Suisse. 0% int\u00e9r\u00eat ! Marque: Bergstrom\",\"breadcrumb\":{\"@id\":\"https:\/\/listings.mybikeplan.ch\/fr\/produit\/bergstrom-atv-9-suvi-carbon-black\/#breadcrumb\"},\"inLanguage\":\"fr-FR\",\"potentialAction\":[{\"@type\":\"ReadAction\",\"target\":[\"https:\/\/listings.mybikeplan.ch\/fr\/produit\/bergstrom-atv-9-suvi-carbon-black\/\"]}]},{\"@type\":\"ImageObject\",\"inLanguage\":\"fr-FR\",\"@id\":\"https:\/\/listings.mybikeplan.ch\/fr\/produit\/bergstrom-atv-9-suvi-carbon-black\/#primaryimage\",\"url\":\"https:\/\/listings.mybikeplan.ch\/wp-content\/uploads\/2025\/03\/Bergstrom-ATV-9-SUVI-Carbon.jpg\",\"contentUrl\":\"https:\/\/listings.mybikeplan.ch\/wp-content\/uploads\/2025\/03\/Bergstrom-ATV-9-SUVI-Carbon.jpg\",\"width\":1080,\"height\":1080},{\"@type\":\"BreadcrumbList\",\"@id\":\"https:\/\/listings.mybikeplan.ch\/fr\/produit\/bergstrom-atv-9-suvi-carbon-black\/#breadcrumb\",\"itemListElement\":[{\"@type\":\"ListItem\",\"position\":1,\"name\":\"Home\",\"item\":\"https:\/\/listings.mybikeplan.ch\/fr\/home\/\"},{\"@type\":\"ListItem\",\"position\":2,\"name\":\"Bergstrom ATV 9 SUVi Carbon\"}]},{\"@type\":\"WebSite\",\"@id\":\"https:\/\/listings.mybikeplan.ch\/fr\/#website\",\"url\":\"https:\/\/listings.mybikeplan.ch\/fr\/\",\"name\":\"MyBikePlan\",\"description\":\"\",\"potentialAction\":[{\"@type\":\"SearchAction\",\"target\":{\"@type\":\"EntryPoint\",\"urlTemplate\":\"https:\/\/listings.mybikeplan.ch\/fr\/?s={search_term_string}\"},\"query-input\":{\"@type\":\"PropertyValueSpecification\",\"valueRequired\":true,\"valueName\":\"search_term_string\"}}],\"inLanguage\":\"fr-FR\"}]}<\/script>\n<!-- \/ Yoast SEO plugin. -->","yoast_head_json":{"title":"Bergstrom ATV 9 SUVi Carbon | V\u00e9lo \u00e9lectrique | 0% d'int\u00e9r\u00eat","description":"Commande le Bergstrom ATV 9 SUVi Carbon E-Bike et profite d'une livraison gratuite en Suisse. 0% int\u00e9r\u00eat ! Marque: Bergstrom","robots":{"index":"noindex","follow":"follow","max-snippet":"max-snippet:-1","max-image-preview":"max-image-preview:large","max-video-preview":"max-video-preview:-1"},"og_locale":"fr_FR","og_type":"article","og_title":"Bergstrom ATV 9 SUVi Carbon | V\u00e9lo \u00e9lectrique | 0% d'int\u00e9r\u00eat","og_description":"Commande le Bergstrom ATV 9 SUVi Carbon E-Bike et profite d'une livraison gratuite en Suisse. 0% int\u00e9r\u00eat ! Marque: Bergstrom","og_url":"https:\/\/listings.mybikeplan.ch\/fr\/produit\/bergstrom-atv-9-suvi-carbon-black\/","og_site_name":"MyBikePlan","article_modified_time":"2025-04-02T08:36:38+00:00","og_image":[{"width":1080,"height":1080,"url":"https:\/\/listings.mybikeplan.ch\/wp-content\/uploads\/2025\/03\/Bergstrom-ATV-9-SUVI-Carbon.jpg","type":"image\/jpeg"}],"twitter_card":"summary_large_image","twitter_misc":{"Dur\u00e9e de lecture estim\u00e9e":"1 minute"},"schema":{"@context":"https:\/\/schema.org","@graph":[{"@type":"WebPage","@id":"https:\/\/listings.mybikeplan.ch\/fr\/produit\/bergstrom-atv-9-suvi-carbon-black\/","url":"https:\/\/listings.mybikeplan.ch\/fr\/produit\/bergstrom-atv-9-suvi-carbon-black\/","name":"Bergstrom ATV 9 SUVi Carbon | V\u00e9lo \u00e9lectrique | 0% d'int\u00e9r\u00eat","isPartOf":{"@id":"https:\/\/listings.mybikeplan.ch\/fr\/#website"},"primaryImageOfPage":{"@id":"https:\/\/listings.mybikeplan.ch\/fr\/produit\/bergstrom-atv-9-suvi-carbon-black\/#primaryimage"},"image":{"@id":"https:\/\/listings.mybikeplan.ch\/fr\/produit\/bergstrom-atv-9-suvi-carbon-black\/#primaryimage"},"thumbnailUrl":"https:\/\/listings.mybikeplan.ch\/wp-content\/uploads\/2025\/03\/Bergstrom-ATV-9-SUVI-Carbon.jpg","datePublished":"2025-03-11T15:27:57+00:00","dateModified":"2025-04-02T08:36:38+00:00","description":"Commande le Bergstrom ATV 9 SUVi Carbon E-Bike et profite d'une livraison gratuite en Suisse. 0% int\u00e9r\u00eat ! Marque: Bergstrom","breadcrumb":{"@id":"https:\/\/listings.mybikeplan.ch\/fr\/produit\/bergstrom-atv-9-suvi-carbon-black\/#breadcrumb"},"inLanguage":"fr-FR","potentialAction":[{"@type":"ReadAction","target":["https:\/\/listings.mybikeplan.ch\/fr\/produit\/bergstrom-atv-9-suvi-carbon-black\/"]}]},{"@type":"ImageObject","inLanguage":"fr-FR","@id":"https:\/\/listings.mybikeplan.ch\/fr\/produit\/bergstrom-atv-9-suvi-carbon-black\/#primaryimage","url":"https:\/\/listings.mybikeplan.ch\/wp-content\/uploads\/2025\/03\/Bergstrom-ATV-9-SUVI-Carbon.jpg","contentUrl":"https:\/\/listings.mybikeplan.ch\/wp-content\/uploads\/2025\/03\/Bergstrom-ATV-9-SUVI-Carbon.jpg","width":1080,"height":1080},{"@type":"BreadcrumbList","@id":"https:\/\/listings.mybikeplan.ch\/fr\/produit\/bergstrom-atv-9-suvi-carbon-black\/#breadcrumb","itemListElement":[{"@type":"ListItem","position":1,"name":"Home","item":"https:\/\/listings.mybikeplan.ch\/fr\/home\/"},{"@type":"ListItem","position":2,"name":"Bergstrom ATV 9 SUVi Carbon"}]},{"@type":"WebSite","@id":"https:\/\/listings.mybikeplan.ch\/fr\/#website","url":"https:\/\/listings.mybikeplan.ch\/fr\/","name":"MyBikePlan","description":"","potentialAction":[{"@type":"SearchAction","target":{"@type":"EntryPoint","urlTemplate":"https:\/\/listings.mybikeplan.ch\/fr\/?s={search_term_string}"},"query-input":{"@type":"PropertyValueSpecification","valueRequired":true,"valueName":"search_term_string"}}],"inLanguage":"fr-FR"}]}},"_links":{"self":[{"href":"https:\/\/listings.mybikeplan.ch\/fr\/wp-json\/wp\/v2\/product\/71178","targetHints":{"allow":["GET"]}}],"collection":[{"href":"https:\/\/listings.mybikeplan.ch\/fr\/wp-json\/wp\/v2\/product"}],"about":[{"href":"https:\/\/listings.mybikeplan.ch\/fr\/wp-json\/wp\/v2\/types\/product"}],"replies":[{"embeddable":true,"href":"https:\/\/listings.mybikeplan.ch\/fr\/wp-json\/wp\/v2\/comments?post=71178"}],"wp:featuredmedia":[{"embeddable":true,"href":"https:\/\/listings.mybikeplan.ch\/fr\/wp-json\/wp\/v2\/media\/71187"}],"wp:attachment":[{"href":"https:\/\/listings.mybikeplan.ch\/fr\/wp-json\/wp\/v2\/media?parent=71178"}],"wp:term":[{"taxonomy":"product_brand","embeddable":true,"href":"https:\/\/listings.mybikeplan.ch\/fr\/wp-json\/wp\/v2\/product_brand?post=71178"},{"taxonomy":"product_cat","embeddable":true,"href":"https:\/\/listings.mybikeplan.ch\/fr\/wp-json\/wp\/v2\/product_cat?post=71178"},{"taxonomy":"product_tag","embeddable":true,"href":"https:\/\/listings.mybikeplan.ch\/fr\/wp-json\/wp\/v2\/product_tag?post=71178"}],"curies":[{"name":"wp","href":"https:\/\/api.w.org\/{rel}","templated":true}]}}