{"id":69930,"date":"2025-01-14T09:19:28","date_gmt":"2025-01-14T09:19:45","guid":{"rendered":"https:\/\/listings.mybikeplan.ch\/?post_type=product&#038;p=69930"},"modified":"2025-01-21T07:04:28","modified_gmt":"2025-01-21T07:04:28","slug":"specialized-levo-sl-comp-carbon-green","status":"publish","type":"product","link":"https:\/\/listings.mybikeplan.ch\/fr\/produit\/specialized-levo-sl-comp-carbon-green\/","title":{"rendered":"Specialized Levo SL Comp Carbon"},"content":{"rendered":"<h2><b>Le plus important sur le Specialized Levo SL Comp Carbon:<\/b><\/h2>\n<ul>\n<li>Puissance l\u00e9g\u00e8re: le moteur Specialized SL 1.1 offre une assistance douce et naturelle, id\u00e9ale pour les longues aventures.<\/li>\n<li>Grande efficacit\u00e9: avec une capacit\u00e9 de batterie de 320 Wh, tu peux parcourir de longues distances, avec la possibilit\u00e9 de l&rsquo;\u00e9tendre gr\u00e2ce au Range Extender optionnel.<\/li>\n<li>Cadre carbone haute performance: le cadre FACT 11m en carbone garantit l\u00e9g\u00e8ret\u00e9 et rigidit\u00e9 \u2013 parfait pour les trails exigeants.<\/li>\n<li>\u00c9quipement haut de gamme: transmission SRAM NX Eagle 12 vitesses et suspension FOX (fourche 34 Performance &amp; amortisseur FLOAT DPS Performance) pour un contr\u00f4le fluide sur tous les terrains.<\/li>\n<li>G\u00e9om\u00e9trie ajustable: personnalise ton v\u00e9lo gr\u00e2ce \u00e0 la technologie Flip-Chip pour qu\u2019il s\u2019adapte \u00e0 tes pr\u00e9f\u00e9rences et aux exigences du trail.<\/li>\n<\/ul>\n<h2><b>Le Specialized Levo SL Comp Carbon<\/b><b><strong>\u00a0<\/strong><\/b><b>est parfait pour toi, si tu :<\/b><\/h2>\n<ul>\n<li>Cherches un VTT \u00e9lectrique l\u00e9ger et agile qui procure les sensations d\u2019un v\u00e9lo classique.<\/li>\n<li>Adores les longues sorties et les trails techniques, tout en b\u00e9n\u00e9ficiant d\u2019une assistance motoris\u00e9e.<\/li>\n<li>Privil\u00e9gies une exp\u00e9rience de conduite naturelle avec une assistance mod\u00e9r\u00e9e mais efficace.<\/li>\n<li>Veux un v\u00e9lo en carbone polyvalent, \u00e9quip\u00e9 de composants haut de gamme et de technologies modernes.<\/li>\n<\/ul>\n<h2><b>Recommandation de tailles:<\/b><\/h2>\n<ul>\n<li>S1: 150 &#8211; 160 cm<\/li>\n<li>S2: 157 &#8211; 173 cm<\/li>\n<li>S3: 165 &#8211; 180 cm<\/li>\n<li>S4: 173 &#8211; 188 cm<\/li>\n<li>S5: 178 &#8211; 193 cm<\/li>\n<li>S6: 188 &#8211; 203 cm<\/li>\n<\/ul>\n","protected":false},"excerpt":{"rendered":"<h2><b>\u00c0 propos de Specialized<\/b><\/h2>\n<p><span style=\"font-weight: 400;\">\u00ab\u00a0Fait par des riders, pour des riders\u00a0\u00bb &#8211; selon cette devise, Specialized d\u00e9veloppe des v\u00e9los \u00e9lectriques qui r\u00e9pondent exactement aux besoins des cyclistes. Gr\u00e2ce \u00e0 sa passion pour l&rsquo;innovation et son engagement pour l&rsquo;excellence, l&rsquo;entreprise est devenue l&rsquo;un des noms les plus importants dans le monde du cyclisme. Des citadins aux v\u00e9t\u00e9tistes et aux triathl\u00e8tes : Specialized r\u00e9pond \u00e0 des besoins tr\u00e8s vari\u00e9s.<\/span><\/p>\n","protected":false},"featured_media":69939,"comment_status":"open","ping_status":"closed","template":"","meta":{"_acf_changed":false},"product_brand":[],"product_cat":[10082,10185,10157,10160,10159,10184,10186,12384,10148,10080,10096,10169],"product_tag":[],"class_list":{"0":"post-69930","1":"product","2":"type-product","3":"status-publish","4":"has-post-thumbnail","6":"product_cat-25-km","7":"product_cat-diamant","8":"product_cat-e-bikes","9":"product_cat-e-mountain-fully","10":"product_cat-e-mountain","11":"product_cat-femmes","12":"product_cat-hommes","13":"product_cat-is_2025","14":"product_cat-marque-specialized","15":"product_cat-mybikeplan","16":"product_cat-alle-e-bikes","17":"product_cat-vert","18":"pa_battery-specialized-sl1-320-fully-integrated-320wh-fr","19":"pa_battery-size-320-wh","20":"pa_brakes-sram-maven-bronze-4-piston-caliper-hydraulic-disc-200mm-centerline-rotor-fr","21":"pa_brand-specialized","22":"pa_cassette-sram-xg-1275-12-speed-10-52t-fr","23":"pa_filters-color-vert","24":"pa_fork-fox-float-36-rhythm-grip-damper-two-position-sweep-adjustment-15x110mm-qr-axle-44mm-offset-s1150mm-of-travel-s2-s6160mm-of-travel-fr","25":"pa_frame-variant-diamant","26":"pa_gear-change-sram-xs-1270-transmission-cassette-12spd-10-52t-fr","27":"pa_gears-12-gaenge-fr","28":"pa_hex-color-446e31-fr","29":"pa_motor-new-specialized-1-2-sl-custom-rx-trail-tuned-motor-fr","30":"pa_range-30-50-km-fr","31":"pa_rider-height-150-155-cm","32":"pa_rider-height-155-160-cm","33":"pa_rider-height-160-165-cm","34":"pa_rider-height-165-170-cm","35":"pa_rider-height-170-175-cm","36":"pa_rider-height-175-180-cm","37":"pa_rider-height-180-185-cm","38":"pa_rider-height-185-190-cm","39":"pa_rider-height-190-195-cm","40":"pa_rider-height-195-200-cm","41":"pa_rider-height-200-205-cm","42":"pa_sizes-s1-fr","43":"pa_sizes-s2-fr","44":"pa_sizes-s3-fr","45":"pa_sizes-s4-fr","46":"pa_sizes-s5-fr","47":"pa_sizes-s6-fr","48":"pa_speed-25-km-heure","49":"pa_suspension-travel-s1-150-mm-s2-s6-160-mm-fr","50":"pa_tires-butcher-grid-trail-casing-gripton-t9-compound-2bliss-ready-29x2-3-fr","51":"pa_weight-19-11-kg-fr","52":"pa_wheel-size-vorderrad-29-zoll-hinterrad-275-zoll-fr","54":"first","55":"instock","56":"shipping-taxable","57":"purchasable","58":"product-type-variable"},"acf":[],"yoast_head":"<!-- This site is optimized with the Yoast SEO plugin v24.5 - https:\/\/yoast.com\/wordpress\/plugins\/seo\/ -->\n<title>Specialized Levo SL Comp Carbon | E-Bike | 0% d&#039;int\u00e9r\u00eat | Suisse<\/title>\n<meta name=\"description\" content=\"Ach\u00e8te le Specialized Levo SL Comp Carbon et rembourse-le facilement par mois avec 0% d&#039;int\u00e9r\u00eat ! Profites-en et commence \u00e0 rouler rapidement.\" \/>\n<meta name=\"robots\" content=\"noindex, follow, max-snippet:-1, max-image-preview:large, max-video-preview:-1\" \/>\n<meta property=\"og:locale\" content=\"fr_FR\" \/>\n<meta property=\"og:type\" content=\"article\" \/>\n<meta property=\"og:title\" content=\"Specialized Levo SL Comp Carbon | E-Bike | 0% d&#039;int\u00e9r\u00eat | Suisse\" \/>\n<meta property=\"og:description\" content=\"Ach\u00e8te le Specialized Levo SL Comp Carbon et rembourse-le facilement par mois avec 0% d&#039;int\u00e9r\u00eat ! Profites-en et commence \u00e0 rouler rapidement.\" \/>\n<meta property=\"og:url\" content=\"https:\/\/listings.mybikeplan.ch\/fr\/produit\/specialized-levo-sl-comp-carbon-green\/\" \/>\n<meta property=\"og:site_name\" content=\"MyBikePlan\" \/>\n<meta property=\"article:modified_time\" content=\"2025-01-21T07:04:28+00:00\" \/>\n<meta property=\"og:image\" content=\"https:\/\/listings.mybikeplan.ch\/wp-content\/uploads\/2025\/01\/Untitled-design-3-5.jpg\" \/>\n\t<meta property=\"og:image:width\" content=\"1080\" \/>\n\t<meta property=\"og:image:height\" content=\"1080\" \/>\n\t<meta property=\"og:image:type\" content=\"image\/jpeg\" \/>\n<meta name=\"twitter:card\" content=\"summary_large_image\" \/>\n<meta name=\"twitter:label1\" content=\"Dur\u00e9e de lecture estim\u00e9e\" \/>\n\t<meta name=\"twitter:data1\" content=\"1 minute\" \/>\n<script type=\"application\/ld+json\" class=\"yoast-schema-graph\">{\"@context\":\"https:\/\/schema.org\",\"@graph\":[{\"@type\":\"WebPage\",\"@id\":\"https:\/\/listings.mybikeplan.ch\/fr\/produit\/specialized-levo-sl-comp-carbon-green\/\",\"url\":\"https:\/\/listings.mybikeplan.ch\/fr\/produit\/specialized-levo-sl-comp-carbon-green\/\",\"name\":\"Specialized Levo SL Comp Carbon | E-Bike | 0% d'int\u00e9r\u00eat | Suisse\",\"isPartOf\":{\"@id\":\"https:\/\/listings.mybikeplan.ch\/fr\/#website\"},\"primaryImageOfPage\":{\"@id\":\"https:\/\/listings.mybikeplan.ch\/fr\/produit\/specialized-levo-sl-comp-carbon-green\/#primaryimage\"},\"image\":{\"@id\":\"https:\/\/listings.mybikeplan.ch\/fr\/produit\/specialized-levo-sl-comp-carbon-green\/#primaryimage\"},\"thumbnailUrl\":\"https:\/\/listings.mybikeplan.ch\/wp-content\/uploads\/2025\/01\/Untitled-design-3-5.jpg\",\"datePublished\":\"2025-01-14T09:19:45+00:00\",\"dateModified\":\"2025-01-21T07:04:28+00:00\",\"description\":\"Ach\u00e8te le Specialized Levo SL Comp Carbon et rembourse-le facilement par mois avec 0% d'int\u00e9r\u00eat ! Profites-en et commence \u00e0 rouler rapidement.\",\"breadcrumb\":{\"@id\":\"https:\/\/listings.mybikeplan.ch\/fr\/produit\/specialized-levo-sl-comp-carbon-green\/#breadcrumb\"},\"inLanguage\":\"fr-FR\",\"potentialAction\":[{\"@type\":\"ReadAction\",\"target\":[\"https:\/\/listings.mybikeplan.ch\/fr\/produit\/specialized-levo-sl-comp-carbon-green\/\"]}]},{\"@type\":\"ImageObject\",\"inLanguage\":\"fr-FR\",\"@id\":\"https:\/\/listings.mybikeplan.ch\/fr\/produit\/specialized-levo-sl-comp-carbon-green\/#primaryimage\",\"url\":\"https:\/\/listings.mybikeplan.ch\/wp-content\/uploads\/2025\/01\/Untitled-design-3-5.jpg\",\"contentUrl\":\"https:\/\/listings.mybikeplan.ch\/wp-content\/uploads\/2025\/01\/Untitled-design-3-5.jpg\",\"width\":1080,\"height\":1080},{\"@type\":\"BreadcrumbList\",\"@id\":\"https:\/\/listings.mybikeplan.ch\/fr\/produit\/specialized-levo-sl-comp-carbon-green\/#breadcrumb\",\"itemListElement\":[{\"@type\":\"ListItem\",\"position\":1,\"name\":\"Home\",\"item\":\"https:\/\/listings.mybikeplan.ch\/fr\/home\/\"},{\"@type\":\"ListItem\",\"position\":2,\"name\":\"Specialized Levo SL Comp Carbon\"}]},{\"@type\":\"WebSite\",\"@id\":\"https:\/\/listings.mybikeplan.ch\/fr\/#website\",\"url\":\"https:\/\/listings.mybikeplan.ch\/fr\/\",\"name\":\"MyBikePlan\",\"description\":\"\",\"potentialAction\":[{\"@type\":\"SearchAction\",\"target\":{\"@type\":\"EntryPoint\",\"urlTemplate\":\"https:\/\/listings.mybikeplan.ch\/fr\/?s={search_term_string}\"},\"query-input\":{\"@type\":\"PropertyValueSpecification\",\"valueRequired\":true,\"valueName\":\"search_term_string\"}}],\"inLanguage\":\"fr-FR\"}]}<\/script>\n<!-- \/ Yoast SEO plugin. -->","yoast_head_json":{"title":"Specialized Levo SL Comp Carbon | E-Bike | 0% d'int\u00e9r\u00eat | Suisse","description":"Ach\u00e8te le Specialized Levo SL Comp Carbon et rembourse-le facilement par mois avec 0% d'int\u00e9r\u00eat ! Profites-en et commence \u00e0 rouler rapidement.","robots":{"index":"noindex","follow":"follow","max-snippet":"max-snippet:-1","max-image-preview":"max-image-preview:large","max-video-preview":"max-video-preview:-1"},"og_locale":"fr_FR","og_type":"article","og_title":"Specialized Levo SL Comp Carbon | E-Bike | 0% d'int\u00e9r\u00eat | Suisse","og_description":"Ach\u00e8te le Specialized Levo SL Comp Carbon et rembourse-le facilement par mois avec 0% d'int\u00e9r\u00eat ! Profites-en et commence \u00e0 rouler rapidement.","og_url":"https:\/\/listings.mybikeplan.ch\/fr\/produit\/specialized-levo-sl-comp-carbon-green\/","og_site_name":"MyBikePlan","article_modified_time":"2025-01-21T07:04:28+00:00","og_image":[{"width":1080,"height":1080,"url":"https:\/\/listings.mybikeplan.ch\/wp-content\/uploads\/2025\/01\/Untitled-design-3-5.jpg","type":"image\/jpeg"}],"twitter_card":"summary_large_image","twitter_misc":{"Dur\u00e9e de lecture estim\u00e9e":"1 minute"},"schema":{"@context":"https:\/\/schema.org","@graph":[{"@type":"WebPage","@id":"https:\/\/listings.mybikeplan.ch\/fr\/produit\/specialized-levo-sl-comp-carbon-green\/","url":"https:\/\/listings.mybikeplan.ch\/fr\/produit\/specialized-levo-sl-comp-carbon-green\/","name":"Specialized Levo SL Comp Carbon | E-Bike | 0% d'int\u00e9r\u00eat | Suisse","isPartOf":{"@id":"https:\/\/listings.mybikeplan.ch\/fr\/#website"},"primaryImageOfPage":{"@id":"https:\/\/listings.mybikeplan.ch\/fr\/produit\/specialized-levo-sl-comp-carbon-green\/#primaryimage"},"image":{"@id":"https:\/\/listings.mybikeplan.ch\/fr\/produit\/specialized-levo-sl-comp-carbon-green\/#primaryimage"},"thumbnailUrl":"https:\/\/listings.mybikeplan.ch\/wp-content\/uploads\/2025\/01\/Untitled-design-3-5.jpg","datePublished":"2025-01-14T09:19:45+00:00","dateModified":"2025-01-21T07:04:28+00:00","description":"Ach\u00e8te le Specialized Levo SL Comp Carbon et rembourse-le facilement par mois avec 0% d'int\u00e9r\u00eat ! Profites-en et commence \u00e0 rouler rapidement.","breadcrumb":{"@id":"https:\/\/listings.mybikeplan.ch\/fr\/produit\/specialized-levo-sl-comp-carbon-green\/#breadcrumb"},"inLanguage":"fr-FR","potentialAction":[{"@type":"ReadAction","target":["https:\/\/listings.mybikeplan.ch\/fr\/produit\/specialized-levo-sl-comp-carbon-green\/"]}]},{"@type":"ImageObject","inLanguage":"fr-FR","@id":"https:\/\/listings.mybikeplan.ch\/fr\/produit\/specialized-levo-sl-comp-carbon-green\/#primaryimage","url":"https:\/\/listings.mybikeplan.ch\/wp-content\/uploads\/2025\/01\/Untitled-design-3-5.jpg","contentUrl":"https:\/\/listings.mybikeplan.ch\/wp-content\/uploads\/2025\/01\/Untitled-design-3-5.jpg","width":1080,"height":1080},{"@type":"BreadcrumbList","@id":"https:\/\/listings.mybikeplan.ch\/fr\/produit\/specialized-levo-sl-comp-carbon-green\/#breadcrumb","itemListElement":[{"@type":"ListItem","position":1,"name":"Home","item":"https:\/\/listings.mybikeplan.ch\/fr\/home\/"},{"@type":"ListItem","position":2,"name":"Specialized Levo SL Comp Carbon"}]},{"@type":"WebSite","@id":"https:\/\/listings.mybikeplan.ch\/fr\/#website","url":"https:\/\/listings.mybikeplan.ch\/fr\/","name":"MyBikePlan","description":"","potentialAction":[{"@type":"SearchAction","target":{"@type":"EntryPoint","urlTemplate":"https:\/\/listings.mybikeplan.ch\/fr\/?s={search_term_string}"},"query-input":{"@type":"PropertyValueSpecification","valueRequired":true,"valueName":"search_term_string"}}],"inLanguage":"fr-FR"}]}},"_links":{"self":[{"href":"https:\/\/listings.mybikeplan.ch\/fr\/wp-json\/wp\/v2\/product\/69930","targetHints":{"allow":["GET"]}}],"collection":[{"href":"https:\/\/listings.mybikeplan.ch\/fr\/wp-json\/wp\/v2\/product"}],"about":[{"href":"https:\/\/listings.mybikeplan.ch\/fr\/wp-json\/wp\/v2\/types\/product"}],"replies":[{"embeddable":true,"href":"https:\/\/listings.mybikeplan.ch\/fr\/wp-json\/wp\/v2\/comments?post=69930"}],"wp:featuredmedia":[{"embeddable":true,"href":"https:\/\/listings.mybikeplan.ch\/fr\/wp-json\/wp\/v2\/media\/69939"}],"wp:attachment":[{"href":"https:\/\/listings.mybikeplan.ch\/fr\/wp-json\/wp\/v2\/media?parent=69930"}],"wp:term":[{"taxonomy":"product_brand","embeddable":true,"href":"https:\/\/listings.mybikeplan.ch\/fr\/wp-json\/wp\/v2\/product_brand?post=69930"},{"taxonomy":"product_cat","embeddable":true,"href":"https:\/\/listings.mybikeplan.ch\/fr\/wp-json\/wp\/v2\/product_cat?post=69930"},{"taxonomy":"product_tag","embeddable":true,"href":"https:\/\/listings.mybikeplan.ch\/fr\/wp-json\/wp\/v2\/product_tag?post=69930"}],"curies":[{"name":"wp","href":"https:\/\/api.w.org\/{rel}","templated":true}]}}