{"id":69798,"date":"2025-01-10T10:58:58","date_gmt":"2025-01-10T10:59:15","guid":{"rendered":"https:\/\/listings.mybikeplan.ch\/?post_type=product&#038;p=69798"},"modified":"2025-04-02T11:19:20","modified_gmt":"2025-04-02T11:19:20","slug":"specialized-sj-15-fox-coil-alloy","status":"publish","type":"product","link":"https:\/\/listings.mybikeplan.ch\/fr\/produit\/specialized-sj-15-fox-coil-alloy\/","title":{"rendered":"Specialized SJ 15 FOX COIL ALLOY"},"content":{"rendered":"<h2><b>Le plus important sur le Specialized SJ 15 FOX COIL ALLOY<\/b><b>:<\/b><\/h2>\n<ul>\n<li>V\u00e9lo de trail polyvalent avec un design progressif, performant aussi bien en mont\u00e9e qu\u2019en descente.<\/li>\n<li>Cadre en aluminium FACT 11m avec 150 mm de d\u00e9battement \u00e0 l\u2019arri\u00e8re et 160 mm \u00e0 l\u2019avant, offrant un parfait \u00e9quilibre entre contr\u00f4le et confort.<\/li>\n<li>Suspension haut de gamme : fourche FOX FLOAT 36 Performance et amortisseur FOX FLOAT X Performance pour des sorties fluides sur tous les trails.<\/li>\n<li>Transmission SRAM GX Eagle \u00e0 12 vitesses, fiable et pr\u00e9cise pour toutes les conditions.<\/li>\n<li>G\u00e9om\u00e9trie ajustable qui te permet d\u2019adapter ton v\u00e9lo \u00e0 ton style et aux sp\u00e9cificit\u00e9s du trail.<\/li>\n<\/ul>\n<h2><b>Le Specialized SJ 15 FOX COIL ALLOY<\/b>\u00a0<b><\/b><b>est parfait pour toi, si tu :<\/b><\/h2>\n<ul>\n<li>Cherches un v\u00e9lo de trail robuste et polyvalent qui excelle sur les sentiers exigeants.<\/li>\n<li>Appr\u00e9cies une g\u00e9om\u00e9trie ajustable et une suspension de pointe.<\/li>\n<li>Veux ma\u00eetriser les descentes techniques rapides tout en restant efficace en mont\u00e9e.<\/li>\n<li>As besoin d\u2019un v\u00e9lo offrant durabilit\u00e9 et stabilit\u00e9.<\/li>\n<\/ul>\n<h2><b>Recommandation de tailles:<\/b><\/h2>\n<ul>\n<li>S1: 150 &#8211; 160 cm<\/li>\n<li>S2: 157 &#8211; 173 cm<\/li>\n<li>S3: 165 &#8211; 180 cm<\/li>\n<li>S4: 173 &#8211; 188 cm<\/li>\n<li>S5: 178 &#8211; 193 cm<\/li>\n<li>S6: 188 &#8211; 203 cm<\/li>\n<\/ul>\n","protected":false},"excerpt":{"rendered":"<h2><b>\u00c0 propos de Specialized<\/b><\/h2>\n<p><span style=\"font-weight: 400;\">\u00ab\u00a0Fait par des riders, pour des riders\u00a0\u00bb &#8211; selon cette devise, Specialized d\u00e9veloppe des v\u00e9los \u00e9lectriques qui r\u00e9pondent exactement aux besoins des cyclistes. Gr\u00e2ce \u00e0 sa passion pour l&rsquo;innovation et son engagement pour l&rsquo;excellence, l&rsquo;entreprise est devenue l&rsquo;un des noms les plus importants dans le monde du cyclisme. Des citadins aux v\u00e9t\u00e9tistes et aux triathl\u00e8tes : Specialized r\u00e9pond \u00e0 des besoins tr\u00e8s vari\u00e9s.<\/span><\/p>\n","protected":false},"featured_media":69809,"comment_status":"open","ping_status":"closed","template":"","meta":{"_acf_changed":false},"product_brand":[],"product_cat":[10185,10184,10179,10168,10186,12384,10148,10080,12609,10175],"product_tag":[],"class_list":{"0":"post-69798","1":"product","2":"type-product","3":"status-publish","4":"has-post-thumbnail","6":"product_cat-diamant","7":"product_cat-femmes","8":"product_cat-mountain-fully","9":"product_cat-gris","10":"product_cat-hommes","11":"product_cat-is_2025","12":"product_cat-marque-specialized","13":"product_cat-mybikeplan","14":"product_cat-soh_250","15":"product_cat-nicht-elektrische-bikes","16":"pa_brakes-trp-dh-r-evo-4-piston-caliper-hydraulic-disc-220mm-fr","17":"pa_brand-specialized","18":"pa_cassette-shimano-slx-cs-m7100-12-speed-10-51t-fr","19":"pa_damper-fox-dhx-factory-ride-dynamics-trail-tune-210x55mm-s2-400lbs-s3-450lbs-s4-500bs-s5-550lbs-s6-600lbs-fr","20":"pa_filters-color-gris","21":"pa_fork-fox-float-38-factory-grip-x2-damper-hs-and-ls-rebound-and-compression-adjustment-15x110mm-qr-axle-44mm-offset-160mm-of-travel-fr","22":"pa_frame-variant-diamant","23":"pa_gear-change-shimano-slx-m7100-sgs-12-speed-fr","24":"pa_gears-12-gaenge-fr","25":"pa_hex-color-d6d3d2-fr","26":"pa_rider-height-160-165-cm","27":"pa_rider-height-165-170-cm","28":"pa_rider-height-170-175-cm","29":"pa_rider-height-175-180-cm","30":"pa_rider-height-180-185-cm","31":"pa_rider-height-185-190-cm","32":"pa_rider-height-190-195-cm","33":"pa_rider-height-195-200-cm","34":"pa_rider-height-200-205-cm","35":"pa_sizes-s2-fr","36":"pa_sizes-s3-fr","37":"pa_sizes-s4-fr","38":"pa_sizes-s5-fr","39":"pa_sizes-s6-fr","40":"pa_suspension-travel-160-mm-fr","41":"pa_tires-butcher-grid-trail-casing-gripton-t9-compound-2bliss-ready-29x2-3-fr","42":"pa_wheel-size-29-27-5zoll-fr","44":"first","45":"instock","46":"shipping-taxable","47":"purchasable","48":"product-type-variable"},"acf":[],"yoast_head":"<!-- This site is optimized with the Yoast SEO plugin v24.5 - https:\/\/yoast.com\/wordpress\/plugins\/seo\/ -->\n<title>Specialized SJ 15 FOX COIL ALLOY | E-Bike | 0% d&#039;int\u00e9r\u00eat | Suisse<\/title>\n<meta name=\"description\" content=\"Specialized SJ 15 FOX COIL ALLOY et rembourse-le facilement par mois avec 0% d&#039;int\u00e9r\u00eat ! Profites-en et commence \u00e0 rouler rapidement.\" \/>\n<meta name=\"robots\" content=\"noindex, follow, max-snippet:-1, max-image-preview:large, max-video-preview:-1\" \/>\n<meta property=\"og:locale\" content=\"fr_FR\" \/>\n<meta property=\"og:type\" content=\"article\" \/>\n<meta property=\"og:title\" content=\"Specialized SJ 15 FOX COIL ALLOY | E-Bike | 0% d&#039;int\u00e9r\u00eat | Suisse\" \/>\n<meta property=\"og:description\" content=\"Specialized SJ 15 FOX COIL ALLOY et rembourse-le facilement par mois avec 0% d&#039;int\u00e9r\u00eat ! Profites-en et commence \u00e0 rouler rapidement.\" \/>\n<meta property=\"og:url\" content=\"https:\/\/listings.mybikeplan.ch\/fr\/produit\/specialized-sj-15-fox-coil-alloy\/\" \/>\n<meta property=\"og:site_name\" content=\"MyBikePlan\" \/>\n<meta property=\"article:modified_time\" content=\"2025-04-02T11:19:20+00:00\" \/>\n<meta property=\"og:image\" content=\"https:\/\/listings.mybikeplan.ch\/wp-content\/uploads\/2025\/01\/Untitled-design-3-1.jpg\" \/>\n\t<meta property=\"og:image:width\" content=\"1080\" \/>\n\t<meta property=\"og:image:height\" content=\"1080\" \/>\n\t<meta property=\"og:image:type\" content=\"image\/jpeg\" \/>\n<meta name=\"twitter:card\" content=\"summary_large_image\" \/>\n<meta name=\"twitter:label1\" content=\"Dur\u00e9e de lecture estim\u00e9e\" \/>\n\t<meta name=\"twitter:data1\" content=\"1 minute\" \/>\n<script type=\"application\/ld+json\" class=\"yoast-schema-graph\">{\"@context\":\"https:\/\/schema.org\",\"@graph\":[{\"@type\":\"WebPage\",\"@id\":\"https:\/\/listings.mybikeplan.ch\/fr\/produit\/specialized-sj-15-fox-coil-alloy\/\",\"url\":\"https:\/\/listings.mybikeplan.ch\/fr\/produit\/specialized-sj-15-fox-coil-alloy\/\",\"name\":\"Specialized SJ 15 FOX COIL ALLOY | E-Bike | 0% d'int\u00e9r\u00eat | Suisse\",\"isPartOf\":{\"@id\":\"https:\/\/listings.mybikeplan.ch\/fr\/#website\"},\"primaryImageOfPage\":{\"@id\":\"https:\/\/listings.mybikeplan.ch\/fr\/produit\/specialized-sj-15-fox-coil-alloy\/#primaryimage\"},\"image\":{\"@id\":\"https:\/\/listings.mybikeplan.ch\/fr\/produit\/specialized-sj-15-fox-coil-alloy\/#primaryimage\"},\"thumbnailUrl\":\"https:\/\/listings.mybikeplan.ch\/wp-content\/uploads\/2025\/01\/Untitled-design-3-1.jpg\",\"datePublished\":\"2025-01-10T10:59:15+00:00\",\"dateModified\":\"2025-04-02T11:19:20+00:00\",\"description\":\"Specialized SJ 15 FOX COIL ALLOY et rembourse-le facilement par mois avec 0% d'int\u00e9r\u00eat ! Profites-en et commence \u00e0 rouler rapidement.\",\"breadcrumb\":{\"@id\":\"https:\/\/listings.mybikeplan.ch\/fr\/produit\/specialized-sj-15-fox-coil-alloy\/#breadcrumb\"},\"inLanguage\":\"fr-FR\",\"potentialAction\":[{\"@type\":\"ReadAction\",\"target\":[\"https:\/\/listings.mybikeplan.ch\/fr\/produit\/specialized-sj-15-fox-coil-alloy\/\"]}]},{\"@type\":\"ImageObject\",\"inLanguage\":\"fr-FR\",\"@id\":\"https:\/\/listings.mybikeplan.ch\/fr\/produit\/specialized-sj-15-fox-coil-alloy\/#primaryimage\",\"url\":\"https:\/\/listings.mybikeplan.ch\/wp-content\/uploads\/2025\/01\/Untitled-design-3-1.jpg\",\"contentUrl\":\"https:\/\/listings.mybikeplan.ch\/wp-content\/uploads\/2025\/01\/Untitled-design-3-1.jpg\",\"width\":1080,\"height\":1080},{\"@type\":\"BreadcrumbList\",\"@id\":\"https:\/\/listings.mybikeplan.ch\/fr\/produit\/specialized-sj-15-fox-coil-alloy\/#breadcrumb\",\"itemListElement\":[{\"@type\":\"ListItem\",\"position\":1,\"name\":\"Home\",\"item\":\"https:\/\/listings.mybikeplan.ch\/fr\/home\/\"},{\"@type\":\"ListItem\",\"position\":2,\"name\":\"Specialized SJ 15 FOX COIL ALLOY\"}]},{\"@type\":\"WebSite\",\"@id\":\"https:\/\/listings.mybikeplan.ch\/fr\/#website\",\"url\":\"https:\/\/listings.mybikeplan.ch\/fr\/\",\"name\":\"MyBikePlan\",\"description\":\"\",\"potentialAction\":[{\"@type\":\"SearchAction\",\"target\":{\"@type\":\"EntryPoint\",\"urlTemplate\":\"https:\/\/listings.mybikeplan.ch\/fr\/?s={search_term_string}\"},\"query-input\":{\"@type\":\"PropertyValueSpecification\",\"valueRequired\":true,\"valueName\":\"search_term_string\"}}],\"inLanguage\":\"fr-FR\"}]}<\/script>\n<!-- \/ Yoast SEO plugin. -->","yoast_head_json":{"title":"Specialized SJ 15 FOX COIL ALLOY | E-Bike | 0% d'int\u00e9r\u00eat | Suisse","description":"Specialized SJ 15 FOX COIL ALLOY et rembourse-le facilement par mois avec 0% d'int\u00e9r\u00eat ! Profites-en et commence \u00e0 rouler rapidement.","robots":{"index":"noindex","follow":"follow","max-snippet":"max-snippet:-1","max-image-preview":"max-image-preview:large","max-video-preview":"max-video-preview:-1"},"og_locale":"fr_FR","og_type":"article","og_title":"Specialized SJ 15 FOX COIL ALLOY | E-Bike | 0% d'int\u00e9r\u00eat | Suisse","og_description":"Specialized SJ 15 FOX COIL ALLOY et rembourse-le facilement par mois avec 0% d'int\u00e9r\u00eat ! Profites-en et commence \u00e0 rouler rapidement.","og_url":"https:\/\/listings.mybikeplan.ch\/fr\/produit\/specialized-sj-15-fox-coil-alloy\/","og_site_name":"MyBikePlan","article_modified_time":"2025-04-02T11:19:20+00:00","og_image":[{"width":1080,"height":1080,"url":"https:\/\/listings.mybikeplan.ch\/wp-content\/uploads\/2025\/01\/Untitled-design-3-1.jpg","type":"image\/jpeg"}],"twitter_card":"summary_large_image","twitter_misc":{"Dur\u00e9e de lecture estim\u00e9e":"1 minute"},"schema":{"@context":"https:\/\/schema.org","@graph":[{"@type":"WebPage","@id":"https:\/\/listings.mybikeplan.ch\/fr\/produit\/specialized-sj-15-fox-coil-alloy\/","url":"https:\/\/listings.mybikeplan.ch\/fr\/produit\/specialized-sj-15-fox-coil-alloy\/","name":"Specialized SJ 15 FOX COIL ALLOY | E-Bike | 0% d'int\u00e9r\u00eat | Suisse","isPartOf":{"@id":"https:\/\/listings.mybikeplan.ch\/fr\/#website"},"primaryImageOfPage":{"@id":"https:\/\/listings.mybikeplan.ch\/fr\/produit\/specialized-sj-15-fox-coil-alloy\/#primaryimage"},"image":{"@id":"https:\/\/listings.mybikeplan.ch\/fr\/produit\/specialized-sj-15-fox-coil-alloy\/#primaryimage"},"thumbnailUrl":"https:\/\/listings.mybikeplan.ch\/wp-content\/uploads\/2025\/01\/Untitled-design-3-1.jpg","datePublished":"2025-01-10T10:59:15+00:00","dateModified":"2025-04-02T11:19:20+00:00","description":"Specialized SJ 15 FOX COIL ALLOY et rembourse-le facilement par mois avec 0% d'int\u00e9r\u00eat ! Profites-en et commence \u00e0 rouler rapidement.","breadcrumb":{"@id":"https:\/\/listings.mybikeplan.ch\/fr\/produit\/specialized-sj-15-fox-coil-alloy\/#breadcrumb"},"inLanguage":"fr-FR","potentialAction":[{"@type":"ReadAction","target":["https:\/\/listings.mybikeplan.ch\/fr\/produit\/specialized-sj-15-fox-coil-alloy\/"]}]},{"@type":"ImageObject","inLanguage":"fr-FR","@id":"https:\/\/listings.mybikeplan.ch\/fr\/produit\/specialized-sj-15-fox-coil-alloy\/#primaryimage","url":"https:\/\/listings.mybikeplan.ch\/wp-content\/uploads\/2025\/01\/Untitled-design-3-1.jpg","contentUrl":"https:\/\/listings.mybikeplan.ch\/wp-content\/uploads\/2025\/01\/Untitled-design-3-1.jpg","width":1080,"height":1080},{"@type":"BreadcrumbList","@id":"https:\/\/listings.mybikeplan.ch\/fr\/produit\/specialized-sj-15-fox-coil-alloy\/#breadcrumb","itemListElement":[{"@type":"ListItem","position":1,"name":"Home","item":"https:\/\/listings.mybikeplan.ch\/fr\/home\/"},{"@type":"ListItem","position":2,"name":"Specialized SJ 15 FOX COIL ALLOY"}]},{"@type":"WebSite","@id":"https:\/\/listings.mybikeplan.ch\/fr\/#website","url":"https:\/\/listings.mybikeplan.ch\/fr\/","name":"MyBikePlan","description":"","potentialAction":[{"@type":"SearchAction","target":{"@type":"EntryPoint","urlTemplate":"https:\/\/listings.mybikeplan.ch\/fr\/?s={search_term_string}"},"query-input":{"@type":"PropertyValueSpecification","valueRequired":true,"valueName":"search_term_string"}}],"inLanguage":"fr-FR"}]}},"_links":{"self":[{"href":"https:\/\/listings.mybikeplan.ch\/fr\/wp-json\/wp\/v2\/product\/69798","targetHints":{"allow":["GET"]}}],"collection":[{"href":"https:\/\/listings.mybikeplan.ch\/fr\/wp-json\/wp\/v2\/product"}],"about":[{"href":"https:\/\/listings.mybikeplan.ch\/fr\/wp-json\/wp\/v2\/types\/product"}],"replies":[{"embeddable":true,"href":"https:\/\/listings.mybikeplan.ch\/fr\/wp-json\/wp\/v2\/comments?post=69798"}],"wp:featuredmedia":[{"embeddable":true,"href":"https:\/\/listings.mybikeplan.ch\/fr\/wp-json\/wp\/v2\/media\/69809"}],"wp:attachment":[{"href":"https:\/\/listings.mybikeplan.ch\/fr\/wp-json\/wp\/v2\/media?parent=69798"}],"wp:term":[{"taxonomy":"product_brand","embeddable":true,"href":"https:\/\/listings.mybikeplan.ch\/fr\/wp-json\/wp\/v2\/product_brand?post=69798"},{"taxonomy":"product_cat","embeddable":true,"href":"https:\/\/listings.mybikeplan.ch\/fr\/wp-json\/wp\/v2\/product_cat?post=69798"},{"taxonomy":"product_tag","embeddable":true,"href":"https:\/\/listings.mybikeplan.ch\/fr\/wp-json\/wp\/v2\/product_tag?post=69798"}],"curies":[{"name":"wp","href":"https:\/\/api.w.org\/{rel}","templated":true}]}}