{"id":69744,"date":"2025-01-09T15:34:28","date_gmt":"2025-01-09T15:34:44","guid":{"rendered":"https:\/\/listings.mybikeplan.ch\/?post_type=product&#038;p=69744"},"modified":"2025-01-09T16:04:02","modified_gmt":"2025-01-09T16:04:02","slug":"specialized-turbo-levo-2025-green","status":"publish","type":"product","link":"https:\/\/listings.mybikeplan.ch\/fr\/produit\/specialized-turbo-levo-2025-green\/","title":{"rendered":"Specialized Turbo Levo (2025)"},"content":{"rendered":"<h2><b>Le plus important sur le Specialized Turbo Levo (2025)<\/b><b>:<\/b><\/h2>\n<ul>\n<li>Puissance et autonomie incroyables gr\u00e2ce au moteur Turbo Full Power 2.2 et \u00e0 l&rsquo;unit\u00e9 Turbo Connect (TCU).<\/li>\n<li>Jusqu&rsquo;\u00e0 cinq heures d&rsquo;autonomie \u2013 id\u00e9al pour des aventures prolong\u00e9es et des trails vari\u00e9s.<\/li>\n<li>Cadre avanc\u00e9 avec 150 mm de d\u00e9battement et g\u00e9om\u00e9trie ajustable pour une polyvalence maximale et un plaisir de pilotage in\u00e9gal\u00e9.<\/li>\n<li>\u00c9quipement haut de gamme : transmission SRAM GX Eagle et suspension FOX pour des performances pr\u00e9cises et fluides.<\/li>\n<li>Contr\u00f4le parfait de ton ride via l&rsquo;application Specialized avec des options de personnalisation avanc\u00e9es.<\/li>\n<\/ul>\n<h2><b>Le Specialized Turbo Levo (2025)<\/b>\u00a0<b><\/b><b>est parfait pour toi, si tu :<\/b><\/h2>\n<ul>\n<li>Tu veux explorer plus de trails et profiter de sorties plus longues.<\/li>\n<li>Tu cherches un E-MTB puissant, performant en mont\u00e9e comme en descente.<\/li>\n<li>Tu appr\u00e9cies une g\u00e9om\u00e9trie ajustable et une technologie moderne.<\/li>\n<li>Tu as besoin d\u2019un v\u00e9lo robuste et fiable, con\u00e7u pour les terrains exigeants.<\/li>\n<li>Tu souhaites optimiser ton ride et l\u2019autonomie de ta batterie gr\u00e2ce \u00e0 l\u2019application Specialized.<\/li>\n<\/ul>\n<h2><b>Recommandation de tailles:<\/b><\/h2>\n<ul>\n<li>S2: 157 &#8211; 173 cm<\/li>\n<li>S3: 165 &#8211; 180 cm<\/li>\n<li>S4: 173 &#8211; 188 cm<\/li>\n<li>S5: 178 &#8211; 193 cm<\/li>\n<li>S6: 188 &#8211; 203 cm<\/li>\n<\/ul>\n","protected":false},"excerpt":{"rendered":"<h2><b>\u00c0 propos de Specialized<\/b><\/h2>\n<p><span style=\"font-weight: 400;\">\u00ab\u00a0Fait par des riders, pour des riders\u00a0\u00bb &#8211; selon cette devise, Specialized d\u00e9veloppe des v\u00e9los \u00e9lectriques qui r\u00e9pondent exactement aux besoins des cyclistes. Gr\u00e2ce \u00e0 sa passion pour l&rsquo;innovation et son engagement pour l&rsquo;excellence, l&rsquo;entreprise est devenue l&rsquo;un des noms les plus importants dans le monde du cyclisme. Des citadins aux v\u00e9t\u00e9tistes et aux triathl\u00e8tes : Specialized r\u00e9pond \u00e0 des besoins tr\u00e8s vari\u00e9s.<\/span><\/p>\n","protected":false},"featured_media":70590,"comment_status":"open","ping_status":"closed","template":"","meta":{"_acf_changed":false},"product_brand":[],"product_cat":[10082,10185,10157,10160,10159,10184,10186,12384,10148,10080,10096,10169],"product_tag":[],"class_list":{"0":"post-69744","1":"product","2":"type-product","3":"status-publish","4":"has-post-thumbnail","6":"product_cat-25-km","7":"product_cat-diamant","8":"product_cat-e-bikes","9":"product_cat-e-mountain-fully","10":"product_cat-e-mountain","11":"product_cat-femmes","12":"product_cat-hommes","13":"product_cat-is_2025","14":"product_cat-marque-specialized","15":"product_cat-mybikeplan","16":"product_cat-alle-e-bikes","17":"product_cat-vert","18":"pa_battery-specialized-m3-700-integrated-battery-700wh-fr","19":"pa_battery-size-700-wh","20":"pa_brand-specialized","21":"pa_cassette-sram-nx-eagle-12-speed-11-50t-fr","22":"pa_display-specialized-mastermind-tcu-percentage-of-remaining-charge-120-possible-display-configurations-microtune-assist-adjustment-ant-bluetooth-w-handlebar-remote-fr","23":"pa_filters-color-vert","24":"pa_frame-variant-diamant","25":"pa_gear-change-sram-nx-eagle-12-speed-fr","26":"pa_gears-12-gaenge-fr","27":"pa_motor-specialized-2-2-custom-rx-trail-tuned-motor-fr","28":"pa_range-130-150-km-fr","29":"pa_rider-height-155-160-cm","30":"pa_rider-height-160-165-cm","31":"pa_rider-height-165-170-cm","32":"pa_rider-height-170-175-cm","33":"pa_rider-height-175-180-cm","34":"pa_rider-height-180-185-cm","35":"pa_rider-height-185-190-cm","36":"pa_rider-height-190-195-cm","37":"pa_rider-height-195-200-cm","38":"pa_rider-height-200-205-cm","39":"pa_sizes-s2-fr","40":"pa_sizes-s3-fr","41":"pa_sizes-s4-fr","42":"pa_sizes-s5-fr","43":"pa_sizes-s6-fr","44":"pa_speed-25-km-heure","45":"pa_suspension-travel-150-mm-fr","46":"pa_tires-h-eliminator-grid-gravity-casing-gripton-t9-t7-compound-27-5x2-3-v-butcher-grid-trail-casing-gripton-t9-compound-2bliss-ready-29x2-3-fr","47":"pa_wheel-size-vorderrad-29-zoll-hinterrad-275-zoll-fr","49":"first","50":"instock","51":"shipping-taxable","52":"purchasable","53":"product-type-variable"},"acf":[],"yoast_head":"<!-- This site is optimized with the Yoast SEO plugin v24.5 - https:\/\/yoast.com\/wordpress\/plugins\/seo\/ -->\n<title>Specialized Turbo Levo (2025) | E-Bike | 0% d&#039;int\u00e9r\u00eat | Suisse<\/title>\n<meta name=\"description\" content=\"Specialized Turbo Levo (2025) et rembourse-le facilement par mois avec 0% d&#039;int\u00e9r\u00eat ! Profites-en et commence \u00e0 rouler rapidement.\" \/>\n<meta name=\"robots\" content=\"noindex, follow, max-snippet:-1, max-image-preview:large, max-video-preview:-1\" \/>\n<meta property=\"og:locale\" content=\"fr_FR\" \/>\n<meta property=\"og:type\" content=\"article\" \/>\n<meta property=\"og:title\" content=\"Specialized Turbo Levo (2025) | E-Bike | 0% d&#039;int\u00e9r\u00eat | Suisse\" \/>\n<meta property=\"og:description\" content=\"Specialized Turbo Levo (2025) et rembourse-le facilement par mois avec 0% d&#039;int\u00e9r\u00eat ! Profites-en et commence \u00e0 rouler rapidement.\" \/>\n<meta property=\"og:url\" content=\"https:\/\/listings.mybikeplan.ch\/fr\/produit\/specialized-turbo-levo-2025-green\/\" \/>\n<meta property=\"og:site_name\" content=\"MyBikePlan\" \/>\n<meta property=\"article:modified_time\" content=\"2025-01-09T16:04:02+00:00\" \/>\n<meta property=\"og:image\" content=\"https:\/\/listings.mybikeplan.ch\/wp-content\/uploads\/2025\/01\/Untitled-design-2.jpg\" \/>\n\t<meta property=\"og:image:width\" content=\"1080\" \/>\n\t<meta property=\"og:image:height\" content=\"1080\" \/>\n\t<meta property=\"og:image:type\" content=\"image\/jpeg\" \/>\n<meta name=\"twitter:card\" content=\"summary_large_image\" \/>\n<meta name=\"twitter:label1\" content=\"Dur\u00e9e de lecture estim\u00e9e\" \/>\n\t<meta name=\"twitter:data1\" content=\"1 minute\" \/>\n<script type=\"application\/ld+json\" class=\"yoast-schema-graph\">{\"@context\":\"https:\/\/schema.org\",\"@graph\":[{\"@type\":\"WebPage\",\"@id\":\"https:\/\/listings.mybikeplan.ch\/fr\/produit\/specialized-turbo-levo-2025-green\/\",\"url\":\"https:\/\/listings.mybikeplan.ch\/fr\/produit\/specialized-turbo-levo-2025-green\/\",\"name\":\"Specialized Turbo Levo (2025) | E-Bike | 0% d'int\u00e9r\u00eat | Suisse\",\"isPartOf\":{\"@id\":\"https:\/\/listings.mybikeplan.ch\/fr\/#website\"},\"primaryImageOfPage\":{\"@id\":\"https:\/\/listings.mybikeplan.ch\/fr\/produit\/specialized-turbo-levo-2025-green\/#primaryimage\"},\"image\":{\"@id\":\"https:\/\/listings.mybikeplan.ch\/fr\/produit\/specialized-turbo-levo-2025-green\/#primaryimage\"},\"thumbnailUrl\":\"https:\/\/listings.mybikeplan.ch\/wp-content\/uploads\/2025\/01\/30005388-4.jpg\",\"datePublished\":\"2025-01-09T15:34:44+00:00\",\"dateModified\":\"2025-01-09T16:04:02+00:00\",\"description\":\"Specialized Turbo Levo (2025) et rembourse-le facilement par mois avec 0% d'int\u00e9r\u00eat ! Profites-en et commence \u00e0 rouler rapidement.\",\"breadcrumb\":{\"@id\":\"https:\/\/listings.mybikeplan.ch\/fr\/produit\/specialized-turbo-levo-2025-green\/#breadcrumb\"},\"inLanguage\":\"fr-FR\",\"potentialAction\":[{\"@type\":\"ReadAction\",\"target\":[\"https:\/\/listings.mybikeplan.ch\/fr\/produit\/specialized-turbo-levo-2025-green\/\"]}]},{\"@type\":\"ImageObject\",\"inLanguage\":\"fr-FR\",\"@id\":\"https:\/\/listings.mybikeplan.ch\/fr\/produit\/specialized-turbo-levo-2025-green\/#primaryimage\",\"url\":\"https:\/\/listings.mybikeplan.ch\/wp-content\/uploads\/2025\/01\/30005388-4.jpg\",\"contentUrl\":\"https:\/\/listings.mybikeplan.ch\/wp-content\/uploads\/2025\/01\/30005388-4.jpg\",\"width\":1080,\"height\":1080},{\"@type\":\"BreadcrumbList\",\"@id\":\"https:\/\/listings.mybikeplan.ch\/fr\/produit\/specialized-turbo-levo-2025-green\/#breadcrumb\",\"itemListElement\":[{\"@type\":\"ListItem\",\"position\":1,\"name\":\"Home\",\"item\":\"https:\/\/listings.mybikeplan.ch\/fr\/home\/\"},{\"@type\":\"ListItem\",\"position\":2,\"name\":\"Specialized Turbo Levo (2025)\"}]},{\"@type\":\"WebSite\",\"@id\":\"https:\/\/listings.mybikeplan.ch\/fr\/#website\",\"url\":\"https:\/\/listings.mybikeplan.ch\/fr\/\",\"name\":\"MyBikePlan\",\"description\":\"\",\"potentialAction\":[{\"@type\":\"SearchAction\",\"target\":{\"@type\":\"EntryPoint\",\"urlTemplate\":\"https:\/\/listings.mybikeplan.ch\/fr\/?s={search_term_string}\"},\"query-input\":{\"@type\":\"PropertyValueSpecification\",\"valueRequired\":true,\"valueName\":\"search_term_string\"}}],\"inLanguage\":\"fr-FR\"}]}<\/script>\n<!-- \/ Yoast SEO plugin. -->","yoast_head_json":{"title":"Specialized Turbo Levo (2025) | E-Bike | 0% d'int\u00e9r\u00eat | Suisse","description":"Specialized Turbo Levo (2025) et rembourse-le facilement par mois avec 0% d'int\u00e9r\u00eat ! Profites-en et commence \u00e0 rouler rapidement.","robots":{"index":"noindex","follow":"follow","max-snippet":"max-snippet:-1","max-image-preview":"max-image-preview:large","max-video-preview":"max-video-preview:-1"},"og_locale":"fr_FR","og_type":"article","og_title":"Specialized Turbo Levo (2025) | E-Bike | 0% d'int\u00e9r\u00eat | Suisse","og_description":"Specialized Turbo Levo (2025) et rembourse-le facilement par mois avec 0% d'int\u00e9r\u00eat ! Profites-en et commence \u00e0 rouler rapidement.","og_url":"https:\/\/listings.mybikeplan.ch\/fr\/produit\/specialized-turbo-levo-2025-green\/","og_site_name":"MyBikePlan","article_modified_time":"2025-01-09T16:04:02+00:00","og_image":[{"width":1080,"height":1080,"url":"https:\/\/listings.mybikeplan.ch\/wp-content\/uploads\/2025\/01\/Untitled-design-2.jpg","type":"image\/jpeg"}],"twitter_card":"summary_large_image","twitter_misc":{"Dur\u00e9e de lecture estim\u00e9e":"1 minute"},"schema":{"@context":"https:\/\/schema.org","@graph":[{"@type":"WebPage","@id":"https:\/\/listings.mybikeplan.ch\/fr\/produit\/specialized-turbo-levo-2025-green\/","url":"https:\/\/listings.mybikeplan.ch\/fr\/produit\/specialized-turbo-levo-2025-green\/","name":"Specialized Turbo Levo (2025) | E-Bike | 0% d'int\u00e9r\u00eat | Suisse","isPartOf":{"@id":"https:\/\/listings.mybikeplan.ch\/fr\/#website"},"primaryImageOfPage":{"@id":"https:\/\/listings.mybikeplan.ch\/fr\/produit\/specialized-turbo-levo-2025-green\/#primaryimage"},"image":{"@id":"https:\/\/listings.mybikeplan.ch\/fr\/produit\/specialized-turbo-levo-2025-green\/#primaryimage"},"thumbnailUrl":"https:\/\/listings.mybikeplan.ch\/wp-content\/uploads\/2025\/01\/30005388-4.jpg","datePublished":"2025-01-09T15:34:44+00:00","dateModified":"2025-01-09T16:04:02+00:00","description":"Specialized Turbo Levo (2025) et rembourse-le facilement par mois avec 0% d'int\u00e9r\u00eat ! Profites-en et commence \u00e0 rouler rapidement.","breadcrumb":{"@id":"https:\/\/listings.mybikeplan.ch\/fr\/produit\/specialized-turbo-levo-2025-green\/#breadcrumb"},"inLanguage":"fr-FR","potentialAction":[{"@type":"ReadAction","target":["https:\/\/listings.mybikeplan.ch\/fr\/produit\/specialized-turbo-levo-2025-green\/"]}]},{"@type":"ImageObject","inLanguage":"fr-FR","@id":"https:\/\/listings.mybikeplan.ch\/fr\/produit\/specialized-turbo-levo-2025-green\/#primaryimage","url":"https:\/\/listings.mybikeplan.ch\/wp-content\/uploads\/2025\/01\/30005388-4.jpg","contentUrl":"https:\/\/listings.mybikeplan.ch\/wp-content\/uploads\/2025\/01\/30005388-4.jpg","width":1080,"height":1080},{"@type":"BreadcrumbList","@id":"https:\/\/listings.mybikeplan.ch\/fr\/produit\/specialized-turbo-levo-2025-green\/#breadcrumb","itemListElement":[{"@type":"ListItem","position":1,"name":"Home","item":"https:\/\/listings.mybikeplan.ch\/fr\/home\/"},{"@type":"ListItem","position":2,"name":"Specialized Turbo Levo (2025)"}]},{"@type":"WebSite","@id":"https:\/\/listings.mybikeplan.ch\/fr\/#website","url":"https:\/\/listings.mybikeplan.ch\/fr\/","name":"MyBikePlan","description":"","potentialAction":[{"@type":"SearchAction","target":{"@type":"EntryPoint","urlTemplate":"https:\/\/listings.mybikeplan.ch\/fr\/?s={search_term_string}"},"query-input":{"@type":"PropertyValueSpecification","valueRequired":true,"valueName":"search_term_string"}}],"inLanguage":"fr-FR"}]}},"_links":{"self":[{"href":"https:\/\/listings.mybikeplan.ch\/fr\/wp-json\/wp\/v2\/product\/69744","targetHints":{"allow":["GET"]}}],"collection":[{"href":"https:\/\/listings.mybikeplan.ch\/fr\/wp-json\/wp\/v2\/product"}],"about":[{"href":"https:\/\/listings.mybikeplan.ch\/fr\/wp-json\/wp\/v2\/types\/product"}],"replies":[{"embeddable":true,"href":"https:\/\/listings.mybikeplan.ch\/fr\/wp-json\/wp\/v2\/comments?post=69744"}],"wp:featuredmedia":[{"embeddable":true,"href":"https:\/\/listings.mybikeplan.ch\/fr\/wp-json\/wp\/v2\/media\/70590"}],"wp:attachment":[{"href":"https:\/\/listings.mybikeplan.ch\/fr\/wp-json\/wp\/v2\/media?parent=69744"}],"wp:term":[{"taxonomy":"product_brand","embeddable":true,"href":"https:\/\/listings.mybikeplan.ch\/fr\/wp-json\/wp\/v2\/product_brand?post=69744"},{"taxonomy":"product_cat","embeddable":true,"href":"https:\/\/listings.mybikeplan.ch\/fr\/wp-json\/wp\/v2\/product_cat?post=69744"},{"taxonomy":"product_tag","embeddable":true,"href":"https:\/\/listings.mybikeplan.ch\/fr\/wp-json\/wp\/v2\/product_tag?post=69744"}],"curies":[{"name":"wp","href":"https:\/\/api.w.org\/{rel}","templated":true}]}}