{"id":69367,"date":"2024-12-10T13:32:28","date_gmt":"2024-12-10T13:32:39","guid":{"rendered":"https:\/\/listings.mybikeplan.ch\/?post_type=product&#038;p=69367"},"modified":"2024-12-10T14:02:47","modified_gmt":"2024-12-10T14:02:47","slug":"bergstrom-xcv-729-black","status":"publish","type":"product","link":"https:\/\/listings.mybikeplan.ch\/fr\/produit\/bergstrom-xcv-729-black\/","title":{"rendered":"Bergstrom XCV 729"},"content":{"rendered":"<h2><b>Les faits importants sur le Bergstrom XCV 729 :<\/b><\/h2>\n<div class=\"col-lg-6 col-12 specification ng-star-inserted expanded\">\n<ul>\n<li>Hardtail E-MTB de la marque suisse Bergstrom<\/li>\n<li>Excellente autonomie gr\u00e2ce \u00e0 la batterie de 625 Wh<\/li>\n<li>Moteur avec un couple de 85 Nm<\/li>\n<\/ul>\n<\/div>\n<h2><b>Le Bergstrom XCV 729 est parfait pour toi si tu :<\/b><\/h2>\n<ul>\n<li aria-level=\"1\">tu cherches une marque qui fabrique des e-bikes suisses pour la Suisse<\/li>\n<li aria-level=\"1\">tu cherches un v\u00e9lo de trail l\u00e9ger et puissant<\/li>\n<\/ul>\n<h2><b>Recommandation de taille:<\/b><\/h2>\n<ul>\n<li>S = 160 &#8211; 171 cm<\/li>\n<li>M = 170 &#8211; 180 cm<\/li>\n<li>L = 179 &#8211; 189 cm<\/li>\n<\/ul>\n","protected":false},"excerpt":{"rendered":"<h2>Bergstrom XCV 729<\/h2>\n<div class=\"item col-md-4 col-sm-12\">\n<p>Cet E-MTB est synonyme de qualit\u00e9 authentique made in Switzerland :<\/p>\n<p>Le cadre l\u00e9ger en aluminium des mod\u00e8les XCV 7 de Bergstrom est disponible en 3 tailles et 4 couleurs et convainc par sa g\u00e9om\u00e9trie sportive et sa fiabilit\u00e9. Gr\u00e2ce \u00e0 la potence int\u00e9gr\u00e9e, tous les c\u00e2bles et conduites disparaissent \u00e9l\u00e9gamment \u00e0 l&rsquo;int\u00e9rieur du cadre. Cela garantit un look \u00e9pur\u00e9 et prot\u00e8ge les c\u00e2bles.<\/p>\n<p>Gr\u00e2ce au p\u00e9dalier profond, tu te sens parfaitement \u00e0 l&rsquo;aise sur le v\u00e9lo d\u00e8s les premiers m\u00e8tres et tu ressens la s\u00e9curit\u00e9 et la l\u00e9g\u00e8ret\u00e9 qui se d\u00e9gagent du XCV. La batterie 625 wH de Bosch peut \u00eatre retir\u00e9e facilement, le moteur CX fournit un couple de 85 Nm et peut \u00eatre r\u00e9parti sur diff\u00e9rents niveaux. La fourche \u00e0 suspension \u00e9limine facilement les in\u00e9galit\u00e9s et soulage les poignets. Sur le cadre d&rsquo;un Bergstrom XCV 7, il est possible de monter si n\u00e9cessaire une b\u00e9quille lat\u00e9rale, des garde-boue et un porte-bagages.<\/p>\n<\/div>\n<h2><b>\u00c0 propos de Bergstrom<\/b><\/h2>\n<div class=\"pb-5 mt-5 \">\n<div class=\"container\">\n<div class=\"row align-items-center null\">\n<div class=\"col-12 col-lg-6\">\n<div class=\"row\">\n<div class=\"col-12 col-lg-9\">\n<div id=\"\" class=\"Typography_bodyLg__zXP4k text-secondary\">\n<div class=\"row\">\n<div class=\"col-12\">\n<div id=\"\" class=\"Typography_bodyLg__zXP4k \">\n<p>Les v\u00e9los \u00e9lectriques BERGSTROM sont les produits d&rsquo;une marque jeune et innovante du fabricant de v\u00e9los suisse Komenda. Ici, tu obtiendras 100% de suissitude avec des v\u00e9los \u00e9lectriques qui ont \u00e9t\u00e9 sp\u00e9cialement con\u00e7us en gardant \u00e0 l&rsquo;esprit les d\u00e9fis du paysage suisse. Le r\u00e9sultat ? Des v\u00e9los \u00e9lectriques de haute qualit\u00e9 qui soutiennent de mani\u00e8re fiable aussi bien au quotidien que sur les sentiers !<\/p>\n<\/div>\n<\/div>\n<\/div>\n<\/div>\n<\/div>\n<\/div>\n<\/div>\n<\/div>\n<\/div>\n<\/div>\n","protected":false},"featured_media":69373,"comment_status":"open","ping_status":"closed","template":"","meta":{"_acf_changed":false},"product_brand":[],"product_cat":[10082,12570,10165,10157,10161,10159,10184,10192,10105,10080,10190,10193,10096],"product_tag":[],"class_list":{"0":"post-69367","1":"product","2":"type-product","3":"status-publish","4":"has-post-thumbnail","6":"product_cat-25-km","7":"product_cat-best_sellers-fr","8":"product_cat-bleu","9":"product_cat-e-bikes","10":"product_cat-e-mountain-hardtail","11":"product_cat-e-mountain","12":"product_cat-femmes","13":"product_cat-homepage","14":"product_cat-marque-bergstrom","15":"product_cat-mybikeplan","16":"product_cat-swiss-made","17":"product_cat-top-modeles","18":"product_cat-alle-e-bikes","19":"pa_back-wheel-schwalbe-29-fr","20":"pa_battery-bosch-performance-cx-625wh-cruise-fr","21":"pa_battery-size-625-wh","22":"pa_brakes-front-frein-a-disque-sram-db8","23":"pa_brakes-rear-sram-db8-scheibenbremse-fr","24":"pa_brand-bergstrom","25":"pa_filters-color-noir","26":"pa_fork-suntour-xcr34-federgabel-100-mm-fr","27":"pa_frame-variant-diamant","28":"pa_front-wheel-schwalbe-racing-ray-29-x-2-35-fr","29":"pa_gear-change-sram-sx-eagle-12-vitesses","30":"pa_gears-12-gaenge-fr","31":"pa_hex-color-000000-fr","32":"pa_hex-color-4e758d-produkt-bergstrom-xcv-729-blue-fr","33":"pa_hex-color-c50126-produkt-bergstrom-xcv-729-red-fr","34":"pa_motor-bosch-g4-performance-cx-25km-h-fr","35":"pa_motor-strength-85-nm-fr","36":"pa_rider-height-150-155-cm","37":"pa_rider-height-155-160-cm","38":"pa_rider-height-160-165-cm","39":"pa_rider-height-165-170-cm","40":"pa_rider-height-170-175-cm","41":"pa_rider-height-175-180-cm","42":"pa_seat-tube-length-l-fr","43":"pa_seat-tube-length-m-fr","44":"pa_seat-tube-length-s-fr","45":"pa_sizes-l-fr","46":"pa_sizes-m-fr","47":"pa_sizes-s-fr","48":"pa_speed-25-km-heure","49":"pa_suspension-travel-100mm-fr","50":"pa_wheel-size-29-fr","51":"pa_youtube-link-https-www-youtube-com-embed-lvozc1dohgu-fr","53":"first","54":"instock","55":"shipping-taxable","56":"purchasable","57":"product-type-variable"},"acf":[],"yoast_head":"<!-- This site is optimized with the Yoast SEO plugin v24.5 - https:\/\/yoast.com\/wordpress\/plugins\/seo\/ -->\n<title>Bergstrom XCV 729 | V\u00e9lo \u00e9lectrique | 0% d&#039;int\u00e9r\u00eat<\/title>\n<meta name=\"description\" content=\"Commande le Bergstrom XCV 729 v\u00e9lo \u00e9lectrique et profite d&#039;une livraison gratuite en Suisse.\" \/>\n<meta name=\"robots\" content=\"noindex, follow, max-snippet:-1, max-image-preview:large, max-video-preview:-1\" \/>\n<meta property=\"og:locale\" content=\"fr_FR\" \/>\n<meta property=\"og:type\" content=\"article\" \/>\n<meta property=\"og:title\" content=\"Bergstrom XCV 729 | V\u00e9lo \u00e9lectrique | 0% d&#039;int\u00e9r\u00eat\" \/>\n<meta property=\"og:description\" content=\"Commande le Bergstrom XCV 729 v\u00e9lo \u00e9lectrique et profite d&#039;une livraison gratuite en Suisse.\" \/>\n<meta property=\"og:url\" content=\"https:\/\/listings.mybikeplan.ch\/fr\/produit\/bergstrom-xcv-729-black\/\" \/>\n<meta property=\"og:site_name\" content=\"MyBikePlan\" \/>\n<meta property=\"article:modified_time\" content=\"2024-12-10T14:02:47+00:00\" \/>\n<meta property=\"og:image\" content=\"https:\/\/listings.mybikeplan.ch\/wp-content\/uploads\/2024\/12\/Bergstrom-XCV-729-Black.webp\" \/>\n\t<meta property=\"og:image:width\" content=\"800\" \/>\n\t<meta property=\"og:image:height\" content=\"510\" \/>\n\t<meta property=\"og:image:type\" content=\"image\/webp\" \/>\n<meta name=\"twitter:card\" content=\"summary_large_image\" \/>\n<script type=\"application\/ld+json\" class=\"yoast-schema-graph\">{\"@context\":\"https:\/\/schema.org\",\"@graph\":[{\"@type\":\"WebPage\",\"@id\":\"https:\/\/listings.mybikeplan.ch\/fr\/produit\/bergstrom-xcv-729-black\/\",\"url\":\"https:\/\/listings.mybikeplan.ch\/fr\/produit\/bergstrom-xcv-729-black\/\",\"name\":\"Bergstrom XCV 729 | V\u00e9lo \u00e9lectrique | 0% d'int\u00e9r\u00eat\",\"isPartOf\":{\"@id\":\"https:\/\/listings.mybikeplan.ch\/fr\/#website\"},\"primaryImageOfPage\":{\"@id\":\"https:\/\/listings.mybikeplan.ch\/fr\/produit\/bergstrom-xcv-729-black\/#primaryimage\"},\"image\":{\"@id\":\"https:\/\/listings.mybikeplan.ch\/fr\/produit\/bergstrom-xcv-729-black\/#primaryimage\"},\"thumbnailUrl\":\"https:\/\/listings.mybikeplan.ch\/wp-content\/uploads\/2024\/12\/Bergstrom-XCV-729-Black.webp\",\"datePublished\":\"2024-12-10T13:32:39+00:00\",\"dateModified\":\"2024-12-10T14:02:47+00:00\",\"description\":\"Commande le Bergstrom XCV 729 v\u00e9lo \u00e9lectrique et profite d'une livraison gratuite en Suisse.\",\"breadcrumb\":{\"@id\":\"https:\/\/listings.mybikeplan.ch\/fr\/produit\/bergstrom-xcv-729-black\/#breadcrumb\"},\"inLanguage\":\"fr-FR\",\"potentialAction\":[{\"@type\":\"ReadAction\",\"target\":[\"https:\/\/listings.mybikeplan.ch\/fr\/produit\/bergstrom-xcv-729-black\/\"]}]},{\"@type\":\"ImageObject\",\"inLanguage\":\"fr-FR\",\"@id\":\"https:\/\/listings.mybikeplan.ch\/fr\/produit\/bergstrom-xcv-729-black\/#primaryimage\",\"url\":\"https:\/\/listings.mybikeplan.ch\/wp-content\/uploads\/2024\/12\/Bergstrom-XCV-729-Black.webp\",\"contentUrl\":\"https:\/\/listings.mybikeplan.ch\/wp-content\/uploads\/2024\/12\/Bergstrom-XCV-729-Black.webp\",\"width\":800,\"height\":510},{\"@type\":\"BreadcrumbList\",\"@id\":\"https:\/\/listings.mybikeplan.ch\/fr\/produit\/bergstrom-xcv-729-black\/#breadcrumb\",\"itemListElement\":[{\"@type\":\"ListItem\",\"position\":1,\"name\":\"Home\",\"item\":\"https:\/\/listings.mybikeplan.ch\/fr\/home\/\"},{\"@type\":\"ListItem\",\"position\":2,\"name\":\"Bergstrom XCV 729\"}]},{\"@type\":\"WebSite\",\"@id\":\"https:\/\/listings.mybikeplan.ch\/fr\/#website\",\"url\":\"https:\/\/listings.mybikeplan.ch\/fr\/\",\"name\":\"MyBikePlan\",\"description\":\"\",\"potentialAction\":[{\"@type\":\"SearchAction\",\"target\":{\"@type\":\"EntryPoint\",\"urlTemplate\":\"https:\/\/listings.mybikeplan.ch\/fr\/?s={search_term_string}\"},\"query-input\":{\"@type\":\"PropertyValueSpecification\",\"valueRequired\":true,\"valueName\":\"search_term_string\"}}],\"inLanguage\":\"fr-FR\"}]}<\/script>\n<!-- \/ Yoast SEO plugin. -->","yoast_head_json":{"title":"Bergstrom XCV 729 | V\u00e9lo \u00e9lectrique | 0% d'int\u00e9r\u00eat","description":"Commande le Bergstrom XCV 729 v\u00e9lo \u00e9lectrique et profite d'une livraison gratuite en Suisse.","robots":{"index":"noindex","follow":"follow","max-snippet":"max-snippet:-1","max-image-preview":"max-image-preview:large","max-video-preview":"max-video-preview:-1"},"og_locale":"fr_FR","og_type":"article","og_title":"Bergstrom XCV 729 | V\u00e9lo \u00e9lectrique | 0% d'int\u00e9r\u00eat","og_description":"Commande le Bergstrom XCV 729 v\u00e9lo \u00e9lectrique et profite d'une livraison gratuite en Suisse.","og_url":"https:\/\/listings.mybikeplan.ch\/fr\/produit\/bergstrom-xcv-729-black\/","og_site_name":"MyBikePlan","article_modified_time":"2024-12-10T14:02:47+00:00","og_image":[{"width":800,"height":510,"url":"https:\/\/listings.mybikeplan.ch\/wp-content\/uploads\/2024\/12\/Bergstrom-XCV-729-Black.webp","type":"image\/webp"}],"twitter_card":"summary_large_image","schema":{"@context":"https:\/\/schema.org","@graph":[{"@type":"WebPage","@id":"https:\/\/listings.mybikeplan.ch\/fr\/produit\/bergstrom-xcv-729-black\/","url":"https:\/\/listings.mybikeplan.ch\/fr\/produit\/bergstrom-xcv-729-black\/","name":"Bergstrom XCV 729 | V\u00e9lo \u00e9lectrique | 0% d'int\u00e9r\u00eat","isPartOf":{"@id":"https:\/\/listings.mybikeplan.ch\/fr\/#website"},"primaryImageOfPage":{"@id":"https:\/\/listings.mybikeplan.ch\/fr\/produit\/bergstrom-xcv-729-black\/#primaryimage"},"image":{"@id":"https:\/\/listings.mybikeplan.ch\/fr\/produit\/bergstrom-xcv-729-black\/#primaryimage"},"thumbnailUrl":"https:\/\/listings.mybikeplan.ch\/wp-content\/uploads\/2024\/12\/Bergstrom-XCV-729-Black.webp","datePublished":"2024-12-10T13:32:39+00:00","dateModified":"2024-12-10T14:02:47+00:00","description":"Commande le Bergstrom XCV 729 v\u00e9lo \u00e9lectrique et profite d'une livraison gratuite en Suisse.","breadcrumb":{"@id":"https:\/\/listings.mybikeplan.ch\/fr\/produit\/bergstrom-xcv-729-black\/#breadcrumb"},"inLanguage":"fr-FR","potentialAction":[{"@type":"ReadAction","target":["https:\/\/listings.mybikeplan.ch\/fr\/produit\/bergstrom-xcv-729-black\/"]}]},{"@type":"ImageObject","inLanguage":"fr-FR","@id":"https:\/\/listings.mybikeplan.ch\/fr\/produit\/bergstrom-xcv-729-black\/#primaryimage","url":"https:\/\/listings.mybikeplan.ch\/wp-content\/uploads\/2024\/12\/Bergstrom-XCV-729-Black.webp","contentUrl":"https:\/\/listings.mybikeplan.ch\/wp-content\/uploads\/2024\/12\/Bergstrom-XCV-729-Black.webp","width":800,"height":510},{"@type":"BreadcrumbList","@id":"https:\/\/listings.mybikeplan.ch\/fr\/produit\/bergstrom-xcv-729-black\/#breadcrumb","itemListElement":[{"@type":"ListItem","position":1,"name":"Home","item":"https:\/\/listings.mybikeplan.ch\/fr\/home\/"},{"@type":"ListItem","position":2,"name":"Bergstrom XCV 729"}]},{"@type":"WebSite","@id":"https:\/\/listings.mybikeplan.ch\/fr\/#website","url":"https:\/\/listings.mybikeplan.ch\/fr\/","name":"MyBikePlan","description":"","potentialAction":[{"@type":"SearchAction","target":{"@type":"EntryPoint","urlTemplate":"https:\/\/listings.mybikeplan.ch\/fr\/?s={search_term_string}"},"query-input":{"@type":"PropertyValueSpecification","valueRequired":true,"valueName":"search_term_string"}}],"inLanguage":"fr-FR"}]}},"_links":{"self":[{"href":"https:\/\/listings.mybikeplan.ch\/fr\/wp-json\/wp\/v2\/product\/69367","targetHints":{"allow":["GET"]}}],"collection":[{"href":"https:\/\/listings.mybikeplan.ch\/fr\/wp-json\/wp\/v2\/product"}],"about":[{"href":"https:\/\/listings.mybikeplan.ch\/fr\/wp-json\/wp\/v2\/types\/product"}],"replies":[{"embeddable":true,"href":"https:\/\/listings.mybikeplan.ch\/fr\/wp-json\/wp\/v2\/comments?post=69367"}],"wp:featuredmedia":[{"embeddable":true,"href":"https:\/\/listings.mybikeplan.ch\/fr\/wp-json\/wp\/v2\/media\/69373"}],"wp:attachment":[{"href":"https:\/\/listings.mybikeplan.ch\/fr\/wp-json\/wp\/v2\/media?parent=69367"}],"wp:term":[{"taxonomy":"product_brand","embeddable":true,"href":"https:\/\/listings.mybikeplan.ch\/fr\/wp-json\/wp\/v2\/product_brand?post=69367"},{"taxonomy":"product_cat","embeddable":true,"href":"https:\/\/listings.mybikeplan.ch\/fr\/wp-json\/wp\/v2\/product_cat?post=69367"},{"taxonomy":"product_tag","embeddable":true,"href":"https:\/\/listings.mybikeplan.ch\/fr\/wp-json\/wp\/v2\/product_tag?post=69367"}],"curies":[{"name":"wp","href":"https:\/\/api.w.org\/{rel}","templated":true}]}}