{"id":69106,"date":"2024-10-31T13:30:39","date_gmt":"2024-10-31T13:30:27","guid":{"rendered":"https:\/\/listings.mybikeplan.ch\/?post_type=product&#038;p=69106"},"modified":"2024-11-22T09:25:41","modified_gmt":"2024-11-22T09:25:41","slug":"kalkhoff-entice-7-b-advance-abs-green-diamant","status":"publish","type":"product","link":"https:\/\/listings.mybikeplan.ch\/fr\/produit\/kalkhoff-entice-7-b-advance-abs-green-diamant\/","title":{"rendered":"Kalkhoff Entice 7.B Advance+ ABS"},"content":{"rendered":"<h2><strong>Le plus important sur le Kalkhoff Entice 7.B Advance+ ABS:<\/strong><\/h2>\n<ul>\n<li style=\"font-weight: 400;\" aria-level=\"1\">Puissant moteur Bosch Performance Line CX Smart System pour une assistance puissante.<\/li>\n<li style=\"font-weight: 400;\" aria-level=\"1\">Batterie Bosch PowerTube haute capacit\u00e9 de 750 Wh pour des randonn\u00e9es prolong\u00e9es.<\/li>\n<li style=\"font-weight: 400;\" aria-level=\"1\">Cadre robuste Integrale 1.6 en aluminium disponible en deux couleurs differentes (vert urbain mat, gris lune mat).<\/li>\n<li style=\"font-weight: 400;\" aria-level=\"1\">Sensation de conduite moderne gr\u00e2ce \u00e0 un \u00e9quipement bien pens\u00e9 et des composants de haute qualit\u00e9.<\/li>\n<\/ul>\n<h2><strong>Le Kalkhoff Entice 7.B Advance+ ABS est parfait pour toi si:<\/strong><\/h2>\n<ul>\n<li>Tu veux profiter de longs trajets avec la technologie fiable de Bosch.<\/li>\n<li>Tu accordes de l&rsquo;importance \u00e0 une exp\u00e9rience de conduite confortable avec une suspension et une ergonomie de haute qualit\u00e9.<\/li>\n<li>Tu cherches un v\u00e9lo robuste, adaptable, et \u00e9quip\u00e9 de technologies de pointe, comme l\u2019\u00e9cran couleur Bosch Kiox 300 et le Walk Assist.<\/li>\n<\/ul>\n<h2><b>Tailles recommand\u00e9es :<\/b><\/h2>\n<ul>\n<li aria-level=\"1\">S: 155 &#8211; 165 cm<\/li>\n<li aria-level=\"1\">M: 165 &#8211; 175 cm<\/li>\n<\/ul>\n","protected":false},"excerpt":{"rendered":"<h3><span data-sheets-root=\"1\" data-sheets-value=\"{&quot;1&quot;:2,&quot;2&quot;:&quot;\u00c0 propos de BMCnAvec plusieurs d\u00e9cennies d'exp\u00e9rience et une recherche constante de vitesse, BMC s'est impos\u00e9e comme une marque de r\u00e9f\u00e9rence dans le monde des v\u00e9los haut de gamme. Depuis la fin des ann\u00e9es 80 et le d\u00e9but des ann\u00e9es 90, BMC a d\u00e9velopp\u00e9 et perfectionn\u00e9 des innovations majeures, toujours dans le but de cr\u00e9er les v\u00e9los les plus rapides. Leur \u00e9quipe de plus de 150 experts \u00e0 Granges, en Suisse, est constamment en train de rechercher et de mettre en \u0153uvre de nouvelles technologies.&quot;}\" data-sheets-userformat=\"{&quot;2&quot;:3005,&quot;3&quot;:{&quot;1&quot;:0},&quot;5&quot;:{&quot;1&quot;:[{&quot;1&quot;:2,&quot;2&quot;:0,&quot;5&quot;:{&quot;1&quot;:2,&quot;2&quot;:0}},{&quot;1&quot;:0,&quot;2&quot;:0,&quot;3&quot;:3},{&quot;1&quot;:1,&quot;2&quot;:0,&quot;4&quot;:1}]},&quot;6&quot;:{&quot;1&quot;:[{&quot;1&quot;:2,&quot;2&quot;:0,&quot;5&quot;:{&quot;1&quot;:2,&quot;2&quot;:0}},{&quot;1&quot;:0,&quot;2&quot;:0,&quot;3&quot;:3},{&quot;1&quot;:1,&quot;2&quot;:0,&quot;4&quot;:1}]},&quot;7&quot;:{&quot;1&quot;:[{&quot;1&quot;:2,&quot;2&quot;:0,&quot;5&quot;:{&quot;1&quot;:2,&quot;2&quot;:0}},{&quot;1&quot;:0,&quot;2&quot;:0,&quot;3&quot;:3},{&quot;1&quot;:1,&quot;2&quot;:0,&quot;4&quot;:1}]},&quot;8&quot;:{&quot;1&quot;:[{&quot;1&quot;:2,&quot;2&quot;:0,&quot;5&quot;:{&quot;1&quot;:2,&quot;2&quot;:0}},{&quot;1&quot;:0,&quot;2&quot;:0,&quot;3&quot;:3},{&quot;1&quot;:1,&quot;2&quot;:0,&quot;4&quot;:1}]},&quot;10&quot;:0,&quot;11&quot;:4,&quot;12&quot;:0,&quot;14&quot;:{&quot;1&quot;:2,&quot;2&quot;:0}}\" data-sheets-textstyleruns=\"{&quot;1&quot;:0,&quot;2&quot;:{&quot;5&quot;:1}}\uee10{&quot;1&quot;:15}\uee10{&quot;1&quot;:16,&quot;2&quot;:{}}\"><strong>\u00c0 propos de Kalkhoff<\/strong><\/span><\/h3>\n<p>Kalkhoff est une marque allemande traditionnelle qui existe depuis plus de 100 ans. L&rsquo;entreprise con\u00e7oit, d\u00e9veloppe et produit ses v\u00e9los \u00e9lectriques Kalkhoff et ses v\u00e9los dans sa propre usine \u00e0 Cloppenburg, en Allemagne. Les normes de qualit\u00e9 \u00e9lev\u00e9es et le design moderne rendent les v\u00e9los \u00e9lectriques Kalkhoff uniques. Les v\u00e9los \u00e9lectriques de trekking et les v\u00e9los \u00e9lectriques de ville en sont la force principale et offrent un maximum de confort et de performance.<\/p>\n","protected":false},"featured_media":69122,"comment_status":"open","ping_status":"closed","template":"","meta":{"_acf_changed":false},"product_brand":[],"product_cat":[10082,10185,10157,10162,10163,10184,10186,10468,10080,11800,10096,10169],"product_tag":[],"class_list":{"0":"post-69106","1":"product","2":"type-product","3":"status-publish","4":"has-post-thumbnail","6":"product_cat-25-km","7":"product_cat-diamant","8":"product_cat-e-bikes","9":"product_cat-e-trekking","10":"product_cat-e-urban","11":"product_cat-femmes","12":"product_cat-hommes","13":"product_cat-marque-kalkhoff","14":"product_cat-mybikeplan","15":"product_cat-sale_1000","16":"product_cat-alle-e-bikes","17":"product_cat-vert","18":"pa_battery-bosch-powertube-li-ion-750wh-fr","19":"pa_battery-size-750-wh","20":"pa_brakes-shimano-deore-xt-fr","21":"pa_brand-kalkhoff","22":"pa_display-bosch-kiox-300-colour-display-with-walk-assist-fr","23":"pa_filters-color-vert","24":"pa_fork-suntour-mobie34-100x15-mm-steckachse-44mm-rake-abs-fr","25":"pa_frame-integrale-1-6-aluminium-fr","26":"pa_frame-variant-diamant","27":"pa_gear-change-shimano-deore-xt-m8130-fr","28":"pa_gears-11-gaenge-fr","29":"pa_hex-color-8a8869-fr","30":"pa_hex-color-988877-produkt-kalkhoff-entice-7b-advance-abs-grey-diamant-fr","31":"pa_max-weight-170-kg-fr","32":"pa_motor-bosch-performance-cx-smart-system-drive-with-85-nm-fr","33":"pa_range-140-180-km-fr","34":"pa_rider-height-155-160-cm","35":"pa_rider-height-160-165-cm","36":"pa_rider-height-165-170-cm","37":"pa_rider-height-170-175-cm","38":"pa_sizes-m-fr","39":"pa_sizes-s-fr","40":"pa_speed-25-km-heure","41":"pa_suspension-travel-100-mm-fr","42":"pa_tires-schwalbe-smart-sam-57-584-fr","44":"first","45":"instock","46":"shipping-taxable","47":"purchasable","48":"product-type-variable"},"acf":[],"yoast_head":"<!-- This site is optimized with the Yoast SEO plugin v24.5 - https:\/\/yoast.com\/wordpress\/plugins\/seo\/ -->\n<title>Kalkhoff Entice 7.B Advance+ ABS | E-Bike | 0% d&#039;int\u00e9r\u00eat | Suisse<\/title>\n<meta name=\"description\" content=\"Kalkhoff Entice 7.B Advance+ ABS et rembourse-le facilement par mois avec 0% d&#039;int\u00e9r\u00eat ! Profites-en et commence \u00e0 rouler rapidement\" \/>\n<meta name=\"robots\" content=\"noindex, follow, max-snippet:-1, max-image-preview:large, max-video-preview:-1\" \/>\n<meta property=\"og:locale\" content=\"fr_FR\" \/>\n<meta property=\"og:type\" content=\"article\" \/>\n<meta property=\"og:title\" content=\"Kalkhoff Entice 7.B Advance+ ABS | E-Bike | 0% d&#039;int\u00e9r\u00eat | Suisse\" \/>\n<meta property=\"og:description\" content=\"Kalkhoff Entice 7.B Advance+ ABS et rembourse-le facilement par mois avec 0% d&#039;int\u00e9r\u00eat ! Profites-en et commence \u00e0 rouler rapidement\" \/>\n<meta property=\"og:url\" content=\"https:\/\/listings.mybikeplan.ch\/fr\/produit\/kalkhoff-entice-7-b-advance-abs-green-diamant\/\" \/>\n<meta property=\"og:site_name\" content=\"MyBikePlan\" \/>\n<meta property=\"article:modified_time\" content=\"2024-11-22T09:25:41+00:00\" \/>\n<meta property=\"og:image\" content=\"https:\/\/listings.mybikeplan.ch\/wp-content\/uploads\/2024\/10\/Kalkhoff-Entice-7.B-Advance-ABS-1-1-1024x1024.png\" \/>\n\t<meta property=\"og:image:width\" content=\"1024\" \/>\n\t<meta property=\"og:image:height\" content=\"1024\" \/>\n\t<meta property=\"og:image:type\" content=\"image\/png\" \/>\n<meta name=\"twitter:card\" content=\"summary_large_image\" \/>\n<meta name=\"twitter:label1\" content=\"Dur\u00e9e de lecture estim\u00e9e\" \/>\n\t<meta name=\"twitter:data1\" content=\"1 minute\" \/>\n<script type=\"application\/ld+json\" class=\"yoast-schema-graph\">{\"@context\":\"https:\/\/schema.org\",\"@graph\":[{\"@type\":\"WebPage\",\"@id\":\"https:\/\/listings.mybikeplan.ch\/fr\/produit\/kalkhoff-entice-7-b-advance-abs-green-diamant\/\",\"url\":\"https:\/\/listings.mybikeplan.ch\/fr\/produit\/kalkhoff-entice-7-b-advance-abs-green-diamant\/\",\"name\":\"Kalkhoff Entice 7.B Advance+ ABS | E-Bike | 0% d'int\u00e9r\u00eat | Suisse\",\"isPartOf\":{\"@id\":\"https:\/\/listings.mybikeplan.ch\/fr\/#website\"},\"primaryImageOfPage\":{\"@id\":\"https:\/\/listings.mybikeplan.ch\/fr\/produit\/kalkhoff-entice-7-b-advance-abs-green-diamant\/#primaryimage\"},\"image\":{\"@id\":\"https:\/\/listings.mybikeplan.ch\/fr\/produit\/kalkhoff-entice-7-b-advance-abs-green-diamant\/#primaryimage\"},\"thumbnailUrl\":\"https:\/\/listings.mybikeplan.ch\/wp-content\/uploads\/2024\/10\/Kalkhoff-Entice-7.B-Advance-ABS-1-1.png\",\"datePublished\":\"2024-10-31T13:30:27+00:00\",\"dateModified\":\"2024-11-22T09:25:41+00:00\",\"description\":\"Kalkhoff Entice 7.B Advance+ ABS et rembourse-le facilement par mois avec 0% d'int\u00e9r\u00eat ! Profites-en et commence \u00e0 rouler rapidement\",\"breadcrumb\":{\"@id\":\"https:\/\/listings.mybikeplan.ch\/fr\/produit\/kalkhoff-entice-7-b-advance-abs-green-diamant\/#breadcrumb\"},\"inLanguage\":\"fr-FR\",\"potentialAction\":[{\"@type\":\"ReadAction\",\"target\":[\"https:\/\/listings.mybikeplan.ch\/fr\/produit\/kalkhoff-entice-7-b-advance-abs-green-diamant\/\"]}]},{\"@type\":\"ImageObject\",\"inLanguage\":\"fr-FR\",\"@id\":\"https:\/\/listings.mybikeplan.ch\/fr\/produit\/kalkhoff-entice-7-b-advance-abs-green-diamant\/#primaryimage\",\"url\":\"https:\/\/listings.mybikeplan.ch\/wp-content\/uploads\/2024\/10\/Kalkhoff-Entice-7.B-Advance-ABS-1-1.png\",\"contentUrl\":\"https:\/\/listings.mybikeplan.ch\/wp-content\/uploads\/2024\/10\/Kalkhoff-Entice-7.B-Advance-ABS-1-1.png\",\"width\":3000,\"height\":3000},{\"@type\":\"BreadcrumbList\",\"@id\":\"https:\/\/listings.mybikeplan.ch\/fr\/produit\/kalkhoff-entice-7-b-advance-abs-green-diamant\/#breadcrumb\",\"itemListElement\":[{\"@type\":\"ListItem\",\"position\":1,\"name\":\"Home\",\"item\":\"https:\/\/listings.mybikeplan.ch\/fr\/home\/\"},{\"@type\":\"ListItem\",\"position\":2,\"name\":\"Kalkhoff Entice 7.B Advance+ ABS\"}]},{\"@type\":\"WebSite\",\"@id\":\"https:\/\/listings.mybikeplan.ch\/fr\/#website\",\"url\":\"https:\/\/listings.mybikeplan.ch\/fr\/\",\"name\":\"MyBikePlan\",\"description\":\"\",\"potentialAction\":[{\"@type\":\"SearchAction\",\"target\":{\"@type\":\"EntryPoint\",\"urlTemplate\":\"https:\/\/listings.mybikeplan.ch\/fr\/?s={search_term_string}\"},\"query-input\":{\"@type\":\"PropertyValueSpecification\",\"valueRequired\":true,\"valueName\":\"search_term_string\"}}],\"inLanguage\":\"fr-FR\"}]}<\/script>\n<!-- \/ Yoast SEO plugin. -->","yoast_head_json":{"title":"Kalkhoff Entice 7.B Advance+ ABS | E-Bike | 0% d'int\u00e9r\u00eat | Suisse","description":"Kalkhoff Entice 7.B Advance+ ABS et rembourse-le facilement par mois avec 0% d'int\u00e9r\u00eat ! Profites-en et commence \u00e0 rouler rapidement","robots":{"index":"noindex","follow":"follow","max-snippet":"max-snippet:-1","max-image-preview":"max-image-preview:large","max-video-preview":"max-video-preview:-1"},"og_locale":"fr_FR","og_type":"article","og_title":"Kalkhoff Entice 7.B Advance+ ABS | E-Bike | 0% d'int\u00e9r\u00eat | Suisse","og_description":"Kalkhoff Entice 7.B Advance+ ABS et rembourse-le facilement par mois avec 0% d'int\u00e9r\u00eat ! Profites-en et commence \u00e0 rouler rapidement","og_url":"https:\/\/listings.mybikeplan.ch\/fr\/produit\/kalkhoff-entice-7-b-advance-abs-green-diamant\/","og_site_name":"MyBikePlan","article_modified_time":"2024-11-22T09:25:41+00:00","og_image":[{"width":1024,"height":1024,"url":"https:\/\/listings.mybikeplan.ch\/wp-content\/uploads\/2024\/10\/Kalkhoff-Entice-7.B-Advance-ABS-1-1-1024x1024.png","type":"image\/png"}],"twitter_card":"summary_large_image","twitter_misc":{"Dur\u00e9e de lecture estim\u00e9e":"1 minute"},"schema":{"@context":"https:\/\/schema.org","@graph":[{"@type":"WebPage","@id":"https:\/\/listings.mybikeplan.ch\/fr\/produit\/kalkhoff-entice-7-b-advance-abs-green-diamant\/","url":"https:\/\/listings.mybikeplan.ch\/fr\/produit\/kalkhoff-entice-7-b-advance-abs-green-diamant\/","name":"Kalkhoff Entice 7.B Advance+ ABS | E-Bike | 0% d'int\u00e9r\u00eat | Suisse","isPartOf":{"@id":"https:\/\/listings.mybikeplan.ch\/fr\/#website"},"primaryImageOfPage":{"@id":"https:\/\/listings.mybikeplan.ch\/fr\/produit\/kalkhoff-entice-7-b-advance-abs-green-diamant\/#primaryimage"},"image":{"@id":"https:\/\/listings.mybikeplan.ch\/fr\/produit\/kalkhoff-entice-7-b-advance-abs-green-diamant\/#primaryimage"},"thumbnailUrl":"https:\/\/listings.mybikeplan.ch\/wp-content\/uploads\/2024\/10\/Kalkhoff-Entice-7.B-Advance-ABS-1-1.png","datePublished":"2024-10-31T13:30:27+00:00","dateModified":"2024-11-22T09:25:41+00:00","description":"Kalkhoff Entice 7.B Advance+ ABS et rembourse-le facilement par mois avec 0% d'int\u00e9r\u00eat ! Profites-en et commence \u00e0 rouler rapidement","breadcrumb":{"@id":"https:\/\/listings.mybikeplan.ch\/fr\/produit\/kalkhoff-entice-7-b-advance-abs-green-diamant\/#breadcrumb"},"inLanguage":"fr-FR","potentialAction":[{"@type":"ReadAction","target":["https:\/\/listings.mybikeplan.ch\/fr\/produit\/kalkhoff-entice-7-b-advance-abs-green-diamant\/"]}]},{"@type":"ImageObject","inLanguage":"fr-FR","@id":"https:\/\/listings.mybikeplan.ch\/fr\/produit\/kalkhoff-entice-7-b-advance-abs-green-diamant\/#primaryimage","url":"https:\/\/listings.mybikeplan.ch\/wp-content\/uploads\/2024\/10\/Kalkhoff-Entice-7.B-Advance-ABS-1-1.png","contentUrl":"https:\/\/listings.mybikeplan.ch\/wp-content\/uploads\/2024\/10\/Kalkhoff-Entice-7.B-Advance-ABS-1-1.png","width":3000,"height":3000},{"@type":"BreadcrumbList","@id":"https:\/\/listings.mybikeplan.ch\/fr\/produit\/kalkhoff-entice-7-b-advance-abs-green-diamant\/#breadcrumb","itemListElement":[{"@type":"ListItem","position":1,"name":"Home","item":"https:\/\/listings.mybikeplan.ch\/fr\/home\/"},{"@type":"ListItem","position":2,"name":"Kalkhoff Entice 7.B Advance+ ABS"}]},{"@type":"WebSite","@id":"https:\/\/listings.mybikeplan.ch\/fr\/#website","url":"https:\/\/listings.mybikeplan.ch\/fr\/","name":"MyBikePlan","description":"","potentialAction":[{"@type":"SearchAction","target":{"@type":"EntryPoint","urlTemplate":"https:\/\/listings.mybikeplan.ch\/fr\/?s={search_term_string}"},"query-input":{"@type":"PropertyValueSpecification","valueRequired":true,"valueName":"search_term_string"}}],"inLanguage":"fr-FR"}]}},"_links":{"self":[{"href":"https:\/\/listings.mybikeplan.ch\/fr\/wp-json\/wp\/v2\/product\/69106","targetHints":{"allow":["GET"]}}],"collection":[{"href":"https:\/\/listings.mybikeplan.ch\/fr\/wp-json\/wp\/v2\/product"}],"about":[{"href":"https:\/\/listings.mybikeplan.ch\/fr\/wp-json\/wp\/v2\/types\/product"}],"replies":[{"embeddable":true,"href":"https:\/\/listings.mybikeplan.ch\/fr\/wp-json\/wp\/v2\/comments?post=69106"}],"wp:featuredmedia":[{"embeddable":true,"href":"https:\/\/listings.mybikeplan.ch\/fr\/wp-json\/wp\/v2\/media\/69122"}],"wp:attachment":[{"href":"https:\/\/listings.mybikeplan.ch\/fr\/wp-json\/wp\/v2\/media?parent=69106"}],"wp:term":[{"taxonomy":"product_brand","embeddable":true,"href":"https:\/\/listings.mybikeplan.ch\/fr\/wp-json\/wp\/v2\/product_brand?post=69106"},{"taxonomy":"product_cat","embeddable":true,"href":"https:\/\/listings.mybikeplan.ch\/fr\/wp-json\/wp\/v2\/product_cat?post=69106"},{"taxonomy":"product_tag","embeddable":true,"href":"https:\/\/listings.mybikeplan.ch\/fr\/wp-json\/wp\/v2\/product_tag?post=69106"}],"curies":[{"name":"wp","href":"https:\/\/api.w.org\/{rel}","templated":true}]}}