{"id":68489,"date":"2024-10-04T10:41:48","date_gmt":"2024-10-04T10:41:59","guid":{"rendered":"https:\/\/listings.mybikeplan.ch\/?post_type=product&#038;p=68489"},"modified":"2024-10-07T13:40:19","modified_gmt":"2024-10-07T13:40:19","slug":"stromer-st3-cool-white-pinion-abs-983-wh-trapez","status":"publish","type":"product","link":"https:\/\/listings.mybikeplan.ch\/fr\/produit\/stromer-st3-cool-white-pinion-abs-983-wh-trapez\/","title":{"rendered":"Stromer ST3 Cool White Pinion + ABS 983 Wh"},"content":{"rendered":"<h2><b>Le plus important sur le Stromer ST3 :<\/b><\/h2>\n<ul>\n<li style=\"font-weight: 400;\"><span style=\"font-weight: 400;\">Atteins des vitesses de pointe allant jusqu&rsquo;\u00e0 45 km\/h et traverse le trafic sans effort.<\/span><\/li>\n<li style=\"font-weight: 400;\"><span style=\"font-weight: 400;\">Batterie longue dur\u00e9e de 983 Wh<\/span><\/li>\n<li style=\"font-weight: 400;\"><span style=\"font-weight: 400;\">Jusqu&rsquo;\u00e0 180 km d&rsquo;autonomie<\/span><\/li>\n<\/ul>\n<h2><b>Le Stromer ST3 est parfait pour toi si tu :<\/b><\/h2>\n<ul>\n<li style=\"font-weight: 400;\"><span style=\"font-weight: 400;\">cherches un v\u00e9lo \u00e9lectrique pour tes d\u00e9placements quotidiens<\/span><\/li>\n<li style=\"font-weight: 400;\"><span style=\"font-weight: 400;\">appr\u00e9cies le confort et la stabilit\u00e9<\/span><\/li>\n<li style=\"font-weight: 400;\"><span style=\"font-weight: 400;\">utilises l&rsquo;E-Bike pour un usage quotidien<\/span><\/li>\n<\/ul>\n<h2><b>Tailles recommand\u00e9es :<\/b><\/h2>\n<ul>\n<li>M: &lt;178 cm<\/li>\n<\/ul>\n","protected":false},"excerpt":{"rendered":"<h2 style=\"text-align: left;\"><b>Stromer ST3<\/b><\/h2>\n<p><span style=\"font-weight: 400;\">Confort et performance en un ? Stromer E-Bikes prouve que c&rsquo;est possible : le Stromer ST3 est un E-Bike puissant qui ne sacrifie pourtant rien en termes de style et de confort. Le puissant moteur te permet d&rsquo;atteindre des vitesses allant jusqu&rsquo;\u00e0 45 km\/h, ce qui fait de cet E-Bike de ville un remplacement parfait de la voiture pour les trajets quotidiens. Gr\u00e2ce au cadre sportif, le ST3 a beaucoup de stabilit\u00e9 m\u00eame \u00e0 grande vitesse, ce qui profite \u00e0 ta s\u00e9curit\u00e9 sur la route. La batterie de 983 Wh te soutient sur des distances allant jusqu&rsquo;\u00e0 180 km.<\/span><\/p>\n<h2><b>\u00c0 propos de Stromer<\/b><\/h2>\n<p><span style=\"font-weight: 400;\">La naissance des v\u00e9los <a href=\"https:\/\/www.mybikeplan.ch\/fr\/marques\/stromer-ebikes\">Stromer<\/a> s\u2019est faite gr\u00e2ce \u00e0 Thomas Binggeli, un suisse, inspir\u00e9 par les nouvelles technologies en 2009.\u00a0 En 2010, la nouvelle soci\u00e9t\u00e9 myStromer AG a \u00e9t\u00e9 fond\u00e9e et la marque Stromer a pu s&rsquo;\u00e9tablir avec succ\u00e8s sur le march\u00e9 suisse avec l&rsquo;id\u00e9e de vitesse et d&rsquo;efficacit\u00e9.\u00a0 Avec sa propulsion arri\u00e8re, sa puissance exceptionnellement \u00e9lev\u00e9e, son design sportif et sa batterie int\u00e9gr\u00e9e, le S-pedelecs s&rsquo;est fait conna\u00eetre dans l\u2019e-mobilit\u00e9 moderne et fait de Stormer, une marque r\u00e9put\u00e9e pour les v\u00e9los \u00e9lectriques 45km\/h.<\/span><\/p>\n","protected":false},"featured_media":68495,"comment_status":"open","ping_status":"closed","template":"","meta":{"_acf_changed":false},"product_brand":[],"product_cat":[10083,10174,10157,10163,10184,10186,10465,10080,10190,10096,11861],"product_tag":[],"class_list":{"0":"post-68489","1":"product","2":"type-product","3":"status-publish","4":"has-post-thumbnail","6":"product_cat-45-km","7":"product_cat-blanc","8":"product_cat-e-bikes","9":"product_cat-e-urban","10":"product_cat-femmes","11":"product_cat-hommes","12":"product_cat-marque-stromer","13":"product_cat-mybikeplan","14":"product_cat-swiss-made","15":"product_cat-alle-e-bikes","16":"product_cat-trapez","17":"pa_attachments-kindersitz","18":"pa_attachments-veloanhaenger-kompatibel","19":"pa_battery-bq-983-fr","20":"pa_battery-size-983-wh","21":"pa_brakes-stromer-hd942-by-trp-fr","22":"pa_brand-stromer","23":"pa_crank-handle-fsa-gossamer-52t-fr","24":"pa_display-omni-interface-c-fr","25":"pa_filters-color-blanc","26":"pa_fork-aluminum-fr","27":"pa_frame-variant-trapeze","28":"pa_handlebar-riser-rise-20-mm-back-sweep-20-fr","29":"pa_hex-color-ffffff-fr","30":"pa_max-weight-140-kg","31":"pa_motor-syno-drive-ii-44nm-fr","32":"pa_motor-brand-stromer","33":"pa_range-180-km-fr","34":"pa_rider-height-165-170-cm","35":"pa_rider-height-170-175-cm","36":"pa_rider-height-175-180-cm","37":"pa_saddle-stromer-by-ergon-custom-gs1-all-black-fr","38":"pa_seat-tube-length-m-fr","39":"pa_sizes-m-fr","40":"pa_stem-stromer-urban-5-105-mm-comfort-stromer-comfort-20-110-mm-fr","41":"pa_youtube-link-https-www-youtube-com-watchv-eg73ch5jxk-fr","43":"first","44":"instock","45":"shipping-taxable","46":"product-type-variable"},"acf":[],"yoast_head":"<!-- This site is optimized with the Yoast SEO plugin v24.5 - https:\/\/yoast.com\/wordpress\/plugins\/seo\/ -->\n<title>Stromer ST3 Cool White Pinion + ABS 983 Wh | E-Bike | 0% Zins | Schweiz<\/title>\n<meta name=\"description\" content=\"Hol Dir das Stromer ST3 Cool White Pinion + ABS 983 Wh und zahle ganz bequem in monatlichen Raten mit 0 % Zins ab! Jetzt profitieren und sofort losfahren.\" \/>\n<meta name=\"robots\" content=\"noindex, follow, max-snippet:-1, max-image-preview:large, max-video-preview:-1\" \/>\n<meta property=\"og:locale\" content=\"fr_FR\" \/>\n<meta property=\"og:type\" content=\"article\" \/>\n<meta property=\"og:title\" content=\"Stromer ST3 Cool White Pinion + ABS 983 Wh | E-Bike | 0% Zins | Schweiz\" \/>\n<meta property=\"og:description\" content=\"Hol Dir das Stromer ST3 Cool White Pinion + ABS 983 Wh und zahle ganz bequem in monatlichen Raten mit 0 % Zins ab! Jetzt profitieren und sofort losfahren.\" \/>\n<meta property=\"og:url\" content=\"https:\/\/listings.mybikeplan.ch\/fr\/produit\/stromer-st3-cool-white-pinion-abs-983-wh-trapez\/\" \/>\n<meta property=\"og:site_name\" content=\"MyBikePlan\" \/>\n<meta property=\"article:modified_time\" content=\"2024-10-07T13:40:19+00:00\" \/>\n<meta property=\"og:image\" content=\"https:\/\/listings.mybikeplan.ch\/wp-content\/uploads\/2024\/10\/Stromer-ST3-Cool-White-Pinion-ABS-814-Wh-trapez.png\" \/>\n\t<meta property=\"og:image:width\" content=\"3000\" \/>\n\t<meta property=\"og:image:height\" content=\"3000\" \/>\n\t<meta property=\"og:image:type\" content=\"image\/png\" \/>\n<meta name=\"twitter:card\" content=\"summary_large_image\" \/>\n<meta name=\"twitter:label1\" content=\"Dur\u00e9e de lecture estim\u00e9e\" \/>\n\t<meta name=\"twitter:data1\" content=\"1 minute\" \/>\n<script type=\"application\/ld+json\" class=\"yoast-schema-graph\">{\"@context\":\"https:\/\/schema.org\",\"@graph\":[{\"@type\":\"WebPage\",\"@id\":\"https:\/\/listings.mybikeplan.ch\/fr\/produit\/stromer-st3-cool-white-pinion-abs-983-wh-trapez\/\",\"url\":\"https:\/\/listings.mybikeplan.ch\/fr\/produit\/stromer-st3-cool-white-pinion-abs-983-wh-trapez\/\",\"name\":\"Stromer ST3 Cool White Pinion + ABS 983 Wh | E-Bike | 0% Zins | Schweiz\",\"isPartOf\":{\"@id\":\"https:\/\/listings.mybikeplan.ch\/fr\/#website\"},\"primaryImageOfPage\":{\"@id\":\"https:\/\/listings.mybikeplan.ch\/fr\/produit\/stromer-st3-cool-white-pinion-abs-983-wh-trapez\/#primaryimage\"},\"image\":{\"@id\":\"https:\/\/listings.mybikeplan.ch\/fr\/produit\/stromer-st3-cool-white-pinion-abs-983-wh-trapez\/#primaryimage\"},\"thumbnailUrl\":\"https:\/\/listings.mybikeplan.ch\/wp-content\/uploads\/2024\/10\/Stromer-ST3-Cool-White-Pinion-ABS-814-Wh-trapez.png\",\"datePublished\":\"2024-10-04T10:41:59+00:00\",\"dateModified\":\"2024-10-07T13:40:19+00:00\",\"description\":\"Hol Dir das Stromer ST3 Cool White Pinion + ABS 983 Wh und zahle ganz bequem in monatlichen Raten mit 0 % Zins ab! Jetzt profitieren und sofort losfahren.\",\"breadcrumb\":{\"@id\":\"https:\/\/listings.mybikeplan.ch\/fr\/produit\/stromer-st3-cool-white-pinion-abs-983-wh-trapez\/#breadcrumb\"},\"inLanguage\":\"fr-FR\",\"potentialAction\":[{\"@type\":\"ReadAction\",\"target\":[\"https:\/\/listings.mybikeplan.ch\/fr\/produit\/stromer-st3-cool-white-pinion-abs-983-wh-trapez\/\"]}]},{\"@type\":\"ImageObject\",\"inLanguage\":\"fr-FR\",\"@id\":\"https:\/\/listings.mybikeplan.ch\/fr\/produit\/stromer-st3-cool-white-pinion-abs-983-wh-trapez\/#primaryimage\",\"url\":\"https:\/\/listings.mybikeplan.ch\/wp-content\/uploads\/2024\/10\/Stromer-ST3-Cool-White-Pinion-ABS-814-Wh-trapez.png\",\"contentUrl\":\"https:\/\/listings.mybikeplan.ch\/wp-content\/uploads\/2024\/10\/Stromer-ST3-Cool-White-Pinion-ABS-814-Wh-trapez.png\",\"width\":3000,\"height\":3000},{\"@type\":\"BreadcrumbList\",\"@id\":\"https:\/\/listings.mybikeplan.ch\/fr\/produit\/stromer-st3-cool-white-pinion-abs-983-wh-trapez\/#breadcrumb\",\"itemListElement\":[{\"@type\":\"ListItem\",\"position\":1,\"name\":\"Home\",\"item\":\"https:\/\/listings.mybikeplan.ch\/fr\/home\/\"},{\"@type\":\"ListItem\",\"position\":2,\"name\":\"Stromer ST3 Cool White Pinion + ABS 983 Wh\"}]},{\"@type\":\"WebSite\",\"@id\":\"https:\/\/listings.mybikeplan.ch\/fr\/#website\",\"url\":\"https:\/\/listings.mybikeplan.ch\/fr\/\",\"name\":\"MyBikePlan\",\"description\":\"\",\"potentialAction\":[{\"@type\":\"SearchAction\",\"target\":{\"@type\":\"EntryPoint\",\"urlTemplate\":\"https:\/\/listings.mybikeplan.ch\/fr\/?s={search_term_string}\"},\"query-input\":{\"@type\":\"PropertyValueSpecification\",\"valueRequired\":true,\"valueName\":\"search_term_string\"}}],\"inLanguage\":\"fr-FR\"}]}<\/script>\n<!-- \/ Yoast SEO plugin. -->","yoast_head_json":{"title":"Stromer ST3 Cool White Pinion + ABS 983 Wh | E-Bike | 0% Zins | Schweiz","description":"Hol Dir das Stromer ST3 Cool White Pinion + ABS 983 Wh und zahle ganz bequem in monatlichen Raten mit 0 % Zins ab! Jetzt profitieren und sofort losfahren.","robots":{"index":"noindex","follow":"follow","max-snippet":"max-snippet:-1","max-image-preview":"max-image-preview:large","max-video-preview":"max-video-preview:-1"},"og_locale":"fr_FR","og_type":"article","og_title":"Stromer ST3 Cool White Pinion + ABS 983 Wh | E-Bike | 0% Zins | Schweiz","og_description":"Hol Dir das Stromer ST3 Cool White Pinion + ABS 983 Wh und zahle ganz bequem in monatlichen Raten mit 0 % Zins ab! Jetzt profitieren und sofort losfahren.","og_url":"https:\/\/listings.mybikeplan.ch\/fr\/produit\/stromer-st3-cool-white-pinion-abs-983-wh-trapez\/","og_site_name":"MyBikePlan","article_modified_time":"2024-10-07T13:40:19+00:00","og_image":[{"width":3000,"height":3000,"url":"https:\/\/listings.mybikeplan.ch\/wp-content\/uploads\/2024\/10\/Stromer-ST3-Cool-White-Pinion-ABS-814-Wh-trapez.png","type":"image\/png"}],"twitter_card":"summary_large_image","twitter_misc":{"Dur\u00e9e de lecture estim\u00e9e":"1 minute"},"schema":{"@context":"https:\/\/schema.org","@graph":[{"@type":"WebPage","@id":"https:\/\/listings.mybikeplan.ch\/fr\/produit\/stromer-st3-cool-white-pinion-abs-983-wh-trapez\/","url":"https:\/\/listings.mybikeplan.ch\/fr\/produit\/stromer-st3-cool-white-pinion-abs-983-wh-trapez\/","name":"Stromer ST3 Cool White Pinion + ABS 983 Wh | E-Bike | 0% Zins | Schweiz","isPartOf":{"@id":"https:\/\/listings.mybikeplan.ch\/fr\/#website"},"primaryImageOfPage":{"@id":"https:\/\/listings.mybikeplan.ch\/fr\/produit\/stromer-st3-cool-white-pinion-abs-983-wh-trapez\/#primaryimage"},"image":{"@id":"https:\/\/listings.mybikeplan.ch\/fr\/produit\/stromer-st3-cool-white-pinion-abs-983-wh-trapez\/#primaryimage"},"thumbnailUrl":"https:\/\/listings.mybikeplan.ch\/wp-content\/uploads\/2024\/10\/Stromer-ST3-Cool-White-Pinion-ABS-814-Wh-trapez.png","datePublished":"2024-10-04T10:41:59+00:00","dateModified":"2024-10-07T13:40:19+00:00","description":"Hol Dir das Stromer ST3 Cool White Pinion + ABS 983 Wh und zahle ganz bequem in monatlichen Raten mit 0 % Zins ab! Jetzt profitieren und sofort losfahren.","breadcrumb":{"@id":"https:\/\/listings.mybikeplan.ch\/fr\/produit\/stromer-st3-cool-white-pinion-abs-983-wh-trapez\/#breadcrumb"},"inLanguage":"fr-FR","potentialAction":[{"@type":"ReadAction","target":["https:\/\/listings.mybikeplan.ch\/fr\/produit\/stromer-st3-cool-white-pinion-abs-983-wh-trapez\/"]}]},{"@type":"ImageObject","inLanguage":"fr-FR","@id":"https:\/\/listings.mybikeplan.ch\/fr\/produit\/stromer-st3-cool-white-pinion-abs-983-wh-trapez\/#primaryimage","url":"https:\/\/listings.mybikeplan.ch\/wp-content\/uploads\/2024\/10\/Stromer-ST3-Cool-White-Pinion-ABS-814-Wh-trapez.png","contentUrl":"https:\/\/listings.mybikeplan.ch\/wp-content\/uploads\/2024\/10\/Stromer-ST3-Cool-White-Pinion-ABS-814-Wh-trapez.png","width":3000,"height":3000},{"@type":"BreadcrumbList","@id":"https:\/\/listings.mybikeplan.ch\/fr\/produit\/stromer-st3-cool-white-pinion-abs-983-wh-trapez\/#breadcrumb","itemListElement":[{"@type":"ListItem","position":1,"name":"Home","item":"https:\/\/listings.mybikeplan.ch\/fr\/home\/"},{"@type":"ListItem","position":2,"name":"Stromer ST3 Cool White Pinion + ABS 983 Wh"}]},{"@type":"WebSite","@id":"https:\/\/listings.mybikeplan.ch\/fr\/#website","url":"https:\/\/listings.mybikeplan.ch\/fr\/","name":"MyBikePlan","description":"","potentialAction":[{"@type":"SearchAction","target":{"@type":"EntryPoint","urlTemplate":"https:\/\/listings.mybikeplan.ch\/fr\/?s={search_term_string}"},"query-input":{"@type":"PropertyValueSpecification","valueRequired":true,"valueName":"search_term_string"}}],"inLanguage":"fr-FR"}]}},"_links":{"self":[{"href":"https:\/\/listings.mybikeplan.ch\/fr\/wp-json\/wp\/v2\/product\/68489","targetHints":{"allow":["GET"]}}],"collection":[{"href":"https:\/\/listings.mybikeplan.ch\/fr\/wp-json\/wp\/v2\/product"}],"about":[{"href":"https:\/\/listings.mybikeplan.ch\/fr\/wp-json\/wp\/v2\/types\/product"}],"replies":[{"embeddable":true,"href":"https:\/\/listings.mybikeplan.ch\/fr\/wp-json\/wp\/v2\/comments?post=68489"}],"wp:featuredmedia":[{"embeddable":true,"href":"https:\/\/listings.mybikeplan.ch\/fr\/wp-json\/wp\/v2\/media\/68495"}],"wp:attachment":[{"href":"https:\/\/listings.mybikeplan.ch\/fr\/wp-json\/wp\/v2\/media?parent=68489"}],"wp:term":[{"taxonomy":"product_brand","embeddable":true,"href":"https:\/\/listings.mybikeplan.ch\/fr\/wp-json\/wp\/v2\/product_brand?post=68489"},{"taxonomy":"product_cat","embeddable":true,"href":"https:\/\/listings.mybikeplan.ch\/fr\/wp-json\/wp\/v2\/product_cat?post=68489"},{"taxonomy":"product_tag","embeddable":true,"href":"https:\/\/listings.mybikeplan.ch\/fr\/wp-json\/wp\/v2\/product_tag?post=68489"}],"curies":[{"name":"wp","href":"https:\/\/api.w.org\/{rel}","templated":true}]}}