{"id":68386,"date":"2024-10-03T10:48:10","date_gmt":"2024-10-03T10:48:21","guid":{"rendered":"https:\/\/listings.mybikeplan.ch\/?post_type=product&#038;p=68386"},"modified":"2025-04-14T07:49:11","modified_gmt":"2025-04-14T07:49:11","slug":"hnf-nicolai-xd4-eco-naked-black-diamant","status":"publish","type":"product","link":"https:\/\/listings.mybikeplan.ch\/fr\/produit\/hnf-nicolai-xd4-eco-naked-black-diamant\/","title":{"rendered":"HNF Nicolai XD4 Eco Naked"},"content":{"rendered":"<h2><strong>Le plus important sur le HNF Nicolai XD4 Eco Naked:<\/strong><\/h2>\n<ul>\n<li style=\"font-weight: 400;\" aria-level=\"1\">Moteur Bosch Performance Line CX puissant pour un soutien optimal \u00e0 chaque trajet.<\/li>\n<li style=\"font-weight: 400;\" aria-level=\"1\">Design innovant et \u00e9pur\u00e9 avec c\u00e2blage enti\u00e8rement int\u00e9gr\u00e9.<\/li>\n<li style=\"font-weight: 400;\" aria-level=\"1\">Cadre en aluminium robuste garantissant durabilit\u00e9 et stabilit\u00e9.<\/li>\n<li style=\"font-weight: 400;\" aria-level=\"1\">Modes de conduite ajustables pour une autonomie et une dynamique optimales.<\/li>\n<\/ul>\n<h2><strong>Le HNF Nicolai XD4 Eco Naked est parfait pour toi si:<\/strong><\/h2>\n<ul>\n<li>Recherches un v\u00e9lo \u00e9lectrique fiable pour une utilisation quotidienne en ville et au-del\u00e0.<\/li>\n<li>Accordes de l&rsquo;importance \u00e0 un design minimaliste avec des composants de haute qualit\u00e9.<\/li>\n<li>Souhaites un E-Bike puissant avec un moteur Brose qui t&rsquo;accompagne sur de longues distances.<\/li>\n<li>Pr\u00e9f\u00e8res un v\u00e9lo plus robuste gr\u00e2ce \u00e0 une fabrication haut de gamme et une technologie int\u00e9gr\u00e9e.<\/li>\n<\/ul>\n<h2><b>Tailles recommand\u00e9es :<\/b><\/h2>\n<ul>\n<li aria-level=\"1\">M: 165 &#8211; 178 cm<\/li>\n<li aria-level=\"1\">L: 178 &#8211; 188 cm<\/li>\n<li aria-level=\"1\">XL: &gt;188 cm<\/li>\n<\/ul>\n","protected":false},"excerpt":{"rendered":"<h2><b>\u00c0 propos de HNF NICOLAI<\/b><\/h2>\n<p>Depuis 2015,\u00a0HNF\u00a0construit des v\u00e9los \u00e9lectriques premium de la plus haute qualit\u00e9. Aujourd\u2019hui, HNF est devenu un synonyme de v\u00e9hicules de haute qualit\u00e9, avec des concepts d\u2019entra\u00eenement pionniers et un design sup\u00e9rieur dans le segment haut de gamme.<\/p>\n<p>Leur gamme de produits s\u2019\u00e9tend des City E-Bikes et tout-terrain aux v\u00e9los de transport dot\u00e9s d\u2019une technologie d\u2019inclinaison brevet\u00e9e. La production europ\u00e9enne de leurs v\u00e9los \u00e9lectriques r\u00e9pond aux normes les plus \u00e9lev\u00e9es et est suivie d\u2019un contr\u00f4le m\u00e9ticuleux dans leur usine en Allemagne.<\/p>\n","protected":false},"featured_media":68395,"comment_status":"open","ping_status":"closed","template":"","meta":{"_acf_changed":false},"product_brand":[],"product_cat":[10082,10185,10157,10161,10159,10184,10186,10080,10173,10191,10096],"product_tag":[],"class_list":{"0":"post-68386","1":"product","2":"type-product","3":"status-publish","4":"has-post-thumbnail","6":"product_cat-25-km","7":"product_cat-diamant","8":"product_cat-e-bikes","9":"product_cat-e-mountain-hardtail","10":"product_cat-e-mountain","11":"product_cat-femmes","12":"product_cat-hommes","13":"product_cat-mybikeplan","14":"product_cat-noir","15":"product_cat-sale_500","16":"product_cat-alle-e-bikes","17":"pa_battery-size-625-wh","18":"pa_brand-hnf-nicolai","19":"pa_filters-color-noir","20":"pa_frame-variant-diamant","21":"pa_gears-10-vitesses","22":"pa_max-weight-150-kg","23":"pa_motor-bosch-performance-cx-25-smartes-system","24":"pa_range-100-130-km-fr","25":"pa_rider-height-165-170-cm","26":"pa_rider-height-170-175-cm","27":"pa_rider-height-175-180-cm","28":"pa_rider-height-180-185-cm","29":"pa_rider-height-185-190-cm","30":"pa_sizes-l-fr","31":"pa_sizes-m-fr","32":"pa_sizes-xl-fr","33":"pa_speed-25-km-heure","34":"pa_suspension-travel-130-mm-fr","35":"pa_tires-kenda-el-capo-60-584","36":"pa_weight-27-kg-fr","38":"first","39":"instock","40":"shipping-taxable","41":"purchasable","42":"product-type-variable"},"acf":[],"yoast_head":"<!-- This site is optimized with the Yoast SEO plugin v24.5 - https:\/\/yoast.com\/wordpress\/plugins\/seo\/ -->\n<title>HNF Nicolai XD4 Eco Naked | E-Bike | 0% d&#039;int\u00e9r\u00eat | Suisse<\/title>\n<meta name=\"description\" content=\"HNF Nicolai XD4 Eco Naked et rembourse-le facilement par mois avec 0% d&#039;int\u00e9r\u00eat ! Profites-en et commence \u00e0 rouler rapidement\" \/>\n<meta name=\"robots\" content=\"noindex, follow, max-snippet:-1, max-image-preview:large, max-video-preview:-1\" \/>\n<meta property=\"og:locale\" content=\"fr_FR\" \/>\n<meta property=\"og:type\" content=\"article\" \/>\n<meta property=\"og:title\" content=\"HNF Nicolai XD4 Eco Naked | E-Bike | 0% d&#039;int\u00e9r\u00eat | Suisse\" \/>\n<meta property=\"og:description\" content=\"HNF Nicolai XD4 Eco Naked et rembourse-le facilement par mois avec 0% d&#039;int\u00e9r\u00eat ! Profites-en et commence \u00e0 rouler rapidement\" \/>\n<meta property=\"og:url\" content=\"https:\/\/listings.mybikeplan.ch\/fr\/produit\/hnf-nicolai-xd4-eco-naked-black-diamant\/\" \/>\n<meta property=\"og:site_name\" content=\"MyBikePlan\" \/>\n<meta property=\"article:modified_time\" content=\"2025-04-14T07:49:11+00:00\" \/>\n<meta property=\"og:image\" content=\"https:\/\/listings.mybikeplan.ch\/wp-content\/uploads\/2024\/10\/HNF-Nicolai-XD4-Eco-Naked.png\" \/>\n\t<meta property=\"og:image:width\" content=\"3000\" \/>\n\t<meta property=\"og:image:height\" content=\"3000\" \/>\n\t<meta property=\"og:image:type\" content=\"image\/png\" \/>\n<meta name=\"twitter:card\" content=\"summary_large_image\" \/>\n<meta name=\"twitter:label1\" content=\"Dur\u00e9e de lecture estim\u00e9e\" \/>\n\t<meta name=\"twitter:data1\" content=\"1 minute\" \/>\n<script type=\"application\/ld+json\" class=\"yoast-schema-graph\">{\"@context\":\"https:\/\/schema.org\",\"@graph\":[{\"@type\":\"WebPage\",\"@id\":\"https:\/\/listings.mybikeplan.ch\/fr\/produit\/hnf-nicolai-xd4-eco-naked-black-diamant\/\",\"url\":\"https:\/\/listings.mybikeplan.ch\/fr\/produit\/hnf-nicolai-xd4-eco-naked-black-diamant\/\",\"name\":\"HNF Nicolai XD4 Eco Naked | E-Bike | 0% d'int\u00e9r\u00eat | Suisse\",\"isPartOf\":{\"@id\":\"https:\/\/listings.mybikeplan.ch\/fr\/#website\"},\"primaryImageOfPage\":{\"@id\":\"https:\/\/listings.mybikeplan.ch\/fr\/produit\/hnf-nicolai-xd4-eco-naked-black-diamant\/#primaryimage\"},\"image\":{\"@id\":\"https:\/\/listings.mybikeplan.ch\/fr\/produit\/hnf-nicolai-xd4-eco-naked-black-diamant\/#primaryimage\"},\"thumbnailUrl\":\"https:\/\/listings.mybikeplan.ch\/wp-content\/uploads\/2024\/10\/HNF-Nicolai-XD4-Eco-Naked.png\",\"datePublished\":\"2024-10-03T10:48:21+00:00\",\"dateModified\":\"2025-04-14T07:49:11+00:00\",\"description\":\"HNF Nicolai XD4 Eco Naked et rembourse-le facilement par mois avec 0% d'int\u00e9r\u00eat ! Profites-en et commence \u00e0 rouler rapidement\",\"breadcrumb\":{\"@id\":\"https:\/\/listings.mybikeplan.ch\/fr\/produit\/hnf-nicolai-xd4-eco-naked-black-diamant\/#breadcrumb\"},\"inLanguage\":\"fr-FR\",\"potentialAction\":[{\"@type\":\"ReadAction\",\"target\":[\"https:\/\/listings.mybikeplan.ch\/fr\/produit\/hnf-nicolai-xd4-eco-naked-black-diamant\/\"]}]},{\"@type\":\"ImageObject\",\"inLanguage\":\"fr-FR\",\"@id\":\"https:\/\/listings.mybikeplan.ch\/fr\/produit\/hnf-nicolai-xd4-eco-naked-black-diamant\/#primaryimage\",\"url\":\"https:\/\/listings.mybikeplan.ch\/wp-content\/uploads\/2024\/10\/HNF-Nicolai-XD4-Eco-Naked.png\",\"contentUrl\":\"https:\/\/listings.mybikeplan.ch\/wp-content\/uploads\/2024\/10\/HNF-Nicolai-XD4-Eco-Naked.png\",\"width\":3000,\"height\":3000},{\"@type\":\"BreadcrumbList\",\"@id\":\"https:\/\/listings.mybikeplan.ch\/fr\/produit\/hnf-nicolai-xd4-eco-naked-black-diamant\/#breadcrumb\",\"itemListElement\":[{\"@type\":\"ListItem\",\"position\":1,\"name\":\"Home\",\"item\":\"https:\/\/listings.mybikeplan.ch\/fr\/home\/\"},{\"@type\":\"ListItem\",\"position\":2,\"name\":\"HNF Nicolai XD4 Eco Naked\"}]},{\"@type\":\"WebSite\",\"@id\":\"https:\/\/listings.mybikeplan.ch\/fr\/#website\",\"url\":\"https:\/\/listings.mybikeplan.ch\/fr\/\",\"name\":\"MyBikePlan\",\"description\":\"\",\"potentialAction\":[{\"@type\":\"SearchAction\",\"target\":{\"@type\":\"EntryPoint\",\"urlTemplate\":\"https:\/\/listings.mybikeplan.ch\/fr\/?s={search_term_string}\"},\"query-input\":{\"@type\":\"PropertyValueSpecification\",\"valueRequired\":true,\"valueName\":\"search_term_string\"}}],\"inLanguage\":\"fr-FR\"}]}<\/script>\n<!-- \/ Yoast SEO plugin. -->","yoast_head_json":{"title":"HNF Nicolai XD4 Eco Naked | E-Bike | 0% d'int\u00e9r\u00eat | Suisse","description":"HNF Nicolai XD4 Eco Naked et rembourse-le facilement par mois avec 0% d'int\u00e9r\u00eat ! Profites-en et commence \u00e0 rouler rapidement","robots":{"index":"noindex","follow":"follow","max-snippet":"max-snippet:-1","max-image-preview":"max-image-preview:large","max-video-preview":"max-video-preview:-1"},"og_locale":"fr_FR","og_type":"article","og_title":"HNF Nicolai XD4 Eco Naked | E-Bike | 0% d'int\u00e9r\u00eat | Suisse","og_description":"HNF Nicolai XD4 Eco Naked et rembourse-le facilement par mois avec 0% d'int\u00e9r\u00eat ! Profites-en et commence \u00e0 rouler rapidement","og_url":"https:\/\/listings.mybikeplan.ch\/fr\/produit\/hnf-nicolai-xd4-eco-naked-black-diamant\/","og_site_name":"MyBikePlan","article_modified_time":"2025-04-14T07:49:11+00:00","og_image":[{"width":3000,"height":3000,"url":"https:\/\/listings.mybikeplan.ch\/wp-content\/uploads\/2024\/10\/HNF-Nicolai-XD4-Eco-Naked.png","type":"image\/png"}],"twitter_card":"summary_large_image","twitter_misc":{"Dur\u00e9e de lecture estim\u00e9e":"1 minute"},"schema":{"@context":"https:\/\/schema.org","@graph":[{"@type":"WebPage","@id":"https:\/\/listings.mybikeplan.ch\/fr\/produit\/hnf-nicolai-xd4-eco-naked-black-diamant\/","url":"https:\/\/listings.mybikeplan.ch\/fr\/produit\/hnf-nicolai-xd4-eco-naked-black-diamant\/","name":"HNF Nicolai XD4 Eco Naked | E-Bike | 0% d'int\u00e9r\u00eat | Suisse","isPartOf":{"@id":"https:\/\/listings.mybikeplan.ch\/fr\/#website"},"primaryImageOfPage":{"@id":"https:\/\/listings.mybikeplan.ch\/fr\/produit\/hnf-nicolai-xd4-eco-naked-black-diamant\/#primaryimage"},"image":{"@id":"https:\/\/listings.mybikeplan.ch\/fr\/produit\/hnf-nicolai-xd4-eco-naked-black-diamant\/#primaryimage"},"thumbnailUrl":"https:\/\/listings.mybikeplan.ch\/wp-content\/uploads\/2024\/10\/HNF-Nicolai-XD4-Eco-Naked.png","datePublished":"2024-10-03T10:48:21+00:00","dateModified":"2025-04-14T07:49:11+00:00","description":"HNF Nicolai XD4 Eco Naked et rembourse-le facilement par mois avec 0% d'int\u00e9r\u00eat ! Profites-en et commence \u00e0 rouler rapidement","breadcrumb":{"@id":"https:\/\/listings.mybikeplan.ch\/fr\/produit\/hnf-nicolai-xd4-eco-naked-black-diamant\/#breadcrumb"},"inLanguage":"fr-FR","potentialAction":[{"@type":"ReadAction","target":["https:\/\/listings.mybikeplan.ch\/fr\/produit\/hnf-nicolai-xd4-eco-naked-black-diamant\/"]}]},{"@type":"ImageObject","inLanguage":"fr-FR","@id":"https:\/\/listings.mybikeplan.ch\/fr\/produit\/hnf-nicolai-xd4-eco-naked-black-diamant\/#primaryimage","url":"https:\/\/listings.mybikeplan.ch\/wp-content\/uploads\/2024\/10\/HNF-Nicolai-XD4-Eco-Naked.png","contentUrl":"https:\/\/listings.mybikeplan.ch\/wp-content\/uploads\/2024\/10\/HNF-Nicolai-XD4-Eco-Naked.png","width":3000,"height":3000},{"@type":"BreadcrumbList","@id":"https:\/\/listings.mybikeplan.ch\/fr\/produit\/hnf-nicolai-xd4-eco-naked-black-diamant\/#breadcrumb","itemListElement":[{"@type":"ListItem","position":1,"name":"Home","item":"https:\/\/listings.mybikeplan.ch\/fr\/home\/"},{"@type":"ListItem","position":2,"name":"HNF Nicolai XD4 Eco Naked"}]},{"@type":"WebSite","@id":"https:\/\/listings.mybikeplan.ch\/fr\/#website","url":"https:\/\/listings.mybikeplan.ch\/fr\/","name":"MyBikePlan","description":"","potentialAction":[{"@type":"SearchAction","target":{"@type":"EntryPoint","urlTemplate":"https:\/\/listings.mybikeplan.ch\/fr\/?s={search_term_string}"},"query-input":{"@type":"PropertyValueSpecification","valueRequired":true,"valueName":"search_term_string"}}],"inLanguage":"fr-FR"}]}},"_links":{"self":[{"href":"https:\/\/listings.mybikeplan.ch\/fr\/wp-json\/wp\/v2\/product\/68386","targetHints":{"allow":["GET"]}}],"collection":[{"href":"https:\/\/listings.mybikeplan.ch\/fr\/wp-json\/wp\/v2\/product"}],"about":[{"href":"https:\/\/listings.mybikeplan.ch\/fr\/wp-json\/wp\/v2\/types\/product"}],"replies":[{"embeddable":true,"href":"https:\/\/listings.mybikeplan.ch\/fr\/wp-json\/wp\/v2\/comments?post=68386"}],"wp:featuredmedia":[{"embeddable":true,"href":"https:\/\/listings.mybikeplan.ch\/fr\/wp-json\/wp\/v2\/media\/68395"}],"wp:attachment":[{"href":"https:\/\/listings.mybikeplan.ch\/fr\/wp-json\/wp\/v2\/media?parent=68386"}],"wp:term":[{"taxonomy":"product_brand","embeddable":true,"href":"https:\/\/listings.mybikeplan.ch\/fr\/wp-json\/wp\/v2\/product_brand?post=68386"},{"taxonomy":"product_cat","embeddable":true,"href":"https:\/\/listings.mybikeplan.ch\/fr\/wp-json\/wp\/v2\/product_cat?post=68386"},{"taxonomy":"product_tag","embeddable":true,"href":"https:\/\/listings.mybikeplan.ch\/fr\/wp-json\/wp\/v2\/product_tag?post=68386"}],"curies":[{"name":"wp","href":"https:\/\/api.w.org\/{rel}","templated":true}]}}