{"id":68291,"date":"2024-09-30T09:05:22","date_gmt":"2024-09-30T09:05:40","guid":{"rendered":"https:\/\/listings.mybikeplan.ch\/?post_type=product&#038;p=68291"},"modified":"2024-09-30T14:23:21","modified_gmt":"2024-09-30T14:23:21","slug":"kalkhoff-endeavour-7b-advance-abs-dark-grey-wave","status":"publish","type":"product","link":"https:\/\/listings.mybikeplan.ch\/fr\/produit\/kalkhoff-endeavour-7b-advance-abs-dark-grey-wave\/","title":{"rendered":"Kalkhoff Endeavour 7.B Advance+ ABS"},"content":{"rendered":"<h2><strong>Le plus important sur le Kalkhoff Endeavour 7.B Advance+ ABS:<\/strong><\/h2>\n<ul>\n<li style=\"font-weight: 400;\" aria-level=\"1\">Moteur puissant Bosch Performance Line CX Smart System avec un couple de 85 Nm.<\/li>\n<li style=\"font-weight: 400;\" aria-level=\"1\">Conduite confortable et s\u00e9curis\u00e9e gr\u00e2ce aux freins \u00e0 disque Magura MTC avec ABS.<\/li>\n<li style=\"font-weight: 400;\" aria-level=\"1\">Cadre en aluminium robuste avec batterie int\u00e9gr\u00e9e de 750 Wh pour une grande autonomie.<\/li>\n<li style=\"font-weight: 400;\" aria-level=\"1\">Transmission Shimano Deore XT de haute qualit\u00e9 pour des changements de vitesses pr\u00e9cis et fiables.<\/li>\n<\/ul>\n<h2><strong>Le Kalkhoff Endeavour 7.B Advance+ ABS est parfait pour toi si:<\/strong><\/h2>\n<ul>\n<li>Recherches un trekking E-Bike fiable et s\u00e9curis\u00e9 pour de longues randonn\u00e9es, performant m\u00eame sous forte charge.<\/li>\n<li>Appr\u00e9cies un moteur puissant avec la technologie la plus avanc\u00e9e et un syst\u00e8me de gestion intelligent.<\/li>\n<li>Pr\u00e9f\u00e8res une position de conduite confortable et une personnalisation facile gr\u00e2ce \u00e0 des composants r\u00e9glables.<\/li>\n<li>Attends un maximum de contr\u00f4le et de s\u00e9curit\u00e9 gr\u00e2ce \u00e0 des syst\u00e8mes de freinage et de suspension de pointe.<\/li>\n<\/ul>\n<h2><b>Tailles recommand\u00e9es :<\/b><\/h2>\n<ul>\n<li aria-level=\"1\">M: 165 &#8211; 180 cm<\/li>\n<\/ul>\n","protected":false},"excerpt":{"rendered":"<h3><span data-sheets-root=\"1\" data-sheets-value=\"{&quot;1&quot;:2,&quot;2&quot;:&quot;\u00c0 propos de BMCnAvec plusieurs d\u00e9cennies d'exp\u00e9rience et une recherche constante de vitesse, BMC s'est impos\u00e9e comme une marque de r\u00e9f\u00e9rence dans le monde des v\u00e9los haut de gamme. Depuis la fin des ann\u00e9es 80 et le d\u00e9but des ann\u00e9es 90, BMC a d\u00e9velopp\u00e9 et perfectionn\u00e9 des innovations majeures, toujours dans le but de cr\u00e9er les v\u00e9los les plus rapides. Leur \u00e9quipe de plus de 150 experts \u00e0 Granges, en Suisse, est constamment en train de rechercher et de mettre en \u0153uvre de nouvelles technologies.&quot;}\" data-sheets-userformat=\"{&quot;2&quot;:3005,&quot;3&quot;:{&quot;1&quot;:0},&quot;5&quot;:{&quot;1&quot;:[{&quot;1&quot;:2,&quot;2&quot;:0,&quot;5&quot;:{&quot;1&quot;:2,&quot;2&quot;:0}},{&quot;1&quot;:0,&quot;2&quot;:0,&quot;3&quot;:3},{&quot;1&quot;:1,&quot;2&quot;:0,&quot;4&quot;:1}]},&quot;6&quot;:{&quot;1&quot;:[{&quot;1&quot;:2,&quot;2&quot;:0,&quot;5&quot;:{&quot;1&quot;:2,&quot;2&quot;:0}},{&quot;1&quot;:0,&quot;2&quot;:0,&quot;3&quot;:3},{&quot;1&quot;:1,&quot;2&quot;:0,&quot;4&quot;:1}]},&quot;7&quot;:{&quot;1&quot;:[{&quot;1&quot;:2,&quot;2&quot;:0,&quot;5&quot;:{&quot;1&quot;:2,&quot;2&quot;:0}},{&quot;1&quot;:0,&quot;2&quot;:0,&quot;3&quot;:3},{&quot;1&quot;:1,&quot;2&quot;:0,&quot;4&quot;:1}]},&quot;8&quot;:{&quot;1&quot;:[{&quot;1&quot;:2,&quot;2&quot;:0,&quot;5&quot;:{&quot;1&quot;:2,&quot;2&quot;:0}},{&quot;1&quot;:0,&quot;2&quot;:0,&quot;3&quot;:3},{&quot;1&quot;:1,&quot;2&quot;:0,&quot;4&quot;:1}]},&quot;10&quot;:0,&quot;11&quot;:4,&quot;12&quot;:0,&quot;14&quot;:{&quot;1&quot;:2,&quot;2&quot;:0}}\" data-sheets-textstyleruns=\"{&quot;1&quot;:0,&quot;2&quot;:{&quot;5&quot;:1}}\uee10{&quot;1&quot;:15}\uee10{&quot;1&quot;:16,&quot;2&quot;:{}}\"><strong>\u00c0 propos de Kalkhoff<\/strong><\/span><\/h3>\n<p>Kalkhoff est une marque allemande traditionnelle qui existe depuis plus de 100 ans. L&rsquo;entreprise con\u00e7oit, d\u00e9veloppe et produit ses v\u00e9los \u00e9lectriques Kalkhoff et ses v\u00e9los dans sa propre usine \u00e0 Cloppenburg, en Allemagne. Les normes de qualit\u00e9 \u00e9lev\u00e9es et le design moderne rendent les v\u00e9los \u00e9lectriques Kalkhoff uniques. Les v\u00e9los \u00e9lectriques de trekking et les v\u00e9los \u00e9lectriques de ville en sont la force principale et offrent un maximum de confort et de performance.<\/p>\n","protected":false},"featured_media":68299,"comment_status":"open","ping_status":"closed","template":"","meta":{"_acf_changed":false},"product_brand":[],"product_cat":[10082,10157,10162,10163,10184,10168,10186,10468,10080,11800,10188],"product_tag":[],"class_list":{"0":"post-68291","1":"product","2":"type-product","3":"status-publish","4":"has-post-thumbnail","6":"product_cat-25-km","7":"product_cat-e-bikes","8":"product_cat-e-trekking","9":"product_cat-e-urban","10":"product_cat-femmes","11":"product_cat-gris","12":"product_cat-hommes","13":"product_cat-marque-kalkhoff","14":"product_cat-mybikeplan","15":"product_cat-sale_1000","16":"product_cat-wave","17":"pa_battery-size-750-wh","18":"pa_brand-kalkhoff","19":"pa_display-bosch-kiox-300-colour-display-with-walk-assist-fr","20":"pa_filters-color-gris","21":"pa_frame-variant-wave","22":"pa_max-weight-170-kg-fr","23":"pa_motor-bosch-performance-line-cx-smart-system-36-v-250-w-85-nm-fr","24":"pa_range-140-180-km-fr","25":"pa_rider-height-155-160-cm","26":"pa_rider-height-160-165-cm","27":"pa_rider-height-165-170-cm","28":"pa_rider-height-170-175-cm","29":"pa_rider-height-175-180-cm","30":"pa_sizes-m-fr","31":"pa_sizes-s-fr","32":"pa_speed-25-km-heure","33":"pa_suspension-travel-80-mm-fr","34":"pa_tires-schwalbe-marathon-almotion-55-584-fr","36":"first","37":"instock","38":"shipping-taxable","39":"purchasable","40":"product-type-variable"},"acf":[],"yoast_head":"<!-- This site is optimized with the Yoast SEO plugin v24.5 - https:\/\/yoast.com\/wordpress\/plugins\/seo\/ -->\n<title>Kalkhoff Endeavour 7.B Advance+ ABS | E-Bike | 0% d&#039;int\u00e9r\u00eat | Suisse<\/title>\n<meta name=\"description\" content=\"Kalkhoff Endeavour 7.B Advance+ ABS et rembourse-le facilement par mois avec 0% d&#039;int\u00e9r\u00eat ! Profites-en et commence \u00e0 rouler rapidement\" \/>\n<meta name=\"robots\" content=\"noindex, follow, max-snippet:-1, max-image-preview:large, max-video-preview:-1\" \/>\n<meta property=\"og:locale\" content=\"fr_FR\" \/>\n<meta property=\"og:type\" content=\"article\" \/>\n<meta property=\"og:title\" content=\"Kalkhoff Endeavour 7.B Advance+ ABS | E-Bike | 0% d&#039;int\u00e9r\u00eat | Suisse\" \/>\n<meta property=\"og:description\" content=\"Kalkhoff Endeavour 7.B Advance+ ABS et rembourse-le facilement par mois avec 0% d&#039;int\u00e9r\u00eat ! Profites-en et commence \u00e0 rouler rapidement\" \/>\n<meta property=\"og:url\" content=\"https:\/\/listings.mybikeplan.ch\/fr\/produit\/kalkhoff-endeavour-7b-advance-abs-dark-grey-wave\/\" \/>\n<meta property=\"og:site_name\" content=\"MyBikePlan\" \/>\n<meta property=\"article:modified_time\" content=\"2024-09-30T14:23:21+00:00\" \/>\n<meta property=\"og:image\" content=\"https:\/\/listings.mybikeplan.ch\/wp-content\/uploads\/2024\/09\/Kalkhoff-Endeavour-7.B-Advance-ABS-grey-wave-1-1024x1024.png\" \/>\n\t<meta property=\"og:image:width\" content=\"1024\" \/>\n\t<meta property=\"og:image:height\" content=\"1024\" \/>\n\t<meta property=\"og:image:type\" content=\"image\/png\" \/>\n<meta name=\"twitter:card\" content=\"summary_large_image\" \/>\n<meta name=\"twitter:label1\" content=\"Dur\u00e9e de lecture estim\u00e9e\" \/>\n\t<meta name=\"twitter:data1\" content=\"1 minute\" \/>\n<script type=\"application\/ld+json\" class=\"yoast-schema-graph\">{\"@context\":\"https:\/\/schema.org\",\"@graph\":[{\"@type\":\"WebPage\",\"@id\":\"https:\/\/listings.mybikeplan.ch\/fr\/produit\/kalkhoff-endeavour-7b-advance-abs-dark-grey-wave\/\",\"url\":\"https:\/\/listings.mybikeplan.ch\/fr\/produit\/kalkhoff-endeavour-7b-advance-abs-dark-grey-wave\/\",\"name\":\"Kalkhoff Endeavour 7.B Advance+ ABS | E-Bike | 0% d'int\u00e9r\u00eat | Suisse\",\"isPartOf\":{\"@id\":\"https:\/\/listings.mybikeplan.ch\/fr\/#website\"},\"primaryImageOfPage\":{\"@id\":\"https:\/\/listings.mybikeplan.ch\/fr\/produit\/kalkhoff-endeavour-7b-advance-abs-dark-grey-wave\/#primaryimage\"},\"image\":{\"@id\":\"https:\/\/listings.mybikeplan.ch\/fr\/produit\/kalkhoff-endeavour-7b-advance-abs-dark-grey-wave\/#primaryimage\"},\"thumbnailUrl\":\"https:\/\/listings.mybikeplan.ch\/wp-content\/uploads\/2024\/09\/Kalkhoff-Endeavour-7.B-Advance-ABS-grey-wave-1.png\",\"datePublished\":\"2024-09-30T09:05:40+00:00\",\"dateModified\":\"2024-09-30T14:23:21+00:00\",\"description\":\"Kalkhoff Endeavour 7.B Advance+ ABS et rembourse-le facilement par mois avec 0% d'int\u00e9r\u00eat ! Profites-en et commence \u00e0 rouler rapidement\",\"breadcrumb\":{\"@id\":\"https:\/\/listings.mybikeplan.ch\/fr\/produit\/kalkhoff-endeavour-7b-advance-abs-dark-grey-wave\/#breadcrumb\"},\"inLanguage\":\"fr-FR\",\"potentialAction\":[{\"@type\":\"ReadAction\",\"target\":[\"https:\/\/listings.mybikeplan.ch\/fr\/produit\/kalkhoff-endeavour-7b-advance-abs-dark-grey-wave\/\"]}]},{\"@type\":\"ImageObject\",\"inLanguage\":\"fr-FR\",\"@id\":\"https:\/\/listings.mybikeplan.ch\/fr\/produit\/kalkhoff-endeavour-7b-advance-abs-dark-grey-wave\/#primaryimage\",\"url\":\"https:\/\/listings.mybikeplan.ch\/wp-content\/uploads\/2024\/09\/Kalkhoff-Endeavour-7.B-Advance-ABS-grey-wave-1.png\",\"contentUrl\":\"https:\/\/listings.mybikeplan.ch\/wp-content\/uploads\/2024\/09\/Kalkhoff-Endeavour-7.B-Advance-ABS-grey-wave-1.png\",\"width\":3000,\"height\":3000},{\"@type\":\"BreadcrumbList\",\"@id\":\"https:\/\/listings.mybikeplan.ch\/fr\/produit\/kalkhoff-endeavour-7b-advance-abs-dark-grey-wave\/#breadcrumb\",\"itemListElement\":[{\"@type\":\"ListItem\",\"position\":1,\"name\":\"Home\",\"item\":\"https:\/\/listings.mybikeplan.ch\/fr\/home\/\"},{\"@type\":\"ListItem\",\"position\":2,\"name\":\"Kalkhoff Endeavour 7.B Advance+ ABS\"}]},{\"@type\":\"WebSite\",\"@id\":\"https:\/\/listings.mybikeplan.ch\/fr\/#website\",\"url\":\"https:\/\/listings.mybikeplan.ch\/fr\/\",\"name\":\"MyBikePlan\",\"description\":\"\",\"potentialAction\":[{\"@type\":\"SearchAction\",\"target\":{\"@type\":\"EntryPoint\",\"urlTemplate\":\"https:\/\/listings.mybikeplan.ch\/fr\/?s={search_term_string}\"},\"query-input\":{\"@type\":\"PropertyValueSpecification\",\"valueRequired\":true,\"valueName\":\"search_term_string\"}}],\"inLanguage\":\"fr-FR\"}]}<\/script>\n<!-- \/ Yoast SEO plugin. -->","yoast_head_json":{"title":"Kalkhoff Endeavour 7.B Advance+ ABS | E-Bike | 0% d'int\u00e9r\u00eat | Suisse","description":"Kalkhoff Endeavour 7.B Advance+ ABS et rembourse-le facilement par mois avec 0% d'int\u00e9r\u00eat ! Profites-en et commence \u00e0 rouler rapidement","robots":{"index":"noindex","follow":"follow","max-snippet":"max-snippet:-1","max-image-preview":"max-image-preview:large","max-video-preview":"max-video-preview:-1"},"og_locale":"fr_FR","og_type":"article","og_title":"Kalkhoff Endeavour 7.B Advance+ ABS | E-Bike | 0% d'int\u00e9r\u00eat | Suisse","og_description":"Kalkhoff Endeavour 7.B Advance+ ABS et rembourse-le facilement par mois avec 0% d'int\u00e9r\u00eat ! Profites-en et commence \u00e0 rouler rapidement","og_url":"https:\/\/listings.mybikeplan.ch\/fr\/produit\/kalkhoff-endeavour-7b-advance-abs-dark-grey-wave\/","og_site_name":"MyBikePlan","article_modified_time":"2024-09-30T14:23:21+00:00","og_image":[{"width":1024,"height":1024,"url":"https:\/\/listings.mybikeplan.ch\/wp-content\/uploads\/2024\/09\/Kalkhoff-Endeavour-7.B-Advance-ABS-grey-wave-1-1024x1024.png","type":"image\/png"}],"twitter_card":"summary_large_image","twitter_misc":{"Dur\u00e9e de lecture estim\u00e9e":"1 minute"},"schema":{"@context":"https:\/\/schema.org","@graph":[{"@type":"WebPage","@id":"https:\/\/listings.mybikeplan.ch\/fr\/produit\/kalkhoff-endeavour-7b-advance-abs-dark-grey-wave\/","url":"https:\/\/listings.mybikeplan.ch\/fr\/produit\/kalkhoff-endeavour-7b-advance-abs-dark-grey-wave\/","name":"Kalkhoff Endeavour 7.B Advance+ ABS | E-Bike | 0% d'int\u00e9r\u00eat | Suisse","isPartOf":{"@id":"https:\/\/listings.mybikeplan.ch\/fr\/#website"},"primaryImageOfPage":{"@id":"https:\/\/listings.mybikeplan.ch\/fr\/produit\/kalkhoff-endeavour-7b-advance-abs-dark-grey-wave\/#primaryimage"},"image":{"@id":"https:\/\/listings.mybikeplan.ch\/fr\/produit\/kalkhoff-endeavour-7b-advance-abs-dark-grey-wave\/#primaryimage"},"thumbnailUrl":"https:\/\/listings.mybikeplan.ch\/wp-content\/uploads\/2024\/09\/Kalkhoff-Endeavour-7.B-Advance-ABS-grey-wave-1.png","datePublished":"2024-09-30T09:05:40+00:00","dateModified":"2024-09-30T14:23:21+00:00","description":"Kalkhoff Endeavour 7.B Advance+ ABS et rembourse-le facilement par mois avec 0% d'int\u00e9r\u00eat ! Profites-en et commence \u00e0 rouler rapidement","breadcrumb":{"@id":"https:\/\/listings.mybikeplan.ch\/fr\/produit\/kalkhoff-endeavour-7b-advance-abs-dark-grey-wave\/#breadcrumb"},"inLanguage":"fr-FR","potentialAction":[{"@type":"ReadAction","target":["https:\/\/listings.mybikeplan.ch\/fr\/produit\/kalkhoff-endeavour-7b-advance-abs-dark-grey-wave\/"]}]},{"@type":"ImageObject","inLanguage":"fr-FR","@id":"https:\/\/listings.mybikeplan.ch\/fr\/produit\/kalkhoff-endeavour-7b-advance-abs-dark-grey-wave\/#primaryimage","url":"https:\/\/listings.mybikeplan.ch\/wp-content\/uploads\/2024\/09\/Kalkhoff-Endeavour-7.B-Advance-ABS-grey-wave-1.png","contentUrl":"https:\/\/listings.mybikeplan.ch\/wp-content\/uploads\/2024\/09\/Kalkhoff-Endeavour-7.B-Advance-ABS-grey-wave-1.png","width":3000,"height":3000},{"@type":"BreadcrumbList","@id":"https:\/\/listings.mybikeplan.ch\/fr\/produit\/kalkhoff-endeavour-7b-advance-abs-dark-grey-wave\/#breadcrumb","itemListElement":[{"@type":"ListItem","position":1,"name":"Home","item":"https:\/\/listings.mybikeplan.ch\/fr\/home\/"},{"@type":"ListItem","position":2,"name":"Kalkhoff Endeavour 7.B Advance+ ABS"}]},{"@type":"WebSite","@id":"https:\/\/listings.mybikeplan.ch\/fr\/#website","url":"https:\/\/listings.mybikeplan.ch\/fr\/","name":"MyBikePlan","description":"","potentialAction":[{"@type":"SearchAction","target":{"@type":"EntryPoint","urlTemplate":"https:\/\/listings.mybikeplan.ch\/fr\/?s={search_term_string}"},"query-input":{"@type":"PropertyValueSpecification","valueRequired":true,"valueName":"search_term_string"}}],"inLanguage":"fr-FR"}]}},"_links":{"self":[{"href":"https:\/\/listings.mybikeplan.ch\/fr\/wp-json\/wp\/v2\/product\/68291","targetHints":{"allow":["GET"]}}],"collection":[{"href":"https:\/\/listings.mybikeplan.ch\/fr\/wp-json\/wp\/v2\/product"}],"about":[{"href":"https:\/\/listings.mybikeplan.ch\/fr\/wp-json\/wp\/v2\/types\/product"}],"replies":[{"embeddable":true,"href":"https:\/\/listings.mybikeplan.ch\/fr\/wp-json\/wp\/v2\/comments?post=68291"}],"wp:featuredmedia":[{"embeddable":true,"href":"https:\/\/listings.mybikeplan.ch\/fr\/wp-json\/wp\/v2\/media\/68299"}],"wp:attachment":[{"href":"https:\/\/listings.mybikeplan.ch\/fr\/wp-json\/wp\/v2\/media?parent=68291"}],"wp:term":[{"taxonomy":"product_brand","embeddable":true,"href":"https:\/\/listings.mybikeplan.ch\/fr\/wp-json\/wp\/v2\/product_brand?post=68291"},{"taxonomy":"product_cat","embeddable":true,"href":"https:\/\/listings.mybikeplan.ch\/fr\/wp-json\/wp\/v2\/product_cat?post=68291"},{"taxonomy":"product_tag","embeddable":true,"href":"https:\/\/listings.mybikeplan.ch\/fr\/wp-json\/wp\/v2\/product_tag?post=68291"}],"curies":[{"name":"wp","href":"https:\/\/api.w.org\/{rel}","templated":true}]}}