{"id":68246,"date":"2024-09-27T12:25:25","date_gmt":"2024-09-27T12:25:37","guid":{"rendered":"https:\/\/listings.mybikeplan.ch\/?post_type=product&#038;p=68246"},"modified":"2024-09-27T14:10:12","modified_gmt":"2024-09-27T14:10:12","slug":"kalkhoff-endeavour-3b-move-dark-grey-trapez","status":"publish","type":"product","link":"https:\/\/listings.mybikeplan.ch\/fr\/produit\/kalkhoff-endeavour-3b-move-dark-grey-trapez\/","title":{"rendered":"Kalkhoff Endeavour 3.B Move"},"content":{"rendered":"<h2><strong>Le plus important sur le Kalkhoff Endeavour 3.B Move:<\/strong><\/h2>\n<ul>\n<li style=\"font-weight: 400;\" aria-level=\"1\">Puissant moteur Bosch Performance Line Smart System avec 75 Nm pour un soutien efficace jusqu&rsquo;\u00e0 25 km\/h.<\/li>\n<li style=\"font-weight: 400;\" aria-level=\"1\">Cadre robuste en aluminium et potence ajustable pour une stabilit\u00e9 et un confort maximum.<\/li>\n<li style=\"font-weight: 400;\" aria-level=\"1\">Fourche SR Suntour NEX E25 de haute qualit\u00e9 avec 63 mm de d\u00e9battement pour des trajets confortables sur tous types de terrains.<\/li>\n<li style=\"font-weight: 400;\" aria-level=\"1\">Batterie puissante de 625 Wh pour de longues randonn\u00e9es et un plaisir de conduite sans limite.<\/li>\n<\/ul>\n<h2><strong>Le Kalkhoff Endeavour 3.B Move est parfait pour toi si:<\/strong><\/h2>\n<ul>\n<li>Cherches un Trekking E-Bike fiable pour des longues randonn\u00e9es et une utilisation quotidienne.<\/li>\n<li>Accordes de l&rsquo;importance \u00e0 un v\u00e9lo stable et confortable avec une position de conduite ajustable.<\/li>\n<li>Veux profiter d&rsquo;un moteur puissant et d&rsquo;une grande autonomie de batterie.<\/li>\n<li>Cherches un v\u00e9lo robuste et facile d&rsquo;entretien avec des freins \u00e0 disque hydrauliques.<\/li>\n<\/ul>\n<h2><b>Tailles recommand\u00e9es :<\/b><\/h2>\n<ul>\n<li>S: 155 &#8211; 170 cm<\/li>\n<\/ul>\n","protected":false},"excerpt":{"rendered":"<h3><span data-sheets-root=\"1\" data-sheets-value=\"{&quot;1&quot;:2,&quot;2&quot;:&quot;\u00c0 propos de BMCnAvec plusieurs d\u00e9cennies d'exp\u00e9rience et une recherche constante de vitesse, BMC s'est impos\u00e9e comme une marque de r\u00e9f\u00e9rence dans le monde des v\u00e9los haut de gamme. Depuis la fin des ann\u00e9es 80 et le d\u00e9but des ann\u00e9es 90, BMC a d\u00e9velopp\u00e9 et perfectionn\u00e9 des innovations majeures, toujours dans le but de cr\u00e9er les v\u00e9los les plus rapides. Leur \u00e9quipe de plus de 150 experts \u00e0 Granges, en Suisse, est constamment en train de rechercher et de mettre en \u0153uvre de nouvelles technologies.&quot;}\" data-sheets-userformat=\"{&quot;2&quot;:3005,&quot;3&quot;:{&quot;1&quot;:0},&quot;5&quot;:{&quot;1&quot;:[{&quot;1&quot;:2,&quot;2&quot;:0,&quot;5&quot;:{&quot;1&quot;:2,&quot;2&quot;:0}},{&quot;1&quot;:0,&quot;2&quot;:0,&quot;3&quot;:3},{&quot;1&quot;:1,&quot;2&quot;:0,&quot;4&quot;:1}]},&quot;6&quot;:{&quot;1&quot;:[{&quot;1&quot;:2,&quot;2&quot;:0,&quot;5&quot;:{&quot;1&quot;:2,&quot;2&quot;:0}},{&quot;1&quot;:0,&quot;2&quot;:0,&quot;3&quot;:3},{&quot;1&quot;:1,&quot;2&quot;:0,&quot;4&quot;:1}]},&quot;7&quot;:{&quot;1&quot;:[{&quot;1&quot;:2,&quot;2&quot;:0,&quot;5&quot;:{&quot;1&quot;:2,&quot;2&quot;:0}},{&quot;1&quot;:0,&quot;2&quot;:0,&quot;3&quot;:3},{&quot;1&quot;:1,&quot;2&quot;:0,&quot;4&quot;:1}]},&quot;8&quot;:{&quot;1&quot;:[{&quot;1&quot;:2,&quot;2&quot;:0,&quot;5&quot;:{&quot;1&quot;:2,&quot;2&quot;:0}},{&quot;1&quot;:0,&quot;2&quot;:0,&quot;3&quot;:3},{&quot;1&quot;:1,&quot;2&quot;:0,&quot;4&quot;:1}]},&quot;10&quot;:0,&quot;11&quot;:4,&quot;12&quot;:0,&quot;14&quot;:{&quot;1&quot;:2,&quot;2&quot;:0}}\" data-sheets-textstyleruns=\"{&quot;1&quot;:0,&quot;2&quot;:{&quot;5&quot;:1}}\uee10{&quot;1&quot;:15}\uee10{&quot;1&quot;:16,&quot;2&quot;:{}}\"><strong>\u00c0 propos de Kalkhoff<\/strong><\/span><\/h3>\n<p>Kalkhoff est une marque allemande traditionnelle qui existe depuis plus de 100 ans. L&rsquo;entreprise con\u00e7oit, d\u00e9veloppe et produit ses v\u00e9los \u00e9lectriques Kalkhoff et ses v\u00e9los dans sa propre usine \u00e0 Cloppenburg, en Allemagne. Les normes de qualit\u00e9 \u00e9lev\u00e9es et le design moderne rendent les v\u00e9los \u00e9lectriques Kalkhoff uniques. Les v\u00e9los \u00e9lectriques de trekking et les v\u00e9los \u00e9lectriques de ville en sont la force principale et offrent un maximum de confort et de performance.<\/p>\n","protected":false},"featured_media":68252,"comment_status":"open","ping_status":"closed","template":"","meta":{"_acf_changed":false},"product_brand":[],"product_cat":[10082,10157,10162,10163,10184,10168,10186,10468,10080,11861],"product_tag":[],"class_list":{"0":"post-68246","1":"product","2":"type-product","3":"status-publish","4":"has-post-thumbnail","6":"product_cat-25-km","7":"product_cat-e-bikes","8":"product_cat-e-trekking","9":"product_cat-e-urban","10":"product_cat-femmes","11":"product_cat-gris","12":"product_cat-hommes","13":"product_cat-marque-kalkhoff","14":"product_cat-mybikeplan","15":"product_cat-trapez","16":"pa_battery-li-ion-625-wh-fr","17":"pa_battery-size-625-wh","18":"pa_brakes-shimano-mt200-fr","19":"pa_brand-kalkhoff","20":"pa_cassette-shimano-hg200-fr","21":"pa_display-bosch-intuvia-100-with-led-remote-fr","22":"pa_filters-color-gris","23":"pa_fork-sr-suntour-nex-e25-hlo-63-mm-fr","24":"pa_frame-variant-trapeze","25":"pa_gear-change-shimano-alivio-9-speed-fr","26":"pa_gears-9-vitesses","27":"pa_hex-color-9b918e-fr","28":"pa_max-weight-130-kg","29":"pa_motor-bosch-performance-line-smart-system-36-v-250-w-75-nm-fr","30":"pa_range-100-130-km-fr","31":"pa_rider-height-155-160-cm","32":"pa_rider-height-160-165-cm","33":"pa_rider-height-165-170-cm","34":"pa_sizes-s-fr","35":"pa_speed-25-km-heure","36":"pa_suspension-travel-63-mm-fr","37":"pa_tires-schwalbe-energizer-plus-tour-50-622-fr","39":"first","40":"instock","41":"shipping-taxable","42":"purchasable","43":"product-type-variable"},"acf":[],"yoast_head":"<!-- This site is optimized with the Yoast SEO plugin v24.5 - https:\/\/yoast.com\/wordpress\/plugins\/seo\/ -->\n<title>Kalkhoff Endeavour 3.B Move | E-Bike | 0% d&#039;int\u00e9r\u00eat | Suisse<\/title>\n<meta name=\"description\" content=\"Kalkhoff Endeavour 3.B Move et rembourse-le facilement par mois avec 0% d&#039;int\u00e9r\u00eat ! Profites-en et commence \u00e0 rouler rapidement.\" \/>\n<meta name=\"robots\" content=\"noindex, follow, max-snippet:-1, max-image-preview:large, max-video-preview:-1\" \/>\n<meta property=\"og:locale\" content=\"fr_FR\" \/>\n<meta property=\"og:type\" content=\"article\" \/>\n<meta property=\"og:title\" content=\"Kalkhoff Endeavour 3.B Move | E-Bike | 0% d&#039;int\u00e9r\u00eat | Suisse\" \/>\n<meta property=\"og:description\" content=\"Kalkhoff Endeavour 3.B Move et rembourse-le facilement par mois avec 0% d&#039;int\u00e9r\u00eat ! Profites-en et commence \u00e0 rouler rapidement.\" \/>\n<meta property=\"og:url\" content=\"https:\/\/listings.mybikeplan.ch\/fr\/produit\/kalkhoff-endeavour-3b-move-dark-grey-trapez\/\" \/>\n<meta property=\"og:site_name\" content=\"MyBikePlan\" \/>\n<meta property=\"article:modified_time\" content=\"2024-09-27T14:10:12+00:00\" \/>\n<meta property=\"og:image\" content=\"https:\/\/listings.mybikeplan.ch\/wp-content\/uploads\/2024\/09\/Kalkhoff-Endeavour-3.B-Move-grey-trapez-1024x1024.png\" \/>\n\t<meta property=\"og:image:width\" content=\"1024\" \/>\n\t<meta property=\"og:image:height\" content=\"1024\" \/>\n\t<meta property=\"og:image:type\" content=\"image\/png\" \/>\n<meta name=\"twitter:card\" content=\"summary_large_image\" \/>\n<meta name=\"twitter:label1\" content=\"Dur\u00e9e de lecture estim\u00e9e\" \/>\n\t<meta name=\"twitter:data1\" content=\"1 minute\" \/>\n<script type=\"application\/ld+json\" class=\"yoast-schema-graph\">{\"@context\":\"https:\/\/schema.org\",\"@graph\":[{\"@type\":\"WebPage\",\"@id\":\"https:\/\/listings.mybikeplan.ch\/fr\/produit\/kalkhoff-endeavour-3b-move-dark-grey-trapez\/\",\"url\":\"https:\/\/listings.mybikeplan.ch\/fr\/produit\/kalkhoff-endeavour-3b-move-dark-grey-trapez\/\",\"name\":\"Kalkhoff Endeavour 3.B Move | E-Bike | 0% d'int\u00e9r\u00eat | Suisse\",\"isPartOf\":{\"@id\":\"https:\/\/listings.mybikeplan.ch\/fr\/#website\"},\"primaryImageOfPage\":{\"@id\":\"https:\/\/listings.mybikeplan.ch\/fr\/produit\/kalkhoff-endeavour-3b-move-dark-grey-trapez\/#primaryimage\"},\"image\":{\"@id\":\"https:\/\/listings.mybikeplan.ch\/fr\/produit\/kalkhoff-endeavour-3b-move-dark-grey-trapez\/#primaryimage\"},\"thumbnailUrl\":\"https:\/\/listings.mybikeplan.ch\/wp-content\/uploads\/2024\/09\/Kalkhoff-Endeavour-3.B-Move-grey-trapez.png\",\"datePublished\":\"2024-09-27T12:25:37+00:00\",\"dateModified\":\"2024-09-27T14:10:12+00:00\",\"description\":\"Kalkhoff Endeavour 3.B Move et rembourse-le facilement par mois avec 0% d'int\u00e9r\u00eat ! Profites-en et commence \u00e0 rouler rapidement.\",\"breadcrumb\":{\"@id\":\"https:\/\/listings.mybikeplan.ch\/fr\/produit\/kalkhoff-endeavour-3b-move-dark-grey-trapez\/#breadcrumb\"},\"inLanguage\":\"fr-FR\",\"potentialAction\":[{\"@type\":\"ReadAction\",\"target\":[\"https:\/\/listings.mybikeplan.ch\/fr\/produit\/kalkhoff-endeavour-3b-move-dark-grey-trapez\/\"]}]},{\"@type\":\"ImageObject\",\"inLanguage\":\"fr-FR\",\"@id\":\"https:\/\/listings.mybikeplan.ch\/fr\/produit\/kalkhoff-endeavour-3b-move-dark-grey-trapez\/#primaryimage\",\"url\":\"https:\/\/listings.mybikeplan.ch\/wp-content\/uploads\/2024\/09\/Kalkhoff-Endeavour-3.B-Move-grey-trapez.png\",\"contentUrl\":\"https:\/\/listings.mybikeplan.ch\/wp-content\/uploads\/2024\/09\/Kalkhoff-Endeavour-3.B-Move-grey-trapez.png\",\"width\":3000,\"height\":3000},{\"@type\":\"BreadcrumbList\",\"@id\":\"https:\/\/listings.mybikeplan.ch\/fr\/produit\/kalkhoff-endeavour-3b-move-dark-grey-trapez\/#breadcrumb\",\"itemListElement\":[{\"@type\":\"ListItem\",\"position\":1,\"name\":\"Home\",\"item\":\"https:\/\/listings.mybikeplan.ch\/fr\/home\/\"},{\"@type\":\"ListItem\",\"position\":2,\"name\":\"Kalkhoff Endeavour 3.B Move\"}]},{\"@type\":\"WebSite\",\"@id\":\"https:\/\/listings.mybikeplan.ch\/fr\/#website\",\"url\":\"https:\/\/listings.mybikeplan.ch\/fr\/\",\"name\":\"MyBikePlan\",\"description\":\"\",\"potentialAction\":[{\"@type\":\"SearchAction\",\"target\":{\"@type\":\"EntryPoint\",\"urlTemplate\":\"https:\/\/listings.mybikeplan.ch\/fr\/?s={search_term_string}\"},\"query-input\":{\"@type\":\"PropertyValueSpecification\",\"valueRequired\":true,\"valueName\":\"search_term_string\"}}],\"inLanguage\":\"fr-FR\"}]}<\/script>\n<!-- \/ Yoast SEO plugin. -->","yoast_head_json":{"title":"Kalkhoff Endeavour 3.B Move | E-Bike | 0% d'int\u00e9r\u00eat | Suisse","description":"Kalkhoff Endeavour 3.B Move et rembourse-le facilement par mois avec 0% d'int\u00e9r\u00eat ! Profites-en et commence \u00e0 rouler rapidement.","robots":{"index":"noindex","follow":"follow","max-snippet":"max-snippet:-1","max-image-preview":"max-image-preview:large","max-video-preview":"max-video-preview:-1"},"og_locale":"fr_FR","og_type":"article","og_title":"Kalkhoff Endeavour 3.B Move | E-Bike | 0% d'int\u00e9r\u00eat | Suisse","og_description":"Kalkhoff Endeavour 3.B Move et rembourse-le facilement par mois avec 0% d'int\u00e9r\u00eat ! Profites-en et commence \u00e0 rouler rapidement.","og_url":"https:\/\/listings.mybikeplan.ch\/fr\/produit\/kalkhoff-endeavour-3b-move-dark-grey-trapez\/","og_site_name":"MyBikePlan","article_modified_time":"2024-09-27T14:10:12+00:00","og_image":[{"width":1024,"height":1024,"url":"https:\/\/listings.mybikeplan.ch\/wp-content\/uploads\/2024\/09\/Kalkhoff-Endeavour-3.B-Move-grey-trapez-1024x1024.png","type":"image\/png"}],"twitter_card":"summary_large_image","twitter_misc":{"Dur\u00e9e de lecture estim\u00e9e":"1 minute"},"schema":{"@context":"https:\/\/schema.org","@graph":[{"@type":"WebPage","@id":"https:\/\/listings.mybikeplan.ch\/fr\/produit\/kalkhoff-endeavour-3b-move-dark-grey-trapez\/","url":"https:\/\/listings.mybikeplan.ch\/fr\/produit\/kalkhoff-endeavour-3b-move-dark-grey-trapez\/","name":"Kalkhoff Endeavour 3.B Move | E-Bike | 0% d'int\u00e9r\u00eat | Suisse","isPartOf":{"@id":"https:\/\/listings.mybikeplan.ch\/fr\/#website"},"primaryImageOfPage":{"@id":"https:\/\/listings.mybikeplan.ch\/fr\/produit\/kalkhoff-endeavour-3b-move-dark-grey-trapez\/#primaryimage"},"image":{"@id":"https:\/\/listings.mybikeplan.ch\/fr\/produit\/kalkhoff-endeavour-3b-move-dark-grey-trapez\/#primaryimage"},"thumbnailUrl":"https:\/\/listings.mybikeplan.ch\/wp-content\/uploads\/2024\/09\/Kalkhoff-Endeavour-3.B-Move-grey-trapez.png","datePublished":"2024-09-27T12:25:37+00:00","dateModified":"2024-09-27T14:10:12+00:00","description":"Kalkhoff Endeavour 3.B Move et rembourse-le facilement par mois avec 0% d'int\u00e9r\u00eat ! Profites-en et commence \u00e0 rouler rapidement.","breadcrumb":{"@id":"https:\/\/listings.mybikeplan.ch\/fr\/produit\/kalkhoff-endeavour-3b-move-dark-grey-trapez\/#breadcrumb"},"inLanguage":"fr-FR","potentialAction":[{"@type":"ReadAction","target":["https:\/\/listings.mybikeplan.ch\/fr\/produit\/kalkhoff-endeavour-3b-move-dark-grey-trapez\/"]}]},{"@type":"ImageObject","inLanguage":"fr-FR","@id":"https:\/\/listings.mybikeplan.ch\/fr\/produit\/kalkhoff-endeavour-3b-move-dark-grey-trapez\/#primaryimage","url":"https:\/\/listings.mybikeplan.ch\/wp-content\/uploads\/2024\/09\/Kalkhoff-Endeavour-3.B-Move-grey-trapez.png","contentUrl":"https:\/\/listings.mybikeplan.ch\/wp-content\/uploads\/2024\/09\/Kalkhoff-Endeavour-3.B-Move-grey-trapez.png","width":3000,"height":3000},{"@type":"BreadcrumbList","@id":"https:\/\/listings.mybikeplan.ch\/fr\/produit\/kalkhoff-endeavour-3b-move-dark-grey-trapez\/#breadcrumb","itemListElement":[{"@type":"ListItem","position":1,"name":"Home","item":"https:\/\/listings.mybikeplan.ch\/fr\/home\/"},{"@type":"ListItem","position":2,"name":"Kalkhoff Endeavour 3.B Move"}]},{"@type":"WebSite","@id":"https:\/\/listings.mybikeplan.ch\/fr\/#website","url":"https:\/\/listings.mybikeplan.ch\/fr\/","name":"MyBikePlan","description":"","potentialAction":[{"@type":"SearchAction","target":{"@type":"EntryPoint","urlTemplate":"https:\/\/listings.mybikeplan.ch\/fr\/?s={search_term_string}"},"query-input":{"@type":"PropertyValueSpecification","valueRequired":true,"valueName":"search_term_string"}}],"inLanguage":"fr-FR"}]}},"_links":{"self":[{"href":"https:\/\/listings.mybikeplan.ch\/fr\/wp-json\/wp\/v2\/product\/68246","targetHints":{"allow":["GET"]}}],"collection":[{"href":"https:\/\/listings.mybikeplan.ch\/fr\/wp-json\/wp\/v2\/product"}],"about":[{"href":"https:\/\/listings.mybikeplan.ch\/fr\/wp-json\/wp\/v2\/types\/product"}],"replies":[{"embeddable":true,"href":"https:\/\/listings.mybikeplan.ch\/fr\/wp-json\/wp\/v2\/comments?post=68246"}],"wp:featuredmedia":[{"embeddable":true,"href":"https:\/\/listings.mybikeplan.ch\/fr\/wp-json\/wp\/v2\/media\/68252"}],"wp:attachment":[{"href":"https:\/\/listings.mybikeplan.ch\/fr\/wp-json\/wp\/v2\/media?parent=68246"}],"wp:term":[{"taxonomy":"product_brand","embeddable":true,"href":"https:\/\/listings.mybikeplan.ch\/fr\/wp-json\/wp\/v2\/product_brand?post=68246"},{"taxonomy":"product_cat","embeddable":true,"href":"https:\/\/listings.mybikeplan.ch\/fr\/wp-json\/wp\/v2\/product_cat?post=68246"},{"taxonomy":"product_tag","embeddable":true,"href":"https:\/\/listings.mybikeplan.ch\/fr\/wp-json\/wp\/v2\/product_tag?post=68246"}],"curies":[{"name":"wp","href":"https:\/\/api.w.org\/{rel}","templated":true}]}}