{"id":67982,"date":"2024-09-19T09:56:59","date_gmt":"2024-09-19T09:57:09","guid":{"rendered":"https:\/\/listings.mybikeplan.ch\/?post_type=product&#038;p=67982"},"modified":"2024-09-23T09:44:04","modified_gmt":"2024-09-23T09:44:04","slug":"specter-1s-dark-grey","status":"publish","type":"product","link":"https:\/\/listings.mybikeplan.ch\/fr\/produit\/specter-1s-dark-grey\/","title":{"rendered":"Specter 1S"},"content":{"rendered":"<h2><b>Les faits importants sur le Specter 1S:<\/b><\/h2>\n<div class=\"col-lg-6 col-12 specification ng-star-inserted expanded\">\n<ul>\n<li>Le S-Pedelec le plus l\u00e9ger du march\u00e9 : \u00e0 peine 20 kg !<\/li>\n<li>Des vitesses allant jusqu&rsquo;\u00e0 45 km\/h<\/li>\n<li>Design futuriste<\/li>\n<\/ul>\n<\/div>\n<h2><b>Le Specter 1S est parfait pour toi si tu :<\/b><\/h2>\n<ul>\n<li aria-level=\"1\">Vis en ville<\/li>\n<li aria-level=\"1\">Cherches un v\u00e9lo \u00e0 grande vitesse pour les trajets domicile-travail et le quotidien<\/li>\n<li aria-level=\"1\">Veux miser sur une marque nouvelle et innovante<\/li>\n<\/ul>\n<p>&nbsp;<\/p>\n<p>Version plus petite du Specter 1.<\/p>\n","protected":false},"excerpt":{"rendered":"<h2>Specter 1S<\/h2>\n<div class=\"item col-md-4 col-sm-12\">\n<p>Permettez-nous de vous pr\u00e9senter le Specter 1, le S-Pedelec le plus l\u00e9ger du march\u00e9!<\/p>\n<p>Chez MyBikePlan, nous sommes les premiers \u00e0 proposer ce nouvel E-Bike innovant en Suisse !<\/p>\n<p>Le Specter 1 est fabriqu\u00e9 en fibre de carbone pour une maniabilit\u00e9 ultime et \u00e9quip\u00e9 d&rsquo;un moteur \u00e0 entra\u00eenement central intuitif. De la cha\u00eene cin\u00e9matique au cockpit, le Specter combine un design exceptionnel avec des \u00e9quipements, une maniabilit\u00e9 et des performances incomparables. Avec l&rsquo;\u00e9cran HD int\u00e9gr\u00e9, tu as toujours toutes les informations sous les yeux.<\/p>\n<p>Inclus dans la livraison : Porte-bagages<\/p>\n<\/div>\n<h2><b>\u00c0 propos de Specter<\/b><\/h2>\n<div class=\"pb-5 mt-5 \">\n<div class=\"container\">\n<div class=\"row align-items-center null\">\n<div class=\"col-12 col-lg-6\">\n<div class=\"row\">\n<div class=\"col-12 col-lg-9\">\n<div id=\"\" class=\"Typography_bodyLg__zXP4k text-secondary\">\n<div class=\"row\">\n<div class=\"col-12\">\n<div id=\"\" class=\"Typography_bodyLg__zXP4k \">\n<p>De la cha\u00eene au cockpit, Specter combine un design exceptionnel avec un \u00e9quipement incomparable de maniabilit\u00e9 et de performance pour les S-Pedelecs. La marque, bas\u00e9e en Belgique, est r\u00e9cemment arriv\u00e9e en Suisse. Specter d\u00e9veloppe la plupart de ses composants en interne. Il est donc difficile de trouver la plupart de ces composants sur un autre E-Bike. En outre, tous les v\u00e9los Specter sont fabriqu\u00e9s dans leurs propres usines en Flandre, en Belgique.<\/p>\n<\/div>\n<\/div>\n<\/div>\n<\/div>\n<\/div>\n<\/div>\n<\/div>\n<\/div>\n<\/div>\n<\/div>\n","protected":false},"featured_media":67986,"comment_status":"open","ping_status":"closed","template":"","meta":{"_acf_changed":false},"product_brand":[],"product_cat":[10083,10185,10157,10163,12091,10184,10168,10149,10080,10096],"product_tag":[],"class_list":{"0":"post-67982","1":"product","2":"type-product","3":"status-publish","4":"has-post-thumbnail","6":"product_cat-45-km","7":"product_cat-diamant","8":"product_cat-e-bikes","9":"product_cat-e-urban","10":"product_cat-test-drive","11":"product_cat-femmes","12":"product_cat-gris","13":"product_cat-marque-specter","14":"product_cat-mybikeplan","15":"product_cat-alle-e-bikes","16":"pa_battery-size-750-wh","17":"pa_brand-specter","18":"pa_filters-color-gris","19":"pa_frame-variant-diamant","20":"pa_gear-change-enviolo-heavy-duty-fr","21":"pa_gears-6-gaenge-fr","22":"pa_max-weight-135-kg","23":"pa_motor-sachs-rs-730w-110-nm-fr","24":"pa_range-90-km-fr","25":"pa_rider-height-165-170-cm","26":"pa_rider-height-170-175-cm","27":"pa_rider-height-175-180-cm","28":"pa_rider-height-180-185-cm","29":"pa_rider-height-185-190-cm","30":"pa_seat-tube-length-uni-size-fr","31":"pa_speed-45-km-stunde-fr","32":"pa_weight-22-kg-fr","33":"pa_wheel-size-29-zoll-fr","35":"first","36":"instock","37":"shipping-taxable","38":"purchasable","39":"product-type-variable"},"acf":[],"yoast_head":"<!-- This site is optimized with the Yoast SEO plugin v24.5 - https:\/\/yoast.com\/wordpress\/plugins\/seo\/ -->\n<title>Specter 1S | E-Bike | 0% d&#039;int\u00e9r\u00eat | Suisse<\/title>\n<meta name=\"description\" content=\"Specter 1S et rembourse-le facilement par mois avec 0% d&#039;int\u00e9r\u00eat ! Profites-en et commence \u00e0 rouler rapidement.\" \/>\n<meta name=\"robots\" content=\"noindex, follow, max-snippet:-1, max-image-preview:large, max-video-preview:-1\" \/>\n<meta property=\"og:locale\" content=\"fr_FR\" \/>\n<meta property=\"og:type\" content=\"article\" \/>\n<meta property=\"og:title\" content=\"Specter 1S | E-Bike | 0% d&#039;int\u00e9r\u00eat | Suisse\" \/>\n<meta property=\"og:description\" content=\"Specter 1S et rembourse-le facilement par mois avec 0% d&#039;int\u00e9r\u00eat ! Profites-en et commence \u00e0 rouler rapidement.\" \/>\n<meta property=\"og:url\" content=\"https:\/\/listings.mybikeplan.ch\/fr\/produit\/specter-1s-dark-grey\/\" \/>\n<meta property=\"og:site_name\" content=\"MyBikePlan\" \/>\n<meta property=\"article:modified_time\" content=\"2024-09-23T09:44:04+00:00\" \/>\n<meta property=\"og:image\" content=\"https:\/\/listings.mybikeplan.ch\/wp-content\/uploads\/2024\/09\/Specter-1S-DG.png\" \/>\n\t<meta property=\"og:image:width\" content=\"3000\" \/>\n\t<meta property=\"og:image:height\" content=\"3000\" \/>\n\t<meta property=\"og:image:type\" content=\"image\/png\" \/>\n<meta name=\"twitter:card\" content=\"summary_large_image\" \/>\n<script type=\"application\/ld+json\" class=\"yoast-schema-graph\">{\"@context\":\"https:\/\/schema.org\",\"@graph\":[{\"@type\":\"WebPage\",\"@id\":\"https:\/\/listings.mybikeplan.ch\/fr\/produit\/specter-1s-dark-grey\/\",\"url\":\"https:\/\/listings.mybikeplan.ch\/fr\/produit\/specter-1s-dark-grey\/\",\"name\":\"Specter 1S | E-Bike | 0% d'int\u00e9r\u00eat | Suisse\",\"isPartOf\":{\"@id\":\"https:\/\/listings.mybikeplan.ch\/fr\/#website\"},\"primaryImageOfPage\":{\"@id\":\"https:\/\/listings.mybikeplan.ch\/fr\/produit\/specter-1s-dark-grey\/#primaryimage\"},\"image\":{\"@id\":\"https:\/\/listings.mybikeplan.ch\/fr\/produit\/specter-1s-dark-grey\/#primaryimage\"},\"thumbnailUrl\":\"https:\/\/listings.mybikeplan.ch\/wp-content\/uploads\/2024\/09\/Specter-1S-DG.png\",\"datePublished\":\"2024-09-19T09:57:09+00:00\",\"dateModified\":\"2024-09-23T09:44:04+00:00\",\"description\":\"Specter 1S et rembourse-le facilement par mois avec 0% d'int\u00e9r\u00eat ! Profites-en et commence \u00e0 rouler rapidement.\",\"breadcrumb\":{\"@id\":\"https:\/\/listings.mybikeplan.ch\/fr\/produit\/specter-1s-dark-grey\/#breadcrumb\"},\"inLanguage\":\"fr-FR\",\"potentialAction\":[{\"@type\":\"ReadAction\",\"target\":[\"https:\/\/listings.mybikeplan.ch\/fr\/produit\/specter-1s-dark-grey\/\"]}]},{\"@type\":\"ImageObject\",\"inLanguage\":\"fr-FR\",\"@id\":\"https:\/\/listings.mybikeplan.ch\/fr\/produit\/specter-1s-dark-grey\/#primaryimage\",\"url\":\"https:\/\/listings.mybikeplan.ch\/wp-content\/uploads\/2024\/09\/Specter-1S-DG.png\",\"contentUrl\":\"https:\/\/listings.mybikeplan.ch\/wp-content\/uploads\/2024\/09\/Specter-1S-DG.png\",\"width\":3000,\"height\":3000},{\"@type\":\"BreadcrumbList\",\"@id\":\"https:\/\/listings.mybikeplan.ch\/fr\/produit\/specter-1s-dark-grey\/#breadcrumb\",\"itemListElement\":[{\"@type\":\"ListItem\",\"position\":1,\"name\":\"Home\",\"item\":\"https:\/\/listings.mybikeplan.ch\/fr\/home\/\"},{\"@type\":\"ListItem\",\"position\":2,\"name\":\"Specter 1S\"}]},{\"@type\":\"WebSite\",\"@id\":\"https:\/\/listings.mybikeplan.ch\/fr\/#website\",\"url\":\"https:\/\/listings.mybikeplan.ch\/fr\/\",\"name\":\"MyBikePlan\",\"description\":\"\",\"potentialAction\":[{\"@type\":\"SearchAction\",\"target\":{\"@type\":\"EntryPoint\",\"urlTemplate\":\"https:\/\/listings.mybikeplan.ch\/fr\/?s={search_term_string}\"},\"query-input\":{\"@type\":\"PropertyValueSpecification\",\"valueRequired\":true,\"valueName\":\"search_term_string\"}}],\"inLanguage\":\"fr-FR\"}]}<\/script>\n<!-- \/ Yoast SEO plugin. -->","yoast_head_json":{"title":"Specter 1S | E-Bike | 0% d'int\u00e9r\u00eat | Suisse","description":"Specter 1S et rembourse-le facilement par mois avec 0% d'int\u00e9r\u00eat ! Profites-en et commence \u00e0 rouler rapidement.","robots":{"index":"noindex","follow":"follow","max-snippet":"max-snippet:-1","max-image-preview":"max-image-preview:large","max-video-preview":"max-video-preview:-1"},"og_locale":"fr_FR","og_type":"article","og_title":"Specter 1S | E-Bike | 0% d'int\u00e9r\u00eat | Suisse","og_description":"Specter 1S et rembourse-le facilement par mois avec 0% d'int\u00e9r\u00eat ! Profites-en et commence \u00e0 rouler rapidement.","og_url":"https:\/\/listings.mybikeplan.ch\/fr\/produit\/specter-1s-dark-grey\/","og_site_name":"MyBikePlan","article_modified_time":"2024-09-23T09:44:04+00:00","og_image":[{"width":3000,"height":3000,"url":"https:\/\/listings.mybikeplan.ch\/wp-content\/uploads\/2024\/09\/Specter-1S-DG.png","type":"image\/png"}],"twitter_card":"summary_large_image","schema":{"@context":"https:\/\/schema.org","@graph":[{"@type":"WebPage","@id":"https:\/\/listings.mybikeplan.ch\/fr\/produit\/specter-1s-dark-grey\/","url":"https:\/\/listings.mybikeplan.ch\/fr\/produit\/specter-1s-dark-grey\/","name":"Specter 1S | E-Bike | 0% d'int\u00e9r\u00eat | Suisse","isPartOf":{"@id":"https:\/\/listings.mybikeplan.ch\/fr\/#website"},"primaryImageOfPage":{"@id":"https:\/\/listings.mybikeplan.ch\/fr\/produit\/specter-1s-dark-grey\/#primaryimage"},"image":{"@id":"https:\/\/listings.mybikeplan.ch\/fr\/produit\/specter-1s-dark-grey\/#primaryimage"},"thumbnailUrl":"https:\/\/listings.mybikeplan.ch\/wp-content\/uploads\/2024\/09\/Specter-1S-DG.png","datePublished":"2024-09-19T09:57:09+00:00","dateModified":"2024-09-23T09:44:04+00:00","description":"Specter 1S et rembourse-le facilement par mois avec 0% d'int\u00e9r\u00eat ! Profites-en et commence \u00e0 rouler rapidement.","breadcrumb":{"@id":"https:\/\/listings.mybikeplan.ch\/fr\/produit\/specter-1s-dark-grey\/#breadcrumb"},"inLanguage":"fr-FR","potentialAction":[{"@type":"ReadAction","target":["https:\/\/listings.mybikeplan.ch\/fr\/produit\/specter-1s-dark-grey\/"]}]},{"@type":"ImageObject","inLanguage":"fr-FR","@id":"https:\/\/listings.mybikeplan.ch\/fr\/produit\/specter-1s-dark-grey\/#primaryimage","url":"https:\/\/listings.mybikeplan.ch\/wp-content\/uploads\/2024\/09\/Specter-1S-DG.png","contentUrl":"https:\/\/listings.mybikeplan.ch\/wp-content\/uploads\/2024\/09\/Specter-1S-DG.png","width":3000,"height":3000},{"@type":"BreadcrumbList","@id":"https:\/\/listings.mybikeplan.ch\/fr\/produit\/specter-1s-dark-grey\/#breadcrumb","itemListElement":[{"@type":"ListItem","position":1,"name":"Home","item":"https:\/\/listings.mybikeplan.ch\/fr\/home\/"},{"@type":"ListItem","position":2,"name":"Specter 1S"}]},{"@type":"WebSite","@id":"https:\/\/listings.mybikeplan.ch\/fr\/#website","url":"https:\/\/listings.mybikeplan.ch\/fr\/","name":"MyBikePlan","description":"","potentialAction":[{"@type":"SearchAction","target":{"@type":"EntryPoint","urlTemplate":"https:\/\/listings.mybikeplan.ch\/fr\/?s={search_term_string}"},"query-input":{"@type":"PropertyValueSpecification","valueRequired":true,"valueName":"search_term_string"}}],"inLanguage":"fr-FR"}]}},"_links":{"self":[{"href":"https:\/\/listings.mybikeplan.ch\/fr\/wp-json\/wp\/v2\/product\/67982","targetHints":{"allow":["GET"]}}],"collection":[{"href":"https:\/\/listings.mybikeplan.ch\/fr\/wp-json\/wp\/v2\/product"}],"about":[{"href":"https:\/\/listings.mybikeplan.ch\/fr\/wp-json\/wp\/v2\/types\/product"}],"replies":[{"embeddable":true,"href":"https:\/\/listings.mybikeplan.ch\/fr\/wp-json\/wp\/v2\/comments?post=67982"}],"wp:featuredmedia":[{"embeddable":true,"href":"https:\/\/listings.mybikeplan.ch\/fr\/wp-json\/wp\/v2\/media\/67986"}],"wp:attachment":[{"href":"https:\/\/listings.mybikeplan.ch\/fr\/wp-json\/wp\/v2\/media?parent=67982"}],"wp:term":[{"taxonomy":"product_brand","embeddable":true,"href":"https:\/\/listings.mybikeplan.ch\/fr\/wp-json\/wp\/v2\/product_brand?post=67982"},{"taxonomy":"product_cat","embeddable":true,"href":"https:\/\/listings.mybikeplan.ch\/fr\/wp-json\/wp\/v2\/product_cat?post=67982"},{"taxonomy":"product_tag","embeddable":true,"href":"https:\/\/listings.mybikeplan.ch\/fr\/wp-json\/wp\/v2\/product_tag?post=67982"}],"curies":[{"name":"wp","href":"https:\/\/api.w.org\/{rel}","templated":true}]}}