{"id":66890,"date":"2024-07-31T09:56:39","date_gmt":"2024-07-31T09:56:58","guid":{"rendered":"https:\/\/listings.mybikeplan.ch\/?post_type=product&#038;p=66890"},"modified":"2024-08-05T14:59:36","modified_gmt":"2024-08-05T14:59:36","slug":"stromer-st7-abrb-edition-2","status":"publish","type":"product","link":"https:\/\/listings.mybikeplan.ch\/fr\/produit\/stromer-st7-abrb-edition-2\/","title":{"rendered":"Stromer ST7 ARBR Edition.2"},"content":{"rendered":"<h2><b>Le plus important sur le Stromer ST7 ARBR Edition.2<span data-sheets-root=\"1\" data-sheets-value=\"{&quot;1&quot;:2,&quot;2&quot;:&quot;GasGas TRA SE&quot;}\" data-sheets-userformat=\"{&quot;2&quot;:31299,&quot;3&quot;:{&quot;1&quot;:0},&quot;4&quot;:{&quot;1&quot;:2,&quot;2&quot;:16777215},&quot;9&quot;:0,&quot;12&quot;:0,&quot;14&quot;:{&quot;1&quot;:2,&quot;2&quot;:0},&quot;15&quot;:&quot;Arial&quot;,&quot;16&quot;:15,&quot;17&quot;:1}\">:<\/span><\/b><\/h2>\n<ul>\n<li>Puissant moteur SYNO Sport II avec une puissance allant jusqu&rsquo;\u00e0 940 W pour une acc\u00e9l\u00e9ration puissante.<\/li>\n<li>Cadre en carbone de haute qualit\u00e9 pour une l\u00e9g\u00e8ret\u00e9 et une stabilit\u00e9 maximales.<\/li>\n<li>\u00c9cran Stromer OMNI C enti\u00e8rement int\u00e9gr\u00e9 pour une utilisation et un contr\u00f4le faciles.<\/li>\n<li>Arr\u00eat automatique du moteur et syst\u00e8me de r\u00e9cup\u00e9ration pour une meilleure efficacit\u00e9 \u00e9nerg\u00e9tique.<\/li>\n<li>Le r\u00e9flecteur sur le c\u00f4t\u00e9 de la fourche peut \u00eatre retir\u00e9.<\/li>\n<\/ul>\n<h2>Le Stromer ST7 ARBR Edition.2<b>\u00a0<\/b>est parfait pour toi si:<\/h2>\n<ul>\n<li>Tu es \u00e0 la recherche d&rsquo;un E-Bike performant et fiable pour les longs trajets et les d\u00e9placements quotidiens.<\/li>\n<li>Tu accordes de l&rsquo;importance \u00e0 la technologie de pointe pour optimiser et personnaliser ton exp\u00e9rience de conduite.<\/li>\n<li>Tu cherches un v\u00e9lo \u00e9lectrique avec des \u00e9quipements de s\u00e9curit\u00e9 int\u00e9gr\u00e9s tels que le suivi GPS et l&rsquo;antivol.<\/li>\n<li>Tu souhaites surveiller et contr\u00f4ler ton exp\u00e9rience de conduite et les performances de la batterie via une application conviviale.<\/li>\n<\/ul>\n<h2>Recommandation de tailles :<\/h2>\n<ul>\n<li>M: &lt; 178 cm<\/li>\n<li>L: 175 &#8211; 188 cm<\/li>\n<li>XL: &gt; 185 cm<\/li>\n<\/ul>\n","protected":false},"excerpt":{"rendered":"<h3><b>\u00c0 propos de Stromer<\/b><\/h3>\n<div class=\"pb-5 mt-5 \">\n<div class=\"container\">\n<div class=\"row align-items-center null\">\n<div class=\"col-12 col-lg-6\">\n<div class=\"row\">\n<div class=\"col-12 col-lg-9\">\n<div id=\"\" class=\"Typography_bodyLg__zXP4k text-secondary\">\n<div class=\"row\">\n<div class=\"col-12\">\n<div id=\"\" class=\"Typography_bodyLg__zXP4k \">\n<p>La naissance des v\u00e9los\u00a0Stromer\u00a0s\u2019est faite gr\u00e2ce \u00e0 Thomas Binggeli, un suisse, inspir\u00e9 par les nouvelles technologies en 2009.\u00a0 En 2010, la nouvelle soci\u00e9t\u00e9 myStromer AG a \u00e9t\u00e9 fond\u00e9e et la marque Stromer a pu s\u2019\u00e9tablir avec succ\u00e8s sur le march\u00e9 suisse avec l\u2019id\u00e9e de vitesse et d\u2019efficacit\u00e9.\u00a0 Avec sa propulsion arri\u00e8re, sa puissance exceptionnellement \u00e9lev\u00e9e, son design sportif et sa batterie int\u00e9gr\u00e9e, le S-pedelecs s\u2019est fait conna\u00eetre dans l\u2019e-mobilit\u00e9 moderne et fait de Stormer, une marque r\u00e9put\u00e9e pour les v\u00e9los \u00e9lectriques 45km\/h.<\/p>\n<\/div>\n<\/div>\n<\/div>\n<\/div>\n<\/div>\n<\/div>\n<\/div>\n<\/div>\n<\/div>\n<\/div>\n","protected":false},"featured_media":66923,"comment_status":"open","ping_status":"closed","template":"","meta":{"_acf_changed":false},"product_brand":[],"product_cat":[10083,10174,10185,10157,10163,10184,10186,10465,10080,10096],"product_tag":[],"class_list":{"0":"post-66890","1":"product","2":"type-product","3":"status-publish","4":"has-post-thumbnail","6":"product_cat-45-km","7":"product_cat-blanc","8":"product_cat-diamant","9":"product_cat-e-bikes","10":"product_cat-e-urban","11":"product_cat-femmes","12":"product_cat-hommes","13":"product_cat-marque-stromer","14":"product_cat-mybikeplan","15":"product_cat-alle-e-bikes","16":"pa_battery-bq1440-1440-wh-fr","17":"pa_battery-size-1440-wh-fr","18":"pa_brakes-stromer-hd944-v-h-203-mm-fr","19":"pa_brand-stromer","20":"pa_display-omni-c-fr","21":"pa_filters-color-blanc","22":"pa_fork-starrgabel-fr","23":"pa_frame-variant-diamant","24":"pa_gear-change-pinion-c1-12-smart-shift-fr","25":"pa_gears-12-gaenge-fr","26":"pa_hex-color-f2f2f2-fr","27":"pa_motor-syno-sport-ii-940-w-52-nm-fr","28":"pa_range-bis-max-260-km-fr","29":"pa_rider-height-165-170-cm","30":"pa_rider-height-170-175-cm","31":"pa_rider-height-175-180-cm","32":"pa_rider-height-180-185-cm","33":"pa_rider-height-185-190-cm","34":"pa_rider-height-190-195-cm","35":"pa_rider-height-200-205-cm","36":"pa_sizes-l-fr","37":"pa_sizes-m-fr","38":"pa_sizes-xl-fr","39":"pa_speed-45-km-stunde-fr","40":"pa_tires-pirelli-angel-st-sport-fr","41":"pa_youtube-link-https-www-youtube-com-watchv-eg73ch5jxk-fr","43":"first","44":"instock","45":"shipping-taxable","46":"purchasable","47":"product-type-variable"},"acf":[],"yoast_head":"<!-- This site is optimized with the Yoast SEO plugin v24.5 - https:\/\/yoast.com\/wordpress\/plugins\/seo\/ -->\n<title>Stromer ST7 ARBR Edition.2 | E-Bike | 0% d&#039;int\u00e9r\u00eat | Suisse<\/title>\n<meta name=\"description\" content=\"Ach\u00e8te le Stromer ST7 ARBR Edition.2 et rembourse-le facilement par mois avec 0% d&#039;int\u00e9r\u00eat ! Profites-en et commence \u00e0 rouler rapidement.\" \/>\n<meta name=\"robots\" content=\"noindex, follow, max-snippet:-1, max-image-preview:large, max-video-preview:-1\" \/>\n<meta property=\"og:locale\" content=\"fr_FR\" \/>\n<meta property=\"og:type\" content=\"article\" \/>\n<meta property=\"og:title\" content=\"Stromer ST7 ARBR Edition.2 | E-Bike | 0% d&#039;int\u00e9r\u00eat | Suisse\" \/>\n<meta property=\"og:description\" content=\"Ach\u00e8te le Stromer ST7 ARBR Edition.2 et rembourse-le facilement par mois avec 0% d&#039;int\u00e9r\u00eat ! Profites-en et commence \u00e0 rouler rapidement.\" \/>\n<meta property=\"og:url\" content=\"https:\/\/listings.mybikeplan.ch\/fr\/produit\/stromer-st7-abrb-edition-2\/\" \/>\n<meta property=\"og:site_name\" content=\"MyBikePlan\" \/>\n<meta property=\"article:modified_time\" content=\"2024-08-05T14:59:36+00:00\" \/>\n<meta property=\"og:image\" content=\"https:\/\/listings.mybikeplan.ch\/wp-content\/uploads\/2024\/07\/Stromer-ST7-Red-Bull-1-1.png\" \/>\n\t<meta property=\"og:image:width\" content=\"3000\" \/>\n\t<meta property=\"og:image:height\" content=\"3000\" \/>\n\t<meta property=\"og:image:type\" content=\"image\/png\" \/>\n<meta name=\"twitter:card\" content=\"summary_large_image\" \/>\n<meta name=\"twitter:label1\" content=\"Dur\u00e9e de lecture estim\u00e9e\" \/>\n\t<meta name=\"twitter:data1\" content=\"1 minute\" \/>\n<script type=\"application\/ld+json\" class=\"yoast-schema-graph\">{\"@context\":\"https:\/\/schema.org\",\"@graph\":[{\"@type\":\"WebPage\",\"@id\":\"https:\/\/listings.mybikeplan.ch\/fr\/produit\/stromer-st7-abrb-edition-2\/\",\"url\":\"https:\/\/listings.mybikeplan.ch\/fr\/produit\/stromer-st7-abrb-edition-2\/\",\"name\":\"Stromer ST7 ARBR Edition.2 | E-Bike | 0% d'int\u00e9r\u00eat | Suisse\",\"isPartOf\":{\"@id\":\"https:\/\/listings.mybikeplan.ch\/fr\/#website\"},\"primaryImageOfPage\":{\"@id\":\"https:\/\/listings.mybikeplan.ch\/fr\/produit\/stromer-st7-abrb-edition-2\/#primaryimage\"},\"image\":{\"@id\":\"https:\/\/listings.mybikeplan.ch\/fr\/produit\/stromer-st7-abrb-edition-2\/#primaryimage\"},\"thumbnailUrl\":\"https:\/\/listings.mybikeplan.ch\/wp-content\/uploads\/2024\/07\/Stromer-ST7-Red-Bull-1-1.png\",\"datePublished\":\"2024-07-31T09:56:58+00:00\",\"dateModified\":\"2024-08-05T14:59:36+00:00\",\"description\":\"Ach\u00e8te le Stromer ST7 ARBR Edition.2 et rembourse-le facilement par mois avec 0% d'int\u00e9r\u00eat ! Profites-en et commence \u00e0 rouler rapidement.\",\"breadcrumb\":{\"@id\":\"https:\/\/listings.mybikeplan.ch\/fr\/produit\/stromer-st7-abrb-edition-2\/#breadcrumb\"},\"inLanguage\":\"fr-FR\",\"potentialAction\":[{\"@type\":\"ReadAction\",\"target\":[\"https:\/\/listings.mybikeplan.ch\/fr\/produit\/stromer-st7-abrb-edition-2\/\"]}]},{\"@type\":\"ImageObject\",\"inLanguage\":\"fr-FR\",\"@id\":\"https:\/\/listings.mybikeplan.ch\/fr\/produit\/stromer-st7-abrb-edition-2\/#primaryimage\",\"url\":\"https:\/\/listings.mybikeplan.ch\/wp-content\/uploads\/2024\/07\/Stromer-ST7-Red-Bull-1-1.png\",\"contentUrl\":\"https:\/\/listings.mybikeplan.ch\/wp-content\/uploads\/2024\/07\/Stromer-ST7-Red-Bull-1-1.png\",\"width\":3000,\"height\":3000},{\"@type\":\"BreadcrumbList\",\"@id\":\"https:\/\/listings.mybikeplan.ch\/fr\/produit\/stromer-st7-abrb-edition-2\/#breadcrumb\",\"itemListElement\":[{\"@type\":\"ListItem\",\"position\":1,\"name\":\"Home\",\"item\":\"https:\/\/listings.mybikeplan.ch\/fr\/home\/\"},{\"@type\":\"ListItem\",\"position\":2,\"name\":\"Stromer ST7 ARBR Edition.2\"}]},{\"@type\":\"WebSite\",\"@id\":\"https:\/\/listings.mybikeplan.ch\/fr\/#website\",\"url\":\"https:\/\/listings.mybikeplan.ch\/fr\/\",\"name\":\"MyBikePlan\",\"description\":\"\",\"potentialAction\":[{\"@type\":\"SearchAction\",\"target\":{\"@type\":\"EntryPoint\",\"urlTemplate\":\"https:\/\/listings.mybikeplan.ch\/fr\/?s={search_term_string}\"},\"query-input\":{\"@type\":\"PropertyValueSpecification\",\"valueRequired\":true,\"valueName\":\"search_term_string\"}}],\"inLanguage\":\"fr-FR\"}]}<\/script>\n<!-- \/ Yoast SEO plugin. -->","yoast_head_json":{"title":"Stromer ST7 ARBR Edition.2 | E-Bike | 0% d'int\u00e9r\u00eat | Suisse","description":"Ach\u00e8te le Stromer ST7 ARBR Edition.2 et rembourse-le facilement par mois avec 0% d'int\u00e9r\u00eat ! Profites-en et commence \u00e0 rouler rapidement.","robots":{"index":"noindex","follow":"follow","max-snippet":"max-snippet:-1","max-image-preview":"max-image-preview:large","max-video-preview":"max-video-preview:-1"},"og_locale":"fr_FR","og_type":"article","og_title":"Stromer ST7 ARBR Edition.2 | E-Bike | 0% d'int\u00e9r\u00eat | Suisse","og_description":"Ach\u00e8te le Stromer ST7 ARBR Edition.2 et rembourse-le facilement par mois avec 0% d'int\u00e9r\u00eat ! Profites-en et commence \u00e0 rouler rapidement.","og_url":"https:\/\/listings.mybikeplan.ch\/fr\/produit\/stromer-st7-abrb-edition-2\/","og_site_name":"MyBikePlan","article_modified_time":"2024-08-05T14:59:36+00:00","og_image":[{"width":3000,"height":3000,"url":"https:\/\/listings.mybikeplan.ch\/wp-content\/uploads\/2024\/07\/Stromer-ST7-Red-Bull-1-1.png","type":"image\/png"}],"twitter_card":"summary_large_image","twitter_misc":{"Dur\u00e9e de lecture estim\u00e9e":"1 minute"},"schema":{"@context":"https:\/\/schema.org","@graph":[{"@type":"WebPage","@id":"https:\/\/listings.mybikeplan.ch\/fr\/produit\/stromer-st7-abrb-edition-2\/","url":"https:\/\/listings.mybikeplan.ch\/fr\/produit\/stromer-st7-abrb-edition-2\/","name":"Stromer ST7 ARBR Edition.2 | E-Bike | 0% d'int\u00e9r\u00eat | Suisse","isPartOf":{"@id":"https:\/\/listings.mybikeplan.ch\/fr\/#website"},"primaryImageOfPage":{"@id":"https:\/\/listings.mybikeplan.ch\/fr\/produit\/stromer-st7-abrb-edition-2\/#primaryimage"},"image":{"@id":"https:\/\/listings.mybikeplan.ch\/fr\/produit\/stromer-st7-abrb-edition-2\/#primaryimage"},"thumbnailUrl":"https:\/\/listings.mybikeplan.ch\/wp-content\/uploads\/2024\/07\/Stromer-ST7-Red-Bull-1-1.png","datePublished":"2024-07-31T09:56:58+00:00","dateModified":"2024-08-05T14:59:36+00:00","description":"Ach\u00e8te le Stromer ST7 ARBR Edition.2 et rembourse-le facilement par mois avec 0% d'int\u00e9r\u00eat ! Profites-en et commence \u00e0 rouler rapidement.","breadcrumb":{"@id":"https:\/\/listings.mybikeplan.ch\/fr\/produit\/stromer-st7-abrb-edition-2\/#breadcrumb"},"inLanguage":"fr-FR","potentialAction":[{"@type":"ReadAction","target":["https:\/\/listings.mybikeplan.ch\/fr\/produit\/stromer-st7-abrb-edition-2\/"]}]},{"@type":"ImageObject","inLanguage":"fr-FR","@id":"https:\/\/listings.mybikeplan.ch\/fr\/produit\/stromer-st7-abrb-edition-2\/#primaryimage","url":"https:\/\/listings.mybikeplan.ch\/wp-content\/uploads\/2024\/07\/Stromer-ST7-Red-Bull-1-1.png","contentUrl":"https:\/\/listings.mybikeplan.ch\/wp-content\/uploads\/2024\/07\/Stromer-ST7-Red-Bull-1-1.png","width":3000,"height":3000},{"@type":"BreadcrumbList","@id":"https:\/\/listings.mybikeplan.ch\/fr\/produit\/stromer-st7-abrb-edition-2\/#breadcrumb","itemListElement":[{"@type":"ListItem","position":1,"name":"Home","item":"https:\/\/listings.mybikeplan.ch\/fr\/home\/"},{"@type":"ListItem","position":2,"name":"Stromer ST7 ARBR Edition.2"}]},{"@type":"WebSite","@id":"https:\/\/listings.mybikeplan.ch\/fr\/#website","url":"https:\/\/listings.mybikeplan.ch\/fr\/","name":"MyBikePlan","description":"","potentialAction":[{"@type":"SearchAction","target":{"@type":"EntryPoint","urlTemplate":"https:\/\/listings.mybikeplan.ch\/fr\/?s={search_term_string}"},"query-input":{"@type":"PropertyValueSpecification","valueRequired":true,"valueName":"search_term_string"}}],"inLanguage":"fr-FR"}]}},"_links":{"self":[{"href":"https:\/\/listings.mybikeplan.ch\/fr\/wp-json\/wp\/v2\/product\/66890","targetHints":{"allow":["GET"]}}],"collection":[{"href":"https:\/\/listings.mybikeplan.ch\/fr\/wp-json\/wp\/v2\/product"}],"about":[{"href":"https:\/\/listings.mybikeplan.ch\/fr\/wp-json\/wp\/v2\/types\/product"}],"replies":[{"embeddable":true,"href":"https:\/\/listings.mybikeplan.ch\/fr\/wp-json\/wp\/v2\/comments?post=66890"}],"wp:featuredmedia":[{"embeddable":true,"href":"https:\/\/listings.mybikeplan.ch\/fr\/wp-json\/wp\/v2\/media\/66923"}],"wp:attachment":[{"href":"https:\/\/listings.mybikeplan.ch\/fr\/wp-json\/wp\/v2\/media?parent=66890"}],"wp:term":[{"taxonomy":"product_brand","embeddable":true,"href":"https:\/\/listings.mybikeplan.ch\/fr\/wp-json\/wp\/v2\/product_brand?post=66890"},{"taxonomy":"product_cat","embeddable":true,"href":"https:\/\/listings.mybikeplan.ch\/fr\/wp-json\/wp\/v2\/product_cat?post=66890"},{"taxonomy":"product_tag","embeddable":true,"href":"https:\/\/listings.mybikeplan.ch\/fr\/wp-json\/wp\/v2\/product_tag?post=66890"}],"curies":[{"name":"wp","href":"https:\/\/api.w.org\/{rel}","templated":true}]}}