{"id":66393,"date":"2024-07-12T07:47:43","date_gmt":"2024-07-12T07:48:00","guid":{"rendered":"https:\/\/listings.mybikeplan.ch\/?post_type=product&#038;p=66393"},"modified":"2024-07-12T14:25:31","modified_gmt":"2024-07-12T14:25:31","slug":"stromer-st5-pinion-green","status":"publish","type":"product","link":"https:\/\/listings.mybikeplan.ch\/fr\/produit\/stromer-st5-pinion-green\/","title":{"rendered":"Stromer ST5 Pinion"},"content":{"rendered":"<h2><b>Le plus important sur le Stromer ST5 Pinion<span data-sheets-root=\"1\" data-sheets-value=\"{&quot;1&quot;:2,&quot;2&quot;:&quot;GasGas TRA SE&quot;}\" data-sheets-userformat=\"{&quot;2&quot;:31299,&quot;3&quot;:{&quot;1&quot;:0},&quot;4&quot;:{&quot;1&quot;:2,&quot;2&quot;:16777215},&quot;9&quot;:0,&quot;12&quot;:0,&quot;14&quot;:{&quot;1&quot;:2,&quot;2&quot;:0},&quot;15&quot;:&quot;Arial&quot;,&quot;16&quot;:15,&quot;17&quot;:1}\">:<\/span><\/b><\/h2>\n<ul>\n<li>Changement de vitesse pr\u00e9cis et sans faille avec Pinion Smart Shift.<\/li>\n<li>Moteur SYNO Sport de 850 W et 48 Nm de couple.<\/li>\n<li>Jusqu&rsquo;\u00e0 180 km avec une seule charge de batterie.<\/li>\n<li>ABS et localisation GPS int\u00e9gr\u00e9s.<\/li>\n<\/ul>\n<h2>Le Stromer ST5 Pinion<b>\u00a0<\/b>est parfait pour toi si:<\/h2>\n<ul>\n<li>Tu es tr\u00e8s exigeant en mati\u00e8re de technique et de design.<\/li>\n<li>Tu cherches \u00e0 rouler longtemps et de mani\u00e8re dynamique.<\/li>\n<li>Tu accordes de l&rsquo;importance \u00e0 la s\u00e9curit\u00e9 et au contr\u00f4le \u00e0 grande vitesse.<\/li>\n<li>Tu veux profiter des avantages de la connectivit\u00e9 moderne et de la transmission \u00e9lectronique.<\/li>\n<\/ul>\n<h2>Recommandation de tailles :<\/h2>\n<ul>\n<li>M: &lt; 178 cm<\/li>\n<li>L: 175 &#8211; 188 cm<\/li>\n<li>XL: &gt; 185 cm<\/li>\n<\/ul>\n","protected":false},"excerpt":{"rendered":"<h3><b>\u00c0 propos de Stromer<\/b><\/h3>\n<div class=\"pb-5 mt-5 \">\n<div class=\"container\">\n<div class=\"row align-items-center null\">\n<div class=\"col-12 col-lg-6\">\n<div class=\"row\">\n<div class=\"col-12 col-lg-9\">\n<div id=\"\" class=\"Typography_bodyLg__zXP4k text-secondary\">\n<div class=\"row\">\n<div class=\"col-12\">\n<div id=\"\" class=\"Typography_bodyLg__zXP4k \">\n<p>La naissance des v\u00e9los\u00a0Stromer\u00a0s\u2019est faite gr\u00e2ce \u00e0 Thomas Binggeli, un suisse, inspir\u00e9 par les nouvelles technologies en 2009.\u00a0 En 2010, la nouvelle soci\u00e9t\u00e9 myStromer AG a \u00e9t\u00e9 fond\u00e9e et la marque Stromer a pu s\u2019\u00e9tablir avec succ\u00e8s sur le march\u00e9 suisse avec l\u2019id\u00e9e de vitesse et d\u2019efficacit\u00e9.\u00a0 Avec sa propulsion arri\u00e8re, sa puissance exceptionnellement \u00e9lev\u00e9e, son design sportif et sa batterie int\u00e9gr\u00e9e, le S-pedelecs s\u2019est fait conna\u00eetre dans l\u2019e-mobilit\u00e9 moderne et fait de Stormer, une marque r\u00e9put\u00e9e pour les v\u00e9los \u00e9lectriques 45km\/h.<\/p>\n<\/div>\n<\/div>\n<\/div>\n<\/div>\n<\/div>\n<\/div>\n<\/div>\n<\/div>\n<\/div>\n<\/div>\n","protected":false},"featured_media":66538,"comment_status":"open","ping_status":"closed","template":"","meta":{"_acf_changed":false},"product_brand":[],"product_cat":[10083,10185,10157,10163,10184,10186,10465,10080,10096,10169],"product_tag":[],"class_list":{"0":"post-66393","1":"product","2":"type-product","3":"status-publish","4":"has-post-thumbnail","6":"product_cat-45-km","7":"product_cat-diamant","8":"product_cat-e-bikes","9":"product_cat-e-urban","10":"product_cat-femmes","11":"product_cat-hommes","12":"product_cat-marque-stromer","13":"product_cat-mybikeplan","14":"product_cat-alle-e-bikes","15":"product_cat-vert","16":"pa_battery-bq983-983-wh","17":"pa_battery-size-983-wh","18":"pa_brakes-stromer-hd944-v-h-203-mm-fr","19":"pa_brand-stromer","20":"pa_display-omni-c-fr","21":"pa_filters-color-vert","22":"pa_fork-starrgabel-fr","23":"pa_frame-variant-diamant","24":"pa_gear-change-pinion-c1-9-smart-shift-fr","25":"pa_gears-1-x-9","26":"pa_hex-color-5d5e59-fr","27":"pa_hex-color-801d18-produkt-stromer-st5-pinion-red-fr","28":"pa_motor-syno-sport-850-w-48-nm-fr","29":"pa_range-180-km-fr","30":"pa_rider-height-165-170-cm","31":"pa_rider-height-170-175-cm","32":"pa_rider-height-175-180-cm","33":"pa_rider-height-180-185-cm","34":"pa_rider-height-185-190-cm","35":"pa_rider-height-190-195-cm","36":"pa_rider-height-200-205-cm","37":"pa_sizes-l-fr","38":"pa_sizes-m-fr","39":"pa_sizes-xl-fr","40":"pa_speed-45-km-stunde-fr","41":"pa_tires-pirelli-angel-st-sport-fr","42":"pa_youtube-link-https-www-youtube-com-watchv-eg73ch5jxk-fr","44":"first","45":"instock","46":"shipping-taxable","47":"purchasable","48":"product-type-variable"},"acf":[],"yoast_head":"<!-- This site is optimized with the Yoast SEO plugin v24.5 - https:\/\/yoast.com\/wordpress\/plugins\/seo\/ -->\n<title>Stromer ST5 Pinion | E-Bike | 0% d&#039;int\u00e9r\u00eat | Suisse<\/title>\n<meta name=\"description\" content=\"Ach\u00e8te le Stromer ST5 Pinion et rembourse-le facilement par mois avec 0% d&#039;int\u00e9r\u00eat ! Profites-en et commence \u00e0 rouler rapidement.\" \/>\n<meta name=\"robots\" content=\"noindex, follow, max-snippet:-1, max-image-preview:large, max-video-preview:-1\" \/>\n<meta property=\"og:locale\" content=\"fr_FR\" \/>\n<meta property=\"og:type\" content=\"article\" \/>\n<meta property=\"og:title\" content=\"Stromer ST5 Pinion | E-Bike | 0% d&#039;int\u00e9r\u00eat | Suisse\" \/>\n<meta property=\"og:description\" content=\"Ach\u00e8te le Stromer ST5 Pinion et rembourse-le facilement par mois avec 0% d&#039;int\u00e9r\u00eat ! Profites-en et commence \u00e0 rouler rapidement.\" \/>\n<meta property=\"og:url\" content=\"https:\/\/listings.mybikeplan.ch\/fr\/produit\/stromer-st5-pinion-green\/\" \/>\n<meta property=\"og:site_name\" content=\"MyBikePlan\" \/>\n<meta property=\"article:modified_time\" content=\"2024-07-12T14:25:31+00:00\" \/>\n<meta property=\"og:image\" content=\"https:\/\/listings.mybikeplan.ch\/wp-content\/uploads\/2024\/07\/Stromer-ST5-Pinion.png\" \/>\n\t<meta property=\"og:image:width\" content=\"3000\" \/>\n\t<meta property=\"og:image:height\" content=\"3000\" \/>\n\t<meta property=\"og:image:type\" content=\"image\/png\" \/>\n<meta name=\"twitter:card\" content=\"summary_large_image\" \/>\n<meta name=\"twitter:label1\" content=\"Dur\u00e9e de lecture estim\u00e9e\" \/>\n\t<meta name=\"twitter:data1\" content=\"1 minute\" \/>\n<script type=\"application\/ld+json\" class=\"yoast-schema-graph\">{\"@context\":\"https:\/\/schema.org\",\"@graph\":[{\"@type\":\"WebPage\",\"@id\":\"https:\/\/listings.mybikeplan.ch\/fr\/produit\/stromer-st5-pinion-green\/\",\"url\":\"https:\/\/listings.mybikeplan.ch\/fr\/produit\/stromer-st5-pinion-green\/\",\"name\":\"Stromer ST5 Pinion | E-Bike | 0% d'int\u00e9r\u00eat | Suisse\",\"isPartOf\":{\"@id\":\"https:\/\/listings.mybikeplan.ch\/fr\/#website\"},\"primaryImageOfPage\":{\"@id\":\"https:\/\/listings.mybikeplan.ch\/fr\/produit\/stromer-st5-pinion-green\/#primaryimage\"},\"image\":{\"@id\":\"https:\/\/listings.mybikeplan.ch\/fr\/produit\/stromer-st5-pinion-green\/#primaryimage\"},\"thumbnailUrl\":\"https:\/\/listings.mybikeplan.ch\/wp-content\/uploads\/2024\/07\/Stromer-ST5-Pinion.png\",\"datePublished\":\"2024-07-12T07:48:00+00:00\",\"dateModified\":\"2024-07-12T14:25:31+00:00\",\"description\":\"Ach\u00e8te le Stromer ST5 Pinion et rembourse-le facilement par mois avec 0% d'int\u00e9r\u00eat ! Profites-en et commence \u00e0 rouler rapidement.\",\"breadcrumb\":{\"@id\":\"https:\/\/listings.mybikeplan.ch\/fr\/produit\/stromer-st5-pinion-green\/#breadcrumb\"},\"inLanguage\":\"fr-FR\",\"potentialAction\":[{\"@type\":\"ReadAction\",\"target\":[\"https:\/\/listings.mybikeplan.ch\/fr\/produit\/stromer-st5-pinion-green\/\"]}]},{\"@type\":\"ImageObject\",\"inLanguage\":\"fr-FR\",\"@id\":\"https:\/\/listings.mybikeplan.ch\/fr\/produit\/stromer-st5-pinion-green\/#primaryimage\",\"url\":\"https:\/\/listings.mybikeplan.ch\/wp-content\/uploads\/2024\/07\/Stromer-ST5-Pinion.png\",\"contentUrl\":\"https:\/\/listings.mybikeplan.ch\/wp-content\/uploads\/2024\/07\/Stromer-ST5-Pinion.png\",\"width\":3000,\"height\":3000},{\"@type\":\"BreadcrumbList\",\"@id\":\"https:\/\/listings.mybikeplan.ch\/fr\/produit\/stromer-st5-pinion-green\/#breadcrumb\",\"itemListElement\":[{\"@type\":\"ListItem\",\"position\":1,\"name\":\"Home\",\"item\":\"https:\/\/listings.mybikeplan.ch\/fr\/home\/\"},{\"@type\":\"ListItem\",\"position\":2,\"name\":\"Stromer ST5 Pinion\"}]},{\"@type\":\"WebSite\",\"@id\":\"https:\/\/listings.mybikeplan.ch\/fr\/#website\",\"url\":\"https:\/\/listings.mybikeplan.ch\/fr\/\",\"name\":\"MyBikePlan\",\"description\":\"\",\"potentialAction\":[{\"@type\":\"SearchAction\",\"target\":{\"@type\":\"EntryPoint\",\"urlTemplate\":\"https:\/\/listings.mybikeplan.ch\/fr\/?s={search_term_string}\"},\"query-input\":{\"@type\":\"PropertyValueSpecification\",\"valueRequired\":true,\"valueName\":\"search_term_string\"}}],\"inLanguage\":\"fr-FR\"}]}<\/script>\n<!-- \/ Yoast SEO plugin. -->","yoast_head_json":{"title":"Stromer ST5 Pinion | E-Bike | 0% d'int\u00e9r\u00eat | Suisse","description":"Ach\u00e8te le Stromer ST5 Pinion et rembourse-le facilement par mois avec 0% d'int\u00e9r\u00eat ! Profites-en et commence \u00e0 rouler rapidement.","robots":{"index":"noindex","follow":"follow","max-snippet":"max-snippet:-1","max-image-preview":"max-image-preview:large","max-video-preview":"max-video-preview:-1"},"og_locale":"fr_FR","og_type":"article","og_title":"Stromer ST5 Pinion | E-Bike | 0% d'int\u00e9r\u00eat | Suisse","og_description":"Ach\u00e8te le Stromer ST5 Pinion et rembourse-le facilement par mois avec 0% d'int\u00e9r\u00eat ! Profites-en et commence \u00e0 rouler rapidement.","og_url":"https:\/\/listings.mybikeplan.ch\/fr\/produit\/stromer-st5-pinion-green\/","og_site_name":"MyBikePlan","article_modified_time":"2024-07-12T14:25:31+00:00","og_image":[{"width":3000,"height":3000,"url":"https:\/\/listings.mybikeplan.ch\/wp-content\/uploads\/2024\/07\/Stromer-ST5-Pinion.png","type":"image\/png"}],"twitter_card":"summary_large_image","twitter_misc":{"Dur\u00e9e de lecture estim\u00e9e":"1 minute"},"schema":{"@context":"https:\/\/schema.org","@graph":[{"@type":"WebPage","@id":"https:\/\/listings.mybikeplan.ch\/fr\/produit\/stromer-st5-pinion-green\/","url":"https:\/\/listings.mybikeplan.ch\/fr\/produit\/stromer-st5-pinion-green\/","name":"Stromer ST5 Pinion | E-Bike | 0% d'int\u00e9r\u00eat | Suisse","isPartOf":{"@id":"https:\/\/listings.mybikeplan.ch\/fr\/#website"},"primaryImageOfPage":{"@id":"https:\/\/listings.mybikeplan.ch\/fr\/produit\/stromer-st5-pinion-green\/#primaryimage"},"image":{"@id":"https:\/\/listings.mybikeplan.ch\/fr\/produit\/stromer-st5-pinion-green\/#primaryimage"},"thumbnailUrl":"https:\/\/listings.mybikeplan.ch\/wp-content\/uploads\/2024\/07\/Stromer-ST5-Pinion.png","datePublished":"2024-07-12T07:48:00+00:00","dateModified":"2024-07-12T14:25:31+00:00","description":"Ach\u00e8te le Stromer ST5 Pinion et rembourse-le facilement par mois avec 0% d'int\u00e9r\u00eat ! Profites-en et commence \u00e0 rouler rapidement.","breadcrumb":{"@id":"https:\/\/listings.mybikeplan.ch\/fr\/produit\/stromer-st5-pinion-green\/#breadcrumb"},"inLanguage":"fr-FR","potentialAction":[{"@type":"ReadAction","target":["https:\/\/listings.mybikeplan.ch\/fr\/produit\/stromer-st5-pinion-green\/"]}]},{"@type":"ImageObject","inLanguage":"fr-FR","@id":"https:\/\/listings.mybikeplan.ch\/fr\/produit\/stromer-st5-pinion-green\/#primaryimage","url":"https:\/\/listings.mybikeplan.ch\/wp-content\/uploads\/2024\/07\/Stromer-ST5-Pinion.png","contentUrl":"https:\/\/listings.mybikeplan.ch\/wp-content\/uploads\/2024\/07\/Stromer-ST5-Pinion.png","width":3000,"height":3000},{"@type":"BreadcrumbList","@id":"https:\/\/listings.mybikeplan.ch\/fr\/produit\/stromer-st5-pinion-green\/#breadcrumb","itemListElement":[{"@type":"ListItem","position":1,"name":"Home","item":"https:\/\/listings.mybikeplan.ch\/fr\/home\/"},{"@type":"ListItem","position":2,"name":"Stromer ST5 Pinion"}]},{"@type":"WebSite","@id":"https:\/\/listings.mybikeplan.ch\/fr\/#website","url":"https:\/\/listings.mybikeplan.ch\/fr\/","name":"MyBikePlan","description":"","potentialAction":[{"@type":"SearchAction","target":{"@type":"EntryPoint","urlTemplate":"https:\/\/listings.mybikeplan.ch\/fr\/?s={search_term_string}"},"query-input":{"@type":"PropertyValueSpecification","valueRequired":true,"valueName":"search_term_string"}}],"inLanguage":"fr-FR"}]}},"_links":{"self":[{"href":"https:\/\/listings.mybikeplan.ch\/fr\/wp-json\/wp\/v2\/product\/66393","targetHints":{"allow":["GET"]}}],"collection":[{"href":"https:\/\/listings.mybikeplan.ch\/fr\/wp-json\/wp\/v2\/product"}],"about":[{"href":"https:\/\/listings.mybikeplan.ch\/fr\/wp-json\/wp\/v2\/types\/product"}],"replies":[{"embeddable":true,"href":"https:\/\/listings.mybikeplan.ch\/fr\/wp-json\/wp\/v2\/comments?post=66393"}],"wp:featuredmedia":[{"embeddable":true,"href":"https:\/\/listings.mybikeplan.ch\/fr\/wp-json\/wp\/v2\/media\/66538"}],"wp:attachment":[{"href":"https:\/\/listings.mybikeplan.ch\/fr\/wp-json\/wp\/v2\/media?parent=66393"}],"wp:term":[{"taxonomy":"product_brand","embeddable":true,"href":"https:\/\/listings.mybikeplan.ch\/fr\/wp-json\/wp\/v2\/product_brand?post=66393"},{"taxonomy":"product_cat","embeddable":true,"href":"https:\/\/listings.mybikeplan.ch\/fr\/wp-json\/wp\/v2\/product_cat?post=66393"},{"taxonomy":"product_tag","embeddable":true,"href":"https:\/\/listings.mybikeplan.ch\/fr\/wp-json\/wp\/v2\/product_tag?post=66393"}],"curies":[{"name":"wp","href":"https:\/\/api.w.org\/{rel}","templated":true}]}}