{"id":66021,"date":"2024-07-04T09:46:17","date_gmt":"2024-07-04T09:46:29","guid":{"rendered":"https:\/\/listings.mybikeplan.ch\/?post_type=product&#038;p=66021"},"modified":"2024-07-10T06:56:45","modified_gmt":"2024-07-10T06:56:45","slug":"bergstrom-flow-1-black","status":"publish","type":"product","link":"https:\/\/listings.mybikeplan.ch\/fr\/produit\/bergstrom-flow-1-black\/","title":{"rendered":"Bergstrom Flow 1"},"content":{"rendered":"<h2><b>Le plus important sur le Bergstrom Flow 1<span data-sheets-root=\"1\" data-sheets-value=\"{&quot;1&quot;:2,&quot;2&quot;:&quot;GasGas TRA SE&quot;}\" data-sheets-userformat=\"{&quot;2&quot;:31299,&quot;3&quot;:{&quot;1&quot;:0},&quot;4&quot;:{&quot;1&quot;:2,&quot;2&quot;:16777215},&quot;9&quot;:0,&quot;12&quot;:0,&quot;14&quot;:{&quot;1&quot;:2,&quot;2&quot;:0},&quot;15&quot;:&quot;Arial&quot;,&quot;16&quot;:15,&quot;17&quot;:1}\">:<\/span><\/b><\/h2>\n<ul>\n<li>Moteur Bosch Performance SX puissant pour un soutien sans faille.<\/li>\n<li>Technologie de suspension progressive avec 130 mm de d\u00e9battement et Horstlink pour un contr\u00f4le optimal.<\/li>\n<li>Transmission sans fil Sram GX Eagle AXS 12 vitesses pour des changements de vitesse pr\u00e9cis.<\/li>\n<\/ul>\n<h2>Le <b>Bergstrom Flow 1 <\/b>est parfait pour toi si:<\/h2>\n<ul>\n<li>Recherches un moteur puissant et l\u00e9ger qui te soutient exactement quand tu en as besoin.<\/li>\n<li>Appr\u00e9cies une sensation de conduite naturelle sans r\u00e9sistance au p\u00e9dalage perceptible.<\/li>\n<li>Souhaites un v\u00e9lo robuste avec une suspension progressive pour des sentiers exigeants.<\/li>\n<li>Veux profiter de changements de vitesse pr\u00e9cis et l\u00e9gers m\u00eame dans des conditions extr\u00eames.<\/li>\n<\/ul>\n<h2>Recommandation de tailles :<\/h2>\n<ul>\n<li><span style=\"font-weight: 400;\">S: 158-168 cm<\/span><\/li>\n<li><span style=\"font-weight: 400;\">M: 167-177 cm<\/span><\/li>\n<li><span style=\"font-weight: 400;\">L: 176-186 cm<\/span><\/li>\n<li><span style=\"font-weight: 400;\">XL: 185-195 cm<\/span><\/li>\n<\/ul>\n","protected":false},"excerpt":{"rendered":"<h3><b>\u00c0 propos de Bergstrom<\/b><\/h3>\n<div class=\"pb-5 mt-5 \">\n<div class=\"container\">\n<div class=\"row align-items-center null\">\n<div class=\"col-12 col-lg-6\">\n<div class=\"row\">\n<div class=\"col-12 col-lg-9\">\n<div id=\"\" class=\"Typography_bodyLg__zXP4k text-secondary\">\n<div class=\"row\">\n<div class=\"col-12\">\n<div id=\"\" class=\"Typography_bodyLg__zXP4k \">\n<p>Les v\u00e9los \u00e9lectriques BERGSTROM sont les produits d&rsquo;une marque jeune et innovante du fabricant de v\u00e9los suisse Komenda. Ici, tu obtiendras 100% de suissitude avec des v\u00e9los \u00e9lectriques qui ont \u00e9t\u00e9 sp\u00e9cialement con\u00e7us en gardant \u00e0 l&rsquo;esprit les d\u00e9fis du paysage suisse. Le r\u00e9sultat ? Des v\u00e9los \u00e9lectriques de haute qualit\u00e9 qui soutiennent de mani\u00e8re fiable aussi bien au quotidien que sur les sentiers !<\/p>\n<\/div>\n<\/div>\n<\/div>\n<\/div>\n<\/div>\n<\/div>\n<\/div>\n<\/div>\n<\/div>\n<\/div>\n","protected":false},"featured_media":66035,"comment_status":"open","ping_status":"closed","template":"","meta":{"_acf_changed":false},"product_brand":[],"product_cat":[10082,10185,10157,10160,10159,10192,10186,10105,10080,10173,10096],"product_tag":[],"class_list":{"0":"post-66021","1":"product","2":"type-product","3":"status-publish","4":"has-post-thumbnail","6":"product_cat-25-km","7":"product_cat-diamant","8":"product_cat-e-bikes","9":"product_cat-e-mountain-fully","10":"product_cat-e-mountain","11":"product_cat-homepage","12":"product_cat-hommes","13":"product_cat-marque-bergstrom","14":"product_cat-mybikeplan","15":"product_cat-noir","16":"product_cat-alle-e-bikes","17":"pa_battery-bosch-compacttube-400-wh-fest-fr","18":"pa_battery-size-400-wh","19":"pa_brakes-shimano-slx-v-h-180-mm-fr","20":"pa_brand-bergstrom","21":"pa_cassette-sram-eagle-12-fach-fr","22":"pa_damper-dt-swiss-r535-fr","23":"pa_filters-color-noir","24":"pa_fork-dt-swiss-f535-federgabel-140-mm-fr","25":"pa_frame-variant-diamant","26":"pa_gear-change-sram-gx-eagle-axs-12-fach-fr","27":"pa_gears-12-gaenge-fr","28":"pa_hex-color-343434-fr","29":"pa_hex-color-7accd6-produkt-bergstrom-flow-1-blue-fr","30":"pa_hex-color-7d7b75-produkt-bergstrom-flow-1-grey-fr","31":"pa_hex-color-e09421-produkt-bergstrom-flow-1-orange-fr","32":"pa_motor-bosch-performance-sx-25km-h-fr","33":"pa_rider-height-155-160-cm","34":"pa_rider-height-160-165-cm","35":"pa_rider-height-165-170-cm","36":"pa_rider-height-170-175-cm","37":"pa_rider-height-175-180-cm","38":"pa_rider-height-180-185-cm","39":"pa_rider-height-185-190-cm","40":"pa_rider-height-190-195-cm","41":"pa_sizes-l-fr","42":"pa_sizes-m-fr","43":"pa_sizes-s-fr","44":"pa_sizes-xl-fr","45":"pa_speed-25-km-heure","46":"pa_suspension-travel-130-mm-fr","47":"pa_tires-schwalbe-wicked-will-evo-super-trail-29x2-35-fr","48":"pa_youtube-link-https-www-youtube-com-embed-lvozc1dohgu-fr","50":"first","51":"instock","52":"shipping-taxable","53":"purchasable","54":"product-type-variable"},"acf":[],"yoast_head":"<!-- This site is optimized with the Yoast SEO plugin v24.5 - https:\/\/yoast.com\/wordpress\/plugins\/seo\/ -->\n<title>Bergstrom Flow 1 | E-Bike | 0% d&#039;int\u00e9r\u00eat | Suisse<\/title>\n<meta name=\"description\" content=\"Ach\u00e8te le Bergstrom Flow 1 et rembourse-le facilement par mois avec 0% d&#039;int\u00e9r\u00eat ! Profites-en et commence \u00e0 rouler rapidement.\" \/>\n<meta name=\"robots\" content=\"noindex, follow, max-snippet:-1, max-image-preview:large, max-video-preview:-1\" \/>\n<meta property=\"og:locale\" content=\"fr_FR\" \/>\n<meta property=\"og:type\" content=\"article\" \/>\n<meta property=\"og:title\" content=\"Bergstrom Flow 1 | E-Bike | 0% d&#039;int\u00e9r\u00eat | Suisse\" \/>\n<meta property=\"og:description\" content=\"Ach\u00e8te le Bergstrom Flow 1 et rembourse-le facilement par mois avec 0% d&#039;int\u00e9r\u00eat ! Profites-en et commence \u00e0 rouler rapidement.\" \/>\n<meta property=\"og:url\" content=\"https:\/\/listings.mybikeplan.ch\/fr\/produit\/bergstrom-flow-1-black\/\" \/>\n<meta property=\"og:site_name\" content=\"MyBikePlan\" \/>\n<meta property=\"article:modified_time\" content=\"2024-07-10T06:56:45+00:00\" \/>\n<meta property=\"og:image\" content=\"https:\/\/listings.mybikeplan.ch\/wp-content\/uploads\/2024\/07\/Bergstrom-Flow-1-1.png\" \/>\n\t<meta property=\"og:image:width\" content=\"3000\" \/>\n\t<meta property=\"og:image:height\" content=\"3000\" \/>\n\t<meta property=\"og:image:type\" content=\"image\/png\" \/>\n<meta name=\"twitter:card\" content=\"summary_large_image\" \/>\n<meta name=\"twitter:label1\" content=\"Dur\u00e9e de lecture estim\u00e9e\" \/>\n\t<meta name=\"twitter:data1\" content=\"1 minute\" \/>\n<script type=\"application\/ld+json\" class=\"yoast-schema-graph\">{\"@context\":\"https:\/\/schema.org\",\"@graph\":[{\"@type\":\"WebPage\",\"@id\":\"https:\/\/listings.mybikeplan.ch\/fr\/produit\/bergstrom-flow-1-black\/\",\"url\":\"https:\/\/listings.mybikeplan.ch\/fr\/produit\/bergstrom-flow-1-black\/\",\"name\":\"Bergstrom Flow 1 | E-Bike | 0% d'int\u00e9r\u00eat | Suisse\",\"isPartOf\":{\"@id\":\"https:\/\/listings.mybikeplan.ch\/fr\/#website\"},\"primaryImageOfPage\":{\"@id\":\"https:\/\/listings.mybikeplan.ch\/fr\/produit\/bergstrom-flow-1-black\/#primaryimage\"},\"image\":{\"@id\":\"https:\/\/listings.mybikeplan.ch\/fr\/produit\/bergstrom-flow-1-black\/#primaryimage\"},\"thumbnailUrl\":\"https:\/\/listings.mybikeplan.ch\/wp-content\/uploads\/2024\/07\/Bergstrom-Flow-1-1.png\",\"datePublished\":\"2024-07-04T09:46:29+00:00\",\"dateModified\":\"2024-07-10T06:56:45+00:00\",\"description\":\"Ach\u00e8te le Bergstrom Flow 1 et rembourse-le facilement par mois avec 0% d'int\u00e9r\u00eat ! Profites-en et commence \u00e0 rouler rapidement.\",\"breadcrumb\":{\"@id\":\"https:\/\/listings.mybikeplan.ch\/fr\/produit\/bergstrom-flow-1-black\/#breadcrumb\"},\"inLanguage\":\"fr-FR\",\"potentialAction\":[{\"@type\":\"ReadAction\",\"target\":[\"https:\/\/listings.mybikeplan.ch\/fr\/produit\/bergstrom-flow-1-black\/\"]}]},{\"@type\":\"ImageObject\",\"inLanguage\":\"fr-FR\",\"@id\":\"https:\/\/listings.mybikeplan.ch\/fr\/produit\/bergstrom-flow-1-black\/#primaryimage\",\"url\":\"https:\/\/listings.mybikeplan.ch\/wp-content\/uploads\/2024\/07\/Bergstrom-Flow-1-1.png\",\"contentUrl\":\"https:\/\/listings.mybikeplan.ch\/wp-content\/uploads\/2024\/07\/Bergstrom-Flow-1-1.png\",\"width\":3000,\"height\":3000},{\"@type\":\"BreadcrumbList\",\"@id\":\"https:\/\/listings.mybikeplan.ch\/fr\/produit\/bergstrom-flow-1-black\/#breadcrumb\",\"itemListElement\":[{\"@type\":\"ListItem\",\"position\":1,\"name\":\"Home\",\"item\":\"https:\/\/listings.mybikeplan.ch\/fr\/home\/\"},{\"@type\":\"ListItem\",\"position\":2,\"name\":\"Bergstrom Flow 1\"}]},{\"@type\":\"WebSite\",\"@id\":\"https:\/\/listings.mybikeplan.ch\/fr\/#website\",\"url\":\"https:\/\/listings.mybikeplan.ch\/fr\/\",\"name\":\"MyBikePlan\",\"description\":\"\",\"potentialAction\":[{\"@type\":\"SearchAction\",\"target\":{\"@type\":\"EntryPoint\",\"urlTemplate\":\"https:\/\/listings.mybikeplan.ch\/fr\/?s={search_term_string}\"},\"query-input\":{\"@type\":\"PropertyValueSpecification\",\"valueRequired\":true,\"valueName\":\"search_term_string\"}}],\"inLanguage\":\"fr-FR\"}]}<\/script>\n<!-- \/ Yoast SEO plugin. -->","yoast_head_json":{"title":"Bergstrom Flow 1 | E-Bike | 0% d'int\u00e9r\u00eat | Suisse","description":"Ach\u00e8te le Bergstrom Flow 1 et rembourse-le facilement par mois avec 0% d'int\u00e9r\u00eat ! Profites-en et commence \u00e0 rouler rapidement.","robots":{"index":"noindex","follow":"follow","max-snippet":"max-snippet:-1","max-image-preview":"max-image-preview:large","max-video-preview":"max-video-preview:-1"},"og_locale":"fr_FR","og_type":"article","og_title":"Bergstrom Flow 1 | E-Bike | 0% d'int\u00e9r\u00eat | Suisse","og_description":"Ach\u00e8te le Bergstrom Flow 1 et rembourse-le facilement par mois avec 0% d'int\u00e9r\u00eat ! Profites-en et commence \u00e0 rouler rapidement.","og_url":"https:\/\/listings.mybikeplan.ch\/fr\/produit\/bergstrom-flow-1-black\/","og_site_name":"MyBikePlan","article_modified_time":"2024-07-10T06:56:45+00:00","og_image":[{"width":3000,"height":3000,"url":"https:\/\/listings.mybikeplan.ch\/wp-content\/uploads\/2024\/07\/Bergstrom-Flow-1-1.png","type":"image\/png"}],"twitter_card":"summary_large_image","twitter_misc":{"Dur\u00e9e de lecture estim\u00e9e":"1 minute"},"schema":{"@context":"https:\/\/schema.org","@graph":[{"@type":"WebPage","@id":"https:\/\/listings.mybikeplan.ch\/fr\/produit\/bergstrom-flow-1-black\/","url":"https:\/\/listings.mybikeplan.ch\/fr\/produit\/bergstrom-flow-1-black\/","name":"Bergstrom Flow 1 | E-Bike | 0% d'int\u00e9r\u00eat | Suisse","isPartOf":{"@id":"https:\/\/listings.mybikeplan.ch\/fr\/#website"},"primaryImageOfPage":{"@id":"https:\/\/listings.mybikeplan.ch\/fr\/produit\/bergstrom-flow-1-black\/#primaryimage"},"image":{"@id":"https:\/\/listings.mybikeplan.ch\/fr\/produit\/bergstrom-flow-1-black\/#primaryimage"},"thumbnailUrl":"https:\/\/listings.mybikeplan.ch\/wp-content\/uploads\/2024\/07\/Bergstrom-Flow-1-1.png","datePublished":"2024-07-04T09:46:29+00:00","dateModified":"2024-07-10T06:56:45+00:00","description":"Ach\u00e8te le Bergstrom Flow 1 et rembourse-le facilement par mois avec 0% d'int\u00e9r\u00eat ! Profites-en et commence \u00e0 rouler rapidement.","breadcrumb":{"@id":"https:\/\/listings.mybikeplan.ch\/fr\/produit\/bergstrom-flow-1-black\/#breadcrumb"},"inLanguage":"fr-FR","potentialAction":[{"@type":"ReadAction","target":["https:\/\/listings.mybikeplan.ch\/fr\/produit\/bergstrom-flow-1-black\/"]}]},{"@type":"ImageObject","inLanguage":"fr-FR","@id":"https:\/\/listings.mybikeplan.ch\/fr\/produit\/bergstrom-flow-1-black\/#primaryimage","url":"https:\/\/listings.mybikeplan.ch\/wp-content\/uploads\/2024\/07\/Bergstrom-Flow-1-1.png","contentUrl":"https:\/\/listings.mybikeplan.ch\/wp-content\/uploads\/2024\/07\/Bergstrom-Flow-1-1.png","width":3000,"height":3000},{"@type":"BreadcrumbList","@id":"https:\/\/listings.mybikeplan.ch\/fr\/produit\/bergstrom-flow-1-black\/#breadcrumb","itemListElement":[{"@type":"ListItem","position":1,"name":"Home","item":"https:\/\/listings.mybikeplan.ch\/fr\/home\/"},{"@type":"ListItem","position":2,"name":"Bergstrom Flow 1"}]},{"@type":"WebSite","@id":"https:\/\/listings.mybikeplan.ch\/fr\/#website","url":"https:\/\/listings.mybikeplan.ch\/fr\/","name":"MyBikePlan","description":"","potentialAction":[{"@type":"SearchAction","target":{"@type":"EntryPoint","urlTemplate":"https:\/\/listings.mybikeplan.ch\/fr\/?s={search_term_string}"},"query-input":{"@type":"PropertyValueSpecification","valueRequired":true,"valueName":"search_term_string"}}],"inLanguage":"fr-FR"}]}},"_links":{"self":[{"href":"https:\/\/listings.mybikeplan.ch\/fr\/wp-json\/wp\/v2\/product\/66021","targetHints":{"allow":["GET"]}}],"collection":[{"href":"https:\/\/listings.mybikeplan.ch\/fr\/wp-json\/wp\/v2\/product"}],"about":[{"href":"https:\/\/listings.mybikeplan.ch\/fr\/wp-json\/wp\/v2\/types\/product"}],"replies":[{"embeddable":true,"href":"https:\/\/listings.mybikeplan.ch\/fr\/wp-json\/wp\/v2\/comments?post=66021"}],"wp:featuredmedia":[{"embeddable":true,"href":"https:\/\/listings.mybikeplan.ch\/fr\/wp-json\/wp\/v2\/media\/66035"}],"wp:attachment":[{"href":"https:\/\/listings.mybikeplan.ch\/fr\/wp-json\/wp\/v2\/media?parent=66021"}],"wp:term":[{"taxonomy":"product_brand","embeddable":true,"href":"https:\/\/listings.mybikeplan.ch\/fr\/wp-json\/wp\/v2\/product_brand?post=66021"},{"taxonomy":"product_cat","embeddable":true,"href":"https:\/\/listings.mybikeplan.ch\/fr\/wp-json\/wp\/v2\/product_cat?post=66021"},{"taxonomy":"product_tag","embeddable":true,"href":"https:\/\/listings.mybikeplan.ch\/fr\/wp-json\/wp\/v2\/product_tag?post=66021"}],"curies":[{"name":"wp","href":"https:\/\/api.w.org\/{rel}","templated":true}]}}