{"id":65529,"date":"2024-06-27T14:45:30","date_gmt":"2024-06-27T14:45:44","guid":{"rendered":"https:\/\/listings.mybikeplan.ch\/?post_type=product&#038;p=65529"},"modified":"2024-07-10T08:06:27","modified_gmt":"2024-07-10T08:06:27","slug":"bmc-257-amp-al-one-st-blue","status":"publish","type":"product","link":"https:\/\/listings.mybikeplan.ch\/fr\/produit\/bmc-257-amp-al-one-st-blue\/","title":{"rendered":"BMC 257 AMP AL ONE ST"},"content":{"rendered":"<h2><strong>Le plus important sur le BMC 257 AMP AL ONE ST:<\/strong><\/h2>\n<ul>\n<li style=\"font-weight: 400;\" aria-level=\"1\">Avec son esth\u00e9tique \u00e9pur\u00e9e, ses d\u00e9tails travaill\u00e9s \u00e0 l\u2019extr\u00eame et son int\u00e9gration de haut niveau, le mod\u00e8le 257 AMP AL ONE ST est compos\u00e9 d\u2019aluminium Premium l\u00e9ger et polyvalent et par\u00e9 d\u2019un rev\u00eatement poudre pour une meilleure durabilit\u00e9.<\/li>\n<li style=\"font-weight: 400;\" aria-level=\"1\">La puissance et le fonctionnement naturel du moteur avec courroie de transmission BOSCH Performance CX associ\u00e9s au confort sup\u00e9rieur de la potence ICS MTT et \u00e0 un \u00e9clairage Premium vous assurent vitesse et s\u00e9curit\u00e9.<\/li>\n<\/ul>\n<h2><b>Tailles recommand\u00e9es :<\/b><\/h2>\n<ul>\n<li style=\"font-weight: 400;\" aria-level=\"1\">S: 160-172 cm<\/li>\n<li style=\"font-weight: 400;\" aria-level=\"1\">M: 170-184 cm<\/li>\n<\/ul>\n","protected":false},"excerpt":{"rendered":"<h3><span data-sheets-root=\"1\" data-sheets-value=\"{&quot;1&quot;:2,&quot;2&quot;:&quot;\u00c0 propos de BMCnAvec plusieurs d\u00e9cennies d'exp\u00e9rience et une recherche constante de vitesse, BMC s'est impos\u00e9e comme une marque de r\u00e9f\u00e9rence dans le monde des v\u00e9los haut de gamme. Depuis la fin des ann\u00e9es 80 et le d\u00e9but des ann\u00e9es 90, BMC a d\u00e9velopp\u00e9 et perfectionn\u00e9 des innovations majeures, toujours dans le but de cr\u00e9er les v\u00e9los les plus rapides. Leur \u00e9quipe de plus de 150 experts \u00e0 Granges, en Suisse, est constamment en train de rechercher et de mettre en \u0153uvre de nouvelles technologies.&quot;}\" data-sheets-userformat=\"{&quot;2&quot;:3005,&quot;3&quot;:{&quot;1&quot;:0},&quot;5&quot;:{&quot;1&quot;:[{&quot;1&quot;:2,&quot;2&quot;:0,&quot;5&quot;:{&quot;1&quot;:2,&quot;2&quot;:0}},{&quot;1&quot;:0,&quot;2&quot;:0,&quot;3&quot;:3},{&quot;1&quot;:1,&quot;2&quot;:0,&quot;4&quot;:1}]},&quot;6&quot;:{&quot;1&quot;:[{&quot;1&quot;:2,&quot;2&quot;:0,&quot;5&quot;:{&quot;1&quot;:2,&quot;2&quot;:0}},{&quot;1&quot;:0,&quot;2&quot;:0,&quot;3&quot;:3},{&quot;1&quot;:1,&quot;2&quot;:0,&quot;4&quot;:1}]},&quot;7&quot;:{&quot;1&quot;:[{&quot;1&quot;:2,&quot;2&quot;:0,&quot;5&quot;:{&quot;1&quot;:2,&quot;2&quot;:0}},{&quot;1&quot;:0,&quot;2&quot;:0,&quot;3&quot;:3},{&quot;1&quot;:1,&quot;2&quot;:0,&quot;4&quot;:1}]},&quot;8&quot;:{&quot;1&quot;:[{&quot;1&quot;:2,&quot;2&quot;:0,&quot;5&quot;:{&quot;1&quot;:2,&quot;2&quot;:0}},{&quot;1&quot;:0,&quot;2&quot;:0,&quot;3&quot;:3},{&quot;1&quot;:1,&quot;2&quot;:0,&quot;4&quot;:1}]},&quot;10&quot;:0,&quot;11&quot;:4,&quot;12&quot;:0,&quot;14&quot;:{&quot;1&quot;:2,&quot;2&quot;:0}}\" data-sheets-textstyleruns=\"{&quot;1&quot;:0,&quot;2&quot;:{&quot;5&quot;:1}}\uee10{&quot;1&quot;:15}\uee10{&quot;1&quot;:16,&quot;2&quot;:{}}\"><strong>\u00c0 propos de BMC<\/strong><\/span><\/h3>\n<p><span data-sheets-root=\"1\" data-sheets-value=\"{&quot;1&quot;:2,&quot;2&quot;:&quot;\u00c0 propos de BMCnAvec plusieurs d\u00e9cennies d'exp\u00e9rience et une recherche constante de vitesse, BMC s'est impos\u00e9e comme une marque de r\u00e9f\u00e9rence dans le monde des v\u00e9los haut de gamme. Depuis la fin des ann\u00e9es 80 et le d\u00e9but des ann\u00e9es 90, BMC a d\u00e9velopp\u00e9 et perfectionn\u00e9 des innovations majeures, toujours dans le but de cr\u00e9er les v\u00e9los les plus rapides. Leur \u00e9quipe de plus de 150 experts \u00e0 Granges, en Suisse, est constamment en train de rechercher et de mettre en \u0153uvre de nouvelles technologies.&quot;}\" data-sheets-userformat=\"{&quot;2&quot;:3005,&quot;3&quot;:{&quot;1&quot;:0},&quot;5&quot;:{&quot;1&quot;:[{&quot;1&quot;:2,&quot;2&quot;:0,&quot;5&quot;:{&quot;1&quot;:2,&quot;2&quot;:0}},{&quot;1&quot;:0,&quot;2&quot;:0,&quot;3&quot;:3},{&quot;1&quot;:1,&quot;2&quot;:0,&quot;4&quot;:1}]},&quot;6&quot;:{&quot;1&quot;:[{&quot;1&quot;:2,&quot;2&quot;:0,&quot;5&quot;:{&quot;1&quot;:2,&quot;2&quot;:0}},{&quot;1&quot;:0,&quot;2&quot;:0,&quot;3&quot;:3},{&quot;1&quot;:1,&quot;2&quot;:0,&quot;4&quot;:1}]},&quot;7&quot;:{&quot;1&quot;:[{&quot;1&quot;:2,&quot;2&quot;:0,&quot;5&quot;:{&quot;1&quot;:2,&quot;2&quot;:0}},{&quot;1&quot;:0,&quot;2&quot;:0,&quot;3&quot;:3},{&quot;1&quot;:1,&quot;2&quot;:0,&quot;4&quot;:1}]},&quot;8&quot;:{&quot;1&quot;:[{&quot;1&quot;:2,&quot;2&quot;:0,&quot;5&quot;:{&quot;1&quot;:2,&quot;2&quot;:0}},{&quot;1&quot;:0,&quot;2&quot;:0,&quot;3&quot;:3},{&quot;1&quot;:1,&quot;2&quot;:0,&quot;4&quot;:1}]},&quot;10&quot;:0,&quot;11&quot;:4,&quot;12&quot;:0,&quot;14&quot;:{&quot;1&quot;:2,&quot;2&quot;:0}}\" data-sheets-textstyleruns=\"{&quot;1&quot;:0,&quot;2&quot;:{&quot;5&quot;:1}}\uee10{&quot;1&quot;:15}\uee10{&quot;1&quot;:16,&quot;2&quot;:{}}\">Avec plusieurs d\u00e9cennies d&rsquo;exp\u00e9rience et une recherche constante de vitesse, BMC s&rsquo;est impos\u00e9e comme une marque de r\u00e9f\u00e9rence dans le monde des v\u00e9los haut de gamme. Depuis la fin des ann\u00e9es 80 et le d\u00e9but des ann\u00e9es 90, BMC a d\u00e9velopp\u00e9 et perfectionn\u00e9 des innovations majeures, toujours dans le but de cr\u00e9er les v\u00e9los les plus rapides. Leur \u00e9quipe de plus de 150 experts \u00e0 Granges, en Suisse, est constamment en train de rechercher et de mettre en \u0153uvre de nouvelles technologies.<\/span><\/p>\n","protected":false},"featured_media":65538,"comment_status":"open","ping_status":"closed","template":"","meta":{"_acf_changed":false},"product_brand":[],"product_cat":[10082,10165,10588,10157,10163,10184,10186,10080,10190,10096],"product_tag":[],"class_list":{"0":"post-65529","1":"product","2":"type-product","3":"status-publish","4":"has-post-thumbnail","6":"product_cat-25-km","7":"product_cat-bleu","8":"product_cat-bmc","9":"product_cat-e-bikes","10":"product_cat-e-urban","11":"product_cat-femmes","12":"product_cat-hommes","13":"product_cat-mybikeplan","14":"product_cat-swiss-made","15":"product_cat-alle-e-bikes","16":"pa_battery-bosch-powertube-625-wh-fr-2","17":"pa_battery-size-625-wh","18":"pa_brakes-tektro-hd-v-180-mm-h-160-mm-fr","19":"pa_brand-bmc","20":"pa_cassette-gates-cdx-fr","21":"pa_filters-color-bleu","22":"pa_fork-257-premium-aluminium-fender-mounts-flat-mount-disc-12-x-100mm-thru-axle-fr","23":"pa_frame-variant-trapeze","24":"pa_gears-1-x-8-fr","25":"pa_hex-color-597388-fr","26":"pa_max-weight-120-kg","27":"pa_motor-bosch-performance-line-cx-fr","28":"pa_range-100-130-km-fr","29":"pa_rider-height-160-165-cm","30":"pa_rider-height-165-170-cm","31":"pa_rider-height-170-175-cm","32":"pa_rider-height-175-180-cm","33":"pa_rider-height-180-185-cm","34":"pa_rider-height-185-190-cm","35":"pa_sizes-m-fr","36":"pa_sizes-s-fr","37":"pa_speed-25-km-heure","38":"pa_tires-pirelli-angel-gt-37mm-fr","39":"pa_weight-21-9-kg-fr","41":"first","42":"instock","43":"shipping-taxable","44":"purchasable","45":"product-type-variable"},"acf":[],"yoast_head":"<!-- This site is optimized with the Yoast SEO plugin v24.5 - https:\/\/yoast.com\/wordpress\/plugins\/seo\/ -->\n<title>BMC 257 AMP AL ONE ST | E-Bike | 0% d&#039;int\u00e9r\u00eat | Suisse<\/title>\n<meta name=\"description\" content=\"BMC 257 AMP AL ONE ST et rembourse-le facilement par mois avec 0% d&#039;int\u00e9r\u00eat ! Profites-en et commence \u00e0 rouler rapidement.\" \/>\n<meta name=\"robots\" content=\"noindex, follow, max-snippet:-1, max-image-preview:large, max-video-preview:-1\" \/>\n<meta property=\"og:locale\" content=\"fr_FR\" \/>\n<meta property=\"og:type\" content=\"article\" \/>\n<meta property=\"og:title\" content=\"BMC 257 AMP AL ONE ST | E-Bike | 0% d&#039;int\u00e9r\u00eat | Suisse\" \/>\n<meta property=\"og:description\" content=\"BMC 257 AMP AL ONE ST et rembourse-le facilement par mois avec 0% d&#039;int\u00e9r\u00eat ! Profites-en et commence \u00e0 rouler rapidement.\" \/>\n<meta property=\"og:url\" content=\"https:\/\/listings.mybikeplan.ch\/fr\/produit\/bmc-257-amp-al-one-st-blue\/\" \/>\n<meta property=\"og:site_name\" content=\"MyBikePlan\" \/>\n<meta property=\"article:modified_time\" content=\"2024-07-10T08:06:27+00:00\" \/>\n<meta property=\"og:image\" content=\"https:\/\/listings.mybikeplan.ch\/wp-content\/uploads\/2024\/06\/BMC-257-AMP-AL-ONE-ST-1-1024x1024.png\" \/>\n\t<meta property=\"og:image:width\" content=\"1024\" \/>\n\t<meta property=\"og:image:height\" content=\"1024\" \/>\n\t<meta property=\"og:image:type\" content=\"image\/png\" \/>\n<meta name=\"twitter:card\" content=\"summary_large_image\" \/>\n<meta name=\"twitter:label1\" content=\"Dur\u00e9e de lecture estim\u00e9e\" \/>\n\t<meta name=\"twitter:data1\" content=\"1 minute\" \/>\n<script type=\"application\/ld+json\" class=\"yoast-schema-graph\">{\"@context\":\"https:\/\/schema.org\",\"@graph\":[{\"@type\":\"WebPage\",\"@id\":\"https:\/\/listings.mybikeplan.ch\/fr\/produit\/bmc-257-amp-al-one-st-blue\/\",\"url\":\"https:\/\/listings.mybikeplan.ch\/fr\/produit\/bmc-257-amp-al-one-st-blue\/\",\"name\":\"BMC 257 AMP AL ONE ST | E-Bike | 0% d'int\u00e9r\u00eat | Suisse\",\"isPartOf\":{\"@id\":\"https:\/\/listings.mybikeplan.ch\/fr\/#website\"},\"primaryImageOfPage\":{\"@id\":\"https:\/\/listings.mybikeplan.ch\/fr\/produit\/bmc-257-amp-al-one-st-blue\/#primaryimage\"},\"image\":{\"@id\":\"https:\/\/listings.mybikeplan.ch\/fr\/produit\/bmc-257-amp-al-one-st-blue\/#primaryimage\"},\"thumbnailUrl\":\"https:\/\/listings.mybikeplan.ch\/wp-content\/uploads\/2024\/06\/BMC-257-AMP-AL-ONE-ST-1.png\",\"datePublished\":\"2024-06-27T14:45:44+00:00\",\"dateModified\":\"2024-07-10T08:06:27+00:00\",\"description\":\"BMC 257 AMP AL ONE ST et rembourse-le facilement par mois avec 0% d'int\u00e9r\u00eat ! Profites-en et commence \u00e0 rouler rapidement.\",\"breadcrumb\":{\"@id\":\"https:\/\/listings.mybikeplan.ch\/fr\/produit\/bmc-257-amp-al-one-st-blue\/#breadcrumb\"},\"inLanguage\":\"fr-FR\",\"potentialAction\":[{\"@type\":\"ReadAction\",\"target\":[\"https:\/\/listings.mybikeplan.ch\/fr\/produit\/bmc-257-amp-al-one-st-blue\/\"]}]},{\"@type\":\"ImageObject\",\"inLanguage\":\"fr-FR\",\"@id\":\"https:\/\/listings.mybikeplan.ch\/fr\/produit\/bmc-257-amp-al-one-st-blue\/#primaryimage\",\"url\":\"https:\/\/listings.mybikeplan.ch\/wp-content\/uploads\/2024\/06\/BMC-257-AMP-AL-ONE-ST-1.png\",\"contentUrl\":\"https:\/\/listings.mybikeplan.ch\/wp-content\/uploads\/2024\/06\/BMC-257-AMP-AL-ONE-ST-1.png\",\"width\":3000,\"height\":3000},{\"@type\":\"BreadcrumbList\",\"@id\":\"https:\/\/listings.mybikeplan.ch\/fr\/produit\/bmc-257-amp-al-one-st-blue\/#breadcrumb\",\"itemListElement\":[{\"@type\":\"ListItem\",\"position\":1,\"name\":\"Home\",\"item\":\"https:\/\/listings.mybikeplan.ch\/fr\/home\/\"},{\"@type\":\"ListItem\",\"position\":2,\"name\":\"BMC 257 AMP AL ONE ST\"}]},{\"@type\":\"WebSite\",\"@id\":\"https:\/\/listings.mybikeplan.ch\/fr\/#website\",\"url\":\"https:\/\/listings.mybikeplan.ch\/fr\/\",\"name\":\"MyBikePlan\",\"description\":\"\",\"potentialAction\":[{\"@type\":\"SearchAction\",\"target\":{\"@type\":\"EntryPoint\",\"urlTemplate\":\"https:\/\/listings.mybikeplan.ch\/fr\/?s={search_term_string}\"},\"query-input\":{\"@type\":\"PropertyValueSpecification\",\"valueRequired\":true,\"valueName\":\"search_term_string\"}}],\"inLanguage\":\"fr-FR\"}]}<\/script>\n<!-- \/ Yoast SEO plugin. -->","yoast_head_json":{"title":"BMC 257 AMP AL ONE ST | E-Bike | 0% d'int\u00e9r\u00eat | Suisse","description":"BMC 257 AMP AL ONE ST et rembourse-le facilement par mois avec 0% d'int\u00e9r\u00eat ! Profites-en et commence \u00e0 rouler rapidement.","robots":{"index":"noindex","follow":"follow","max-snippet":"max-snippet:-1","max-image-preview":"max-image-preview:large","max-video-preview":"max-video-preview:-1"},"og_locale":"fr_FR","og_type":"article","og_title":"BMC 257 AMP AL ONE ST | E-Bike | 0% d'int\u00e9r\u00eat | Suisse","og_description":"BMC 257 AMP AL ONE ST et rembourse-le facilement par mois avec 0% d'int\u00e9r\u00eat ! Profites-en et commence \u00e0 rouler rapidement.","og_url":"https:\/\/listings.mybikeplan.ch\/fr\/produit\/bmc-257-amp-al-one-st-blue\/","og_site_name":"MyBikePlan","article_modified_time":"2024-07-10T08:06:27+00:00","og_image":[{"width":1024,"height":1024,"url":"https:\/\/listings.mybikeplan.ch\/wp-content\/uploads\/2024\/06\/BMC-257-AMP-AL-ONE-ST-1-1024x1024.png","type":"image\/png"}],"twitter_card":"summary_large_image","twitter_misc":{"Dur\u00e9e de lecture estim\u00e9e":"1 minute"},"schema":{"@context":"https:\/\/schema.org","@graph":[{"@type":"WebPage","@id":"https:\/\/listings.mybikeplan.ch\/fr\/produit\/bmc-257-amp-al-one-st-blue\/","url":"https:\/\/listings.mybikeplan.ch\/fr\/produit\/bmc-257-amp-al-one-st-blue\/","name":"BMC 257 AMP AL ONE ST | E-Bike | 0% d'int\u00e9r\u00eat | Suisse","isPartOf":{"@id":"https:\/\/listings.mybikeplan.ch\/fr\/#website"},"primaryImageOfPage":{"@id":"https:\/\/listings.mybikeplan.ch\/fr\/produit\/bmc-257-amp-al-one-st-blue\/#primaryimage"},"image":{"@id":"https:\/\/listings.mybikeplan.ch\/fr\/produit\/bmc-257-amp-al-one-st-blue\/#primaryimage"},"thumbnailUrl":"https:\/\/listings.mybikeplan.ch\/wp-content\/uploads\/2024\/06\/BMC-257-AMP-AL-ONE-ST-1.png","datePublished":"2024-06-27T14:45:44+00:00","dateModified":"2024-07-10T08:06:27+00:00","description":"BMC 257 AMP AL ONE ST et rembourse-le facilement par mois avec 0% d'int\u00e9r\u00eat ! Profites-en et commence \u00e0 rouler rapidement.","breadcrumb":{"@id":"https:\/\/listings.mybikeplan.ch\/fr\/produit\/bmc-257-amp-al-one-st-blue\/#breadcrumb"},"inLanguage":"fr-FR","potentialAction":[{"@type":"ReadAction","target":["https:\/\/listings.mybikeplan.ch\/fr\/produit\/bmc-257-amp-al-one-st-blue\/"]}]},{"@type":"ImageObject","inLanguage":"fr-FR","@id":"https:\/\/listings.mybikeplan.ch\/fr\/produit\/bmc-257-amp-al-one-st-blue\/#primaryimage","url":"https:\/\/listings.mybikeplan.ch\/wp-content\/uploads\/2024\/06\/BMC-257-AMP-AL-ONE-ST-1.png","contentUrl":"https:\/\/listings.mybikeplan.ch\/wp-content\/uploads\/2024\/06\/BMC-257-AMP-AL-ONE-ST-1.png","width":3000,"height":3000},{"@type":"BreadcrumbList","@id":"https:\/\/listings.mybikeplan.ch\/fr\/produit\/bmc-257-amp-al-one-st-blue\/#breadcrumb","itemListElement":[{"@type":"ListItem","position":1,"name":"Home","item":"https:\/\/listings.mybikeplan.ch\/fr\/home\/"},{"@type":"ListItem","position":2,"name":"BMC 257 AMP AL ONE ST"}]},{"@type":"WebSite","@id":"https:\/\/listings.mybikeplan.ch\/fr\/#website","url":"https:\/\/listings.mybikeplan.ch\/fr\/","name":"MyBikePlan","description":"","potentialAction":[{"@type":"SearchAction","target":{"@type":"EntryPoint","urlTemplate":"https:\/\/listings.mybikeplan.ch\/fr\/?s={search_term_string}"},"query-input":{"@type":"PropertyValueSpecification","valueRequired":true,"valueName":"search_term_string"}}],"inLanguage":"fr-FR"}]}},"_links":{"self":[{"href":"https:\/\/listings.mybikeplan.ch\/fr\/wp-json\/wp\/v2\/product\/65529","targetHints":{"allow":["GET"]}}],"collection":[{"href":"https:\/\/listings.mybikeplan.ch\/fr\/wp-json\/wp\/v2\/product"}],"about":[{"href":"https:\/\/listings.mybikeplan.ch\/fr\/wp-json\/wp\/v2\/types\/product"}],"replies":[{"embeddable":true,"href":"https:\/\/listings.mybikeplan.ch\/fr\/wp-json\/wp\/v2\/comments?post=65529"}],"wp:featuredmedia":[{"embeddable":true,"href":"https:\/\/listings.mybikeplan.ch\/fr\/wp-json\/wp\/v2\/media\/65538"}],"wp:attachment":[{"href":"https:\/\/listings.mybikeplan.ch\/fr\/wp-json\/wp\/v2\/media?parent=65529"}],"wp:term":[{"taxonomy":"product_brand","embeddable":true,"href":"https:\/\/listings.mybikeplan.ch\/fr\/wp-json\/wp\/v2\/product_brand?post=65529"},{"taxonomy":"product_cat","embeddable":true,"href":"https:\/\/listings.mybikeplan.ch\/fr\/wp-json\/wp\/v2\/product_cat?post=65529"},{"taxonomy":"product_tag","embeddable":true,"href":"https:\/\/listings.mybikeplan.ch\/fr\/wp-json\/wp\/v2\/product_tag?post=65529"}],"curies":[{"name":"wp","href":"https:\/\/api.w.org\/{rel}","templated":true}]}}