{"id":64681,"date":"2024-06-17T14:50:34","date_gmt":"2024-06-17T14:50:40","guid":{"rendered":"https:\/\/listings.mybikeplan.ch\/?post_type=product&#038;p=64681"},"modified":"2024-07-10T14:38:21","modified_gmt":"2024-07-10T14:38:21","slug":"fischer-terra-8-0i-black-diamant","status":"publish","type":"product","link":"https:\/\/listings.mybikeplan.ch\/fr\/produit\/fischer-terra-8-0i-black-diamant\/","title":{"rendered":"FISCHER Terra 8.0i"},"content":{"rendered":"<h2><strong>Le plus important sur le FISCHER Terra 8.0i:<\/strong><\/h2>\n<ul>\n<li style=\"font-weight: 400;\" aria-level=\"1\"><span style=\"font-weight: 400;\">Capacit\u00e9 de la batterie de 711 Wh<\/span><\/li>\n<li style=\"font-weight: 400;\" aria-level=\"1\"><span style=\"font-weight: 400;\">Fourche suspendue Suntour<\/span><\/li>\n<li style=\"font-weight: 400;\" aria-level=\"1\"><span style=\"font-weight: 400;\">Poids total de 135 kg<\/span><\/li>\n<\/ul>\n<h2><strong>Le FISCHER Terra 8.0i est parfait pour toi si tu:<\/strong><\/h2>\n<ul>\n<li style=\"font-weight: 400;\" aria-level=\"1\"><span style=\"font-weight: 400;\">Tu es \u00e0 la recherche d&rsquo;un v\u00e9lo de trekking pour une exp\u00e9rience en plein air<\/span><\/li>\n<li style=\"font-weight: 400;\" aria-level=\"1\"><span style=\"font-weight: 400;\">Tu cherches un v\u00e9lo de trekking simple avec un moteur puissant<\/span><\/li>\n<\/ul>\n<h2><b>Tailles recommand\u00e9es :<\/b><\/h2>\n<ul>\n<li style=\"font-weight: 400;\" aria-level=\"1\"><span style=\"font-weight: 400;\">S: 150-175 cm<\/span><\/li>\n<li style=\"font-weight: 400;\" aria-level=\"1\"><span style=\"font-weight: 400;\">S\/M: 155-175 cm<\/span><\/li>\n<li style=\"font-weight: 400;\" aria-level=\"1\"><span style=\"font-weight: 400;\">L\/XL: 190-220 cm<\/span><\/li>\n<\/ul>\n","protected":false},"excerpt":{"rendered":"<h3><strong>FISCHER Terra 8.0i<\/strong><\/h3>\n<p><span style=\"font-weight: 400;\">Le FISCHER Terra 8.0i est parfait pour les randonn\u00e9es aventureuses. Il est \u00e9quip\u00e9 de freins \u00e0 disques hydrauliques fiables, d&rsquo;une tige de selle Humpert ergotec stable et d&rsquo;une selle Ergon confortable. Bien qu&rsquo;il ne p\u00e8se que 27 kg, il supporte jusqu&rsquo;\u00e0 135 kg. Sa fourche SR SUNTOUR XCM32 ATB et sa transmission SHIMANO 1&#215;10 vitesses DEORE garantissent une conduite en douceur. La puissante batterie 36 V, 711 Wh offre jusqu&rsquo;\u00e0 170 km d&rsquo;autonomie et est discr\u00e8tement int\u00e9gr\u00e9e au cadre. L&rsquo;\u00e9cran Brose Allround CAN Bus et le moteur central Brose Drive S MAG avec un couple de 90Nm facilitent le contr\u00f4le et la conduite, avec une garantie de 36 mois sur la batterie.<\/span><\/p>\n<h3><strong>\u00c0 propos de Fischer<\/strong><\/h3>\n<p><span style=\"font-weight: 400;\">Le fabricant allemand de v\u00e9los <\/span><span style=\"font-weight: 400;\">Fischer Bikes<\/span><span style=\"font-weight: 400;\"> a \u00e9t\u00e9 fond\u00e9 en 1993 par Uwe Kalliwoda et Klaus M\u00f6hwald. Apr\u00e8s avoir commenc\u00e9 dans leur propre garage, ils ont construit ensemble les premiers mod\u00e8les et sont d\u00e9sormais repr\u00e9sent\u00e9s au niveau international avec plus de 300 employ\u00e9s. Fischer Bikes propose une large gamme de produits, dont le c\u0153ur est constitu\u00e9 de v\u00e9los sportifs. Avec ou sans moteur \u00e9lectrique, on trouve de tout, des v\u00e9los de montagne aux v\u00e9los de randonn\u00e9e.<\/span><\/p>\n","protected":false},"featured_media":64697,"comment_status":"open","ping_status":"closed","template":"","meta":{"_acf_changed":false},"product_brand":[],"product_cat":[10082,10185,10157,10162,10184,10186,10117,10080,10173,10096],"product_tag":[],"class_list":{"0":"post-64681","1":"product","2":"type-product","3":"status-publish","4":"has-post-thumbnail","6":"product_cat-25-km","7":"product_cat-diamant","8":"product_cat-e-bikes","9":"product_cat-e-trekking","10":"product_cat-femmes","11":"product_cat-hommes","12":"product_cat-marque-fischer","13":"product_cat-mybikeplan","14":"product_cat-noir","15":"product_cat-alle-e-bikes","16":"pa_battery-akku-rahmen-711wh-bn23-7-pin-ladestecker-fr","17":"pa_battery-size-711-wh-fr","18":"pa_brakes-marke-alhonga-v-180-mm-h-160-mm-fr","19":"pa_brakes-marke-alhonga-vorne-180-mm-hinten-160-mm-2","20":"pa_brand-fischer","21":"pa_filters-color-noir","22":"pa_fork-sr-suntour-xcm32-atb-fr","23":"pa_frame-variant-diamant","24":"pa_gear-change-shimano-deore-kettenschaltung","25":"pa_gears-1-x-10","26":"pa_hex-color-4a4a48","27":"pa_max-weight-135-kg","28":"pa_motor-brose-drive-s-mag-mittelmotor-90-nm-fr","29":"pa_range-170-km-fr","30":"pa_rider-height-190-195-cm","31":"pa_rider-height-200-205-cm","32":"pa_rider-height-205-210-cm","33":"pa_rider-height-210-215-cm-fr","34":"pa_rider-height-215-220-cm-fr","35":"pa_sizes-l-xl-fr","36":"pa_speed-25-km-heure","37":"pa_suspension-travel-80-mm-fr","38":"pa_tires-schwalbe-smart-sam-57-622-mm-fr","39":"pa_weight-27-kg-fr","41":"first","42":"instock","43":"shipping-taxable","44":"purchasable","45":"product-type-variable"},"acf":[],"yoast_head":"<!-- This site is optimized with the Yoast SEO plugin v24.5 - https:\/\/yoast.com\/wordpress\/plugins\/seo\/ -->\n<title>FISCHER Terra 8.0i | E-Bike | 0% d&#039;int\u00e9r\u00eat | Suisse<\/title>\n<meta name=\"description\" content=\"Ach\u00e8te le FISCHER Terra 8.0i et rembourse-le facilement par mois avec 0% d&#039;int\u00e9r\u00eat ! Profites-en et commence \u00e0 rouler rapidement.\" \/>\n<meta name=\"robots\" content=\"noindex, follow, max-snippet:-1, max-image-preview:large, max-video-preview:-1\" \/>\n<meta property=\"og:locale\" content=\"fr_FR\" \/>\n<meta property=\"og:type\" content=\"article\" \/>\n<meta property=\"og:title\" content=\"FISCHER Terra 8.0i | E-Bike | 0% d&#039;int\u00e9r\u00eat | Suisse\" \/>\n<meta property=\"og:description\" content=\"Ach\u00e8te le FISCHER Terra 8.0i et rembourse-le facilement par mois avec 0% d&#039;int\u00e9r\u00eat ! Profites-en et commence \u00e0 rouler rapidement.\" \/>\n<meta property=\"og:url\" content=\"https:\/\/listings.mybikeplan.ch\/fr\/produit\/fischer-terra-8-0i-black-diamant\/\" \/>\n<meta property=\"og:site_name\" content=\"MyBikePlan\" \/>\n<meta property=\"article:modified_time\" content=\"2024-07-10T14:38:21+00:00\" \/>\n<meta property=\"og:image\" content=\"https:\/\/listings.mybikeplan.ch\/wp-content\/uploads\/2024\/06\/FISCHER-Terra-8.0i-1-2-1024x1024.png\" \/>\n\t<meta property=\"og:image:width\" content=\"1024\" \/>\n\t<meta property=\"og:image:height\" content=\"1024\" \/>\n\t<meta property=\"og:image:type\" content=\"image\/png\" \/>\n<meta name=\"twitter:card\" content=\"summary_large_image\" \/>\n<script type=\"application\/ld+json\" class=\"yoast-schema-graph\">{\"@context\":\"https:\/\/schema.org\",\"@graph\":[{\"@type\":\"WebPage\",\"@id\":\"https:\/\/listings.mybikeplan.ch\/fr\/produit\/fischer-terra-8-0i-black-diamant\/\",\"url\":\"https:\/\/listings.mybikeplan.ch\/fr\/produit\/fischer-terra-8-0i-black-diamant\/\",\"name\":\"FISCHER Terra 8.0i | E-Bike | 0% d'int\u00e9r\u00eat | Suisse\",\"isPartOf\":{\"@id\":\"https:\/\/listings.mybikeplan.ch\/fr\/#website\"},\"primaryImageOfPage\":{\"@id\":\"https:\/\/listings.mybikeplan.ch\/fr\/produit\/fischer-terra-8-0i-black-diamant\/#primaryimage\"},\"image\":{\"@id\":\"https:\/\/listings.mybikeplan.ch\/fr\/produit\/fischer-terra-8-0i-black-diamant\/#primaryimage\"},\"thumbnailUrl\":\"https:\/\/listings.mybikeplan.ch\/wp-content\/uploads\/2024\/06\/FISCHER-Terra-8.0i-1-2.png\",\"datePublished\":\"2024-06-17T14:50:40+00:00\",\"dateModified\":\"2024-07-10T14:38:21+00:00\",\"description\":\"Ach\u00e8te le FISCHER Terra 8.0i et rembourse-le facilement par mois avec 0% d'int\u00e9r\u00eat ! Profites-en et commence \u00e0 rouler rapidement.\",\"breadcrumb\":{\"@id\":\"https:\/\/listings.mybikeplan.ch\/fr\/produit\/fischer-terra-8-0i-black-diamant\/#breadcrumb\"},\"inLanguage\":\"fr-FR\",\"potentialAction\":[{\"@type\":\"ReadAction\",\"target\":[\"https:\/\/listings.mybikeplan.ch\/fr\/produit\/fischer-terra-8-0i-black-diamant\/\"]}]},{\"@type\":\"ImageObject\",\"inLanguage\":\"fr-FR\",\"@id\":\"https:\/\/listings.mybikeplan.ch\/fr\/produit\/fischer-terra-8-0i-black-diamant\/#primaryimage\",\"url\":\"https:\/\/listings.mybikeplan.ch\/wp-content\/uploads\/2024\/06\/FISCHER-Terra-8.0i-1-2.png\",\"contentUrl\":\"https:\/\/listings.mybikeplan.ch\/wp-content\/uploads\/2024\/06\/FISCHER-Terra-8.0i-1-2.png\",\"width\":3000,\"height\":3000},{\"@type\":\"BreadcrumbList\",\"@id\":\"https:\/\/listings.mybikeplan.ch\/fr\/produit\/fischer-terra-8-0i-black-diamant\/#breadcrumb\",\"itemListElement\":[{\"@type\":\"ListItem\",\"position\":1,\"name\":\"Home\",\"item\":\"https:\/\/listings.mybikeplan.ch\/fr\/home\/\"},{\"@type\":\"ListItem\",\"position\":2,\"name\":\"FISCHER Terra 8.0i\"}]},{\"@type\":\"WebSite\",\"@id\":\"https:\/\/listings.mybikeplan.ch\/fr\/#website\",\"url\":\"https:\/\/listings.mybikeplan.ch\/fr\/\",\"name\":\"MyBikePlan\",\"description\":\"\",\"potentialAction\":[{\"@type\":\"SearchAction\",\"target\":{\"@type\":\"EntryPoint\",\"urlTemplate\":\"https:\/\/listings.mybikeplan.ch\/fr\/?s={search_term_string}\"},\"query-input\":{\"@type\":\"PropertyValueSpecification\",\"valueRequired\":true,\"valueName\":\"search_term_string\"}}],\"inLanguage\":\"fr-FR\"}]}<\/script>\n<!-- \/ Yoast SEO plugin. -->","yoast_head_json":{"title":"FISCHER Terra 8.0i | E-Bike | 0% d'int\u00e9r\u00eat | Suisse","description":"Ach\u00e8te le FISCHER Terra 8.0i et rembourse-le facilement par mois avec 0% d'int\u00e9r\u00eat ! Profites-en et commence \u00e0 rouler rapidement.","robots":{"index":"noindex","follow":"follow","max-snippet":"max-snippet:-1","max-image-preview":"max-image-preview:large","max-video-preview":"max-video-preview:-1"},"og_locale":"fr_FR","og_type":"article","og_title":"FISCHER Terra 8.0i | E-Bike | 0% d'int\u00e9r\u00eat | Suisse","og_description":"Ach\u00e8te le FISCHER Terra 8.0i et rembourse-le facilement par mois avec 0% d'int\u00e9r\u00eat ! Profites-en et commence \u00e0 rouler rapidement.","og_url":"https:\/\/listings.mybikeplan.ch\/fr\/produit\/fischer-terra-8-0i-black-diamant\/","og_site_name":"MyBikePlan","article_modified_time":"2024-07-10T14:38:21+00:00","og_image":[{"width":1024,"height":1024,"url":"https:\/\/listings.mybikeplan.ch\/wp-content\/uploads\/2024\/06\/FISCHER-Terra-8.0i-1-2-1024x1024.png","type":"image\/png"}],"twitter_card":"summary_large_image","schema":{"@context":"https:\/\/schema.org","@graph":[{"@type":"WebPage","@id":"https:\/\/listings.mybikeplan.ch\/fr\/produit\/fischer-terra-8-0i-black-diamant\/","url":"https:\/\/listings.mybikeplan.ch\/fr\/produit\/fischer-terra-8-0i-black-diamant\/","name":"FISCHER Terra 8.0i | E-Bike | 0% d'int\u00e9r\u00eat | Suisse","isPartOf":{"@id":"https:\/\/listings.mybikeplan.ch\/fr\/#website"},"primaryImageOfPage":{"@id":"https:\/\/listings.mybikeplan.ch\/fr\/produit\/fischer-terra-8-0i-black-diamant\/#primaryimage"},"image":{"@id":"https:\/\/listings.mybikeplan.ch\/fr\/produit\/fischer-terra-8-0i-black-diamant\/#primaryimage"},"thumbnailUrl":"https:\/\/listings.mybikeplan.ch\/wp-content\/uploads\/2024\/06\/FISCHER-Terra-8.0i-1-2.png","datePublished":"2024-06-17T14:50:40+00:00","dateModified":"2024-07-10T14:38:21+00:00","description":"Ach\u00e8te le FISCHER Terra 8.0i et rembourse-le facilement par mois avec 0% d'int\u00e9r\u00eat ! Profites-en et commence \u00e0 rouler rapidement.","breadcrumb":{"@id":"https:\/\/listings.mybikeplan.ch\/fr\/produit\/fischer-terra-8-0i-black-diamant\/#breadcrumb"},"inLanguage":"fr-FR","potentialAction":[{"@type":"ReadAction","target":["https:\/\/listings.mybikeplan.ch\/fr\/produit\/fischer-terra-8-0i-black-diamant\/"]}]},{"@type":"ImageObject","inLanguage":"fr-FR","@id":"https:\/\/listings.mybikeplan.ch\/fr\/produit\/fischer-terra-8-0i-black-diamant\/#primaryimage","url":"https:\/\/listings.mybikeplan.ch\/wp-content\/uploads\/2024\/06\/FISCHER-Terra-8.0i-1-2.png","contentUrl":"https:\/\/listings.mybikeplan.ch\/wp-content\/uploads\/2024\/06\/FISCHER-Terra-8.0i-1-2.png","width":3000,"height":3000},{"@type":"BreadcrumbList","@id":"https:\/\/listings.mybikeplan.ch\/fr\/produit\/fischer-terra-8-0i-black-diamant\/#breadcrumb","itemListElement":[{"@type":"ListItem","position":1,"name":"Home","item":"https:\/\/listings.mybikeplan.ch\/fr\/home\/"},{"@type":"ListItem","position":2,"name":"FISCHER Terra 8.0i"}]},{"@type":"WebSite","@id":"https:\/\/listings.mybikeplan.ch\/fr\/#website","url":"https:\/\/listings.mybikeplan.ch\/fr\/","name":"MyBikePlan","description":"","potentialAction":[{"@type":"SearchAction","target":{"@type":"EntryPoint","urlTemplate":"https:\/\/listings.mybikeplan.ch\/fr\/?s={search_term_string}"},"query-input":{"@type":"PropertyValueSpecification","valueRequired":true,"valueName":"search_term_string"}}],"inLanguage":"fr-FR"}]}},"_links":{"self":[{"href":"https:\/\/listings.mybikeplan.ch\/fr\/wp-json\/wp\/v2\/product\/64681","targetHints":{"allow":["GET"]}}],"collection":[{"href":"https:\/\/listings.mybikeplan.ch\/fr\/wp-json\/wp\/v2\/product"}],"about":[{"href":"https:\/\/listings.mybikeplan.ch\/fr\/wp-json\/wp\/v2\/types\/product"}],"replies":[{"embeddable":true,"href":"https:\/\/listings.mybikeplan.ch\/fr\/wp-json\/wp\/v2\/comments?post=64681"}],"wp:featuredmedia":[{"embeddable":true,"href":"https:\/\/listings.mybikeplan.ch\/fr\/wp-json\/wp\/v2\/media\/64697"}],"wp:attachment":[{"href":"https:\/\/listings.mybikeplan.ch\/fr\/wp-json\/wp\/v2\/media?parent=64681"}],"wp:term":[{"taxonomy":"product_brand","embeddable":true,"href":"https:\/\/listings.mybikeplan.ch\/fr\/wp-json\/wp\/v2\/product_brand?post=64681"},{"taxonomy":"product_cat","embeddable":true,"href":"https:\/\/listings.mybikeplan.ch\/fr\/wp-json\/wp\/v2\/product_cat?post=64681"},{"taxonomy":"product_tag","embeddable":true,"href":"https:\/\/listings.mybikeplan.ch\/fr\/wp-json\/wp\/v2\/product_tag?post=64681"}],"curies":[{"name":"wp","href":"https:\/\/api.w.org\/{rel}","templated":true}]}}