{"id":64239,"date":"2024-05-22T13:05:12","date_gmt":"2024-05-22T13:05:22","guid":{"rendered":"https:\/\/listings.mybikeplan.ch\/?post_type=product&#038;p=64239"},"modified":"2024-05-29T06:54:43","modified_gmt":"2024-05-29T06:54:43","slug":"liv-intrigue-x-advanced-e-elite-2-blue","status":"publish","type":"product","link":"https:\/\/listings.mybikeplan.ch\/fr\/produit\/liv-intrigue-x-advanced-e-elite-2-blue\/","title":{"rendered":"Liv Intrigue X Advanced E+ Elite 2"},"content":{"rendered":"<h2><b>Les faits importants sur le Liv Intrigue X Advanced E+ Elite 2 :<\/b><\/h2>\n<div class=\"col-lg-6 col-12 specification ng-star-inserted expanded\">\n<ul>\n<li>Race-E-Fully performant<\/li>\n<li>G\u00e9om\u00e9trie flip-chip : adapte ton v\u00e9lo \u00e0 tes besoins !<\/li>\n<li>Moteur SyncDrive Pro haute performance avec un couple massif de 85 Nm<\/li>\n<\/ul>\n<\/div>\n<h2><b>Le Liv Intrigue X Advanced E+ Elite 2 est parfait pour toi si tu :<\/b><\/h2>\n<ul>\n<li style=\"font-weight: 400;\" aria-level=\"1\">tu es \u00e0 la recherche d&rsquo;un VTT \u00e9lectrique de haute qualit\u00e9<\/li>\n<li style=\"font-weight: 400;\" aria-level=\"1\">tu ne veux pas faire de compromis sur la qualit\u00e9<\/li>\n<li style=\"font-weight: 400;\" aria-level=\"1\">tu veux relever un nouveau d\u00e9fi<\/li>\n<\/ul>\n<h2><b>Recommandation de taille:<\/b><\/h2>\n<ul>\n<li>XS = 152 cm &#8211; 163 cm<\/li>\n<li>S = 158 cm &#8211; 169 cm<\/li>\n<li>M = 164 cm &#8211; 175 cm<\/li>\n<\/ul>\n","protected":false},"excerpt":{"rendered":"<h2>Liv Intrigue X Advanced E+ Elite 2<\/h2>\n<p>Ce tout nouveau v\u00e9lo sp\u00e9cialement con\u00e7u pour les femmes est un v\u00e9lo en carbone full-suspension con\u00e7u pour un jeu de roues mullet\/mixte et qui d\u00e9ploie tous ses atouts sur les singletrails techniques. Il est soutenu par la puissance suppl\u00e9mentaire du moteur Highperformance SyncDrive Pro avec un couple massif de 85 Nm pour un poids de seulement 2,7 kg. La nouvelle batterie extra-mince a \u00e9t\u00e9 limit\u00e9e \u00e0 400 Wh au profit d&rsquo;une r\u00e9duction de poids significative sans pour autant perdre en puissance et est discr\u00e8tement int\u00e9gr\u00e9e dans le tube diagonal. La suspension Maesto avec un d\u00e9battement de 140 mm \u00e0 l&rsquo;arri\u00e8re et de 150 mm \u00e0 l&rsquo;avant, avec une g\u00e9om\u00e9trie de cadre r\u00e9glable, t&rsquo;apportera beaucoup de plaisir sur les sentiers \u00e9pineux et les circuits d&rsquo;enduro. Le cadre l\u00e9ger enti\u00e8rement en carbone dispose d&rsquo;un flip-chip sur le levier de direction Advanced Forged Carbon, qui te permet d&rsquo;adapter id\u00e9alement la g\u00e9om\u00e9trie du cadre \u00e0 ton style de conduite et au terrain. Tu as le choix entre une position basse et une position haute, qui ont une influence directe sur l&rsquo;angle du guidon et l&rsquo;angle de la selle. La g\u00e9om\u00e9trie du cadre est donc modifi\u00e9e en cons\u00e9quence et tu es parfaitement \u00e9quip\u00e9 pour les terrains ouverts et rapides ou les singletrails \u00e9troits et difficiles.<\/p>\n<h2><b>\u00c0 propos de Liv<\/b><\/h2>\n<div class=\"pb-5 mt-5 \">\n<div class=\"container\">\n<div class=\"row align-items-center null\">\n<div class=\"col-12 col-lg-6\">\n<div class=\"row\">\n<div class=\"col-12 col-lg-9\">\n<div id=\"\" class=\"Typography_bodyLg__zXP4k text-secondary\">\n<p>Liv a \u00e9t\u00e9 fond\u00e9e par Bonnie Tu, une cycliste passionn\u00e9e qui travaillait comme pr\u00e9sidente chez GIANT. Comme elle ne trouvait pas de v\u00e9los \u00e9lectriques ou d\u2019\u00e9quipement correspondant exactement \u00e0 ses besoins, elle a rapidement fond\u00e9 sa propre entreprise de v\u00e9los \u2013 et la premi\u00e8re marque de v\u00e9los au monde sp\u00e9cialement con\u00e7ue pour les femmes. L\u2019objectif ? Les v\u00e9los \u00e9lectriques Liv doivent rendre le cyclisme plus inclusif pour les femmes du monde entier.<\/p>\n<\/div>\n<\/div>\n<\/div>\n<\/div>\n<\/div>\n<\/div>\n<\/div>\n","protected":false},"featured_media":64245,"comment_status":"open","ping_status":"closed","template":"","meta":{"_acf_changed":false},"product_brand":[],"product_cat":[10082,10165,10185,10157,10160,10159,10184,10186,10137,10080,12531,10096],"product_tag":[],"class_list":{"0":"post-64239","1":"product","2":"type-product","3":"status-publish","4":"has-post-thumbnail","6":"product_cat-25-km","7":"product_cat-bleu","8":"product_cat-diamant","9":"product_cat-e-bikes","10":"product_cat-e-mountain-fully","11":"product_cat-e-mountain","12":"product_cat-femmes","13":"product_cat-hommes","14":"product_cat-marque-liv","15":"product_cat-mybikeplan","16":"product_cat-sale_600","17":"product_cat-alle-e-bikes","18":"pa_battery-size-400-wh","19":"pa_brakes-shimano-slx-br-m7120-frein-a-disque-hydraulique-4-pistons-rotors-de-203-mm","20":"pa_cassette-shimano-hg-m6100-10-51-dents-12-vitesses","21":"pa_filters-color-bleu","22":"pa_frame-variant-diamant","23":"pa_gear-change-shimano-deore-slx-12-speed-shadow-fr","24":"pa_gears-12-gaenge-fr","25":"pa_hex-color-a1bdc5-fr","26":"pa_motor-giant-syncdrive-pro2-85nm-powered-by-yamaha-fr","27":"pa_rider-height-150-155-cm","28":"pa_rider-height-155-160-cm","29":"pa_rider-height-160-165-cm","30":"pa_rider-height-165-170-cm","31":"pa_rider-height-170-175-cm","32":"pa_sizes-m-fr","33":"pa_sizes-s-fr","34":"pa_sizes-xs-fr","35":"pa_speed-25-km-heure","36":"pa_suspension-travel-amortisseur-de-140-mm-fourche-de-150-mm","37":"pa_wheel-size-29-fr-3","39":"first","40":"instock","41":"shipping-taxable","42":"purchasable","43":"product-type-variable"},"acf":[],"yoast_head":"<!-- This site is optimized with the Yoast SEO plugin v24.5 - https:\/\/yoast.com\/wordpress\/plugins\/seo\/ -->\n<title>Liv Intrigue X Advanced E+ Elite 2 | E-Bike | 0% d&#039;int\u00e9r\u00eat<\/title>\n<meta name=\"description\" content=\"Commande le Liv Intrigue X Advanced E+ Elite 2, E-Bike, avec paiements mensuels et 0% d&#039;int\u00e9r\u00eat et profite d&#039;une livraison gratuite en Suisse.\" \/>\n<meta name=\"robots\" content=\"noindex, follow, max-snippet:-1, max-image-preview:large, max-video-preview:-1\" \/>\n<meta property=\"og:locale\" content=\"fr_FR\" \/>\n<meta property=\"og:type\" content=\"article\" \/>\n<meta property=\"og:title\" content=\"Liv Intrigue X Advanced E+ Elite 2 | E-Bike | 0% d&#039;int\u00e9r\u00eat\" \/>\n<meta property=\"og:description\" content=\"Commande le Liv Intrigue X Advanced E+ Elite 2, E-Bike, avec paiements mensuels et 0% d&#039;int\u00e9r\u00eat et profite d&#039;une livraison gratuite en Suisse.\" \/>\n<meta property=\"og:url\" content=\"https:\/\/listings.mybikeplan.ch\/fr\/produit\/liv-intrigue-x-advanced-e-elite-2-blue\/\" \/>\n<meta property=\"og:site_name\" content=\"MyBikePlan\" \/>\n<meta property=\"article:modified_time\" content=\"2024-05-29T06:54:43+00:00\" \/>\n<meta property=\"og:image\" content=\"https:\/\/listings.mybikeplan.ch\/wp-content\/uploads\/2024\/05\/Liv-Intrigue-X-Advanced-E-Elite-2-1-1024x1024.png\" \/>\n\t<meta property=\"og:image:width\" content=\"1024\" \/>\n\t<meta property=\"og:image:height\" content=\"1024\" \/>\n\t<meta property=\"og:image:type\" content=\"image\/png\" \/>\n<meta name=\"twitter:card\" content=\"summary_large_image\" \/>\n<script type=\"application\/ld+json\" class=\"yoast-schema-graph\">{\"@context\":\"https:\/\/schema.org\",\"@graph\":[{\"@type\":\"WebPage\",\"@id\":\"https:\/\/listings.mybikeplan.ch\/fr\/produit\/liv-intrigue-x-advanced-e-elite-2-blue\/\",\"url\":\"https:\/\/listings.mybikeplan.ch\/fr\/produit\/liv-intrigue-x-advanced-e-elite-2-blue\/\",\"name\":\"Liv Intrigue X Advanced E+ Elite 2 | E-Bike | 0% d'int\u00e9r\u00eat\",\"isPartOf\":{\"@id\":\"https:\/\/listings.mybikeplan.ch\/fr\/#website\"},\"primaryImageOfPage\":{\"@id\":\"https:\/\/listings.mybikeplan.ch\/fr\/produit\/liv-intrigue-x-advanced-e-elite-2-blue\/#primaryimage\"},\"image\":{\"@id\":\"https:\/\/listings.mybikeplan.ch\/fr\/produit\/liv-intrigue-x-advanced-e-elite-2-blue\/#primaryimage\"},\"thumbnailUrl\":\"https:\/\/listings.mybikeplan.ch\/wp-content\/uploads\/2024\/05\/Liv-Intrigue-X-Advanced-E-Elite-2-1.png\",\"datePublished\":\"2024-05-22T13:05:22+00:00\",\"dateModified\":\"2024-05-29T06:54:43+00:00\",\"description\":\"Commande le Liv Intrigue X Advanced E+ Elite 2, E-Bike, avec paiements mensuels et 0% d'int\u00e9r\u00eat et profite d'une livraison gratuite en Suisse.\",\"breadcrumb\":{\"@id\":\"https:\/\/listings.mybikeplan.ch\/fr\/produit\/liv-intrigue-x-advanced-e-elite-2-blue\/#breadcrumb\"},\"inLanguage\":\"fr-FR\",\"potentialAction\":[{\"@type\":\"ReadAction\",\"target\":[\"https:\/\/listings.mybikeplan.ch\/fr\/produit\/liv-intrigue-x-advanced-e-elite-2-blue\/\"]}]},{\"@type\":\"ImageObject\",\"inLanguage\":\"fr-FR\",\"@id\":\"https:\/\/listings.mybikeplan.ch\/fr\/produit\/liv-intrigue-x-advanced-e-elite-2-blue\/#primaryimage\",\"url\":\"https:\/\/listings.mybikeplan.ch\/wp-content\/uploads\/2024\/05\/Liv-Intrigue-X-Advanced-E-Elite-2-1.png\",\"contentUrl\":\"https:\/\/listings.mybikeplan.ch\/wp-content\/uploads\/2024\/05\/Liv-Intrigue-X-Advanced-E-Elite-2-1.png\",\"width\":3000,\"height\":3000},{\"@type\":\"BreadcrumbList\",\"@id\":\"https:\/\/listings.mybikeplan.ch\/fr\/produit\/liv-intrigue-x-advanced-e-elite-2-blue\/#breadcrumb\",\"itemListElement\":[{\"@type\":\"ListItem\",\"position\":1,\"name\":\"Home\",\"item\":\"https:\/\/listings.mybikeplan.ch\/fr\/home\/\"},{\"@type\":\"ListItem\",\"position\":2,\"name\":\"Liv Intrigue X Advanced E+ Elite 2\"}]},{\"@type\":\"WebSite\",\"@id\":\"https:\/\/listings.mybikeplan.ch\/fr\/#website\",\"url\":\"https:\/\/listings.mybikeplan.ch\/fr\/\",\"name\":\"MyBikePlan\",\"description\":\"\",\"potentialAction\":[{\"@type\":\"SearchAction\",\"target\":{\"@type\":\"EntryPoint\",\"urlTemplate\":\"https:\/\/listings.mybikeplan.ch\/fr\/?s={search_term_string}\"},\"query-input\":{\"@type\":\"PropertyValueSpecification\",\"valueRequired\":true,\"valueName\":\"search_term_string\"}}],\"inLanguage\":\"fr-FR\"}]}<\/script>\n<!-- \/ Yoast SEO plugin. -->","yoast_head_json":{"title":"Liv Intrigue X Advanced E+ Elite 2 | E-Bike | 0% d'int\u00e9r\u00eat","description":"Commande le Liv Intrigue X Advanced E+ Elite 2, E-Bike, avec paiements mensuels et 0% d'int\u00e9r\u00eat et profite d'une livraison gratuite en Suisse.","robots":{"index":"noindex","follow":"follow","max-snippet":"max-snippet:-1","max-image-preview":"max-image-preview:large","max-video-preview":"max-video-preview:-1"},"og_locale":"fr_FR","og_type":"article","og_title":"Liv Intrigue X Advanced E+ Elite 2 | E-Bike | 0% d'int\u00e9r\u00eat","og_description":"Commande le Liv Intrigue X Advanced E+ Elite 2, E-Bike, avec paiements mensuels et 0% d'int\u00e9r\u00eat et profite d'une livraison gratuite en Suisse.","og_url":"https:\/\/listings.mybikeplan.ch\/fr\/produit\/liv-intrigue-x-advanced-e-elite-2-blue\/","og_site_name":"MyBikePlan","article_modified_time":"2024-05-29T06:54:43+00:00","og_image":[{"width":1024,"height":1024,"url":"https:\/\/listings.mybikeplan.ch\/wp-content\/uploads\/2024\/05\/Liv-Intrigue-X-Advanced-E-Elite-2-1-1024x1024.png","type":"image\/png"}],"twitter_card":"summary_large_image","schema":{"@context":"https:\/\/schema.org","@graph":[{"@type":"WebPage","@id":"https:\/\/listings.mybikeplan.ch\/fr\/produit\/liv-intrigue-x-advanced-e-elite-2-blue\/","url":"https:\/\/listings.mybikeplan.ch\/fr\/produit\/liv-intrigue-x-advanced-e-elite-2-blue\/","name":"Liv Intrigue X Advanced E+ Elite 2 | E-Bike | 0% d'int\u00e9r\u00eat","isPartOf":{"@id":"https:\/\/listings.mybikeplan.ch\/fr\/#website"},"primaryImageOfPage":{"@id":"https:\/\/listings.mybikeplan.ch\/fr\/produit\/liv-intrigue-x-advanced-e-elite-2-blue\/#primaryimage"},"image":{"@id":"https:\/\/listings.mybikeplan.ch\/fr\/produit\/liv-intrigue-x-advanced-e-elite-2-blue\/#primaryimage"},"thumbnailUrl":"https:\/\/listings.mybikeplan.ch\/wp-content\/uploads\/2024\/05\/Liv-Intrigue-X-Advanced-E-Elite-2-1.png","datePublished":"2024-05-22T13:05:22+00:00","dateModified":"2024-05-29T06:54:43+00:00","description":"Commande le Liv Intrigue X Advanced E+ Elite 2, E-Bike, avec paiements mensuels et 0% d'int\u00e9r\u00eat et profite d'une livraison gratuite en Suisse.","breadcrumb":{"@id":"https:\/\/listings.mybikeplan.ch\/fr\/produit\/liv-intrigue-x-advanced-e-elite-2-blue\/#breadcrumb"},"inLanguage":"fr-FR","potentialAction":[{"@type":"ReadAction","target":["https:\/\/listings.mybikeplan.ch\/fr\/produit\/liv-intrigue-x-advanced-e-elite-2-blue\/"]}]},{"@type":"ImageObject","inLanguage":"fr-FR","@id":"https:\/\/listings.mybikeplan.ch\/fr\/produit\/liv-intrigue-x-advanced-e-elite-2-blue\/#primaryimage","url":"https:\/\/listings.mybikeplan.ch\/wp-content\/uploads\/2024\/05\/Liv-Intrigue-X-Advanced-E-Elite-2-1.png","contentUrl":"https:\/\/listings.mybikeplan.ch\/wp-content\/uploads\/2024\/05\/Liv-Intrigue-X-Advanced-E-Elite-2-1.png","width":3000,"height":3000},{"@type":"BreadcrumbList","@id":"https:\/\/listings.mybikeplan.ch\/fr\/produit\/liv-intrigue-x-advanced-e-elite-2-blue\/#breadcrumb","itemListElement":[{"@type":"ListItem","position":1,"name":"Home","item":"https:\/\/listings.mybikeplan.ch\/fr\/home\/"},{"@type":"ListItem","position":2,"name":"Liv Intrigue X Advanced E+ Elite 2"}]},{"@type":"WebSite","@id":"https:\/\/listings.mybikeplan.ch\/fr\/#website","url":"https:\/\/listings.mybikeplan.ch\/fr\/","name":"MyBikePlan","description":"","potentialAction":[{"@type":"SearchAction","target":{"@type":"EntryPoint","urlTemplate":"https:\/\/listings.mybikeplan.ch\/fr\/?s={search_term_string}"},"query-input":{"@type":"PropertyValueSpecification","valueRequired":true,"valueName":"search_term_string"}}],"inLanguage":"fr-FR"}]}},"_links":{"self":[{"href":"https:\/\/listings.mybikeplan.ch\/fr\/wp-json\/wp\/v2\/product\/64239","targetHints":{"allow":["GET"]}}],"collection":[{"href":"https:\/\/listings.mybikeplan.ch\/fr\/wp-json\/wp\/v2\/product"}],"about":[{"href":"https:\/\/listings.mybikeplan.ch\/fr\/wp-json\/wp\/v2\/types\/product"}],"replies":[{"embeddable":true,"href":"https:\/\/listings.mybikeplan.ch\/fr\/wp-json\/wp\/v2\/comments?post=64239"}],"wp:featuredmedia":[{"embeddable":true,"href":"https:\/\/listings.mybikeplan.ch\/fr\/wp-json\/wp\/v2\/media\/64245"}],"wp:attachment":[{"href":"https:\/\/listings.mybikeplan.ch\/fr\/wp-json\/wp\/v2\/media?parent=64239"}],"wp:term":[{"taxonomy":"product_brand","embeddable":true,"href":"https:\/\/listings.mybikeplan.ch\/fr\/wp-json\/wp\/v2\/product_brand?post=64239"},{"taxonomy":"product_cat","embeddable":true,"href":"https:\/\/listings.mybikeplan.ch\/fr\/wp-json\/wp\/v2\/product_cat?post=64239"},{"taxonomy":"product_tag","embeddable":true,"href":"https:\/\/listings.mybikeplan.ch\/fr\/wp-json\/wp\/v2\/product_tag?post=64239"}],"curies":[{"name":"wp","href":"https:\/\/api.w.org\/{rel}","templated":true}]}}