{"id":64057,"date":"2024-05-22T09:05:13","date_gmt":"2024-05-22T09:05:19","guid":{"rendered":"https:\/\/listings.mybikeplan.ch\/?post_type=product&#038;p=64057"},"modified":"2024-05-22T09:11:39","modified_gmt":"2024-05-22T09:11:39","slug":"pedal-mallet-enduro","status":"publish","type":"product","link":"https:\/\/listings.mybikeplan.ch\/fr\/produit\/pedal-mallet-enduro\/","title":{"rendered":"P\u00e9dale Mallet Enduro"},"content":{"rendered":"<ul>\n<li>Plate-forme concave pour une prise en main s\u00fbre<\/li>\n<li>6 ergots r\u00e9glables par c\u00f4t\u00e9 pour l&rsquo;adh\u00e9rence<\/li>\n<li>Technologie de patin de traction int\u00e9gr\u00e9e pour optimiser l&rsquo;interface entre la chaussure et la p\u00e9dale<\/li>\n<li>Structure nervur\u00e9e pour une meilleure traction lorsque la chaussure est d\u00e9clips\u00e9e<\/li>\n<li>Bords biseaut\u00e9s pour r\u00e9duire les chocs avec les pierres<\/li>\n<li>Facteur Q de 57 mm pour la maniabilit\u00e9 sur les sentiers \u00e9troits<\/li>\n<li>Entr\u00e9e sur 4 c\u00f4t\u00e9s \/ excellente r\u00e9sistance \u00e0 la boue<\/li>\n<li>Angle d&rsquo;entr\u00e9e et de sortie r\u00e9glable<\/li>\n<li>Roulements de haute qualit\u00e9 &amp; double syst\u00e8me d&rsquo;\u00e9tanch\u00e9it\u00e9<\/li>\n<\/ul>\n","protected":false},"excerpt":{"rendered":"<p>La p\u00e9dale ultime pour l&rsquo;enduro et la course.<\/p>\n","protected":false},"featured_media":64063,"comment_status":"open","ping_status":"closed","template":"","meta":{"_acf_changed":false},"product_brand":[],"product_cat":[10084,10109],"product_tag":[],"class_list":{"0":"post-64057","1":"product","2":"type-product","3":"status-publish","4":"has-post-thumbnail","6":"product_cat-accessoires","7":"product_cat-marque-crankbrothers","8":"pa_accessory-type-click-pedal","9":"pa_brand-crankbrothers","10":"pa_dimensions-l-x-b-100mm-x-78mm-fr","11":"pa_hex-color-5796b6-fr","12":"pa_pedal-type-pedales-a-cliquer","13":"pa_sizes-uni-size","15":"first","16":"instock","17":"shipping-taxable","18":"purchasable","19":"product-type-variable"},"acf":[],"yoast_head":"<!-- This site is optimized with the Yoast SEO plugin v24.5 - https:\/\/yoast.com\/wordpress\/plugins\/seo\/ -->\n<title>P\u00e9dale Mallet Enduro<\/title>\n<meta name=\"robots\" content=\"noindex, follow, max-snippet:-1, max-image-preview:large, max-video-preview:-1\" \/>\n<meta property=\"og:locale\" content=\"fr_FR\" \/>\n<meta property=\"og:type\" content=\"article\" \/>\n<meta property=\"og:title\" content=\"P\u00e9dale Mallet Enduro\" \/>\n<meta property=\"og:description\" content=\"La p\u00e9dale ultime pour l&#039;enduro et la course.\" \/>\n<meta property=\"og:url\" content=\"https:\/\/listings.mybikeplan.ch\/fr\/produit\/pedal-mallet-enduro\/\" \/>\n<meta property=\"og:site_name\" content=\"MyBikePlan\" \/>\n<meta property=\"article:modified_time\" content=\"2024-05-22T09:11:39+00:00\" \/>\n<meta property=\"og:image\" content=\"https:\/\/listings.mybikeplan.ch\/wp-content\/uploads\/2024\/05\/Pedal-Mallet-Enduro-scaled.jpg\" \/>\n\t<meta property=\"og:image:width\" content=\"2560\" \/>\n\t<meta property=\"og:image:height\" content=\"2560\" \/>\n\t<meta property=\"og:image:type\" content=\"image\/jpeg\" \/>\n<meta name=\"twitter:card\" content=\"summary_large_image\" \/>\n<meta name=\"twitter:label1\" content=\"Dur\u00e9e de lecture estim\u00e9e\" \/>\n\t<meta name=\"twitter:data1\" content=\"1 minute\" \/>\n<script type=\"application\/ld+json\" class=\"yoast-schema-graph\">{\"@context\":\"https:\/\/schema.org\",\"@graph\":[{\"@type\":\"WebPage\",\"@id\":\"https:\/\/listings.mybikeplan.ch\/fr\/produit\/pedal-mallet-enduro\/\",\"url\":\"https:\/\/listings.mybikeplan.ch\/fr\/produit\/pedal-mallet-enduro\/\",\"name\":\"P\u00e9dale Mallet Enduro\",\"isPartOf\":{\"@id\":\"https:\/\/listings.mybikeplan.ch\/fr\/#website\"},\"primaryImageOfPage\":{\"@id\":\"https:\/\/listings.mybikeplan.ch\/fr\/produit\/pedal-mallet-enduro\/#primaryimage\"},\"image\":{\"@id\":\"https:\/\/listings.mybikeplan.ch\/fr\/produit\/pedal-mallet-enduro\/#primaryimage\"},\"thumbnailUrl\":\"https:\/\/listings.mybikeplan.ch\/wp-content\/uploads\/2024\/05\/Pedal-Mallet-Enduro-scaled.jpg\",\"datePublished\":\"2024-05-22T09:05:19+00:00\",\"dateModified\":\"2024-05-22T09:11:39+00:00\",\"breadcrumb\":{\"@id\":\"https:\/\/listings.mybikeplan.ch\/fr\/produit\/pedal-mallet-enduro\/#breadcrumb\"},\"inLanguage\":\"fr-FR\",\"potentialAction\":[{\"@type\":\"ReadAction\",\"target\":[\"https:\/\/listings.mybikeplan.ch\/fr\/produit\/pedal-mallet-enduro\/\"]}]},{\"@type\":\"ImageObject\",\"inLanguage\":\"fr-FR\",\"@id\":\"https:\/\/listings.mybikeplan.ch\/fr\/produit\/pedal-mallet-enduro\/#primaryimage\",\"url\":\"https:\/\/listings.mybikeplan.ch\/wp-content\/uploads\/2024\/05\/Pedal-Mallet-Enduro-scaled.jpg\",\"contentUrl\":\"https:\/\/listings.mybikeplan.ch\/wp-content\/uploads\/2024\/05\/Pedal-Mallet-Enduro-scaled.jpg\",\"width\":2560,\"height\":2560},{\"@type\":\"BreadcrumbList\",\"@id\":\"https:\/\/listings.mybikeplan.ch\/fr\/produit\/pedal-mallet-enduro\/#breadcrumb\",\"itemListElement\":[{\"@type\":\"ListItem\",\"position\":1,\"name\":\"Home\",\"item\":\"https:\/\/listings.mybikeplan.ch\/fr\/home\/\"},{\"@type\":\"ListItem\",\"position\":2,\"name\":\"P\u00e9dale Mallet Enduro\"}]},{\"@type\":\"WebSite\",\"@id\":\"https:\/\/listings.mybikeplan.ch\/fr\/#website\",\"url\":\"https:\/\/listings.mybikeplan.ch\/fr\/\",\"name\":\"MyBikePlan\",\"description\":\"\",\"potentialAction\":[{\"@type\":\"SearchAction\",\"target\":{\"@type\":\"EntryPoint\",\"urlTemplate\":\"https:\/\/listings.mybikeplan.ch\/fr\/?s={search_term_string}\"},\"query-input\":{\"@type\":\"PropertyValueSpecification\",\"valueRequired\":true,\"valueName\":\"search_term_string\"}}],\"inLanguage\":\"fr-FR\"}]}<\/script>\n<!-- \/ Yoast SEO plugin. -->","yoast_head_json":{"title":"P\u00e9dale Mallet Enduro","robots":{"index":"noindex","follow":"follow","max-snippet":"max-snippet:-1","max-image-preview":"max-image-preview:large","max-video-preview":"max-video-preview:-1"},"og_locale":"fr_FR","og_type":"article","og_title":"P\u00e9dale Mallet Enduro","og_description":"La p\u00e9dale ultime pour l'enduro et la course.","og_url":"https:\/\/listings.mybikeplan.ch\/fr\/produit\/pedal-mallet-enduro\/","og_site_name":"MyBikePlan","article_modified_time":"2024-05-22T09:11:39+00:00","og_image":[{"width":2560,"height":2560,"url":"https:\/\/listings.mybikeplan.ch\/wp-content\/uploads\/2024\/05\/Pedal-Mallet-Enduro-scaled.jpg","type":"image\/jpeg"}],"twitter_card":"summary_large_image","twitter_misc":{"Dur\u00e9e de lecture estim\u00e9e":"1 minute"},"schema":{"@context":"https:\/\/schema.org","@graph":[{"@type":"WebPage","@id":"https:\/\/listings.mybikeplan.ch\/fr\/produit\/pedal-mallet-enduro\/","url":"https:\/\/listings.mybikeplan.ch\/fr\/produit\/pedal-mallet-enduro\/","name":"P\u00e9dale Mallet Enduro","isPartOf":{"@id":"https:\/\/listings.mybikeplan.ch\/fr\/#website"},"primaryImageOfPage":{"@id":"https:\/\/listings.mybikeplan.ch\/fr\/produit\/pedal-mallet-enduro\/#primaryimage"},"image":{"@id":"https:\/\/listings.mybikeplan.ch\/fr\/produit\/pedal-mallet-enduro\/#primaryimage"},"thumbnailUrl":"https:\/\/listings.mybikeplan.ch\/wp-content\/uploads\/2024\/05\/Pedal-Mallet-Enduro-scaled.jpg","datePublished":"2024-05-22T09:05:19+00:00","dateModified":"2024-05-22T09:11:39+00:00","breadcrumb":{"@id":"https:\/\/listings.mybikeplan.ch\/fr\/produit\/pedal-mallet-enduro\/#breadcrumb"},"inLanguage":"fr-FR","potentialAction":[{"@type":"ReadAction","target":["https:\/\/listings.mybikeplan.ch\/fr\/produit\/pedal-mallet-enduro\/"]}]},{"@type":"ImageObject","inLanguage":"fr-FR","@id":"https:\/\/listings.mybikeplan.ch\/fr\/produit\/pedal-mallet-enduro\/#primaryimage","url":"https:\/\/listings.mybikeplan.ch\/wp-content\/uploads\/2024\/05\/Pedal-Mallet-Enduro-scaled.jpg","contentUrl":"https:\/\/listings.mybikeplan.ch\/wp-content\/uploads\/2024\/05\/Pedal-Mallet-Enduro-scaled.jpg","width":2560,"height":2560},{"@type":"BreadcrumbList","@id":"https:\/\/listings.mybikeplan.ch\/fr\/produit\/pedal-mallet-enduro\/#breadcrumb","itemListElement":[{"@type":"ListItem","position":1,"name":"Home","item":"https:\/\/listings.mybikeplan.ch\/fr\/home\/"},{"@type":"ListItem","position":2,"name":"P\u00e9dale Mallet Enduro"}]},{"@type":"WebSite","@id":"https:\/\/listings.mybikeplan.ch\/fr\/#website","url":"https:\/\/listings.mybikeplan.ch\/fr\/","name":"MyBikePlan","description":"","potentialAction":[{"@type":"SearchAction","target":{"@type":"EntryPoint","urlTemplate":"https:\/\/listings.mybikeplan.ch\/fr\/?s={search_term_string}"},"query-input":{"@type":"PropertyValueSpecification","valueRequired":true,"valueName":"search_term_string"}}],"inLanguage":"fr-FR"}]}},"_links":{"self":[{"href":"https:\/\/listings.mybikeplan.ch\/fr\/wp-json\/wp\/v2\/product\/64057","targetHints":{"allow":["GET"]}}],"collection":[{"href":"https:\/\/listings.mybikeplan.ch\/fr\/wp-json\/wp\/v2\/product"}],"about":[{"href":"https:\/\/listings.mybikeplan.ch\/fr\/wp-json\/wp\/v2\/types\/product"}],"replies":[{"embeddable":true,"href":"https:\/\/listings.mybikeplan.ch\/fr\/wp-json\/wp\/v2\/comments?post=64057"}],"wp:featuredmedia":[{"embeddable":true,"href":"https:\/\/listings.mybikeplan.ch\/fr\/wp-json\/wp\/v2\/media\/64063"}],"wp:attachment":[{"href":"https:\/\/listings.mybikeplan.ch\/fr\/wp-json\/wp\/v2\/media?parent=64057"}],"wp:term":[{"taxonomy":"product_brand","embeddable":true,"href":"https:\/\/listings.mybikeplan.ch\/fr\/wp-json\/wp\/v2\/product_brand?post=64057"},{"taxonomy":"product_cat","embeddable":true,"href":"https:\/\/listings.mybikeplan.ch\/fr\/wp-json\/wp\/v2\/product_cat?post=64057"},{"taxonomy":"product_tag","embeddable":true,"href":"https:\/\/listings.mybikeplan.ch\/fr\/wp-json\/wp\/v2\/product_tag?post=64057"}],"curies":[{"name":"wp","href":"https:\/\/api.w.org\/{rel}","templated":true}]}}