{"id":64029,"date":"2024-05-22T08:52:40","date_gmt":"2024-05-22T08:52:47","guid":{"rendered":"https:\/\/listings.mybikeplan.ch\/?post_type=product&#038;p=64029"},"modified":"2024-10-15T08:44:57","modified_gmt":"2024-10-15T08:44:57","slug":"giant-revolt-advanced-2-gr-l-blue","status":"publish","type":"product","link":"https:\/\/listings.mybikeplan.ch\/fr\/produit\/giant-revolt-advanced-2-gr-l-blue\/","title":{"rendered":"Giant Revolt Advanced 2"},"content":{"rendered":"<h2><b>Les faits importants sur le Giant Revolt Advanced 2 :<\/b><\/h2>\n<div class=\"col-lg-6 col-12 specification ng-star-inserted expanded\">\n<ul>\n<li>p\u00e9dalier plus bas<\/li>\n<li>guidon D-Fuse<\/li>\n<li>empattement r\u00e9glable<\/li>\n<\/ul>\n<\/div>\n<h2><b>Le Giant Revolt Advanced 2 est parfait pour toi :<\/b><\/h2>\n<ul>\n<li>tu veux rouler sans probl\u00e8me sur la terre et l&rsquo;asphalte<\/li>\n<li>tu cherches un v\u00e9lo qui s&rsquo;adapte \u00e0 tous les types de terrain<\/li>\n<\/ul>\n<h2><b>Recommandation de taille:<\/b><\/h2>\n<ul>\n<li>L = 179 cm &#8211; 191 cm<\/li>\n<\/ul>\n","protected":false},"excerpt":{"rendered":"<h2>Giant Revolt Advanced 2<\/h2>\n<p>Avec le Giant Revolt Advanced, la fin de l&rsquo;asphalte n&rsquo;est pas la fin de votre randonn\u00e9e &#8211; c&rsquo;est l\u00e0 qu&rsquo;elle commence vraiment. Le v\u00e9lo de gravel avec cadre Advanced Carbon et fourche enti\u00e8rement en carbone dispose d&rsquo;une g\u00e9om\u00e9trie retravaill\u00e9e qui permet de gagner jusqu&rsquo;\u00e0 160 grammes par rapport au mod\u00e8le pr\u00e9c\u00e9dent avec un reach plus long, un angle de tube de direction plus raide et un bo\u00eetier de p\u00e9dalier plus bas. La position d&rsquo;assise un peu plus droite te permet d&rsquo;appr\u00e9cier pleinement les routes secondaires pittoresques, les pistes de gravier et les chemins forestiers et ruraux de Suisse, mais tu as aussi la grande efficacit\u00e9 dont tu as besoin dans les mont\u00e9es raides en p\u00e9dalant dans le vide et tout sous contr\u00f4le dans les descentes rapides. L&rsquo;interaction entre la tige de selle D-Fuse et le cintre D-Fuse assure un amortissement parfait sans perdre en rigidit\u00e9, ce qui te fera particuli\u00e8rement plaisir lors des longues randonn\u00e9es. L&#8217;empattement du v\u00e9lo peut \u00eatre r\u00e9gl\u00e9 avec pr\u00e9cision \u00e0 l&rsquo;aide du flip-chip situ\u00e9 sur la patte arri\u00e8re &#8211; court pour une maniabilit\u00e9 plus agile ou long pour plus de stabilit\u00e9 et de fluidit\u00e9. Le cadre Advanced en carbone super l\u00e9ger et la fourche en carbone offrent suffisamment de place pour des pneus d&rsquo;une largeur maximale de 53 mm \u00e0 l&rsquo;arri\u00e8re en cas de r\u00e9glage \u00ab\u00a0long\u00a0\u00bb du flip-chip ou de 42 mm en cas de r\u00e9glage \u00ab\u00a0court\u00a0\u00bb. Gr\u00e2ce au syst\u00e8me Smart Mount, le Revolt peut \u00eatre \u00e9quip\u00e9 sans grand effort d&rsquo;un porte-bagages et d&rsquo;accessoires et est alors pr\u00eat \u00e0 partir pour le grand voyage.<\/p>\n<h2><b>\u00c0 propos de Giant<\/b><\/h2>\n<div class=\"pb-5 mt-5 \">\n<div class=\"container\">\n<div class=\"row align-items-center null\">\n<div class=\"col-12 col-lg-6\">\n<div class=\"row\">\n<div class=\"col-12 col-lg-9\">\n<div id=\"\" class=\"Typography_bodyLg__zXP4k text-secondary\">\n<p>GIANT est LE fabricant de v\u00e9los par excellence : depuis plus de 40 ans, l&rsquo;entreprise \u00e9tablit de nouvelles normes sur le march\u00e9 du v\u00e9lo &#8211; derni\u00e8rement avec ses v\u00e9los \u00e9lectriques GIANT innovants, qui enthousiasment par leurs composants de haute qualit\u00e9 et leur innovation intelligente. La meilleure qualit\u00e9 d&rsquo;une marque traditionnelle \u00e9tablie t&rsquo;attend ici.<\/p>\n<\/div>\n<\/div>\n<\/div>\n<\/div>\n<\/div>\n<\/div>\n<\/div>\n","protected":false},"featured_media":64040,"comment_status":"open","ping_status":"closed","template":"","meta":{"_acf_changed":false},"product_brand":[],"product_cat":[10165,10185,10184,10177,10186,10123,10080,10175],"product_tag":[],"class_list":{"0":"post-64029","1":"product","2":"type-product","3":"status-publish","4":"has-post-thumbnail","6":"product_cat-bleu","7":"product_cat-diamant","8":"product_cat-femmes","9":"product_cat-gravel-bikes","10":"product_cat-hommes","11":"product_cat-marque-giant","12":"product_cat-mybikeplan","13":"product_cat-nicht-elektrische-bikes","14":"pa_brakes-shimano-grx-rx-400-frein-a-disque-hydraulique-rotors-giant-mph-f-160-mm-r-160-mm","15":"pa_cassette-shimano-105-11-vitesses-11-34-dents","16":"pa_filters-color-bleu","17":"pa_frame-variant-diamant","18":"pa_gear-change-shimano-grx-rx-810-fr","19":"pa_gears-2-x-11-fr","20":"pa_hex-color-16363c-fr","21":"pa_rider-height-170-175-cm","22":"pa_rider-height-175-180-cm","23":"pa_rider-height-185-190-cm","24":"pa_rider-height-190-195-cm","25":"pa_seat-tube-length-l-fr","26":"pa_sizes-l-fr","27":"pa_wheel-size-28-fr-3","29":"first","30":"instock","31":"shipping-taxable","32":"purchasable","33":"product-type-variable"},"acf":[],"yoast_head":"<!-- This site is optimized with the Yoast SEO plugin v24.5 - https:\/\/yoast.com\/wordpress\/plugins\/seo\/ -->\n<title>Giant Revolt Advanced 2 | Bike | 0% d&#039;int\u00e9r\u00eat<\/title>\n<meta name=\"description\" content=\"Commande le Giant Revolt Advanced 2 Bike, avec des paiements mensuels et 0% d&#039;int\u00e9r\u00eat et profite d&#039;une livraison gratuite en Suisse.\" \/>\n<meta name=\"robots\" content=\"noindex, follow, max-snippet:-1, max-image-preview:large, max-video-preview:-1\" \/>\n<meta property=\"og:locale\" content=\"fr_FR\" \/>\n<meta property=\"og:type\" content=\"article\" \/>\n<meta property=\"og:title\" content=\"Giant Revolt Advanced 2 | Bike | 0% d&#039;int\u00e9r\u00eat\" \/>\n<meta property=\"og:description\" content=\"Commande le Giant Revolt Advanced 2 Bike, avec des paiements mensuels et 0% d&#039;int\u00e9r\u00eat et profite d&#039;une livraison gratuite en Suisse.\" \/>\n<meta property=\"og:url\" content=\"https:\/\/listings.mybikeplan.ch\/fr\/produit\/giant-revolt-advanced-2-gr-l-blue\/\" \/>\n<meta property=\"og:site_name\" content=\"MyBikePlan\" \/>\n<meta property=\"article:modified_time\" content=\"2024-10-15T08:44:57+00:00\" \/>\n<meta property=\"og:image\" content=\"https:\/\/listings.mybikeplan.ch\/wp-content\/uploads\/2024\/05\/Giant-Revolt-Advanced-2-1-1024x1024.png\" \/>\n\t<meta property=\"og:image:width\" content=\"1024\" \/>\n\t<meta property=\"og:image:height\" content=\"1024\" \/>\n\t<meta property=\"og:image:type\" content=\"image\/png\" \/>\n<meta name=\"twitter:card\" content=\"summary_large_image\" \/>\n<script type=\"application\/ld+json\" class=\"yoast-schema-graph\">{\"@context\":\"https:\/\/schema.org\",\"@graph\":[{\"@type\":\"WebPage\",\"@id\":\"https:\/\/listings.mybikeplan.ch\/fr\/produit\/giant-revolt-advanced-2-gr-l-blue\/\",\"url\":\"https:\/\/listings.mybikeplan.ch\/fr\/produit\/giant-revolt-advanced-2-gr-l-blue\/\",\"name\":\"Giant Revolt Advanced 2 | Bike | 0% d'int\u00e9r\u00eat\",\"isPartOf\":{\"@id\":\"https:\/\/listings.mybikeplan.ch\/fr\/#website\"},\"primaryImageOfPage\":{\"@id\":\"https:\/\/listings.mybikeplan.ch\/fr\/produit\/giant-revolt-advanced-2-gr-l-blue\/#primaryimage\"},\"image\":{\"@id\":\"https:\/\/listings.mybikeplan.ch\/fr\/produit\/giant-revolt-advanced-2-gr-l-blue\/#primaryimage\"},\"thumbnailUrl\":\"https:\/\/listings.mybikeplan.ch\/wp-content\/uploads\/2024\/05\/Giant-Revolt-Advanced-2-1.png\",\"datePublished\":\"2024-05-22T08:52:47+00:00\",\"dateModified\":\"2024-10-15T08:44:57+00:00\",\"description\":\"Commande le Giant Revolt Advanced 2 Bike, avec des paiements mensuels et 0% d'int\u00e9r\u00eat et profite d'une livraison gratuite en Suisse.\",\"breadcrumb\":{\"@id\":\"https:\/\/listings.mybikeplan.ch\/fr\/produit\/giant-revolt-advanced-2-gr-l-blue\/#breadcrumb\"},\"inLanguage\":\"fr-FR\",\"potentialAction\":[{\"@type\":\"ReadAction\",\"target\":[\"https:\/\/listings.mybikeplan.ch\/fr\/produit\/giant-revolt-advanced-2-gr-l-blue\/\"]}]},{\"@type\":\"ImageObject\",\"inLanguage\":\"fr-FR\",\"@id\":\"https:\/\/listings.mybikeplan.ch\/fr\/produit\/giant-revolt-advanced-2-gr-l-blue\/#primaryimage\",\"url\":\"https:\/\/listings.mybikeplan.ch\/wp-content\/uploads\/2024\/05\/Giant-Revolt-Advanced-2-1.png\",\"contentUrl\":\"https:\/\/listings.mybikeplan.ch\/wp-content\/uploads\/2024\/05\/Giant-Revolt-Advanced-2-1.png\",\"width\":3000,\"height\":3000},{\"@type\":\"BreadcrumbList\",\"@id\":\"https:\/\/listings.mybikeplan.ch\/fr\/produit\/giant-revolt-advanced-2-gr-l-blue\/#breadcrumb\",\"itemListElement\":[{\"@type\":\"ListItem\",\"position\":1,\"name\":\"Home\",\"item\":\"https:\/\/listings.mybikeplan.ch\/fr\/home\/\"},{\"@type\":\"ListItem\",\"position\":2,\"name\":\"Giant Revolt Advanced 2\"}]},{\"@type\":\"WebSite\",\"@id\":\"https:\/\/listings.mybikeplan.ch\/fr\/#website\",\"url\":\"https:\/\/listings.mybikeplan.ch\/fr\/\",\"name\":\"MyBikePlan\",\"description\":\"\",\"potentialAction\":[{\"@type\":\"SearchAction\",\"target\":{\"@type\":\"EntryPoint\",\"urlTemplate\":\"https:\/\/listings.mybikeplan.ch\/fr\/?s={search_term_string}\"},\"query-input\":{\"@type\":\"PropertyValueSpecification\",\"valueRequired\":true,\"valueName\":\"search_term_string\"}}],\"inLanguage\":\"fr-FR\"}]}<\/script>\n<!-- \/ Yoast SEO plugin. -->","yoast_head_json":{"title":"Giant Revolt Advanced 2 | Bike | 0% d'int\u00e9r\u00eat","description":"Commande le Giant Revolt Advanced 2 Bike, avec des paiements mensuels et 0% d'int\u00e9r\u00eat et profite d'une livraison gratuite en Suisse.","robots":{"index":"noindex","follow":"follow","max-snippet":"max-snippet:-1","max-image-preview":"max-image-preview:large","max-video-preview":"max-video-preview:-1"},"og_locale":"fr_FR","og_type":"article","og_title":"Giant Revolt Advanced 2 | Bike | 0% d'int\u00e9r\u00eat","og_description":"Commande le Giant Revolt Advanced 2 Bike, avec des paiements mensuels et 0% d'int\u00e9r\u00eat et profite d'une livraison gratuite en Suisse.","og_url":"https:\/\/listings.mybikeplan.ch\/fr\/produit\/giant-revolt-advanced-2-gr-l-blue\/","og_site_name":"MyBikePlan","article_modified_time":"2024-10-15T08:44:57+00:00","og_image":[{"width":1024,"height":1024,"url":"https:\/\/listings.mybikeplan.ch\/wp-content\/uploads\/2024\/05\/Giant-Revolt-Advanced-2-1-1024x1024.png","type":"image\/png"}],"twitter_card":"summary_large_image","schema":{"@context":"https:\/\/schema.org","@graph":[{"@type":"WebPage","@id":"https:\/\/listings.mybikeplan.ch\/fr\/produit\/giant-revolt-advanced-2-gr-l-blue\/","url":"https:\/\/listings.mybikeplan.ch\/fr\/produit\/giant-revolt-advanced-2-gr-l-blue\/","name":"Giant Revolt Advanced 2 | Bike | 0% d'int\u00e9r\u00eat","isPartOf":{"@id":"https:\/\/listings.mybikeplan.ch\/fr\/#website"},"primaryImageOfPage":{"@id":"https:\/\/listings.mybikeplan.ch\/fr\/produit\/giant-revolt-advanced-2-gr-l-blue\/#primaryimage"},"image":{"@id":"https:\/\/listings.mybikeplan.ch\/fr\/produit\/giant-revolt-advanced-2-gr-l-blue\/#primaryimage"},"thumbnailUrl":"https:\/\/listings.mybikeplan.ch\/wp-content\/uploads\/2024\/05\/Giant-Revolt-Advanced-2-1.png","datePublished":"2024-05-22T08:52:47+00:00","dateModified":"2024-10-15T08:44:57+00:00","description":"Commande le Giant Revolt Advanced 2 Bike, avec des paiements mensuels et 0% d'int\u00e9r\u00eat et profite d'une livraison gratuite en Suisse.","breadcrumb":{"@id":"https:\/\/listings.mybikeplan.ch\/fr\/produit\/giant-revolt-advanced-2-gr-l-blue\/#breadcrumb"},"inLanguage":"fr-FR","potentialAction":[{"@type":"ReadAction","target":["https:\/\/listings.mybikeplan.ch\/fr\/produit\/giant-revolt-advanced-2-gr-l-blue\/"]}]},{"@type":"ImageObject","inLanguage":"fr-FR","@id":"https:\/\/listings.mybikeplan.ch\/fr\/produit\/giant-revolt-advanced-2-gr-l-blue\/#primaryimage","url":"https:\/\/listings.mybikeplan.ch\/wp-content\/uploads\/2024\/05\/Giant-Revolt-Advanced-2-1.png","contentUrl":"https:\/\/listings.mybikeplan.ch\/wp-content\/uploads\/2024\/05\/Giant-Revolt-Advanced-2-1.png","width":3000,"height":3000},{"@type":"BreadcrumbList","@id":"https:\/\/listings.mybikeplan.ch\/fr\/produit\/giant-revolt-advanced-2-gr-l-blue\/#breadcrumb","itemListElement":[{"@type":"ListItem","position":1,"name":"Home","item":"https:\/\/listings.mybikeplan.ch\/fr\/home\/"},{"@type":"ListItem","position":2,"name":"Giant Revolt Advanced 2"}]},{"@type":"WebSite","@id":"https:\/\/listings.mybikeplan.ch\/fr\/#website","url":"https:\/\/listings.mybikeplan.ch\/fr\/","name":"MyBikePlan","description":"","potentialAction":[{"@type":"SearchAction","target":{"@type":"EntryPoint","urlTemplate":"https:\/\/listings.mybikeplan.ch\/fr\/?s={search_term_string}"},"query-input":{"@type":"PropertyValueSpecification","valueRequired":true,"valueName":"search_term_string"}}],"inLanguage":"fr-FR"}]}},"_links":{"self":[{"href":"https:\/\/listings.mybikeplan.ch\/fr\/wp-json\/wp\/v2\/product\/64029","targetHints":{"allow":["GET"]}}],"collection":[{"href":"https:\/\/listings.mybikeplan.ch\/fr\/wp-json\/wp\/v2\/product"}],"about":[{"href":"https:\/\/listings.mybikeplan.ch\/fr\/wp-json\/wp\/v2\/types\/product"}],"replies":[{"embeddable":true,"href":"https:\/\/listings.mybikeplan.ch\/fr\/wp-json\/wp\/v2\/comments?post=64029"}],"wp:featuredmedia":[{"embeddable":true,"href":"https:\/\/listings.mybikeplan.ch\/fr\/wp-json\/wp\/v2\/media\/64040"}],"wp:attachment":[{"href":"https:\/\/listings.mybikeplan.ch\/fr\/wp-json\/wp\/v2\/media?parent=64029"}],"wp:term":[{"taxonomy":"product_brand","embeddable":true,"href":"https:\/\/listings.mybikeplan.ch\/fr\/wp-json\/wp\/v2\/product_brand?post=64029"},{"taxonomy":"product_cat","embeddable":true,"href":"https:\/\/listings.mybikeplan.ch\/fr\/wp-json\/wp\/v2\/product_cat?post=64029"},{"taxonomy":"product_tag","embeddable":true,"href":"https:\/\/listings.mybikeplan.ch\/fr\/wp-json\/wp\/v2\/product_tag?post=64029"}],"curies":[{"name":"wp","href":"https:\/\/api.w.org\/{rel}","templated":true}]}}