{"id":63939,"date":"2024-05-22T06:54:06","date_gmt":"2024-05-22T06:54:59","guid":{"rendered":"https:\/\/listings.mybikeplan.ch\/?post_type=product&#038;p=63939"},"modified":"2024-05-22T14:35:40","modified_gmt":"2024-05-22T14:35:40","slug":"giant-propel-advanced-sl-1-grey","status":"publish","type":"product","link":"https:\/\/listings.mybikeplan.ch\/fr\/produit\/giant-propel-advanced-sl-1-grey\/","title":{"rendered":"Giant Propel Advanced SL 1"},"content":{"rendered":"<h2><b>Les faits importants sur le Giant Propel Advanced SL 1 :<\/b><\/h2>\n<div class=\"col-lg-6 col-12 specification ng-star-inserted expanded\">\n<ul>\n<li>AeroSystem-Shaping<\/li>\n<li>nouveau passage des c\u00e2bles \u00e0 travers le guidon et le cadre<\/li>\n<li>ensemble cadre carbone ultramoderne de qualit\u00e9 SL<\/li>\n<\/ul>\n<\/div>\n<h2><b>Le Giant Propel Advanced SL 1 est parfait pour toi :<\/b><\/h2>\n<ul>\n<li>AeroSystem-Shaping<\/li>\n<li>nouveau passage des c\u00e2bles \u00e0 travers le guidon et le cadre<\/li>\n<li>ensemble cadre carbone ultramoderne de qualit\u00e9 SL<\/li>\n<\/ul>\n<h2><b>Recommandation de taille:<\/b><\/h2>\n<ul>\n<li>M = 171 cm &#8211; 181 cm<\/li>\n<\/ul>\n","protected":false},"excerpt":{"rendered":"<h2>Giant Propel Advanced SL 1<\/h2>\n<p>Le shaping AeroSystem est le r\u00e9sultat d&rsquo;analyses CFD et de tests dynamiques en soufflerie, et optimise les performances a\u00e9rodynamiques de l&rsquo;ensemble du v\u00e9lo. La forme elliptique tronqu\u00e9e des tubes profil\u00e9s et le cockpit a\u00e9ro Contact SLR garantissent un excellent a\u00e9rodynamisme global.<\/p>\n<p>Le tout nouveau passage des c\u00e2bles \u00e0 travers le guidon et le cadre permet d&rsquo;ajuster ou de changer les composants du cockpit rapidement et facilement. Ainsi, ta position de conduite et la transmission de la puissance peuvent \u00eatre r\u00e9gl\u00e9es de mani\u00e8re encore plus flexible et pr\u00e9cise.<\/p>\n<p>Le cadre en carbone de qualit\u00e9 SL est fabriqu\u00e9 \u00e0 partir des meilleurs mat\u00e9riaux en carbone et des processus de fabrication les plus professionnels de GIANT. Il en r\u00e9sulte une r\u00e9duction de poids de 225 grammes par rapport \u00e0 la g\u00e9n\u00e9ration pr\u00e9c\u00e9dente et un rapport rigidit\u00e9\/poids encore meilleur.<\/p>\n<h2><b>\u00c0 propos de Giant<\/b><\/h2>\n<div class=\"pb-5 mt-5 \">\n<div class=\"container\">\n<div class=\"row align-items-center null\">\n<div class=\"col-12 col-lg-6\">\n<div class=\"row\">\n<div class=\"col-12 col-lg-9\">\n<div id=\"\" class=\"Typography_bodyLg__zXP4k text-secondary\">\n<p>GIANT est LE fabricant de v\u00e9los par excellence : depuis plus de 40 ans, l&rsquo;entreprise \u00e9tablit de nouvelles normes sur le march\u00e9 du v\u00e9lo &#8211; derni\u00e8rement avec ses v\u00e9los \u00e9lectriques GIANT innovants, qui enthousiasment par leurs composants de haute qualit\u00e9 et leur innovation intelligente. La meilleure qualit\u00e9 d&rsquo;une marque traditionnelle \u00e9tablie t&rsquo;attend ici.<\/p>\n<\/div>\n<\/div>\n<\/div>\n<\/div>\n<\/div>\n<\/div>\n<\/div>\n","protected":false},"featured_media":63948,"comment_status":"open","ping_status":"closed","template":"","meta":{"_acf_changed":false},"product_brand":[],"product_cat":[10185,10184,10168,10186,10123,10080,10175,10181],"product_tag":[],"class_list":{"0":"post-63939","1":"product","2":"type-product","3":"status-publish","4":"has-post-thumbnail","6":"product_cat-diamant","7":"product_cat-femmes","8":"product_cat-gris","9":"product_cat-hommes","10":"product_cat-marque-giant","11":"product_cat-mybikeplan","12":"product_cat-nicht-elektrische-bikes","13":"product_cat-velos-de-course","14":"pa_brakes-sram-force-etap-axs-freins-a-disque-hydrauliques-rotors-sram-centerline-xr-f160mm-r140mm","15":"pa_cassette-sram-force-12-vitesses-10-28-zaehne","16":"pa_filters-color-gris","17":"pa_frame-variant-diamant","18":"pa_gear-change-sram-force-etap-axs-fr","19":"pa_gears-2-x-12-fr","20":"pa_hex-color-848097-fr","21":"pa_rider-height-170-175-cm","22":"pa_rider-height-175-180-cm","23":"pa_seat-tube-length-m-fr","24":"pa_sizes-m-fr","25":"pa_wheel-size-28-fr-3","27":"first","28":"instock","29":"shipping-taxable","30":"purchasable","31":"product-type-variable"},"acf":[],"yoast_head":"<!-- This site is optimized with the Yoast SEO plugin v24.5 - https:\/\/yoast.com\/wordpress\/plugins\/seo\/ -->\n<title>Giant Propel Advanced SL 1 | Bike | 0% d&#039;int\u00e9r\u00eat<\/title>\n<meta name=\"description\" content=\"Commande le Giant Propel Advanced SL 1 Bike, avec des paiements mensuels et 0% d&#039;int\u00e9r\u00eat et profite d&#039;une livraison gratuite en Suisse.\" \/>\n<meta name=\"robots\" content=\"noindex, follow, max-snippet:-1, max-image-preview:large, max-video-preview:-1\" \/>\n<meta property=\"og:locale\" content=\"fr_FR\" \/>\n<meta property=\"og:type\" content=\"article\" \/>\n<meta property=\"og:title\" content=\"Giant Propel Advanced SL 1 | Bike | 0% d&#039;int\u00e9r\u00eat\" \/>\n<meta property=\"og:description\" content=\"Commande le Giant Propel Advanced SL 1 Bike, avec des paiements mensuels et 0% d&#039;int\u00e9r\u00eat et profite d&#039;une livraison gratuite en Suisse.\" \/>\n<meta property=\"og:url\" content=\"https:\/\/listings.mybikeplan.ch\/fr\/produit\/giant-propel-advanced-sl-1-grey\/\" \/>\n<meta property=\"og:site_name\" content=\"MyBikePlan\" \/>\n<meta property=\"article:modified_time\" content=\"2024-05-22T14:35:40+00:00\" \/>\n<meta property=\"og:image\" content=\"https:\/\/listings.mybikeplan.ch\/wp-content\/uploads\/2024\/05\/GIANT-Propel-Advanced-SL-1-1-1024x1024.png\" \/>\n\t<meta property=\"og:image:width\" content=\"1024\" \/>\n\t<meta property=\"og:image:height\" content=\"1024\" \/>\n\t<meta property=\"og:image:type\" content=\"image\/png\" \/>\n<meta name=\"twitter:card\" content=\"summary_large_image\" \/>\n<script type=\"application\/ld+json\" class=\"yoast-schema-graph\">{\"@context\":\"https:\/\/schema.org\",\"@graph\":[{\"@type\":\"WebPage\",\"@id\":\"https:\/\/listings.mybikeplan.ch\/fr\/produit\/giant-propel-advanced-sl-1-grey\/\",\"url\":\"https:\/\/listings.mybikeplan.ch\/fr\/produit\/giant-propel-advanced-sl-1-grey\/\",\"name\":\"Giant Propel Advanced SL 1 | Bike | 0% d'int\u00e9r\u00eat\",\"isPartOf\":{\"@id\":\"https:\/\/listings.mybikeplan.ch\/fr\/#website\"},\"primaryImageOfPage\":{\"@id\":\"https:\/\/listings.mybikeplan.ch\/fr\/produit\/giant-propel-advanced-sl-1-grey\/#primaryimage\"},\"image\":{\"@id\":\"https:\/\/listings.mybikeplan.ch\/fr\/produit\/giant-propel-advanced-sl-1-grey\/#primaryimage\"},\"thumbnailUrl\":\"https:\/\/listings.mybikeplan.ch\/wp-content\/uploads\/2024\/05\/GIANT-Propel-Advanced-SL-1-1.png\",\"datePublished\":\"2024-05-22T06:54:59+00:00\",\"dateModified\":\"2024-05-22T14:35:40+00:00\",\"description\":\"Commande le Giant Propel Advanced SL 1 Bike, avec des paiements mensuels et 0% d'int\u00e9r\u00eat et profite d'une livraison gratuite en Suisse.\",\"breadcrumb\":{\"@id\":\"https:\/\/listings.mybikeplan.ch\/fr\/produit\/giant-propel-advanced-sl-1-grey\/#breadcrumb\"},\"inLanguage\":\"fr-FR\",\"potentialAction\":[{\"@type\":\"ReadAction\",\"target\":[\"https:\/\/listings.mybikeplan.ch\/fr\/produit\/giant-propel-advanced-sl-1-grey\/\"]}]},{\"@type\":\"ImageObject\",\"inLanguage\":\"fr-FR\",\"@id\":\"https:\/\/listings.mybikeplan.ch\/fr\/produit\/giant-propel-advanced-sl-1-grey\/#primaryimage\",\"url\":\"https:\/\/listings.mybikeplan.ch\/wp-content\/uploads\/2024\/05\/GIANT-Propel-Advanced-SL-1-1.png\",\"contentUrl\":\"https:\/\/listings.mybikeplan.ch\/wp-content\/uploads\/2024\/05\/GIANT-Propel-Advanced-SL-1-1.png\",\"width\":3000,\"height\":3000},{\"@type\":\"BreadcrumbList\",\"@id\":\"https:\/\/listings.mybikeplan.ch\/fr\/produit\/giant-propel-advanced-sl-1-grey\/#breadcrumb\",\"itemListElement\":[{\"@type\":\"ListItem\",\"position\":1,\"name\":\"Home\",\"item\":\"https:\/\/listings.mybikeplan.ch\/fr\/home\/\"},{\"@type\":\"ListItem\",\"position\":2,\"name\":\"Giant Propel Advanced SL 1\"}]},{\"@type\":\"WebSite\",\"@id\":\"https:\/\/listings.mybikeplan.ch\/fr\/#website\",\"url\":\"https:\/\/listings.mybikeplan.ch\/fr\/\",\"name\":\"MyBikePlan\",\"description\":\"\",\"potentialAction\":[{\"@type\":\"SearchAction\",\"target\":{\"@type\":\"EntryPoint\",\"urlTemplate\":\"https:\/\/listings.mybikeplan.ch\/fr\/?s={search_term_string}\"},\"query-input\":{\"@type\":\"PropertyValueSpecification\",\"valueRequired\":true,\"valueName\":\"search_term_string\"}}],\"inLanguage\":\"fr-FR\"}]}<\/script>\n<!-- \/ Yoast SEO plugin. -->","yoast_head_json":{"title":"Giant Propel Advanced SL 1 | Bike | 0% d'int\u00e9r\u00eat","description":"Commande le Giant Propel Advanced SL 1 Bike, avec des paiements mensuels et 0% d'int\u00e9r\u00eat et profite d'une livraison gratuite en Suisse.","robots":{"index":"noindex","follow":"follow","max-snippet":"max-snippet:-1","max-image-preview":"max-image-preview:large","max-video-preview":"max-video-preview:-1"},"og_locale":"fr_FR","og_type":"article","og_title":"Giant Propel Advanced SL 1 | Bike | 0% d'int\u00e9r\u00eat","og_description":"Commande le Giant Propel Advanced SL 1 Bike, avec des paiements mensuels et 0% d'int\u00e9r\u00eat et profite d'une livraison gratuite en Suisse.","og_url":"https:\/\/listings.mybikeplan.ch\/fr\/produit\/giant-propel-advanced-sl-1-grey\/","og_site_name":"MyBikePlan","article_modified_time":"2024-05-22T14:35:40+00:00","og_image":[{"width":1024,"height":1024,"url":"https:\/\/listings.mybikeplan.ch\/wp-content\/uploads\/2024\/05\/GIANT-Propel-Advanced-SL-1-1-1024x1024.png","type":"image\/png"}],"twitter_card":"summary_large_image","schema":{"@context":"https:\/\/schema.org","@graph":[{"@type":"WebPage","@id":"https:\/\/listings.mybikeplan.ch\/fr\/produit\/giant-propel-advanced-sl-1-grey\/","url":"https:\/\/listings.mybikeplan.ch\/fr\/produit\/giant-propel-advanced-sl-1-grey\/","name":"Giant Propel Advanced SL 1 | Bike | 0% d'int\u00e9r\u00eat","isPartOf":{"@id":"https:\/\/listings.mybikeplan.ch\/fr\/#website"},"primaryImageOfPage":{"@id":"https:\/\/listings.mybikeplan.ch\/fr\/produit\/giant-propel-advanced-sl-1-grey\/#primaryimage"},"image":{"@id":"https:\/\/listings.mybikeplan.ch\/fr\/produit\/giant-propel-advanced-sl-1-grey\/#primaryimage"},"thumbnailUrl":"https:\/\/listings.mybikeplan.ch\/wp-content\/uploads\/2024\/05\/GIANT-Propel-Advanced-SL-1-1.png","datePublished":"2024-05-22T06:54:59+00:00","dateModified":"2024-05-22T14:35:40+00:00","description":"Commande le Giant Propel Advanced SL 1 Bike, avec des paiements mensuels et 0% d'int\u00e9r\u00eat et profite d'une livraison gratuite en Suisse.","breadcrumb":{"@id":"https:\/\/listings.mybikeplan.ch\/fr\/produit\/giant-propel-advanced-sl-1-grey\/#breadcrumb"},"inLanguage":"fr-FR","potentialAction":[{"@type":"ReadAction","target":["https:\/\/listings.mybikeplan.ch\/fr\/produit\/giant-propel-advanced-sl-1-grey\/"]}]},{"@type":"ImageObject","inLanguage":"fr-FR","@id":"https:\/\/listings.mybikeplan.ch\/fr\/produit\/giant-propel-advanced-sl-1-grey\/#primaryimage","url":"https:\/\/listings.mybikeplan.ch\/wp-content\/uploads\/2024\/05\/GIANT-Propel-Advanced-SL-1-1.png","contentUrl":"https:\/\/listings.mybikeplan.ch\/wp-content\/uploads\/2024\/05\/GIANT-Propel-Advanced-SL-1-1.png","width":3000,"height":3000},{"@type":"BreadcrumbList","@id":"https:\/\/listings.mybikeplan.ch\/fr\/produit\/giant-propel-advanced-sl-1-grey\/#breadcrumb","itemListElement":[{"@type":"ListItem","position":1,"name":"Home","item":"https:\/\/listings.mybikeplan.ch\/fr\/home\/"},{"@type":"ListItem","position":2,"name":"Giant Propel Advanced SL 1"}]},{"@type":"WebSite","@id":"https:\/\/listings.mybikeplan.ch\/fr\/#website","url":"https:\/\/listings.mybikeplan.ch\/fr\/","name":"MyBikePlan","description":"","potentialAction":[{"@type":"SearchAction","target":{"@type":"EntryPoint","urlTemplate":"https:\/\/listings.mybikeplan.ch\/fr\/?s={search_term_string}"},"query-input":{"@type":"PropertyValueSpecification","valueRequired":true,"valueName":"search_term_string"}}],"inLanguage":"fr-FR"}]}},"_links":{"self":[{"href":"https:\/\/listings.mybikeplan.ch\/fr\/wp-json\/wp\/v2\/product\/63939","targetHints":{"allow":["GET"]}}],"collection":[{"href":"https:\/\/listings.mybikeplan.ch\/fr\/wp-json\/wp\/v2\/product"}],"about":[{"href":"https:\/\/listings.mybikeplan.ch\/fr\/wp-json\/wp\/v2\/types\/product"}],"replies":[{"embeddable":true,"href":"https:\/\/listings.mybikeplan.ch\/fr\/wp-json\/wp\/v2\/comments?post=63939"}],"wp:featuredmedia":[{"embeddable":true,"href":"https:\/\/listings.mybikeplan.ch\/fr\/wp-json\/wp\/v2\/media\/63948"}],"wp:attachment":[{"href":"https:\/\/listings.mybikeplan.ch\/fr\/wp-json\/wp\/v2\/media?parent=63939"}],"wp:term":[{"taxonomy":"product_brand","embeddable":true,"href":"https:\/\/listings.mybikeplan.ch\/fr\/wp-json\/wp\/v2\/product_brand?post=63939"},{"taxonomy":"product_cat","embeddable":true,"href":"https:\/\/listings.mybikeplan.ch\/fr\/wp-json\/wp\/v2\/product_cat?post=63939"},{"taxonomy":"product_tag","embeddable":true,"href":"https:\/\/listings.mybikeplan.ch\/fr\/wp-json\/wp\/v2\/product_tag?post=63939"}],"curies":[{"name":"wp","href":"https:\/\/api.w.org\/{rel}","templated":true}]}}