{"id":63890,"date":"2024-05-22T06:54:22","date_gmt":"2024-05-22T06:54:48","guid":{"rendered":"https:\/\/listings.mybikeplan.ch\/?post_type=product&#038;p=63890"},"modified":"2024-05-22T06:54:53","modified_gmt":"2024-05-22T06:54:53","slug":"giant-anthem-advanced-pro-29-3-red","status":"publish","type":"product","link":"https:\/\/listings.mybikeplan.ch\/fr\/produit\/giant-anthem-advanced-pro-29-3-red\/","title":{"rendered":"Giant Anthem Advanced Pro 29 3"},"content":{"rendered":"<h2><b>Les faits importants sur le Giant Revolt Advanced 2:<\/b><\/h2>\n<div class=\"col-lg-6 col-12 specification ng-star-inserted expanded\">\n<ul>\n<li>Le cadre Advanced Carbon est 241 g plus l\u00e9ger que la g\u00e9n\u00e9ration pr\u00e9c\u00e9dente.<\/li>\n<li>100 mm de d\u00e9battement<\/li>\n<li>roues 29 pouces solides<\/li>\n<\/ul>\n<\/div>\n<h2><b>Le Giant Revolt Advanced 2 est parfait pour toi :<\/b><\/h2>\n<ul>\n<li>recherche un v\u00e9lo rapide et l\u00e9ger<\/li>\n<li>tu es un adepte du cross-country<\/li>\n<\/ul>\n<h2><b>Recommandation de taille:<\/b><\/h2>\n<ul>\n<li>M = 171 cm &#8211; 180 cm<\/li>\n<\/ul>\n","protected":false},"excerpt":{"rendered":"<h2>Giant Revolt Advanced 2<\/h2>\n<p>Ce 29er est \u00e9quip\u00e9 d&rsquo;un cadre enti\u00e8rement en carbone et dispose d&rsquo;un d\u00e9battement de 100 mm \u00e0 l&rsquo;arri\u00e8re et de 110 mm \u00e0 l&rsquo;avant. La suspension arri\u00e8re FlexPoint Pro offre de la place pour des bases plus courtes afin d&rsquo;am\u00e9liorer les caract\u00e9ristiques d&rsquo;escalade et l&rsquo;agilit\u00e9 g\u00e9n\u00e9rale. Les autres mises \u00e0 jour comprennent une nouvelle g\u00e9om\u00e9trie XC-Race sp\u00e9cifique au 29er avec un reach plus long et un angle de tube de direction plus plat, ainsi qu&rsquo;un jeu de roues en carbone l\u00e9ger et rigide pour une maniabilit\u00e9 rapide et pr\u00e9cise.<\/p>\n<h2><b>\u00c0 propos de Giant<\/b><\/h2>\n<div class=\"pb-5 mt-5 \">\n<div class=\"container\">\n<div class=\"row align-items-center null\">\n<div class=\"col-12 col-lg-6\">\n<div class=\"row\">\n<div class=\"col-12 col-lg-9\">\n<div id=\"\" class=\"Typography_bodyLg__zXP4k text-secondary\">\n<p>GIANT est LE fabricant de v\u00e9los par excellence : depuis plus de 40 ans, l&rsquo;entreprise \u00e9tablit de nouvelles normes sur le march\u00e9 du v\u00e9lo &#8211; derni\u00e8rement avec ses v\u00e9los \u00e9lectriques GIANT innovants, qui enthousiasment par leurs composants de haute qualit\u00e9 et leur innovation intelligente. La meilleure qualit\u00e9 d&rsquo;une marque traditionnelle \u00e9tablie t&rsquo;attend ici.<\/p>\n<\/div>\n<\/div>\n<\/div>\n<\/div>\n<\/div>\n<\/div>\n<\/div>\n","protected":false},"featured_media":63898,"comment_status":"open","ping_status":"closed","template":"","meta":{"_acf_changed":false},"product_brand":[],"product_cat":[10185,10184,10179,10186,10123,10080,10171,10175],"product_tag":[],"class_list":{"0":"post-63890","1":"product","2":"type-product","3":"status-publish","4":"has-post-thumbnail","6":"product_cat-diamant","7":"product_cat-femmes","8":"product_cat-mountain-fully","9":"product_cat-hommes","10":"product_cat-marque-giant","11":"product_cat-mybikeplan","12":"product_cat-rouge","13":"product_cat-nicht-elektrische-bikes","14":"pa_brakes-shimano-deore-mt410-frein-a-disque-hydraulique-rotors-shimano-rt-26-f180mm-r160mm","15":"pa_cassette-shimano-deore-m6100-10-51-dents","16":"pa_filters-color-rouge","17":"pa_frame-variant-diamant","18":"pa_gear-change-shimano-deore-rd-m6100-fr","19":"pa_gears-12-gaenge-fr","20":"pa_hex-color-e30302-fr","21":"pa_rider-height-170-175-cm","22":"pa_rider-height-175-180-cm","23":"pa_seat-tube-length-m-fr","24":"pa_sizes-m-fr","25":"pa_suspension-travel-amortisseur-de-100-mm-fourche-de-110-mm","26":"pa_wheel-size-29-fr-2","28":"first","29":"instock","30":"shipping-taxable","31":"purchasable","32":"product-type-variable"},"acf":[],"yoast_head":"<!-- This site is optimized with the Yoast SEO plugin v24.5 - https:\/\/yoast.com\/wordpress\/plugins\/seo\/ -->\n<title>Giant Anthem Advanced Pro 29 3 | Bike | 0% d&#039;int\u00e9r\u00eat<\/title>\n<meta name=\"description\" content=\"Commande le Giant Anthem Advanced Pro 29 3 Bike, avec des paiements mensuels et 0% d&#039;int\u00e9r\u00eat et profite d&#039;une livraison gratuite en Suisse.\" \/>\n<meta name=\"robots\" content=\"noindex, follow, max-snippet:-1, max-image-preview:large, max-video-preview:-1\" \/>\n<meta property=\"og:locale\" content=\"fr_FR\" \/>\n<meta property=\"og:type\" content=\"article\" \/>\n<meta property=\"og:title\" content=\"Giant Anthem Advanced Pro 29 3 | Bike | 0% d&#039;int\u00e9r\u00eat\" \/>\n<meta property=\"og:description\" content=\"Commande le Giant Anthem Advanced Pro 29 3 Bike, avec des paiements mensuels et 0% d&#039;int\u00e9r\u00eat et profite d&#039;une livraison gratuite en Suisse.\" \/>\n<meta property=\"og:url\" content=\"https:\/\/listings.mybikeplan.ch\/fr\/produit\/giant-anthem-advanced-pro-29-3-red\/\" \/>\n<meta property=\"og:site_name\" content=\"MyBikePlan\" \/>\n<meta property=\"article:modified_time\" content=\"2024-05-22T06:54:53+00:00\" \/>\n<meta property=\"og:image\" content=\"https:\/\/listings.mybikeplan.ch\/wp-content\/uploads\/2024\/05\/Giant-Anthem-Advanced-PRO-29-3-1-1024x1024.png\" \/>\n\t<meta property=\"og:image:width\" content=\"1024\" \/>\n\t<meta property=\"og:image:height\" content=\"1024\" \/>\n\t<meta property=\"og:image:type\" content=\"image\/png\" \/>\n<meta name=\"twitter:card\" content=\"summary_large_image\" \/>\n<script type=\"application\/ld+json\" class=\"yoast-schema-graph\">{\"@context\":\"https:\/\/schema.org\",\"@graph\":[{\"@type\":\"WebPage\",\"@id\":\"https:\/\/listings.mybikeplan.ch\/fr\/produit\/giant-anthem-advanced-pro-29-3-red\/\",\"url\":\"https:\/\/listings.mybikeplan.ch\/fr\/produit\/giant-anthem-advanced-pro-29-3-red\/\",\"name\":\"Giant Anthem Advanced Pro 29 3 | Bike | 0% d'int\u00e9r\u00eat\",\"isPartOf\":{\"@id\":\"https:\/\/listings.mybikeplan.ch\/fr\/#website\"},\"primaryImageOfPage\":{\"@id\":\"https:\/\/listings.mybikeplan.ch\/fr\/produit\/giant-anthem-advanced-pro-29-3-red\/#primaryimage\"},\"image\":{\"@id\":\"https:\/\/listings.mybikeplan.ch\/fr\/produit\/giant-anthem-advanced-pro-29-3-red\/#primaryimage\"},\"thumbnailUrl\":\"https:\/\/listings.mybikeplan.ch\/wp-content\/uploads\/2024\/05\/Giant-Anthem-Advanced-PRO-29-3-1.png\",\"datePublished\":\"2024-05-22T06:54:48+00:00\",\"dateModified\":\"2024-05-22T06:54:53+00:00\",\"description\":\"Commande le Giant Anthem Advanced Pro 29 3 Bike, avec des paiements mensuels et 0% d'int\u00e9r\u00eat et profite d'une livraison gratuite en Suisse.\",\"breadcrumb\":{\"@id\":\"https:\/\/listings.mybikeplan.ch\/fr\/produit\/giant-anthem-advanced-pro-29-3-red\/#breadcrumb\"},\"inLanguage\":\"fr-FR\",\"potentialAction\":[{\"@type\":\"ReadAction\",\"target\":[\"https:\/\/listings.mybikeplan.ch\/fr\/produit\/giant-anthem-advanced-pro-29-3-red\/\"]}]},{\"@type\":\"ImageObject\",\"inLanguage\":\"fr-FR\",\"@id\":\"https:\/\/listings.mybikeplan.ch\/fr\/produit\/giant-anthem-advanced-pro-29-3-red\/#primaryimage\",\"url\":\"https:\/\/listings.mybikeplan.ch\/wp-content\/uploads\/2024\/05\/Giant-Anthem-Advanced-PRO-29-3-1.png\",\"contentUrl\":\"https:\/\/listings.mybikeplan.ch\/wp-content\/uploads\/2024\/05\/Giant-Anthem-Advanced-PRO-29-3-1.png\",\"width\":3000,\"height\":3000},{\"@type\":\"BreadcrumbList\",\"@id\":\"https:\/\/listings.mybikeplan.ch\/fr\/produit\/giant-anthem-advanced-pro-29-3-red\/#breadcrumb\",\"itemListElement\":[{\"@type\":\"ListItem\",\"position\":1,\"name\":\"Home\",\"item\":\"https:\/\/listings.mybikeplan.ch\/fr\/home\/\"},{\"@type\":\"ListItem\",\"position\":2,\"name\":\"Giant Anthem Advanced Pro 29 3\"}]},{\"@type\":\"WebSite\",\"@id\":\"https:\/\/listings.mybikeplan.ch\/fr\/#website\",\"url\":\"https:\/\/listings.mybikeplan.ch\/fr\/\",\"name\":\"MyBikePlan\",\"description\":\"\",\"potentialAction\":[{\"@type\":\"SearchAction\",\"target\":{\"@type\":\"EntryPoint\",\"urlTemplate\":\"https:\/\/listings.mybikeplan.ch\/fr\/?s={search_term_string}\"},\"query-input\":{\"@type\":\"PropertyValueSpecification\",\"valueRequired\":true,\"valueName\":\"search_term_string\"}}],\"inLanguage\":\"fr-FR\"}]}<\/script>\n<!-- \/ Yoast SEO plugin. -->","yoast_head_json":{"title":"Giant Anthem Advanced Pro 29 3 | Bike | 0% d'int\u00e9r\u00eat","description":"Commande le Giant Anthem Advanced Pro 29 3 Bike, avec des paiements mensuels et 0% d'int\u00e9r\u00eat et profite d'une livraison gratuite en Suisse.","robots":{"index":"noindex","follow":"follow","max-snippet":"max-snippet:-1","max-image-preview":"max-image-preview:large","max-video-preview":"max-video-preview:-1"},"og_locale":"fr_FR","og_type":"article","og_title":"Giant Anthem Advanced Pro 29 3 | Bike | 0% d'int\u00e9r\u00eat","og_description":"Commande le Giant Anthem Advanced Pro 29 3 Bike, avec des paiements mensuels et 0% d'int\u00e9r\u00eat et profite d'une livraison gratuite en Suisse.","og_url":"https:\/\/listings.mybikeplan.ch\/fr\/produit\/giant-anthem-advanced-pro-29-3-red\/","og_site_name":"MyBikePlan","article_modified_time":"2024-05-22T06:54:53+00:00","og_image":[{"width":1024,"height":1024,"url":"https:\/\/listings.mybikeplan.ch\/wp-content\/uploads\/2024\/05\/Giant-Anthem-Advanced-PRO-29-3-1-1024x1024.png","type":"image\/png"}],"twitter_card":"summary_large_image","schema":{"@context":"https:\/\/schema.org","@graph":[{"@type":"WebPage","@id":"https:\/\/listings.mybikeplan.ch\/fr\/produit\/giant-anthem-advanced-pro-29-3-red\/","url":"https:\/\/listings.mybikeplan.ch\/fr\/produit\/giant-anthem-advanced-pro-29-3-red\/","name":"Giant Anthem Advanced Pro 29 3 | Bike | 0% d'int\u00e9r\u00eat","isPartOf":{"@id":"https:\/\/listings.mybikeplan.ch\/fr\/#website"},"primaryImageOfPage":{"@id":"https:\/\/listings.mybikeplan.ch\/fr\/produit\/giant-anthem-advanced-pro-29-3-red\/#primaryimage"},"image":{"@id":"https:\/\/listings.mybikeplan.ch\/fr\/produit\/giant-anthem-advanced-pro-29-3-red\/#primaryimage"},"thumbnailUrl":"https:\/\/listings.mybikeplan.ch\/wp-content\/uploads\/2024\/05\/Giant-Anthem-Advanced-PRO-29-3-1.png","datePublished":"2024-05-22T06:54:48+00:00","dateModified":"2024-05-22T06:54:53+00:00","description":"Commande le Giant Anthem Advanced Pro 29 3 Bike, avec des paiements mensuels et 0% d'int\u00e9r\u00eat et profite d'une livraison gratuite en Suisse.","breadcrumb":{"@id":"https:\/\/listings.mybikeplan.ch\/fr\/produit\/giant-anthem-advanced-pro-29-3-red\/#breadcrumb"},"inLanguage":"fr-FR","potentialAction":[{"@type":"ReadAction","target":["https:\/\/listings.mybikeplan.ch\/fr\/produit\/giant-anthem-advanced-pro-29-3-red\/"]}]},{"@type":"ImageObject","inLanguage":"fr-FR","@id":"https:\/\/listings.mybikeplan.ch\/fr\/produit\/giant-anthem-advanced-pro-29-3-red\/#primaryimage","url":"https:\/\/listings.mybikeplan.ch\/wp-content\/uploads\/2024\/05\/Giant-Anthem-Advanced-PRO-29-3-1.png","contentUrl":"https:\/\/listings.mybikeplan.ch\/wp-content\/uploads\/2024\/05\/Giant-Anthem-Advanced-PRO-29-3-1.png","width":3000,"height":3000},{"@type":"BreadcrumbList","@id":"https:\/\/listings.mybikeplan.ch\/fr\/produit\/giant-anthem-advanced-pro-29-3-red\/#breadcrumb","itemListElement":[{"@type":"ListItem","position":1,"name":"Home","item":"https:\/\/listings.mybikeplan.ch\/fr\/home\/"},{"@type":"ListItem","position":2,"name":"Giant Anthem Advanced Pro 29 3"}]},{"@type":"WebSite","@id":"https:\/\/listings.mybikeplan.ch\/fr\/#website","url":"https:\/\/listings.mybikeplan.ch\/fr\/","name":"MyBikePlan","description":"","potentialAction":[{"@type":"SearchAction","target":{"@type":"EntryPoint","urlTemplate":"https:\/\/listings.mybikeplan.ch\/fr\/?s={search_term_string}"},"query-input":{"@type":"PropertyValueSpecification","valueRequired":true,"valueName":"search_term_string"}}],"inLanguage":"fr-FR"}]}},"_links":{"self":[{"href":"https:\/\/listings.mybikeplan.ch\/fr\/wp-json\/wp\/v2\/product\/63890","targetHints":{"allow":["GET"]}}],"collection":[{"href":"https:\/\/listings.mybikeplan.ch\/fr\/wp-json\/wp\/v2\/product"}],"about":[{"href":"https:\/\/listings.mybikeplan.ch\/fr\/wp-json\/wp\/v2\/types\/product"}],"replies":[{"embeddable":true,"href":"https:\/\/listings.mybikeplan.ch\/fr\/wp-json\/wp\/v2\/comments?post=63890"}],"wp:featuredmedia":[{"embeddable":true,"href":"https:\/\/listings.mybikeplan.ch\/fr\/wp-json\/wp\/v2\/media\/63898"}],"wp:attachment":[{"href":"https:\/\/listings.mybikeplan.ch\/fr\/wp-json\/wp\/v2\/media?parent=63890"}],"wp:term":[{"taxonomy":"product_brand","embeddable":true,"href":"https:\/\/listings.mybikeplan.ch\/fr\/wp-json\/wp\/v2\/product_brand?post=63890"},{"taxonomy":"product_cat","embeddable":true,"href":"https:\/\/listings.mybikeplan.ch\/fr\/wp-json\/wp\/v2\/product_cat?post=63890"},{"taxonomy":"product_tag","embeddable":true,"href":"https:\/\/listings.mybikeplan.ch\/fr\/wp-json\/wp\/v2\/product_tag?post=63890"}],"curies":[{"name":"wp","href":"https:\/\/api.w.org\/{rel}","templated":true}]}}