{"id":61860,"date":"2024-04-25T06:58:24","date_gmt":"2024-04-25T06:58:18","guid":{"rendered":"https:\/\/listings.mybikeplan.ch\/?post_type=product&#038;p=61860"},"modified":"2024-04-25T12:34:20","modified_gmt":"2024-04-25T12:34:20","slug":"moustache-samedi-27-xroad-fs-6","status":"publish","type":"product","link":"https:\/\/listings.mybikeplan.ch\/fr\/produit\/moustache-samedi-27-xroad-fs-6\/","title":{"rendered":"Moustache Samedi 27 Xroad FS 6"},"content":{"rendered":"<h2><b>Les faits importants sur le Moustache Samedi 27 Xroad FS 6 :<\/b><\/h2>\n<div class=\"col-lg-6 col-12 specification ng-star-inserted expanded\">\n<ul>\n<li>Trekking E-Bike \u00e0 suspension int\u00e9grale<\/li>\n<li>Suspendu avec un d\u00e9battement de 100 mm<\/li>\n<li>Le m\u00e9lange parfait entre un v\u00e9lo \u00e9lectrique de ville et un E-MTB !<\/li>\n<\/ul>\n<\/div>\n<h2><b>Le Moustache Samedi 27 Xroad FS 6 est parfait pour toi si tu :<\/b><\/h2>\n<ul>\n<li aria-level=\"1\">Habites en ville ou dans une agglom\u00e9ration<\/li>\n<li aria-level=\"1\">Cherches un e-bike avec des composants de haute qualit\u00e9<\/li>\n<li aria-level=\"1\">Aimes faire de longues randonn\u00e9es<\/li>\n<\/ul>\n<h2><b>Recommandation de taille:<\/b><\/h2>\n<ul>\n<li>S = 154 &#8211; 169 cm<\/li>\n<li>M = 166 &#8211; 181 cm<\/li>\n<li>L = 178 &#8211; 193 cm<\/li>\n<li>XL = 190 &#8211; 205 cm<\/li>\n<\/ul>\n","protected":false},"excerpt":{"rendered":"<h2>Moustache Samedi 27 Xroad FS 6<\/h2>\n<div class=\"item col-md-4 col-sm-12\">\n<p>Avec son cadre full-suspension \u00e9quip\u00e9 d&rsquo;un amortisseur Moustache Magic Grip Control et d&rsquo;une fourche suspendue Mobie 25 avec 100 mm de d\u00e9battement chacun, le moteur Bosch Performance Line CX Smart System avec batterie PowerTube int\u00e9gr\u00e9e de 625 Wh et les pneus Hutchinson Python particuli\u00e8rement confortables, le Xroad FS 6 se conduit aussi confortablement qu&rsquo;un tapis volant et franchit les obstacles avec aisance ! Gr\u00e2ce \u00e0 ses accessoires pratiques, comme le porte-bagages compatible QL3 et MIK ainsi que les feux avant et arri\u00e8re lumineux ou le nouvel ordinateur de v\u00e9lo Bosch Kiox 300 connect\u00e9 \u00e0 ton application eBike Flow, le Xroad FS 6 est un v\u00e9ritable super-h\u00e9ros auquel personne ne peut r\u00e9sister !<\/p>\n<\/div>\n<h2><b>\u00c0 propos de Moustache<\/b><\/h2>\n<div class=\"pb-5 mt-5 \">\n<div class=\"container\">\n<div class=\"row align-items-center null\">\n<div class=\"col-12 col-lg-6\">\n<div class=\"row\">\n<div class=\"col-12 col-lg-9\">\n<div id=\"\" class=\"Typography_bodyLg__zXP4k text-secondary\">\n<div class=\"row\">\n<div class=\"col-12\">\n<div id=\"\" class=\"Typography_bodyLg__zXP4k \">\n<p>La voiture devrait rester au garage : telle est la devise de Moustache, que les concepteurs ont suivie \u00e0 la lettre. Moustache pense que les v\u00e9los \u00e9lectriques sont une chance incroyable pour tous. L&rsquo;utilisateur est au centre de toutes les r\u00e9flexions. Moustache a une mission, qui est de fabriquer des E-Bikes qui allient parfaitement design, confort et ergonomie, offrant ainsi une v\u00e9ritable valeur ajout\u00e9e.<\/p>\n<\/div>\n<\/div>\n<\/div>\n<\/div>\n<\/div>\n<\/div>\n<\/div>\n<\/div>\n<\/div>\n<\/div>\n","protected":false},"featured_media":61892,"comment_status":"open","ping_status":"closed","template":"","meta":{"_acf_changed":false},"product_brand":[],"product_cat":[10082,10157,10162,10184,10186,10462,10080,10173,10096],"product_tag":[],"class_list":{"0":"post-61860","1":"product","2":"type-product","3":"status-publish","4":"has-post-thumbnail","6":"product_cat-25-km","7":"product_cat-e-bikes","8":"product_cat-e-trekking","9":"product_cat-femmes","10":"product_cat-hommes","11":"product_cat-marque-moustache","12":"product_cat-mybikeplan","13":"product_cat-noir","14":"product_cat-alle-e-bikes","15":"pa_battery-bosch-powertube-625wh-vertikal-smart-system-fr","16":"pa_battery-size-625-wh","17":"pa_brakes-shimano-mt200-ou-alhonga-hj-472","18":"pa_brakes-front-shimano-180mm-ou-alhonga-180mm","19":"pa_brakes-rear-shimano-180mm-ou-alhonga-180mm","20":"pa_brand-moustache","21":"pa_filters-color-noir","22":"pa_fork-sr-suntour-mobie-25-precharge-du-ressort-reglable-et-fonction-lockout-debattement-de-100-mm","23":"pa_frame-mardi-open-6061-t4-t6-aluminium-fr","24":"pa_frame-variant-trapeze","25":"pa_gear-change-shimano-deore-fr","26":"pa_gears-11-gaenge-fr","27":"pa_handlebar-moustache-ergonomique-aluminium-680-mm-courbure-25-vers-larriere","28":"pa_hex-color-000000-fr","29":"pa_motor-bosch-performance-line-cx-250w-smart-system-85-nm-fr","30":"pa_motor-brand-bosch","31":"pa_motor-strength-85-nm-fr","32":"pa_pedals-pedales-a-plateforme-en-aluminium-avec-reflecteurs","33":"pa_range-jusqua-127-km-max","34":"pa_rider-height-155-160-cm","35":"pa_rider-height-160-165-cm","36":"pa_rider-height-165-170-cm","37":"pa_rider-height-170-175-cm","38":"pa_rider-height-175-180-cm","39":"pa_rider-height-180-185-cm","40":"pa_rider-height-185-190-cm","41":"pa_rider-height-190-195-cm","42":"pa_rider-height-195-200-cm","43":"pa_saddle-selle-royal-shadow-gel-fr","44":"pa_saddle-post-exa-900i-tige-de-selle-telescopique-avec-levier-a-distance-316-mm-75mm","45":"pa_seat-tube-length-l-fr","46":"pa_seat-tube-length-m-fr","47":"pa_seat-tube-length-s-fr","48":"pa_seat-tube-length-xl-fr","49":"pa_sizes-l-fr","50":"pa_sizes-m-fr","51":"pa_sizes-s-fr","52":"pa_sizes-xl-fr","53":"pa_speed-25-km-heure","54":"pa_suspension-travel-100mm-fr","55":"pa_tires-hutchinson-python-2-27-5x2-1-fr","56":"pa_weight-26-4kg-fr","57":"pa_wheel-size-27-5-fr","59":"first","60":"instock","61":"shipping-taxable","62":"purchasable","63":"product-type-variable"},"acf":[],"yoast_head":"<!-- This site is optimized with the Yoast SEO plugin v24.5 - https:\/\/yoast.com\/wordpress\/plugins\/seo\/ -->\n<title>Moustache Samedi 27 Xroad FS 6 | V\u00e9lo \u00e9lectrique | 0% d&#039;int\u00e9r\u00eat<\/title>\n<meta name=\"description\" content=\"Commande le Moustache Samedi 27 Xroad FS 6 E-Bike en mensualit\u00e9s avec 0% d&#039;int\u00e9r\u00eat et profite d&#039;une livraison gratuite partout en Suisse !\" \/>\n<meta name=\"robots\" content=\"noindex, follow, max-snippet:-1, max-image-preview:large, max-video-preview:-1\" \/>\n<meta property=\"og:locale\" content=\"fr_FR\" \/>\n<meta property=\"og:type\" content=\"article\" \/>\n<meta property=\"og:title\" content=\"Moustache Samedi 27 Xroad FS 6 | V\u00e9lo \u00e9lectrique | 0% d&#039;int\u00e9r\u00eat\" \/>\n<meta property=\"og:description\" content=\"Commande le Moustache Samedi 27 Xroad FS 6 E-Bike en mensualit\u00e9s avec 0% d&#039;int\u00e9r\u00eat et profite d&#039;une livraison gratuite partout en Suisse !\" \/>\n<meta property=\"og:url\" content=\"https:\/\/listings.mybikeplan.ch\/fr\/produit\/moustache-samedi-27-xroad-fs-6\/\" \/>\n<meta property=\"og:site_name\" content=\"MyBikePlan\" \/>\n<meta property=\"article:modified_time\" content=\"2024-04-25T12:34:20+00:00\" \/>\n<meta property=\"og:image\" content=\"https:\/\/listings.mybikeplan.ch\/wp-content\/uploads\/2024\/04\/Moustache-Samedi-27-Xroad-FS-6-scaled.jpg\" \/>\n\t<meta property=\"og:image:width\" content=\"2560\" \/>\n\t<meta property=\"og:image:height\" content=\"2560\" \/>\n\t<meta property=\"og:image:type\" content=\"image\/jpeg\" \/>\n<meta name=\"twitter:card\" content=\"summary_large_image\" \/>\n<script type=\"application\/ld+json\" class=\"yoast-schema-graph\">{\"@context\":\"https:\/\/schema.org\",\"@graph\":[{\"@type\":\"WebPage\",\"@id\":\"https:\/\/listings.mybikeplan.ch\/fr\/produit\/moustache-samedi-27-xroad-fs-6\/\",\"url\":\"https:\/\/listings.mybikeplan.ch\/fr\/produit\/moustache-samedi-27-xroad-fs-6\/\",\"name\":\"Moustache Samedi 27 Xroad FS 6 | V\u00e9lo \u00e9lectrique | 0% d'int\u00e9r\u00eat\",\"isPartOf\":{\"@id\":\"https:\/\/listings.mybikeplan.ch\/fr\/#website\"},\"primaryImageOfPage\":{\"@id\":\"https:\/\/listings.mybikeplan.ch\/fr\/produit\/moustache-samedi-27-xroad-fs-6\/#primaryimage\"},\"image\":{\"@id\":\"https:\/\/listings.mybikeplan.ch\/fr\/produit\/moustache-samedi-27-xroad-fs-6\/#primaryimage\"},\"thumbnailUrl\":\"https:\/\/listings.mybikeplan.ch\/wp-content\/uploads\/2024\/04\/Moustache-Samedi-27-Xroad-FS-6-scaled.jpg\",\"datePublished\":\"2024-04-25T06:58:18+00:00\",\"dateModified\":\"2024-04-25T12:34:20+00:00\",\"description\":\"Commande le Moustache Samedi 27 Xroad FS 6 E-Bike en mensualit\u00e9s avec 0% d'int\u00e9r\u00eat et profite d'une livraison gratuite partout en Suisse !\",\"breadcrumb\":{\"@id\":\"https:\/\/listings.mybikeplan.ch\/fr\/produit\/moustache-samedi-27-xroad-fs-6\/#breadcrumb\"},\"inLanguage\":\"fr-FR\",\"potentialAction\":[{\"@type\":\"ReadAction\",\"target\":[\"https:\/\/listings.mybikeplan.ch\/fr\/produit\/moustache-samedi-27-xroad-fs-6\/\"]}]},{\"@type\":\"ImageObject\",\"inLanguage\":\"fr-FR\",\"@id\":\"https:\/\/listings.mybikeplan.ch\/fr\/produit\/moustache-samedi-27-xroad-fs-6\/#primaryimage\",\"url\":\"https:\/\/listings.mybikeplan.ch\/wp-content\/uploads\/2024\/04\/Moustache-Samedi-27-Xroad-FS-6-scaled.jpg\",\"contentUrl\":\"https:\/\/listings.mybikeplan.ch\/wp-content\/uploads\/2024\/04\/Moustache-Samedi-27-Xroad-FS-6-scaled.jpg\",\"width\":2560,\"height\":2560},{\"@type\":\"BreadcrumbList\",\"@id\":\"https:\/\/listings.mybikeplan.ch\/fr\/produit\/moustache-samedi-27-xroad-fs-6\/#breadcrumb\",\"itemListElement\":[{\"@type\":\"ListItem\",\"position\":1,\"name\":\"Home\",\"item\":\"https:\/\/listings.mybikeplan.ch\/fr\/home\/\"},{\"@type\":\"ListItem\",\"position\":2,\"name\":\"Moustache Samedi 27 Xroad FS 6\"}]},{\"@type\":\"WebSite\",\"@id\":\"https:\/\/listings.mybikeplan.ch\/fr\/#website\",\"url\":\"https:\/\/listings.mybikeplan.ch\/fr\/\",\"name\":\"MyBikePlan\",\"description\":\"\",\"potentialAction\":[{\"@type\":\"SearchAction\",\"target\":{\"@type\":\"EntryPoint\",\"urlTemplate\":\"https:\/\/listings.mybikeplan.ch\/fr\/?s={search_term_string}\"},\"query-input\":{\"@type\":\"PropertyValueSpecification\",\"valueRequired\":true,\"valueName\":\"search_term_string\"}}],\"inLanguage\":\"fr-FR\"}]}<\/script>\n<!-- \/ Yoast SEO plugin. -->","yoast_head_json":{"title":"Moustache Samedi 27 Xroad FS 6 | V\u00e9lo \u00e9lectrique | 0% d'int\u00e9r\u00eat","description":"Commande le Moustache Samedi 27 Xroad FS 6 E-Bike en mensualit\u00e9s avec 0% d'int\u00e9r\u00eat et profite d'une livraison gratuite partout en Suisse !","robots":{"index":"noindex","follow":"follow","max-snippet":"max-snippet:-1","max-image-preview":"max-image-preview:large","max-video-preview":"max-video-preview:-1"},"og_locale":"fr_FR","og_type":"article","og_title":"Moustache Samedi 27 Xroad FS 6 | V\u00e9lo \u00e9lectrique | 0% d'int\u00e9r\u00eat","og_description":"Commande le Moustache Samedi 27 Xroad FS 6 E-Bike en mensualit\u00e9s avec 0% d'int\u00e9r\u00eat et profite d'une livraison gratuite partout en Suisse !","og_url":"https:\/\/listings.mybikeplan.ch\/fr\/produit\/moustache-samedi-27-xroad-fs-6\/","og_site_name":"MyBikePlan","article_modified_time":"2024-04-25T12:34:20+00:00","og_image":[{"width":2560,"height":2560,"url":"https:\/\/listings.mybikeplan.ch\/wp-content\/uploads\/2024\/04\/Moustache-Samedi-27-Xroad-FS-6-scaled.jpg","type":"image\/jpeg"}],"twitter_card":"summary_large_image","schema":{"@context":"https:\/\/schema.org","@graph":[{"@type":"WebPage","@id":"https:\/\/listings.mybikeplan.ch\/fr\/produit\/moustache-samedi-27-xroad-fs-6\/","url":"https:\/\/listings.mybikeplan.ch\/fr\/produit\/moustache-samedi-27-xroad-fs-6\/","name":"Moustache Samedi 27 Xroad FS 6 | V\u00e9lo \u00e9lectrique | 0% d'int\u00e9r\u00eat","isPartOf":{"@id":"https:\/\/listings.mybikeplan.ch\/fr\/#website"},"primaryImageOfPage":{"@id":"https:\/\/listings.mybikeplan.ch\/fr\/produit\/moustache-samedi-27-xroad-fs-6\/#primaryimage"},"image":{"@id":"https:\/\/listings.mybikeplan.ch\/fr\/produit\/moustache-samedi-27-xroad-fs-6\/#primaryimage"},"thumbnailUrl":"https:\/\/listings.mybikeplan.ch\/wp-content\/uploads\/2024\/04\/Moustache-Samedi-27-Xroad-FS-6-scaled.jpg","datePublished":"2024-04-25T06:58:18+00:00","dateModified":"2024-04-25T12:34:20+00:00","description":"Commande le Moustache Samedi 27 Xroad FS 6 E-Bike en mensualit\u00e9s avec 0% d'int\u00e9r\u00eat et profite d'une livraison gratuite partout en Suisse !","breadcrumb":{"@id":"https:\/\/listings.mybikeplan.ch\/fr\/produit\/moustache-samedi-27-xroad-fs-6\/#breadcrumb"},"inLanguage":"fr-FR","potentialAction":[{"@type":"ReadAction","target":["https:\/\/listings.mybikeplan.ch\/fr\/produit\/moustache-samedi-27-xroad-fs-6\/"]}]},{"@type":"ImageObject","inLanguage":"fr-FR","@id":"https:\/\/listings.mybikeplan.ch\/fr\/produit\/moustache-samedi-27-xroad-fs-6\/#primaryimage","url":"https:\/\/listings.mybikeplan.ch\/wp-content\/uploads\/2024\/04\/Moustache-Samedi-27-Xroad-FS-6-scaled.jpg","contentUrl":"https:\/\/listings.mybikeplan.ch\/wp-content\/uploads\/2024\/04\/Moustache-Samedi-27-Xroad-FS-6-scaled.jpg","width":2560,"height":2560},{"@type":"BreadcrumbList","@id":"https:\/\/listings.mybikeplan.ch\/fr\/produit\/moustache-samedi-27-xroad-fs-6\/#breadcrumb","itemListElement":[{"@type":"ListItem","position":1,"name":"Home","item":"https:\/\/listings.mybikeplan.ch\/fr\/home\/"},{"@type":"ListItem","position":2,"name":"Moustache Samedi 27 Xroad FS 6"}]},{"@type":"WebSite","@id":"https:\/\/listings.mybikeplan.ch\/fr\/#website","url":"https:\/\/listings.mybikeplan.ch\/fr\/","name":"MyBikePlan","description":"","potentialAction":[{"@type":"SearchAction","target":{"@type":"EntryPoint","urlTemplate":"https:\/\/listings.mybikeplan.ch\/fr\/?s={search_term_string}"},"query-input":{"@type":"PropertyValueSpecification","valueRequired":true,"valueName":"search_term_string"}}],"inLanguage":"fr-FR"}]}},"_links":{"self":[{"href":"https:\/\/listings.mybikeplan.ch\/fr\/wp-json\/wp\/v2\/product\/61860","targetHints":{"allow":["GET"]}}],"collection":[{"href":"https:\/\/listings.mybikeplan.ch\/fr\/wp-json\/wp\/v2\/product"}],"about":[{"href":"https:\/\/listings.mybikeplan.ch\/fr\/wp-json\/wp\/v2\/types\/product"}],"replies":[{"embeddable":true,"href":"https:\/\/listings.mybikeplan.ch\/fr\/wp-json\/wp\/v2\/comments?post=61860"}],"wp:featuredmedia":[{"embeddable":true,"href":"https:\/\/listings.mybikeplan.ch\/fr\/wp-json\/wp\/v2\/media\/61892"}],"wp:attachment":[{"href":"https:\/\/listings.mybikeplan.ch\/fr\/wp-json\/wp\/v2\/media?parent=61860"}],"wp:term":[{"taxonomy":"product_brand","embeddable":true,"href":"https:\/\/listings.mybikeplan.ch\/fr\/wp-json\/wp\/v2\/product_brand?post=61860"},{"taxonomy":"product_cat","embeddable":true,"href":"https:\/\/listings.mybikeplan.ch\/fr\/wp-json\/wp\/v2\/product_cat?post=61860"},{"taxonomy":"product_tag","embeddable":true,"href":"https:\/\/listings.mybikeplan.ch\/fr\/wp-json\/wp\/v2\/product_tag?post=61860"}],"curies":[{"name":"wp","href":"https:\/\/api.w.org\/{rel}","templated":true}]}}