{"id":61342,"date":"2024-04-11T12:51:47","date_gmt":"2024-04-11T12:51:55","guid":{"rendered":"https:\/\/listings.mybikeplan.ch\/?post_type=product&#038;p=61342"},"modified":"2024-10-25T13:45:47","modified_gmt":"2024-10-25T13:45:47","slug":"miloo-classy-infinite-by-nespresso-45km-black","status":"publish","type":"product","link":"https:\/\/listings.mybikeplan.ch\/fr\/produit\/miloo-classy-infinite-by-nespresso-45km-black\/","title":{"rendered":"Miloo Classy Infinite by Nespresso 45km\/h"},"content":{"rendered":"<h2>Les faits les plus importants sur le <b>Miloo By Nespresso <\/b>en un coup d&rsquo;\u0153il :<\/h2>\n<ul>\n<li style=\"font-weight: 400;\" aria-level=\"1\">Coop\u00e9ration entre Miloo et Nespresso<\/li>\n<li style=\"font-weight: 400;\" aria-level=\"1\">fabriqu\u00e9 \u00e0 partir de capsules de caf\u00e9 recycl\u00e9es<\/li>\n<li style=\"font-weight: 400;\" aria-level=\"1\">\u00e9dition limit\u00e9e<\/li>\n<\/ul>\n<h2>Le <b>Miloo By Nespresso <\/b>est parfait pour toi si tu :<\/h2>\n<ul>\n<li style=\"font-weight: 400;\" aria-level=\"1\">tu accordes de l&rsquo;importance \u00e0 la durabilit\u00e9<\/li>\n<li style=\"font-weight: 400;\" aria-level=\"1\">tu veux poss\u00e9der un v\u00e9lo \u00e9lectrique particulier<\/li>\n<\/ul>\n<h2>Taille recommand\u00e9e :<\/h2>\n<ul>\n<li>Unisize<\/li>\n<\/ul>\n","protected":false},"excerpt":{"rendered":"<h2><b>Miloo By Nespresso<\/b><\/h2>\n<p>Miloo et Nespresso ont pr\u00e9sent\u00e9 ensemble le Classy Infinite by Nespresso, un S-Pedelec (v\u00e9lo \u00e9lectrique de 45km\/h) fabriqu\u00e9 en partie avec l&rsquo;aluminium de 1&rsquo;344 capsules de caf\u00e9 recycl\u00e9es ! Les v\u00e9los Miloo Beast sont de v\u00e9ritables moyens de transport pour toute l&rsquo;ann\u00e9e. Et cette \u00e9dition limit\u00e9e \u00e0 220 exemplaires est aujourd&rsquo;hui en Suisse le mod\u00e8le le plus innovant pour une mobilit\u00e9 circulaire et durable.<\/p>\n<h2><b>\u00c0 propos de Miloo<\/b><\/h2>\n<p>L&rsquo;\u00e9quipe de Miloo s&rsquo;est fix\u00e9 un objectif ambitieux : ils veulent r\u00e9volutionner les d\u00e9placements pendulaires. Selon la devise : la vie est trop courte pour rester prisonnier des transports quotidiens ! L&rsquo;avenir de la mobilit\u00e9 urbaine, c&rsquo;est de te d\u00e9placer sur deux roues tout en \u00e9tant connect\u00e9, mobile, fort et s\u00fbr. Lorsque les Miloo BEAST ont \u00e9t\u00e9 con\u00e7us, l&rsquo;\u00e9quipe Miloo a gard\u00e9 tous ces points \u00e0 l&rsquo;esprit et a ajout\u00e9 un peu de style \u00e0 l&rsquo;ensemble. Il en r\u00e9sulte des v\u00e9los \u00e9lectriques uniques qui sont tes compagnons fiables dans la vie quotidienne en ville !<\/p>\n","protected":false},"featured_media":61361,"comment_status":"open","ping_status":"closed","template":"","meta":{"_acf_changed":false},"product_brand":[],"product_cat":[10083,10157,10163,10184,10186,10138,10080,10173,10190,10096,10188],"product_tag":[],"class_list":{"0":"post-61342","1":"product","2":"type-product","3":"status-publish","4":"has-post-thumbnail","6":"product_cat-45-km","7":"product_cat-e-bikes","8":"product_cat-e-urban","9":"product_cat-femmes","10":"product_cat-hommes","11":"product_cat-marque-miloo","12":"product_cat-mybikeplan","13":"product_cat-noir","14":"product_cat-swiss-made","15":"product_cat-alle-e-bikes","16":"product_cat-wave","17":"pa_battery-size-672-wh","18":"pa_brand-miloo","19":"pa_filters-color-noir","20":"pa_frame-variant-wave","21":"pa_gear-change-enviolo-automatiq-extreme-fr","22":"pa_hex-color-232323-fr","23":"pa_motor-brand-bafang","24":"pa_motor-strength-140-nm-fr","25":"pa_rider-height-165-170-cm","26":"pa_rider-height-170-175-cm","27":"pa_rider-height-175-180-cm","28":"pa_rider-height-180-185-cm","29":"pa_rider-height-185-190-cm","30":"pa_seat-tube-length-taille-des-pneus-27-5x3","31":"pa_suspension-travel-80-mm-fr","33":"first","34":"instock","35":"shipping-taxable","36":"purchasable","37":"product-type-variable"},"acf":[],"yoast_head":"<!-- This site is optimized with the Yoast SEO plugin v24.5 - https:\/\/yoast.com\/wordpress\/plugins\/seo\/ -->\n<title>Miloo Classy Infinite by Nespresso 45km\/h | E-Bike | 0 % d&#039;int\u00e9r\u00eat<\/title>\n<meta name=\"description\" content=\"Ach\u00e8te le Miloo Classy Infinite by Nespresso 45km\/h et rembourse-le facilement en versements mensuels avec 0% d&#039;int\u00e9r\u00eat ! Profites-en maintenant !\" \/>\n<meta name=\"robots\" content=\"noindex, follow, max-snippet:-1, max-image-preview:large, max-video-preview:-1\" \/>\n<meta property=\"og:locale\" content=\"fr_FR\" \/>\n<meta property=\"og:type\" content=\"article\" \/>\n<meta property=\"og:title\" content=\"Miloo Classy Infinite by Nespresso 45km\/h | E-Bike | 0 % d&#039;int\u00e9r\u00eat\" \/>\n<meta property=\"og:description\" content=\"Ach\u00e8te le Miloo Classy Infinite by Nespresso 45km\/h et rembourse-le facilement en versements mensuels avec 0% d&#039;int\u00e9r\u00eat ! Profites-en maintenant !\" \/>\n<meta property=\"og:url\" content=\"https:\/\/listings.mybikeplan.ch\/fr\/produit\/miloo-classy-infinite-by-nespresso-45km-black\/\" \/>\n<meta property=\"og:site_name\" content=\"MyBikePlan\" \/>\n<meta property=\"article:modified_time\" content=\"2024-10-25T13:45:47+00:00\" \/>\n<meta property=\"og:image\" content=\"https:\/\/listings.mybikeplan.ch\/wp-content\/uploads\/2024\/04\/nespressoblack2.jpg\" \/>\n\t<meta property=\"og:image:width\" content=\"1000\" \/>\n\t<meta property=\"og:image:height\" content=\"1000\" \/>\n\t<meta property=\"og:image:type\" content=\"image\/jpeg\" \/>\n<meta name=\"twitter:card\" content=\"summary_large_image\" \/>\n<meta name=\"twitter:label1\" content=\"Dur\u00e9e de lecture estim\u00e9e\" \/>\n\t<meta name=\"twitter:data1\" content=\"1 minute\" \/>\n<script type=\"application\/ld+json\" class=\"yoast-schema-graph\">{\"@context\":\"https:\/\/schema.org\",\"@graph\":[{\"@type\":\"WebPage\",\"@id\":\"https:\/\/listings.mybikeplan.ch\/fr\/produit\/miloo-classy-infinite-by-nespresso-45km-black\/\",\"url\":\"https:\/\/listings.mybikeplan.ch\/fr\/produit\/miloo-classy-infinite-by-nespresso-45km-black\/\",\"name\":\"Miloo Classy Infinite by Nespresso 45km\/h | E-Bike | 0 % d'int\u00e9r\u00eat\",\"isPartOf\":{\"@id\":\"https:\/\/listings.mybikeplan.ch\/fr\/#website\"},\"primaryImageOfPage\":{\"@id\":\"https:\/\/listings.mybikeplan.ch\/fr\/produit\/miloo-classy-infinite-by-nespresso-45km-black\/#primaryimage\"},\"image\":{\"@id\":\"https:\/\/listings.mybikeplan.ch\/fr\/produit\/miloo-classy-infinite-by-nespresso-45km-black\/#primaryimage\"},\"thumbnailUrl\":\"https:\/\/listings.mybikeplan.ch\/wp-content\/uploads\/2024\/04\/nespressoblack2.jpg\",\"datePublished\":\"2024-04-11T12:51:55+00:00\",\"dateModified\":\"2024-10-25T13:45:47+00:00\",\"description\":\"Ach\u00e8te le Miloo Classy Infinite by Nespresso 45km\/h et rembourse-le facilement en versements mensuels avec 0% d'int\u00e9r\u00eat ! Profites-en maintenant !\",\"breadcrumb\":{\"@id\":\"https:\/\/listings.mybikeplan.ch\/fr\/produit\/miloo-classy-infinite-by-nespresso-45km-black\/#breadcrumb\"},\"inLanguage\":\"fr-FR\",\"potentialAction\":[{\"@type\":\"ReadAction\",\"target\":[\"https:\/\/listings.mybikeplan.ch\/fr\/produit\/miloo-classy-infinite-by-nespresso-45km-black\/\"]}]},{\"@type\":\"ImageObject\",\"inLanguage\":\"fr-FR\",\"@id\":\"https:\/\/listings.mybikeplan.ch\/fr\/produit\/miloo-classy-infinite-by-nespresso-45km-black\/#primaryimage\",\"url\":\"https:\/\/listings.mybikeplan.ch\/wp-content\/uploads\/2024\/04\/nespressoblack2.jpg\",\"contentUrl\":\"https:\/\/listings.mybikeplan.ch\/wp-content\/uploads\/2024\/04\/nespressoblack2.jpg\",\"width\":1000,\"height\":1000},{\"@type\":\"BreadcrumbList\",\"@id\":\"https:\/\/listings.mybikeplan.ch\/fr\/produit\/miloo-classy-infinite-by-nespresso-45km-black\/#breadcrumb\",\"itemListElement\":[{\"@type\":\"ListItem\",\"position\":1,\"name\":\"Home\",\"item\":\"https:\/\/listings.mybikeplan.ch\/fr\/home\/\"},{\"@type\":\"ListItem\",\"position\":2,\"name\":\"Miloo Classy Infinite by Nespresso 45km\/h\"}]},{\"@type\":\"WebSite\",\"@id\":\"https:\/\/listings.mybikeplan.ch\/fr\/#website\",\"url\":\"https:\/\/listings.mybikeplan.ch\/fr\/\",\"name\":\"MyBikePlan\",\"description\":\"\",\"potentialAction\":[{\"@type\":\"SearchAction\",\"target\":{\"@type\":\"EntryPoint\",\"urlTemplate\":\"https:\/\/listings.mybikeplan.ch\/fr\/?s={search_term_string}\"},\"query-input\":{\"@type\":\"PropertyValueSpecification\",\"valueRequired\":true,\"valueName\":\"search_term_string\"}}],\"inLanguage\":\"fr-FR\"}]}<\/script>\n<!-- \/ Yoast SEO plugin. -->","yoast_head_json":{"title":"Miloo Classy Infinite by Nespresso 45km\/h | E-Bike | 0 % d'int\u00e9r\u00eat","description":"Ach\u00e8te le Miloo Classy Infinite by Nespresso 45km\/h et rembourse-le facilement en versements mensuels avec 0% d'int\u00e9r\u00eat ! Profites-en maintenant !","robots":{"index":"noindex","follow":"follow","max-snippet":"max-snippet:-1","max-image-preview":"max-image-preview:large","max-video-preview":"max-video-preview:-1"},"og_locale":"fr_FR","og_type":"article","og_title":"Miloo Classy Infinite by Nespresso 45km\/h | E-Bike | 0 % d'int\u00e9r\u00eat","og_description":"Ach\u00e8te le Miloo Classy Infinite by Nespresso 45km\/h et rembourse-le facilement en versements mensuels avec 0% d'int\u00e9r\u00eat ! Profites-en maintenant !","og_url":"https:\/\/listings.mybikeplan.ch\/fr\/produit\/miloo-classy-infinite-by-nespresso-45km-black\/","og_site_name":"MyBikePlan","article_modified_time":"2024-10-25T13:45:47+00:00","og_image":[{"width":1000,"height":1000,"url":"https:\/\/listings.mybikeplan.ch\/wp-content\/uploads\/2024\/04\/nespressoblack2.jpg","type":"image\/jpeg"}],"twitter_card":"summary_large_image","twitter_misc":{"Dur\u00e9e de lecture estim\u00e9e":"1 minute"},"schema":{"@context":"https:\/\/schema.org","@graph":[{"@type":"WebPage","@id":"https:\/\/listings.mybikeplan.ch\/fr\/produit\/miloo-classy-infinite-by-nespresso-45km-black\/","url":"https:\/\/listings.mybikeplan.ch\/fr\/produit\/miloo-classy-infinite-by-nespresso-45km-black\/","name":"Miloo Classy Infinite by Nespresso 45km\/h | E-Bike | 0 % d'int\u00e9r\u00eat","isPartOf":{"@id":"https:\/\/listings.mybikeplan.ch\/fr\/#website"},"primaryImageOfPage":{"@id":"https:\/\/listings.mybikeplan.ch\/fr\/produit\/miloo-classy-infinite-by-nespresso-45km-black\/#primaryimage"},"image":{"@id":"https:\/\/listings.mybikeplan.ch\/fr\/produit\/miloo-classy-infinite-by-nespresso-45km-black\/#primaryimage"},"thumbnailUrl":"https:\/\/listings.mybikeplan.ch\/wp-content\/uploads\/2024\/04\/nespressoblack2.jpg","datePublished":"2024-04-11T12:51:55+00:00","dateModified":"2024-10-25T13:45:47+00:00","description":"Ach\u00e8te le Miloo Classy Infinite by Nespresso 45km\/h et rembourse-le facilement en versements mensuels avec 0% d'int\u00e9r\u00eat ! Profites-en maintenant !","breadcrumb":{"@id":"https:\/\/listings.mybikeplan.ch\/fr\/produit\/miloo-classy-infinite-by-nespresso-45km-black\/#breadcrumb"},"inLanguage":"fr-FR","potentialAction":[{"@type":"ReadAction","target":["https:\/\/listings.mybikeplan.ch\/fr\/produit\/miloo-classy-infinite-by-nespresso-45km-black\/"]}]},{"@type":"ImageObject","inLanguage":"fr-FR","@id":"https:\/\/listings.mybikeplan.ch\/fr\/produit\/miloo-classy-infinite-by-nespresso-45km-black\/#primaryimage","url":"https:\/\/listings.mybikeplan.ch\/wp-content\/uploads\/2024\/04\/nespressoblack2.jpg","contentUrl":"https:\/\/listings.mybikeplan.ch\/wp-content\/uploads\/2024\/04\/nespressoblack2.jpg","width":1000,"height":1000},{"@type":"BreadcrumbList","@id":"https:\/\/listings.mybikeplan.ch\/fr\/produit\/miloo-classy-infinite-by-nespresso-45km-black\/#breadcrumb","itemListElement":[{"@type":"ListItem","position":1,"name":"Home","item":"https:\/\/listings.mybikeplan.ch\/fr\/home\/"},{"@type":"ListItem","position":2,"name":"Miloo Classy Infinite by Nespresso 45km\/h"}]},{"@type":"WebSite","@id":"https:\/\/listings.mybikeplan.ch\/fr\/#website","url":"https:\/\/listings.mybikeplan.ch\/fr\/","name":"MyBikePlan","description":"","potentialAction":[{"@type":"SearchAction","target":{"@type":"EntryPoint","urlTemplate":"https:\/\/listings.mybikeplan.ch\/fr\/?s={search_term_string}"},"query-input":{"@type":"PropertyValueSpecification","valueRequired":true,"valueName":"search_term_string"}}],"inLanguage":"fr-FR"}]}},"_links":{"self":[{"href":"https:\/\/listings.mybikeplan.ch\/fr\/wp-json\/wp\/v2\/product\/61342","targetHints":{"allow":["GET"]}}],"collection":[{"href":"https:\/\/listings.mybikeplan.ch\/fr\/wp-json\/wp\/v2\/product"}],"about":[{"href":"https:\/\/listings.mybikeplan.ch\/fr\/wp-json\/wp\/v2\/types\/product"}],"replies":[{"embeddable":true,"href":"https:\/\/listings.mybikeplan.ch\/fr\/wp-json\/wp\/v2\/comments?post=61342"}],"wp:featuredmedia":[{"embeddable":true,"href":"https:\/\/listings.mybikeplan.ch\/fr\/wp-json\/wp\/v2\/media\/61361"}],"wp:attachment":[{"href":"https:\/\/listings.mybikeplan.ch\/fr\/wp-json\/wp\/v2\/media?parent=61342"}],"wp:term":[{"taxonomy":"product_brand","embeddable":true,"href":"https:\/\/listings.mybikeplan.ch\/fr\/wp-json\/wp\/v2\/product_brand?post=61342"},{"taxonomy":"product_cat","embeddable":true,"href":"https:\/\/listings.mybikeplan.ch\/fr\/wp-json\/wp\/v2\/product_cat?post=61342"},{"taxonomy":"product_tag","embeddable":true,"href":"https:\/\/listings.mybikeplan.ch\/fr\/wp-json\/wp\/v2\/product_tag?post=61342"}],"curies":[{"name":"wp","href":"https:\/\/api.w.org\/{rel}","templated":true}]}}