{"id":61194,"date":"2024-04-16T09:24:38","date_gmt":"2024-04-10T14:55:26","guid":{"rendered":"https:\/\/listings.mybikeplan.ch\/?post_type=product&#038;p=61194"},"modified":"2025-02-14T14:27:46","modified_gmt":"2025-02-14T14:27:46","slug":"miloo-cargo-beast-45-dark-grey","status":"publish","type":"product","link":"https:\/\/listings.mybikeplan.ch\/fr\/produit\/miloo-cargo-beast-45-dark-grey\/","title":{"rendered":"Miloo Cargo Beast 45 km\/h"},"content":{"rendered":"<h2>Les faits les plus importants sur le <b>Miloo Cargo Beast <\/b>en un coup d&rsquo;\u0153il :<\/h2>\n<ul>\n<li style=\"font-weight: 400;\" aria-level=\"1\">V\u00e9lo de transport avec des vitesses maximales allant jusqu&rsquo;\u00e0 45 km\/h<\/li>\n<li style=\"font-weight: 400;\" aria-level=\"1\">Poids total autoris\u00e9 jusqu&rsquo;\u00e0 200 kg !<\/li>\n<li style=\"font-weight: 400;\" aria-level=\"1\">Parfait pour le quotidien de la famille en ville<\/li>\n<\/ul>\n<h2>Le <b>Miloo Cargo Beast <\/b>est parfait pour toi si tu :<\/h2>\n<ul>\n<li style=\"font-weight: 400;\" aria-level=\"1\">tu vis en ville<\/li>\n<li style=\"font-weight: 400;\" aria-level=\"1\">tu veux rendre ton quotidien plus \u00e9cologique ou m\u00eame renoncer \u00e0 la voiture<\/li>\n<li style=\"font-weight: 400;\" aria-level=\"1\">tu veux transporter tes enfants et tes courses \u00e0 v\u00e9lo \u00e9lectrique<\/li>\n<\/ul>\n<h2>Taille recommand\u00e9e :<\/h2>\n<ul>\n<li>Unisize<\/li>\n<\/ul>\n","protected":false},"excerpt":{"rendered":"<h2><b>Miloo Cargo Beast<\/b><\/h2>\n<p>Avec un poids total autoris\u00e9 en charge de 200 kg, le Cargo Beast est la raison que tu attendais pour remplacer ta voiture. Il te permet de transporter deux enfants plus des courses ou m\u00eame une poussette, et d&rsquo;atteindre des vitesses allant jusqu&rsquo;\u00e0 45 km\/h. Il est \u00e9galement \u00e9quip\u00e9 d&rsquo;un syst\u00e8me de freinage automatique.<\/p>\n<h2><b>\u00c0 propos de Miloo<\/b><\/h2>\n<p>L&rsquo;\u00e9quipe de Miloo s&rsquo;est fix\u00e9 un objectif ambitieux : ils veulent r\u00e9volutionner les d\u00e9placements pendulaires. Selon la devise : la vie est trop courte pour rester prisonnier des transports quotidiens ! L&rsquo;avenir de la mobilit\u00e9 urbaine, c&rsquo;est de te d\u00e9placer sur deux roues tout en \u00e9tant connect\u00e9, mobile, fort et s\u00fbr. Lorsque les Miloo BEAST ont \u00e9t\u00e9 con\u00e7us, l&rsquo;\u00e9quipe Miloo a gard\u00e9 tous ces points \u00e0 l&rsquo;esprit et a ajout\u00e9 un peu de style \u00e0 l&rsquo;ensemble. Il en r\u00e9sulte des v\u00e9los \u00e9lectriques uniques qui sont tes compagnons fiables dans la vie quotidienne en ville !<\/p>\n","protected":false},"featured_media":61243,"comment_status":"open","ping_status":"closed","template":"","meta":{"_acf_changed":false},"product_brand":[],"product_cat":[10083,10158,10157,10163,10184,10168,10192,10186,10138,10080,10173,10190,10096,10188],"product_tag":[],"class_list":{"0":"post-61194","1":"product","2":"type-product","3":"status-publish","4":"has-post-thumbnail","6":"product_cat-45-km","7":"product_cat-cargo-e-bikes","8":"product_cat-e-bikes","9":"product_cat-e-urban","10":"product_cat-femmes","11":"product_cat-gris","12":"product_cat-homepage","13":"product_cat-hommes","14":"product_cat-marque-miloo","15":"product_cat-mybikeplan","16":"product_cat-noir","17":"product_cat-swiss-made","18":"product_cat-alle-e-bikes","19":"product_cat-wave","20":"pa_battery-size-672-wh","21":"pa_brakes-freins-a-disque-hydrauliques-avec-huile-minerale-non-corrosive","22":"pa_brand-miloo","23":"pa_fork-normal-fr","24":"pa_frame-variant-wave","25":"pa_hex-color-313437-fr","26":"pa_max-weight-200-kg","27":"pa_motor-bafang-85-nm-fr","28":"pa_motor-brand-bafang","29":"pa_motor-strength-85-nm-fr","30":"pa_rider-height-165-170-cm","31":"pa_rider-height-170-175-cm","32":"pa_rider-height-175-180-cm","33":"pa_rider-height-180-185-cm","34":"pa_rider-height-185-190-cm","35":"pa_seat-tube-length-taille-des-pneus-24x4","37":"first","38":"instock","39":"shipping-taxable","40":"purchasable","41":"product-type-variable"},"acf":[],"yoast_head":"<!-- This site is optimized with the Yoast SEO plugin v24.5 - https:\/\/yoast.com\/wordpress\/plugins\/seo\/ -->\n<title>Miloo Cargo Beast | E-Bike | 0 % d&#039;int\u00e9r\u00eat<\/title>\n<meta name=\"description\" content=\"Ach\u00e8te le Miloo Cargo Beast et rembourse-le facilement en versements mensuels avec 0% d&#039;int\u00e9r\u00eat ! Profites-en maintenant !\" \/>\n<meta name=\"robots\" content=\"noindex, follow, max-snippet:-1, max-image-preview:large, max-video-preview:-1\" \/>\n<meta property=\"og:locale\" content=\"fr_FR\" \/>\n<meta property=\"og:type\" content=\"article\" \/>\n<meta property=\"og:title\" content=\"Miloo Cargo Beast | E-Bike | 0 % d&#039;int\u00e9r\u00eat\" \/>\n<meta property=\"og:description\" content=\"Ach\u00e8te le Miloo Cargo Beast et rembourse-le facilement en versements mensuels avec 0% d&#039;int\u00e9r\u00eat ! Profites-en maintenant !\" \/>\n<meta property=\"og:url\" content=\"https:\/\/listings.mybikeplan.ch\/fr\/produit\/miloo-cargo-beast-45-dark-grey\/\" \/>\n<meta property=\"og:site_name\" content=\"MyBikePlan\" \/>\n<meta property=\"article:modified_time\" content=\"2025-02-14T14:27:46+00:00\" \/>\n<meta property=\"og:image\" content=\"https:\/\/listings.mybikeplan.ch\/wp-content\/uploads\/2024\/04\/Milo-Cargo-Beast-1.jpg\" \/>\n\t<meta property=\"og:image:width\" content=\"1000\" \/>\n\t<meta property=\"og:image:height\" content=\"1000\" \/>\n\t<meta property=\"og:image:type\" content=\"image\/jpeg\" \/>\n<meta name=\"twitter:card\" content=\"summary_large_image\" \/>\n<meta name=\"twitter:label1\" content=\"Dur\u00e9e de lecture estim\u00e9e\" \/>\n\t<meta name=\"twitter:data1\" content=\"1 minute\" \/>\n<script type=\"application\/ld+json\" class=\"yoast-schema-graph\">{\"@context\":\"https:\/\/schema.org\",\"@graph\":[{\"@type\":\"WebPage\",\"@id\":\"https:\/\/listings.mybikeplan.ch\/fr\/produit\/miloo-cargo-beast-45-dark-grey\/\",\"url\":\"https:\/\/listings.mybikeplan.ch\/fr\/produit\/miloo-cargo-beast-45-dark-grey\/\",\"name\":\"Miloo Cargo Beast | E-Bike | 0 % d'int\u00e9r\u00eat\",\"isPartOf\":{\"@id\":\"https:\/\/listings.mybikeplan.ch\/fr\/#website\"},\"primaryImageOfPage\":{\"@id\":\"https:\/\/listings.mybikeplan.ch\/fr\/produit\/miloo-cargo-beast-45-dark-grey\/#primaryimage\"},\"image\":{\"@id\":\"https:\/\/listings.mybikeplan.ch\/fr\/produit\/miloo-cargo-beast-45-dark-grey\/#primaryimage\"},\"thumbnailUrl\":\"https:\/\/listings.mybikeplan.ch\/wp-content\/uploads\/2024\/04\/Milo-Cargo-Beast-1.jpg\",\"datePublished\":\"2024-04-10T14:55:26+00:00\",\"dateModified\":\"2025-02-14T14:27:46+00:00\",\"description\":\"Ach\u00e8te le Miloo Cargo Beast et rembourse-le facilement en versements mensuels avec 0% d'int\u00e9r\u00eat ! Profites-en maintenant !\",\"breadcrumb\":{\"@id\":\"https:\/\/listings.mybikeplan.ch\/fr\/produit\/miloo-cargo-beast-45-dark-grey\/#breadcrumb\"},\"inLanguage\":\"fr-FR\",\"potentialAction\":[{\"@type\":\"ReadAction\",\"target\":[\"https:\/\/listings.mybikeplan.ch\/fr\/produit\/miloo-cargo-beast-45-dark-grey\/\"]}]},{\"@type\":\"ImageObject\",\"inLanguage\":\"fr-FR\",\"@id\":\"https:\/\/listings.mybikeplan.ch\/fr\/produit\/miloo-cargo-beast-45-dark-grey\/#primaryimage\",\"url\":\"https:\/\/listings.mybikeplan.ch\/wp-content\/uploads\/2024\/04\/Milo-Cargo-Beast-1.jpg\",\"contentUrl\":\"https:\/\/listings.mybikeplan.ch\/wp-content\/uploads\/2024\/04\/Milo-Cargo-Beast-1.jpg\",\"width\":1000,\"height\":1000},{\"@type\":\"BreadcrumbList\",\"@id\":\"https:\/\/listings.mybikeplan.ch\/fr\/produit\/miloo-cargo-beast-45-dark-grey\/#breadcrumb\",\"itemListElement\":[{\"@type\":\"ListItem\",\"position\":1,\"name\":\"Home\",\"item\":\"https:\/\/listings.mybikeplan.ch\/fr\/home\/\"},{\"@type\":\"ListItem\",\"position\":2,\"name\":\"Miloo Cargo Beast 45 km\/h\"}]},{\"@type\":\"WebSite\",\"@id\":\"https:\/\/listings.mybikeplan.ch\/fr\/#website\",\"url\":\"https:\/\/listings.mybikeplan.ch\/fr\/\",\"name\":\"MyBikePlan\",\"description\":\"\",\"potentialAction\":[{\"@type\":\"SearchAction\",\"target\":{\"@type\":\"EntryPoint\",\"urlTemplate\":\"https:\/\/listings.mybikeplan.ch\/fr\/?s={search_term_string}\"},\"query-input\":{\"@type\":\"PropertyValueSpecification\",\"valueRequired\":true,\"valueName\":\"search_term_string\"}}],\"inLanguage\":\"fr-FR\"}]}<\/script>\n<!-- \/ Yoast SEO plugin. -->","yoast_head_json":{"title":"Miloo Cargo Beast | E-Bike | 0 % d'int\u00e9r\u00eat","description":"Ach\u00e8te le Miloo Cargo Beast et rembourse-le facilement en versements mensuels avec 0% d'int\u00e9r\u00eat ! Profites-en maintenant !","robots":{"index":"noindex","follow":"follow","max-snippet":"max-snippet:-1","max-image-preview":"max-image-preview:large","max-video-preview":"max-video-preview:-1"},"og_locale":"fr_FR","og_type":"article","og_title":"Miloo Cargo Beast | E-Bike | 0 % d'int\u00e9r\u00eat","og_description":"Ach\u00e8te le Miloo Cargo Beast et rembourse-le facilement en versements mensuels avec 0% d'int\u00e9r\u00eat ! Profites-en maintenant !","og_url":"https:\/\/listings.mybikeplan.ch\/fr\/produit\/miloo-cargo-beast-45-dark-grey\/","og_site_name":"MyBikePlan","article_modified_time":"2025-02-14T14:27:46+00:00","og_image":[{"width":1000,"height":1000,"url":"https:\/\/listings.mybikeplan.ch\/wp-content\/uploads\/2024\/04\/Milo-Cargo-Beast-1.jpg","type":"image\/jpeg"}],"twitter_card":"summary_large_image","twitter_misc":{"Dur\u00e9e de lecture estim\u00e9e":"1 minute"},"schema":{"@context":"https:\/\/schema.org","@graph":[{"@type":"WebPage","@id":"https:\/\/listings.mybikeplan.ch\/fr\/produit\/miloo-cargo-beast-45-dark-grey\/","url":"https:\/\/listings.mybikeplan.ch\/fr\/produit\/miloo-cargo-beast-45-dark-grey\/","name":"Miloo Cargo Beast | E-Bike | 0 % d'int\u00e9r\u00eat","isPartOf":{"@id":"https:\/\/listings.mybikeplan.ch\/fr\/#website"},"primaryImageOfPage":{"@id":"https:\/\/listings.mybikeplan.ch\/fr\/produit\/miloo-cargo-beast-45-dark-grey\/#primaryimage"},"image":{"@id":"https:\/\/listings.mybikeplan.ch\/fr\/produit\/miloo-cargo-beast-45-dark-grey\/#primaryimage"},"thumbnailUrl":"https:\/\/listings.mybikeplan.ch\/wp-content\/uploads\/2024\/04\/Milo-Cargo-Beast-1.jpg","datePublished":"2024-04-10T14:55:26+00:00","dateModified":"2025-02-14T14:27:46+00:00","description":"Ach\u00e8te le Miloo Cargo Beast et rembourse-le facilement en versements mensuels avec 0% d'int\u00e9r\u00eat ! Profites-en maintenant !","breadcrumb":{"@id":"https:\/\/listings.mybikeplan.ch\/fr\/produit\/miloo-cargo-beast-45-dark-grey\/#breadcrumb"},"inLanguage":"fr-FR","potentialAction":[{"@type":"ReadAction","target":["https:\/\/listings.mybikeplan.ch\/fr\/produit\/miloo-cargo-beast-45-dark-grey\/"]}]},{"@type":"ImageObject","inLanguage":"fr-FR","@id":"https:\/\/listings.mybikeplan.ch\/fr\/produit\/miloo-cargo-beast-45-dark-grey\/#primaryimage","url":"https:\/\/listings.mybikeplan.ch\/wp-content\/uploads\/2024\/04\/Milo-Cargo-Beast-1.jpg","contentUrl":"https:\/\/listings.mybikeplan.ch\/wp-content\/uploads\/2024\/04\/Milo-Cargo-Beast-1.jpg","width":1000,"height":1000},{"@type":"BreadcrumbList","@id":"https:\/\/listings.mybikeplan.ch\/fr\/produit\/miloo-cargo-beast-45-dark-grey\/#breadcrumb","itemListElement":[{"@type":"ListItem","position":1,"name":"Home","item":"https:\/\/listings.mybikeplan.ch\/fr\/home\/"},{"@type":"ListItem","position":2,"name":"Miloo Cargo Beast 45 km\/h"}]},{"@type":"WebSite","@id":"https:\/\/listings.mybikeplan.ch\/fr\/#website","url":"https:\/\/listings.mybikeplan.ch\/fr\/","name":"MyBikePlan","description":"","potentialAction":[{"@type":"SearchAction","target":{"@type":"EntryPoint","urlTemplate":"https:\/\/listings.mybikeplan.ch\/fr\/?s={search_term_string}"},"query-input":{"@type":"PropertyValueSpecification","valueRequired":true,"valueName":"search_term_string"}}],"inLanguage":"fr-FR"}]}},"_links":{"self":[{"href":"https:\/\/listings.mybikeplan.ch\/fr\/wp-json\/wp\/v2\/product\/61194","targetHints":{"allow":["GET"]}}],"collection":[{"href":"https:\/\/listings.mybikeplan.ch\/fr\/wp-json\/wp\/v2\/product"}],"about":[{"href":"https:\/\/listings.mybikeplan.ch\/fr\/wp-json\/wp\/v2\/types\/product"}],"replies":[{"embeddable":true,"href":"https:\/\/listings.mybikeplan.ch\/fr\/wp-json\/wp\/v2\/comments?post=61194"}],"wp:featuredmedia":[{"embeddable":true,"href":"https:\/\/listings.mybikeplan.ch\/fr\/wp-json\/wp\/v2\/media\/61243"}],"wp:attachment":[{"href":"https:\/\/listings.mybikeplan.ch\/fr\/wp-json\/wp\/v2\/media?parent=61194"}],"wp:term":[{"taxonomy":"product_brand","embeddable":true,"href":"https:\/\/listings.mybikeplan.ch\/fr\/wp-json\/wp\/v2\/product_brand?post=61194"},{"taxonomy":"product_cat","embeddable":true,"href":"https:\/\/listings.mybikeplan.ch\/fr\/wp-json\/wp\/v2\/product_cat?post=61194"},{"taxonomy":"product_tag","embeddable":true,"href":"https:\/\/listings.mybikeplan.ch\/fr\/wp-json\/wp\/v2\/product_tag?post=61194"}],"curies":[{"name":"wp","href":"https:\/\/api.w.org\/{rel}","templated":true}]}}