{"id":59527,"date":"2024-03-06T13:39:24","date_gmt":"2024-03-06T13:39:33","guid":{"rendered":"https:\/\/listings.mybikeplan.ch\/?post_type=product&#038;p=59527"},"modified":"2024-10-23T11:36:38","modified_gmt":"2024-10-23T11:36:38","slug":"hnf-nicolai-ud3-all-terrain-pro-red","status":"publish","type":"product","link":"https:\/\/listings.mybikeplan.ch\/fr\/produit\/hnf-nicolai-ud3-all-terrain-pro-red\/","title":{"rendered":"HNF Nicolai UD3 All-Terrain Pro"},"content":{"rendered":"<h2><b>Les faits importants sur le HNF Nicolai UD3 All-Terrain Pro :<\/b><\/h2>\n<div class=\"col-lg-6 col-12 specification ng-star-inserted expanded\">\n<ul>\n<li>V\u00e9lo \u00e9lectrique de randonn\u00e9e<\/li>\n<li>Moteur Bosch Performance CX : le plus puissant de BOSCH avec un couple de 85 nm !<\/li>\n<li>Transmission \u00e0 variation continue sans cha\u00eene<\/li>\n<\/ul>\n<\/div>\n<h2><b>Le HNF Nicolai UD3 All-Terrain Pro est parfait pour toi si tu :<\/b><\/h2>\n<ul>\n<li aria-level=\"1\">cherches un v\u00e9lo \u00e9lectrique n\u00e9cessitant tr\u00e8s peu d&rsquo;entretien<\/li>\n<li aria-level=\"1\">veux changer de vitesse en continu dans toutes les situations<\/li>\n<li aria-level=\"1\">tu appr\u00e9cies un v\u00e9lo \u00e9lectrique \u00e0 longue dur\u00e9e de vie<\/li>\n<\/ul>\n<h2><b>Recommandation de taille:<\/b><\/h2>\n<ul>\n<li>S \/ M = &lt; 170 cm<\/li>\n<li>L \/ XL = &gt; 170 cm<\/li>\n<\/ul>\n","protected":false},"excerpt":{"rendered":"<h2>HNF Nicolai UD3 All-Terrain Pro<\/h2>\n<div class=\"item col-md-4 col-sm-12\">\n<p>L&rsquo;UD3 est un v\u00e9lo bas robuste et puissant de premi\u00e8re classe. Avec ses courroies en carbone, il ne n\u00e9cessite pratiquement aucun entretien &#8211; et est techniquement \u00e0 jour gr\u00e2ce au moteur BOSCH le plus puissant de tous les temps et \u00e0 la transmission \u00e0 variation continue au lieu du changement de vitesse.<\/p>\n<p>Le UD3 offre un confort maximal et une s\u00e9curit\u00e9 exceptionnelle avec un entretien minimal. Changement de vitesse en continu dans toutes les situations de conduite &#8211; m\u00eame en charge ou \u00e0 l&rsquo;arr\u00eat. Le UD3 est ainsi l&rsquo;un des v\u00e9los \u00e9lectriques les plus durables, n\u00e9cessitant le moins d&rsquo;entretien et dont la valeur est la plus stable.<\/p>\n<\/div>\n<h2><b>\u00c0 propos de HNF Nicolai<\/b><\/h2>\n<div class=\"pb-5 mt-5 \">\n<div class=\"container\">\n<div class=\"row align-items-center null\">\n<div class=\"col-12 col-lg-6\">\n<div class=\"row\">\n<div class=\"col-12 col-lg-9\">\n<div id=\"\" class=\"Typography_bodyLg__zXP4k text-secondary\">\n<div class=\"row\">\n<div class=\"col-12\">\n<div id=\"\" class=\"Typography_bodyLg__zXP4k \">\n<p>Depuis 2015, HNF Nicolai fabrique des v\u00e9los \u00e9lectriques de la plus haute qualit\u00e9. Aujourd&rsquo;hui, HNF est devenu synonyme de v\u00e9hicules de haute qualit\u00e9 avec des concepts de propulsion innovants et un design sup\u00e9rieur dans le segment premium. La gamme de produits s&rsquo;\u00e9tend des v\u00e9los \u00e9lectriques de ville et des v\u00e9los \u00e9lectriques tout-terrain aux v\u00e9hicules de transport. Les v\u00e9los \u00e9lectriques HNF Nicolai sont fabriqu\u00e9s en Europe selon les normes les plus strictes et sont accompagn\u00e9s de contr\u00f4les minutieux dans l&rsquo;usine allemande.<\/p>\n<\/div>\n<\/div>\n<\/div>\n<\/div>\n<\/div>\n<\/div>\n<\/div>\n<\/div>\n<\/div>\n<\/div>\n","protected":false},"featured_media":59558,"comment_status":"open","ping_status":"closed","template":"","meta":{"_acf_changed":false},"product_brand":[],"product_cat":[10082,10432,10435,10157,10162,10184,10438,10440,10124,10080,10171,10531,10096,10534,10188,10537],"product_tag":[],"class_list":{"0":"post-59527","1":"product","2":"type-product","3":"status-publish","4":"has-post-thumbnail","6":"product_cat-25-km","7":"product_cat-axpo-250","8":"product_cat-css-250","9":"product_cat-e-bikes","10":"product_cat-e-trekking","11":"product_cat-femmes","12":"product_cat-gleason-250","13":"product_cat-grape-250","14":"product_cat-marque-hnf-nicolai","15":"product_cat-mybikeplan","16":"product_cat-rouge","17":"product_cat-tcs-250","18":"product_cat-alle-e-bikes","19":"product_cat-valora-250","20":"product_cat-wave","21":"product_cat-zurich-250","22":"pa_battery-bosch-powertube-625-wh-fr","23":"pa_battery-size-625-wh","24":"pa_brakes-front-magura-vr-mt5-203mm-hr-mt4-180mm-fr","25":"pa_brakes-rear-magura-vr-mt5-203mm-hr-mt4-180mm-fr","26":"pa_brand-hnf-nicolai","27":"pa_filters-color-rouge","28":"pa_fork-rockshox-recon-rl-silver-29-sa100-mm-ext-air-29-100-mm-fr","29":"pa_frame-variant-wave","30":"pa_gear-change-transmission-a-variation-continue-sans-chaine","31":"pa_hex-color-f30425-fr","32":"pa_max-weight-150-kg","33":"pa_motor-bosch-performance-cx-motor-fr","34":"pa_motor-strength-85-nm-fr","35":"pa_rider-height-160-165-cm","36":"pa_rider-height-165-170-cm","37":"pa_rider-height-170-175-cm","38":"pa_rider-height-175-180-cm","39":"pa_rider-height-180-185-cm","40":"pa_rider-height-185-190-cm","41":"pa_seat-tube-length-l-xl-fr","42":"pa_seat-tube-length-s-m-fr","43":"pa_sizes-l-xl-fr","44":"pa_sizes-s-m-fr","45":"pa_speed-25-km-heure","46":"pa_suspension-travel-100mm-fr","47":"pa_weight-ca-29-kg-fr","49":"first","50":"instock","51":"shipping-taxable","52":"purchasable","53":"product-type-variable"},"acf":[],"yoast_head":"<!-- This site is optimized with the Yoast SEO plugin v24.5 - https:\/\/yoast.com\/wordpress\/plugins\/seo\/ -->\n<title>HNF Nicolai UD3 All-Terrain Pro | E-Bike suisse | 0% d&#039;int\u00e9r\u00eat<\/title>\n<meta name=\"description\" content=\"Commande le HNF Nicolai UD3 All-Terrain Pro v\u00e9lo \u00e9lectrique et profite d&#039;une livraison gratuite en Suisse.\" \/>\n<meta name=\"robots\" content=\"noindex, follow, max-snippet:-1, max-image-preview:large, max-video-preview:-1\" \/>\n<meta property=\"og:locale\" content=\"fr_FR\" \/>\n<meta property=\"og:type\" content=\"article\" \/>\n<meta property=\"og:title\" content=\"HNF Nicolai UD3 All-Terrain Pro | E-Bike suisse | 0% d&#039;int\u00e9r\u00eat\" \/>\n<meta property=\"og:description\" content=\"Commande le HNF Nicolai UD3 All-Terrain Pro v\u00e9lo \u00e9lectrique et profite d&#039;une livraison gratuite en Suisse.\" \/>\n<meta property=\"og:url\" content=\"https:\/\/listings.mybikeplan.ch\/fr\/produit\/hnf-nicolai-ud3-all-terrain-pro-red\/\" \/>\n<meta property=\"og:site_name\" content=\"MyBikePlan\" \/>\n<meta property=\"article:modified_time\" content=\"2024-10-23T11:36:38+00:00\" \/>\n<meta property=\"og:image\" content=\"https:\/\/listings.mybikeplan.ch\/wp-content\/uploads\/2024\/03\/HNF-Nicolai-UD3-All-Terrain-Pro.jpg\" \/>\n\t<meta property=\"og:image:width\" content=\"1000\" \/>\n\t<meta property=\"og:image:height\" content=\"1000\" \/>\n\t<meta property=\"og:image:type\" content=\"image\/jpeg\" \/>\n<meta name=\"twitter:card\" content=\"summary_large_image\" \/>\n<script type=\"application\/ld+json\" class=\"yoast-schema-graph\">{\"@context\":\"https:\/\/schema.org\",\"@graph\":[{\"@type\":\"WebPage\",\"@id\":\"https:\/\/listings.mybikeplan.ch\/fr\/produit\/hnf-nicolai-ud3-all-terrain-pro-red\/\",\"url\":\"https:\/\/listings.mybikeplan.ch\/fr\/produit\/hnf-nicolai-ud3-all-terrain-pro-red\/\",\"name\":\"HNF Nicolai UD3 All-Terrain Pro | E-Bike suisse | 0% d'int\u00e9r\u00eat\",\"isPartOf\":{\"@id\":\"https:\/\/listings.mybikeplan.ch\/fr\/#website\"},\"primaryImageOfPage\":{\"@id\":\"https:\/\/listings.mybikeplan.ch\/fr\/produit\/hnf-nicolai-ud3-all-terrain-pro-red\/#primaryimage\"},\"image\":{\"@id\":\"https:\/\/listings.mybikeplan.ch\/fr\/produit\/hnf-nicolai-ud3-all-terrain-pro-red\/#primaryimage\"},\"thumbnailUrl\":\"https:\/\/listings.mybikeplan.ch\/wp-content\/uploads\/2024\/03\/HNF-Nicolai-UD3-All-Terrain-Pro.jpg\",\"datePublished\":\"2024-03-06T13:39:33+00:00\",\"dateModified\":\"2024-10-23T11:36:38+00:00\",\"description\":\"Commande le HNF Nicolai UD3 All-Terrain Pro v\u00e9lo \u00e9lectrique et profite d'une livraison gratuite en Suisse.\",\"breadcrumb\":{\"@id\":\"https:\/\/listings.mybikeplan.ch\/fr\/produit\/hnf-nicolai-ud3-all-terrain-pro-red\/#breadcrumb\"},\"inLanguage\":\"fr-FR\",\"potentialAction\":[{\"@type\":\"ReadAction\",\"target\":[\"https:\/\/listings.mybikeplan.ch\/fr\/produit\/hnf-nicolai-ud3-all-terrain-pro-red\/\"]}]},{\"@type\":\"ImageObject\",\"inLanguage\":\"fr-FR\",\"@id\":\"https:\/\/listings.mybikeplan.ch\/fr\/produit\/hnf-nicolai-ud3-all-terrain-pro-red\/#primaryimage\",\"url\":\"https:\/\/listings.mybikeplan.ch\/wp-content\/uploads\/2024\/03\/HNF-Nicolai-UD3-All-Terrain-Pro.jpg\",\"contentUrl\":\"https:\/\/listings.mybikeplan.ch\/wp-content\/uploads\/2024\/03\/HNF-Nicolai-UD3-All-Terrain-Pro.jpg\",\"width\":1000,\"height\":1000},{\"@type\":\"BreadcrumbList\",\"@id\":\"https:\/\/listings.mybikeplan.ch\/fr\/produit\/hnf-nicolai-ud3-all-terrain-pro-red\/#breadcrumb\",\"itemListElement\":[{\"@type\":\"ListItem\",\"position\":1,\"name\":\"Home\",\"item\":\"https:\/\/listings.mybikeplan.ch\/fr\/home\/\"},{\"@type\":\"ListItem\",\"position\":2,\"name\":\"HNF Nicolai UD3 All-Terrain Pro\"}]},{\"@type\":\"WebSite\",\"@id\":\"https:\/\/listings.mybikeplan.ch\/fr\/#website\",\"url\":\"https:\/\/listings.mybikeplan.ch\/fr\/\",\"name\":\"MyBikePlan\",\"description\":\"\",\"potentialAction\":[{\"@type\":\"SearchAction\",\"target\":{\"@type\":\"EntryPoint\",\"urlTemplate\":\"https:\/\/listings.mybikeplan.ch\/fr\/?s={search_term_string}\"},\"query-input\":{\"@type\":\"PropertyValueSpecification\",\"valueRequired\":true,\"valueName\":\"search_term_string\"}}],\"inLanguage\":\"fr-FR\"}]}<\/script>\n<!-- \/ Yoast SEO plugin. -->","yoast_head_json":{"title":"HNF Nicolai UD3 All-Terrain Pro | E-Bike suisse | 0% d'int\u00e9r\u00eat","description":"Commande le HNF Nicolai UD3 All-Terrain Pro v\u00e9lo \u00e9lectrique et profite d'une livraison gratuite en Suisse.","robots":{"index":"noindex","follow":"follow","max-snippet":"max-snippet:-1","max-image-preview":"max-image-preview:large","max-video-preview":"max-video-preview:-1"},"og_locale":"fr_FR","og_type":"article","og_title":"HNF Nicolai UD3 All-Terrain Pro | E-Bike suisse | 0% d'int\u00e9r\u00eat","og_description":"Commande le HNF Nicolai UD3 All-Terrain Pro v\u00e9lo \u00e9lectrique et profite d'une livraison gratuite en Suisse.","og_url":"https:\/\/listings.mybikeplan.ch\/fr\/produit\/hnf-nicolai-ud3-all-terrain-pro-red\/","og_site_name":"MyBikePlan","article_modified_time":"2024-10-23T11:36:38+00:00","og_image":[{"width":1000,"height":1000,"url":"https:\/\/listings.mybikeplan.ch\/wp-content\/uploads\/2024\/03\/HNF-Nicolai-UD3-All-Terrain-Pro.jpg","type":"image\/jpeg"}],"twitter_card":"summary_large_image","schema":{"@context":"https:\/\/schema.org","@graph":[{"@type":"WebPage","@id":"https:\/\/listings.mybikeplan.ch\/fr\/produit\/hnf-nicolai-ud3-all-terrain-pro-red\/","url":"https:\/\/listings.mybikeplan.ch\/fr\/produit\/hnf-nicolai-ud3-all-terrain-pro-red\/","name":"HNF Nicolai UD3 All-Terrain Pro | E-Bike suisse | 0% d'int\u00e9r\u00eat","isPartOf":{"@id":"https:\/\/listings.mybikeplan.ch\/fr\/#website"},"primaryImageOfPage":{"@id":"https:\/\/listings.mybikeplan.ch\/fr\/produit\/hnf-nicolai-ud3-all-terrain-pro-red\/#primaryimage"},"image":{"@id":"https:\/\/listings.mybikeplan.ch\/fr\/produit\/hnf-nicolai-ud3-all-terrain-pro-red\/#primaryimage"},"thumbnailUrl":"https:\/\/listings.mybikeplan.ch\/wp-content\/uploads\/2024\/03\/HNF-Nicolai-UD3-All-Terrain-Pro.jpg","datePublished":"2024-03-06T13:39:33+00:00","dateModified":"2024-10-23T11:36:38+00:00","description":"Commande le HNF Nicolai UD3 All-Terrain Pro v\u00e9lo \u00e9lectrique et profite d'une livraison gratuite en Suisse.","breadcrumb":{"@id":"https:\/\/listings.mybikeplan.ch\/fr\/produit\/hnf-nicolai-ud3-all-terrain-pro-red\/#breadcrumb"},"inLanguage":"fr-FR","potentialAction":[{"@type":"ReadAction","target":["https:\/\/listings.mybikeplan.ch\/fr\/produit\/hnf-nicolai-ud3-all-terrain-pro-red\/"]}]},{"@type":"ImageObject","inLanguage":"fr-FR","@id":"https:\/\/listings.mybikeplan.ch\/fr\/produit\/hnf-nicolai-ud3-all-terrain-pro-red\/#primaryimage","url":"https:\/\/listings.mybikeplan.ch\/wp-content\/uploads\/2024\/03\/HNF-Nicolai-UD3-All-Terrain-Pro.jpg","contentUrl":"https:\/\/listings.mybikeplan.ch\/wp-content\/uploads\/2024\/03\/HNF-Nicolai-UD3-All-Terrain-Pro.jpg","width":1000,"height":1000},{"@type":"BreadcrumbList","@id":"https:\/\/listings.mybikeplan.ch\/fr\/produit\/hnf-nicolai-ud3-all-terrain-pro-red\/#breadcrumb","itemListElement":[{"@type":"ListItem","position":1,"name":"Home","item":"https:\/\/listings.mybikeplan.ch\/fr\/home\/"},{"@type":"ListItem","position":2,"name":"HNF Nicolai UD3 All-Terrain Pro"}]},{"@type":"WebSite","@id":"https:\/\/listings.mybikeplan.ch\/fr\/#website","url":"https:\/\/listings.mybikeplan.ch\/fr\/","name":"MyBikePlan","description":"","potentialAction":[{"@type":"SearchAction","target":{"@type":"EntryPoint","urlTemplate":"https:\/\/listings.mybikeplan.ch\/fr\/?s={search_term_string}"},"query-input":{"@type":"PropertyValueSpecification","valueRequired":true,"valueName":"search_term_string"}}],"inLanguage":"fr-FR"}]}},"_links":{"self":[{"href":"https:\/\/listings.mybikeplan.ch\/fr\/wp-json\/wp\/v2\/product\/59527","targetHints":{"allow":["GET"]}}],"collection":[{"href":"https:\/\/listings.mybikeplan.ch\/fr\/wp-json\/wp\/v2\/product"}],"about":[{"href":"https:\/\/listings.mybikeplan.ch\/fr\/wp-json\/wp\/v2\/types\/product"}],"replies":[{"embeddable":true,"href":"https:\/\/listings.mybikeplan.ch\/fr\/wp-json\/wp\/v2\/comments?post=59527"}],"wp:featuredmedia":[{"embeddable":true,"href":"https:\/\/listings.mybikeplan.ch\/fr\/wp-json\/wp\/v2\/media\/59558"}],"wp:attachment":[{"href":"https:\/\/listings.mybikeplan.ch\/fr\/wp-json\/wp\/v2\/media?parent=59527"}],"wp:term":[{"taxonomy":"product_brand","embeddable":true,"href":"https:\/\/listings.mybikeplan.ch\/fr\/wp-json\/wp\/v2\/product_brand?post=59527"},{"taxonomy":"product_cat","embeddable":true,"href":"https:\/\/listings.mybikeplan.ch\/fr\/wp-json\/wp\/v2\/product_cat?post=59527"},{"taxonomy":"product_tag","embeddable":true,"href":"https:\/\/listings.mybikeplan.ch\/fr\/wp-json\/wp\/v2\/product_tag?post=59527"}],"curies":[{"name":"wp","href":"https:\/\/api.w.org\/{rel}","templated":true}]}}