{"id":59479,"date":"2024-03-06T13:20:19","date_gmt":"2024-03-06T13:20:26","guid":{"rendered":"https:\/\/listings.mybikeplan.ch\/?post_type=product&#038;p=59479"},"modified":"2024-03-07T14:08:36","modified_gmt":"2024-03-07T14:08:36","slug":"hnf-nicolai-xd3-adventure-black","status":"publish","type":"product","link":"https:\/\/listings.mybikeplan.ch\/fr\/produit\/hnf-nicolai-xd3-adventure-black\/","title":{"rendered":"HNF Nicolai XD3 Adventure"},"content":{"rendered":"<h2><b>Les faits importants sur le HNF Nicolai XD3 Adventure :<\/b><\/h2>\n<div class=\"col-lg-6 col-12 specification ng-star-inserted expanded\">\n<ul>\n<li>V\u00e9lo \u00e9lectrique de randonn\u00e9e avec roues tout-terrain<\/li>\n<li>Moteur Bosch Performance CX : le plus puissant de BOSCH avec un couple de 85 nm !<\/li>\n<li>Adh\u00e9rence parfaite, m\u00eame sur les terrains accident\u00e9s<\/li>\n<\/ul>\n<\/div>\n<h2><b>Le HNF Nicolai XD3 Adventure est parfait pour toi si tu :<\/b><\/h2>\n<ul>\n<li aria-level=\"1\">tu parcours moins de 2000 km par an<\/li>\n<li aria-level=\"1\">tu pr\u00e9f\u00e8res une transmission classique par cha\u00eene<\/li>\n<li aria-level=\"1\">tu aimes faire du v\u00e9lo tout-terrain<\/li>\n<\/ul>\n<h2><b>Recommandation de taille:<\/b><\/h2>\n<ul>\n<li>S \/ M = &lt; 170 cm<\/li>\n<li>L \/ XL = &gt; 170 cm<\/li>\n<\/ul>\n","protected":false},"excerpt":{"rendered":"<h2>HNF Nicolai XD3 Adventure<\/h2>\n<div class=\"item col-md-4 col-sm-12\">\n<p>Tu parcours moins de 2000 km par an ou tu pr\u00e9f\u00e8res la transmission par cha\u00eene classique ? La variante tout-terrain de l&rsquo;UD3 combine le puissant moteur Bosch Performance CX Gen4 avec un d\u00e9railleur dynamique SunRace \u00e0 12 vitesses pour des changements de vitesse rapides. Avec l&rsquo;\u00e9clairage Supernova MINI 2, des garde-boue et un porte-bagages solide, le UD3 Adventure est parfaitement \u00e9quip\u00e9 pour le quotidien.<\/p>\n<p>Le d\u00e9railleur de haute pr\u00e9cision de SunRace offre 12 vitesses parfaitement adapt\u00e9es \u00e0 chaque situation de conduite.<\/p>\n<p>Les pneus WTB Intersector \u00e0 gros crampons offrent une adh\u00e9rence parfaite, m\u00eame dans les bois et les champs.<\/p>\n<p>Des mat\u00e9riaux de haute qualit\u00e9, un cadre stable, une valeur stable. L&rsquo;UD3 est un e-bike pour la vie dans le meilleur sens du terme.<\/p>\n<\/div>\n<h2><b>\u00c0 propos de HNF Nicolai<\/b><\/h2>\n<div class=\"pb-5 mt-5 \">\n<div class=\"container\">\n<div class=\"row align-items-center null\">\n<div class=\"col-12 col-lg-6\">\n<div class=\"row\">\n<div class=\"col-12 col-lg-9\">\n<div id=\"\" class=\"Typography_bodyLg__zXP4k text-secondary\">\n<div class=\"row\">\n<div class=\"col-12\">\n<div id=\"\" class=\"Typography_bodyLg__zXP4k \">\n<p>Depuis 2015, HNF Nicolai fabrique des v\u00e9los \u00e9lectriques de la plus haute qualit\u00e9. Aujourd&rsquo;hui, HNF est devenu synonyme de v\u00e9hicules de haute qualit\u00e9 avec des concepts de propulsion innovants et un design sup\u00e9rieur dans le segment premium. La gamme de produits s&rsquo;\u00e9tend des v\u00e9los \u00e9lectriques de ville et des v\u00e9los \u00e9lectriques tout-terrain aux v\u00e9hicules de transport. Les v\u00e9los \u00e9lectriques HNF Nicolai sont fabriqu\u00e9s en Europe selon les normes les plus strictes et sont accompagn\u00e9s de contr\u00f4les minutieux dans l&rsquo;usine allemande.<\/p>\n<\/div>\n<\/div>\n<\/div>\n<\/div>\n<\/div>\n<\/div>\n<\/div>\n<\/div>\n<\/div>\n<\/div>\n","protected":false},"featured_media":59510,"comment_status":"open","ping_status":"closed","template":"","meta":{"_acf_changed":false},"product_brand":[],"product_cat":[10082,10185,10157,10162,10184,10124,10080,10173,10096],"product_tag":[],"class_list":{"0":"post-59479","1":"product","2":"type-product","3":"status-publish","4":"has-post-thumbnail","6":"product_cat-25-km","7":"product_cat-diamant","8":"product_cat-e-bikes","9":"product_cat-e-trekking","10":"product_cat-femmes","11":"product_cat-marque-hnf-nicolai","12":"product_cat-mybikeplan","13":"product_cat-noir","14":"product_cat-alle-e-bikes","15":"pa_battery-bosch-powertube-625-wh-fr","16":"pa_battery-size-625-wh","17":"pa_brakes-front-magura-vr-mt5-203mm-hr-mt4-180mm-fr","18":"pa_brakes-rear-magura-vr-mt5-203mm-hr-mt4-180mm-fr","19":"pa_brand-hnf-nicolai","20":"pa_filters-color-noir","21":"pa_fork-uding-100mm-fr","22":"pa_frame-variant-diamant","23":"pa_gear-change-sunrace-rdmz600-12x-fr","24":"pa_gears-12-gaenge-fr","25":"pa_hex-color-000000-fr","26":"pa_max-weight-150-kg","27":"pa_motor-bosch-performance-cx-motor-fr","28":"pa_motor-strength-85-nm-fr","29":"pa_rider-height-160-165-cm","30":"pa_rider-height-165-170-cm","31":"pa_rider-height-170-175-cm","32":"pa_rider-height-175-180-cm","33":"pa_rider-height-180-185-cm","34":"pa_rider-height-185-190-cm","35":"pa_seat-tube-length-l-xl-fr","36":"pa_seat-tube-length-s-m-fr","37":"pa_sizes-l-xl-fr","38":"pa_sizes-s-m-fr","39":"pa_speed-25-km-heure","40":"pa_suspension-travel-100mm-fr","41":"pa_weight-ca-29-kg-fr","43":"first","44":"instock","45":"shipping-taxable","46":"purchasable","47":"product-type-variable"},"acf":[],"yoast_head":"<!-- This site is optimized with the Yoast SEO plugin v24.5 - https:\/\/yoast.com\/wordpress\/plugins\/seo\/ -->\n<title>HNF Nicolai XD3 Adventure | V\u00e9lo \u00e9lectrique | 0% d&#039;int\u00e9r\u00eat<\/title>\n<meta name=\"description\" content=\"Commande le HNF Nicolai XD3 Adventure v\u00e9lo \u00e9lectrique et profite d&#039;une livraison gratuite en Suisse.\" \/>\n<meta name=\"robots\" content=\"noindex, follow, max-snippet:-1, max-image-preview:large, max-video-preview:-1\" \/>\n<meta property=\"og:locale\" content=\"fr_FR\" \/>\n<meta property=\"og:type\" content=\"article\" \/>\n<meta property=\"og:title\" content=\"HNF Nicolai XD3 Adventure | V\u00e9lo \u00e9lectrique | 0% d&#039;int\u00e9r\u00eat\" \/>\n<meta property=\"og:description\" content=\"Commande le HNF Nicolai XD3 Adventure v\u00e9lo \u00e9lectrique et profite d&#039;une livraison gratuite en Suisse.\" \/>\n<meta property=\"og:url\" content=\"https:\/\/listings.mybikeplan.ch\/fr\/produit\/hnf-nicolai-xd3-adventure-black\/\" \/>\n<meta property=\"og:site_name\" content=\"MyBikePlan\" \/>\n<meta property=\"article:modified_time\" content=\"2024-03-07T14:08:36+00:00\" \/>\n<meta property=\"og:image\" content=\"https:\/\/listings.mybikeplan.ch\/wp-content\/uploads\/2024\/03\/HNF-Nicolai-XD3-Adventure.jpg\" \/>\n\t<meta property=\"og:image:width\" content=\"1000\" \/>\n\t<meta property=\"og:image:height\" content=\"1000\" \/>\n\t<meta property=\"og:image:type\" content=\"image\/jpeg\" \/>\n<meta name=\"twitter:card\" content=\"summary_large_image\" \/>\n<script type=\"application\/ld+json\" class=\"yoast-schema-graph\">{\"@context\":\"https:\/\/schema.org\",\"@graph\":[{\"@type\":\"WebPage\",\"@id\":\"https:\/\/listings.mybikeplan.ch\/fr\/produit\/hnf-nicolai-xd3-adventure-black\/\",\"url\":\"https:\/\/listings.mybikeplan.ch\/fr\/produit\/hnf-nicolai-xd3-adventure-black\/\",\"name\":\"HNF Nicolai XD3 Adventure | V\u00e9lo \u00e9lectrique | 0% d'int\u00e9r\u00eat\",\"isPartOf\":{\"@id\":\"https:\/\/listings.mybikeplan.ch\/fr\/#website\"},\"primaryImageOfPage\":{\"@id\":\"https:\/\/listings.mybikeplan.ch\/fr\/produit\/hnf-nicolai-xd3-adventure-black\/#primaryimage\"},\"image\":{\"@id\":\"https:\/\/listings.mybikeplan.ch\/fr\/produit\/hnf-nicolai-xd3-adventure-black\/#primaryimage\"},\"thumbnailUrl\":\"https:\/\/listings.mybikeplan.ch\/wp-content\/uploads\/2024\/03\/HNF-Nicolai-XD3-Adventure.jpg\",\"datePublished\":\"2024-03-06T13:20:26+00:00\",\"dateModified\":\"2024-03-07T14:08:36+00:00\",\"description\":\"Commande le HNF Nicolai XD3 Adventure v\u00e9lo \u00e9lectrique et profite d'une livraison gratuite en Suisse.\",\"breadcrumb\":{\"@id\":\"https:\/\/listings.mybikeplan.ch\/fr\/produit\/hnf-nicolai-xd3-adventure-black\/#breadcrumb\"},\"inLanguage\":\"fr-FR\",\"potentialAction\":[{\"@type\":\"ReadAction\",\"target\":[\"https:\/\/listings.mybikeplan.ch\/fr\/produit\/hnf-nicolai-xd3-adventure-black\/\"]}]},{\"@type\":\"ImageObject\",\"inLanguage\":\"fr-FR\",\"@id\":\"https:\/\/listings.mybikeplan.ch\/fr\/produit\/hnf-nicolai-xd3-adventure-black\/#primaryimage\",\"url\":\"https:\/\/listings.mybikeplan.ch\/wp-content\/uploads\/2024\/03\/HNF-Nicolai-XD3-Adventure.jpg\",\"contentUrl\":\"https:\/\/listings.mybikeplan.ch\/wp-content\/uploads\/2024\/03\/HNF-Nicolai-XD3-Adventure.jpg\",\"width\":1000,\"height\":1000},{\"@type\":\"BreadcrumbList\",\"@id\":\"https:\/\/listings.mybikeplan.ch\/fr\/produit\/hnf-nicolai-xd3-adventure-black\/#breadcrumb\",\"itemListElement\":[{\"@type\":\"ListItem\",\"position\":1,\"name\":\"Home\",\"item\":\"https:\/\/listings.mybikeplan.ch\/fr\/home\/\"},{\"@type\":\"ListItem\",\"position\":2,\"name\":\"HNF Nicolai XD3 Adventure\"}]},{\"@type\":\"WebSite\",\"@id\":\"https:\/\/listings.mybikeplan.ch\/fr\/#website\",\"url\":\"https:\/\/listings.mybikeplan.ch\/fr\/\",\"name\":\"MyBikePlan\",\"description\":\"\",\"potentialAction\":[{\"@type\":\"SearchAction\",\"target\":{\"@type\":\"EntryPoint\",\"urlTemplate\":\"https:\/\/listings.mybikeplan.ch\/fr\/?s={search_term_string}\"},\"query-input\":{\"@type\":\"PropertyValueSpecification\",\"valueRequired\":true,\"valueName\":\"search_term_string\"}}],\"inLanguage\":\"fr-FR\"}]}<\/script>\n<!-- \/ Yoast SEO plugin. -->","yoast_head_json":{"title":"HNF Nicolai XD3 Adventure | V\u00e9lo \u00e9lectrique | 0% d'int\u00e9r\u00eat","description":"Commande le HNF Nicolai XD3 Adventure v\u00e9lo \u00e9lectrique et profite d'une livraison gratuite en Suisse.","robots":{"index":"noindex","follow":"follow","max-snippet":"max-snippet:-1","max-image-preview":"max-image-preview:large","max-video-preview":"max-video-preview:-1"},"og_locale":"fr_FR","og_type":"article","og_title":"HNF Nicolai XD3 Adventure | V\u00e9lo \u00e9lectrique | 0% d'int\u00e9r\u00eat","og_description":"Commande le HNF Nicolai XD3 Adventure v\u00e9lo \u00e9lectrique et profite d'une livraison gratuite en Suisse.","og_url":"https:\/\/listings.mybikeplan.ch\/fr\/produit\/hnf-nicolai-xd3-adventure-black\/","og_site_name":"MyBikePlan","article_modified_time":"2024-03-07T14:08:36+00:00","og_image":[{"width":1000,"height":1000,"url":"https:\/\/listings.mybikeplan.ch\/wp-content\/uploads\/2024\/03\/HNF-Nicolai-XD3-Adventure.jpg","type":"image\/jpeg"}],"twitter_card":"summary_large_image","schema":{"@context":"https:\/\/schema.org","@graph":[{"@type":"WebPage","@id":"https:\/\/listings.mybikeplan.ch\/fr\/produit\/hnf-nicolai-xd3-adventure-black\/","url":"https:\/\/listings.mybikeplan.ch\/fr\/produit\/hnf-nicolai-xd3-adventure-black\/","name":"HNF Nicolai XD3 Adventure | V\u00e9lo \u00e9lectrique | 0% d'int\u00e9r\u00eat","isPartOf":{"@id":"https:\/\/listings.mybikeplan.ch\/fr\/#website"},"primaryImageOfPage":{"@id":"https:\/\/listings.mybikeplan.ch\/fr\/produit\/hnf-nicolai-xd3-adventure-black\/#primaryimage"},"image":{"@id":"https:\/\/listings.mybikeplan.ch\/fr\/produit\/hnf-nicolai-xd3-adventure-black\/#primaryimage"},"thumbnailUrl":"https:\/\/listings.mybikeplan.ch\/wp-content\/uploads\/2024\/03\/HNF-Nicolai-XD3-Adventure.jpg","datePublished":"2024-03-06T13:20:26+00:00","dateModified":"2024-03-07T14:08:36+00:00","description":"Commande le HNF Nicolai XD3 Adventure v\u00e9lo \u00e9lectrique et profite d'une livraison gratuite en Suisse.","breadcrumb":{"@id":"https:\/\/listings.mybikeplan.ch\/fr\/produit\/hnf-nicolai-xd3-adventure-black\/#breadcrumb"},"inLanguage":"fr-FR","potentialAction":[{"@type":"ReadAction","target":["https:\/\/listings.mybikeplan.ch\/fr\/produit\/hnf-nicolai-xd3-adventure-black\/"]}]},{"@type":"ImageObject","inLanguage":"fr-FR","@id":"https:\/\/listings.mybikeplan.ch\/fr\/produit\/hnf-nicolai-xd3-adventure-black\/#primaryimage","url":"https:\/\/listings.mybikeplan.ch\/wp-content\/uploads\/2024\/03\/HNF-Nicolai-XD3-Adventure.jpg","contentUrl":"https:\/\/listings.mybikeplan.ch\/wp-content\/uploads\/2024\/03\/HNF-Nicolai-XD3-Adventure.jpg","width":1000,"height":1000},{"@type":"BreadcrumbList","@id":"https:\/\/listings.mybikeplan.ch\/fr\/produit\/hnf-nicolai-xd3-adventure-black\/#breadcrumb","itemListElement":[{"@type":"ListItem","position":1,"name":"Home","item":"https:\/\/listings.mybikeplan.ch\/fr\/home\/"},{"@type":"ListItem","position":2,"name":"HNF Nicolai XD3 Adventure"}]},{"@type":"WebSite","@id":"https:\/\/listings.mybikeplan.ch\/fr\/#website","url":"https:\/\/listings.mybikeplan.ch\/fr\/","name":"MyBikePlan","description":"","potentialAction":[{"@type":"SearchAction","target":{"@type":"EntryPoint","urlTemplate":"https:\/\/listings.mybikeplan.ch\/fr\/?s={search_term_string}"},"query-input":{"@type":"PropertyValueSpecification","valueRequired":true,"valueName":"search_term_string"}}],"inLanguage":"fr-FR"}]}},"_links":{"self":[{"href":"https:\/\/listings.mybikeplan.ch\/fr\/wp-json\/wp\/v2\/product\/59479","targetHints":{"allow":["GET"]}}],"collection":[{"href":"https:\/\/listings.mybikeplan.ch\/fr\/wp-json\/wp\/v2\/product"}],"about":[{"href":"https:\/\/listings.mybikeplan.ch\/fr\/wp-json\/wp\/v2\/types\/product"}],"replies":[{"embeddable":true,"href":"https:\/\/listings.mybikeplan.ch\/fr\/wp-json\/wp\/v2\/comments?post=59479"}],"wp:featuredmedia":[{"embeddable":true,"href":"https:\/\/listings.mybikeplan.ch\/fr\/wp-json\/wp\/v2\/media\/59510"}],"wp:attachment":[{"href":"https:\/\/listings.mybikeplan.ch\/fr\/wp-json\/wp\/v2\/media?parent=59479"}],"wp:term":[{"taxonomy":"product_brand","embeddable":true,"href":"https:\/\/listings.mybikeplan.ch\/fr\/wp-json\/wp\/v2\/product_brand?post=59479"},{"taxonomy":"product_cat","embeddable":true,"href":"https:\/\/listings.mybikeplan.ch\/fr\/wp-json\/wp\/v2\/product_cat?post=59479"},{"taxonomy":"product_tag","embeddable":true,"href":"https:\/\/listings.mybikeplan.ch\/fr\/wp-json\/wp\/v2\/product_tag?post=59479"}],"curies":[{"name":"wp","href":"https:\/\/api.w.org\/{rel}","templated":true}]}}