{"id":59176,"date":"2024-02-27T15:01:30","date_gmt":"2024-02-27T15:01:39","guid":{"rendered":"https:\/\/listings.mybikeplan.ch\/?post_type=product&#038;p=59176"},"modified":"2024-10-11T07:22:48","modified_gmt":"2024-10-11T07:22:48","slug":"liv-devote-advanced-0","status":"publish","type":"product","link":"https:\/\/listings.mybikeplan.ch\/fr\/produit\/liv-devote-advanced-0\/","title":{"rendered":"LIV Devote Advanced 0"},"content":{"rendered":"<h2><b>Le plus important sur le LIV Devote Advanced 0 :<\/b><\/h2>\n<ul>\n<li style=\"font-weight: 400;\" aria-level=\"1\">Bravel bike pour des trajets rapides<\/li>\n<li style=\"font-weight: 400;\" aria-level=\"1\">Extr\u00eamement polyvalent<\/li>\n<li style=\"font-weight: 400;\" aria-level=\"1\">Cadre ultral\u00e9ger<\/li>\n<\/ul>\n<h2><b>Le LIV Devote Advanced 0 est parfait pour toi, si tu :<\/b><\/h2>\n<ul>\n<li style=\"font-weight: 400;\" aria-level=\"1\">Tu pr\u00e9vois de longues randonn\u00e9es ou des courses rapides et tu te lances toujours dans de nouvelles aventures<\/li>\n<li style=\"font-weight: 400;\" aria-level=\"1\">Tu pr\u00e9f\u00e8res la maniabilit\u00e9 directe et s\u00fbre d&rsquo;un hardtail<\/li>\n<li style=\"font-weight: 400;\" aria-level=\"1\">Tu accordes de l&rsquo;importance \u00e0 la g\u00e9om\u00e9trie, aux fonctions et au design sp\u00e9cialement con\u00e7us pour les femmes<\/li>\n<\/ul>\n<h2><b>Tailles recommand\u00e9es :<\/b><\/h2>\n<ul>\n<li>XS = 150 cm bis 163 cm<\/li>\n<li>S = 158 cm bis 169 cm<\/li>\n<li>M = 164 cm bis 175 cm<\/li>\n<li>L = 170 cm bis 181 cm<\/li>\n<\/ul>\n","protected":false},"excerpt":{"rendered":"<h2>LIV Devote Advanced 0<\/h2>\n<p>Le cadre et la fourche ultral\u00e9gers en carbone avanc\u00e9 garantissent une acc\u00e9l\u00e9ration fulgurante, tandis que le passage interne des c\u00e2bles optimise ton cockpit et lib\u00e8re de l&rsquo;espace pour tes accessoires indispensables. Et la g\u00e9om\u00e9trie r\u00e9vis\u00e9e te place dans une position plus agressive, augmente la traction et la stabilit\u00e9 et permet un meilleur contr\u00f4le \u00e0 vitesse et dans les descentes.<\/p>\n<p>Le guidon Contact XR D-Fuse dispose d&rsquo;un back-sweep \u00e0 5 degr\u00e9s et d&rsquo;un flare drop pour une prise en main confortable et ergonomique. Le Devote Advanced 0 dispose en outre d&rsquo;une tige de selle Contact D-Fuse en carbone. Il est possible de la convertir en une tige Vario. Les composants D-Fuse de l&rsquo;entreprise absorbent les chocs et r\u00e9duisent les vibrations, ce qui permet de r\u00e9duire la fatigue et de prendre plus de plaisir lors des longues journ\u00e9es en selle.<\/p>\n<p>Avec le Flip-Chip &#8211; extr\u00e9mit\u00e9 de la patte, tu peux r\u00e9gler la longueur de l&#8217;empattement et le d\u00e9gagement des pneus sur la roue arri\u00e8re afin de t&rsquo;adapter, toi et ton v\u00e9lo, aux circonstances. Un empattement plus court assure une conduite plus r\u00e9active et une acc\u00e9l\u00e9ration plus rapide. Un empattement plus long assure une meilleure stabilit\u00e9 et offre de la place pour des pneus plus grands et une traction suppl\u00e9mentaire. En outre, tu peux ranger un outil multifonctionnel ou des snacks dans l&rsquo;espace de rangement int\u00e9gr\u00e9 dans le tube diagonal.<\/p>\n<h2><b>\u00c0 propos de Liv<\/b><\/h2>\n<p><span style=\"font-weight: 400;\">Liv a \u00e9t\u00e9 fond\u00e9e par Bonnie Tu, une cycliste passionn\u00e9e qui travaillait comme pr\u00e9sidente chez GIANT. Comme elle ne trouvait pas de v\u00e9los \u00e9lectriques ou d&rsquo;\u00e9quipement correspondant exactement \u00e0 ses besoins, elle a rapidement fond\u00e9 sa propre entreprise de v\u00e9los &#8211; et la premi\u00e8re marque de v\u00e9los au monde sp\u00e9cialement con\u00e7ue pour les femmes. L&rsquo;objectif ? Les v\u00e9los \u00e9lectriques Liv doivent rendre le cyclisme plus inclusif pour les femmes du monde entier.<\/span><\/p>\n","protected":false},"featured_media":59043,"comment_status":"open","ping_status":"closed","template":"","meta":{"_acf_changed":false},"product_brand":[],"product_cat":[10165,10448,10185,10184,10177,10186,10137,10080,10175],"product_tag":[],"class_list":{"0":"post-59176","1":"product","2":"type-product","3":"status-publish","4":"has-post-thumbnail","6":"product_cat-bleu","7":"product_cat-couleur","8":"product_cat-diamant","9":"product_cat-femmes","10":"product_cat-gravel-bikes","11":"product_cat-hommes","12":"product_cat-marque-liv","13":"product_cat-mybikeplan","14":"product_cat-nicht-elektrische-bikes","15":"pa_attachments-veloanhaenger-kompatibel","16":"pa_brakes-shimano-grx-rx-820-hydraulische-scheibenbremse-shimano-rt-70-rotoren-f160mm-r160mm-fr","17":"pa_brand-liv","18":"pa_cassette-shimano-cs-hg710-12-speed-11-36-zaehne-fr","19":"pa_chain-kmc-x12l-1-fr","20":"pa_crank-handle-shimano-grx-fc-rx820-31-48-xs-165mm-s-170mm-m-172-5mm-l-172-5mm-fr","21":"pa_filters-color-violet","22":"pa_fork-advanced-coll-carbon-gabel-overdrive-12mm-steckachsen-flat-mount-disc-fr","23":"pa_frame-advanced-carbon-rahmen-12x142mm-steckachsen-flat-mount-disc-flip-chip-fr","24":"pa_gear-change-shimano-grx-rx-820-fr","25":"pa_handlebar-giant-contact-xr-d-fuse-31-8mm-5-degree-back-sweep-flare-drop-alloy-xs-400mm-s-400mm-m-420mm-l-420mm-fr","26":"pa_hex-color-614252-fr","27":"pa_rider-height-155-160-cm","28":"pa_rider-height-160-165-cm","29":"pa_rider-height-165-170-cm","30":"pa_rider-height-170-175-cm","31":"pa_rims-giant-cxr-2-carbon-disc-wheelsystem-f-35mm-r-35mm-fr","32":"pa_saddle-liv-approach-fr","33":"pa_saddle-post-giant-contact-sl-d-fuse-carbon-5-15mm-offset-fr","34":"pa_seat-tube-length-m-fr","35":"pa_seat-tube-length-s-fr","36":"pa_sizes-m-fr","37":"pa_sizes-s-fr","38":"pa_stem-giant-contact-aerolight-10-degree-alloy-xs-50mm-s-60mm-m-70mm-l-80mm-fr","39":"pa_tires-cadex-ar-700x40c-tubeless-fr","40":"pa_trailer-compatibility-fuer-die-montage-des-anhaengers-muss-die-achse-gewechselt-werden-fr","42":"first","43":"instock","44":"shipping-taxable","45":"purchasable","46":"product-type-variable"},"acf":[],"yoast_head":"<!-- This site is optimized with the Yoast SEO plugin v24.5 - https:\/\/yoast.com\/wordpress\/plugins\/seo\/ -->\n<title>LIV Devote Advanced 0 | Paiement mensuel \u00e0 0% d&#039;int\u00e9r\u00eat | Suisse<\/title>\n<meta name=\"description\" content=\"Commande le LIV Devote Advanced 0 ! Profite d\u2019un paiement mensuel avec 0% d\u2019int\u00e9r\u00eat et d\u2019une livraison gratuite en Suisse.\" \/>\n<meta name=\"robots\" content=\"noindex, follow, max-snippet:-1, max-image-preview:large, max-video-preview:-1\" \/>\n<meta property=\"og:locale\" content=\"fr_FR\" \/>\n<meta property=\"og:type\" content=\"article\" \/>\n<meta property=\"og:title\" content=\"LIV Devote Advanced 0 | Paiement mensuel \u00e0 0% d&#039;int\u00e9r\u00eat | Suisse\" \/>\n<meta property=\"og:description\" content=\"Commande le LIV Devote Advanced 0 ! Profite d\u2019un paiement mensuel avec 0% d\u2019int\u00e9r\u00eat et d\u2019une livraison gratuite en Suisse.\" \/>\n<meta property=\"og:url\" content=\"https:\/\/listings.mybikeplan.ch\/fr\/produit\/liv-devote-advanced-0\/\" \/>\n<meta property=\"og:site_name\" content=\"MyBikePlan\" \/>\n<meta property=\"article:modified_time\" content=\"2024-10-11T07:22:48+00:00\" \/>\n<meta property=\"og:image\" content=\"https:\/\/listings.mybikeplan.ch\/wp-content\/uploads\/2024\/02\/LIV-Devote-Advanced-0.png\" \/>\n\t<meta property=\"og:image:width\" content=\"1000\" \/>\n\t<meta property=\"og:image:height\" content=\"1000\" \/>\n\t<meta property=\"og:image:type\" content=\"image\/png\" \/>\n<meta name=\"twitter:card\" content=\"summary_large_image\" \/>\n<meta name=\"twitter:label1\" content=\"Dur\u00e9e de lecture estim\u00e9e\" \/>\n\t<meta name=\"twitter:data1\" content=\"1 minute\" \/>\n<script type=\"application\/ld+json\" class=\"yoast-schema-graph\">{\"@context\":\"https:\/\/schema.org\",\"@graph\":[{\"@type\":\"WebPage\",\"@id\":\"https:\/\/listings.mybikeplan.ch\/fr\/produit\/liv-devote-advanced-0\/\",\"url\":\"https:\/\/listings.mybikeplan.ch\/fr\/produit\/liv-devote-advanced-0\/\",\"name\":\"LIV Devote Advanced 0 | Paiement mensuel \u00e0 0% d'int\u00e9r\u00eat | Suisse\",\"isPartOf\":{\"@id\":\"https:\/\/listings.mybikeplan.ch\/fr\/#website\"},\"primaryImageOfPage\":{\"@id\":\"https:\/\/listings.mybikeplan.ch\/fr\/produit\/liv-devote-advanced-0\/#primaryimage\"},\"image\":{\"@id\":\"https:\/\/listings.mybikeplan.ch\/fr\/produit\/liv-devote-advanced-0\/#primaryimage\"},\"thumbnailUrl\":\"https:\/\/listings.mybikeplan.ch\/wp-content\/uploads\/2024\/02\/LIV-Devote-Advanced-0.png\",\"datePublished\":\"2024-02-27T15:01:39+00:00\",\"dateModified\":\"2024-10-11T07:22:48+00:00\",\"description\":\"Commande le LIV Devote Advanced 0 ! Profite d\u2019un paiement mensuel avec 0% d\u2019int\u00e9r\u00eat et d\u2019une livraison gratuite en Suisse.\",\"breadcrumb\":{\"@id\":\"https:\/\/listings.mybikeplan.ch\/fr\/produit\/liv-devote-advanced-0\/#breadcrumb\"},\"inLanguage\":\"fr-FR\",\"potentialAction\":[{\"@type\":\"ReadAction\",\"target\":[\"https:\/\/listings.mybikeplan.ch\/fr\/produit\/liv-devote-advanced-0\/\"]}]},{\"@type\":\"ImageObject\",\"inLanguage\":\"fr-FR\",\"@id\":\"https:\/\/listings.mybikeplan.ch\/fr\/produit\/liv-devote-advanced-0\/#primaryimage\",\"url\":\"https:\/\/listings.mybikeplan.ch\/wp-content\/uploads\/2024\/02\/LIV-Devote-Advanced-0.png\",\"contentUrl\":\"https:\/\/listings.mybikeplan.ch\/wp-content\/uploads\/2024\/02\/LIV-Devote-Advanced-0.png\",\"width\":1000,\"height\":1000},{\"@type\":\"BreadcrumbList\",\"@id\":\"https:\/\/listings.mybikeplan.ch\/fr\/produit\/liv-devote-advanced-0\/#breadcrumb\",\"itemListElement\":[{\"@type\":\"ListItem\",\"position\":1,\"name\":\"Home\",\"item\":\"https:\/\/listings.mybikeplan.ch\/fr\/home\/\"},{\"@type\":\"ListItem\",\"position\":2,\"name\":\"LIV Devote Advanced 0\"}]},{\"@type\":\"WebSite\",\"@id\":\"https:\/\/listings.mybikeplan.ch\/fr\/#website\",\"url\":\"https:\/\/listings.mybikeplan.ch\/fr\/\",\"name\":\"MyBikePlan\",\"description\":\"\",\"potentialAction\":[{\"@type\":\"SearchAction\",\"target\":{\"@type\":\"EntryPoint\",\"urlTemplate\":\"https:\/\/listings.mybikeplan.ch\/fr\/?s={search_term_string}\"},\"query-input\":{\"@type\":\"PropertyValueSpecification\",\"valueRequired\":true,\"valueName\":\"search_term_string\"}}],\"inLanguage\":\"fr-FR\"}]}<\/script>\n<!-- \/ Yoast SEO plugin. -->","yoast_head_json":{"title":"LIV Devote Advanced 0 | Paiement mensuel \u00e0 0% d'int\u00e9r\u00eat | Suisse","description":"Commande le LIV Devote Advanced 0 ! Profite d\u2019un paiement mensuel avec 0% d\u2019int\u00e9r\u00eat et d\u2019une livraison gratuite en Suisse.","robots":{"index":"noindex","follow":"follow","max-snippet":"max-snippet:-1","max-image-preview":"max-image-preview:large","max-video-preview":"max-video-preview:-1"},"og_locale":"fr_FR","og_type":"article","og_title":"LIV Devote Advanced 0 | Paiement mensuel \u00e0 0% d'int\u00e9r\u00eat | Suisse","og_description":"Commande le LIV Devote Advanced 0 ! Profite d\u2019un paiement mensuel avec 0% d\u2019int\u00e9r\u00eat et d\u2019une livraison gratuite en Suisse.","og_url":"https:\/\/listings.mybikeplan.ch\/fr\/produit\/liv-devote-advanced-0\/","og_site_name":"MyBikePlan","article_modified_time":"2024-10-11T07:22:48+00:00","og_image":[{"width":1000,"height":1000,"url":"https:\/\/listings.mybikeplan.ch\/wp-content\/uploads\/2024\/02\/LIV-Devote-Advanced-0.png","type":"image\/png"}],"twitter_card":"summary_large_image","twitter_misc":{"Dur\u00e9e de lecture estim\u00e9e":"1 minute"},"schema":{"@context":"https:\/\/schema.org","@graph":[{"@type":"WebPage","@id":"https:\/\/listings.mybikeplan.ch\/fr\/produit\/liv-devote-advanced-0\/","url":"https:\/\/listings.mybikeplan.ch\/fr\/produit\/liv-devote-advanced-0\/","name":"LIV Devote Advanced 0 | Paiement mensuel \u00e0 0% d'int\u00e9r\u00eat | Suisse","isPartOf":{"@id":"https:\/\/listings.mybikeplan.ch\/fr\/#website"},"primaryImageOfPage":{"@id":"https:\/\/listings.mybikeplan.ch\/fr\/produit\/liv-devote-advanced-0\/#primaryimage"},"image":{"@id":"https:\/\/listings.mybikeplan.ch\/fr\/produit\/liv-devote-advanced-0\/#primaryimage"},"thumbnailUrl":"https:\/\/listings.mybikeplan.ch\/wp-content\/uploads\/2024\/02\/LIV-Devote-Advanced-0.png","datePublished":"2024-02-27T15:01:39+00:00","dateModified":"2024-10-11T07:22:48+00:00","description":"Commande le LIV Devote Advanced 0 ! Profite d\u2019un paiement mensuel avec 0% d\u2019int\u00e9r\u00eat et d\u2019une livraison gratuite en Suisse.","breadcrumb":{"@id":"https:\/\/listings.mybikeplan.ch\/fr\/produit\/liv-devote-advanced-0\/#breadcrumb"},"inLanguage":"fr-FR","potentialAction":[{"@type":"ReadAction","target":["https:\/\/listings.mybikeplan.ch\/fr\/produit\/liv-devote-advanced-0\/"]}]},{"@type":"ImageObject","inLanguage":"fr-FR","@id":"https:\/\/listings.mybikeplan.ch\/fr\/produit\/liv-devote-advanced-0\/#primaryimage","url":"https:\/\/listings.mybikeplan.ch\/wp-content\/uploads\/2024\/02\/LIV-Devote-Advanced-0.png","contentUrl":"https:\/\/listings.mybikeplan.ch\/wp-content\/uploads\/2024\/02\/LIV-Devote-Advanced-0.png","width":1000,"height":1000},{"@type":"BreadcrumbList","@id":"https:\/\/listings.mybikeplan.ch\/fr\/produit\/liv-devote-advanced-0\/#breadcrumb","itemListElement":[{"@type":"ListItem","position":1,"name":"Home","item":"https:\/\/listings.mybikeplan.ch\/fr\/home\/"},{"@type":"ListItem","position":2,"name":"LIV Devote Advanced 0"}]},{"@type":"WebSite","@id":"https:\/\/listings.mybikeplan.ch\/fr\/#website","url":"https:\/\/listings.mybikeplan.ch\/fr\/","name":"MyBikePlan","description":"","potentialAction":[{"@type":"SearchAction","target":{"@type":"EntryPoint","urlTemplate":"https:\/\/listings.mybikeplan.ch\/fr\/?s={search_term_string}"},"query-input":{"@type":"PropertyValueSpecification","valueRequired":true,"valueName":"search_term_string"}}],"inLanguage":"fr-FR"}]}},"_links":{"self":[{"href":"https:\/\/listings.mybikeplan.ch\/fr\/wp-json\/wp\/v2\/product\/59176","targetHints":{"allow":["GET"]}}],"collection":[{"href":"https:\/\/listings.mybikeplan.ch\/fr\/wp-json\/wp\/v2\/product"}],"about":[{"href":"https:\/\/listings.mybikeplan.ch\/fr\/wp-json\/wp\/v2\/types\/product"}],"replies":[{"embeddable":true,"href":"https:\/\/listings.mybikeplan.ch\/fr\/wp-json\/wp\/v2\/comments?post=59176"}],"wp:featuredmedia":[{"embeddable":true,"href":"https:\/\/listings.mybikeplan.ch\/fr\/wp-json\/wp\/v2\/media\/59043"}],"wp:attachment":[{"href":"https:\/\/listings.mybikeplan.ch\/fr\/wp-json\/wp\/v2\/media?parent=59176"}],"wp:term":[{"taxonomy":"product_brand","embeddable":true,"href":"https:\/\/listings.mybikeplan.ch\/fr\/wp-json\/wp\/v2\/product_brand?post=59176"},{"taxonomy":"product_cat","embeddable":true,"href":"https:\/\/listings.mybikeplan.ch\/fr\/wp-json\/wp\/v2\/product_cat?post=59176"},{"taxonomy":"product_tag","embeddable":true,"href":"https:\/\/listings.mybikeplan.ch\/fr\/wp-json\/wp\/v2\/product_tag?post=59176"}],"curies":[{"name":"wp","href":"https:\/\/api.w.org\/{rel}","templated":true}]}}