{"id":58613,"date":"2024-02-22T09:09:16","date_gmt":"2024-02-22T09:09:25","guid":{"rendered":"https:\/\/listings.mybikeplan.ch\/?post_type=product&#038;p=58613"},"modified":"2025-04-10T09:53:59","modified_gmt":"2025-04-10T09:53:59","slug":"desiknio-x20-pinion-cf-granada-red","status":"publish","type":"product","link":"https:\/\/listings.mybikeplan.ch\/fr\/produit\/desiknio-x20-pinion-cf-granada-red\/","title":{"rendered":"Desiknio X20 Pinion CF"},"content":{"rendered":"<h2><b>Les faits importants sur le Desiknio X20 Pinion CF:<\/b><\/h2>\n<div class=\"col-lg-6 col-12 specification ng-star-inserted expanded\">\n<ul>\n<li>City E-Bike de la marque innovante Desiknio<\/li>\n<li>batterie int\u00e9gr\u00e9e dans le cadre, ce qui donne au v\u00e9lo \u00e9lectrique un aspect lisse<\/li>\n<li>changement de vitesse silencieux avec 11 vitesses<\/li>\n<li>Extr\u00eamement l\u00e9ger : \u00e0 peine 13,3 kg !<\/li>\n<\/ul>\n<\/div>\n<h2><b>Le Desiknio X20 Pinion CF est parfait pour toi si tu :<\/b><\/h2>\n<ul>\n<li aria-level=\"1\">tu cherches un compagnon pour la vie quotidienne en ville<\/li>\n<li aria-level=\"1\">tu veux porter le v\u00e9lo \u00e9lectrique<\/li>\n<\/ul>\n<h2><b>Recommandation de taille:<\/b><\/h2>\n<ul>\n<li>M = 165 &#8211; 185 cm<\/li>\n<li>L = 180 &#8211; 195 cm<\/li>\n<\/ul>\n","protected":false},"excerpt":{"rendered":"<h2>Desiknio X20 Pinion CF<\/h2>\n<div class=\"item col-md-4 col-sm-12\">\n<p>Le Desiknio X20 Pinion CF est extr\u00eamement l\u00e9ger ! Avec seulement 13,3kg, il se laisse porter sans peine dans les escaliers. La batterie int\u00e9gr\u00e9e s&rsquo;int\u00e8gre parfaitement dans le cadre et peut \u00eatre recharg\u00e9e compl\u00e8tement en 2-3 heures.<\/p>\n<\/div>\n<h2><b>\u00c0 propos de Desiknio<\/b><\/h2>\n<div class=\"pb-5 mt-5 \">\n<div class=\"container\">\n<div class=\"row align-items-center null\">\n<div class=\"col-12 col-lg-6\">\n<div class=\"row\">\n<div class=\"col-12 col-lg-9\">\n<div id=\"\" class=\"Typography_bodyLg__zXP4k text-secondary\">\n<div class=\"row\">\n<div class=\"col-12\">\n<div id=\"\" class=\"Typography_bodyLg__zXP4k \">\n<p><span data-slate-fragment=\"JTVCJTdCJTIydHlwZSUyMiUzQSUyMnBhcmFncmFwaCUyMiUyQyUyMmNoaWxkcmVuJTIyJTNBJTVCJTdCJTIydGV4dCUyMiUzQSUyMkxlcyUyMEUtQmlrZXMlMjBEZXNpa25pbyUyMHNvbnQlMjAlQzMlQTAlMjBsYSUyMHBvaW50ZSUyMGRlJTIwbGElMjB0ZWNobm9sb2dpZSUyQyUyMGNvbiVDMyVBN3VzJTIwZXQlMjBmYWJyaXF1JUMzJUE5cyUyMCVDMyVBMCUyMGxhJTIwbWFpbiUyMGVuJTIwRXVyb3BlJTIwZXQlMjBjb25zdHJ1aXRzJTIwZXhjbHVzaXZlbWVudCUyMGF2ZWMlMjBkZXMlMjBwaSVDMyVBOGNlcyUyMGV0JTIwZGVzJTIwYWNjZXNzb2lyZXMlMjBkZSUyMHF1YWxpdCVDMyVBOS4lMjBJbHMlMjBvZmZyZW50JTIwdW5lJTIwYXNzaXN0YW5jZSUyMGNvbmZvcnRhYmxlJTIwZXQlMjBzdHlsJUMzJUE5ZSUyMGxvcnMlMjBkZSUyMGxhJTIwY29uZHVpdGUlMjBldCUyMHNvbnQlMjBkaXNwb25pYmxlcyUyMGRhbnMlMjB1bmUlMjBncmFuZGUlMjB2YXJpJUMzJUE5dCVDMyVBOSUyMGRlJTIwbW9kJUMzJUE4bGVzJTJDJTIwZGUlMjB0YWlsbGVzJTIwZXQlMjBkZSUyMGNvdWxldXJzJTIwYWZpbiUyMGRlJTIwciVDMyVBOXBvbmRyZSUyMCVDMyVBMCUyMHRvdXRlcyUyMGxlcyUyMGV4aWdlbmNlcy4lMjIlMkMlMjJkYXRhJTIyJTNBJTdCJTdEJTdEJTVEJTJDJTIyaXNWb2lkJTIyJTNBZmFsc2UlMkMlMjJkYXRhJTIyJTNBJTdCJTdEJTdEJTVE\">Les E-Bikes Desiknio sont \u00e0 la pointe de la technologie, con\u00e7us et fabriqu\u00e9s \u00e0 la main en Europe et construits exclusivement avec des pi\u00e8ces et des accessoires de qualit\u00e9. Ils offrent une assistance confortable et styl\u00e9e lors de la conduite et sont disponibles dans une grande vari\u00e9t\u00e9 de mod\u00e8les, de tailles et de couleurs afin de r\u00e9pondre \u00e0 toutes les exigences.<\/span><\/p>\n<\/div>\n<\/div>\n<\/div>\n<\/div>\n<\/div>\n<\/div>\n<\/div>\n<\/div>\n<\/div>\n<\/div>\n","protected":false},"featured_media":58623,"comment_status":"open","ping_status":"closed","template":"","meta":{"_acf_changed":false},"product_brand":[],"product_cat":[10082,10185,10157,10163,10184,10186,10112,10080,10171,10096],"product_tag":[],"class_list":{"0":"post-58613","1":"product","2":"type-product","3":"status-publish","4":"has-post-thumbnail","6":"product_cat-25-km","7":"product_cat-diamant","8":"product_cat-e-bikes","9":"product_cat-e-urban","10":"product_cat-femmes","11":"product_cat-hommes","12":"product_cat-marque-desiknio","13":"product_cat-mybikeplan","14":"product_cat-rouge","15":"product_cat-alle-e-bikes","16":"pa_battery-size-250-wh","17":"pa_brakes-front-shimano-mt201-hydraulic-brakes-ur300-flat-mount-calipers-160-mm-fr","18":"pa_brakes-rear-shimano-mt201-hydraulic-brakes-ur300-flat-mount-calipers-160-mm-fr","19":"pa_brand-desiknio","20":"pa_filters-color-rouge","21":"pa_frame-variant-diamant","22":"pa_gears-9-vitesses","23":"pa_motor-strength-55-nm-fr","24":"pa_rider-height-165-170-cm","25":"pa_rider-height-170-175-cm","26":"pa_rider-height-175-180-cm","27":"pa_rider-height-180-185-cm","28":"pa_rider-height-185-190-cm","29":"pa_rider-height-190-195-cm","30":"pa_seat-tube-length-l-fr","31":"pa_seat-tube-length-m-fr","32":"pa_speed-25-km-heure","33":"pa_weight-133-kg-fr","35":"first","36":"instock","37":"shipping-taxable","38":"purchasable","39":"product-type-variable"},"acf":[],"yoast_head":"<!-- This site is optimized with the Yoast SEO plugin v24.5 - https:\/\/yoast.com\/wordpress\/plugins\/seo\/ -->\n<title>Desiknio X20 Pinion CF | V\u00e9lo \u00e9lectrique | 0% d&#039;int\u00e9r\u00eat<\/title>\n<meta name=\"description\" content=\"Commande le Desiknio X20 Pinion CF v\u00e9lo \u00e9lectrique et profite d&#039;une livraison gratuite en Suisse.\" \/>\n<meta name=\"robots\" content=\"noindex, follow, max-snippet:-1, max-image-preview:large, max-video-preview:-1\" \/>\n<meta property=\"og:locale\" content=\"fr_FR\" \/>\n<meta property=\"og:type\" content=\"article\" \/>\n<meta property=\"og:title\" content=\"Desiknio X20 Pinion CF | V\u00e9lo \u00e9lectrique | 0% d&#039;int\u00e9r\u00eat\" \/>\n<meta property=\"og:description\" content=\"Commande le Desiknio X20 Pinion CF v\u00e9lo \u00e9lectrique et profite d&#039;une livraison gratuite en Suisse.\" \/>\n<meta property=\"og:url\" content=\"https:\/\/listings.mybikeplan.ch\/fr\/produit\/desiknio-x20-pinion-cf-granada-red\/\" \/>\n<meta property=\"og:site_name\" content=\"MyBikePlan\" \/>\n<meta property=\"article:modified_time\" content=\"2025-04-10T09:53:59+00:00\" \/>\n<meta property=\"og:image\" content=\"https:\/\/listings.mybikeplan.ch\/wp-content\/uploads\/2024\/02\/Desiknio-Pinion-X20-CF-Black-2.jpg\" \/>\n\t<meta property=\"og:image:width\" content=\"1000\" \/>\n\t<meta property=\"og:image:height\" content=\"1000\" \/>\n\t<meta property=\"og:image:type\" content=\"image\/jpeg\" \/>\n<meta name=\"twitter:card\" content=\"summary_large_image\" \/>\n<script type=\"application\/ld+json\" class=\"yoast-schema-graph\">{\"@context\":\"https:\/\/schema.org\",\"@graph\":[{\"@type\":\"WebPage\",\"@id\":\"https:\/\/listings.mybikeplan.ch\/fr\/produit\/desiknio-x20-pinion-cf-granada-red\/\",\"url\":\"https:\/\/listings.mybikeplan.ch\/fr\/produit\/desiknio-x20-pinion-cf-granada-red\/\",\"name\":\"Desiknio X20 Pinion CF | V\u00e9lo \u00e9lectrique | 0% d'int\u00e9r\u00eat\",\"isPartOf\":{\"@id\":\"https:\/\/listings.mybikeplan.ch\/fr\/#website\"},\"primaryImageOfPage\":{\"@id\":\"https:\/\/listings.mybikeplan.ch\/fr\/produit\/desiknio-x20-pinion-cf-granada-red\/#primaryimage\"},\"image\":{\"@id\":\"https:\/\/listings.mybikeplan.ch\/fr\/produit\/desiknio-x20-pinion-cf-granada-red\/#primaryimage\"},\"thumbnailUrl\":\"https:\/\/listings.mybikeplan.ch\/wp-content\/uploads\/2024\/02\/Desiknio-Pinion-X20-CF-Black-2.jpg\",\"datePublished\":\"2024-02-22T09:09:25+00:00\",\"dateModified\":\"2025-04-10T09:53:59+00:00\",\"description\":\"Commande le Desiknio X20 Pinion CF v\u00e9lo \u00e9lectrique et profite d'une livraison gratuite en Suisse.\",\"breadcrumb\":{\"@id\":\"https:\/\/listings.mybikeplan.ch\/fr\/produit\/desiknio-x20-pinion-cf-granada-red\/#breadcrumb\"},\"inLanguage\":\"fr-FR\",\"potentialAction\":[{\"@type\":\"ReadAction\",\"target\":[\"https:\/\/listings.mybikeplan.ch\/fr\/produit\/desiknio-x20-pinion-cf-granada-red\/\"]}]},{\"@type\":\"ImageObject\",\"inLanguage\":\"fr-FR\",\"@id\":\"https:\/\/listings.mybikeplan.ch\/fr\/produit\/desiknio-x20-pinion-cf-granada-red\/#primaryimage\",\"url\":\"https:\/\/listings.mybikeplan.ch\/wp-content\/uploads\/2024\/02\/Desiknio-Pinion-X20-CF-Black-2.jpg\",\"contentUrl\":\"https:\/\/listings.mybikeplan.ch\/wp-content\/uploads\/2024\/02\/Desiknio-Pinion-X20-CF-Black-2.jpg\",\"width\":1000,\"height\":1000},{\"@type\":\"BreadcrumbList\",\"@id\":\"https:\/\/listings.mybikeplan.ch\/fr\/produit\/desiknio-x20-pinion-cf-granada-red\/#breadcrumb\",\"itemListElement\":[{\"@type\":\"ListItem\",\"position\":1,\"name\":\"Home\",\"item\":\"https:\/\/listings.mybikeplan.ch\/fr\/home\/\"},{\"@type\":\"ListItem\",\"position\":2,\"name\":\"Desiknio X20 Pinion CF\"}]},{\"@type\":\"WebSite\",\"@id\":\"https:\/\/listings.mybikeplan.ch\/fr\/#website\",\"url\":\"https:\/\/listings.mybikeplan.ch\/fr\/\",\"name\":\"MyBikePlan\",\"description\":\"\",\"potentialAction\":[{\"@type\":\"SearchAction\",\"target\":{\"@type\":\"EntryPoint\",\"urlTemplate\":\"https:\/\/listings.mybikeplan.ch\/fr\/?s={search_term_string}\"},\"query-input\":{\"@type\":\"PropertyValueSpecification\",\"valueRequired\":true,\"valueName\":\"search_term_string\"}}],\"inLanguage\":\"fr-FR\"}]}<\/script>\n<!-- \/ Yoast SEO plugin. -->","yoast_head_json":{"title":"Desiknio X20 Pinion CF | V\u00e9lo \u00e9lectrique | 0% d'int\u00e9r\u00eat","description":"Commande le Desiknio X20 Pinion CF v\u00e9lo \u00e9lectrique et profite d'une livraison gratuite en Suisse.","robots":{"index":"noindex","follow":"follow","max-snippet":"max-snippet:-1","max-image-preview":"max-image-preview:large","max-video-preview":"max-video-preview:-1"},"og_locale":"fr_FR","og_type":"article","og_title":"Desiknio X20 Pinion CF | V\u00e9lo \u00e9lectrique | 0% d'int\u00e9r\u00eat","og_description":"Commande le Desiknio X20 Pinion CF v\u00e9lo \u00e9lectrique et profite d'une livraison gratuite en Suisse.","og_url":"https:\/\/listings.mybikeplan.ch\/fr\/produit\/desiknio-x20-pinion-cf-granada-red\/","og_site_name":"MyBikePlan","article_modified_time":"2025-04-10T09:53:59+00:00","og_image":[{"width":1000,"height":1000,"url":"https:\/\/listings.mybikeplan.ch\/wp-content\/uploads\/2024\/02\/Desiknio-Pinion-X20-CF-Black-2.jpg","type":"image\/jpeg"}],"twitter_card":"summary_large_image","schema":{"@context":"https:\/\/schema.org","@graph":[{"@type":"WebPage","@id":"https:\/\/listings.mybikeplan.ch\/fr\/produit\/desiknio-x20-pinion-cf-granada-red\/","url":"https:\/\/listings.mybikeplan.ch\/fr\/produit\/desiknio-x20-pinion-cf-granada-red\/","name":"Desiknio X20 Pinion CF | V\u00e9lo \u00e9lectrique | 0% d'int\u00e9r\u00eat","isPartOf":{"@id":"https:\/\/listings.mybikeplan.ch\/fr\/#website"},"primaryImageOfPage":{"@id":"https:\/\/listings.mybikeplan.ch\/fr\/produit\/desiknio-x20-pinion-cf-granada-red\/#primaryimage"},"image":{"@id":"https:\/\/listings.mybikeplan.ch\/fr\/produit\/desiknio-x20-pinion-cf-granada-red\/#primaryimage"},"thumbnailUrl":"https:\/\/listings.mybikeplan.ch\/wp-content\/uploads\/2024\/02\/Desiknio-Pinion-X20-CF-Black-2.jpg","datePublished":"2024-02-22T09:09:25+00:00","dateModified":"2025-04-10T09:53:59+00:00","description":"Commande le Desiknio X20 Pinion CF v\u00e9lo \u00e9lectrique et profite d'une livraison gratuite en Suisse.","breadcrumb":{"@id":"https:\/\/listings.mybikeplan.ch\/fr\/produit\/desiknio-x20-pinion-cf-granada-red\/#breadcrumb"},"inLanguage":"fr-FR","potentialAction":[{"@type":"ReadAction","target":["https:\/\/listings.mybikeplan.ch\/fr\/produit\/desiknio-x20-pinion-cf-granada-red\/"]}]},{"@type":"ImageObject","inLanguage":"fr-FR","@id":"https:\/\/listings.mybikeplan.ch\/fr\/produit\/desiknio-x20-pinion-cf-granada-red\/#primaryimage","url":"https:\/\/listings.mybikeplan.ch\/wp-content\/uploads\/2024\/02\/Desiknio-Pinion-X20-CF-Black-2.jpg","contentUrl":"https:\/\/listings.mybikeplan.ch\/wp-content\/uploads\/2024\/02\/Desiknio-Pinion-X20-CF-Black-2.jpg","width":1000,"height":1000},{"@type":"BreadcrumbList","@id":"https:\/\/listings.mybikeplan.ch\/fr\/produit\/desiknio-x20-pinion-cf-granada-red\/#breadcrumb","itemListElement":[{"@type":"ListItem","position":1,"name":"Home","item":"https:\/\/listings.mybikeplan.ch\/fr\/home\/"},{"@type":"ListItem","position":2,"name":"Desiknio X20 Pinion CF"}]},{"@type":"WebSite","@id":"https:\/\/listings.mybikeplan.ch\/fr\/#website","url":"https:\/\/listings.mybikeplan.ch\/fr\/","name":"MyBikePlan","description":"","potentialAction":[{"@type":"SearchAction","target":{"@type":"EntryPoint","urlTemplate":"https:\/\/listings.mybikeplan.ch\/fr\/?s={search_term_string}"},"query-input":{"@type":"PropertyValueSpecification","valueRequired":true,"valueName":"search_term_string"}}],"inLanguage":"fr-FR"}]}},"_links":{"self":[{"href":"https:\/\/listings.mybikeplan.ch\/fr\/wp-json\/wp\/v2\/product\/58613","targetHints":{"allow":["GET"]}}],"collection":[{"href":"https:\/\/listings.mybikeplan.ch\/fr\/wp-json\/wp\/v2\/product"}],"about":[{"href":"https:\/\/listings.mybikeplan.ch\/fr\/wp-json\/wp\/v2\/types\/product"}],"replies":[{"embeddable":true,"href":"https:\/\/listings.mybikeplan.ch\/fr\/wp-json\/wp\/v2\/comments?post=58613"}],"wp:featuredmedia":[{"embeddable":true,"href":"https:\/\/listings.mybikeplan.ch\/fr\/wp-json\/wp\/v2\/media\/58623"}],"wp:attachment":[{"href":"https:\/\/listings.mybikeplan.ch\/fr\/wp-json\/wp\/v2\/media?parent=58613"}],"wp:term":[{"taxonomy":"product_brand","embeddable":true,"href":"https:\/\/listings.mybikeplan.ch\/fr\/wp-json\/wp\/v2\/product_brand?post=58613"},{"taxonomy":"product_cat","embeddable":true,"href":"https:\/\/listings.mybikeplan.ch\/fr\/wp-json\/wp\/v2\/product_cat?post=58613"},{"taxonomy":"product_tag","embeddable":true,"href":"https:\/\/listings.mybikeplan.ch\/fr\/wp-json\/wp\/v2\/product_tag?post=58613"}],"curies":[{"name":"wp","href":"https:\/\/api.w.org\/{rel}","templated":true}]}}