{"id":58212,"date":"2024-02-14T12:11:28","date_gmt":"2024-02-14T12:11:37","guid":{"rendered":"https:\/\/listings.mybikeplan.ch\/?post_type=product&#038;p=58212"},"modified":"2024-02-19T10:16:58","modified_gmt":"2024-02-19T10:16:58","slug":"bergstrom-xcv-829-light-blue","status":"publish","type":"product","link":"https:\/\/listings.mybikeplan.ch\/fr\/produit\/bergstrom-xcv-829-light-blue\/","title":{"rendered":"Bergstrom XCV 829"},"content":{"rendered":"<h2><b>Les faits importants sur le Bergstrom XCV 829 :<\/b><\/h2>\n<div class=\"col-lg-6 col-12 specification ng-star-inserted expanded\">\n<ul>\n<li>E-TB de la marque suisse Bergstrom<\/li>\n<li>Ch\u00e2ssis avec d\u00e9battement de 100\/120mm<\/li>\n<li>Moteur avec un couple de 85 Nm<\/li>\n<li>Excellente autonomie gr\u00e2ce \u00e0 la batterie de 625 Wh<\/li>\n<li>Roues de 29 pouces<\/li>\n<\/ul>\n<\/div>\n<h2><b>Le Bergstrom XCV 829 est parfait pour toi si tu :<\/b><\/h2>\n<ul>\n<li style=\"font-weight: 400;\" aria-level=\"1\">cherches une marque qui fabrique des e-bikes suisses pour la Suisse<\/li>\n<li style=\"font-weight: 400;\" aria-level=\"1\">tu veux red\u00e9finir le downcountry<\/li>\n<\/ul>\n<h2><b>Recommandation de taille:<\/b><\/h2>\n<ul>\n<li>S = 151 &#8211; 160 cm<\/li>\n<li>M = 161 &#8211; 170 cm<\/li>\n<li>L = 171 &#8211; 180 cm<\/li>\n<\/ul>\n","protected":false},"excerpt":{"rendered":"<h2>Bergstrom XCV 829<\/h2>\n<div class=\"item col-md-4 col-sm-12\">\n<p>Cet E-MTB est synonyme de qualit\u00e9 authentique made in Switzerland : la lime CX de Saint-Gall est dot\u00e9e d&rsquo;un d\u00e9battement de 120\/100mm et d&rsquo;un \u00e9quipement con\u00e7u pour la l\u00e9g\u00e8ret\u00e9. La fourche suspendue Rock Shox Recon Silver et l&rsquo;amortisseur SR Suntour peuvent \u00eatre facilement bloqu\u00e9s afin d&rsquo;augmenter l&rsquo;efficacit\u00e9 en montagne. En descente, le centre de gravit\u00e9 bas permet au v\u00e9lo de rester dans la trajectoire et d&rsquo;aborder les coins avec agilit\u00e9. 11 vitesses \u00e0 l&rsquo;arri\u00e8re avec 10-50 dents, command\u00e9es par un Shimano XT Linkglide, t&rsquo;aident \u00e0 obtenir la bonne fr\u00e9quence de p\u00e9dalage. Les freins Sram DB8 sont tr\u00e8s efficaces et te donnent le contr\u00f4le n\u00e9cessaire sur le trail. Les roues de 29&Prime; sont \u00e9quip\u00e9es de pneus Schwalbe Racing Ray \/ Racing Ralph et roulent facilement et sans effort, m\u00eame au-del\u00e0 de la limite de 25 km\/h. Gr\u00e2ce au JD Dropper Post, le v\u00e9lo convient \u00e0 encore plus de tailles. Tous les mod\u00e8les XCV sont peints par poudrage et mont\u00e9s \u00e0 Sirnach.<\/p>\n<\/div>\n<h2><b>\u00c0 propos de Bergstrom<\/b><\/h2>\n<div class=\"pb-5 mt-5 \">\n<div class=\"container\">\n<div class=\"row align-items-center null\">\n<div class=\"col-12 col-lg-6\">\n<div class=\"row\">\n<div class=\"col-12 col-lg-9\">\n<div id=\"\" class=\"Typography_bodyLg__zXP4k text-secondary\">\n<div class=\"row\">\n<div class=\"col-12\">\n<div id=\"\" class=\"Typography_bodyLg__zXP4k \">\n<p>Les v\u00e9los \u00e9lectriques BERGSTROM sont les produits d&rsquo;une marque jeune et innovante du fabricant de v\u00e9los suisse Komenda. Ici, tu obtiendras 100% de suissitude avec des v\u00e9los \u00e9lectriques qui ont \u00e9t\u00e9 sp\u00e9cialement con\u00e7us en gardant \u00e0 l&rsquo;esprit les d\u00e9fis du paysage suisse. Le r\u00e9sultat ? Des v\u00e9los \u00e9lectriques de haute qualit\u00e9 qui soutiennent de mani\u00e8re fiable aussi bien au quotidien que sur les sentiers !<\/p>\n<\/div>\n<\/div>\n<\/div>\n<\/div>\n<\/div>\n<\/div>\n<\/div>\n<\/div>\n<\/div>\n<\/div>\n","protected":false},"featured_media":58218,"comment_status":"open","ping_status":"closed","template":"","meta":{"_acf_changed":false},"product_brand":[],"product_cat":[10082,10165,10157,10160,10159,10184,10105,10080,10190,10096],"product_tag":[],"class_list":{"0":"post-58212","1":"product","2":"type-product","3":"status-publish","4":"has-post-thumbnail","6":"product_cat-25-km","7":"product_cat-bleu","8":"product_cat-e-bikes","9":"product_cat-e-mountain-fully","10":"product_cat-e-mountain","11":"product_cat-femmes","12":"product_cat-marque-bergstrom","13":"product_cat-mybikeplan","14":"product_cat-swiss-made","15":"product_cat-alle-e-bikes","16":"pa_back-wheel-schwalbe-racing-ray-29-x-2-35-fr","17":"pa_battery-bosch-powertube-625-fr","18":"pa_battery-size-625-wh","19":"pa_brakes-front-frein-a-disque-sram-db8-180-mm","20":"pa_brakes-rear-frein-a-disque-sram-db8-180-mm","21":"pa_brand-bergstrom","22":"pa_filters-color-bleu","23":"pa_fork-suntour-xcr34-federgabel-100-mm-fr","24":"pa_frame-variant-diamant","25":"pa_front-wheel-schwalbe-racing-ray-29-x-2-35-fr","26":"pa_gear-change-sram-sx-eagle-12-vitesses","27":"pa_gears-12-gaenge-fr","28":"pa_hex-color-4e758d-produkt-bergstrom-xcv-829-blue-fr","29":"pa_hex-color-5f7ba4-fr","30":"pa_hex-color-717374-produkt-bergstrom-xcv-829-grey-fr","31":"pa_hex-color-c50126-produkt-bergstrom-xcv-829-red-fr","32":"pa_motor-bosch-g4-performance-cx-25km-h-fr","33":"pa_motor-strength-85-nm-fr","34":"pa_rider-height-150-155-cm","35":"pa_rider-height-155-160-cm","36":"pa_rider-height-160-165-cm","37":"pa_rider-height-165-170-cm","38":"pa_rider-height-170-175-cm","39":"pa_rider-height-175-180-cm","40":"pa_seat-tube-length-l-fr","41":"pa_seat-tube-length-m-fr","42":"pa_seat-tube-length-s-fr","43":"pa_sizes-l-fr","44":"pa_sizes-m-fr","45":"pa_sizes-s-fr","46":"pa_speed-25-km-heure","47":"pa_suspension-travel-120-100mm-fr","48":"pa_wheel-size-29-fr","49":"pa_youtube-link-https-www-youtube-com-embed-lvozc1dohgu-fr","51":"first","52":"instock","53":"shipping-taxable","54":"purchasable","55":"product-type-variable"},"acf":[],"yoast_head":"<!-- This site is optimized with the Yoast SEO plugin v24.5 - https:\/\/yoast.com\/wordpress\/plugins\/seo\/ -->\n<title>Bergstrom XCV 829 | V\u00e9lo \u00e9lectrique | 0% d&#039;int\u00e9r\u00eat<\/title>\n<meta name=\"description\" content=\"Commande le Bergstrom XCV 829 v\u00e9lo \u00e9lectrique et profite d&#039;une livraison gratuite en Suisse.\" \/>\n<meta name=\"robots\" content=\"noindex, follow, max-snippet:-1, max-image-preview:large, max-video-preview:-1\" \/>\n<meta property=\"og:locale\" content=\"fr_FR\" \/>\n<meta property=\"og:type\" content=\"article\" \/>\n<meta property=\"og:title\" content=\"Bergstrom XCV 829 | V\u00e9lo \u00e9lectrique | 0% d&#039;int\u00e9r\u00eat\" \/>\n<meta property=\"og:description\" content=\"Commande le Bergstrom XCV 829 v\u00e9lo \u00e9lectrique et profite d&#039;une livraison gratuite en Suisse.\" \/>\n<meta property=\"og:url\" content=\"https:\/\/listings.mybikeplan.ch\/fr\/produit\/bergstrom-xcv-829-light-blue\/\" \/>\n<meta property=\"og:site_name\" content=\"MyBikePlan\" \/>\n<meta property=\"article:modified_time\" content=\"2024-02-19T10:16:58+00:00\" \/>\n<meta property=\"og:image\" content=\"https:\/\/listings.mybikeplan.ch\/wp-content\/uploads\/2024\/02\/Bergstrom-XCV-829-1-1.jpg\" \/>\n\t<meta property=\"og:image:width\" content=\"1000\" \/>\n\t<meta property=\"og:image:height\" content=\"1000\" \/>\n\t<meta property=\"og:image:type\" content=\"image\/jpeg\" \/>\n<meta name=\"twitter:card\" content=\"summary_large_image\" \/>\n<script type=\"application\/ld+json\" class=\"yoast-schema-graph\">{\"@context\":\"https:\/\/schema.org\",\"@graph\":[{\"@type\":\"WebPage\",\"@id\":\"https:\/\/listings.mybikeplan.ch\/fr\/produit\/bergstrom-xcv-829-light-blue\/\",\"url\":\"https:\/\/listings.mybikeplan.ch\/fr\/produit\/bergstrom-xcv-829-light-blue\/\",\"name\":\"Bergstrom XCV 829 | V\u00e9lo \u00e9lectrique | 0% d'int\u00e9r\u00eat\",\"isPartOf\":{\"@id\":\"https:\/\/listings.mybikeplan.ch\/fr\/#website\"},\"primaryImageOfPage\":{\"@id\":\"https:\/\/listings.mybikeplan.ch\/fr\/produit\/bergstrom-xcv-829-light-blue\/#primaryimage\"},\"image\":{\"@id\":\"https:\/\/listings.mybikeplan.ch\/fr\/produit\/bergstrom-xcv-829-light-blue\/#primaryimage\"},\"thumbnailUrl\":\"https:\/\/listings.mybikeplan.ch\/wp-content\/uploads\/2024\/02\/Bergstrom-XCV-829-1-1.jpg\",\"datePublished\":\"2024-02-14T12:11:37+00:00\",\"dateModified\":\"2024-02-19T10:16:58+00:00\",\"description\":\"Commande le Bergstrom XCV 829 v\u00e9lo \u00e9lectrique et profite d'une livraison gratuite en Suisse.\",\"breadcrumb\":{\"@id\":\"https:\/\/listings.mybikeplan.ch\/fr\/produit\/bergstrom-xcv-829-light-blue\/#breadcrumb\"},\"inLanguage\":\"fr-FR\",\"potentialAction\":[{\"@type\":\"ReadAction\",\"target\":[\"https:\/\/listings.mybikeplan.ch\/fr\/produit\/bergstrom-xcv-829-light-blue\/\"]}]},{\"@type\":\"ImageObject\",\"inLanguage\":\"fr-FR\",\"@id\":\"https:\/\/listings.mybikeplan.ch\/fr\/produit\/bergstrom-xcv-829-light-blue\/#primaryimage\",\"url\":\"https:\/\/listings.mybikeplan.ch\/wp-content\/uploads\/2024\/02\/Bergstrom-XCV-829-1-1.jpg\",\"contentUrl\":\"https:\/\/listings.mybikeplan.ch\/wp-content\/uploads\/2024\/02\/Bergstrom-XCV-829-1-1.jpg\",\"width\":1000,\"height\":1000},{\"@type\":\"BreadcrumbList\",\"@id\":\"https:\/\/listings.mybikeplan.ch\/fr\/produit\/bergstrom-xcv-829-light-blue\/#breadcrumb\",\"itemListElement\":[{\"@type\":\"ListItem\",\"position\":1,\"name\":\"Home\",\"item\":\"https:\/\/listings.mybikeplan.ch\/fr\/home\/\"},{\"@type\":\"ListItem\",\"position\":2,\"name\":\"Bergstrom XCV 829\"}]},{\"@type\":\"WebSite\",\"@id\":\"https:\/\/listings.mybikeplan.ch\/fr\/#website\",\"url\":\"https:\/\/listings.mybikeplan.ch\/fr\/\",\"name\":\"MyBikePlan\",\"description\":\"\",\"potentialAction\":[{\"@type\":\"SearchAction\",\"target\":{\"@type\":\"EntryPoint\",\"urlTemplate\":\"https:\/\/listings.mybikeplan.ch\/fr\/?s={search_term_string}\"},\"query-input\":{\"@type\":\"PropertyValueSpecification\",\"valueRequired\":true,\"valueName\":\"search_term_string\"}}],\"inLanguage\":\"fr-FR\"}]}<\/script>\n<!-- \/ Yoast SEO plugin. -->","yoast_head_json":{"title":"Bergstrom XCV 829 | V\u00e9lo \u00e9lectrique | 0% d'int\u00e9r\u00eat","description":"Commande le Bergstrom XCV 829 v\u00e9lo \u00e9lectrique et profite d'une livraison gratuite en Suisse.","robots":{"index":"noindex","follow":"follow","max-snippet":"max-snippet:-1","max-image-preview":"max-image-preview:large","max-video-preview":"max-video-preview:-1"},"og_locale":"fr_FR","og_type":"article","og_title":"Bergstrom XCV 829 | V\u00e9lo \u00e9lectrique | 0% d'int\u00e9r\u00eat","og_description":"Commande le Bergstrom XCV 829 v\u00e9lo \u00e9lectrique et profite d'une livraison gratuite en Suisse.","og_url":"https:\/\/listings.mybikeplan.ch\/fr\/produit\/bergstrom-xcv-829-light-blue\/","og_site_name":"MyBikePlan","article_modified_time":"2024-02-19T10:16:58+00:00","og_image":[{"width":1000,"height":1000,"url":"https:\/\/listings.mybikeplan.ch\/wp-content\/uploads\/2024\/02\/Bergstrom-XCV-829-1-1.jpg","type":"image\/jpeg"}],"twitter_card":"summary_large_image","schema":{"@context":"https:\/\/schema.org","@graph":[{"@type":"WebPage","@id":"https:\/\/listings.mybikeplan.ch\/fr\/produit\/bergstrom-xcv-829-light-blue\/","url":"https:\/\/listings.mybikeplan.ch\/fr\/produit\/bergstrom-xcv-829-light-blue\/","name":"Bergstrom XCV 829 | V\u00e9lo \u00e9lectrique | 0% d'int\u00e9r\u00eat","isPartOf":{"@id":"https:\/\/listings.mybikeplan.ch\/fr\/#website"},"primaryImageOfPage":{"@id":"https:\/\/listings.mybikeplan.ch\/fr\/produit\/bergstrom-xcv-829-light-blue\/#primaryimage"},"image":{"@id":"https:\/\/listings.mybikeplan.ch\/fr\/produit\/bergstrom-xcv-829-light-blue\/#primaryimage"},"thumbnailUrl":"https:\/\/listings.mybikeplan.ch\/wp-content\/uploads\/2024\/02\/Bergstrom-XCV-829-1-1.jpg","datePublished":"2024-02-14T12:11:37+00:00","dateModified":"2024-02-19T10:16:58+00:00","description":"Commande le Bergstrom XCV 829 v\u00e9lo \u00e9lectrique et profite d'une livraison gratuite en Suisse.","breadcrumb":{"@id":"https:\/\/listings.mybikeplan.ch\/fr\/produit\/bergstrom-xcv-829-light-blue\/#breadcrumb"},"inLanguage":"fr-FR","potentialAction":[{"@type":"ReadAction","target":["https:\/\/listings.mybikeplan.ch\/fr\/produit\/bergstrom-xcv-829-light-blue\/"]}]},{"@type":"ImageObject","inLanguage":"fr-FR","@id":"https:\/\/listings.mybikeplan.ch\/fr\/produit\/bergstrom-xcv-829-light-blue\/#primaryimage","url":"https:\/\/listings.mybikeplan.ch\/wp-content\/uploads\/2024\/02\/Bergstrom-XCV-829-1-1.jpg","contentUrl":"https:\/\/listings.mybikeplan.ch\/wp-content\/uploads\/2024\/02\/Bergstrom-XCV-829-1-1.jpg","width":1000,"height":1000},{"@type":"BreadcrumbList","@id":"https:\/\/listings.mybikeplan.ch\/fr\/produit\/bergstrom-xcv-829-light-blue\/#breadcrumb","itemListElement":[{"@type":"ListItem","position":1,"name":"Home","item":"https:\/\/listings.mybikeplan.ch\/fr\/home\/"},{"@type":"ListItem","position":2,"name":"Bergstrom XCV 829"}]},{"@type":"WebSite","@id":"https:\/\/listings.mybikeplan.ch\/fr\/#website","url":"https:\/\/listings.mybikeplan.ch\/fr\/","name":"MyBikePlan","description":"","potentialAction":[{"@type":"SearchAction","target":{"@type":"EntryPoint","urlTemplate":"https:\/\/listings.mybikeplan.ch\/fr\/?s={search_term_string}"},"query-input":{"@type":"PropertyValueSpecification","valueRequired":true,"valueName":"search_term_string"}}],"inLanguage":"fr-FR"}]}},"_links":{"self":[{"href":"https:\/\/listings.mybikeplan.ch\/fr\/wp-json\/wp\/v2\/product\/58212","targetHints":{"allow":["GET"]}}],"collection":[{"href":"https:\/\/listings.mybikeplan.ch\/fr\/wp-json\/wp\/v2\/product"}],"about":[{"href":"https:\/\/listings.mybikeplan.ch\/fr\/wp-json\/wp\/v2\/types\/product"}],"replies":[{"embeddable":true,"href":"https:\/\/listings.mybikeplan.ch\/fr\/wp-json\/wp\/v2\/comments?post=58212"}],"wp:featuredmedia":[{"embeddable":true,"href":"https:\/\/listings.mybikeplan.ch\/fr\/wp-json\/wp\/v2\/media\/58218"}],"wp:attachment":[{"href":"https:\/\/listings.mybikeplan.ch\/fr\/wp-json\/wp\/v2\/media?parent=58212"}],"wp:term":[{"taxonomy":"product_brand","embeddable":true,"href":"https:\/\/listings.mybikeplan.ch\/fr\/wp-json\/wp\/v2\/product_brand?post=58212"},{"taxonomy":"product_cat","embeddable":true,"href":"https:\/\/listings.mybikeplan.ch\/fr\/wp-json\/wp\/v2\/product_cat?post=58212"},{"taxonomy":"product_tag","embeddable":true,"href":"https:\/\/listings.mybikeplan.ch\/fr\/wp-json\/wp\/v2\/product_tag?post=58212"}],"curies":[{"name":"wp","href":"https:\/\/api.w.org\/{rel}","templated":true}]}}