{"id":57967,"date":"2024-02-13T13:02:30","date_gmt":"2024-02-13T13:02:36","guid":{"rendered":"https:\/\/listings.mybikeplan.ch\/?post_type=product&#038;p=57967"},"modified":"2024-02-14T15:06:48","modified_gmt":"2024-02-14T15:06:48","slug":"giant-trance-x-e-3-2","status":"publish","type":"product","link":"https:\/\/listings.mybikeplan.ch\/fr\/produit\/giant-trance-x-e-3-2\/","title":{"rendered":"Giant Trance X E+ 3"},"content":{"rendered":"<h2><b>Les faits importants sur le Giant Trance X E+ 3 :<\/b><\/h2>\n<div class=\"col-lg-6 col-12 specification ng-star-inserted expanded\">\n<ul>\n<li>E-TB tout suspendu avec 140 mm de d\u00e9battement \u00e0 l&rsquo;arri\u00e8re et 150 mm de d\u00e9battement \u00e0 l&rsquo;avant<\/li>\n<li>Moteur puissant de 85 Nm<\/li>\n<li>Assistance jusqu&rsquo;\u00e0 400% de ta propre force musculaire<\/li>\n<\/ul>\n<\/div>\n<h2><b>Le Giant Trance X E+ 3 est parfait pour toi si tu :<\/b><\/h2>\n<ul>\n<li style=\"font-weight: 400;\" aria-level=\"1\">tu es \u00e0 la recherche d&rsquo;un VTT \u00e9lectrique de haute qualit\u00e9<\/li>\n<li style=\"font-weight: 400;\" aria-level=\"1\">tu ne fais pas de compromis sur la qualit\u00e9<\/li>\n<li style=\"font-weight: 400;\" aria-level=\"1\">tu veux relever un nouveau d\u00e9fi<\/li>\n<\/ul>\n<h2><b>Recommandation de taille:<\/b><\/h2>\n<ul>\n<li>S = 163 &#8211; 174 cm<\/li>\n<li>M = 171 &#8211; 182 cm<\/li>\n<li>L = 179 &#8211; 190 cm<\/li>\n<\/ul>\n","protected":false},"excerpt":{"rendered":"<h2>Giant Trance X E+ 3<\/h2>\n<p>Le moteur SyncDrive Pro offre une puissance suffisante avec un couple de 85 Nm et une assistance r\u00e9glable jusqu&rsquo;\u00e0 400% de ta propre force musculaire. La technologie Smart Assist assure une sensation de conduite douce et naturelle malgr\u00e9 l&rsquo;immense puissance, et intervient de mani\u00e8re intelligemment dos\u00e9e d\u00e8s que tu appliques ta force sur les p\u00e9dales. Tu disposes ainsi toujours du soutien ad\u00e9quat, m\u00eame dans les pentes raides et \u00e0 faible vitesse.<\/p>\n<p>Le syst\u00e8me de suspension Maestro est parfaitement adapt\u00e9 aux roues de 29 pouces. Avec 140 mm de d\u00e9battement \u00e0 l&rsquo;arri\u00e8re et 150 mm de d\u00e9battement \u00e0 l&rsquo;avant, le Trance roule souverainement et tranquillement sur les passages de racines difficiles ou sur les terrains techniquement exigeants et te donne la confiance n\u00e9cessaire pour ma\u00eetriser avec brio m\u00eame les singletracks les plus rudes.<\/p>\n<p>La nouvelle fonction Flip-Chip te permet de modifier l&rsquo;angle du tube de direction et du tube de selle ainsi que la hauteur du bo\u00eetier de p\u00e9dalier afin d&rsquo;adapter le comportement du v\u00e9lo aux diff\u00e9rentes conditions des sentiers et \u00e0 ton style de conduite personnel. Tu peux ainsi modifier toute la g\u00e9om\u00e9trie et choisir entre une position basse pour un terrain rapide et agressif ou une position haute pour une assise plut\u00f4t orient\u00e9e XC.<\/p>\n<h2><b>\u00c0 propos de Giant<\/b><\/h2>\n<div class=\"pb-5 mt-5 \">\n<div class=\"container\">\n<div class=\"row align-items-center null\">\n<div class=\"col-12 col-lg-6\">\n<div class=\"row\">\n<div class=\"col-12 col-lg-9\">\n<div id=\"\" class=\"Typography_bodyLg__zXP4k text-secondary\">\n<p>GIANT est LE fabricant de v\u00e9los par excellence : depuis plus de 40 ans, l&rsquo;entreprise \u00e9tablit de nouvelles normes sur le march\u00e9 du v\u00e9lo &#8211; derni\u00e8rement avec ses v\u00e9los \u00e9lectriques GIANT innovants, qui enthousiasment par leurs composants de haute qualit\u00e9 et leur innovation intelligente. La meilleure qualit\u00e9 d&rsquo;une marque traditionnelle \u00e9tablie t&rsquo;attend ici.<\/p>\n<\/div>\n<\/div>\n<\/div>\n<\/div>\n<\/div>\n<\/div>\n<\/div>\n","protected":false},"featured_media":57976,"comment_status":"open","ping_status":"closed","template":"","meta":{"_acf_changed":false},"product_brand":[],"product_cat":[10082,10157,10160,10159,10184,10186,10123,10080,10170,10171,11795,10096],"product_tag":[],"class_list":{"0":"post-57967","1":"product","2":"type-product","3":"status-publish","4":"has-post-thumbnail","6":"product_cat-25-km","7":"product_cat-e-bikes","8":"product_cat-e-mountain-fully","9":"product_cat-e-mountain","10":"product_cat-femmes","11":"product_cat-hommes","12":"product_cat-marque-giant","13":"product_cat-mybikeplan","14":"product_cat-orange","15":"product_cat-rouge","16":"product_cat-sale_250","17":"product_cat-alle-e-bikes","18":"pa_back-wheel-maxxis-dissector-29x2-6-foldable-tubeless-exo-3c-maxxterra-fr","19":"pa_battery-giant-energypak-750wh-lithium-cell-technology-aluminium-casing-with-highest-safety-standard-en50604-co2-neutral-production-giant-energypak-plus-250-range-extender-compatible-fr","20":"pa_battery-size-750-wh","21":"pa_brakes-front-shimano-br-m420-4-piston-hydraulic-disc-203mm-fr","22":"pa_brakes-rear-shimano-br-m420-4-piston-hydraulic-disc-203mm-fr","23":"pa_brand-giant","24":"pa_filters-color-orange","25":"pa_filters-color-rouge","26":"pa_fork-rockshox-35-gold-rl-debonair-150mm-travel-44mm-offset-motioncontroltm-rebound-and-lockout-control-15x110-boost-maxle-stealth-e-mtb-optimized-fr","27":"pa_frame-variant-diamant","28":"pa_front-wheel-maxxis-minion-dhf-29x2-6-foldable-tubeless-exo-3c-maxxterra-fr","29":"pa_gear-change-shimano-deore-12-speed-fr-2","30":"pa_gears-12-gaenge-fr","31":"pa_hex-color-453234-fr","32":"pa_motor-giant-syncdrive-pro2-85nm-pedalplus-6-sensor-technology-fr","33":"pa_rider-height-160-165-cm","34":"pa_rider-height-165-170-cm","35":"pa_rider-height-170-175-cm","36":"pa_rider-height-175-180-cm","37":"pa_rider-height-180-185-cm","38":"pa_rider-height-185-190-cm","39":"pa_seat-tube-length-l-fr","40":"pa_seat-tube-length-m-fr","41":"pa_seat-tube-length-s-fr","42":"pa_sizes-l-fr","43":"pa_sizes-m-fr","44":"pa_sizes-s-fr","45":"pa_speed-25-km-heure","46":"pa_suspension-travel-140-mm-a-larriere-150-mm-a-lavant","47":"pa_wheel-size-29-fr","49":"first","50":"instock","51":"shipping-taxable","52":"purchasable","53":"product-type-variable"},"acf":[],"yoast_head":"<!-- This site is optimized with the Yoast SEO plugin v24.5 - https:\/\/yoast.com\/wordpress\/plugins\/seo\/ -->\n<title>Giant Trance X E+ 3 | E-Bike | 0% d&#039;int\u00e9r\u00eat<\/title>\n<meta name=\"description\" content=\"Commande le Giant Trance X E+ 3, E-Bike, avec paiements mensuels et 0% d&#039;int\u00e9r\u00eat et profite d&#039;une livraison gratuite en Suisse.\" \/>\n<meta name=\"robots\" content=\"noindex, follow, max-snippet:-1, max-image-preview:large, max-video-preview:-1\" \/>\n<meta property=\"og:locale\" content=\"fr_FR\" \/>\n<meta property=\"og:type\" content=\"article\" \/>\n<meta property=\"og:title\" content=\"Giant Trance X E+ 3 | E-Bike | 0% d&#039;int\u00e9r\u00eat\" \/>\n<meta property=\"og:description\" content=\"Commande le Giant Trance X E+ 3, E-Bike, avec paiements mensuels et 0% d&#039;int\u00e9r\u00eat et profite d&#039;une livraison gratuite en Suisse.\" \/>\n<meta property=\"og:url\" content=\"https:\/\/listings.mybikeplan.ch\/fr\/produit\/giant-trance-x-e-3-2\/\" \/>\n<meta property=\"og:site_name\" content=\"MyBikePlan\" \/>\n<meta property=\"article:modified_time\" content=\"2024-02-14T15:06:48+00:00\" \/>\n<meta property=\"og:image\" content=\"https:\/\/listings.mybikeplan.ch\/wp-content\/uploads\/2024\/02\/Giant-Trance-X-E-3.jpg\" \/>\n\t<meta property=\"og:image:width\" content=\"1000\" \/>\n\t<meta property=\"og:image:height\" content=\"1000\" \/>\n\t<meta property=\"og:image:type\" content=\"image\/jpeg\" \/>\n<meta name=\"twitter:card\" content=\"summary_large_image\" \/>\n<script type=\"application\/ld+json\" class=\"yoast-schema-graph\">{\"@context\":\"https:\/\/schema.org\",\"@graph\":[{\"@type\":\"WebPage\",\"@id\":\"https:\/\/listings.mybikeplan.ch\/fr\/produit\/giant-trance-x-e-3-2\/\",\"url\":\"https:\/\/listings.mybikeplan.ch\/fr\/produit\/giant-trance-x-e-3-2\/\",\"name\":\"Giant Trance X E+ 3 | E-Bike | 0% d'int\u00e9r\u00eat\",\"isPartOf\":{\"@id\":\"https:\/\/listings.mybikeplan.ch\/fr\/#website\"},\"primaryImageOfPage\":{\"@id\":\"https:\/\/listings.mybikeplan.ch\/fr\/produit\/giant-trance-x-e-3-2\/#primaryimage\"},\"image\":{\"@id\":\"https:\/\/listings.mybikeplan.ch\/fr\/produit\/giant-trance-x-e-3-2\/#primaryimage\"},\"thumbnailUrl\":\"https:\/\/listings.mybikeplan.ch\/wp-content\/uploads\/2024\/02\/Giant-Trance-X-E-3.jpg\",\"datePublished\":\"2024-02-13T13:02:36+00:00\",\"dateModified\":\"2024-02-14T15:06:48+00:00\",\"description\":\"Commande le Giant Trance X E+ 3, E-Bike, avec paiements mensuels et 0% d'int\u00e9r\u00eat et profite d'une livraison gratuite en Suisse.\",\"breadcrumb\":{\"@id\":\"https:\/\/listings.mybikeplan.ch\/fr\/produit\/giant-trance-x-e-3-2\/#breadcrumb\"},\"inLanguage\":\"fr-FR\",\"potentialAction\":[{\"@type\":\"ReadAction\",\"target\":[\"https:\/\/listings.mybikeplan.ch\/fr\/produit\/giant-trance-x-e-3-2\/\"]}]},{\"@type\":\"ImageObject\",\"inLanguage\":\"fr-FR\",\"@id\":\"https:\/\/listings.mybikeplan.ch\/fr\/produit\/giant-trance-x-e-3-2\/#primaryimage\",\"url\":\"https:\/\/listings.mybikeplan.ch\/wp-content\/uploads\/2024\/02\/Giant-Trance-X-E-3.jpg\",\"contentUrl\":\"https:\/\/listings.mybikeplan.ch\/wp-content\/uploads\/2024\/02\/Giant-Trance-X-E-3.jpg\",\"width\":1000,\"height\":1000},{\"@type\":\"BreadcrumbList\",\"@id\":\"https:\/\/listings.mybikeplan.ch\/fr\/produit\/giant-trance-x-e-3-2\/#breadcrumb\",\"itemListElement\":[{\"@type\":\"ListItem\",\"position\":1,\"name\":\"Home\",\"item\":\"https:\/\/listings.mybikeplan.ch\/fr\/home\/\"},{\"@type\":\"ListItem\",\"position\":2,\"name\":\"Giant Trance X E+ 3\"}]},{\"@type\":\"WebSite\",\"@id\":\"https:\/\/listings.mybikeplan.ch\/fr\/#website\",\"url\":\"https:\/\/listings.mybikeplan.ch\/fr\/\",\"name\":\"MyBikePlan\",\"description\":\"\",\"potentialAction\":[{\"@type\":\"SearchAction\",\"target\":{\"@type\":\"EntryPoint\",\"urlTemplate\":\"https:\/\/listings.mybikeplan.ch\/fr\/?s={search_term_string}\"},\"query-input\":{\"@type\":\"PropertyValueSpecification\",\"valueRequired\":true,\"valueName\":\"search_term_string\"}}],\"inLanguage\":\"fr-FR\"}]}<\/script>\n<!-- \/ Yoast SEO plugin. -->","yoast_head_json":{"title":"Giant Trance X E+ 3 | E-Bike | 0% d'int\u00e9r\u00eat","description":"Commande le Giant Trance X E+ 3, E-Bike, avec paiements mensuels et 0% d'int\u00e9r\u00eat et profite d'une livraison gratuite en Suisse.","robots":{"index":"noindex","follow":"follow","max-snippet":"max-snippet:-1","max-image-preview":"max-image-preview:large","max-video-preview":"max-video-preview:-1"},"og_locale":"fr_FR","og_type":"article","og_title":"Giant Trance X E+ 3 | E-Bike | 0% d'int\u00e9r\u00eat","og_description":"Commande le Giant Trance X E+ 3, E-Bike, avec paiements mensuels et 0% d'int\u00e9r\u00eat et profite d'une livraison gratuite en Suisse.","og_url":"https:\/\/listings.mybikeplan.ch\/fr\/produit\/giant-trance-x-e-3-2\/","og_site_name":"MyBikePlan","article_modified_time":"2024-02-14T15:06:48+00:00","og_image":[{"width":1000,"height":1000,"url":"https:\/\/listings.mybikeplan.ch\/wp-content\/uploads\/2024\/02\/Giant-Trance-X-E-3.jpg","type":"image\/jpeg"}],"twitter_card":"summary_large_image","schema":{"@context":"https:\/\/schema.org","@graph":[{"@type":"WebPage","@id":"https:\/\/listings.mybikeplan.ch\/fr\/produit\/giant-trance-x-e-3-2\/","url":"https:\/\/listings.mybikeplan.ch\/fr\/produit\/giant-trance-x-e-3-2\/","name":"Giant Trance X E+ 3 | E-Bike | 0% d'int\u00e9r\u00eat","isPartOf":{"@id":"https:\/\/listings.mybikeplan.ch\/fr\/#website"},"primaryImageOfPage":{"@id":"https:\/\/listings.mybikeplan.ch\/fr\/produit\/giant-trance-x-e-3-2\/#primaryimage"},"image":{"@id":"https:\/\/listings.mybikeplan.ch\/fr\/produit\/giant-trance-x-e-3-2\/#primaryimage"},"thumbnailUrl":"https:\/\/listings.mybikeplan.ch\/wp-content\/uploads\/2024\/02\/Giant-Trance-X-E-3.jpg","datePublished":"2024-02-13T13:02:36+00:00","dateModified":"2024-02-14T15:06:48+00:00","description":"Commande le Giant Trance X E+ 3, E-Bike, avec paiements mensuels et 0% d'int\u00e9r\u00eat et profite d'une livraison gratuite en Suisse.","breadcrumb":{"@id":"https:\/\/listings.mybikeplan.ch\/fr\/produit\/giant-trance-x-e-3-2\/#breadcrumb"},"inLanguage":"fr-FR","potentialAction":[{"@type":"ReadAction","target":["https:\/\/listings.mybikeplan.ch\/fr\/produit\/giant-trance-x-e-3-2\/"]}]},{"@type":"ImageObject","inLanguage":"fr-FR","@id":"https:\/\/listings.mybikeplan.ch\/fr\/produit\/giant-trance-x-e-3-2\/#primaryimage","url":"https:\/\/listings.mybikeplan.ch\/wp-content\/uploads\/2024\/02\/Giant-Trance-X-E-3.jpg","contentUrl":"https:\/\/listings.mybikeplan.ch\/wp-content\/uploads\/2024\/02\/Giant-Trance-X-E-3.jpg","width":1000,"height":1000},{"@type":"BreadcrumbList","@id":"https:\/\/listings.mybikeplan.ch\/fr\/produit\/giant-trance-x-e-3-2\/#breadcrumb","itemListElement":[{"@type":"ListItem","position":1,"name":"Home","item":"https:\/\/listings.mybikeplan.ch\/fr\/home\/"},{"@type":"ListItem","position":2,"name":"Giant Trance X E+ 3"}]},{"@type":"WebSite","@id":"https:\/\/listings.mybikeplan.ch\/fr\/#website","url":"https:\/\/listings.mybikeplan.ch\/fr\/","name":"MyBikePlan","description":"","potentialAction":[{"@type":"SearchAction","target":{"@type":"EntryPoint","urlTemplate":"https:\/\/listings.mybikeplan.ch\/fr\/?s={search_term_string}"},"query-input":{"@type":"PropertyValueSpecification","valueRequired":true,"valueName":"search_term_string"}}],"inLanguage":"fr-FR"}]}},"_links":{"self":[{"href":"https:\/\/listings.mybikeplan.ch\/fr\/wp-json\/wp\/v2\/product\/57967","targetHints":{"allow":["GET"]}}],"collection":[{"href":"https:\/\/listings.mybikeplan.ch\/fr\/wp-json\/wp\/v2\/product"}],"about":[{"href":"https:\/\/listings.mybikeplan.ch\/fr\/wp-json\/wp\/v2\/types\/product"}],"replies":[{"embeddable":true,"href":"https:\/\/listings.mybikeplan.ch\/fr\/wp-json\/wp\/v2\/comments?post=57967"}],"wp:featuredmedia":[{"embeddable":true,"href":"https:\/\/listings.mybikeplan.ch\/fr\/wp-json\/wp\/v2\/media\/57976"}],"wp:attachment":[{"href":"https:\/\/listings.mybikeplan.ch\/fr\/wp-json\/wp\/v2\/media?parent=57967"}],"wp:term":[{"taxonomy":"product_brand","embeddable":true,"href":"https:\/\/listings.mybikeplan.ch\/fr\/wp-json\/wp\/v2\/product_brand?post=57967"},{"taxonomy":"product_cat","embeddable":true,"href":"https:\/\/listings.mybikeplan.ch\/fr\/wp-json\/wp\/v2\/product_cat?post=57967"},{"taxonomy":"product_tag","embeddable":true,"href":"https:\/\/listings.mybikeplan.ch\/fr\/wp-json\/wp\/v2\/product_tag?post=57967"}],"curies":[{"name":"wp","href":"https:\/\/api.w.org\/{rel}","templated":true}]}}