{"id":57653,"date":"2024-02-08T10:51:37","date_gmt":"2024-02-08T10:51:46","guid":{"rendered":"https:\/\/listings.mybikeplan.ch\/?post_type=product&#038;p=57653"},"modified":"2025-03-13T09:42:36","modified_gmt":"2025-03-13T09:42:36","slug":"cilo-urbanflea-ccl03-grey","status":"publish","type":"product","link":"https:\/\/listings.mybikeplan.ch\/fr\/produit\/cilo-urbanflea-ccl03-grey\/","title":{"rendered":"Cilo Urbanflea CCL\u00b003"},"content":{"rendered":"<h2><b>Les faits importants sur le Cilo Urbanflea CCL\u00b003 grey:<\/b><\/h2>\n<div class=\"col-lg-6 col-12 specification ng-star-inserted expanded\">\n<ul>\n<li>Parfait pour la ville<\/li>\n<li class=\"row\"><span class=\"col-8 text-break fadeable\">Moteur Shimano Steps E5000, 40Nm<\/span><\/li>\n<li>Batterie Shimano BT-E8035, 504 Wh<\/li>\n<\/ul>\n<\/div>\n<h2><b>Le Cilo Urbanflea CCL\u00b003 Blue est parfait pour toi si tu :<\/b><\/h2>\n<ul>\n<li style=\"font-weight: 400;\" aria-level=\"1\"><span style=\"font-weight: 400;\">vis en ville<\/span><\/li>\n<li style=\"font-weight: 400;\" aria-level=\"1\"><span style=\"font-weight: 400;\">veux organiser efficacement ta vie quotidienne<\/span><\/li>\n<li style=\"font-weight: 400;\" aria-level=\"1\"><span style=\"font-weight: 400;\">veux g\u00e9rer ton trajet moyennement long vers le travail de mani\u00e8re sportive, efficace en termes de temps et sans transpiration<\/span><\/li>\n<\/ul>\n<h2><b>Recommandation de taille:<\/b><\/h2>\n<ul>\n<li><span style=\"font-weight: 400;\">S : 44cm = 160cm &#8211; 170cm<\/span><\/li>\n<li><span style=\"font-weight: 400;\">M : 48cm = 170cm &#8211; 185cm<\/span><\/li>\n<\/ul>\n","protected":false},"excerpt":{"rendered":"<h2><b>Cilo Urbanflea CCL\u00b003<\/b><\/h2>\n<p>Si tu aimes faire du v\u00e9lo en ville et que tu souhaites rouler en toute d\u00e9contraction, un v\u00e9lo E-City est la bonne d\u00e9cision. Le moteur \u00e9lectrique t&rsquo;aide si n\u00e9cessaire, chaque tour devient ainsi un jeu d&rsquo;enfant et tu profites toujours pleinement du plaisir de conduire. Le mod\u00e8le City CCL\u00b003 t&rsquo;offre une mobilit\u00e9 \u00e9lectrique flexible, ind\u00e9pendante et optimale pour les courts et longs trajets. Que ce soit pour gagner du temps, par amour du confort ou parce que l&rsquo;assistance du moteur est n\u00e9cessaire, le v\u00e9lo de ville \u00e9lectronique est toujours amusant et facilite beaucoup de choses.<\/p>\n<h2><b>\u00c0 propos de Cilo<\/b><\/h2>\n<p><span style=\"font-weight: 400;\"><a href=\"https:\/\/www.mybikeplan.ch\/fr\/marques\/cilo-ebikes\">Cilo<\/a> est la marque de v\u00e9lo suisse par r\u00e9f\u00e9rence. Cr\u00e9\u00e9e en 1904, Cilo est une marque pleine de valeurs et de savoir-faire. Il ne cesse de progresser en termes d\u2019innovation et souhaite offrir \u00e0 ses utilisateurs le confort et la maniabilit\u00e9 de leur v\u00e9lo. Leur offre est large puisqu\u2019ils offrent des Mountain E-Bikes, Trekking E-Bikes et City E-Bikes.<\/span><\/p>\n","protected":false},"featured_media":57664,"comment_status":"open","ping_status":"closed","template":"","meta":{"_acf_changed":false},"product_brand":[],"product_cat":[10082,10157,10163,10184,10168,10192,10186,10108,10080,10190,10193,10096,10188],"product_tag":[],"class_list":{"0":"post-57653","1":"product","2":"type-product","3":"status-publish","4":"has-post-thumbnail","6":"product_cat-25-km","7":"product_cat-e-bikes","8":"product_cat-e-urban","9":"product_cat-femmes","10":"product_cat-gris","11":"product_cat-homepage","12":"product_cat-hommes","13":"product_cat-marque-cilo","14":"product_cat-mybikeplan","15":"product_cat-swiss-made","16":"product_cat-top-modeles","17":"product_cat-alle-e-bikes","18":"product_cat-wave","19":"pa_battery-size-504-wh","20":"pa_brakes-front-shimano-br-mt200-hydr-disc-brake-180mm-fr","21":"pa_filters-color-gris","22":"pa_frame-variant-wave","23":"pa_gears-9-vitesses","24":"pa_max-weight-130-kg","25":"pa_rider-height-160-165-cm","26":"pa_rider-height-165-170-cm","27":"pa_rider-height-170-175-cm","28":"pa_rider-height-175-180-cm","29":"pa_rider-height-180-185-cm","30":"pa_seat-tube-length-44-cm-fr","31":"pa_sizes-m-fr","32":"pa_sizes-s-fr","33":"pa_speed-25-km-heure","34":"pa_suspension-travel-63-mm-fr","35":"pa_wheel-size-28-fr","37":"first","38":"instock","39":"shipping-taxable","40":"purchasable","41":"product-type-variable"},"acf":[],"yoast_head":"<!-- This site is optimized with the Yoast SEO plugin v24.5 - https:\/\/yoast.com\/wordpress\/plugins\/seo\/ -->\n<title>Cilo Urbanflea CCL\u00b003 | \u00c0 partir de CHF 63 par mois | 0% d&#039;int\u00e9r\u00eat<\/title>\n<meta name=\"description\" content=\"Commande le Cilo Urbanflea CCL\u00b003 d\u00e8s maintenant \u00e0 partir de 63 CHF par mois et profite d&#039;une livraison gratuite en Suisse.\" \/>\n<meta name=\"robots\" content=\"noindex, follow, max-snippet:-1, max-image-preview:large, max-video-preview:-1\" \/>\n<meta property=\"og:locale\" content=\"fr_FR\" \/>\n<meta property=\"og:type\" content=\"article\" \/>\n<meta property=\"og:title\" content=\"Cilo Urbanflea CCL\u00b003 | \u00c0 partir de CHF 63 par mois | 0% d&#039;int\u00e9r\u00eat\" \/>\n<meta property=\"og:description\" content=\"Commande le Cilo Urbanflea CCL\u00b003 d\u00e8s maintenant \u00e0 partir de 63 CHF par mois et profite d&#039;une livraison gratuite en Suisse.\" \/>\n<meta property=\"og:url\" content=\"https:\/\/listings.mybikeplan.ch\/fr\/produit\/cilo-urbanflea-ccl03-grey\/\" \/>\n<meta property=\"og:site_name\" content=\"MyBikePlan\" \/>\n<meta property=\"article:modified_time\" content=\"2025-03-13T09:42:36+00:00\" \/>\n<meta property=\"og:image\" content=\"https:\/\/listings.mybikeplan.ch\/wp-content\/uploads\/2024\/02\/Cilo-Urbanflea-CCL\u00b003.jpg\" \/>\n\t<meta property=\"og:image:width\" content=\"1000\" \/>\n\t<meta property=\"og:image:height\" content=\"1000\" \/>\n\t<meta property=\"og:image:type\" content=\"image\/jpeg\" \/>\n<meta name=\"twitter:card\" content=\"summary_large_image\" \/>\n<script type=\"application\/ld+json\" class=\"yoast-schema-graph\">{\"@context\":\"https:\/\/schema.org\",\"@graph\":[{\"@type\":\"WebPage\",\"@id\":\"https:\/\/listings.mybikeplan.ch\/fr\/produit\/cilo-urbanflea-ccl03-grey\/\",\"url\":\"https:\/\/listings.mybikeplan.ch\/fr\/produit\/cilo-urbanflea-ccl03-grey\/\",\"name\":\"Cilo Urbanflea CCL\u00b003 | \u00c0 partir de CHF 63 par mois | 0% d'int\u00e9r\u00eat\",\"isPartOf\":{\"@id\":\"https:\/\/listings.mybikeplan.ch\/fr\/#website\"},\"primaryImageOfPage\":{\"@id\":\"https:\/\/listings.mybikeplan.ch\/fr\/produit\/cilo-urbanflea-ccl03-grey\/#primaryimage\"},\"image\":{\"@id\":\"https:\/\/listings.mybikeplan.ch\/fr\/produit\/cilo-urbanflea-ccl03-grey\/#primaryimage\"},\"thumbnailUrl\":\"https:\/\/listings.mybikeplan.ch\/wp-content\/uploads\/2024\/02\/Cilo-Urbanflea-CCL\u00b003.jpg\",\"datePublished\":\"2024-02-08T10:51:46+00:00\",\"dateModified\":\"2025-03-13T09:42:36+00:00\",\"description\":\"Commande le Cilo Urbanflea CCL\u00b003 d\u00e8s maintenant \u00e0 partir de 63 CHF par mois et profite d'une livraison gratuite en Suisse.\",\"breadcrumb\":{\"@id\":\"https:\/\/listings.mybikeplan.ch\/fr\/produit\/cilo-urbanflea-ccl03-grey\/#breadcrumb\"},\"inLanguage\":\"fr-FR\",\"potentialAction\":[{\"@type\":\"ReadAction\",\"target\":[\"https:\/\/listings.mybikeplan.ch\/fr\/produit\/cilo-urbanflea-ccl03-grey\/\"]}]},{\"@type\":\"ImageObject\",\"inLanguage\":\"fr-FR\",\"@id\":\"https:\/\/listings.mybikeplan.ch\/fr\/produit\/cilo-urbanflea-ccl03-grey\/#primaryimage\",\"url\":\"https:\/\/listings.mybikeplan.ch\/wp-content\/uploads\/2024\/02\/Cilo-Urbanflea-CCL\u00b003.jpg\",\"contentUrl\":\"https:\/\/listings.mybikeplan.ch\/wp-content\/uploads\/2024\/02\/Cilo-Urbanflea-CCL\u00b003.jpg\",\"width\":1000,\"height\":1000},{\"@type\":\"BreadcrumbList\",\"@id\":\"https:\/\/listings.mybikeplan.ch\/fr\/produit\/cilo-urbanflea-ccl03-grey\/#breadcrumb\",\"itemListElement\":[{\"@type\":\"ListItem\",\"position\":1,\"name\":\"Home\",\"item\":\"https:\/\/listings.mybikeplan.ch\/fr\/home\/\"},{\"@type\":\"ListItem\",\"position\":2,\"name\":\"Cilo Urbanflea CCL\u00b003\"}]},{\"@type\":\"WebSite\",\"@id\":\"https:\/\/listings.mybikeplan.ch\/fr\/#website\",\"url\":\"https:\/\/listings.mybikeplan.ch\/fr\/\",\"name\":\"MyBikePlan\",\"description\":\"\",\"potentialAction\":[{\"@type\":\"SearchAction\",\"target\":{\"@type\":\"EntryPoint\",\"urlTemplate\":\"https:\/\/listings.mybikeplan.ch\/fr\/?s={search_term_string}\"},\"query-input\":{\"@type\":\"PropertyValueSpecification\",\"valueRequired\":true,\"valueName\":\"search_term_string\"}}],\"inLanguage\":\"fr-FR\"}]}<\/script>\n<!-- \/ Yoast SEO plugin. -->","yoast_head_json":{"title":"Cilo Urbanflea CCL\u00b003 | \u00c0 partir de CHF 63 par mois | 0% d'int\u00e9r\u00eat","description":"Commande le Cilo Urbanflea CCL\u00b003 d\u00e8s maintenant \u00e0 partir de 63 CHF par mois et profite d'une livraison gratuite en Suisse.","robots":{"index":"noindex","follow":"follow","max-snippet":"max-snippet:-1","max-image-preview":"max-image-preview:large","max-video-preview":"max-video-preview:-1"},"og_locale":"fr_FR","og_type":"article","og_title":"Cilo Urbanflea CCL\u00b003 | \u00c0 partir de CHF 63 par mois | 0% d'int\u00e9r\u00eat","og_description":"Commande le Cilo Urbanflea CCL\u00b003 d\u00e8s maintenant \u00e0 partir de 63 CHF par mois et profite d'une livraison gratuite en Suisse.","og_url":"https:\/\/listings.mybikeplan.ch\/fr\/produit\/cilo-urbanflea-ccl03-grey\/","og_site_name":"MyBikePlan","article_modified_time":"2025-03-13T09:42:36+00:00","og_image":[{"width":1000,"height":1000,"url":"https:\/\/listings.mybikeplan.ch\/wp-content\/uploads\/2024\/02\/Cilo-Urbanflea-CCL\u00b003.jpg","type":"image\/jpeg"}],"twitter_card":"summary_large_image","schema":{"@context":"https:\/\/schema.org","@graph":[{"@type":"WebPage","@id":"https:\/\/listings.mybikeplan.ch\/fr\/produit\/cilo-urbanflea-ccl03-grey\/","url":"https:\/\/listings.mybikeplan.ch\/fr\/produit\/cilo-urbanflea-ccl03-grey\/","name":"Cilo Urbanflea CCL\u00b003 | \u00c0 partir de CHF 63 par mois | 0% d'int\u00e9r\u00eat","isPartOf":{"@id":"https:\/\/listings.mybikeplan.ch\/fr\/#website"},"primaryImageOfPage":{"@id":"https:\/\/listings.mybikeplan.ch\/fr\/produit\/cilo-urbanflea-ccl03-grey\/#primaryimage"},"image":{"@id":"https:\/\/listings.mybikeplan.ch\/fr\/produit\/cilo-urbanflea-ccl03-grey\/#primaryimage"},"thumbnailUrl":"https:\/\/listings.mybikeplan.ch\/wp-content\/uploads\/2024\/02\/Cilo-Urbanflea-CCL\u00b003.jpg","datePublished":"2024-02-08T10:51:46+00:00","dateModified":"2025-03-13T09:42:36+00:00","description":"Commande le Cilo Urbanflea CCL\u00b003 d\u00e8s maintenant \u00e0 partir de 63 CHF par mois et profite d'une livraison gratuite en Suisse.","breadcrumb":{"@id":"https:\/\/listings.mybikeplan.ch\/fr\/produit\/cilo-urbanflea-ccl03-grey\/#breadcrumb"},"inLanguage":"fr-FR","potentialAction":[{"@type":"ReadAction","target":["https:\/\/listings.mybikeplan.ch\/fr\/produit\/cilo-urbanflea-ccl03-grey\/"]}]},{"@type":"ImageObject","inLanguage":"fr-FR","@id":"https:\/\/listings.mybikeplan.ch\/fr\/produit\/cilo-urbanflea-ccl03-grey\/#primaryimage","url":"https:\/\/listings.mybikeplan.ch\/wp-content\/uploads\/2024\/02\/Cilo-Urbanflea-CCL\u00b003.jpg","contentUrl":"https:\/\/listings.mybikeplan.ch\/wp-content\/uploads\/2024\/02\/Cilo-Urbanflea-CCL\u00b003.jpg","width":1000,"height":1000},{"@type":"BreadcrumbList","@id":"https:\/\/listings.mybikeplan.ch\/fr\/produit\/cilo-urbanflea-ccl03-grey\/#breadcrumb","itemListElement":[{"@type":"ListItem","position":1,"name":"Home","item":"https:\/\/listings.mybikeplan.ch\/fr\/home\/"},{"@type":"ListItem","position":2,"name":"Cilo Urbanflea CCL\u00b003"}]},{"@type":"WebSite","@id":"https:\/\/listings.mybikeplan.ch\/fr\/#website","url":"https:\/\/listings.mybikeplan.ch\/fr\/","name":"MyBikePlan","description":"","potentialAction":[{"@type":"SearchAction","target":{"@type":"EntryPoint","urlTemplate":"https:\/\/listings.mybikeplan.ch\/fr\/?s={search_term_string}"},"query-input":{"@type":"PropertyValueSpecification","valueRequired":true,"valueName":"search_term_string"}}],"inLanguage":"fr-FR"}]}},"_links":{"self":[{"href":"https:\/\/listings.mybikeplan.ch\/fr\/wp-json\/wp\/v2\/product\/57653","targetHints":{"allow":["GET"]}}],"collection":[{"href":"https:\/\/listings.mybikeplan.ch\/fr\/wp-json\/wp\/v2\/product"}],"about":[{"href":"https:\/\/listings.mybikeplan.ch\/fr\/wp-json\/wp\/v2\/types\/product"}],"replies":[{"embeddable":true,"href":"https:\/\/listings.mybikeplan.ch\/fr\/wp-json\/wp\/v2\/comments?post=57653"}],"wp:featuredmedia":[{"embeddable":true,"href":"https:\/\/listings.mybikeplan.ch\/fr\/wp-json\/wp\/v2\/media\/57664"}],"wp:attachment":[{"href":"https:\/\/listings.mybikeplan.ch\/fr\/wp-json\/wp\/v2\/media?parent=57653"}],"wp:term":[{"taxonomy":"product_brand","embeddable":true,"href":"https:\/\/listings.mybikeplan.ch\/fr\/wp-json\/wp\/v2\/product_brand?post=57653"},{"taxonomy":"product_cat","embeddable":true,"href":"https:\/\/listings.mybikeplan.ch\/fr\/wp-json\/wp\/v2\/product_cat?post=57653"},{"taxonomy":"product_tag","embeddable":true,"href":"https:\/\/listings.mybikeplan.ch\/fr\/wp-json\/wp\/v2\/product_tag?post=57653"}],"curies":[{"name":"wp","href":"https:\/\/api.w.org\/{rel}","templated":true}]}}