{"id":57619,"date":"2024-02-08T10:17:08","date_gmt":"2024-02-08T10:17:15","guid":{"rendered":"https:\/\/listings.mybikeplan.ch\/?post_type=product&#038;p=57619"},"modified":"2024-02-19T10:04:31","modified_gmt":"2024-02-19T10:04:31","slug":"cilo-cityliner-ccl05","status":"publish","type":"product","link":"https:\/\/listings.mybikeplan.ch\/fr\/produit\/cilo-cityliner-ccl05\/","title":{"rendered":"Cilo Cityliner CCL\u00b005+"},"content":{"rendered":"<h2><b>Le plus important sur le Cilo Cityliner CCL\u00b005+ :<\/b><\/h2>\n<ul>\n<li style=\"font-weight: 400;\" aria-level=\"1\">E-Bike de ville polyvalent avec porte-bagages<\/li>\n<li style=\"font-weight: 400;\" aria-level=\"1\">Moteur puissant de 85 Nm : id\u00e9al pour tracter une remorque !<\/li>\n<li style=\"font-weight: 400;\" aria-level=\"1\">Batterie Bosch PowerTube de 750 Wh<\/li>\n<\/ul>\n<h2><b>Le Cilo Cityliner CCL\u00b005+ est parfait pour toi, si tu :<\/b><\/h2>\n<ul>\n<li style=\"font-weight: 400;\" aria-level=\"1\">tu habites en ville ou tu te d\u00e9places beaucoup en ville<\/li>\n<li style=\"font-weight: 400;\" aria-level=\"1\">tu cherches un E-Bike fiable pour faire tes courses et pour le quotidien<\/li>\n<li style=\"font-weight: 400;\" aria-level=\"1\">tu veux tracter une remorque ou fixer un si\u00e8ge enfant avec ton E-Bike<\/li>\n<\/ul>\n<h2><b>Recommandation de tailles:<\/b><\/h2>\n<ul>\n<li>45 cm: 160 &#8211; 170 cm<\/li>\n<li>50 cm: 170 &#8211; 185 cm<\/li>\n<li>55 cm: 185 &#8211; 195 cm<\/li>\n<\/ul>\n","protected":false},"excerpt":{"rendered":"<h2>Cilo Cityliner CCL\u00b005+<\/h2>\n<p>Si tu aimes te d\u00e9placer souvent \u00e0 v\u00e9lo en ville et que tu souhaites aussi parfois sortir \u00e0 la campagne, le Cilo Cityliner CCL 05+ est exactement ce qu&rsquo;il te faut. L&rsquo;enjambement bas offre \u00e0 tout moment un maximum de s\u00e9curit\u00e9 et de contr\u00f4le, m\u00eame sur des surfaces plus instables. Le moteur tr\u00e8s puissant Bosch Performance CX (Smart System) te soutient de mani\u00e8re optimale dans toutes les situations, m\u00eame lorsque tu montes une c\u00f4te. Pour les familles qui souhaitent tirer beaucoup de bagages ou des remorques pour enfants, le Cityliner est la voiture familiale id\u00e9ale. Associ\u00e9 \u00e0 des composants de haute qualit\u00e9, il garantit un large \u00e9ventail d&rsquo;utilisations individuelles.<\/p>\n<h2><b>\u00c0 propos de Cilo<\/b><\/h2>\n<p>Cilo est la premi\u00e8re marque suisse de v\u00e9los. Fond\u00e9e en 1904, l&rsquo;entreprise dispose d&rsquo;un grand savoir-faire et de valeurs profond\u00e9ment enracin\u00e9es, qu&rsquo;elle poursuit encore aujourd&rsquo;hui avec les v\u00e9los \u00e9lectriques Cilo. Ainsi, l&rsquo;entreprise ne cesse de se d\u00e9velopper et souhaite offrir \u00e0 sa client\u00e8le le plus haut niveau de confort et de fonctionnalit\u00e9. L&rsquo;offre de Cilo E-Bikes est tr\u00e8s diversifi\u00e9e et comprend des VTT \u00e9lectriques, des v\u00e9los \u00e9lectriques de randonn\u00e9e et des v\u00e9los \u00e9lectriques de ville.<\/p>\n","protected":false},"featured_media":57645,"comment_status":"open","ping_status":"closed","template":"","meta":{"_acf_changed":false},"product_brand":[],"product_cat":[10082,10165,10157,10163,10184,10192,10186,10108,10080,10190,10096,10188],"product_tag":[],"class_list":{"0":"post-57619","1":"product","2":"type-product","3":"status-publish","4":"has-post-thumbnail","6":"product_cat-25-km","7":"product_cat-bleu","8":"product_cat-e-bikes","9":"product_cat-e-urban","10":"product_cat-femmes","11":"product_cat-homepage","12":"product_cat-hommes","13":"product_cat-marque-cilo","14":"product_cat-mybikeplan","15":"product_cat-swiss-made","16":"product_cat-alle-e-bikes","17":"product_cat-wave","18":"pa_back-wheel-schwalbe-land-cruiser-plus-punctureguard-twinskin-28-x-2-15-fr","19":"pa_battery-bosch-powertube-750-wh-fr","20":"pa_battery-size-750-wh","21":"pa_brakes-front-clarks-m2-180mm-fr","22":"pa_brakes-rear-clarks-m2-160mm-fr","23":"pa_brand-cilo","24":"pa_filters-color-bleu","25":"pa_fork-sr-suntour-mobie25-air-75mm-fr","26":"pa_frame-variant-wave","27":"pa_front-wheel-schwalbe-land-cruiser-plus-punctureguard-twinskin-28-x-2-15-fr","28":"pa_gear-change-shimano-deore-11-speed-fr","29":"pa_gears-11-gaenge-fr","30":"pa_hex-color-b0bfc9-fr","31":"pa_max-weight-140-kg","32":"pa_motor-bosch-performance-cx-smart-system-fr","33":"pa_rider-height-160-165-cm","34":"pa_rider-height-165-170-cm","35":"pa_rider-height-170-175-cm","36":"pa_rider-height-175-180-cm","37":"pa_rider-height-180-185-cm","38":"pa_rider-height-185-190-cm","39":"pa_rider-height-190-195-cm","40":"pa_seat-tube-length-45cm-fr","41":"pa_seat-tube-length-50-cm","42":"pa_seat-tube-length-55-cm-fr","43":"pa_sizes-l-fr","44":"pa_sizes-m-fr","45":"pa_sizes-s-fr","46":"pa_speed-25-km-heure","47":"pa_suspension-travel-75-mm-fr","48":"pa_wheel-size-28-fr-2","50":"first","51":"instock","52":"shipping-taxable","53":"purchasable","54":"product-type-variable"},"acf":[],"yoast_head":"<!-- This site is optimized with the Yoast SEO plugin v24.5 - https:\/\/yoast.com\/wordpress\/plugins\/seo\/ -->\n<title>Cilo Cityliner CCL\u00b005+ | E-Bike en paiement mensuel | 0% d&#039;int\u00e9r\u00eat<\/title>\n<meta name=\"description\" content=\"Ach\u00e8te le Cilo Cityliner CCL\u00b005+ et rembourse-le facilement par mensualit\u00e9s avec 0% d\u2019int\u00e9r\u00eat ! Profite-en maintenant et commence \u00e0 rouler rapidement.\" \/>\n<meta name=\"robots\" content=\"noindex, follow, max-snippet:-1, max-image-preview:large, max-video-preview:-1\" \/>\n<meta property=\"og:locale\" content=\"fr_FR\" \/>\n<meta property=\"og:type\" content=\"article\" \/>\n<meta property=\"og:title\" content=\"Cilo Cityliner CCL\u00b005+ | E-Bike en paiement mensuel | 0% d&#039;int\u00e9r\u00eat\" \/>\n<meta property=\"og:description\" content=\"Ach\u00e8te le Cilo Cityliner CCL\u00b005+ et rembourse-le facilement par mensualit\u00e9s avec 0% d\u2019int\u00e9r\u00eat ! Profite-en maintenant et commence \u00e0 rouler rapidement.\" \/>\n<meta property=\"og:url\" content=\"https:\/\/listings.mybikeplan.ch\/fr\/produit\/cilo-cityliner-ccl05\/\" \/>\n<meta property=\"og:site_name\" content=\"MyBikePlan\" \/>\n<meta property=\"article:modified_time\" content=\"2024-02-19T10:04:31+00:00\" \/>\n<meta property=\"og:image\" content=\"https:\/\/listings.mybikeplan.ch\/wp-content\/uploads\/2024\/02\/Cilo-Cityliner-CCL\u00b005.jpg\" \/>\n\t<meta property=\"og:image:width\" content=\"1000\" \/>\n\t<meta property=\"og:image:height\" content=\"1000\" \/>\n\t<meta property=\"og:image:type\" content=\"image\/jpeg\" \/>\n<meta name=\"twitter:card\" content=\"summary_large_image\" \/>\n<meta name=\"twitter:label1\" content=\"Dur\u00e9e de lecture estim\u00e9e\" \/>\n\t<meta name=\"twitter:data1\" content=\"1 minute\" \/>\n<script type=\"application\/ld+json\" class=\"yoast-schema-graph\">{\"@context\":\"https:\/\/schema.org\",\"@graph\":[{\"@type\":\"WebPage\",\"@id\":\"https:\/\/listings.mybikeplan.ch\/fr\/produit\/cilo-cityliner-ccl05\/\",\"url\":\"https:\/\/listings.mybikeplan.ch\/fr\/produit\/cilo-cityliner-ccl05\/\",\"name\":\"Cilo Cityliner CCL\u00b005+ | E-Bike en paiement mensuel | 0% d'int\u00e9r\u00eat\",\"isPartOf\":{\"@id\":\"https:\/\/listings.mybikeplan.ch\/fr\/#website\"},\"primaryImageOfPage\":{\"@id\":\"https:\/\/listings.mybikeplan.ch\/fr\/produit\/cilo-cityliner-ccl05\/#primaryimage\"},\"image\":{\"@id\":\"https:\/\/listings.mybikeplan.ch\/fr\/produit\/cilo-cityliner-ccl05\/#primaryimage\"},\"thumbnailUrl\":\"https:\/\/listings.mybikeplan.ch\/wp-content\/uploads\/2024\/02\/Cilo-Cityliner-CCL\u00b005.jpg\",\"datePublished\":\"2024-02-08T10:17:15+00:00\",\"dateModified\":\"2024-02-19T10:04:31+00:00\",\"description\":\"Ach\u00e8te le Cilo Cityliner CCL\u00b005+ et rembourse-le facilement par mensualit\u00e9s avec 0% d\u2019int\u00e9r\u00eat ! Profite-en maintenant et commence \u00e0 rouler rapidement.\",\"breadcrumb\":{\"@id\":\"https:\/\/listings.mybikeplan.ch\/fr\/produit\/cilo-cityliner-ccl05\/#breadcrumb\"},\"inLanguage\":\"fr-FR\",\"potentialAction\":[{\"@type\":\"ReadAction\",\"target\":[\"https:\/\/listings.mybikeplan.ch\/fr\/produit\/cilo-cityliner-ccl05\/\"]}]},{\"@type\":\"ImageObject\",\"inLanguage\":\"fr-FR\",\"@id\":\"https:\/\/listings.mybikeplan.ch\/fr\/produit\/cilo-cityliner-ccl05\/#primaryimage\",\"url\":\"https:\/\/listings.mybikeplan.ch\/wp-content\/uploads\/2024\/02\/Cilo-Cityliner-CCL\u00b005.jpg\",\"contentUrl\":\"https:\/\/listings.mybikeplan.ch\/wp-content\/uploads\/2024\/02\/Cilo-Cityliner-CCL\u00b005.jpg\",\"width\":1000,\"height\":1000},{\"@type\":\"BreadcrumbList\",\"@id\":\"https:\/\/listings.mybikeplan.ch\/fr\/produit\/cilo-cityliner-ccl05\/#breadcrumb\",\"itemListElement\":[{\"@type\":\"ListItem\",\"position\":1,\"name\":\"Home\",\"item\":\"https:\/\/listings.mybikeplan.ch\/fr\/home\/\"},{\"@type\":\"ListItem\",\"position\":2,\"name\":\"Cilo Cityliner CCL\u00b005+\"}]},{\"@type\":\"WebSite\",\"@id\":\"https:\/\/listings.mybikeplan.ch\/fr\/#website\",\"url\":\"https:\/\/listings.mybikeplan.ch\/fr\/\",\"name\":\"MyBikePlan\",\"description\":\"\",\"potentialAction\":[{\"@type\":\"SearchAction\",\"target\":{\"@type\":\"EntryPoint\",\"urlTemplate\":\"https:\/\/listings.mybikeplan.ch\/fr\/?s={search_term_string}\"},\"query-input\":{\"@type\":\"PropertyValueSpecification\",\"valueRequired\":true,\"valueName\":\"search_term_string\"}}],\"inLanguage\":\"fr-FR\"}]}<\/script>\n<!-- \/ Yoast SEO plugin. -->","yoast_head_json":{"title":"Cilo Cityliner CCL\u00b005+ | E-Bike en paiement mensuel | 0% d'int\u00e9r\u00eat","description":"Ach\u00e8te le Cilo Cityliner CCL\u00b005+ et rembourse-le facilement par mensualit\u00e9s avec 0% d\u2019int\u00e9r\u00eat ! Profite-en maintenant et commence \u00e0 rouler rapidement.","robots":{"index":"noindex","follow":"follow","max-snippet":"max-snippet:-1","max-image-preview":"max-image-preview:large","max-video-preview":"max-video-preview:-1"},"og_locale":"fr_FR","og_type":"article","og_title":"Cilo Cityliner CCL\u00b005+ | E-Bike en paiement mensuel | 0% d'int\u00e9r\u00eat","og_description":"Ach\u00e8te le Cilo Cityliner CCL\u00b005+ et rembourse-le facilement par mensualit\u00e9s avec 0% d\u2019int\u00e9r\u00eat ! Profite-en maintenant et commence \u00e0 rouler rapidement.","og_url":"https:\/\/listings.mybikeplan.ch\/fr\/produit\/cilo-cityliner-ccl05\/","og_site_name":"MyBikePlan","article_modified_time":"2024-02-19T10:04:31+00:00","og_image":[{"width":1000,"height":1000,"url":"https:\/\/listings.mybikeplan.ch\/wp-content\/uploads\/2024\/02\/Cilo-Cityliner-CCL\u00b005.jpg","type":"image\/jpeg"}],"twitter_card":"summary_large_image","twitter_misc":{"Dur\u00e9e de lecture estim\u00e9e":"1 minute"},"schema":{"@context":"https:\/\/schema.org","@graph":[{"@type":"WebPage","@id":"https:\/\/listings.mybikeplan.ch\/fr\/produit\/cilo-cityliner-ccl05\/","url":"https:\/\/listings.mybikeplan.ch\/fr\/produit\/cilo-cityliner-ccl05\/","name":"Cilo Cityliner CCL\u00b005+ | E-Bike en paiement mensuel | 0% d'int\u00e9r\u00eat","isPartOf":{"@id":"https:\/\/listings.mybikeplan.ch\/fr\/#website"},"primaryImageOfPage":{"@id":"https:\/\/listings.mybikeplan.ch\/fr\/produit\/cilo-cityliner-ccl05\/#primaryimage"},"image":{"@id":"https:\/\/listings.mybikeplan.ch\/fr\/produit\/cilo-cityliner-ccl05\/#primaryimage"},"thumbnailUrl":"https:\/\/listings.mybikeplan.ch\/wp-content\/uploads\/2024\/02\/Cilo-Cityliner-CCL\u00b005.jpg","datePublished":"2024-02-08T10:17:15+00:00","dateModified":"2024-02-19T10:04:31+00:00","description":"Ach\u00e8te le Cilo Cityliner CCL\u00b005+ et rembourse-le facilement par mensualit\u00e9s avec 0% d\u2019int\u00e9r\u00eat ! Profite-en maintenant et commence \u00e0 rouler rapidement.","breadcrumb":{"@id":"https:\/\/listings.mybikeplan.ch\/fr\/produit\/cilo-cityliner-ccl05\/#breadcrumb"},"inLanguage":"fr-FR","potentialAction":[{"@type":"ReadAction","target":["https:\/\/listings.mybikeplan.ch\/fr\/produit\/cilo-cityliner-ccl05\/"]}]},{"@type":"ImageObject","inLanguage":"fr-FR","@id":"https:\/\/listings.mybikeplan.ch\/fr\/produit\/cilo-cityliner-ccl05\/#primaryimage","url":"https:\/\/listings.mybikeplan.ch\/wp-content\/uploads\/2024\/02\/Cilo-Cityliner-CCL\u00b005.jpg","contentUrl":"https:\/\/listings.mybikeplan.ch\/wp-content\/uploads\/2024\/02\/Cilo-Cityliner-CCL\u00b005.jpg","width":1000,"height":1000},{"@type":"BreadcrumbList","@id":"https:\/\/listings.mybikeplan.ch\/fr\/produit\/cilo-cityliner-ccl05\/#breadcrumb","itemListElement":[{"@type":"ListItem","position":1,"name":"Home","item":"https:\/\/listings.mybikeplan.ch\/fr\/home\/"},{"@type":"ListItem","position":2,"name":"Cilo Cityliner CCL\u00b005+"}]},{"@type":"WebSite","@id":"https:\/\/listings.mybikeplan.ch\/fr\/#website","url":"https:\/\/listings.mybikeplan.ch\/fr\/","name":"MyBikePlan","description":"","potentialAction":[{"@type":"SearchAction","target":{"@type":"EntryPoint","urlTemplate":"https:\/\/listings.mybikeplan.ch\/fr\/?s={search_term_string}"},"query-input":{"@type":"PropertyValueSpecification","valueRequired":true,"valueName":"search_term_string"}}],"inLanguage":"fr-FR"}]}},"_links":{"self":[{"href":"https:\/\/listings.mybikeplan.ch\/fr\/wp-json\/wp\/v2\/product\/57619","targetHints":{"allow":["GET"]}}],"collection":[{"href":"https:\/\/listings.mybikeplan.ch\/fr\/wp-json\/wp\/v2\/product"}],"about":[{"href":"https:\/\/listings.mybikeplan.ch\/fr\/wp-json\/wp\/v2\/types\/product"}],"replies":[{"embeddable":true,"href":"https:\/\/listings.mybikeplan.ch\/fr\/wp-json\/wp\/v2\/comments?post=57619"}],"wp:featuredmedia":[{"embeddable":true,"href":"https:\/\/listings.mybikeplan.ch\/fr\/wp-json\/wp\/v2\/media\/57645"}],"wp:attachment":[{"href":"https:\/\/listings.mybikeplan.ch\/fr\/wp-json\/wp\/v2\/media?parent=57619"}],"wp:term":[{"taxonomy":"product_brand","embeddable":true,"href":"https:\/\/listings.mybikeplan.ch\/fr\/wp-json\/wp\/v2\/product_brand?post=57619"},{"taxonomy":"product_cat","embeddable":true,"href":"https:\/\/listings.mybikeplan.ch\/fr\/wp-json\/wp\/v2\/product_cat?post=57619"},{"taxonomy":"product_tag","embeddable":true,"href":"https:\/\/listings.mybikeplan.ch\/fr\/wp-json\/wp\/v2\/product_tag?post=57619"}],"curies":[{"name":"wp","href":"https:\/\/api.w.org\/{rel}","templated":true}]}}