{"id":57601,"date":"2024-02-08T10:07:49","date_gmt":"2024-02-08T10:07:57","guid":{"rendered":"https:\/\/listings.mybikeplan.ch\/?post_type=product&#038;p=57601"},"modified":"2024-02-19T10:04:37","modified_gmt":"2024-02-19T10:04:37","slug":"cilo-cityliner-ccl02-blau","status":"publish","type":"product","link":"https:\/\/listings.mybikeplan.ch\/fr\/produit\/cilo-cityliner-ccl02-blau\/","title":{"rendered":"Cilo Cityliner CCL\u00b002+"},"content":{"rendered":"<h2><b>Le plus important sur le Cilo Cityliner CCL\u00b002+ :<\/b><\/h2>\n<ul>\n<li style=\"font-weight: 400;\" aria-level=\"1\">E-Bike de ville polyvalent avec porte-bagages<\/li>\n<li style=\"font-weight: 400;\" aria-level=\"1\">Moteur Bosch avec 50 Nm<\/li>\n<li style=\"font-weight: 400;\" aria-level=\"1\">Batterie Bosch PowerTube de 500 Wh<\/li>\n<\/ul>\n<h2><b>Le Cilo Cityliner CCL\u00b002+ est parfait pour toi, si tu :<\/b><\/h2>\n<ul>\n<li style=\"font-weight: 400;\" aria-level=\"1\">ttu habites en ville ou tu te d\u00e9places beaucoup en ville<\/li>\n<li style=\"font-weight: 400;\" aria-level=\"1\">tu cherches un e-Bike\u00a0fiable pour faire tes courses et pour le quotidien<\/li>\n<\/ul>\n<h2><b>Recommandation de tailles:<\/b><\/h2>\n<ul>\n<li>45 cm: 160 &#8211; 170 cm<\/li>\n<li>50 cm: 170 &#8211; 185 cm<\/li>\n<\/ul>\n","protected":false},"excerpt":{"rendered":"<h2>Cilo Cityliner CCL\u00b002+<\/h2>\n<p>Si tu aimes te d\u00e9placer souvent \u00e0 v\u00e9lo en ville et que tu souhaites rouler en toute d\u00e9contraction, ce v\u00e9lo de ville \u00e9lectrique est exactement ce qu&rsquo;il te faut. Le moteur \u00e9lectrique t&rsquo;assiste en cas de besoin, de sorte que chaque tour devient un jeu d&rsquo;enfant et que tu profites toujours pleinement du plaisir de rouler. Le Cilo Cityliner CCL\u00b002+ t&rsquo;offre une mobilit\u00e9 \u00e9lectrique flexible, ind\u00e9pendante et optimale pour les courts et longs trajets. Que ce soit par gain de temps, par amour du confort ou parce que tu as besoin de l&rsquo;assistance du moteur, cet E-Bike te facilitera la vie au quotidien et pendant tes loisirs !<\/p>\n<h2><b>\u00c0 propos de Cilo<\/b><\/h2>\n<p>Cilo est la premi\u00e8re marque suisse de v\u00e9los. Fond\u00e9e en 1904, l&rsquo;entreprise dispose d&rsquo;un grand savoir-faire et de valeurs profond\u00e9ment enracin\u00e9es, qu&rsquo;elle poursuit encore aujourd&rsquo;hui avec les v\u00e9los \u00e9lectriques Cilo. Ainsi, l&rsquo;entreprise ne cesse de se d\u00e9velopper et souhaite offrir \u00e0 sa client\u00e8le le plus haut niveau de confort et de fonctionnalit\u00e9. L&rsquo;offre de Cilo E-Bikes est tr\u00e8s diversifi\u00e9e et comprend des VTT \u00e9lectriques, des v\u00e9los \u00e9lectriques de randonn\u00e9e et des v\u00e9los \u00e9lectriques de ville.<\/p>\n","protected":false},"featured_media":57612,"comment_status":"open","ping_status":"closed","template":"","meta":{"_acf_changed":false},"product_brand":[],"product_cat":[10082,10165,10157,10163,10184,10186,10108,10080,10190,10096,10188],"product_tag":[],"class_list":{"0":"post-57601","1":"product","2":"type-product","3":"status-publish","4":"has-post-thumbnail","6":"product_cat-25-km","7":"product_cat-bleu","8":"product_cat-e-bikes","9":"product_cat-e-urban","10":"product_cat-femmes","11":"product_cat-hommes","12":"product_cat-marque-cilo","13":"product_cat-mybikeplan","14":"product_cat-swiss-made","15":"product_cat-alle-e-bikes","16":"product_cat-wave","17":"pa_back-wheel-schwalbe-energizer-active-plus-fr","18":"pa_battery-bosch-powertube-500-wh-fr","19":"pa_battery-size-500-wh","20":"pa_brakes-front-shimano-mt200-fr","21":"pa_brakes-rear-shimano-mt200-fr","22":"pa_brand-cilo","23":"pa_filters-color-bleu","24":"pa_fork-suntour-nex-ds-700c-63mm-fr","25":"pa_frame-variant-wave","26":"pa_front-wheel-schwalbe-energizer-active-plus-fr","27":"pa_gear-change-sram-x5-9-speed-fr","28":"pa_gears-9-vitesses","29":"pa_hex-color-7c9fb5-fr","30":"pa_hex-color-b85413-produkt-cilo-cityliner-ccl02-orange-fr","31":"pa_hex-color-cfc3b5-produkt-cilo-cityliner-ccl02-beige-fr","32":"pa_max-weight-130-kg","33":"pa_motor-bosch-active-plus-fr","34":"pa_rider-height-160-165-cm","35":"pa_rider-height-165-170-cm","36":"pa_rider-height-170-175-cm","37":"pa_rider-height-175-180-cm","38":"pa_rider-height-180-185-cm","39":"pa_seat-tube-length-50-cm","40":"pa_sizes-m-fr","41":"pa_speed-25-km-heure","42":"pa_suspension-travel-63-mm-fr","43":"pa_weight-26-9-kg-fr","44":"pa_wheel-size-28-fr-2","46":"first","47":"instock","48":"shipping-taxable","49":"purchasable","50":"product-type-variable"},"acf":[],"yoast_head":"<!-- This site is optimized with the Yoast SEO plugin v24.5 - https:\/\/yoast.com\/wordpress\/plugins\/seo\/ -->\n<title>Cilo Cityliner CCL\u00b002+ | E-Bike en paiement mensuel | 0% d&#039;int\u00e9r\u00eat<\/title>\n<meta name=\"description\" content=\"Ach\u00e8te le Cilo Cityliner CCL\u00b002+ et rembourse-le facilement par mensualit\u00e9s avec 0% d\u2019int\u00e9r\u00eat ! Profite-en maintenant et commence \u00e0 rouler rapidement.\" \/>\n<meta name=\"robots\" content=\"noindex, follow, max-snippet:-1, max-image-preview:large, max-video-preview:-1\" \/>\n<meta property=\"og:locale\" content=\"fr_FR\" \/>\n<meta property=\"og:type\" content=\"article\" \/>\n<meta property=\"og:title\" content=\"Cilo Cityliner CCL\u00b002+ | E-Bike en paiement mensuel | 0% d&#039;int\u00e9r\u00eat\" \/>\n<meta property=\"og:description\" content=\"Ach\u00e8te le Cilo Cityliner CCL\u00b002+ et rembourse-le facilement par mensualit\u00e9s avec 0% d\u2019int\u00e9r\u00eat ! Profite-en maintenant et commence \u00e0 rouler rapidement.\" \/>\n<meta property=\"og:url\" content=\"https:\/\/listings.mybikeplan.ch\/fr\/produit\/cilo-cityliner-ccl02-blau\/\" \/>\n<meta property=\"og:site_name\" content=\"MyBikePlan\" \/>\n<meta property=\"article:modified_time\" content=\"2024-02-19T10:04:37+00:00\" \/>\n<meta property=\"og:image\" content=\"https:\/\/listings.mybikeplan.ch\/wp-content\/uploads\/2024\/02\/Cilo-Cityliner-CCL\u00b002-4.jpg\" \/>\n\t<meta property=\"og:image:width\" content=\"1000\" \/>\n\t<meta property=\"og:image:height\" content=\"1000\" \/>\n\t<meta property=\"og:image:type\" content=\"image\/jpeg\" \/>\n<meta name=\"twitter:card\" content=\"summary_large_image\" \/>\n<meta name=\"twitter:label1\" content=\"Dur\u00e9e de lecture estim\u00e9e\" \/>\n\t<meta name=\"twitter:data1\" content=\"1 minute\" \/>\n<script type=\"application\/ld+json\" class=\"yoast-schema-graph\">{\"@context\":\"https:\/\/schema.org\",\"@graph\":[{\"@type\":\"WebPage\",\"@id\":\"https:\/\/listings.mybikeplan.ch\/fr\/produit\/cilo-cityliner-ccl02-blau\/\",\"url\":\"https:\/\/listings.mybikeplan.ch\/fr\/produit\/cilo-cityliner-ccl02-blau\/\",\"name\":\"Cilo Cityliner CCL\u00b002+ | E-Bike en paiement mensuel | 0% d'int\u00e9r\u00eat\",\"isPartOf\":{\"@id\":\"https:\/\/listings.mybikeplan.ch\/fr\/#website\"},\"primaryImageOfPage\":{\"@id\":\"https:\/\/listings.mybikeplan.ch\/fr\/produit\/cilo-cityliner-ccl02-blau\/#primaryimage\"},\"image\":{\"@id\":\"https:\/\/listings.mybikeplan.ch\/fr\/produit\/cilo-cityliner-ccl02-blau\/#primaryimage\"},\"thumbnailUrl\":\"https:\/\/listings.mybikeplan.ch\/wp-content\/uploads\/2024\/02\/Cilo-Cityliner-CCL\u00b002-4.jpg\",\"datePublished\":\"2024-02-08T10:07:57+00:00\",\"dateModified\":\"2024-02-19T10:04:37+00:00\",\"description\":\"Ach\u00e8te le Cilo Cityliner CCL\u00b002+ et rembourse-le facilement par mensualit\u00e9s avec 0% d\u2019int\u00e9r\u00eat ! Profite-en maintenant et commence \u00e0 rouler rapidement.\",\"breadcrumb\":{\"@id\":\"https:\/\/listings.mybikeplan.ch\/fr\/produit\/cilo-cityliner-ccl02-blau\/#breadcrumb\"},\"inLanguage\":\"fr-FR\",\"potentialAction\":[{\"@type\":\"ReadAction\",\"target\":[\"https:\/\/listings.mybikeplan.ch\/fr\/produit\/cilo-cityliner-ccl02-blau\/\"]}]},{\"@type\":\"ImageObject\",\"inLanguage\":\"fr-FR\",\"@id\":\"https:\/\/listings.mybikeplan.ch\/fr\/produit\/cilo-cityliner-ccl02-blau\/#primaryimage\",\"url\":\"https:\/\/listings.mybikeplan.ch\/wp-content\/uploads\/2024\/02\/Cilo-Cityliner-CCL\u00b002-4.jpg\",\"contentUrl\":\"https:\/\/listings.mybikeplan.ch\/wp-content\/uploads\/2024\/02\/Cilo-Cityliner-CCL\u00b002-4.jpg\",\"width\":1000,\"height\":1000},{\"@type\":\"BreadcrumbList\",\"@id\":\"https:\/\/listings.mybikeplan.ch\/fr\/produit\/cilo-cityliner-ccl02-blau\/#breadcrumb\",\"itemListElement\":[{\"@type\":\"ListItem\",\"position\":1,\"name\":\"Home\",\"item\":\"https:\/\/listings.mybikeplan.ch\/fr\/home\/\"},{\"@type\":\"ListItem\",\"position\":2,\"name\":\"Cilo Cityliner CCL\u00b002+\"}]},{\"@type\":\"WebSite\",\"@id\":\"https:\/\/listings.mybikeplan.ch\/fr\/#website\",\"url\":\"https:\/\/listings.mybikeplan.ch\/fr\/\",\"name\":\"MyBikePlan\",\"description\":\"\",\"potentialAction\":[{\"@type\":\"SearchAction\",\"target\":{\"@type\":\"EntryPoint\",\"urlTemplate\":\"https:\/\/listings.mybikeplan.ch\/fr\/?s={search_term_string}\"},\"query-input\":{\"@type\":\"PropertyValueSpecification\",\"valueRequired\":true,\"valueName\":\"search_term_string\"}}],\"inLanguage\":\"fr-FR\"}]}<\/script>\n<!-- \/ Yoast SEO plugin. -->","yoast_head_json":{"title":"Cilo Cityliner CCL\u00b002+ | E-Bike en paiement mensuel | 0% d'int\u00e9r\u00eat","description":"Ach\u00e8te le Cilo Cityliner CCL\u00b002+ et rembourse-le facilement par mensualit\u00e9s avec 0% d\u2019int\u00e9r\u00eat ! Profite-en maintenant et commence \u00e0 rouler rapidement.","robots":{"index":"noindex","follow":"follow","max-snippet":"max-snippet:-1","max-image-preview":"max-image-preview:large","max-video-preview":"max-video-preview:-1"},"og_locale":"fr_FR","og_type":"article","og_title":"Cilo Cityliner CCL\u00b002+ | E-Bike en paiement mensuel | 0% d'int\u00e9r\u00eat","og_description":"Ach\u00e8te le Cilo Cityliner CCL\u00b002+ et rembourse-le facilement par mensualit\u00e9s avec 0% d\u2019int\u00e9r\u00eat ! Profite-en maintenant et commence \u00e0 rouler rapidement.","og_url":"https:\/\/listings.mybikeplan.ch\/fr\/produit\/cilo-cityliner-ccl02-blau\/","og_site_name":"MyBikePlan","article_modified_time":"2024-02-19T10:04:37+00:00","og_image":[{"width":1000,"height":1000,"url":"https:\/\/listings.mybikeplan.ch\/wp-content\/uploads\/2024\/02\/Cilo-Cityliner-CCL\u00b002-4.jpg","type":"image\/jpeg"}],"twitter_card":"summary_large_image","twitter_misc":{"Dur\u00e9e de lecture estim\u00e9e":"1 minute"},"schema":{"@context":"https:\/\/schema.org","@graph":[{"@type":"WebPage","@id":"https:\/\/listings.mybikeplan.ch\/fr\/produit\/cilo-cityliner-ccl02-blau\/","url":"https:\/\/listings.mybikeplan.ch\/fr\/produit\/cilo-cityliner-ccl02-blau\/","name":"Cilo Cityliner CCL\u00b002+ | E-Bike en paiement mensuel | 0% d'int\u00e9r\u00eat","isPartOf":{"@id":"https:\/\/listings.mybikeplan.ch\/fr\/#website"},"primaryImageOfPage":{"@id":"https:\/\/listings.mybikeplan.ch\/fr\/produit\/cilo-cityliner-ccl02-blau\/#primaryimage"},"image":{"@id":"https:\/\/listings.mybikeplan.ch\/fr\/produit\/cilo-cityliner-ccl02-blau\/#primaryimage"},"thumbnailUrl":"https:\/\/listings.mybikeplan.ch\/wp-content\/uploads\/2024\/02\/Cilo-Cityliner-CCL\u00b002-4.jpg","datePublished":"2024-02-08T10:07:57+00:00","dateModified":"2024-02-19T10:04:37+00:00","description":"Ach\u00e8te le Cilo Cityliner CCL\u00b002+ et rembourse-le facilement par mensualit\u00e9s avec 0% d\u2019int\u00e9r\u00eat ! Profite-en maintenant et commence \u00e0 rouler rapidement.","breadcrumb":{"@id":"https:\/\/listings.mybikeplan.ch\/fr\/produit\/cilo-cityliner-ccl02-blau\/#breadcrumb"},"inLanguage":"fr-FR","potentialAction":[{"@type":"ReadAction","target":["https:\/\/listings.mybikeplan.ch\/fr\/produit\/cilo-cityliner-ccl02-blau\/"]}]},{"@type":"ImageObject","inLanguage":"fr-FR","@id":"https:\/\/listings.mybikeplan.ch\/fr\/produit\/cilo-cityliner-ccl02-blau\/#primaryimage","url":"https:\/\/listings.mybikeplan.ch\/wp-content\/uploads\/2024\/02\/Cilo-Cityliner-CCL\u00b002-4.jpg","contentUrl":"https:\/\/listings.mybikeplan.ch\/wp-content\/uploads\/2024\/02\/Cilo-Cityliner-CCL\u00b002-4.jpg","width":1000,"height":1000},{"@type":"BreadcrumbList","@id":"https:\/\/listings.mybikeplan.ch\/fr\/produit\/cilo-cityliner-ccl02-blau\/#breadcrumb","itemListElement":[{"@type":"ListItem","position":1,"name":"Home","item":"https:\/\/listings.mybikeplan.ch\/fr\/home\/"},{"@type":"ListItem","position":2,"name":"Cilo Cityliner CCL\u00b002+"}]},{"@type":"WebSite","@id":"https:\/\/listings.mybikeplan.ch\/fr\/#website","url":"https:\/\/listings.mybikeplan.ch\/fr\/","name":"MyBikePlan","description":"","potentialAction":[{"@type":"SearchAction","target":{"@type":"EntryPoint","urlTemplate":"https:\/\/listings.mybikeplan.ch\/fr\/?s={search_term_string}"},"query-input":{"@type":"PropertyValueSpecification","valueRequired":true,"valueName":"search_term_string"}}],"inLanguage":"fr-FR"}]}},"_links":{"self":[{"href":"https:\/\/listings.mybikeplan.ch\/fr\/wp-json\/wp\/v2\/product\/57601","targetHints":{"allow":["GET"]}}],"collection":[{"href":"https:\/\/listings.mybikeplan.ch\/fr\/wp-json\/wp\/v2\/product"}],"about":[{"href":"https:\/\/listings.mybikeplan.ch\/fr\/wp-json\/wp\/v2\/types\/product"}],"replies":[{"embeddable":true,"href":"https:\/\/listings.mybikeplan.ch\/fr\/wp-json\/wp\/v2\/comments?post=57601"}],"wp:featuredmedia":[{"embeddable":true,"href":"https:\/\/listings.mybikeplan.ch\/fr\/wp-json\/wp\/v2\/media\/57612"}],"wp:attachment":[{"href":"https:\/\/listings.mybikeplan.ch\/fr\/wp-json\/wp\/v2\/media?parent=57601"}],"wp:term":[{"taxonomy":"product_brand","embeddable":true,"href":"https:\/\/listings.mybikeplan.ch\/fr\/wp-json\/wp\/v2\/product_brand?post=57601"},{"taxonomy":"product_cat","embeddable":true,"href":"https:\/\/listings.mybikeplan.ch\/fr\/wp-json\/wp\/v2\/product_cat?post=57601"},{"taxonomy":"product_tag","embeddable":true,"href":"https:\/\/listings.mybikeplan.ch\/fr\/wp-json\/wp\/v2\/product_tag?post=57601"}],"curies":[{"name":"wp","href":"https:\/\/api.w.org\/{rel}","templated":true}]}}