{"id":56435,"date":"2024-01-30T15:34:12","date_gmt":"2024-01-30T15:34:19","guid":{"rendered":"https:\/\/listings.mybikeplan.ch\/?post_type=product&#038;p=56435"},"modified":"2025-03-14T15:13:55","modified_gmt":"2025-03-14T15:13:55","slug":"specialized-diverge-sport-shimano-black","status":"publish","type":"product","link":"https:\/\/listings.mybikeplan.ch\/fr\/produit\/specialized-diverge-sport-shimano-black\/","title":{"rendered":"Specialized Diverge Sport &#8211; Shimano GRX"},"content":{"rendered":"<h2><b>Le plus important sur le Specialized Diverge Sport &#8211; Shimano GRX :\u00a0<\/b><\/h2>\n<ul>\n<li style=\"font-weight: 400;\" aria-level=\"1\">Gravelbike non motoris\u00e9<\/li>\n<li style=\"font-weight: 400;\" aria-level=\"1\">Combinaison parfaite de vitesse et de stabilit\u00e9<\/li>\n<\/ul>\n<h2><b>Le Specialized Diverge Sport &#8211; Shimano GRX est parfait pour toi si tu :<\/b><\/h2>\n<ul>\n<li style=\"font-weight: 400;\" aria-level=\"1\">cherches un v\u00e9lo parfaitement optimis\u00e9 pour la terre et la route<\/li>\n<li style=\"font-weight: 400;\" aria-level=\"1\">tu veux repousser tes limites<\/li>\n<\/ul>\n<h2><b>Recommandation de taille :<\/b><\/h2>\n<ul>\n<li>44 = 142 &#8211; 152 cm<\/li>\n<li>49 = 152 &#8211; 163 cm<\/li>\n<li>52 = 163 &#8211; 170 cm<\/li>\n<li>54 = 170 &#8211; 178 cm<\/li>\n<li>56 = 175 &#8211; 180 cm<\/li>\n<li>58 = 180 &#8211; 188 cm<\/li>\n<li>61 = 188 &#8211; 196 cm<\/li>\n<li>64 = 196 &#8211; 205 cm<\/li>\n<\/ul>\n","protected":false},"excerpt":{"rendered":"<h2>Specialized Diverge Sport &#8211; Shimano GRX<\/h2>\n<p>Le Diverge est rapide et vif, mais reste stable et inspire confiance, m\u00eame lorsque le terrain devient accident\u00e9. Du Future Shock 1.5 et de la toute nouvelle g\u00e9om\u00e9trie pour la terre jusqu&rsquo;\u00e0 la meilleure libert\u00e9 de pneu de sa cat\u00e9gorie, le nouveau Diverge incarne tout ce que Specialized a appris en plus de 40 ans sur la route et sur la terre. Le Diverge ouvre un tout nouveau chapitre dans la cat\u00e9gorie des v\u00e9los de gravel, \u00e9quip\u00e9 de composants Shimano de haute qualit\u00e9.<\/p>\n<p>La course sur terre est peut-\u00eatre un \u00ab\u00a0nouveau\u00a0\u00bb sport, mais plus de cinq d\u00e9cennies d&rsquo;exp\u00e9rience ont \u00e9t\u00e9 mises \u00e0 profit dans le d\u00e9veloppement du Diverge Sport Carbon. Ce v\u00e9lo de gravel repose sur le cadre en carbone FACT 8r avec Future Shock 1.5, qui assure une conduite rapide, s\u00fbre et confortable sur la route, en tout-terrain et sur les gros graviers. Avec des pneus Pathfinder Pro de 38 mm, tu peux rouler aussi vite et aussi loin que tu le souhaites.<\/p>\n<h2><b>\u00c0 propos de Specialized<\/b><\/h2>\n<p>\u00ab\u00a0Par des riders, pour des riders\u00a0\u00bb &#8211; selon cette devise, Specialized d\u00e9veloppe des v\u00e9los \u00e9lectriques qui r\u00e9pondent exactement aux besoins des cyclistes*. Gr\u00e2ce \u00e0 sa passion pour l&rsquo;innovation et son engagement pour l&rsquo;excellence, l&rsquo;entreprise est devenue l&rsquo;un des noms les plus importants dans le monde du cyclisme. Des citadins et des banlieusards aux v\u00e9t\u00e9tistes et aux triathl\u00e8tes : Specialized a quelque chose pour tout le monde.<\/p>\n","protected":false},"featured_media":56450,"comment_status":"open","ping_status":"closed","template":"","meta":{"_acf_changed":false},"product_brand":[],"product_cat":[10185,10184,10177,10186,10148,10080,10173,10175],"product_tag":[],"class_list":{"0":"post-56435","1":"product","2":"type-product","3":"status-publish","4":"has-post-thumbnail","6":"product_cat-diamant","7":"product_cat-femmes","8":"product_cat-gravel-bikes","9":"product_cat-hommes","10":"product_cat-marque-specialized","11":"product_cat-mybikeplan","12":"product_cat-noir","13":"product_cat-nicht-elektrische-bikes","14":"pa_back-wheel-dt-swiss-g540-rim-24mm-internal-width-tubeless-ready-24h-specialized-full-sealed-bearing-thru-axle-hub-centerlock-disc-dt-swiss-champion-14g-stainless-steel-spokes-dt-swiss-brass-nipples-fr","15":"pa_brakes-front-shimano-grx-rx400","16":"pa_brakes-rear-shimano-grx-rx400","17":"pa_brand-specialized","18":"pa_cassette-shimano-105-12-speed-11-36","19":"pa_filters-color-noir","20":"pa_fork-future-shock-1-5-w-smooth-boot-fact-carbon-12x100-mm-thru-axle-flat-mount-fr","21":"pa_frame-variant-diamant","22":"pa_front-wheel-dt-swiss-g540-rim-24mm-internal-width-tubeless-ready-24h-specialized-full-sealed-bearing-thru-axle-hub-centerlock-disc-dt-swiss-champion-14g-stainless-steel-spokes-dt-swiss-brass-nipples-fr","23":"pa_gear-change-shimano-grx-rx820-12-speed","24":"pa_gears-12-gaenge-fr","25":"pa_hex-color-000000-fr","26":"pa_rider-height-140-145-cm","27":"pa_rider-height-145-150-cm","28":"pa_rider-height-195-200-cm","29":"pa_seat-tube-length-44-fr","30":"pa_seat-tube-length-49-fr","31":"pa_seat-tube-length-52-fr","32":"pa_seat-tube-length-54-fr","33":"pa_seat-tube-length-56-fr","34":"pa_seat-tube-length-58-fr","35":"pa_seat-tube-length-61-fr","36":"pa_seat-tube-length-64-fr","37":"pa_sizes-44-fr","38":"pa_sizes-49-fr","39":"pa_sizes-52-fr","40":"pa_sizes-54-fr","41":"pa_sizes-56-fr","42":"pa_sizes-58-fr","43":"pa_sizes-61-fr","44":"pa_sizes-64-fr","46":"first","47":"instock","48":"shipping-taxable","49":"purchasable","50":"product-type-variable"},"acf":[],"yoast_head":"<!-- This site is optimized with the Yoast SEO plugin v24.5 - https:\/\/yoast.com\/wordpress\/plugins\/seo\/ -->\n<title>Specialized Diverge Sport - Shimano GRX | V\u00e9lo| 0 % d&#039;int\u00e9r\u00eat<\/title>\n<meta name=\"description\" content=\"Ach\u00e8te le Specialized Diverge Sport - Shimano GRX et rembourse-le facilement en versements mensuels avec 0% d&#039;int\u00e9r\u00eat !\" \/>\n<meta name=\"robots\" content=\"noindex, follow, max-snippet:-1, max-image-preview:large, max-video-preview:-1\" \/>\n<meta property=\"og:locale\" content=\"fr_FR\" \/>\n<meta property=\"og:type\" content=\"article\" \/>\n<meta property=\"og:title\" content=\"Specialized Diverge Sport - Shimano GRX | V\u00e9lo| 0 % d&#039;int\u00e9r\u00eat\" \/>\n<meta property=\"og:description\" content=\"Ach\u00e8te le Specialized Diverge Sport - Shimano GRX et rembourse-le facilement en versements mensuels avec 0% d&#039;int\u00e9r\u00eat !\" \/>\n<meta property=\"og:url\" content=\"https:\/\/listings.mybikeplan.ch\/fr\/produit\/specialized-diverge-sport-shimano-black\/\" \/>\n<meta property=\"og:site_name\" content=\"MyBikePlan\" \/>\n<meta property=\"article:modified_time\" content=\"2025-03-14T15:13:55+00:00\" \/>\n<meta property=\"og:image\" content=\"https:\/\/listings.mybikeplan.ch\/wp-content\/uploads\/2024\/01\/Specialized-Diverge-Sport-Shimano-GRX.jpg\" \/>\n\t<meta property=\"og:image:width\" content=\"1000\" \/>\n\t<meta property=\"og:image:height\" content=\"1000\" \/>\n\t<meta property=\"og:image:type\" content=\"image\/jpeg\" \/>\n<meta name=\"twitter:card\" content=\"summary_large_image\" \/>\n<meta name=\"twitter:label1\" content=\"Dur\u00e9e de lecture estim\u00e9e\" \/>\n\t<meta name=\"twitter:data1\" content=\"1 minute\" \/>\n<script type=\"application\/ld+json\" class=\"yoast-schema-graph\">{\"@context\":\"https:\/\/schema.org\",\"@graph\":[{\"@type\":\"WebPage\",\"@id\":\"https:\/\/listings.mybikeplan.ch\/fr\/produit\/specialized-diverge-sport-shimano-black\/\",\"url\":\"https:\/\/listings.mybikeplan.ch\/fr\/produit\/specialized-diverge-sport-shimano-black\/\",\"name\":\"Specialized Diverge Sport - Shimano GRX | V\u00e9lo| 0 % d'int\u00e9r\u00eat\",\"isPartOf\":{\"@id\":\"https:\/\/listings.mybikeplan.ch\/fr\/#website\"},\"primaryImageOfPage\":{\"@id\":\"https:\/\/listings.mybikeplan.ch\/fr\/produit\/specialized-diverge-sport-shimano-black\/#primaryimage\"},\"image\":{\"@id\":\"https:\/\/listings.mybikeplan.ch\/fr\/produit\/specialized-diverge-sport-shimano-black\/#primaryimage\"},\"thumbnailUrl\":\"https:\/\/listings.mybikeplan.ch\/wp-content\/uploads\/2024\/01\/Specialized-Diverge-Sport-Shimano-GRX.jpg\",\"datePublished\":\"2024-01-30T15:34:19+00:00\",\"dateModified\":\"2025-03-14T15:13:55+00:00\",\"description\":\"Ach\u00e8te le Specialized Diverge Sport - Shimano GRX et rembourse-le facilement en versements mensuels avec 0% d'int\u00e9r\u00eat !\",\"breadcrumb\":{\"@id\":\"https:\/\/listings.mybikeplan.ch\/fr\/produit\/specialized-diverge-sport-shimano-black\/#breadcrumb\"},\"inLanguage\":\"fr-FR\",\"potentialAction\":[{\"@type\":\"ReadAction\",\"target\":[\"https:\/\/listings.mybikeplan.ch\/fr\/produit\/specialized-diverge-sport-shimano-black\/\"]}]},{\"@type\":\"ImageObject\",\"inLanguage\":\"fr-FR\",\"@id\":\"https:\/\/listings.mybikeplan.ch\/fr\/produit\/specialized-diverge-sport-shimano-black\/#primaryimage\",\"url\":\"https:\/\/listings.mybikeplan.ch\/wp-content\/uploads\/2024\/01\/Specialized-Diverge-Sport-Shimano-GRX.jpg\",\"contentUrl\":\"https:\/\/listings.mybikeplan.ch\/wp-content\/uploads\/2024\/01\/Specialized-Diverge-Sport-Shimano-GRX.jpg\",\"width\":1000,\"height\":1000},{\"@type\":\"BreadcrumbList\",\"@id\":\"https:\/\/listings.mybikeplan.ch\/fr\/produit\/specialized-diverge-sport-shimano-black\/#breadcrumb\",\"itemListElement\":[{\"@type\":\"ListItem\",\"position\":1,\"name\":\"Home\",\"item\":\"https:\/\/listings.mybikeplan.ch\/fr\/home\/\"},{\"@type\":\"ListItem\",\"position\":2,\"name\":\"Specialized Diverge Sport &#8211; Shimano GRX\"}]},{\"@type\":\"WebSite\",\"@id\":\"https:\/\/listings.mybikeplan.ch\/fr\/#website\",\"url\":\"https:\/\/listings.mybikeplan.ch\/fr\/\",\"name\":\"MyBikePlan\",\"description\":\"\",\"potentialAction\":[{\"@type\":\"SearchAction\",\"target\":{\"@type\":\"EntryPoint\",\"urlTemplate\":\"https:\/\/listings.mybikeplan.ch\/fr\/?s={search_term_string}\"},\"query-input\":{\"@type\":\"PropertyValueSpecification\",\"valueRequired\":true,\"valueName\":\"search_term_string\"}}],\"inLanguage\":\"fr-FR\"}]}<\/script>\n<!-- \/ Yoast SEO plugin. -->","yoast_head_json":{"title":"Specialized Diverge Sport - Shimano GRX | V\u00e9lo| 0 % d'int\u00e9r\u00eat","description":"Ach\u00e8te le Specialized Diverge Sport - Shimano GRX et rembourse-le facilement en versements mensuels avec 0% d'int\u00e9r\u00eat !","robots":{"index":"noindex","follow":"follow","max-snippet":"max-snippet:-1","max-image-preview":"max-image-preview:large","max-video-preview":"max-video-preview:-1"},"og_locale":"fr_FR","og_type":"article","og_title":"Specialized Diverge Sport - Shimano GRX | V\u00e9lo| 0 % d'int\u00e9r\u00eat","og_description":"Ach\u00e8te le Specialized Diverge Sport - Shimano GRX et rembourse-le facilement en versements mensuels avec 0% d'int\u00e9r\u00eat !","og_url":"https:\/\/listings.mybikeplan.ch\/fr\/produit\/specialized-diverge-sport-shimano-black\/","og_site_name":"MyBikePlan","article_modified_time":"2025-03-14T15:13:55+00:00","og_image":[{"width":1000,"height":1000,"url":"https:\/\/listings.mybikeplan.ch\/wp-content\/uploads\/2024\/01\/Specialized-Diverge-Sport-Shimano-GRX.jpg","type":"image\/jpeg"}],"twitter_card":"summary_large_image","twitter_misc":{"Dur\u00e9e de lecture estim\u00e9e":"1 minute"},"schema":{"@context":"https:\/\/schema.org","@graph":[{"@type":"WebPage","@id":"https:\/\/listings.mybikeplan.ch\/fr\/produit\/specialized-diverge-sport-shimano-black\/","url":"https:\/\/listings.mybikeplan.ch\/fr\/produit\/specialized-diverge-sport-shimano-black\/","name":"Specialized Diverge Sport - Shimano GRX | V\u00e9lo| 0 % d'int\u00e9r\u00eat","isPartOf":{"@id":"https:\/\/listings.mybikeplan.ch\/fr\/#website"},"primaryImageOfPage":{"@id":"https:\/\/listings.mybikeplan.ch\/fr\/produit\/specialized-diverge-sport-shimano-black\/#primaryimage"},"image":{"@id":"https:\/\/listings.mybikeplan.ch\/fr\/produit\/specialized-diverge-sport-shimano-black\/#primaryimage"},"thumbnailUrl":"https:\/\/listings.mybikeplan.ch\/wp-content\/uploads\/2024\/01\/Specialized-Diverge-Sport-Shimano-GRX.jpg","datePublished":"2024-01-30T15:34:19+00:00","dateModified":"2025-03-14T15:13:55+00:00","description":"Ach\u00e8te le Specialized Diverge Sport - Shimano GRX et rembourse-le facilement en versements mensuels avec 0% d'int\u00e9r\u00eat !","breadcrumb":{"@id":"https:\/\/listings.mybikeplan.ch\/fr\/produit\/specialized-diverge-sport-shimano-black\/#breadcrumb"},"inLanguage":"fr-FR","potentialAction":[{"@type":"ReadAction","target":["https:\/\/listings.mybikeplan.ch\/fr\/produit\/specialized-diverge-sport-shimano-black\/"]}]},{"@type":"ImageObject","inLanguage":"fr-FR","@id":"https:\/\/listings.mybikeplan.ch\/fr\/produit\/specialized-diverge-sport-shimano-black\/#primaryimage","url":"https:\/\/listings.mybikeplan.ch\/wp-content\/uploads\/2024\/01\/Specialized-Diverge-Sport-Shimano-GRX.jpg","contentUrl":"https:\/\/listings.mybikeplan.ch\/wp-content\/uploads\/2024\/01\/Specialized-Diverge-Sport-Shimano-GRX.jpg","width":1000,"height":1000},{"@type":"BreadcrumbList","@id":"https:\/\/listings.mybikeplan.ch\/fr\/produit\/specialized-diverge-sport-shimano-black\/#breadcrumb","itemListElement":[{"@type":"ListItem","position":1,"name":"Home","item":"https:\/\/listings.mybikeplan.ch\/fr\/home\/"},{"@type":"ListItem","position":2,"name":"Specialized Diverge Sport &#8211; Shimano GRX"}]},{"@type":"WebSite","@id":"https:\/\/listings.mybikeplan.ch\/fr\/#website","url":"https:\/\/listings.mybikeplan.ch\/fr\/","name":"MyBikePlan","description":"","potentialAction":[{"@type":"SearchAction","target":{"@type":"EntryPoint","urlTemplate":"https:\/\/listings.mybikeplan.ch\/fr\/?s={search_term_string}"},"query-input":{"@type":"PropertyValueSpecification","valueRequired":true,"valueName":"search_term_string"}}],"inLanguage":"fr-FR"}]}},"_links":{"self":[{"href":"https:\/\/listings.mybikeplan.ch\/fr\/wp-json\/wp\/v2\/product\/56435","targetHints":{"allow":["GET"]}}],"collection":[{"href":"https:\/\/listings.mybikeplan.ch\/fr\/wp-json\/wp\/v2\/product"}],"about":[{"href":"https:\/\/listings.mybikeplan.ch\/fr\/wp-json\/wp\/v2\/types\/product"}],"replies":[{"embeddable":true,"href":"https:\/\/listings.mybikeplan.ch\/fr\/wp-json\/wp\/v2\/comments?post=56435"}],"wp:featuredmedia":[{"embeddable":true,"href":"https:\/\/listings.mybikeplan.ch\/fr\/wp-json\/wp\/v2\/media\/56450"}],"wp:attachment":[{"href":"https:\/\/listings.mybikeplan.ch\/fr\/wp-json\/wp\/v2\/media?parent=56435"}],"wp:term":[{"taxonomy":"product_brand","embeddable":true,"href":"https:\/\/listings.mybikeplan.ch\/fr\/wp-json\/wp\/v2\/product_brand?post=56435"},{"taxonomy":"product_cat","embeddable":true,"href":"https:\/\/listings.mybikeplan.ch\/fr\/wp-json\/wp\/v2\/product_cat?post=56435"},{"taxonomy":"product_tag","embeddable":true,"href":"https:\/\/listings.mybikeplan.ch\/fr\/wp-json\/wp\/v2\/product_tag?post=56435"}],"curies":[{"name":"wp","href":"https:\/\/api.w.org\/{rel}","templated":true}]}}