{"id":56279,"date":"2024-01-30T14:10:04","date_gmt":"2024-01-30T14:10:14","guid":{"rendered":"https:\/\/listings.mybikeplan.ch\/?post_type=product&#038;p=56279"},"modified":"2024-01-31T09:53:38","modified_gmt":"2024-01-31T09:53:38","slug":"specialized-diverge-expert-blue","status":"publish","type":"product","link":"https:\/\/listings.mybikeplan.ch\/fr\/produit\/specialized-diverge-expert-blue\/","title":{"rendered":"Specialized Diverge Expert"},"content":{"rendered":"<h2><b>Le plus important sur le Specialized Diverge Expert :\u00a0<\/b><\/h2>\n<ul>\n<li style=\"font-weight: 400;\" aria-level=\"1\">V\u00e9lo de gravel non motoris\u00e9<\/li>\n<li style=\"font-weight: 400;\" aria-level=\"1\">G\u00e9om\u00e9trie ultral\u00e9g\u00e8re<\/li>\n<li style=\"font-weight: 400;\" aria-level=\"1\">Roues de 27.5 \u00a0\u00bb<\/li>\n<\/ul>\n<h2><b>Le Specialized Diverge Expert est parfait pour toi si tu :<\/b><\/h2>\n<ul>\n<li style=\"font-weight: 400;\" aria-level=\"1\">recherche un v\u00e9lo parfaitement optimis\u00e9 pour le gravel<\/li>\n<li style=\"font-weight: 400;\" aria-level=\"1\">tu veux une grande libert\u00e9 de mouvement des pneus<\/li>\n<\/ul>\n<h2><b>Recommandation de taille :<\/b><\/h2>\n<ul>\n<li>61 = 188 &#8211; 196 cm<\/li>\n<li>64 = 196 &#8211; 205 cm<\/li>\n<\/ul>\n","protected":false},"excerpt":{"rendered":"<h2>Specialized Diverge Expert<\/h2>\n<p>Le Diverge Expert est tout simplement le v\u00e9lo le plus rapide, le plus performant et probablement le plus amusant que Specialized ait con\u00e7u. Avec le Future Shock 2.0, la nouvelle g\u00e9om\u00e9trie optimis\u00e9e pour le Gravel et la plus grande libert\u00e9 de mouvement possible des pneus, le nouveau Diverge est le fruit d&rsquo;une longue exp\u00e9rience dans le domaine du v\u00e9lo. Le Diverge est un nouveau chapitre dans la cat\u00e9gorie Gravel.<\/p>\n<p>Gr\u00e2ce au carbone FACT 9r, le cadre S-Works compte parmi les poids l\u00e9gers et fait de ce v\u00e9lo un mod\u00e8le de comp\u00e9tition appropri\u00e9. Que tu souhaites \u00e9tablir de nouveaux records dans la prochaine c\u00f4te de dirt ou que tu veuilles t&rsquo;attaquer \u00e0 la prochaine montagne, le Diverge l\u00e9ger te le permettra.<\/p>\n<p>Vitesse, contr\u00f4le et confiance &#8211; la technologie Future Shock 2.0 est id\u00e9ale pour les coureurs de Gravel. Avec le Future Shock 2.0 \u00e0 amortissement hydraulique et possibilit\u00e9 de r\u00e9glage, tu as le contr\u00f4le total.<\/p>\n<p>Le nouveau Diverge a l&rsquo;une des g\u00e9om\u00e9tries les plus progressives jamais con\u00e7ues pour un v\u00e9lo avec des drop-bars. Le reach a \u00e9t\u00e9 allong\u00e9, l&rsquo;angle de direction a \u00e9t\u00e9 aplati et une fourche avec un offset plus long a \u00e9t\u00e9 ajout\u00e9e. Le r\u00e9sultat est une plateforme qui donne confiance et stabilit\u00e9 sur les graviers et les terrains accident\u00e9s. Combin\u00e9 \u00e0 des potences plus courtes, cela permet au guidon de ne pas trop s&rsquo;\u00e9loigner et \u00e0 la direction de rester dynamique. La profondeur du bo\u00eetier de p\u00e9dalier a \u00e9t\u00e9 choisie de mani\u00e8re \u00e0 permettre le montage de roues de 27.5, tout en conservant un fonctionnement silencieux.<\/p>\n<h2><b>\u00c0 propos de Specialized<\/b><\/h2>\n<p>\u00ab\u00a0Par des riders, pour des riders\u00a0\u00bb &#8211; selon cette devise, Specialized d\u00e9veloppe des v\u00e9los \u00e9lectriques qui r\u00e9pondent exactement aux besoins des cyclistes*. Gr\u00e2ce \u00e0 sa passion pour l&rsquo;innovation et son engagement pour l&rsquo;excellence, l&rsquo;entreprise est devenue l&rsquo;un des noms les plus importants dans le monde du cyclisme. Des citadins et des banlieusards aux v\u00e9t\u00e9tistes et aux triathl\u00e8tes : Specialized a quelque chose pour tout le monde.<\/p>\n","protected":false},"featured_media":56302,"comment_status":"open","ping_status":"closed","template":"","meta":{"_acf_changed":false},"product_brand":[],"product_cat":[10433,10165,10185,10184,10441,10177,10186,10148,10080,10175],"product_tag":[],"class_list":{"0":"post-56279","1":"product","2":"type-product","3":"status-publish","4":"has-post-thumbnail","6":"product_cat-axpo-500","7":"product_cat-bleu","8":"product_cat-diamant","9":"product_cat-femmes","10":"product_cat-grape-500","11":"product_cat-gravel-bikes","12":"product_cat-hommes","13":"product_cat-marque-specialized","14":"product_cat-mybikeplan","15":"product_cat-nicht-elektrische-bikes","16":"pa_back-wheel-roval-terra-c-25mm-inner-width-carbon-rim-32mm-depth-new-dt-370-star-ratchet-hub-24h-dt-swiss-comp-race-spokes-fr","17":"pa_brakes-front-sram-rival-etap-axs-hydraulic-disc-fr","18":"pa_brakes-rear-sram-rival-etap-axs-hydraulic-disc-fr","19":"pa_brand-specialized","20":"pa_cassette-sram-nx-eagle-12-speed-11-50t-fr","21":"pa_filters-color-bleu","22":"pa_fork-future-shock-2-0-w-damper-smooth-boot-fact-carbon-12x100-mm-thru-axle-flat-mount-fr","23":"pa_frame-variant-diamant","24":"pa_front-wheel-roval-terra-c-25mm-inner-width-carbon-rim-32mm-depth-new-dt-370-hub-24h-dt-swiss-comp-race-spokes-fr","25":"pa_gear-change-sram-gx-eagle-axs-w-battery-cover-fr","26":"pa_gears-12-gaenge-fr","27":"pa_hex-color-a3c8d6-fr","28":"pa_rider-height-185-190-cm","29":"pa_rider-height-190-195-cm","30":"pa_rider-height-195-200-cm","31":"pa_seat-tube-length-61-fr","32":"pa_seat-tube-length-64-fr","33":"pa_sizes-61-fr","34":"pa_sizes-64-fr","35":"pa_wheel-size-27-5-3","37":"first","38":"instock","39":"shipping-taxable","40":"purchasable","41":"product-type-variable"},"acf":[],"yoast_head":"<!-- This site is optimized with the Yoast SEO plugin v24.5 - https:\/\/yoast.com\/wordpress\/plugins\/seo\/ -->\n<title>Specialized Diverge Expert | V\u00e9lo suisse | 0 % d&#039;int\u00e9r\u00eat<\/title>\n<meta name=\"description\" content=\"Ach\u00e8te le Specialized Diverge Expert et rembourse-le facilement en versements mensuels avec 0% d&#039;int\u00e9r\u00eat ! Profites-en maintenant et commence \u00e0 rouler imm\u00e9diatement.\" \/>\n<meta name=\"robots\" content=\"noindex, follow, max-snippet:-1, max-image-preview:large, max-video-preview:-1\" \/>\n<meta property=\"og:locale\" content=\"fr_FR\" \/>\n<meta property=\"og:type\" content=\"article\" \/>\n<meta property=\"og:title\" content=\"Specialized Diverge Expert | V\u00e9lo suisse | 0 % d&#039;int\u00e9r\u00eat\" \/>\n<meta property=\"og:description\" content=\"Ach\u00e8te le Specialized Diverge Expert et rembourse-le facilement en versements mensuels avec 0% d&#039;int\u00e9r\u00eat ! Profites-en maintenant et commence \u00e0 rouler imm\u00e9diatement.\" \/>\n<meta property=\"og:url\" content=\"https:\/\/listings.mybikeplan.ch\/fr\/produit\/specialized-diverge-expert-blue\/\" \/>\n<meta property=\"og:site_name\" content=\"MyBikePlan\" \/>\n<meta property=\"article:modified_time\" content=\"2024-01-31T09:53:38+00:00\" \/>\n<meta property=\"og:image\" content=\"https:\/\/listings.mybikeplan.ch\/wp-content\/uploads\/2024\/01\/Specialized-Diverge-Expert.jpg\" \/>\n\t<meta property=\"og:image:width\" content=\"1000\" \/>\n\t<meta property=\"og:image:height\" content=\"1000\" \/>\n\t<meta property=\"og:image:type\" content=\"image\/jpeg\" \/>\n<meta name=\"twitter:card\" content=\"summary_large_image\" \/>\n<meta name=\"twitter:label1\" content=\"Dur\u00e9e de lecture estim\u00e9e\" \/>\n\t<meta name=\"twitter:data1\" content=\"1 minute\" \/>\n<script type=\"application\/ld+json\" class=\"yoast-schema-graph\">{\"@context\":\"https:\/\/schema.org\",\"@graph\":[{\"@type\":\"WebPage\",\"@id\":\"https:\/\/listings.mybikeplan.ch\/fr\/produit\/specialized-diverge-expert-blue\/\",\"url\":\"https:\/\/listings.mybikeplan.ch\/fr\/produit\/specialized-diverge-expert-blue\/\",\"name\":\"Specialized Diverge Expert | V\u00e9lo suisse | 0 % d'int\u00e9r\u00eat\",\"isPartOf\":{\"@id\":\"https:\/\/listings.mybikeplan.ch\/fr\/#website\"},\"primaryImageOfPage\":{\"@id\":\"https:\/\/listings.mybikeplan.ch\/fr\/produit\/specialized-diverge-expert-blue\/#primaryimage\"},\"image\":{\"@id\":\"https:\/\/listings.mybikeplan.ch\/fr\/produit\/specialized-diverge-expert-blue\/#primaryimage\"},\"thumbnailUrl\":\"https:\/\/listings.mybikeplan.ch\/wp-content\/uploads\/2024\/01\/Specialized-Diverge-Expert.jpg\",\"datePublished\":\"2024-01-30T14:10:14+00:00\",\"dateModified\":\"2024-01-31T09:53:38+00:00\",\"description\":\"Ach\u00e8te le Specialized Diverge Expert et rembourse-le facilement en versements mensuels avec 0% d'int\u00e9r\u00eat ! Profites-en maintenant et commence \u00e0 rouler imm\u00e9diatement.\",\"breadcrumb\":{\"@id\":\"https:\/\/listings.mybikeplan.ch\/fr\/produit\/specialized-diverge-expert-blue\/#breadcrumb\"},\"inLanguage\":\"fr-FR\",\"potentialAction\":[{\"@type\":\"ReadAction\",\"target\":[\"https:\/\/listings.mybikeplan.ch\/fr\/produit\/specialized-diverge-expert-blue\/\"]}]},{\"@type\":\"ImageObject\",\"inLanguage\":\"fr-FR\",\"@id\":\"https:\/\/listings.mybikeplan.ch\/fr\/produit\/specialized-diverge-expert-blue\/#primaryimage\",\"url\":\"https:\/\/listings.mybikeplan.ch\/wp-content\/uploads\/2024\/01\/Specialized-Diverge-Expert.jpg\",\"contentUrl\":\"https:\/\/listings.mybikeplan.ch\/wp-content\/uploads\/2024\/01\/Specialized-Diverge-Expert.jpg\",\"width\":1000,\"height\":1000},{\"@type\":\"BreadcrumbList\",\"@id\":\"https:\/\/listings.mybikeplan.ch\/fr\/produit\/specialized-diverge-expert-blue\/#breadcrumb\",\"itemListElement\":[{\"@type\":\"ListItem\",\"position\":1,\"name\":\"Home\",\"item\":\"https:\/\/listings.mybikeplan.ch\/fr\/home\/\"},{\"@type\":\"ListItem\",\"position\":2,\"name\":\"Specialized Diverge Expert\"}]},{\"@type\":\"WebSite\",\"@id\":\"https:\/\/listings.mybikeplan.ch\/fr\/#website\",\"url\":\"https:\/\/listings.mybikeplan.ch\/fr\/\",\"name\":\"MyBikePlan\",\"description\":\"\",\"potentialAction\":[{\"@type\":\"SearchAction\",\"target\":{\"@type\":\"EntryPoint\",\"urlTemplate\":\"https:\/\/listings.mybikeplan.ch\/fr\/?s={search_term_string}\"},\"query-input\":{\"@type\":\"PropertyValueSpecification\",\"valueRequired\":true,\"valueName\":\"search_term_string\"}}],\"inLanguage\":\"fr-FR\"}]}<\/script>\n<!-- \/ Yoast SEO plugin. -->","yoast_head_json":{"title":"Specialized Diverge Expert | V\u00e9lo suisse | 0 % d'int\u00e9r\u00eat","description":"Ach\u00e8te le Specialized Diverge Expert et rembourse-le facilement en versements mensuels avec 0% d'int\u00e9r\u00eat ! Profites-en maintenant et commence \u00e0 rouler imm\u00e9diatement.","robots":{"index":"noindex","follow":"follow","max-snippet":"max-snippet:-1","max-image-preview":"max-image-preview:large","max-video-preview":"max-video-preview:-1"},"og_locale":"fr_FR","og_type":"article","og_title":"Specialized Diverge Expert | V\u00e9lo suisse | 0 % d'int\u00e9r\u00eat","og_description":"Ach\u00e8te le Specialized Diverge Expert et rembourse-le facilement en versements mensuels avec 0% d'int\u00e9r\u00eat ! Profites-en maintenant et commence \u00e0 rouler imm\u00e9diatement.","og_url":"https:\/\/listings.mybikeplan.ch\/fr\/produit\/specialized-diverge-expert-blue\/","og_site_name":"MyBikePlan","article_modified_time":"2024-01-31T09:53:38+00:00","og_image":[{"width":1000,"height":1000,"url":"https:\/\/listings.mybikeplan.ch\/wp-content\/uploads\/2024\/01\/Specialized-Diverge-Expert.jpg","type":"image\/jpeg"}],"twitter_card":"summary_large_image","twitter_misc":{"Dur\u00e9e de lecture estim\u00e9e":"1 minute"},"schema":{"@context":"https:\/\/schema.org","@graph":[{"@type":"WebPage","@id":"https:\/\/listings.mybikeplan.ch\/fr\/produit\/specialized-diverge-expert-blue\/","url":"https:\/\/listings.mybikeplan.ch\/fr\/produit\/specialized-diverge-expert-blue\/","name":"Specialized Diverge Expert | V\u00e9lo suisse | 0 % d'int\u00e9r\u00eat","isPartOf":{"@id":"https:\/\/listings.mybikeplan.ch\/fr\/#website"},"primaryImageOfPage":{"@id":"https:\/\/listings.mybikeplan.ch\/fr\/produit\/specialized-diverge-expert-blue\/#primaryimage"},"image":{"@id":"https:\/\/listings.mybikeplan.ch\/fr\/produit\/specialized-diverge-expert-blue\/#primaryimage"},"thumbnailUrl":"https:\/\/listings.mybikeplan.ch\/wp-content\/uploads\/2024\/01\/Specialized-Diverge-Expert.jpg","datePublished":"2024-01-30T14:10:14+00:00","dateModified":"2024-01-31T09:53:38+00:00","description":"Ach\u00e8te le Specialized Diverge Expert et rembourse-le facilement en versements mensuels avec 0% d'int\u00e9r\u00eat ! Profites-en maintenant et commence \u00e0 rouler imm\u00e9diatement.","breadcrumb":{"@id":"https:\/\/listings.mybikeplan.ch\/fr\/produit\/specialized-diverge-expert-blue\/#breadcrumb"},"inLanguage":"fr-FR","potentialAction":[{"@type":"ReadAction","target":["https:\/\/listings.mybikeplan.ch\/fr\/produit\/specialized-diverge-expert-blue\/"]}]},{"@type":"ImageObject","inLanguage":"fr-FR","@id":"https:\/\/listings.mybikeplan.ch\/fr\/produit\/specialized-diverge-expert-blue\/#primaryimage","url":"https:\/\/listings.mybikeplan.ch\/wp-content\/uploads\/2024\/01\/Specialized-Diverge-Expert.jpg","contentUrl":"https:\/\/listings.mybikeplan.ch\/wp-content\/uploads\/2024\/01\/Specialized-Diverge-Expert.jpg","width":1000,"height":1000},{"@type":"BreadcrumbList","@id":"https:\/\/listings.mybikeplan.ch\/fr\/produit\/specialized-diverge-expert-blue\/#breadcrumb","itemListElement":[{"@type":"ListItem","position":1,"name":"Home","item":"https:\/\/listings.mybikeplan.ch\/fr\/home\/"},{"@type":"ListItem","position":2,"name":"Specialized Diverge Expert"}]},{"@type":"WebSite","@id":"https:\/\/listings.mybikeplan.ch\/fr\/#website","url":"https:\/\/listings.mybikeplan.ch\/fr\/","name":"MyBikePlan","description":"","potentialAction":[{"@type":"SearchAction","target":{"@type":"EntryPoint","urlTemplate":"https:\/\/listings.mybikeplan.ch\/fr\/?s={search_term_string}"},"query-input":{"@type":"PropertyValueSpecification","valueRequired":true,"valueName":"search_term_string"}}],"inLanguage":"fr-FR"}]}},"_links":{"self":[{"href":"https:\/\/listings.mybikeplan.ch\/fr\/wp-json\/wp\/v2\/product\/56279","targetHints":{"allow":["GET"]}}],"collection":[{"href":"https:\/\/listings.mybikeplan.ch\/fr\/wp-json\/wp\/v2\/product"}],"about":[{"href":"https:\/\/listings.mybikeplan.ch\/fr\/wp-json\/wp\/v2\/types\/product"}],"replies":[{"embeddable":true,"href":"https:\/\/listings.mybikeplan.ch\/fr\/wp-json\/wp\/v2\/comments?post=56279"}],"wp:featuredmedia":[{"embeddable":true,"href":"https:\/\/listings.mybikeplan.ch\/fr\/wp-json\/wp\/v2\/media\/56302"}],"wp:attachment":[{"href":"https:\/\/listings.mybikeplan.ch\/fr\/wp-json\/wp\/v2\/media?parent=56279"}],"wp:term":[{"taxonomy":"product_brand","embeddable":true,"href":"https:\/\/listings.mybikeplan.ch\/fr\/wp-json\/wp\/v2\/product_brand?post=56279"},{"taxonomy":"product_cat","embeddable":true,"href":"https:\/\/listings.mybikeplan.ch\/fr\/wp-json\/wp\/v2\/product_cat?post=56279"},{"taxonomy":"product_tag","embeddable":true,"href":"https:\/\/listings.mybikeplan.ch\/fr\/wp-json\/wp\/v2\/product_tag?post=56279"}],"curies":[{"name":"wp","href":"https:\/\/api.w.org\/{rel}","templated":true}]}}