{"id":46305,"date":"2023-10-03T09:15:04","date_gmt":"2023-10-03T09:15:06","guid":{"rendered":"https:\/\/listings.mybikeplan.ch\/?post_type=product&#038;p=46305"},"modified":"2025-02-18T13:45:03","modified_gmt":"2025-02-18T13:45:03","slug":"hnf-nicolai-cd2","status":"publish","type":"product","link":"https:\/\/listings.mybikeplan.ch\/fr\/produit\/hnf-nicolai-cd2\/","title":{"rendered":"HNF Nicolai CD2 V\u00e9lo \u00e9lectrique cargo"},"content":{"rendered":"<h2>Le plus important sur le v\u00e9lo \u00e9lectrique HNF Nicolai CD2 Cargo :<\/h2>\n<ul>\n<li>en mont\u00e9e sans effort avec jusqu&rsquo;\u00e0 280 kg<\/li>\n<li>Positionnement intuitif et ergonomique dans les virages : tu peux ainsi prendre chaque virage sans probl\u00e8me.<\/li>\n<li>Le compartiment \u00e0 batterie verrouillable peut contenir jusqu&rsquo;\u00e0 deux batteries Bosch 750 Wh.<\/li>\n<\/ul>\n<h2>L&rsquo;e-bike HNF Nicolai CD2 Cargo est parfait pour toi si tu.. :<\/h2>\n<ul>\n<li>tu es \u00e0 la recherche d&rsquo;un v\u00e9lo \u00e9lectrique cargo de haute qualit\u00e9<\/li>\n<li>tu veux utiliser ton v\u00e9lo \u00e9lectrique pour transporter des denr\u00e9es alimentaires ou des enfants en ville<\/li>\n<li>tu cherches une alternative \u00e9cologique \u00e0 la voiture<\/li>\n<li>tu ne veux pas faire de concessions en mati\u00e8re de s\u00e9curit\u00e9 ou de qualit\u00e9<\/li>\n<\/ul>\n","protected":false},"excerpt":{"rendered":"<h2>HNF Nicolai CD2 v\u00e9lo \u00e9lectrique cargo<\/h2>\n<p>Le CD2 est un v\u00e9lo \u00e9lectrique cargo de classe sp\u00e9ciale : ce v\u00e9lo cargo permet de transporter n&rsquo;importe quelle charge dans n&rsquo;importe quel virage et de gravir n&rsquo;importe quelle montagne. Le v\u00e9lo ne bascule pas, quelle que soit la vitesse \u00e0 laquelle tu roules. C&rsquo;est possible gr\u00e2ce \u00e0 la technique d&rsquo;inclinaison brevet\u00e9e de HNF Nicolai.<\/p>\n<p>Presque aucun autre v\u00e9lo de transport n&rsquo;atteint le volume du CD2 : il peut accueillir jusqu&rsquo;\u00e0 quatre enfants et leurs bagages. Non seulement la Kids Box, mais aussi le coffre verrouillable et une bo\u00eete \u00e0 gants suppl\u00e9mentaire r\u00e9pondent \u00e0 toutes les attentes. Plusieurs casques et sacs \u00e0 dos peuvent \u00eatre rang\u00e9s dans le coffre verrouillable ; m\u00eame les grandes caisses de boissons ne posent pas de probl\u00e8me. Au total, le CD2 absorbe plus de 200 kg rien que pour la charge utile.<\/p>\n<p>Gr\u00e2ce aux ceintures \u00e0 trois points r\u00e9glables en hauteur de la maison FIDLOCK et aux parois lat\u00e9rales en EPP du Kids Box, les enfants sont parfaitement prot\u00e9g\u00e9s.<\/p>\n<p>Pour garer le v\u00e9lo, il suffit d&rsquo;appuyer sur la p\u00e9dale de blocage positionn\u00e9e de mani\u00e8re ergonomique, et le CD2 reste debout. Il est \u00e9galement possible de d\u00e9sactiver la technique d&rsquo;inclinaison pour rouler tr\u00e8s lentement ainsi que pour rouler ou pousser &#8211; mais ce n&rsquo;est pas n\u00e9cessaire. Sans inclinaison, le CD2 se conduit comme un tricycle rigide. Pour une conduite fluide comme sur un v\u00e9lo utilitaire \u00e0 une seule voie, il suffit d&rsquo;appuyer doucement sur le bouton du guidon pour r\u00e9activer la technique d&rsquo;inclinaison. Non seulement les virages rapides deviennent possibles, mais le rayon de courbure diminue aussi de mani\u00e8re significative gr\u00e2ce \u00e0 l&rsquo;inclinaison.<\/p>\n<p>Si tu cherches un v\u00e9lo cargo n\u00e9cessitant peu d&rsquo;entretien et dot\u00e9 de composants de qualit\u00e9, tu feras le bon choix avec le CD2.<\/p>\n<h2>A propos de HNF Nicolai<\/h2>\n<p>Depuis 2015, HNF Nicolai construit des v\u00e9los \u00e9lectriques de la plus haute qualit\u00e9. Aujourd&rsquo;hui, HNF est devenu synonyme de v\u00e9hicules de haute qualit\u00e9 avec des concepts de propulsion innovants et un design sup\u00e9rieur dans le segment premium. La gamme de produits s&rsquo;\u00e9tend des v\u00e9los \u00e9lectriques de ville et des v\u00e9los \u00e9lectriques tout-terrain aux v\u00e9hicules de transport. Les v\u00e9los \u00e9lectriques HNF Nicolai sont fabriqu\u00e9s en Europe selon les normes les plus \u00e9lev\u00e9es et sont accompagn\u00e9s de contr\u00f4les minutieux dans l&rsquo;usine allemande.<\/p>\n","protected":false},"featured_media":46355,"comment_status":"open","ping_status":"closed","template":"","meta":{"_acf_changed":false},"product_brand":[],"product_cat":[10082,10165,10158,10157,10184,10186,10124,10080,10096],"product_tag":[],"class_list":{"0":"post-46305","1":"product","2":"type-product","3":"status-publish","4":"has-post-thumbnail","6":"product_cat-25-km","7":"product_cat-bleu","8":"product_cat-cargo-e-bikes","9":"product_cat-e-bikes","10":"product_cat-femmes","11":"product_cat-hommes","12":"product_cat-marque-hnf-nicolai","13":"product_cat-mybikeplan","14":"product_cat-alle-e-bikes","15":"pa_battery-bosch-powertube-750-wh-fr-2","16":"pa_battery-size-750-wh","17":"pa_brand-hnf-nicolai","18":"pa_display-bosch-kiox-300-fr","19":"pa_filters-color-bleu","20":"pa_motor-bosch-performance-cx-fr","21":"pa_rider-height-160-165-cm","22":"pa_rider-height-165-170-cm","23":"pa_rider-height-170-175-cm","24":"pa_rider-height-175-180-cm","25":"pa_rider-height-180-185-cm","26":"pa_rider-height-185-190-cm","27":"pa_rider-height-190-195-cm","28":"pa_seat-tube-length-one-size-fr","29":"pa_sizes-one-size-fr","30":"pa_speed-25-km-heure","32":"first","33":"instock","34":"shipping-taxable","35":"purchasable","36":"product-type-variable"},"acf":[],"yoast_head":"<!-- This site is optimized with the Yoast SEO plugin v24.5 - https:\/\/yoast.com\/wordpress\/plugins\/seo\/ -->\n<title>HNF Nicolai CD2 | V\u00e9lo suisse | acomptes de 0 %<\/title>\n<meta name=\"description\" content=\"Ach\u00e8te le HNF Nicolai CD2 et rembourse-le facilement en versements mensuels avec 0% d&#039;int\u00e9r\u00eat ! Profite maintenant.\" \/>\n<meta name=\"robots\" content=\"noindex, follow, max-snippet:-1, max-image-preview:large, max-video-preview:-1\" \/>\n<meta property=\"og:locale\" content=\"fr_FR\" \/>\n<meta property=\"og:type\" content=\"article\" \/>\n<meta property=\"og:title\" content=\"HNF Nicolai CD2 | V\u00e9lo suisse | acomptes de 0 %\" \/>\n<meta property=\"og:description\" content=\"Ach\u00e8te le HNF Nicolai CD2 et rembourse-le facilement en versements mensuels avec 0% d&#039;int\u00e9r\u00eat ! Profite maintenant.\" \/>\n<meta property=\"og:url\" content=\"https:\/\/listings.mybikeplan.ch\/fr\/produit\/hnf-nicolai-cd2\/\" \/>\n<meta property=\"og:site_name\" content=\"MyBikePlan\" \/>\n<meta property=\"article:modified_time\" content=\"2025-02-18T13:45:03+00:00\" \/>\n<meta property=\"og:image\" content=\"https:\/\/listings.mybikeplan.ch\/wp-content\/uploads\/2023\/10\/HNF-Nicolai-CD2.jpg\" \/>\n\t<meta property=\"og:image:width\" content=\"1080\" \/>\n\t<meta property=\"og:image:height\" content=\"1080\" \/>\n\t<meta property=\"og:image:type\" content=\"image\/jpeg\" \/>\n<meta name=\"twitter:card\" content=\"summary_large_image\" \/>\n<meta name=\"twitter:label1\" content=\"Dur\u00e9e de lecture estim\u00e9e\" \/>\n\t<meta name=\"twitter:data1\" content=\"1 minute\" \/>\n<script type=\"application\/ld+json\" class=\"yoast-schema-graph\">{\"@context\":\"https:\/\/schema.org\",\"@graph\":[{\"@type\":\"WebPage\",\"@id\":\"https:\/\/listings.mybikeplan.ch\/fr\/produit\/hnf-nicolai-cd2\/\",\"url\":\"https:\/\/listings.mybikeplan.ch\/fr\/produit\/hnf-nicolai-cd2\/\",\"name\":\"HNF Nicolai CD2 | V\u00e9lo suisse | acomptes de 0 %\",\"isPartOf\":{\"@id\":\"https:\/\/listings.mybikeplan.ch\/fr\/#website\"},\"primaryImageOfPage\":{\"@id\":\"https:\/\/listings.mybikeplan.ch\/fr\/produit\/hnf-nicolai-cd2\/#primaryimage\"},\"image\":{\"@id\":\"https:\/\/listings.mybikeplan.ch\/fr\/produit\/hnf-nicolai-cd2\/#primaryimage\"},\"thumbnailUrl\":\"https:\/\/listings.mybikeplan.ch\/wp-content\/uploads\/2023\/10\/HNF-Nicolai-CD2.jpg\",\"datePublished\":\"2023-10-03T09:15:06+00:00\",\"dateModified\":\"2025-02-18T13:45:03+00:00\",\"description\":\"Ach\u00e8te le HNF Nicolai CD2 et rembourse-le facilement en versements mensuels avec 0% d'int\u00e9r\u00eat ! Profite maintenant.\",\"breadcrumb\":{\"@id\":\"https:\/\/listings.mybikeplan.ch\/fr\/produit\/hnf-nicolai-cd2\/#breadcrumb\"},\"inLanguage\":\"fr-FR\",\"potentialAction\":[{\"@type\":\"ReadAction\",\"target\":[\"https:\/\/listings.mybikeplan.ch\/fr\/produit\/hnf-nicolai-cd2\/\"]}]},{\"@type\":\"ImageObject\",\"inLanguage\":\"fr-FR\",\"@id\":\"https:\/\/listings.mybikeplan.ch\/fr\/produit\/hnf-nicolai-cd2\/#primaryimage\",\"url\":\"https:\/\/listings.mybikeplan.ch\/wp-content\/uploads\/2023\/10\/HNF-Nicolai-CD2.jpg\",\"contentUrl\":\"https:\/\/listings.mybikeplan.ch\/wp-content\/uploads\/2023\/10\/HNF-Nicolai-CD2.jpg\",\"width\":1080,\"height\":1080},{\"@type\":\"BreadcrumbList\",\"@id\":\"https:\/\/listings.mybikeplan.ch\/fr\/produit\/hnf-nicolai-cd2\/#breadcrumb\",\"itemListElement\":[{\"@type\":\"ListItem\",\"position\":1,\"name\":\"Home\",\"item\":\"https:\/\/listings.mybikeplan.ch\/fr\/home\/\"},{\"@type\":\"ListItem\",\"position\":2,\"name\":\"HNF Nicolai CD2 V\u00e9lo \u00e9lectrique cargo\"}]},{\"@type\":\"WebSite\",\"@id\":\"https:\/\/listings.mybikeplan.ch\/fr\/#website\",\"url\":\"https:\/\/listings.mybikeplan.ch\/fr\/\",\"name\":\"MyBikePlan\",\"description\":\"\",\"potentialAction\":[{\"@type\":\"SearchAction\",\"target\":{\"@type\":\"EntryPoint\",\"urlTemplate\":\"https:\/\/listings.mybikeplan.ch\/fr\/?s={search_term_string}\"},\"query-input\":{\"@type\":\"PropertyValueSpecification\",\"valueRequired\":true,\"valueName\":\"search_term_string\"}}],\"inLanguage\":\"fr-FR\"}]}<\/script>\n<!-- \/ Yoast SEO plugin. -->","yoast_head_json":{"title":"HNF Nicolai CD2 | V\u00e9lo suisse | acomptes de 0 %","description":"Ach\u00e8te le HNF Nicolai CD2 et rembourse-le facilement en versements mensuels avec 0% d'int\u00e9r\u00eat ! Profite maintenant.","robots":{"index":"noindex","follow":"follow","max-snippet":"max-snippet:-1","max-image-preview":"max-image-preview:large","max-video-preview":"max-video-preview:-1"},"og_locale":"fr_FR","og_type":"article","og_title":"HNF Nicolai CD2 | V\u00e9lo suisse | acomptes de 0 %","og_description":"Ach\u00e8te le HNF Nicolai CD2 et rembourse-le facilement en versements mensuels avec 0% d'int\u00e9r\u00eat ! Profite maintenant.","og_url":"https:\/\/listings.mybikeplan.ch\/fr\/produit\/hnf-nicolai-cd2\/","og_site_name":"MyBikePlan","article_modified_time":"2025-02-18T13:45:03+00:00","og_image":[{"width":1080,"height":1080,"url":"https:\/\/listings.mybikeplan.ch\/wp-content\/uploads\/2023\/10\/HNF-Nicolai-CD2.jpg","type":"image\/jpeg"}],"twitter_card":"summary_large_image","twitter_misc":{"Dur\u00e9e de lecture estim\u00e9e":"1 minute"},"schema":{"@context":"https:\/\/schema.org","@graph":[{"@type":"WebPage","@id":"https:\/\/listings.mybikeplan.ch\/fr\/produit\/hnf-nicolai-cd2\/","url":"https:\/\/listings.mybikeplan.ch\/fr\/produit\/hnf-nicolai-cd2\/","name":"HNF Nicolai CD2 | V\u00e9lo suisse | acomptes de 0 %","isPartOf":{"@id":"https:\/\/listings.mybikeplan.ch\/fr\/#website"},"primaryImageOfPage":{"@id":"https:\/\/listings.mybikeplan.ch\/fr\/produit\/hnf-nicolai-cd2\/#primaryimage"},"image":{"@id":"https:\/\/listings.mybikeplan.ch\/fr\/produit\/hnf-nicolai-cd2\/#primaryimage"},"thumbnailUrl":"https:\/\/listings.mybikeplan.ch\/wp-content\/uploads\/2023\/10\/HNF-Nicolai-CD2.jpg","datePublished":"2023-10-03T09:15:06+00:00","dateModified":"2025-02-18T13:45:03+00:00","description":"Ach\u00e8te le HNF Nicolai CD2 et rembourse-le facilement en versements mensuels avec 0% d'int\u00e9r\u00eat ! Profite maintenant.","breadcrumb":{"@id":"https:\/\/listings.mybikeplan.ch\/fr\/produit\/hnf-nicolai-cd2\/#breadcrumb"},"inLanguage":"fr-FR","potentialAction":[{"@type":"ReadAction","target":["https:\/\/listings.mybikeplan.ch\/fr\/produit\/hnf-nicolai-cd2\/"]}]},{"@type":"ImageObject","inLanguage":"fr-FR","@id":"https:\/\/listings.mybikeplan.ch\/fr\/produit\/hnf-nicolai-cd2\/#primaryimage","url":"https:\/\/listings.mybikeplan.ch\/wp-content\/uploads\/2023\/10\/HNF-Nicolai-CD2.jpg","contentUrl":"https:\/\/listings.mybikeplan.ch\/wp-content\/uploads\/2023\/10\/HNF-Nicolai-CD2.jpg","width":1080,"height":1080},{"@type":"BreadcrumbList","@id":"https:\/\/listings.mybikeplan.ch\/fr\/produit\/hnf-nicolai-cd2\/#breadcrumb","itemListElement":[{"@type":"ListItem","position":1,"name":"Home","item":"https:\/\/listings.mybikeplan.ch\/fr\/home\/"},{"@type":"ListItem","position":2,"name":"HNF Nicolai CD2 V\u00e9lo \u00e9lectrique cargo"}]},{"@type":"WebSite","@id":"https:\/\/listings.mybikeplan.ch\/fr\/#website","url":"https:\/\/listings.mybikeplan.ch\/fr\/","name":"MyBikePlan","description":"","potentialAction":[{"@type":"SearchAction","target":{"@type":"EntryPoint","urlTemplate":"https:\/\/listings.mybikeplan.ch\/fr\/?s={search_term_string}"},"query-input":{"@type":"PropertyValueSpecification","valueRequired":true,"valueName":"search_term_string"}}],"inLanguage":"fr-FR"}]}},"_links":{"self":[{"href":"https:\/\/listings.mybikeplan.ch\/fr\/wp-json\/wp\/v2\/product\/46305","targetHints":{"allow":["GET"]}}],"collection":[{"href":"https:\/\/listings.mybikeplan.ch\/fr\/wp-json\/wp\/v2\/product"}],"about":[{"href":"https:\/\/listings.mybikeplan.ch\/fr\/wp-json\/wp\/v2\/types\/product"}],"replies":[{"embeddable":true,"href":"https:\/\/listings.mybikeplan.ch\/fr\/wp-json\/wp\/v2\/comments?post=46305"}],"wp:featuredmedia":[{"embeddable":true,"href":"https:\/\/listings.mybikeplan.ch\/fr\/wp-json\/wp\/v2\/media\/46355"}],"wp:attachment":[{"href":"https:\/\/listings.mybikeplan.ch\/fr\/wp-json\/wp\/v2\/media?parent=46305"}],"wp:term":[{"taxonomy":"product_brand","embeddable":true,"href":"https:\/\/listings.mybikeplan.ch\/fr\/wp-json\/wp\/v2\/product_brand?post=46305"},{"taxonomy":"product_cat","embeddable":true,"href":"https:\/\/listings.mybikeplan.ch\/fr\/wp-json\/wp\/v2\/product_cat?post=46305"},{"taxonomy":"product_tag","embeddable":true,"href":"https:\/\/listings.mybikeplan.ch\/fr\/wp-json\/wp\/v2\/product_tag?post=46305"}],"curies":[{"name":"wp","href":"https:\/\/api.w.org\/{rel}","templated":true}]}}