{"id":39108,"date":"2023-08-10T14:20:12","date_gmt":"2023-08-10T14:20:16","guid":{"rendered":"https:\/\/listings.mybikeplan.ch\/?post_type=product&#038;p=39108"},"modified":"2024-10-07T08:51:36","modified_gmt":"2024-10-07T08:51:36","slug":"aqua-back-plus-rot","status":"publish","type":"product","link":"https:\/\/listings.mybikeplan.ch\/fr\/produit\/aqua-back-plus-rot\/","title":{"rendered":"Vaude Aqua Back Plus Rouge"},"content":{"rendered":"<p>\u00c0 la d\u00e9couverte du monde! Ces sacoches \u00e9tanches pour roue arri\u00e8re, en b\u00e2che r\u00e9sistante sans PVC, sont climatiquement neutres et fabriqu\u00e9es sur le site allemand de VAUDE au bord du lac de Constance. Elles n\u2019attendent que vous pour partir \u00e0 l\u2019aventure! Gr\u00e2ce \u00e0 une fermeture par enroulement totalement \u00e9tanche, leur taille est ajustable et leur contenu reste bien au sec. Une poche int\u00e9rieure simple ainsi qu\u2019une poche ext\u00e9rieure soud\u00e9e, permettent de bien ranger ses affaires. Ces sacoches sont fix\u00e9es \u00e0 droite et \u00e0 gauche du porte-bagages arri\u00e8re et stables gr\u00e2ce au syst\u00e8me QMR 2.0 et \u00e0 une plaque rigide. Elles sont ajustables \u00e0 l\u2019aide de petites roues et peuvent rapidement et facilement \u00eatre fix\u00e9es et enlev\u00e9es. Gr\u00e2ce \u00e0 un simple cadenas, elles peuvent \u00eatre attach\u00e9es directement au crochet QMR. Avec des \u00e9l\u00e9ments r\u00e9fl\u00e9chissants. Contenu de la livraison: deux sacs (paire). Le volume total des deux sacoches s\u2019\u00e9l\u00e8ve \u00e0 51 litres. Ce mod\u00e8le peut \u00eatre combin\u00e9 avec les accessoires pratiques pour sacoches: Toolbag Back, Sortyour Back, Addita Bag.<\/p>\n","protected":false},"excerpt":{"rendered":"<p>\u00c0 la d\u00e9couverte du monde! Ces sacoches \u00e9tanches pour roue arri\u00e8re, en b\u00e2che r\u00e9sistante sans PVC, sont climatiquement neutres et fabriqu\u00e9es sur le site allemand de VAUDE au bord du lac de Constance. Elles n\u2019attendent que vous pour partir \u00e0 l\u2019aventure! Gr\u00e2ce \u00e0 une fermeture par enroulement totalement \u00e9tanche, leur taille est ajustable et leur contenu reste bien au sec. Une poche int\u00e9rieure simple ainsi qu\u2019une poche ext\u00e9rieure soud\u00e9e, permettent de bien ranger ses affaires. Ces sacoches sont fix\u00e9es \u00e0 droite et \u00e0 gauche du porte-bagages arri\u00e8re et stables gr\u00e2ce au syst\u00e8me QMR 2.0 et \u00e0 une plaque rigide. Elles sont ajustables \u00e0 l\u2019aide de petites roues et peuvent rapidement et facilement \u00eatre fix\u00e9es et enlev\u00e9es. Gr\u00e2ce \u00e0 un simple cadenas, elles peuvent \u00eatre attach\u00e9es directement au crochet QMR. Avec des \u00e9l\u00e9ments r\u00e9fl\u00e9chissants. Contenu de la livraison: deux sacs (paire). Le volume total des deux sacoches s\u2019\u00e9l\u00e8ve \u00e0 51 litres. Ce mod\u00e8le peut \u00eatre combin\u00e9 avec les accessoires pratiques pour sacoches: Toolbag Back, Sortyour Back, Addita Bag.<\/p>\n","protected":false},"featured_media":42370,"comment_status":"open","ping_status":"closed","template":"","meta":{"_acf_changed":false},"product_brand":[],"product_cat":[10084,10154,10171,10093],"product_tag":[],"class_list":{"0":"post-39108","1":"product","2":"type-product","3":"status-publish","4":"has-post-thumbnail","6":"product_cat-accessoires","7":"product_cat-marke-vaude","8":"product_cat-rouge","9":"product_cat-sacs","10":"pa_brand-vaude","11":"pa_hex-color-008cbe-produkt-aqua-back-plus-light-blue-fr","12":"pa_hex-color-01589f-produkt-aqua-back-plus-dark-blue-fr","13":"pa_hex-color-303437-produkt-aqua-back-plus-black-fr","14":"pa_hex-color-4d8b44-produkt-aqua-back-plus-green-fr","15":"pa_hex-color-888b78-produkt-aqua-back-plus-light-green-fr","16":"pa_hex-color-ad281f-fr","17":"pa_hex-color-cd2a3b-produkt-aqua-back-plus-pink-fr","18":"pa_hex-color-f5e635-produkt-aqua-back-plus-yellow-fr","19":"pa_sizes-uni-size-fr","21":"first","22":"instock","23":"shipping-taxable","24":"purchasable","25":"product-type-variable"},"acf":[],"yoast_head":"<!-- This site is optimized with the Yoast SEO plugin v24.5 - https:\/\/yoast.com\/wordpress\/plugins\/seo\/ -->\n<title>Aqua Back Plus<\/title>\n<meta name=\"robots\" content=\"noindex, follow, max-snippet:-1, max-image-preview:large, max-video-preview:-1\" \/>\n<meta property=\"og:locale\" content=\"fr_FR\" \/>\n<meta property=\"og:type\" content=\"article\" \/>\n<meta property=\"og:title\" content=\"Aqua Back Plus\" \/>\n<meta property=\"og:description\" content=\"\u00c0 la d\u00e9couverte du monde! Ces sacoches \u00e9tanches pour roue arri\u00e8re, en b\u00e2che r\u00e9sistante sans PVC, sont climatiquement neutres et fabriqu\u00e9es sur le site allemand de VAUDE au bord du lac de Constance. Elles n\u2019attendent que vous pour partir \u00e0 l\u2019aventure! Gr\u00e2ce \u00e0 une fermeture par enroulement totalement \u00e9tanche, leur taille est ajustable et leur contenu reste bien au sec. Une poche int\u00e9rieure simple ainsi qu\u2019une poche ext\u00e9rieure soud\u00e9e, permettent de bien ranger ses affaires. Ces sacoches sont fix\u00e9es \u00e0 droite et \u00e0 gauche du porte-bagages arri\u00e8re et stables gr\u00e2ce au syst\u00e8me QMR 2.0 et \u00e0 une plaque rigide. Elles sont ajustables \u00e0 l\u2019aide de petites roues et peuvent rapidement et facilement \u00eatre fix\u00e9es et enlev\u00e9es. Gr\u00e2ce \u00e0 un simple cadenas, elles peuvent \u00eatre attach\u00e9es directement au crochet QMR. Avec des \u00e9l\u00e9ments r\u00e9fl\u00e9chissants. Contenu de la livraison: deux sacs (paire). Le volume total des deux sacoches s\u2019\u00e9l\u00e8ve \u00e0 51 litres. Ce mod\u00e8le peut \u00eatre combin\u00e9 avec les accessoires pratiques pour sacoches: Toolbag Back, Sortyour Back, Addita Bag.\" \/>\n<meta property=\"og:url\" content=\"https:\/\/listings.mybikeplan.ch\/fr\/produit\/aqua-back-plus-rot\/\" \/>\n<meta property=\"og:site_name\" content=\"MyBikePlan\" \/>\n<meta property=\"article:modified_time\" content=\"2024-10-07T08:51:36+00:00\" \/>\n<meta property=\"og:image\" content=\"https:\/\/listings.mybikeplan.ch\/wp-content\/uploads\/2023\/08\/Vaude-Aqua-Back-Plus-Rot.jpg\" \/>\n\t<meta property=\"og:image:width\" content=\"1000\" \/>\n\t<meta property=\"og:image:height\" content=\"1000\" \/>\n\t<meta property=\"og:image:type\" content=\"image\/jpeg\" \/>\n<meta name=\"twitter:card\" content=\"summary_large_image\" \/>\n<meta name=\"twitter:label1\" content=\"Dur\u00e9e de lecture estim\u00e9e\" \/>\n\t<meta name=\"twitter:data1\" content=\"1 minute\" \/>\n<script type=\"application\/ld+json\" class=\"yoast-schema-graph\">{\"@context\":\"https:\/\/schema.org\",\"@graph\":[{\"@type\":\"WebPage\",\"@id\":\"https:\/\/listings.mybikeplan.ch\/fr\/produit\/aqua-back-plus-rot\/\",\"url\":\"https:\/\/listings.mybikeplan.ch\/fr\/produit\/aqua-back-plus-rot\/\",\"name\":\"Aqua Back Plus\",\"isPartOf\":{\"@id\":\"https:\/\/listings.mybikeplan.ch\/fr\/#website\"},\"primaryImageOfPage\":{\"@id\":\"https:\/\/listings.mybikeplan.ch\/fr\/produit\/aqua-back-plus-rot\/#primaryimage\"},\"image\":{\"@id\":\"https:\/\/listings.mybikeplan.ch\/fr\/produit\/aqua-back-plus-rot\/#primaryimage\"},\"thumbnailUrl\":\"https:\/\/listings.mybikeplan.ch\/wp-content\/uploads\/2023\/08\/Vaude-Aqua-Back-Plus-Rot.jpg\",\"datePublished\":\"2023-08-10T14:20:16+00:00\",\"dateModified\":\"2024-10-07T08:51:36+00:00\",\"breadcrumb\":{\"@id\":\"https:\/\/listings.mybikeplan.ch\/fr\/produit\/aqua-back-plus-rot\/#breadcrumb\"},\"inLanguage\":\"fr-FR\",\"potentialAction\":[{\"@type\":\"ReadAction\",\"target\":[\"https:\/\/listings.mybikeplan.ch\/fr\/produit\/aqua-back-plus-rot\/\"]}]},{\"@type\":\"ImageObject\",\"inLanguage\":\"fr-FR\",\"@id\":\"https:\/\/listings.mybikeplan.ch\/fr\/produit\/aqua-back-plus-rot\/#primaryimage\",\"url\":\"https:\/\/listings.mybikeplan.ch\/wp-content\/uploads\/2023\/08\/Vaude-Aqua-Back-Plus-Rot.jpg\",\"contentUrl\":\"https:\/\/listings.mybikeplan.ch\/wp-content\/uploads\/2023\/08\/Vaude-Aqua-Back-Plus-Rot.jpg\",\"width\":1000,\"height\":1000},{\"@type\":\"BreadcrumbList\",\"@id\":\"https:\/\/listings.mybikeplan.ch\/fr\/produit\/aqua-back-plus-rot\/#breadcrumb\",\"itemListElement\":[{\"@type\":\"ListItem\",\"position\":1,\"name\":\"Home\",\"item\":\"https:\/\/listings.mybikeplan.ch\/fr\/home\/\"},{\"@type\":\"ListItem\",\"position\":2,\"name\":\"Vaude Aqua Back Plus Rouge\"}]},{\"@type\":\"WebSite\",\"@id\":\"https:\/\/listings.mybikeplan.ch\/fr\/#website\",\"url\":\"https:\/\/listings.mybikeplan.ch\/fr\/\",\"name\":\"MyBikePlan\",\"description\":\"\",\"potentialAction\":[{\"@type\":\"SearchAction\",\"target\":{\"@type\":\"EntryPoint\",\"urlTemplate\":\"https:\/\/listings.mybikeplan.ch\/fr\/?s={search_term_string}\"},\"query-input\":{\"@type\":\"PropertyValueSpecification\",\"valueRequired\":true,\"valueName\":\"search_term_string\"}}],\"inLanguage\":\"fr-FR\"}]}<\/script>\n<!-- \/ Yoast SEO plugin. -->","yoast_head_json":{"title":"Aqua Back Plus","robots":{"index":"noindex","follow":"follow","max-snippet":"max-snippet:-1","max-image-preview":"max-image-preview:large","max-video-preview":"max-video-preview:-1"},"og_locale":"fr_FR","og_type":"article","og_title":"Aqua Back Plus","og_description":"\u00c0 la d\u00e9couverte du monde! Ces sacoches \u00e9tanches pour roue arri\u00e8re, en b\u00e2che r\u00e9sistante sans PVC, sont climatiquement neutres et fabriqu\u00e9es sur le site allemand de VAUDE au bord du lac de Constance. Elles n\u2019attendent que vous pour partir \u00e0 l\u2019aventure! Gr\u00e2ce \u00e0 une fermeture par enroulement totalement \u00e9tanche, leur taille est ajustable et leur contenu reste bien au sec. Une poche int\u00e9rieure simple ainsi qu\u2019une poche ext\u00e9rieure soud\u00e9e, permettent de bien ranger ses affaires. Ces sacoches sont fix\u00e9es \u00e0 droite et \u00e0 gauche du porte-bagages arri\u00e8re et stables gr\u00e2ce au syst\u00e8me QMR 2.0 et \u00e0 une plaque rigide. Elles sont ajustables \u00e0 l\u2019aide de petites roues et peuvent rapidement et facilement \u00eatre fix\u00e9es et enlev\u00e9es. Gr\u00e2ce \u00e0 un simple cadenas, elles peuvent \u00eatre attach\u00e9es directement au crochet QMR. Avec des \u00e9l\u00e9ments r\u00e9fl\u00e9chissants. Contenu de la livraison: deux sacs (paire). Le volume total des deux sacoches s\u2019\u00e9l\u00e8ve \u00e0 51 litres. Ce mod\u00e8le peut \u00eatre combin\u00e9 avec les accessoires pratiques pour sacoches: Toolbag Back, Sortyour Back, Addita Bag.","og_url":"https:\/\/listings.mybikeplan.ch\/fr\/produit\/aqua-back-plus-rot\/","og_site_name":"MyBikePlan","article_modified_time":"2024-10-07T08:51:36+00:00","og_image":[{"width":1000,"height":1000,"url":"https:\/\/listings.mybikeplan.ch\/wp-content\/uploads\/2023\/08\/Vaude-Aqua-Back-Plus-Rot.jpg","type":"image\/jpeg"}],"twitter_card":"summary_large_image","twitter_misc":{"Dur\u00e9e de lecture estim\u00e9e":"1 minute"},"schema":{"@context":"https:\/\/schema.org","@graph":[{"@type":"WebPage","@id":"https:\/\/listings.mybikeplan.ch\/fr\/produit\/aqua-back-plus-rot\/","url":"https:\/\/listings.mybikeplan.ch\/fr\/produit\/aqua-back-plus-rot\/","name":"Aqua Back Plus","isPartOf":{"@id":"https:\/\/listings.mybikeplan.ch\/fr\/#website"},"primaryImageOfPage":{"@id":"https:\/\/listings.mybikeplan.ch\/fr\/produit\/aqua-back-plus-rot\/#primaryimage"},"image":{"@id":"https:\/\/listings.mybikeplan.ch\/fr\/produit\/aqua-back-plus-rot\/#primaryimage"},"thumbnailUrl":"https:\/\/listings.mybikeplan.ch\/wp-content\/uploads\/2023\/08\/Vaude-Aqua-Back-Plus-Rot.jpg","datePublished":"2023-08-10T14:20:16+00:00","dateModified":"2024-10-07T08:51:36+00:00","breadcrumb":{"@id":"https:\/\/listings.mybikeplan.ch\/fr\/produit\/aqua-back-plus-rot\/#breadcrumb"},"inLanguage":"fr-FR","potentialAction":[{"@type":"ReadAction","target":["https:\/\/listings.mybikeplan.ch\/fr\/produit\/aqua-back-plus-rot\/"]}]},{"@type":"ImageObject","inLanguage":"fr-FR","@id":"https:\/\/listings.mybikeplan.ch\/fr\/produit\/aqua-back-plus-rot\/#primaryimage","url":"https:\/\/listings.mybikeplan.ch\/wp-content\/uploads\/2023\/08\/Vaude-Aqua-Back-Plus-Rot.jpg","contentUrl":"https:\/\/listings.mybikeplan.ch\/wp-content\/uploads\/2023\/08\/Vaude-Aqua-Back-Plus-Rot.jpg","width":1000,"height":1000},{"@type":"BreadcrumbList","@id":"https:\/\/listings.mybikeplan.ch\/fr\/produit\/aqua-back-plus-rot\/#breadcrumb","itemListElement":[{"@type":"ListItem","position":1,"name":"Home","item":"https:\/\/listings.mybikeplan.ch\/fr\/home\/"},{"@type":"ListItem","position":2,"name":"Vaude Aqua Back Plus Rouge"}]},{"@type":"WebSite","@id":"https:\/\/listings.mybikeplan.ch\/fr\/#website","url":"https:\/\/listings.mybikeplan.ch\/fr\/","name":"MyBikePlan","description":"","potentialAction":[{"@type":"SearchAction","target":{"@type":"EntryPoint","urlTemplate":"https:\/\/listings.mybikeplan.ch\/fr\/?s={search_term_string}"},"query-input":{"@type":"PropertyValueSpecification","valueRequired":true,"valueName":"search_term_string"}}],"inLanguage":"fr-FR"}]}},"_links":{"self":[{"href":"https:\/\/listings.mybikeplan.ch\/fr\/wp-json\/wp\/v2\/product\/39108","targetHints":{"allow":["GET"]}}],"collection":[{"href":"https:\/\/listings.mybikeplan.ch\/fr\/wp-json\/wp\/v2\/product"}],"about":[{"href":"https:\/\/listings.mybikeplan.ch\/fr\/wp-json\/wp\/v2\/types\/product"}],"replies":[{"embeddable":true,"href":"https:\/\/listings.mybikeplan.ch\/fr\/wp-json\/wp\/v2\/comments?post=39108"}],"wp:featuredmedia":[{"embeddable":true,"href":"https:\/\/listings.mybikeplan.ch\/fr\/wp-json\/wp\/v2\/media\/42370"}],"wp:attachment":[{"href":"https:\/\/listings.mybikeplan.ch\/fr\/wp-json\/wp\/v2\/media?parent=39108"}],"wp:term":[{"taxonomy":"product_brand","embeddable":true,"href":"https:\/\/listings.mybikeplan.ch\/fr\/wp-json\/wp\/v2\/product_brand?post=39108"},{"taxonomy":"product_cat","embeddable":true,"href":"https:\/\/listings.mybikeplan.ch\/fr\/wp-json\/wp\/v2\/product_cat?post=39108"},{"taxonomy":"product_tag","embeddable":true,"href":"https:\/\/listings.mybikeplan.ch\/fr\/wp-json\/wp\/v2\/product_tag?post=39108"}],"curies":[{"name":"wp","href":"https:\/\/api.w.org\/{rel}","templated":true}]}}