{"id":38869,"date":"2023-08-10T11:24:53","date_gmt":"2023-08-10T11:24:57","guid":{"rendered":"https:\/\/listings.mybikeplan.ch\/?post_type=product&#038;p=38869"},"modified":"2023-08-15T08:51:47","modified_gmt":"2023-08-15T08:51:47","slug":"hecktrager-linea-volkswagen-t5","status":"publish","type":"product","link":"https:\/\/listings.mybikeplan.ch\/fr\/produit\/hecktrager-linea-volkswagen-t5\/","title":{"rendered":"Atera Porte-v\u00e9los arri\u00e8re Linea Volkswagen T5"},"content":{"rendered":"<p>Le porte-v\u00e9los pour la porte arri\u00e8re offre un support s\u00fbr \u00e0 jusqu&rsquo;\u00e0 quatre v\u00e9los. Il est enti\u00e8rement pr\u00e9-assembl\u00e9 et facile \u00e0 fixer. Les coques de roues coulissantes, les espaceurs en caoutchouc et les bras de pr\u00e9hension flexibles sont tr\u00e8s confortables. Caract\u00e9ristiques:<br \/>\n&#8211; Pr\u00e9mont\u00e9<br \/>\n&#8211; Chargement max. de 60 kg (4 v\u00e9los de 15 kg chacun)<br \/>\n&#8211; Stabilisateurs avec rails de roues<br \/>\n&#8211; Extensible sur rails de roues<br \/>\n&#8211; Espaceurs, verrouillables<br \/>\n&#8211; Boucles de roues avec fermeture rapide<br \/>\n&#8211; Cl\u00e9 polygonale antivol en acier inoxydable<\/p>\n","protected":false},"excerpt":{"rendered":"<p>Le porte-v\u00e9los pour la porte arri\u00e8re offre un support s\u00fbr \u00e0 jusqu&rsquo;\u00e0 quatre v\u00e9los. Il est enti\u00e8rement pr\u00e9-assembl\u00e9 et facile \u00e0 fixer. Les coques de roues coulissantes, les espaceurs en caoutchouc et les bras de pr\u00e9hension flexibles sont tr\u00e8s confortables. Caract\u00e9ristiques:<br \/>\n&#8211; Pr\u00e9mont\u00e9<br \/>\n&#8211; Chargement max. de 60 kg (4 v\u00e9los de 15 kg chacun)<br \/>\n&#8211; Stabilisateurs avec rails de roues<br \/>\n&#8211; Extensible sur rails de roues<br \/>\n&#8211; Espaceurs, verrouillables<br \/>\n&#8211; Boucles de roues avec fermeture rapide<br \/>\n&#8211; Cl\u00e9 polygonale antivol en acier inoxydable<\/p>\n","protected":false},"featured_media":38304,"comment_status":"open","ping_status":"closed","template":"","meta":{"_acf_changed":false},"product_brand":[],"product_cat":[10084,10102,10135,10095],"product_tag":[],"class_list":{"0":"post-38869","1":"product","2":"type-product","3":"status-publish","4":"has-post-thumbnail","6":"product_cat-accessoires","7":"product_cat-marque-atera","8":"product_cat-marque-kryptonite","9":"product_cat-porte-velos","10":"pa_accessory-type-bike-carrier","11":"pa_brand-atera","12":"pa_hex-color-808585-fr","13":"pa_sizes-uni-size-fr","15":"first","16":"instock","17":"shipping-taxable","18":"purchasable","19":"product-type-variable"},"acf":[],"yoast_head":"<!-- This site is optimized with the Yoast SEO plugin v24.5 - https:\/\/yoast.com\/wordpress\/plugins\/seo\/ -->\n<title>antivol en U New York LS<\/title>\n<meta name=\"robots\" content=\"noindex, follow, max-snippet:-1, max-image-preview:large, max-video-preview:-1\" \/>\n<meta property=\"og:locale\" content=\"fr_FR\" \/>\n<meta property=\"og:type\" content=\"article\" \/>\n<meta property=\"og:title\" content=\"antivol en U New York LS\" \/>\n<meta property=\"og:description\" content=\"Le porte-v\u00e9los pour la porte arri\u00e8re offre un support s\u00fbr \u00e0 jusqu&#039;\u00e0 quatre v\u00e9los. Il est enti\u00e8rement pr\u00e9-assembl\u00e9 et facile \u00e0 fixer. Les coques de roues coulissantes, les espaceurs en caoutchouc et les bras de pr\u00e9hension flexibles sont tr\u00e8s confortables. Caract\u00e9ristiques: - Pr\u00e9mont\u00e9 - Chargement max. de 60 kg (4 v\u00e9los de 15 kg chacun) - Stabilisateurs avec rails de roues - Extensible sur rails de roues - Espaceurs, verrouillables - Boucles de roues avec fermeture rapide - Cl\u00e9 polygonale antivol en acier inoxydable\" \/>\n<meta property=\"og:url\" content=\"https:\/\/listings.mybikeplan.ch\/fr\/produit\/hecktrager-linea-volkswagen-t5\/\" \/>\n<meta property=\"og:site_name\" content=\"MyBikePlan\" \/>\n<meta property=\"article:modified_time\" content=\"2023-08-15T08:51:47+00:00\" \/>\n<meta property=\"og:image\" content=\"https:\/\/listings.mybikeplan.ch\/wp-content\/uploads\/2023\/08\/Hecktrager-Linea-Volkswagen-T5.jpg\" \/>\n\t<meta property=\"og:image:width\" content=\"704\" \/>\n\t<meta property=\"og:image:height\" content=\"704\" \/>\n\t<meta property=\"og:image:type\" content=\"image\/jpeg\" \/>\n<meta name=\"twitter:card\" content=\"summary_large_image\" \/>\n<meta name=\"twitter:label1\" content=\"Dur\u00e9e de lecture estim\u00e9e\" \/>\n\t<meta name=\"twitter:data1\" content=\"1 minute\" \/>\n<script type=\"application\/ld+json\" class=\"yoast-schema-graph\">{\"@context\":\"https:\/\/schema.org\",\"@graph\":[{\"@type\":\"WebPage\",\"@id\":\"https:\/\/listings.mybikeplan.ch\/fr\/produit\/hecktrager-linea-volkswagen-t5\/\",\"url\":\"https:\/\/listings.mybikeplan.ch\/fr\/produit\/hecktrager-linea-volkswagen-t5\/\",\"name\":\"antivol en U New York LS\",\"isPartOf\":{\"@id\":\"https:\/\/listings.mybikeplan.ch\/fr\/#website\"},\"primaryImageOfPage\":{\"@id\":\"https:\/\/listings.mybikeplan.ch\/fr\/produit\/hecktrager-linea-volkswagen-t5\/#primaryimage\"},\"image\":{\"@id\":\"https:\/\/listings.mybikeplan.ch\/fr\/produit\/hecktrager-linea-volkswagen-t5\/#primaryimage\"},\"thumbnailUrl\":\"https:\/\/listings.mybikeplan.ch\/wp-content\/uploads\/2023\/08\/Hecktrager-Linea-Volkswagen-T5.jpg\",\"datePublished\":\"2023-08-10T11:24:57+00:00\",\"dateModified\":\"2023-08-15T08:51:47+00:00\",\"breadcrumb\":{\"@id\":\"https:\/\/listings.mybikeplan.ch\/fr\/produit\/hecktrager-linea-volkswagen-t5\/#breadcrumb\"},\"inLanguage\":\"fr-FR\",\"potentialAction\":[{\"@type\":\"ReadAction\",\"target\":[\"https:\/\/listings.mybikeplan.ch\/fr\/produit\/hecktrager-linea-volkswagen-t5\/\"]}]},{\"@type\":\"ImageObject\",\"inLanguage\":\"fr-FR\",\"@id\":\"https:\/\/listings.mybikeplan.ch\/fr\/produit\/hecktrager-linea-volkswagen-t5\/#primaryimage\",\"url\":\"https:\/\/listings.mybikeplan.ch\/wp-content\/uploads\/2023\/08\/Hecktrager-Linea-Volkswagen-T5.jpg\",\"contentUrl\":\"https:\/\/listings.mybikeplan.ch\/wp-content\/uploads\/2023\/08\/Hecktrager-Linea-Volkswagen-T5.jpg\",\"width\":704,\"height\":704,\"caption\":\"Hecktr\u00e4ger Linea Volkswagen T5\"},{\"@type\":\"BreadcrumbList\",\"@id\":\"https:\/\/listings.mybikeplan.ch\/fr\/produit\/hecktrager-linea-volkswagen-t5\/#breadcrumb\",\"itemListElement\":[{\"@type\":\"ListItem\",\"position\":1,\"name\":\"Home\",\"item\":\"https:\/\/listings.mybikeplan.ch\/fr\/home\/\"},{\"@type\":\"ListItem\",\"position\":2,\"name\":\"Atera Porte-v\u00e9los arri\u00e8re Linea Volkswagen T5\"}]},{\"@type\":\"WebSite\",\"@id\":\"https:\/\/listings.mybikeplan.ch\/fr\/#website\",\"url\":\"https:\/\/listings.mybikeplan.ch\/fr\/\",\"name\":\"MyBikePlan\",\"description\":\"\",\"potentialAction\":[{\"@type\":\"SearchAction\",\"target\":{\"@type\":\"EntryPoint\",\"urlTemplate\":\"https:\/\/listings.mybikeplan.ch\/fr\/?s={search_term_string}\"},\"query-input\":{\"@type\":\"PropertyValueSpecification\",\"valueRequired\":true,\"valueName\":\"search_term_string\"}}],\"inLanguage\":\"fr-FR\"}]}<\/script>\n<!-- \/ Yoast SEO plugin. -->","yoast_head_json":{"title":"antivol en U New York LS","robots":{"index":"noindex","follow":"follow","max-snippet":"max-snippet:-1","max-image-preview":"max-image-preview:large","max-video-preview":"max-video-preview:-1"},"og_locale":"fr_FR","og_type":"article","og_title":"antivol en U New York LS","og_description":"Le porte-v\u00e9los pour la porte arri\u00e8re offre un support s\u00fbr \u00e0 jusqu'\u00e0 quatre v\u00e9los. Il est enti\u00e8rement pr\u00e9-assembl\u00e9 et facile \u00e0 fixer. Les coques de roues coulissantes, les espaceurs en caoutchouc et les bras de pr\u00e9hension flexibles sont tr\u00e8s confortables. Caract\u00e9ristiques: - Pr\u00e9mont\u00e9 - Chargement max. de 60 kg (4 v\u00e9los de 15 kg chacun) - Stabilisateurs avec rails de roues - Extensible sur rails de roues - Espaceurs, verrouillables - Boucles de roues avec fermeture rapide - Cl\u00e9 polygonale antivol en acier inoxydable","og_url":"https:\/\/listings.mybikeplan.ch\/fr\/produit\/hecktrager-linea-volkswagen-t5\/","og_site_name":"MyBikePlan","article_modified_time":"2023-08-15T08:51:47+00:00","og_image":[{"width":704,"height":704,"url":"https:\/\/listings.mybikeplan.ch\/wp-content\/uploads\/2023\/08\/Hecktrager-Linea-Volkswagen-T5.jpg","type":"image\/jpeg"}],"twitter_card":"summary_large_image","twitter_misc":{"Dur\u00e9e de lecture estim\u00e9e":"1 minute"},"schema":{"@context":"https:\/\/schema.org","@graph":[{"@type":"WebPage","@id":"https:\/\/listings.mybikeplan.ch\/fr\/produit\/hecktrager-linea-volkswagen-t5\/","url":"https:\/\/listings.mybikeplan.ch\/fr\/produit\/hecktrager-linea-volkswagen-t5\/","name":"antivol en U New York LS","isPartOf":{"@id":"https:\/\/listings.mybikeplan.ch\/fr\/#website"},"primaryImageOfPage":{"@id":"https:\/\/listings.mybikeplan.ch\/fr\/produit\/hecktrager-linea-volkswagen-t5\/#primaryimage"},"image":{"@id":"https:\/\/listings.mybikeplan.ch\/fr\/produit\/hecktrager-linea-volkswagen-t5\/#primaryimage"},"thumbnailUrl":"https:\/\/listings.mybikeplan.ch\/wp-content\/uploads\/2023\/08\/Hecktrager-Linea-Volkswagen-T5.jpg","datePublished":"2023-08-10T11:24:57+00:00","dateModified":"2023-08-15T08:51:47+00:00","breadcrumb":{"@id":"https:\/\/listings.mybikeplan.ch\/fr\/produit\/hecktrager-linea-volkswagen-t5\/#breadcrumb"},"inLanguage":"fr-FR","potentialAction":[{"@type":"ReadAction","target":["https:\/\/listings.mybikeplan.ch\/fr\/produit\/hecktrager-linea-volkswagen-t5\/"]}]},{"@type":"ImageObject","inLanguage":"fr-FR","@id":"https:\/\/listings.mybikeplan.ch\/fr\/produit\/hecktrager-linea-volkswagen-t5\/#primaryimage","url":"https:\/\/listings.mybikeplan.ch\/wp-content\/uploads\/2023\/08\/Hecktrager-Linea-Volkswagen-T5.jpg","contentUrl":"https:\/\/listings.mybikeplan.ch\/wp-content\/uploads\/2023\/08\/Hecktrager-Linea-Volkswagen-T5.jpg","width":704,"height":704,"caption":"Hecktr\u00e4ger Linea Volkswagen T5"},{"@type":"BreadcrumbList","@id":"https:\/\/listings.mybikeplan.ch\/fr\/produit\/hecktrager-linea-volkswagen-t5\/#breadcrumb","itemListElement":[{"@type":"ListItem","position":1,"name":"Home","item":"https:\/\/listings.mybikeplan.ch\/fr\/home\/"},{"@type":"ListItem","position":2,"name":"Atera Porte-v\u00e9los arri\u00e8re Linea Volkswagen T5"}]},{"@type":"WebSite","@id":"https:\/\/listings.mybikeplan.ch\/fr\/#website","url":"https:\/\/listings.mybikeplan.ch\/fr\/","name":"MyBikePlan","description":"","potentialAction":[{"@type":"SearchAction","target":{"@type":"EntryPoint","urlTemplate":"https:\/\/listings.mybikeplan.ch\/fr\/?s={search_term_string}"},"query-input":{"@type":"PropertyValueSpecification","valueRequired":true,"valueName":"search_term_string"}}],"inLanguage":"fr-FR"}]}},"_links":{"self":[{"href":"https:\/\/listings.mybikeplan.ch\/fr\/wp-json\/wp\/v2\/product\/38869","targetHints":{"allow":["GET"]}}],"collection":[{"href":"https:\/\/listings.mybikeplan.ch\/fr\/wp-json\/wp\/v2\/product"}],"about":[{"href":"https:\/\/listings.mybikeplan.ch\/fr\/wp-json\/wp\/v2\/types\/product"}],"replies":[{"embeddable":true,"href":"https:\/\/listings.mybikeplan.ch\/fr\/wp-json\/wp\/v2\/comments?post=38869"}],"wp:featuredmedia":[{"embeddable":true,"href":"https:\/\/listings.mybikeplan.ch\/fr\/wp-json\/wp\/v2\/media\/38304"}],"wp:attachment":[{"href":"https:\/\/listings.mybikeplan.ch\/fr\/wp-json\/wp\/v2\/media?parent=38869"}],"wp:term":[{"taxonomy":"product_brand","embeddable":true,"href":"https:\/\/listings.mybikeplan.ch\/fr\/wp-json\/wp\/v2\/product_brand?post=38869"},{"taxonomy":"product_cat","embeddable":true,"href":"https:\/\/listings.mybikeplan.ch\/fr\/wp-json\/wp\/v2\/product_cat?post=38869"},{"taxonomy":"product_tag","embeddable":true,"href":"https:\/\/listings.mybikeplan.ch\/fr\/wp-json\/wp\/v2\/product_tag?post=38869"}],"curies":[{"name":"wp","href":"https:\/\/api.w.org\/{rel}","templated":true}]}}