{"id":38849,"date":"2023-08-10T11:02:08","date_gmt":"2023-08-10T11:02:15","guid":{"rendered":"https:\/\/listings.mybikeplan.ch\/?post_type=product&#038;p=38849"},"modified":"2025-02-18T13:52:19","modified_gmt":"2025-02-18T13:52:19","slug":"new-york-legend-1515-kettenschloss","status":"publish","type":"product","link":"https:\/\/listings.mybikeplan.ch\/fr\/produit\/new-york-legend-1515-kettenschloss\/","title":{"rendered":"Kryptonite KryptoLok 912 combo Antivol \u00e0 cha\u00eene"},"content":{"rendered":"<p>&#8211; aillons de cha\u00eene ronds en acier tremp\u00e9 3t de 15mm r\u00e9sistant aux attaques \u00e0 la pince coupante &#8211; Coque renforc\u00e9e et prot\u00e9g\u00e9e et anse MAX-Performance en acier tremp\u00e9 de 16mm offrant une protection maximale &#8211; Le design du double p\u00eane dormant en acier tremp\u00e9 fournit une protection suppl\u00e9mentaire contre les tentatives de torsions. &#8211; Cylindre de haute s\u00e9curit\u00e9 en forme de disque &#8211; Gaine en nylon protectrice avec une fermeture velcro assurant le maintien en place &#8211; Comprend 3 cl\u00e9s en acier inoxydable en \u00ab I \u00bb ayant une ergonomie am\u00e9lior\u00e9e &#8211; Programme Key Safe &#8211; Dimensions: 150cm de longueur de cha\u00eene 16mm de diam\u00e8tre d&rsquo;anse &#8211; Poids: 7,23kg<\/p>\n","protected":false},"excerpt":{"rendered":"<p>&#8211; aillons de cha\u00eene ronds en acier tremp\u00e9 3t de 15mm r\u00e9sistant aux attaques \u00e0 la pince coupante &#8211; Coque renforc\u00e9e et prot\u00e9g\u00e9e et anse MAX-Performance en acier tremp\u00e9 de 16mm offrant une protection maximale &#8211; Le design du double p\u00eane dormant en acier tremp\u00e9 fournit une protection suppl\u00e9mentaire contre les tentatives de torsions. &#8211; Cylindre de haute s\u00e9curit\u00e9 en forme de disque &#8211; Gaine en nylon protectrice avec une fermeture velcro assurant le maintien en place &#8211; Comprend 3 cl\u00e9s en acier inoxydable en \u00ab I \u00bb ayant une ergonomie am\u00e9lior\u00e9e &#8211; Programme Key Safe &#8211; Dimensions: 150cm de longueur de cha\u00eene 16mm de diam\u00e8tre d&rsquo;anse &#8211; Poids: 7,23kg<\/p>\n","protected":false},"featured_media":38280,"comment_status":"open","ping_status":"closed","template":"","meta":{"_acf_changed":false},"product_brand":[],"product_cat":[10084,10091,10135],"product_tag":[],"class_list":{"0":"post-38849","1":"product","2":"type-product","3":"status-publish","4":"has-post-thumbnail","6":"product_cat-accessoires","7":"product_cat-antivol","8":"product_cat-marque-kryptonite","9":"pa_accessory-type-chain","10":"pa_brand-kryptonite","11":"pa_hex-color-363636-fr","12":"pa_sizes-uni-size-fr","14":"first","15":"instock","16":"shipping-taxable","17":"purchasable","18":"product-type-variable"},"acf":[],"yoast_head":"<!-- This site is optimized with the Yoast SEO plugin v24.5 - https:\/\/yoast.com\/wordpress\/plugins\/seo\/ -->\n<title>KryptoLok 912 combo Antivol \u00e0 cha\u00eene<\/title>\n<meta name=\"robots\" content=\"noindex, follow, max-snippet:-1, max-image-preview:large, max-video-preview:-1\" \/>\n<meta property=\"og:locale\" content=\"fr_FR\" \/>\n<meta property=\"og:type\" content=\"article\" \/>\n<meta property=\"og:title\" content=\"KryptoLok 912 combo Antivol \u00e0 cha\u00eene\" \/>\n<meta property=\"og:description\" content=\"- aillons de cha\u00eene ronds en acier tremp\u00e9 3t de 15mm r\u00e9sistant aux attaques \u00e0 la pince coupante - Coque renforc\u00e9e et prot\u00e9g\u00e9e et anse MAX-Performance en acier tremp\u00e9 de 16mm offrant une protection maximale - Le design du double p\u00eane dormant en acier tremp\u00e9 fournit une protection suppl\u00e9mentaire contre les tentatives de torsions. - Cylindre de haute s\u00e9curit\u00e9 en forme de disque - Gaine en nylon protectrice avec une fermeture velcro assurant le maintien en place - Comprend 3 cl\u00e9s en acier inoxydable en \u00ab I \u00bb ayant une ergonomie am\u00e9lior\u00e9e - Programme Key Safe - Dimensions: 150cm de longueur de cha\u00eene 16mm de diam\u00e8tre d&#039;anse - Poids: 7,23kg\" \/>\n<meta property=\"og:url\" content=\"https:\/\/listings.mybikeplan.ch\/fr\/produit\/new-york-legend-1515-kettenschloss\/\" \/>\n<meta property=\"og:site_name\" content=\"MyBikePlan\" \/>\n<meta property=\"article:modified_time\" content=\"2025-02-18T13:52:19+00:00\" \/>\n<meta property=\"og:image\" content=\"https:\/\/listings.mybikeplan.ch\/wp-content\/uploads\/2023\/08\/New-York-Legend-1515-Kettenschloss.jpg\" \/>\n\t<meta property=\"og:image:width\" content=\"704\" \/>\n\t<meta property=\"og:image:height\" content=\"704\" \/>\n\t<meta property=\"og:image:type\" content=\"image\/jpeg\" \/>\n<meta name=\"twitter:card\" content=\"summary_large_image\" \/>\n<meta name=\"twitter:label1\" content=\"Dur\u00e9e de lecture estim\u00e9e\" \/>\n\t<meta name=\"twitter:data1\" content=\"1 minute\" \/>\n<script type=\"application\/ld+json\" class=\"yoast-schema-graph\">{\"@context\":\"https:\/\/schema.org\",\"@graph\":[{\"@type\":\"WebPage\",\"@id\":\"https:\/\/listings.mybikeplan.ch\/fr\/produit\/new-york-legend-1515-kettenschloss\/\",\"url\":\"https:\/\/listings.mybikeplan.ch\/fr\/produit\/new-york-legend-1515-kettenschloss\/\",\"name\":\"KryptoLok 912 combo Antivol \u00e0 cha\u00eene\",\"isPartOf\":{\"@id\":\"https:\/\/listings.mybikeplan.ch\/fr\/#website\"},\"primaryImageOfPage\":{\"@id\":\"https:\/\/listings.mybikeplan.ch\/fr\/produit\/new-york-legend-1515-kettenschloss\/#primaryimage\"},\"image\":{\"@id\":\"https:\/\/listings.mybikeplan.ch\/fr\/produit\/new-york-legend-1515-kettenschloss\/#primaryimage\"},\"thumbnailUrl\":\"https:\/\/listings.mybikeplan.ch\/wp-content\/uploads\/2023\/08\/New-York-Legend-1515-Kettenschloss.jpg\",\"datePublished\":\"2023-08-10T11:02:15+00:00\",\"dateModified\":\"2025-02-18T13:52:19+00:00\",\"breadcrumb\":{\"@id\":\"https:\/\/listings.mybikeplan.ch\/fr\/produit\/new-york-legend-1515-kettenschloss\/#breadcrumb\"},\"inLanguage\":\"fr-FR\",\"potentialAction\":[{\"@type\":\"ReadAction\",\"target\":[\"https:\/\/listings.mybikeplan.ch\/fr\/produit\/new-york-legend-1515-kettenschloss\/\"]}]},{\"@type\":\"ImageObject\",\"inLanguage\":\"fr-FR\",\"@id\":\"https:\/\/listings.mybikeplan.ch\/fr\/produit\/new-york-legend-1515-kettenschloss\/#primaryimage\",\"url\":\"https:\/\/listings.mybikeplan.ch\/wp-content\/uploads\/2023\/08\/New-York-Legend-1515-Kettenschloss.jpg\",\"contentUrl\":\"https:\/\/listings.mybikeplan.ch\/wp-content\/uploads\/2023\/08\/New-York-Legend-1515-Kettenschloss.jpg\",\"width\":704,\"height\":704,\"caption\":\"New York Legend 1515 Kettenschloss\"},{\"@type\":\"BreadcrumbList\",\"@id\":\"https:\/\/listings.mybikeplan.ch\/fr\/produit\/new-york-legend-1515-kettenschloss\/#breadcrumb\",\"itemListElement\":[{\"@type\":\"ListItem\",\"position\":1,\"name\":\"Home\",\"item\":\"https:\/\/listings.mybikeplan.ch\/fr\/home\/\"},{\"@type\":\"ListItem\",\"position\":2,\"name\":\"Kryptonite KryptoLok 912 combo Antivol \u00e0 cha\u00eene\"}]},{\"@type\":\"WebSite\",\"@id\":\"https:\/\/listings.mybikeplan.ch\/fr\/#website\",\"url\":\"https:\/\/listings.mybikeplan.ch\/fr\/\",\"name\":\"MyBikePlan\",\"description\":\"\",\"potentialAction\":[{\"@type\":\"SearchAction\",\"target\":{\"@type\":\"EntryPoint\",\"urlTemplate\":\"https:\/\/listings.mybikeplan.ch\/fr\/?s={search_term_string}\"},\"query-input\":{\"@type\":\"PropertyValueSpecification\",\"valueRequired\":true,\"valueName\":\"search_term_string\"}}],\"inLanguage\":\"fr-FR\"}]}<\/script>\n<!-- \/ Yoast SEO plugin. -->","yoast_head_json":{"title":"KryptoLok 912 combo Antivol \u00e0 cha\u00eene","robots":{"index":"noindex","follow":"follow","max-snippet":"max-snippet:-1","max-image-preview":"max-image-preview:large","max-video-preview":"max-video-preview:-1"},"og_locale":"fr_FR","og_type":"article","og_title":"KryptoLok 912 combo Antivol \u00e0 cha\u00eene","og_description":"- aillons de cha\u00eene ronds en acier tremp\u00e9 3t de 15mm r\u00e9sistant aux attaques \u00e0 la pince coupante - Coque renforc\u00e9e et prot\u00e9g\u00e9e et anse MAX-Performance en acier tremp\u00e9 de 16mm offrant une protection maximale - Le design du double p\u00eane dormant en acier tremp\u00e9 fournit une protection suppl\u00e9mentaire contre les tentatives de torsions. - Cylindre de haute s\u00e9curit\u00e9 en forme de disque - Gaine en nylon protectrice avec une fermeture velcro assurant le maintien en place - Comprend 3 cl\u00e9s en acier inoxydable en \u00ab I \u00bb ayant une ergonomie am\u00e9lior\u00e9e - Programme Key Safe - Dimensions: 150cm de longueur de cha\u00eene 16mm de diam\u00e8tre d'anse - Poids: 7,23kg","og_url":"https:\/\/listings.mybikeplan.ch\/fr\/produit\/new-york-legend-1515-kettenschloss\/","og_site_name":"MyBikePlan","article_modified_time":"2025-02-18T13:52:19+00:00","og_image":[{"width":704,"height":704,"url":"https:\/\/listings.mybikeplan.ch\/wp-content\/uploads\/2023\/08\/New-York-Legend-1515-Kettenschloss.jpg","type":"image\/jpeg"}],"twitter_card":"summary_large_image","twitter_misc":{"Dur\u00e9e de lecture estim\u00e9e":"1 minute"},"schema":{"@context":"https:\/\/schema.org","@graph":[{"@type":"WebPage","@id":"https:\/\/listings.mybikeplan.ch\/fr\/produit\/new-york-legend-1515-kettenschloss\/","url":"https:\/\/listings.mybikeplan.ch\/fr\/produit\/new-york-legend-1515-kettenschloss\/","name":"KryptoLok 912 combo Antivol \u00e0 cha\u00eene","isPartOf":{"@id":"https:\/\/listings.mybikeplan.ch\/fr\/#website"},"primaryImageOfPage":{"@id":"https:\/\/listings.mybikeplan.ch\/fr\/produit\/new-york-legend-1515-kettenschloss\/#primaryimage"},"image":{"@id":"https:\/\/listings.mybikeplan.ch\/fr\/produit\/new-york-legend-1515-kettenschloss\/#primaryimage"},"thumbnailUrl":"https:\/\/listings.mybikeplan.ch\/wp-content\/uploads\/2023\/08\/New-York-Legend-1515-Kettenschloss.jpg","datePublished":"2023-08-10T11:02:15+00:00","dateModified":"2025-02-18T13:52:19+00:00","breadcrumb":{"@id":"https:\/\/listings.mybikeplan.ch\/fr\/produit\/new-york-legend-1515-kettenschloss\/#breadcrumb"},"inLanguage":"fr-FR","potentialAction":[{"@type":"ReadAction","target":["https:\/\/listings.mybikeplan.ch\/fr\/produit\/new-york-legend-1515-kettenschloss\/"]}]},{"@type":"ImageObject","inLanguage":"fr-FR","@id":"https:\/\/listings.mybikeplan.ch\/fr\/produit\/new-york-legend-1515-kettenschloss\/#primaryimage","url":"https:\/\/listings.mybikeplan.ch\/wp-content\/uploads\/2023\/08\/New-York-Legend-1515-Kettenschloss.jpg","contentUrl":"https:\/\/listings.mybikeplan.ch\/wp-content\/uploads\/2023\/08\/New-York-Legend-1515-Kettenschloss.jpg","width":704,"height":704,"caption":"New York Legend 1515 Kettenschloss"},{"@type":"BreadcrumbList","@id":"https:\/\/listings.mybikeplan.ch\/fr\/produit\/new-york-legend-1515-kettenschloss\/#breadcrumb","itemListElement":[{"@type":"ListItem","position":1,"name":"Home","item":"https:\/\/listings.mybikeplan.ch\/fr\/home\/"},{"@type":"ListItem","position":2,"name":"Kryptonite KryptoLok 912 combo Antivol \u00e0 cha\u00eene"}]},{"@type":"WebSite","@id":"https:\/\/listings.mybikeplan.ch\/fr\/#website","url":"https:\/\/listings.mybikeplan.ch\/fr\/","name":"MyBikePlan","description":"","potentialAction":[{"@type":"SearchAction","target":{"@type":"EntryPoint","urlTemplate":"https:\/\/listings.mybikeplan.ch\/fr\/?s={search_term_string}"},"query-input":{"@type":"PropertyValueSpecification","valueRequired":true,"valueName":"search_term_string"}}],"inLanguage":"fr-FR"}]}},"_links":{"self":[{"href":"https:\/\/listings.mybikeplan.ch\/fr\/wp-json\/wp\/v2\/product\/38849","targetHints":{"allow":["GET"]}}],"collection":[{"href":"https:\/\/listings.mybikeplan.ch\/fr\/wp-json\/wp\/v2\/product"}],"about":[{"href":"https:\/\/listings.mybikeplan.ch\/fr\/wp-json\/wp\/v2\/types\/product"}],"replies":[{"embeddable":true,"href":"https:\/\/listings.mybikeplan.ch\/fr\/wp-json\/wp\/v2\/comments?post=38849"}],"wp:featuredmedia":[{"embeddable":true,"href":"https:\/\/listings.mybikeplan.ch\/fr\/wp-json\/wp\/v2\/media\/38280"}],"wp:attachment":[{"href":"https:\/\/listings.mybikeplan.ch\/fr\/wp-json\/wp\/v2\/media?parent=38849"}],"wp:term":[{"taxonomy":"product_brand","embeddable":true,"href":"https:\/\/listings.mybikeplan.ch\/fr\/wp-json\/wp\/v2\/product_brand?post=38849"},{"taxonomy":"product_cat","embeddable":true,"href":"https:\/\/listings.mybikeplan.ch\/fr\/wp-json\/wp\/v2\/product_cat?post=38849"},{"taxonomy":"product_tag","embeddable":true,"href":"https:\/\/listings.mybikeplan.ch\/fr\/wp-json\/wp\/v2\/product_tag?post=38849"}],"curies":[{"name":"wp","href":"https:\/\/api.w.org\/{rel}","templated":true}]}}