{"id":36479,"date":"2023-07-19T14:26:57","date_gmt":"2023-07-19T14:26:59","guid":{"rendered":"https:\/\/listings.mybikeplan.ch\/?post_type=product&#038;p=36479"},"modified":"2025-03-13T12:20:39","modified_gmt":"2025-03-13T12:20:39","slug":"cilo-diamondcross-cxf-07","status":"publish","type":"product","link":"https:\/\/listings.mybikeplan.ch\/fr\/produit\/cilo-diamondcross-cxf-07\/","title":{"rendered":"Cilo Diamondcross CXF\u00b007+"},"content":{"rendered":"<h2><b>Le plus important sur le Cilo Diamondcross CXF\u00b007+ :<\/b><\/h2>\n<p><span style=\"font-weight: 400;\"><br \/>\n<\/span><span style=\"font-weight: 400;\">&#8211; VTT tout suspendu de la marque suisse Cilo<\/span><span style=\"font-weight: 400;\"><br \/>\n<\/span><span style=\"font-weight: 400;\">&#8211; Il allie performance et confort sur tous types de terrains<\/span><span style=\"font-weight: 400;\"><br \/>\n<\/span><span style=\"font-weight: 400;\">&#8211; Il est \u00e9quip\u00e9 de composants de qualit\u00e9 sup\u00e9rieure<\/span><\/p>\n<p><span style=\"font-weight: 400;\"><br \/>\n<\/span> <b>Le Cilo Diamondcross CXF\u00b007+ est fait pour toi, si tu :<\/b><\/p>\n<p><b> <\/b><span style=\"font-weight: 400;\"><br \/>\n<\/span><span style=\"font-weight: 400;\">&#8211; cherches de l\u2019adr\u00e9naline et de la performance lors de tes trails<\/span><span style=\"font-weight: 400;\"><br \/>\n<\/span><span style=\"font-weight: 400;\">&#8211; cherches un v\u00e9lo qui allie design et qualit\u00e9<\/span><\/p>\n<ul>\n<li style=\"font-weight: 400;\" aria-level=\"1\"><span style=\"font-weight: 400;\">Veux vivre ta passion avec le support de l\u2019\u00e9lectrique<\/span><\/li>\n<\/ul>\n<p>&nbsp;<\/p>\n<h2>Recommandation de tailles :<\/h2>\n<p>S: 39 cm = 155 cm &#8211; 165 cm<br \/>\nM: 42 cm = 165 cm &#8211; 175 cm<br \/>\nL: 47 cm = 175 cm &#8211; 185 cm<br \/>\nXL: 52 cm = &gt;185 cm<\/p>\n","protected":false},"excerpt":{"rendered":"<h2><b>Cilo Diamondcross CXF\u00b007+<\/b><\/h2>\n<p><span style=\"font-weight: 400;\">Le Cilo Diamondcross CXF\u00b007+ est le nouveau mod\u00e8le de VTT tout supsendu de la marque Cilo. Il impressionne par des composantes encore jamais vu sur d\u2019autres v\u00e9los comme par example ses pneus Michelin. Cet E-Bike de montage t\u2019apportera l\u2019assistance n\u00e9cessaire pour gravir les sommets en un claquement de doigt. Puis, le confort et la performance n\u00e9cessaires pour appr\u00e9cier la descente comme il se doit. <\/span><span style=\"font-weight: 400;\"><br \/>\n<\/span><span style=\"font-weight: 400;\">Ce nouveau VTT t\u2019offre le combo parfait pour profiter pleinement de tes trails.\u00a0<\/span><span style=\"font-weight: 400;\"><br \/>\n<\/span><\/p>\n<h2><strong>\u00c0 propos de Cilo<\/strong><\/h2>\n<p><span style=\"font-weight: 400;\">Cilo est la marque de v\u00e9lo suisse par r\u00e9f\u00e9rence. Cr\u00e9\u00e9e en 1904, Cilo est une marque pleine de valeurs et de savoir-faire. Il ne cesse de progresser en termes d\u2019innovation et souhaite offrir \u00e0 ses utilisateurs le confort et la maniabilit\u00e9 de leur v\u00e9lo. Leur offre est large puisqu\u2019ils offrent des Mountain E-Bikes, Trekking E-Bikes et City E-Bikes.<\/span><\/p>\n","protected":false},"featured_media":42215,"comment_status":"open","ping_status":"closed","template":"","meta":{"_acf_changed":false},"product_brand":[],"product_cat":[10082,12570,10165,10185,10157,10160,10159,10186,10108,10080,11798,10190,10096],"product_tag":[],"class_list":{"0":"post-36479","1":"product","2":"type-product","3":"status-publish","4":"has-post-thumbnail","6":"product_cat-25-km","7":"product_cat-best_sellers-fr","8":"product_cat-bleu","9":"product_cat-diamant","10":"product_cat-e-bikes","11":"product_cat-e-mountain-fully","12":"product_cat-e-mountain","13":"product_cat-hommes","14":"product_cat-marque-cilo","15":"product_cat-mybikeplan","16":"product_cat-sale_750","17":"product_cat-swiss-made","18":"product_cat-alle-e-bikes","19":"pa_battery-bosch-powertube-750-wh-fr","20":"pa_brakes-sram-guide-t-200mm-fr","21":"pa_brand-cilo","22":"pa_damper-deluxe-select-rt-205x65-linear-air-can-0-fr","23":"pa_display-bosch-kiox-300-led-remote-fr","24":"pa_filters-color-bleu","25":"pa_fork-rock-shox-yari-160mm-fr","26":"pa_frame-variant-diamant","27":"pa_gear-change-sram-gx-eagle-12-speed-fr-2","28":"pa_hex-color-8ba4a8-fr","29":"pa_max-weight-130-kg","30":"pa_motor-bosch-performance-cx-fr","31":"pa_motor-brand-bosch","32":"pa_range-120-km-fr","33":"pa_rider-height-175-180-cm","34":"pa_rider-height-180-185-cm","35":"pa_rider-height-185-190-cm","36":"pa_rider-height-190-195-cm","37":"pa_saddle-selle-italia-x3-black-black-fr","38":"pa_saddle-post-kindshock-900i-150mm-fr","39":"pa_seat-tube-length-l-47-cm-fr","40":"pa_seat-tube-length-m-42-cm-fr","41":"pa_seat-tube-length-s-39-cm-fr","42":"pa_seat-tube-length-xl-52-cm-fr","43":"pa_sizes-l-fr","44":"pa_sizes-m-fr","45":"pa_sizes-s-fr","46":"pa_sizes-xl-fr","47":"pa_speed-25-km-heure","48":"pa_suspension-travel-160mm-v-160mm-h-fr","49":"pa_tires-michelin-27-5x2-80-e-wild-rear-gum-x-ts-tlr-fr","50":"pa_weight-26-5-kg-fr","51":"pa_wheel-size-29-27-5zoll-fr","53":"first","54":"instock","55":"shipping-taxable","56":"purchasable","57":"product-type-variable"},"acf":[],"yoast_head":"<!-- This site is optimized with the Yoast SEO plugin v24.5 - https:\/\/yoast.com\/wordpress\/plugins\/seo\/ -->\n<title>Cilo Diamondcross CXF\u00b007+ | \u00c0 partir de CHF 125 par mois | MyBikePlan<\/title>\n<meta name=\"description\" content=\"Commande le Cilo Diamondcross CXF\u00b007+ maintenant \u00e0 partir de CHF 125 par mois et paye gr\u00e2ce \u00e0 des versements mensuels \u00e0 int\u00e9r\u00eat 0%.\" \/>\n<meta name=\"robots\" content=\"noindex, follow, max-snippet:-1, max-image-preview:large, max-video-preview:-1\" \/>\n<meta property=\"og:locale\" content=\"fr_FR\" \/>\n<meta property=\"og:type\" content=\"article\" \/>\n<meta property=\"og:title\" content=\"Cilo Diamondcross CXF\u00b007+ | \u00c0 partir de CHF 125 par mois | MyBikePlan\" \/>\n<meta property=\"og:description\" content=\"Commande le Cilo Diamondcross CXF\u00b007+ maintenant \u00e0 partir de CHF 125 par mois et paye gr\u00e2ce \u00e0 des versements mensuels \u00e0 int\u00e9r\u00eat 0%.\" \/>\n<meta property=\"og:url\" content=\"https:\/\/listings.mybikeplan.ch\/fr\/produit\/cilo-diamondcross-cxf-07\/\" \/>\n<meta property=\"og:site_name\" content=\"MyBikePlan\" \/>\n<meta property=\"article:modified_time\" content=\"2025-03-13T12:20:39+00:00\" \/>\n<meta property=\"og:image\" content=\"https:\/\/listings.mybikeplan.ch\/wp-content\/uploads\/2023\/07\/Cilo-Diamondcross-CXF\u00b007-7.jpg\" \/>\n\t<meta property=\"og:image:width\" content=\"1000\" \/>\n\t<meta property=\"og:image:height\" content=\"1000\" \/>\n\t<meta property=\"og:image:type\" content=\"image\/jpeg\" \/>\n<meta name=\"twitter:card\" content=\"summary_large_image\" \/>\n<meta name=\"twitter:label1\" content=\"Dur\u00e9e de lecture estim\u00e9e\" \/>\n\t<meta name=\"twitter:data1\" content=\"1 minute\" \/>\n<script type=\"application\/ld+json\" class=\"yoast-schema-graph\">{\"@context\":\"https:\/\/schema.org\",\"@graph\":[{\"@type\":\"WebPage\",\"@id\":\"https:\/\/listings.mybikeplan.ch\/fr\/produit\/cilo-diamondcross-cxf-07\/\",\"url\":\"https:\/\/listings.mybikeplan.ch\/fr\/produit\/cilo-diamondcross-cxf-07\/\",\"name\":\"Cilo Diamondcross CXF\u00b007+ | \u00c0 partir de CHF 125 par mois | MyBikePlan\",\"isPartOf\":{\"@id\":\"https:\/\/listings.mybikeplan.ch\/fr\/#website\"},\"primaryImageOfPage\":{\"@id\":\"https:\/\/listings.mybikeplan.ch\/fr\/produit\/cilo-diamondcross-cxf-07\/#primaryimage\"},\"image\":{\"@id\":\"https:\/\/listings.mybikeplan.ch\/fr\/produit\/cilo-diamondcross-cxf-07\/#primaryimage\"},\"thumbnailUrl\":\"https:\/\/listings.mybikeplan.ch\/wp-content\/uploads\/2023\/07\/Cilo-Diamondcross-CXF\u00b007-7.jpg\",\"datePublished\":\"2023-07-19T14:26:59+00:00\",\"dateModified\":\"2025-03-13T12:20:39+00:00\",\"description\":\"Commande le Cilo Diamondcross CXF\u00b007+ maintenant \u00e0 partir de CHF 125 par mois et paye gr\u00e2ce \u00e0 des versements mensuels \u00e0 int\u00e9r\u00eat 0%.\",\"breadcrumb\":{\"@id\":\"https:\/\/listings.mybikeplan.ch\/fr\/produit\/cilo-diamondcross-cxf-07\/#breadcrumb\"},\"inLanguage\":\"fr-FR\",\"potentialAction\":[{\"@type\":\"ReadAction\",\"target\":[\"https:\/\/listings.mybikeplan.ch\/fr\/produit\/cilo-diamondcross-cxf-07\/\"]}]},{\"@type\":\"ImageObject\",\"inLanguage\":\"fr-FR\",\"@id\":\"https:\/\/listings.mybikeplan.ch\/fr\/produit\/cilo-diamondcross-cxf-07\/#primaryimage\",\"url\":\"https:\/\/listings.mybikeplan.ch\/wp-content\/uploads\/2023\/07\/Cilo-Diamondcross-CXF\u00b007-7.jpg\",\"contentUrl\":\"https:\/\/listings.mybikeplan.ch\/wp-content\/uploads\/2023\/07\/Cilo-Diamondcross-CXF\u00b007-7.jpg\",\"width\":1000,\"height\":1000},{\"@type\":\"BreadcrumbList\",\"@id\":\"https:\/\/listings.mybikeplan.ch\/fr\/produit\/cilo-diamondcross-cxf-07\/#breadcrumb\",\"itemListElement\":[{\"@type\":\"ListItem\",\"position\":1,\"name\":\"Home\",\"item\":\"https:\/\/listings.mybikeplan.ch\/fr\/home\/\"},{\"@type\":\"ListItem\",\"position\":2,\"name\":\"Cilo Diamondcross CXF\u00b007+\"}]},{\"@type\":\"WebSite\",\"@id\":\"https:\/\/listings.mybikeplan.ch\/fr\/#website\",\"url\":\"https:\/\/listings.mybikeplan.ch\/fr\/\",\"name\":\"MyBikePlan\",\"description\":\"\",\"potentialAction\":[{\"@type\":\"SearchAction\",\"target\":{\"@type\":\"EntryPoint\",\"urlTemplate\":\"https:\/\/listings.mybikeplan.ch\/fr\/?s={search_term_string}\"},\"query-input\":{\"@type\":\"PropertyValueSpecification\",\"valueRequired\":true,\"valueName\":\"search_term_string\"}}],\"inLanguage\":\"fr-FR\"}]}<\/script>\n<!-- \/ Yoast SEO plugin. -->","yoast_head_json":{"title":"Cilo Diamondcross CXF\u00b007+ | \u00c0 partir de CHF 125 par mois | MyBikePlan","description":"Commande le Cilo Diamondcross CXF\u00b007+ maintenant \u00e0 partir de CHF 125 par mois et paye gr\u00e2ce \u00e0 des versements mensuels \u00e0 int\u00e9r\u00eat 0%.","robots":{"index":"noindex","follow":"follow","max-snippet":"max-snippet:-1","max-image-preview":"max-image-preview:large","max-video-preview":"max-video-preview:-1"},"og_locale":"fr_FR","og_type":"article","og_title":"Cilo Diamondcross CXF\u00b007+ | \u00c0 partir de CHF 125 par mois | MyBikePlan","og_description":"Commande le Cilo Diamondcross CXF\u00b007+ maintenant \u00e0 partir de CHF 125 par mois et paye gr\u00e2ce \u00e0 des versements mensuels \u00e0 int\u00e9r\u00eat 0%.","og_url":"https:\/\/listings.mybikeplan.ch\/fr\/produit\/cilo-diamondcross-cxf-07\/","og_site_name":"MyBikePlan","article_modified_time":"2025-03-13T12:20:39+00:00","og_image":[{"width":1000,"height":1000,"url":"https:\/\/listings.mybikeplan.ch\/wp-content\/uploads\/2023\/07\/Cilo-Diamondcross-CXF\u00b007-7.jpg","type":"image\/jpeg"}],"twitter_card":"summary_large_image","twitter_misc":{"Dur\u00e9e de lecture estim\u00e9e":"1 minute"},"schema":{"@context":"https:\/\/schema.org","@graph":[{"@type":"WebPage","@id":"https:\/\/listings.mybikeplan.ch\/fr\/produit\/cilo-diamondcross-cxf-07\/","url":"https:\/\/listings.mybikeplan.ch\/fr\/produit\/cilo-diamondcross-cxf-07\/","name":"Cilo Diamondcross CXF\u00b007+ | \u00c0 partir de CHF 125 par mois | MyBikePlan","isPartOf":{"@id":"https:\/\/listings.mybikeplan.ch\/fr\/#website"},"primaryImageOfPage":{"@id":"https:\/\/listings.mybikeplan.ch\/fr\/produit\/cilo-diamondcross-cxf-07\/#primaryimage"},"image":{"@id":"https:\/\/listings.mybikeplan.ch\/fr\/produit\/cilo-diamondcross-cxf-07\/#primaryimage"},"thumbnailUrl":"https:\/\/listings.mybikeplan.ch\/wp-content\/uploads\/2023\/07\/Cilo-Diamondcross-CXF\u00b007-7.jpg","datePublished":"2023-07-19T14:26:59+00:00","dateModified":"2025-03-13T12:20:39+00:00","description":"Commande le Cilo Diamondcross CXF\u00b007+ maintenant \u00e0 partir de CHF 125 par mois et paye gr\u00e2ce \u00e0 des versements mensuels \u00e0 int\u00e9r\u00eat 0%.","breadcrumb":{"@id":"https:\/\/listings.mybikeplan.ch\/fr\/produit\/cilo-diamondcross-cxf-07\/#breadcrumb"},"inLanguage":"fr-FR","potentialAction":[{"@type":"ReadAction","target":["https:\/\/listings.mybikeplan.ch\/fr\/produit\/cilo-diamondcross-cxf-07\/"]}]},{"@type":"ImageObject","inLanguage":"fr-FR","@id":"https:\/\/listings.mybikeplan.ch\/fr\/produit\/cilo-diamondcross-cxf-07\/#primaryimage","url":"https:\/\/listings.mybikeplan.ch\/wp-content\/uploads\/2023\/07\/Cilo-Diamondcross-CXF\u00b007-7.jpg","contentUrl":"https:\/\/listings.mybikeplan.ch\/wp-content\/uploads\/2023\/07\/Cilo-Diamondcross-CXF\u00b007-7.jpg","width":1000,"height":1000},{"@type":"BreadcrumbList","@id":"https:\/\/listings.mybikeplan.ch\/fr\/produit\/cilo-diamondcross-cxf-07\/#breadcrumb","itemListElement":[{"@type":"ListItem","position":1,"name":"Home","item":"https:\/\/listings.mybikeplan.ch\/fr\/home\/"},{"@type":"ListItem","position":2,"name":"Cilo Diamondcross CXF\u00b007+"}]},{"@type":"WebSite","@id":"https:\/\/listings.mybikeplan.ch\/fr\/#website","url":"https:\/\/listings.mybikeplan.ch\/fr\/","name":"MyBikePlan","description":"","potentialAction":[{"@type":"SearchAction","target":{"@type":"EntryPoint","urlTemplate":"https:\/\/listings.mybikeplan.ch\/fr\/?s={search_term_string}"},"query-input":{"@type":"PropertyValueSpecification","valueRequired":true,"valueName":"search_term_string"}}],"inLanguage":"fr-FR"}]}},"_links":{"self":[{"href":"https:\/\/listings.mybikeplan.ch\/fr\/wp-json\/wp\/v2\/product\/36479","targetHints":{"allow":["GET"]}}],"collection":[{"href":"https:\/\/listings.mybikeplan.ch\/fr\/wp-json\/wp\/v2\/product"}],"about":[{"href":"https:\/\/listings.mybikeplan.ch\/fr\/wp-json\/wp\/v2\/types\/product"}],"replies":[{"embeddable":true,"href":"https:\/\/listings.mybikeplan.ch\/fr\/wp-json\/wp\/v2\/comments?post=36479"}],"wp:featuredmedia":[{"embeddable":true,"href":"https:\/\/listings.mybikeplan.ch\/fr\/wp-json\/wp\/v2\/media\/42215"}],"wp:attachment":[{"href":"https:\/\/listings.mybikeplan.ch\/fr\/wp-json\/wp\/v2\/media?parent=36479"}],"wp:term":[{"taxonomy":"product_brand","embeddable":true,"href":"https:\/\/listings.mybikeplan.ch\/fr\/wp-json\/wp\/v2\/product_brand?post=36479"},{"taxonomy":"product_cat","embeddable":true,"href":"https:\/\/listings.mybikeplan.ch\/fr\/wp-json\/wp\/v2\/product_cat?post=36479"},{"taxonomy":"product_tag","embeddable":true,"href":"https:\/\/listings.mybikeplan.ch\/fr\/wp-json\/wp\/v2\/product_tag?post=36479"}],"curies":[{"name":"wp","href":"https:\/\/api.w.org\/{rel}","templated":true}]}}