{"id":36225,"date":"2023-07-14T12:15:12","date_gmt":"2023-07-14T12:15:14","guid":{"rendered":"https:\/\/listings.mybikeplan.ch\/?post_type=product&#038;p=36225"},"modified":"2023-07-18T09:49:52","modified_gmt":"2023-07-18T09:49:52","slug":"thule-kindersitz-yepp-nexxt-2-maxi-gt-mint-green","status":"publish","type":"product","link":"https:\/\/listings.mybikeplan.ch\/fr\/produit\/thule-kindersitz-yepp-nexxt-2-maxi-gt-mint-green\/","title":{"rendered":"Thule Si\u00e8ge enfant Yepp Nexxt 2 Maxi (GT) Mint Green"},"content":{"rendered":"<ul>\n<li>D\u00e8s 9 mois jusqu&rsquo;\u00e0 6ans<\/li>\n<li>Confort maximal pour l\u2019enfant et port ajustable et s\u00e9curis\u00e9 gr\u00e2ce au harnais \u00e0 5\u00a0points matelass\u00e9 et ajustable<\/li>\n<li>Si\u00e8ge confortable qui absorbe les chocs<\/li>\n<li>Si\u00e8ge l\u00e9ger, mais robuste combinant une coque ext\u00e9rieure rigide et un rembourrage moelleux pour offrir un confort haut de gamme \u00e0 votre enfant<\/li>\n<li>Boucle magn\u00e9tique avec s\u00e9curit\u00e9 enfant pour attacher votre enfant tr\u00e8s rapidement et facilement<\/li>\n<li>Repose-pieds et sangles r\u00e9glables pour une adaptation parfaite \u00e0 la taille de l\u2019enfant<\/li>\n<li>Mat\u00e9riaux imperm\u00e9ables, faciles \u00e0 nettoyer et \u00e0 essuyer<\/li>\n<\/ul>\n","protected":false},"excerpt":{"rendered":"<p>D\u00e8s 9 mois jusqu&rsquo;\u00e0 6ans Confort maximal pour l\u2019enfant et port ajustable et s\u00e9curis\u00e9 gr\u00e2ce au harnais \u00e0 5\u00a0points matelass\u00e9 et ajustable Si\u00e8ge confortable qui absorbe les chocs Si\u00e8ge l\u00e9ger, mais robuste combinant une coque ext\u00e9rieure rigide et un rembourrage moelleux pour offrir un confort haut de gamme \u00e0 votre enfant Boucle magn\u00e9tique avec s\u00e9curit\u00e9 [&hellip;]<\/p>\n","protected":false},"featured_media":36229,"comment_status":"open","ping_status":"closed","template":"","meta":{"_acf_changed":false},"product_brand":[],"product_cat":[10084,10151,10080,10088],"product_tag":[],"class_list":{"0":"post-36225","1":"product","2":"type-product","3":"status-publish","4":"has-post-thumbnail","6":"product_cat-accessoires","7":"product_cat-marque-thule","8":"product_cat-mybikeplan","9":"product_cat-siege-pour-enfant","10":"pa_accessory-type-child-seat","11":"pa_brand-thule","12":"pa_hex-color-000000-produkt-thule-kindersitz-yepp-nexxt-2-maxi-gt-fr","13":"pa_hex-color-837f87-produkt-thule-kindersitz-yepp-nexxt-2-maxi-gt-grey-fr","14":"pa_hex-color-a2eeda-produkt-thule-kindersitz-yepp-nexxt-2-maxi-gt-mint-green-fr","15":"pa_max-weight-22-kg","16":"pa_sizes-uni-size-fr","17":"pa_weight-22-8kg-fr","19":"first","20":"instock","21":"shipping-taxable","22":"purchasable","23":"product-type-variable"},"acf":[],"yoast_head":"<!-- This site is optimized with the Yoast SEO plugin v24.5 - https:\/\/yoast.com\/wordpress\/plugins\/seo\/ -->\n<title>Thule Kindersitz Yepp Nexxt 2 Maxi (GT)<\/title>\n<meta name=\"robots\" content=\"noindex, follow, max-snippet:-1, max-image-preview:large, max-video-preview:-1\" \/>\n<meta property=\"og:locale\" content=\"fr_FR\" \/>\n<meta property=\"og:type\" content=\"article\" \/>\n<meta property=\"og:title\" content=\"Thule Kindersitz Yepp Nexxt 2 Maxi (GT)\" \/>\n<meta property=\"og:description\" content=\"D\u00e8s 9 mois jusqu&rsquo;\u00e0 6ans Confort maximal pour l\u2019enfant et port ajustable et s\u00e9curis\u00e9 gr\u00e2ce au harnais \u00e0 5\u00a0points matelass\u00e9 et ajustable Si\u00e8ge confortable qui absorbe les chocs Si\u00e8ge l\u00e9ger, mais robuste combinant une coque ext\u00e9rieure rigide et un rembourrage moelleux pour offrir un confort haut de gamme \u00e0 votre enfant Boucle magn\u00e9tique avec s\u00e9curit\u00e9 [&hellip;]\" \/>\n<meta property=\"og:url\" content=\"https:\/\/listings.mybikeplan.ch\/fr\/produit\/thule-kindersitz-yepp-nexxt-2-maxi-gt-mint-green\/\" \/>\n<meta property=\"og:site_name\" content=\"MyBikePlan\" \/>\n<meta property=\"article:modified_time\" content=\"2023-07-18T09:49:52+00:00\" \/>\n<meta property=\"og:image\" content=\"https:\/\/listings.mybikeplan.ch\/wp-content\/uploads\/2023\/07\/Thule-Yepp-Nexxt-2-Maxi-Green-1.jpg\" \/>\n\t<meta property=\"og:image:width\" content=\"1000\" \/>\n\t<meta property=\"og:image:height\" content=\"1000\" \/>\n\t<meta property=\"og:image:type\" content=\"image\/jpeg\" \/>\n<meta name=\"twitter:card\" content=\"summary_large_image\" \/>\n<meta name=\"twitter:label1\" content=\"Dur\u00e9e de lecture estim\u00e9e\" \/>\n\t<meta name=\"twitter:data1\" content=\"1 minute\" \/>\n<script type=\"application\/ld+json\" class=\"yoast-schema-graph\">{\"@context\":\"https:\/\/schema.org\",\"@graph\":[{\"@type\":\"WebPage\",\"@id\":\"https:\/\/listings.mybikeplan.ch\/fr\/produit\/thule-kindersitz-yepp-nexxt-2-maxi-gt-mint-green\/\",\"url\":\"https:\/\/listings.mybikeplan.ch\/fr\/produit\/thule-kindersitz-yepp-nexxt-2-maxi-gt-mint-green\/\",\"name\":\"Thule Kindersitz Yepp Nexxt 2 Maxi (GT)\",\"isPartOf\":{\"@id\":\"https:\/\/listings.mybikeplan.ch\/fr\/#website\"},\"primaryImageOfPage\":{\"@id\":\"https:\/\/listings.mybikeplan.ch\/fr\/produit\/thule-kindersitz-yepp-nexxt-2-maxi-gt-mint-green\/#primaryimage\"},\"image\":{\"@id\":\"https:\/\/listings.mybikeplan.ch\/fr\/produit\/thule-kindersitz-yepp-nexxt-2-maxi-gt-mint-green\/#primaryimage\"},\"thumbnailUrl\":\"https:\/\/listings.mybikeplan.ch\/wp-content\/uploads\/2023\/07\/Thule-Yepp-Nexxt-2-Maxi-Green-1.jpg\",\"datePublished\":\"2023-07-14T12:15:14+00:00\",\"dateModified\":\"2023-07-18T09:49:52+00:00\",\"breadcrumb\":{\"@id\":\"https:\/\/listings.mybikeplan.ch\/fr\/produit\/thule-kindersitz-yepp-nexxt-2-maxi-gt-mint-green\/#breadcrumb\"},\"inLanguage\":\"fr-FR\",\"potentialAction\":[{\"@type\":\"ReadAction\",\"target\":[\"https:\/\/listings.mybikeplan.ch\/fr\/produit\/thule-kindersitz-yepp-nexxt-2-maxi-gt-mint-green\/\"]}]},{\"@type\":\"ImageObject\",\"inLanguage\":\"fr-FR\",\"@id\":\"https:\/\/listings.mybikeplan.ch\/fr\/produit\/thule-kindersitz-yepp-nexxt-2-maxi-gt-mint-green\/#primaryimage\",\"url\":\"https:\/\/listings.mybikeplan.ch\/wp-content\/uploads\/2023\/07\/Thule-Yepp-Nexxt-2-Maxi-Green-1.jpg\",\"contentUrl\":\"https:\/\/listings.mybikeplan.ch\/wp-content\/uploads\/2023\/07\/Thule-Yepp-Nexxt-2-Maxi-Green-1.jpg\",\"width\":1000,\"height\":1000,\"caption\":\"Thule Yepp Nexxt 2 Maxi Green\"},{\"@type\":\"BreadcrumbList\",\"@id\":\"https:\/\/listings.mybikeplan.ch\/fr\/produit\/thule-kindersitz-yepp-nexxt-2-maxi-gt-mint-green\/#breadcrumb\",\"itemListElement\":[{\"@type\":\"ListItem\",\"position\":1,\"name\":\"Home\",\"item\":\"https:\/\/listings.mybikeplan.ch\/fr\/home\/\"},{\"@type\":\"ListItem\",\"position\":2,\"name\":\"Thule Si\u00e8ge enfant Yepp Nexxt 2 Maxi (GT) Mint Green\"}]},{\"@type\":\"WebSite\",\"@id\":\"https:\/\/listings.mybikeplan.ch\/fr\/#website\",\"url\":\"https:\/\/listings.mybikeplan.ch\/fr\/\",\"name\":\"MyBikePlan\",\"description\":\"\",\"potentialAction\":[{\"@type\":\"SearchAction\",\"target\":{\"@type\":\"EntryPoint\",\"urlTemplate\":\"https:\/\/listings.mybikeplan.ch\/fr\/?s={search_term_string}\"},\"query-input\":{\"@type\":\"PropertyValueSpecification\",\"valueRequired\":true,\"valueName\":\"search_term_string\"}}],\"inLanguage\":\"fr-FR\"}]}<\/script>\n<!-- \/ Yoast SEO plugin. -->","yoast_head_json":{"title":"Thule Kindersitz Yepp Nexxt 2 Maxi (GT)","robots":{"index":"noindex","follow":"follow","max-snippet":"max-snippet:-1","max-image-preview":"max-image-preview:large","max-video-preview":"max-video-preview:-1"},"og_locale":"fr_FR","og_type":"article","og_title":"Thule Kindersitz Yepp Nexxt 2 Maxi (GT)","og_description":"D\u00e8s 9 mois jusqu&rsquo;\u00e0 6ans Confort maximal pour l\u2019enfant et port ajustable et s\u00e9curis\u00e9 gr\u00e2ce au harnais \u00e0 5\u00a0points matelass\u00e9 et ajustable Si\u00e8ge confortable qui absorbe les chocs Si\u00e8ge l\u00e9ger, mais robuste combinant une coque ext\u00e9rieure rigide et un rembourrage moelleux pour offrir un confort haut de gamme \u00e0 votre enfant Boucle magn\u00e9tique avec s\u00e9curit\u00e9 [&hellip;]","og_url":"https:\/\/listings.mybikeplan.ch\/fr\/produit\/thule-kindersitz-yepp-nexxt-2-maxi-gt-mint-green\/","og_site_name":"MyBikePlan","article_modified_time":"2023-07-18T09:49:52+00:00","og_image":[{"width":1000,"height":1000,"url":"https:\/\/listings.mybikeplan.ch\/wp-content\/uploads\/2023\/07\/Thule-Yepp-Nexxt-2-Maxi-Green-1.jpg","type":"image\/jpeg"}],"twitter_card":"summary_large_image","twitter_misc":{"Dur\u00e9e de lecture estim\u00e9e":"1 minute"},"schema":{"@context":"https:\/\/schema.org","@graph":[{"@type":"WebPage","@id":"https:\/\/listings.mybikeplan.ch\/fr\/produit\/thule-kindersitz-yepp-nexxt-2-maxi-gt-mint-green\/","url":"https:\/\/listings.mybikeplan.ch\/fr\/produit\/thule-kindersitz-yepp-nexxt-2-maxi-gt-mint-green\/","name":"Thule Kindersitz Yepp Nexxt 2 Maxi (GT)","isPartOf":{"@id":"https:\/\/listings.mybikeplan.ch\/fr\/#website"},"primaryImageOfPage":{"@id":"https:\/\/listings.mybikeplan.ch\/fr\/produit\/thule-kindersitz-yepp-nexxt-2-maxi-gt-mint-green\/#primaryimage"},"image":{"@id":"https:\/\/listings.mybikeplan.ch\/fr\/produit\/thule-kindersitz-yepp-nexxt-2-maxi-gt-mint-green\/#primaryimage"},"thumbnailUrl":"https:\/\/listings.mybikeplan.ch\/wp-content\/uploads\/2023\/07\/Thule-Yepp-Nexxt-2-Maxi-Green-1.jpg","datePublished":"2023-07-14T12:15:14+00:00","dateModified":"2023-07-18T09:49:52+00:00","breadcrumb":{"@id":"https:\/\/listings.mybikeplan.ch\/fr\/produit\/thule-kindersitz-yepp-nexxt-2-maxi-gt-mint-green\/#breadcrumb"},"inLanguage":"fr-FR","potentialAction":[{"@type":"ReadAction","target":["https:\/\/listings.mybikeplan.ch\/fr\/produit\/thule-kindersitz-yepp-nexxt-2-maxi-gt-mint-green\/"]}]},{"@type":"ImageObject","inLanguage":"fr-FR","@id":"https:\/\/listings.mybikeplan.ch\/fr\/produit\/thule-kindersitz-yepp-nexxt-2-maxi-gt-mint-green\/#primaryimage","url":"https:\/\/listings.mybikeplan.ch\/wp-content\/uploads\/2023\/07\/Thule-Yepp-Nexxt-2-Maxi-Green-1.jpg","contentUrl":"https:\/\/listings.mybikeplan.ch\/wp-content\/uploads\/2023\/07\/Thule-Yepp-Nexxt-2-Maxi-Green-1.jpg","width":1000,"height":1000,"caption":"Thule Yepp Nexxt 2 Maxi Green"},{"@type":"BreadcrumbList","@id":"https:\/\/listings.mybikeplan.ch\/fr\/produit\/thule-kindersitz-yepp-nexxt-2-maxi-gt-mint-green\/#breadcrumb","itemListElement":[{"@type":"ListItem","position":1,"name":"Home","item":"https:\/\/listings.mybikeplan.ch\/fr\/home\/"},{"@type":"ListItem","position":2,"name":"Thule Si\u00e8ge enfant Yepp Nexxt 2 Maxi (GT) Mint Green"}]},{"@type":"WebSite","@id":"https:\/\/listings.mybikeplan.ch\/fr\/#website","url":"https:\/\/listings.mybikeplan.ch\/fr\/","name":"MyBikePlan","description":"","potentialAction":[{"@type":"SearchAction","target":{"@type":"EntryPoint","urlTemplate":"https:\/\/listings.mybikeplan.ch\/fr\/?s={search_term_string}"},"query-input":{"@type":"PropertyValueSpecification","valueRequired":true,"valueName":"search_term_string"}}],"inLanguage":"fr-FR"}]}},"_links":{"self":[{"href":"https:\/\/listings.mybikeplan.ch\/fr\/wp-json\/wp\/v2\/product\/36225","targetHints":{"allow":["GET"]}}],"collection":[{"href":"https:\/\/listings.mybikeplan.ch\/fr\/wp-json\/wp\/v2\/product"}],"about":[{"href":"https:\/\/listings.mybikeplan.ch\/fr\/wp-json\/wp\/v2\/types\/product"}],"replies":[{"embeddable":true,"href":"https:\/\/listings.mybikeplan.ch\/fr\/wp-json\/wp\/v2\/comments?post=36225"}],"wp:featuredmedia":[{"embeddable":true,"href":"https:\/\/listings.mybikeplan.ch\/fr\/wp-json\/wp\/v2\/media\/36229"}],"wp:attachment":[{"href":"https:\/\/listings.mybikeplan.ch\/fr\/wp-json\/wp\/v2\/media?parent=36225"}],"wp:term":[{"taxonomy":"product_brand","embeddable":true,"href":"https:\/\/listings.mybikeplan.ch\/fr\/wp-json\/wp\/v2\/product_brand?post=36225"},{"taxonomy":"product_cat","embeddable":true,"href":"https:\/\/listings.mybikeplan.ch\/fr\/wp-json\/wp\/v2\/product_cat?post=36225"},{"taxonomy":"product_tag","embeddable":true,"href":"https:\/\/listings.mybikeplan.ch\/fr\/wp-json\/wp\/v2\/product_tag?post=36225"}],"curies":[{"name":"wp","href":"https:\/\/api.w.org\/{rel}","templated":true}]}}