{"id":36109,"date":"2023-07-12T12:23:46","date_gmt":"2023-07-12T12:23:48","guid":{"rendered":"https:\/\/listings.mybikeplan.ch\/?post_type=product&#038;p=36109"},"modified":"2025-02-18T13:54:03","modified_gmt":"2025-02-18T13:54:03","slug":"cilo-rivertour-ctfl06-oliv","status":"publish","type":"product","link":"https:\/\/listings.mybikeplan.ch\/fr\/produit\/cilo-rivertour-ctfl06-oliv\/","title":{"rendered":"Cilo Rivertour CTFL\u00b006 Oliv"},"content":{"rendered":"<h2><b>Le plus important sur le Cilo Rivertour CTFL\u00b006 :<\/b><\/h2>\n<ul>\n<li style=\"font-weight: 400;\" aria-level=\"1\"><span style=\"font-weight: 400;\">V\u00e9lo \u00e9lectrique de randonn\u00e9e<\/span><\/li>\n<li style=\"font-weight: 400;\" aria-level=\"1\"><span style=\"font-weight: 400;\">Convient pour la ville et la campagne<\/span><\/li>\n<li style=\"font-weight: 400;\" aria-level=\"1\"><span style=\"font-weight: 400;\">Acc\u00e8s bas pour une mont\u00e9e et une descente confortables<\/span><\/li>\n<\/ul>\n<p>&nbsp;<\/p>\n<h2><b>Le Cilo Rivertour CTFL\u00b006 est parfait pour toi si tu :<\/b><\/h2>\n<ul>\n<li style=\"font-weight: 400;\" aria-level=\"1\"><span style=\"font-weight: 400;\">cherche un v\u00e9lo \u00e9lectrique pour le quotidien, mais aussi pour les loisirs<\/span><\/li>\n<li style=\"font-weight: 400;\" aria-level=\"1\"><span style=\"font-weight: 400;\">tu souhaites int\u00e9grer davantage d&rsquo;activit\u00e9 physique dans ta vie quotidienne<\/span><\/li>\n<li style=\"font-weight: 400;\" aria-level=\"1\"><span style=\"font-weight: 400;\">recherche un v\u00e9lo \u00e9lectrique d&rsquo;une marque suisse \u00e9prouv\u00e9e<\/span><\/li>\n<\/ul>\n<h2><\/h2>\n<h2><b>Recommandation de tailles :<\/b><\/h2>\n<p><span style=\"font-weight: 400;\">S: 43 cm = 160 cm &#8211; 170 cm<\/span><\/p>\n<p><span style=\"font-weight: 400;\">M: 48cm = 170cm &#8211; 185cm<\/span><\/p>\n<h2><\/h2>\n","protected":false},"excerpt":{"rendered":"<h2><b>Cilo Rivertour CTFL\u00b006<\/b><\/h2>\n<p><span style=\"font-weight: 400;\">Que ce soit pour de longues excursions de trekking dans l&rsquo;inconnu ou pour tes trajets quotidiens au c\u0153ur de la ville, le Cilo Rivertour CTFL\u00b006 sera ton compagnon id\u00e9al et s&rsquo;int\u00e9grera parfaitement \u00e0 ton style de vie. Il allie fonctionnalit\u00e9 et style en offrant des \u00e9quipements utiles comme un porte-bagages solide, un garde-boue robuste et un \u00e9clairage puissant &#8211; des caract\u00e9ristiques qui en font le partenaire id\u00e9al pour une utilisation urbaine.<\/span><\/p>\n<p><span style=\"font-weight: 400;\">Mais ce n&rsquo;est pas tout : malgr\u00e9 son confort urbain, le Cilo Rivertour CTFL\u00b006 est parfaitement \u00e9quip\u00e9 pour des randonn\u00e9es \u00e0 v\u00e9lo passionnantes et de longues sorties \u00e0 la campagne. Gr\u00e2ce \u00e0 la fourche suspendue RST Pulse Air de haute qualit\u00e9 avec un impressionnant d\u00e9battement de 100 mm, au cadre arri\u00e8re suspendu et aux pneus Schwalbe Smart Sam fiables, tu es pr\u00eat \u00e0 affronter n&rsquo;importe quel type de terrain. Nids de poule, cailloux ou chemins boueux &#8211; rien ne peut arr\u00eater ta course.<\/span><\/p>\n<p><span style=\"font-weight: 400;\">Tu es soutenu par le moteur Shimano E6100, qui se distingue par sa r\u00e9ponse particuli\u00e8rement agr\u00e9able et r\u00e9guli\u00e8re. Avec ses 60 Nm puissants, il te permet d&rsquo;avancer sans peine m\u00eame sur les pentes raides. Tu peux ainsi profiter pleinement de chaque sortie sans te fatiguer outre mesure.<\/span><\/p>\n<p><span style=\"font-weight: 400;\">Le v\u00e9lo \u00e9lectrique Cilo Rivertour CTFL ne te convaincra pas seulement par ses performances, mais aussi par son apparence. Il rayonne d&rsquo;\u00e9l\u00e9gance et marque des points avec son design \u00e9pur\u00e9 qui attire d\u00e9finitivement l&rsquo;attention. Le cadre unisexe en aluminium, mince et \u00e9l\u00e9gant, est disponible en 43 cm et 48 cm, offrant ainsi une option adapt\u00e9e \u00e0 chaque taille et forme corporelle. Le v\u00e9lo \u00e9lectrique est un mod\u00e8le \u00e0 entr\u00e9e basse, c&rsquo;est-\u00e0-dire qu&rsquo;il est facile et confortable de monter et de descendre du v\u00e9lo.<\/span><\/p>\n<p><span style=\"font-weight: 400;\">Avec le Cilo Rivertour CTFL\u00b006, tu as un v\u00e9lo \u00e9lectrique fiable et \u00e9l\u00e9gant qui fera passer ta mobilit\u00e9 \u00e0 un niveau sup\u00e9rieur.<\/span><\/p>\n<h2><\/h2>\n<h2><b>\u00c0 propos de Cilo<\/b><\/h2>\n<p><span style=\"font-weight: 400;\">Cilo est la marque de v\u00e9lo suisse par r\u00e9f\u00e9rence. Cr\u00e9\u00e9e en 1904, Cilo est une marque pleine de valeurs et de savoir-faire. Il ne cesse de progresser en termes d\u2019innovation et souhaite offrir \u00e0 ses utilisateurs le confort et la maniabilit\u00e9 de leur v\u00e9lo. Leur offre est large puisqu\u2019ils offrent des Mountain E-Bikes, Trekking E-Bikes et City E-Bikes.<\/span><\/p>\n","protected":false},"featured_media":34896,"comment_status":"open","ping_status":"closed","template":"","meta":{"_acf_changed":false},"product_brand":[],"product_cat":[10082,10157,10162,10184,10186,10108,10080,10190,10096,10169,10188],"product_tag":[],"class_list":{"0":"post-36109","1":"product","2":"type-product","3":"status-publish","4":"has-post-thumbnail","6":"product_cat-25-km","7":"product_cat-e-bikes","8":"product_cat-e-trekking","9":"product_cat-femmes","10":"product_cat-hommes","11":"product_cat-marque-cilo","12":"product_cat-mybikeplan","13":"product_cat-swiss-made","14":"product_cat-alle-e-bikes","15":"product_cat-vert","16":"product_cat-wave","17":"pa_attachments-veloanhaenger-kompatibel","18":"pa_battery-shimano-bt-e8036-630-wh-fr","19":"pa_battery-size-630-wh","20":"pa_brakes-shimano-br-mt200-hydr-disc-brake-fr","21":"pa_brakes-front-shimano-br-mt200-hydr-disc-brake-180mm-fr","22":"pa_brand-cilo","23":"pa_display-shimano-sc-e6100-fr","24":"pa_filters-color-vert","25":"pa_frame-variant-wave","26":"pa_hex-color-c9c1a7-produkt-cilo-rivertour-ctfl06-oliv-fr","27":"pa_hex-color-ceeddf-produkt-cilo-rivertour-ctfl06-polar-green-fr","28":"pa_max-weight-130-kg","29":"pa_motor-shimano-steps-e6100-fr","30":"pa_motor-brand-shimano","31":"pa_range-80km-fr","32":"pa_rider-height-160-165-cm","33":"pa_rider-height-165-170-cm","34":"pa_rider-height-170-175-cm","35":"pa_rider-height-175-180-cm","36":"pa_rider-height-180-185-cm","37":"pa_seat-tube-length-43cm-s","38":"pa_seat-tube-length-48cm-m","39":"pa_sizes-m-fr","40":"pa_sizes-s-fr","41":"pa_speed-25-km-heure","42":"pa_suspension-travel-100mm-fr","43":"pa_tires-schwalbe-smart-sam-k-guard-60-584-fr","44":"pa_trailer-compatibility-fuer-die-montage-des-anhaengers-muss-die-achse-gewechselt-werden-fr","46":"first","47":"onbackorder","48":"shipping-taxable","49":"purchasable","50":"product-type-variable"},"acf":[],"yoast_head":"<!-- This site is optimized with the Yoast SEO plugin v24.5 - https:\/\/yoast.com\/wordpress\/plugins\/seo\/ -->\n<title>Cilo Rivertour CTFL\u00b006 | \u00c0 partir de CHF 88 par mois | 0% d&#039;int\u00e9r\u00eat<\/title>\n<meta name=\"description\" content=\"Commande le Cilo Rivertour CTFL\u00b006 d\u00e8s maintenant \u00e0 partir de 88 CHF par mois et profite d&#039;une livraison gratuite en Suisse.\" \/>\n<meta name=\"robots\" content=\"noindex, follow, max-snippet:-1, max-image-preview:large, max-video-preview:-1\" \/>\n<meta property=\"og:locale\" content=\"fr_FR\" \/>\n<meta property=\"og:type\" content=\"article\" \/>\n<meta property=\"og:title\" content=\"Cilo Rivertour CTFL\u00b006 | \u00c0 partir de CHF 88 par mois | 0% d&#039;int\u00e9r\u00eat\" \/>\n<meta property=\"og:description\" content=\"Commande le Cilo Rivertour CTFL\u00b006 d\u00e8s maintenant \u00e0 partir de 88 CHF par mois et profite d&#039;une livraison gratuite en Suisse.\" \/>\n<meta property=\"og:url\" content=\"https:\/\/listings.mybikeplan.ch\/fr\/produit\/cilo-rivertour-ctfl06-oliv\/\" \/>\n<meta property=\"og:site_name\" content=\"MyBikePlan\" \/>\n<meta property=\"article:modified_time\" content=\"2025-02-18T13:54:03+00:00\" \/>\n<meta property=\"og:image\" content=\"https:\/\/listings.mybikeplan.ch\/wp-content\/uploads\/2023\/06\/Cilo-Rivertour-CTFL\u00b006.jpg\" \/>\n\t<meta property=\"og:image:width\" content=\"1000\" \/>\n\t<meta property=\"og:image:height\" content=\"1000\" \/>\n\t<meta property=\"og:image:type\" content=\"image\/jpeg\" \/>\n<meta name=\"twitter:card\" content=\"summary_large_image\" \/>\n<script type=\"application\/ld+json\" class=\"yoast-schema-graph\">{\"@context\":\"https:\/\/schema.org\",\"@graph\":[{\"@type\":\"WebPage\",\"@id\":\"https:\/\/listings.mybikeplan.ch\/fr\/produit\/cilo-rivertour-ctfl06-oliv\/\",\"url\":\"https:\/\/listings.mybikeplan.ch\/fr\/produit\/cilo-rivertour-ctfl06-oliv\/\",\"name\":\"Cilo Rivertour CTFL\u00b006 | \u00c0 partir de CHF 88 par mois | 0% d'int\u00e9r\u00eat\",\"isPartOf\":{\"@id\":\"https:\/\/listings.mybikeplan.ch\/fr\/#website\"},\"primaryImageOfPage\":{\"@id\":\"https:\/\/listings.mybikeplan.ch\/fr\/produit\/cilo-rivertour-ctfl06-oliv\/#primaryimage\"},\"image\":{\"@id\":\"https:\/\/listings.mybikeplan.ch\/fr\/produit\/cilo-rivertour-ctfl06-oliv\/#primaryimage\"},\"thumbnailUrl\":\"https:\/\/listings.mybikeplan.ch\/wp-content\/uploads\/2023\/06\/Cilo-Rivertour-CTFL\u00b006.jpg\",\"datePublished\":\"2023-07-12T12:23:48+00:00\",\"dateModified\":\"2025-02-18T13:54:03+00:00\",\"description\":\"Commande le Cilo Rivertour CTFL\u00b006 d\u00e8s maintenant \u00e0 partir de 88 CHF par mois et profite d'une livraison gratuite en Suisse.\",\"breadcrumb\":{\"@id\":\"https:\/\/listings.mybikeplan.ch\/fr\/produit\/cilo-rivertour-ctfl06-oliv\/#breadcrumb\"},\"inLanguage\":\"fr-FR\",\"potentialAction\":[{\"@type\":\"ReadAction\",\"target\":[\"https:\/\/listings.mybikeplan.ch\/fr\/produit\/cilo-rivertour-ctfl06-oliv\/\"]}]},{\"@type\":\"ImageObject\",\"inLanguage\":\"fr-FR\",\"@id\":\"https:\/\/listings.mybikeplan.ch\/fr\/produit\/cilo-rivertour-ctfl06-oliv\/#primaryimage\",\"url\":\"https:\/\/listings.mybikeplan.ch\/wp-content\/uploads\/2023\/06\/Cilo-Rivertour-CTFL\u00b006.jpg\",\"contentUrl\":\"https:\/\/listings.mybikeplan.ch\/wp-content\/uploads\/2023\/06\/Cilo-Rivertour-CTFL\u00b006.jpg\",\"width\":1000,\"height\":1000,\"caption\":\"Cilo Rivertour CTFL\u00b006\"},{\"@type\":\"BreadcrumbList\",\"@id\":\"https:\/\/listings.mybikeplan.ch\/fr\/produit\/cilo-rivertour-ctfl06-oliv\/#breadcrumb\",\"itemListElement\":[{\"@type\":\"ListItem\",\"position\":1,\"name\":\"Home\",\"item\":\"https:\/\/listings.mybikeplan.ch\/fr\/home\/\"},{\"@type\":\"ListItem\",\"position\":2,\"name\":\"Cilo Rivertour CTFL\u00b006 Oliv\"}]},{\"@type\":\"WebSite\",\"@id\":\"https:\/\/listings.mybikeplan.ch\/fr\/#website\",\"url\":\"https:\/\/listings.mybikeplan.ch\/fr\/\",\"name\":\"MyBikePlan\",\"description\":\"\",\"potentialAction\":[{\"@type\":\"SearchAction\",\"target\":{\"@type\":\"EntryPoint\",\"urlTemplate\":\"https:\/\/listings.mybikeplan.ch\/fr\/?s={search_term_string}\"},\"query-input\":{\"@type\":\"PropertyValueSpecification\",\"valueRequired\":true,\"valueName\":\"search_term_string\"}}],\"inLanguage\":\"fr-FR\"}]}<\/script>\n<!-- \/ Yoast SEO plugin. -->","yoast_head_json":{"title":"Cilo Rivertour CTFL\u00b006 | \u00c0 partir de CHF 88 par mois | 0% d'int\u00e9r\u00eat","description":"Commande le Cilo Rivertour CTFL\u00b006 d\u00e8s maintenant \u00e0 partir de 88 CHF par mois et profite d'une livraison gratuite en Suisse.","robots":{"index":"noindex","follow":"follow","max-snippet":"max-snippet:-1","max-image-preview":"max-image-preview:large","max-video-preview":"max-video-preview:-1"},"og_locale":"fr_FR","og_type":"article","og_title":"Cilo Rivertour CTFL\u00b006 | \u00c0 partir de CHF 88 par mois | 0% d'int\u00e9r\u00eat","og_description":"Commande le Cilo Rivertour CTFL\u00b006 d\u00e8s maintenant \u00e0 partir de 88 CHF par mois et profite d'une livraison gratuite en Suisse.","og_url":"https:\/\/listings.mybikeplan.ch\/fr\/produit\/cilo-rivertour-ctfl06-oliv\/","og_site_name":"MyBikePlan","article_modified_time":"2025-02-18T13:54:03+00:00","og_image":[{"width":1000,"height":1000,"url":"https:\/\/listings.mybikeplan.ch\/wp-content\/uploads\/2023\/06\/Cilo-Rivertour-CTFL\u00b006.jpg","type":"image\/jpeg"}],"twitter_card":"summary_large_image","schema":{"@context":"https:\/\/schema.org","@graph":[{"@type":"WebPage","@id":"https:\/\/listings.mybikeplan.ch\/fr\/produit\/cilo-rivertour-ctfl06-oliv\/","url":"https:\/\/listings.mybikeplan.ch\/fr\/produit\/cilo-rivertour-ctfl06-oliv\/","name":"Cilo Rivertour CTFL\u00b006 | \u00c0 partir de CHF 88 par mois | 0% d'int\u00e9r\u00eat","isPartOf":{"@id":"https:\/\/listings.mybikeplan.ch\/fr\/#website"},"primaryImageOfPage":{"@id":"https:\/\/listings.mybikeplan.ch\/fr\/produit\/cilo-rivertour-ctfl06-oliv\/#primaryimage"},"image":{"@id":"https:\/\/listings.mybikeplan.ch\/fr\/produit\/cilo-rivertour-ctfl06-oliv\/#primaryimage"},"thumbnailUrl":"https:\/\/listings.mybikeplan.ch\/wp-content\/uploads\/2023\/06\/Cilo-Rivertour-CTFL\u00b006.jpg","datePublished":"2023-07-12T12:23:48+00:00","dateModified":"2025-02-18T13:54:03+00:00","description":"Commande le Cilo Rivertour CTFL\u00b006 d\u00e8s maintenant \u00e0 partir de 88 CHF par mois et profite d'une livraison gratuite en Suisse.","breadcrumb":{"@id":"https:\/\/listings.mybikeplan.ch\/fr\/produit\/cilo-rivertour-ctfl06-oliv\/#breadcrumb"},"inLanguage":"fr-FR","potentialAction":[{"@type":"ReadAction","target":["https:\/\/listings.mybikeplan.ch\/fr\/produit\/cilo-rivertour-ctfl06-oliv\/"]}]},{"@type":"ImageObject","inLanguage":"fr-FR","@id":"https:\/\/listings.mybikeplan.ch\/fr\/produit\/cilo-rivertour-ctfl06-oliv\/#primaryimage","url":"https:\/\/listings.mybikeplan.ch\/wp-content\/uploads\/2023\/06\/Cilo-Rivertour-CTFL\u00b006.jpg","contentUrl":"https:\/\/listings.mybikeplan.ch\/wp-content\/uploads\/2023\/06\/Cilo-Rivertour-CTFL\u00b006.jpg","width":1000,"height":1000,"caption":"Cilo Rivertour CTFL\u00b006"},{"@type":"BreadcrumbList","@id":"https:\/\/listings.mybikeplan.ch\/fr\/produit\/cilo-rivertour-ctfl06-oliv\/#breadcrumb","itemListElement":[{"@type":"ListItem","position":1,"name":"Home","item":"https:\/\/listings.mybikeplan.ch\/fr\/home\/"},{"@type":"ListItem","position":2,"name":"Cilo Rivertour CTFL\u00b006 Oliv"}]},{"@type":"WebSite","@id":"https:\/\/listings.mybikeplan.ch\/fr\/#website","url":"https:\/\/listings.mybikeplan.ch\/fr\/","name":"MyBikePlan","description":"","potentialAction":[{"@type":"SearchAction","target":{"@type":"EntryPoint","urlTemplate":"https:\/\/listings.mybikeplan.ch\/fr\/?s={search_term_string}"},"query-input":{"@type":"PropertyValueSpecification","valueRequired":true,"valueName":"search_term_string"}}],"inLanguage":"fr-FR"}]}},"_links":{"self":[{"href":"https:\/\/listings.mybikeplan.ch\/fr\/wp-json\/wp\/v2\/product\/36109","targetHints":{"allow":["GET"]}}],"collection":[{"href":"https:\/\/listings.mybikeplan.ch\/fr\/wp-json\/wp\/v2\/product"}],"about":[{"href":"https:\/\/listings.mybikeplan.ch\/fr\/wp-json\/wp\/v2\/types\/product"}],"replies":[{"embeddable":true,"href":"https:\/\/listings.mybikeplan.ch\/fr\/wp-json\/wp\/v2\/comments?post=36109"}],"wp:featuredmedia":[{"embeddable":true,"href":"https:\/\/listings.mybikeplan.ch\/fr\/wp-json\/wp\/v2\/media\/34896"}],"wp:attachment":[{"href":"https:\/\/listings.mybikeplan.ch\/fr\/wp-json\/wp\/v2\/media?parent=36109"}],"wp:term":[{"taxonomy":"product_brand","embeddable":true,"href":"https:\/\/listings.mybikeplan.ch\/fr\/wp-json\/wp\/v2\/product_brand?post=36109"},{"taxonomy":"product_cat","embeddable":true,"href":"https:\/\/listings.mybikeplan.ch\/fr\/wp-json\/wp\/v2\/product_cat?post=36109"},{"taxonomy":"product_tag","embeddable":true,"href":"https:\/\/listings.mybikeplan.ch\/fr\/wp-json\/wp\/v2\/product_tag?post=36109"}],"curies":[{"name":"wp","href":"https:\/\/api.w.org\/{rel}","templated":true}]}}