{"id":35344,"date":"2023-06-21T11:53:57","date_gmt":"2023-06-21T11:53:59","guid":{"rendered":"https:\/\/listings.mybikeplan.ch\/?post_type=product&#038;p=35344"},"modified":"2024-05-29T07:47:12","modified_gmt":"2024-05-29T07:47:12","slug":"specialized-turbo-como-sl-4-0-light-grey","status":"publish","type":"product","link":"https:\/\/listings.mybikeplan.ch\/fr\/produit\/specialized-turbo-como-sl-4-0-light-grey\/","title":{"rendered":"Specialized Turbo Como SL 4.0"},"content":{"rendered":"<h2><b>Le plus important sur le Specialized Turbo Como SL 4.0 :<\/b><\/h2>\n<ul>\n<li style=\"font-weight: 400;\" aria-level=\"1\"><span style=\"font-weight: 400;\">V\u00e9lo \u00e9lectrique de ville l\u00e9ger et maniable<\/span><\/li>\n<li style=\"font-weight: 400;\" aria-level=\"1\"><span style=\"font-weight: 400;\">\u00c9quip\u00e9 d&rsquo;un porte-bagages avant que tu peux charger jusqu&rsquo;\u00e0 15 kg.<\/span><\/li>\n<li style=\"font-weight: 400;\" aria-level=\"1\"><span style=\"font-weight: 400;\">Possibilit\u00e9 d&rsquo;installer un prolongateur d&rsquo;autonomie pour aller encore plus loin<\/span><\/li>\n<\/ul>\n<h2><\/h2>\n<h2><b>Le Specialized Turbo Como SL 4.0 est parfait pour toi, si tu :<\/b><\/h2>\n<ul>\n<li style=\"font-weight: 400;\" aria-level=\"1\"><span style=\"font-weight: 400;\">vis en ville ou en agglom\u00e9ration<\/span><\/li>\n<li style=\"font-weight: 400;\" aria-level=\"1\"><span style=\"font-weight: 400;\">veux te d\u00e9placer plus vite et de mani\u00e8re durable\u00a0<\/span><\/li>\n<li style=\"font-weight: 400;\" aria-level=\"1\"><span style=\"font-weight: 400;\">cherches un compagnon pour toutes les situations<\/span><\/li>\n<\/ul>\n<h2><\/h2>\n<h2><b>Recommandation de tailles:<\/b><\/h2>\n<p><span style=\"font-weight: 400;\">S: 150 &#8211; 165 cm<\/span><\/p>\n<p><span style=\"font-weight: 400;\">M: 165 &#8211; 178 cm<\/span><\/p>\n<p><span style=\"font-weight: 400;\">L: 178 &#8211; 190 cm<\/span><\/p>\n","protected":false},"excerpt":{"rendered":"<h2><b>Specialized Turbo Como SL 4.0<\/b><\/h2>\n<p><span style=\"font-weight: 400;\">Pars \u00e0 la conqu\u00eate de la jungle urbaine avec le Specialized Turbo Como SL 4.0 ! Ce v\u00e9lo \u00e9lectrique de ville super l\u00e9ger ne p\u00e8se que 22 kilos, ce qui en fait un poids plume parmi les autres v\u00e9los \u00e9lectriques. Il n\u00e9cessite peu d&rsquo;entretien, est fiable et parfaitement \u00e9quip\u00e9 pour les trajets quotidiens, les rencontres avec des amis ou les excursions spontan\u00e9es. Portez-le sans effort dans les escaliers, profitez d&rsquo;un tour de ville et chargez-le de toutes les n\u00e9cessit\u00e9s vitales qui embellissent vos journ\u00e9es &#8211; gr\u00e2ce au porte-bagages avant pratique qui peut supporter jusqu&rsquo;\u00e0 15 kg !\u00a0<\/span><\/p>\n<p><span style=\"font-weight: 400;\">Le Specialized Turbo Como SL 4.0 est \u00e9quip\u00e9 d&rsquo;une vitesse au moyeu Shimano Nexus \u00e0 5 vitesses et d&rsquo;une transmission par cha\u00eene. Une batterie de 320 Wh enti\u00e8rement int\u00e9gr\u00e9e t&#8217;emm\u00e8ne de A \u00e0 B en toute fiabilit\u00e9. En option, elle peut \u00eatre \u00e9quip\u00e9e d&rsquo;un prolongateur d&rsquo;autonomie pour une port\u00e9e maximale.\u00a0<\/span><\/p>\n<p><span style=\"font-weight: 400;\">Le moteur Specialized SL 1.1 offre une puissance de pointe de 240 W \/ 35 Nm et double ta force de p\u00e9dalage, avec une assistance jusqu&rsquo;\u00e0 25 km\/h. Pour une visibilit\u00e9 optimale, le Specialized Turbo Como SL 4.0 poss\u00e8de des phares avant et arri\u00e8re int\u00e9gr\u00e9s. Le passage interne des c\u00e2bles, les graphismes r\u00e9fl\u00e9chissants et les freins \u00e0 disque hydrauliques garantissent une s\u00e9curit\u00e9 maximale lorsque tu te d\u00e9places en ville. Le v\u00e9lo est \u00e9quip\u00e9 de roues robustes de 27.5&Prime; et de pneus Nimbus 2.3&Prime; qui offrent une adh\u00e9rence et une protection anti-crevaison optimales.<\/span><\/p>\n<h2><\/h2>\n<h2><b>\u00c0 propos de Specialized<\/b><\/h2>\n<p><span style=\"font-weight: 400;\">\u00ab\u00a0Fait par des riders, pour des riders\u00a0\u00bb &#8211; selon cette devise, Specialized d\u00e9veloppe des v\u00e9los \u00e9lectriques qui r\u00e9pondent exactement aux besoins des cyclistes. Gr\u00e2ce \u00e0 sa passion pour l&rsquo;innovation et son engagement pour l&rsquo;excellence, l&rsquo;entreprise est devenue l&rsquo;un des noms les plus importants dans le monde du cyclisme. Des citadins aux v\u00e9t\u00e9tistes et aux triathl\u00e8tes : Specialized r\u00e9pond \u00e0 des besoins tr\u00e8s vari\u00e9s.<\/span><\/p>\n","protected":false},"featured_media":35134,"comment_status":"open","ping_status":"closed","template":"","meta":{"_acf_changed":false},"product_brand":[],"product_cat":[10082,10157,10163,10184,10168,10186,10148,10080,10096],"product_tag":[],"class_list":{"0":"post-35344","1":"product","2":"type-product","3":"status-publish","4":"has-post-thumbnail","6":"product_cat-25-km","7":"product_cat-e-bikes","8":"product_cat-e-urban","9":"product_cat-femmes","10":"product_cat-gris","11":"product_cat-hommes","12":"product_cat-marque-specialized","13":"product_cat-mybikeplan","14":"product_cat-alle-e-bikes","15":"pa_battery-specialized-sl1-320-fully-integrated-320wh-fr","16":"pa_battery-size-320-wh","17":"pa_brand-specialized","18":"pa_display-specialized-tcu-10-led-state-of-charge-3-led-ride-mode-display-ant-bluetooth-fr","19":"pa_filters-color-gris","20":"pa_frame-variant-trapeze","21":"pa_hex-color-60072a-produkt-specialized-turbo-como-sl-4-0-red-fr","22":"pa_hex-color-989697-fr","23":"pa_max-weight-120-kg","24":"pa_motor-specialized-sl-1-1-custom-lightweight-motor-fr","25":"pa_motor-brand-specialized","26":"pa_range-80km-fr","27":"pa_rider-height-150-155-cm","28":"pa_rider-height-155-160-cm","29":"pa_rider-height-160-165-cm","30":"pa_rider-height-165-170-cm","31":"pa_rider-height-170-175-cm","32":"pa_rider-height-175-180-cm","33":"pa_rider-height-180-185-cm","34":"pa_rider-height-185-190-cm","35":"pa_seat-tube-length-l-fr","36":"pa_seat-tube-length-m-fr","37":"pa_seat-tube-length-s-fr","38":"pa_sizes-l-fr","39":"pa_sizes-m-fr","40":"pa_sizes-s-fr","41":"pa_speed-25-km-heure","43":"first","44":"instock","45":"sale","46":"shipping-taxable","47":"purchasable","48":"product-type-variable","49":"has-default-attributes"},"acf":[],"yoast_head":"<!-- This site is optimized with the Yoast SEO plugin v24.5 - https:\/\/yoast.com\/wordpress\/plugins\/seo\/ -->\n<title>Specialized Turbo Como SL 4.0 | E-Bike en paiement mensuel 0%<\/title>\n<meta name=\"description\" content=\"Ach\u00e8te le Specialized Turbo Como SL 4.0 et rembourse-le facilement par mensualit\u00e9s avec 0% d\u2019int\u00e9r\u00eat ! Profite-en maintenant et commence \u00e0 rouler rapidement.\" \/>\n<meta name=\"robots\" content=\"noindex, follow, max-snippet:-1, max-image-preview:large, max-video-preview:-1\" \/>\n<meta property=\"og:locale\" content=\"fr_FR\" \/>\n<meta property=\"og:type\" content=\"article\" \/>\n<meta property=\"og:title\" content=\"Specialized Turbo Como SL 4.0 | E-Bike en paiement mensuel 0%\" \/>\n<meta property=\"og:description\" content=\"Ach\u00e8te le Specialized Turbo Como SL 4.0 et rembourse-le facilement par mensualit\u00e9s avec 0% d\u2019int\u00e9r\u00eat ! Profite-en maintenant et commence \u00e0 rouler rapidement.\" \/>\n<meta property=\"og:url\" content=\"https:\/\/listings.mybikeplan.ch\/fr\/produit\/specialized-turbo-como-sl-4-0-light-grey\/\" \/>\n<meta property=\"og:site_name\" content=\"MyBikePlan\" \/>\n<meta property=\"article:modified_time\" content=\"2024-05-29T07:47:12+00:00\" \/>\n<meta property=\"og:image\" content=\"https:\/\/listings.mybikeplan.ch\/wp-content\/uploads\/2023\/06\/Turbo-Como-SL-4.0-Dove-Grey.jpg\" \/>\n\t<meta property=\"og:image:width\" content=\"1000\" \/>\n\t<meta property=\"og:image:height\" content=\"1000\" \/>\n\t<meta property=\"og:image:type\" content=\"image\/jpeg\" \/>\n<meta name=\"twitter:card\" content=\"summary_large_image\" \/>\n<meta name=\"twitter:label1\" content=\"Dur\u00e9e de lecture estim\u00e9e\" \/>\n\t<meta name=\"twitter:data1\" content=\"1 minute\" \/>\n<script type=\"application\/ld+json\" class=\"yoast-schema-graph\">{\"@context\":\"https:\/\/schema.org\",\"@graph\":[{\"@type\":\"WebPage\",\"@id\":\"https:\/\/listings.mybikeplan.ch\/fr\/produit\/specialized-turbo-como-sl-4-0-light-grey\/\",\"url\":\"https:\/\/listings.mybikeplan.ch\/fr\/produit\/specialized-turbo-como-sl-4-0-light-grey\/\",\"name\":\"Specialized Turbo Como SL 4.0 | E-Bike en paiement mensuel 0%\",\"isPartOf\":{\"@id\":\"https:\/\/listings.mybikeplan.ch\/fr\/#website\"},\"primaryImageOfPage\":{\"@id\":\"https:\/\/listings.mybikeplan.ch\/fr\/produit\/specialized-turbo-como-sl-4-0-light-grey\/#primaryimage\"},\"image\":{\"@id\":\"https:\/\/listings.mybikeplan.ch\/fr\/produit\/specialized-turbo-como-sl-4-0-light-grey\/#primaryimage\"},\"thumbnailUrl\":\"https:\/\/listings.mybikeplan.ch\/wp-content\/uploads\/2023\/06\/Turbo-Como-SL-4.0-Dove-Grey.jpg\",\"datePublished\":\"2023-06-21T11:53:59+00:00\",\"dateModified\":\"2024-05-29T07:47:12+00:00\",\"description\":\"Ach\u00e8te le Specialized Turbo Como SL 4.0 et rembourse-le facilement par mensualit\u00e9s avec 0% d\u2019int\u00e9r\u00eat ! Profite-en maintenant et commence \u00e0 rouler rapidement.\",\"breadcrumb\":{\"@id\":\"https:\/\/listings.mybikeplan.ch\/fr\/produit\/specialized-turbo-como-sl-4-0-light-grey\/#breadcrumb\"},\"inLanguage\":\"fr-FR\",\"potentialAction\":[{\"@type\":\"ReadAction\",\"target\":[\"https:\/\/listings.mybikeplan.ch\/fr\/produit\/specialized-turbo-como-sl-4-0-light-grey\/\"]}]},{\"@type\":\"ImageObject\",\"inLanguage\":\"fr-FR\",\"@id\":\"https:\/\/listings.mybikeplan.ch\/fr\/produit\/specialized-turbo-como-sl-4-0-light-grey\/#primaryimage\",\"url\":\"https:\/\/listings.mybikeplan.ch\/wp-content\/uploads\/2023\/06\/Turbo-Como-SL-4.0-Dove-Grey.jpg\",\"contentUrl\":\"https:\/\/listings.mybikeplan.ch\/wp-content\/uploads\/2023\/06\/Turbo-Como-SL-4.0-Dove-Grey.jpg\",\"width\":1000,\"height\":1000,\"caption\":\"Turbo Como SL 4.0 Dove Grey\"},{\"@type\":\"BreadcrumbList\",\"@id\":\"https:\/\/listings.mybikeplan.ch\/fr\/produit\/specialized-turbo-como-sl-4-0-light-grey\/#breadcrumb\",\"itemListElement\":[{\"@type\":\"ListItem\",\"position\":1,\"name\":\"Home\",\"item\":\"https:\/\/listings.mybikeplan.ch\/fr\/home\/\"},{\"@type\":\"ListItem\",\"position\":2,\"name\":\"Specialized Turbo Como SL 4.0\"}]},{\"@type\":\"WebSite\",\"@id\":\"https:\/\/listings.mybikeplan.ch\/fr\/#website\",\"url\":\"https:\/\/listings.mybikeplan.ch\/fr\/\",\"name\":\"MyBikePlan\",\"description\":\"\",\"potentialAction\":[{\"@type\":\"SearchAction\",\"target\":{\"@type\":\"EntryPoint\",\"urlTemplate\":\"https:\/\/listings.mybikeplan.ch\/fr\/?s={search_term_string}\"},\"query-input\":{\"@type\":\"PropertyValueSpecification\",\"valueRequired\":true,\"valueName\":\"search_term_string\"}}],\"inLanguage\":\"fr-FR\"}]}<\/script>\n<!-- \/ Yoast SEO plugin. -->","yoast_head_json":{"title":"Specialized Turbo Como SL 4.0 | E-Bike en paiement mensuel 0%","description":"Ach\u00e8te le Specialized Turbo Como SL 4.0 et rembourse-le facilement par mensualit\u00e9s avec 0% d\u2019int\u00e9r\u00eat ! Profite-en maintenant et commence \u00e0 rouler rapidement.","robots":{"index":"noindex","follow":"follow","max-snippet":"max-snippet:-1","max-image-preview":"max-image-preview:large","max-video-preview":"max-video-preview:-1"},"og_locale":"fr_FR","og_type":"article","og_title":"Specialized Turbo Como SL 4.0 | E-Bike en paiement mensuel 0%","og_description":"Ach\u00e8te le Specialized Turbo Como SL 4.0 et rembourse-le facilement par mensualit\u00e9s avec 0% d\u2019int\u00e9r\u00eat ! Profite-en maintenant et commence \u00e0 rouler rapidement.","og_url":"https:\/\/listings.mybikeplan.ch\/fr\/produit\/specialized-turbo-como-sl-4-0-light-grey\/","og_site_name":"MyBikePlan","article_modified_time":"2024-05-29T07:47:12+00:00","og_image":[{"width":1000,"height":1000,"url":"https:\/\/listings.mybikeplan.ch\/wp-content\/uploads\/2023\/06\/Turbo-Como-SL-4.0-Dove-Grey.jpg","type":"image\/jpeg"}],"twitter_card":"summary_large_image","twitter_misc":{"Dur\u00e9e de lecture estim\u00e9e":"1 minute"},"schema":{"@context":"https:\/\/schema.org","@graph":[{"@type":"WebPage","@id":"https:\/\/listings.mybikeplan.ch\/fr\/produit\/specialized-turbo-como-sl-4-0-light-grey\/","url":"https:\/\/listings.mybikeplan.ch\/fr\/produit\/specialized-turbo-como-sl-4-0-light-grey\/","name":"Specialized Turbo Como SL 4.0 | E-Bike en paiement mensuel 0%","isPartOf":{"@id":"https:\/\/listings.mybikeplan.ch\/fr\/#website"},"primaryImageOfPage":{"@id":"https:\/\/listings.mybikeplan.ch\/fr\/produit\/specialized-turbo-como-sl-4-0-light-grey\/#primaryimage"},"image":{"@id":"https:\/\/listings.mybikeplan.ch\/fr\/produit\/specialized-turbo-como-sl-4-0-light-grey\/#primaryimage"},"thumbnailUrl":"https:\/\/listings.mybikeplan.ch\/wp-content\/uploads\/2023\/06\/Turbo-Como-SL-4.0-Dove-Grey.jpg","datePublished":"2023-06-21T11:53:59+00:00","dateModified":"2024-05-29T07:47:12+00:00","description":"Ach\u00e8te le Specialized Turbo Como SL 4.0 et rembourse-le facilement par mensualit\u00e9s avec 0% d\u2019int\u00e9r\u00eat ! Profite-en maintenant et commence \u00e0 rouler rapidement.","breadcrumb":{"@id":"https:\/\/listings.mybikeplan.ch\/fr\/produit\/specialized-turbo-como-sl-4-0-light-grey\/#breadcrumb"},"inLanguage":"fr-FR","potentialAction":[{"@type":"ReadAction","target":["https:\/\/listings.mybikeplan.ch\/fr\/produit\/specialized-turbo-como-sl-4-0-light-grey\/"]}]},{"@type":"ImageObject","inLanguage":"fr-FR","@id":"https:\/\/listings.mybikeplan.ch\/fr\/produit\/specialized-turbo-como-sl-4-0-light-grey\/#primaryimage","url":"https:\/\/listings.mybikeplan.ch\/wp-content\/uploads\/2023\/06\/Turbo-Como-SL-4.0-Dove-Grey.jpg","contentUrl":"https:\/\/listings.mybikeplan.ch\/wp-content\/uploads\/2023\/06\/Turbo-Como-SL-4.0-Dove-Grey.jpg","width":1000,"height":1000,"caption":"Turbo Como SL 4.0 Dove Grey"},{"@type":"BreadcrumbList","@id":"https:\/\/listings.mybikeplan.ch\/fr\/produit\/specialized-turbo-como-sl-4-0-light-grey\/#breadcrumb","itemListElement":[{"@type":"ListItem","position":1,"name":"Home","item":"https:\/\/listings.mybikeplan.ch\/fr\/home\/"},{"@type":"ListItem","position":2,"name":"Specialized Turbo Como SL 4.0"}]},{"@type":"WebSite","@id":"https:\/\/listings.mybikeplan.ch\/fr\/#website","url":"https:\/\/listings.mybikeplan.ch\/fr\/","name":"MyBikePlan","description":"","potentialAction":[{"@type":"SearchAction","target":{"@type":"EntryPoint","urlTemplate":"https:\/\/listings.mybikeplan.ch\/fr\/?s={search_term_string}"},"query-input":{"@type":"PropertyValueSpecification","valueRequired":true,"valueName":"search_term_string"}}],"inLanguage":"fr-FR"}]}},"_links":{"self":[{"href":"https:\/\/listings.mybikeplan.ch\/fr\/wp-json\/wp\/v2\/product\/35344","targetHints":{"allow":["GET"]}}],"collection":[{"href":"https:\/\/listings.mybikeplan.ch\/fr\/wp-json\/wp\/v2\/product"}],"about":[{"href":"https:\/\/listings.mybikeplan.ch\/fr\/wp-json\/wp\/v2\/types\/product"}],"replies":[{"embeddable":true,"href":"https:\/\/listings.mybikeplan.ch\/fr\/wp-json\/wp\/v2\/comments?post=35344"}],"wp:featuredmedia":[{"embeddable":true,"href":"https:\/\/listings.mybikeplan.ch\/fr\/wp-json\/wp\/v2\/media\/35134"}],"wp:attachment":[{"href":"https:\/\/listings.mybikeplan.ch\/fr\/wp-json\/wp\/v2\/media?parent=35344"}],"wp:term":[{"taxonomy":"product_brand","embeddable":true,"href":"https:\/\/listings.mybikeplan.ch\/fr\/wp-json\/wp\/v2\/product_brand?post=35344"},{"taxonomy":"product_cat","embeddable":true,"href":"https:\/\/listings.mybikeplan.ch\/fr\/wp-json\/wp\/v2\/product_cat?post=35344"},{"taxonomy":"product_tag","embeddable":true,"href":"https:\/\/listings.mybikeplan.ch\/fr\/wp-json\/wp\/v2\/product_tag?post=35344"}],"curies":[{"name":"wp","href":"https:\/\/api.w.org\/{rel}","templated":true}]}}