{"id":33593,"date":"2023-05-09T07:06:40","date_gmt":"2023-05-09T07:06:42","guid":{"rendered":"https:\/\/listings.mybikeplan.ch\/?post_type=product&#038;p=33593"},"modified":"2024-06-28T19:22:36","modified_gmt":"2024-06-28T19:22:36","slug":"specialized-como-sl-5-0-silver","status":"publish","type":"product","link":"https:\/\/listings.mybikeplan.ch\/fr\/produit\/specialized-como-sl-5-0-silver\/","title":{"rendered":"Specialized Turbo Como SL 5.0"},"content":{"rendered":"<h2>L&rsquo;essentiel sur le Specialized COMO SL 5.0 :<\/h2>\n<ul>\n<li>Freins \u00e0 disque hydrauliques puissants pour une force de freinage fiable dans toutes les conditions.<\/li>\n<li>Adh\u00e9rence et stabilit\u00e9 exceptionnelles sur tous les terrains<\/li>\n<li>Turbo Connect Unit (TCU) int\u00e9gr\u00e9 et application Mission Control pour adapter l&rsquo;assistance moteur, surveiller la dur\u00e9e de vie de la batterie et analyser les donn\u00e9es de conduite.<\/li>\n<\/ul>\n<h2>Le Specialized COMO SL 5.0 est parfait pour toi si tu :<\/h2>\n<ul>\n<li>veux arriver \u00e0 destination rafra\u00eechi et sans transpiration<\/li>\n<li>cherches un v\u00e9lo \u00e9lectrique robuste sur lequel tu peux compter dans toutes les situations<\/li>\n<\/ul>\n","protected":false},"excerpt":{"rendered":"<h2><b>Specialized Turbo Como SL 5.0<\/b><\/h2>\n<p>Profite de tous les avantages d&rsquo;un v\u00e9lo \u00e9lectrique haut de gamme avec le Specialized COMO SL 5.0. Il a \u00e9t\u00e9 con\u00e7u pour tous ceux qui veulent profiter de leur trajet en v\u00e9lo \u00e9lectrique et arriver rafra\u00eechis \u00e0 leur destination. Le Specialized COMO SL 5.0 est parfait pour les navetteurs qui souhaitent se d\u00e9placer de mani\u00e8re plus durable dans leur vie quotidienne.<\/p>\n<p>Le Specialized COMO SL 5.0 est dot\u00e9 d&rsquo;un cadre en carbone FACT 9r l\u00e9ger et robuste, qui assure une conduite stable et confortable. Le v\u00e9lo \u00e9lectrique est \u00e9quip\u00e9 d&rsquo;un d\u00e9railleur Shimano Deore \u00e0 10 vitesses, fiable et facile \u00e0 utiliser, qui te permet de garder ton \u00e9lan et de gravir n&rsquo;importe quelle c\u00f4te avec aisance. Le syst\u00e8me de suspension se compose d&rsquo;une fourche Future Shock 1.5 avec 20 mm de d\u00e9battement, qui offre un confort maximal m\u00eame sur les routes cahoteuses.<\/p>\n<p>L&rsquo;une des caract\u00e9ristiques les plus remarquables du Specialized COMO SL 5.0 est le Turbo Connect Unit (TCU) int\u00e9gr\u00e9 et l&rsquo;application Mission Control. Elle te permet d&rsquo;ajuster l&rsquo;assistance moteur du v\u00e9lo, de surveiller l&rsquo;autonomie de la batterie et m\u00eame d&rsquo;analyser tes donn\u00e9es de conduite afin d&rsquo;optimiser tes performances sur la route.<\/p>\n<p>Traduit avec DeepL.com (version gratuite)<\/p>\n<h2><b>\u00c0 propos de Specialized\u00a0<\/b><\/h2>\n<p><span style=\"font-weight: 400;\">Specialized est une marque renomm\u00e9e dans l\u2019industrie du cyclisme qui produit des v\u00e9los et des accessoires de haute qualit\u00e9 depuis plus de quatre d\u00e9cennies. Gr\u00e2ce \u00e0 sa passion pour l\u2019innovation et \u00e0 son engagement en faveur de l\u2019excellence, Specialized est devenu un nom incontournable dans le monde du cyclisme.<\/span><\/p>\n","protected":false},"featured_media":33481,"comment_status":"open","ping_status":"closed","template":"","meta":{"_acf_changed":false},"product_brand":[],"product_cat":[10082,10157,10163,10184,10168,10186,10148,10080,10096,10188],"product_tag":[],"class_list":{"0":"post-33593","1":"product","2":"type-product","3":"status-publish","4":"has-post-thumbnail","6":"product_cat-25-km","7":"product_cat-e-bikes","8":"product_cat-e-urban","9":"product_cat-femmes","10":"product_cat-gris","11":"product_cat-hommes","12":"product_cat-marque-specialized","13":"product_cat-mybikeplan","14":"product_cat-alle-e-bikes","15":"product_cat-wave","16":"pa_battery-specialized-sl1-320-fully-integrated-320wh-fr","17":"pa_battery-size-320-wh","18":"pa_brand-specialized","19":"pa_display-specialized-tcu-10-led-state-of-charge-3-led-ride-mode-display-ant-bluetooth-fr","20":"pa_filters-color-gris","21":"pa_frame-variant-trapeze","22":"pa_hex-color-5b5959-produkt-specialized-como-sl-5-0-dark-grey-fr","23":"pa_hex-color-a09f9f-fr","24":"pa_hex-color-e7b643-produkt-specialized-como-sl-5-0-yellow-fr","25":"pa_max-weight-120-kg","26":"pa_motor-specialized-sl-1-1-custom-lightweight-motor-fr","27":"pa_motor-brand-specialized","28":"pa_range-80km-fr","29":"pa_rider-height-150-155-cm","30":"pa_rider-height-155-160-cm","31":"pa_rider-height-160-165-cm","32":"pa_rider-height-165-170-cm","33":"pa_rider-height-170-175-cm","34":"pa_rider-height-175-180-cm","35":"pa_rider-height-180-185-cm","36":"pa_rider-height-185-190-cm","37":"pa_seat-tube-length-l-fr","38":"pa_seat-tube-length-m-fr","39":"pa_seat-tube-length-s-fr","40":"pa_sizes-l-fr","41":"pa_sizes-m-fr","42":"pa_sizes-s-fr","43":"pa_speed-25-km-heure","45":"first","46":"instock","47":"shipping-taxable","48":"purchasable","49":"product-type-variable"},"acf":[],"yoast_head":"<!-- This site is optimized with the Yoast SEO plugin v24.5 - https:\/\/yoast.com\/wordpress\/plugins\/seo\/ -->\n<title>Specialized Como SL 5.0 | E-Bike en paiement mensuel 0%<\/title>\n<meta name=\"description\" content=\"Ach\u00e8te le Specialized COMO SL 5.0 et rembourse-le facilement par mensualit\u00e9s avec 0% d\u2019int\u00e9r\u00eat ! Profite-en maintenant et commence \u00e0 rouler rapidement.\" \/>\n<meta name=\"robots\" content=\"noindex, follow, max-snippet:-1, max-image-preview:large, max-video-preview:-1\" \/>\n<meta property=\"og:locale\" content=\"fr_FR\" \/>\n<meta property=\"og:type\" content=\"article\" \/>\n<meta property=\"og:title\" content=\"Specialized Como SL 5.0 | E-Bike en paiement mensuel 0%\" \/>\n<meta property=\"og:description\" content=\"Ach\u00e8te le Specialized COMO SL 5.0 et rembourse-le facilement par mensualit\u00e9s avec 0% d\u2019int\u00e9r\u00eat ! Profite-en maintenant et commence \u00e0 rouler rapidement.\" \/>\n<meta property=\"og:url\" content=\"https:\/\/listings.mybikeplan.ch\/fr\/produit\/specialized-como-sl-5-0-silver\/\" \/>\n<meta property=\"og:site_name\" content=\"MyBikePlan\" \/>\n<meta property=\"article:modified_time\" content=\"2024-06-28T19:22:36+00:00\" \/>\n<meta property=\"og:image\" content=\"https:\/\/listings.mybikeplan.ch\/wp-content\/uploads\/2023\/05\/Turbo-Como-SL-5.0-Light-Grey.jpg\" \/>\n\t<meta property=\"og:image:width\" content=\"1000\" \/>\n\t<meta property=\"og:image:height\" content=\"1000\" \/>\n\t<meta property=\"og:image:type\" content=\"image\/jpeg\" \/>\n<meta name=\"twitter:card\" content=\"summary_large_image\" \/>\n<meta name=\"twitter:label1\" content=\"Dur\u00e9e de lecture estim\u00e9e\" \/>\n\t<meta name=\"twitter:data1\" content=\"1 minute\" \/>\n<script type=\"application\/ld+json\" class=\"yoast-schema-graph\">{\"@context\":\"https:\/\/schema.org\",\"@graph\":[{\"@type\":\"WebPage\",\"@id\":\"https:\/\/listings.mybikeplan.ch\/fr\/produit\/specialized-como-sl-5-0-silver\/\",\"url\":\"https:\/\/listings.mybikeplan.ch\/fr\/produit\/specialized-como-sl-5-0-silver\/\",\"name\":\"Specialized Como SL 5.0 | E-Bike en paiement mensuel 0%\",\"isPartOf\":{\"@id\":\"https:\/\/listings.mybikeplan.ch\/fr\/#website\"},\"primaryImageOfPage\":{\"@id\":\"https:\/\/listings.mybikeplan.ch\/fr\/produit\/specialized-como-sl-5-0-silver\/#primaryimage\"},\"image\":{\"@id\":\"https:\/\/listings.mybikeplan.ch\/fr\/produit\/specialized-como-sl-5-0-silver\/#primaryimage\"},\"thumbnailUrl\":\"https:\/\/listings.mybikeplan.ch\/wp-content\/uploads\/2023\/05\/Turbo-Como-SL-5.0-Light-Grey.jpg\",\"datePublished\":\"2023-05-09T07:06:42+00:00\",\"dateModified\":\"2024-06-28T19:22:36+00:00\",\"description\":\"Ach\u00e8te le Specialized COMO SL 5.0 et rembourse-le facilement par mensualit\u00e9s avec 0% d\u2019int\u00e9r\u00eat ! Profite-en maintenant et commence \u00e0 rouler rapidement.\",\"breadcrumb\":{\"@id\":\"https:\/\/listings.mybikeplan.ch\/fr\/produit\/specialized-como-sl-5-0-silver\/#breadcrumb\"},\"inLanguage\":\"fr-FR\",\"potentialAction\":[{\"@type\":\"ReadAction\",\"target\":[\"https:\/\/listings.mybikeplan.ch\/fr\/produit\/specialized-como-sl-5-0-silver\/\"]}]},{\"@type\":\"ImageObject\",\"inLanguage\":\"fr-FR\",\"@id\":\"https:\/\/listings.mybikeplan.ch\/fr\/produit\/specialized-como-sl-5-0-silver\/#primaryimage\",\"url\":\"https:\/\/listings.mybikeplan.ch\/wp-content\/uploads\/2023\/05\/Turbo-Como-SL-5.0-Light-Grey.jpg\",\"contentUrl\":\"https:\/\/listings.mybikeplan.ch\/wp-content\/uploads\/2023\/05\/Turbo-Como-SL-5.0-Light-Grey.jpg\",\"width\":1000,\"height\":1000},{\"@type\":\"BreadcrumbList\",\"@id\":\"https:\/\/listings.mybikeplan.ch\/fr\/produit\/specialized-como-sl-5-0-silver\/#breadcrumb\",\"itemListElement\":[{\"@type\":\"ListItem\",\"position\":1,\"name\":\"Home\",\"item\":\"https:\/\/listings.mybikeplan.ch\/fr\/home\/\"},{\"@type\":\"ListItem\",\"position\":2,\"name\":\"Specialized Turbo Como SL 5.0\"}]},{\"@type\":\"WebSite\",\"@id\":\"https:\/\/listings.mybikeplan.ch\/fr\/#website\",\"url\":\"https:\/\/listings.mybikeplan.ch\/fr\/\",\"name\":\"MyBikePlan\",\"description\":\"\",\"potentialAction\":[{\"@type\":\"SearchAction\",\"target\":{\"@type\":\"EntryPoint\",\"urlTemplate\":\"https:\/\/listings.mybikeplan.ch\/fr\/?s={search_term_string}\"},\"query-input\":{\"@type\":\"PropertyValueSpecification\",\"valueRequired\":true,\"valueName\":\"search_term_string\"}}],\"inLanguage\":\"fr-FR\"}]}<\/script>\n<!-- \/ Yoast SEO plugin. -->","yoast_head_json":{"title":"Specialized Como SL 5.0 | E-Bike en paiement mensuel 0%","description":"Ach\u00e8te le Specialized COMO SL 5.0 et rembourse-le facilement par mensualit\u00e9s avec 0% d\u2019int\u00e9r\u00eat ! Profite-en maintenant et commence \u00e0 rouler rapidement.","robots":{"index":"noindex","follow":"follow","max-snippet":"max-snippet:-1","max-image-preview":"max-image-preview:large","max-video-preview":"max-video-preview:-1"},"og_locale":"fr_FR","og_type":"article","og_title":"Specialized Como SL 5.0 | E-Bike en paiement mensuel 0%","og_description":"Ach\u00e8te le Specialized COMO SL 5.0 et rembourse-le facilement par mensualit\u00e9s avec 0% d\u2019int\u00e9r\u00eat ! Profite-en maintenant et commence \u00e0 rouler rapidement.","og_url":"https:\/\/listings.mybikeplan.ch\/fr\/produit\/specialized-como-sl-5-0-silver\/","og_site_name":"MyBikePlan","article_modified_time":"2024-06-28T19:22:36+00:00","og_image":[{"width":1000,"height":1000,"url":"https:\/\/listings.mybikeplan.ch\/wp-content\/uploads\/2023\/05\/Turbo-Como-SL-5.0-Light-Grey.jpg","type":"image\/jpeg"}],"twitter_card":"summary_large_image","twitter_misc":{"Dur\u00e9e de lecture estim\u00e9e":"1 minute"},"schema":{"@context":"https:\/\/schema.org","@graph":[{"@type":"WebPage","@id":"https:\/\/listings.mybikeplan.ch\/fr\/produit\/specialized-como-sl-5-0-silver\/","url":"https:\/\/listings.mybikeplan.ch\/fr\/produit\/specialized-como-sl-5-0-silver\/","name":"Specialized Como SL 5.0 | E-Bike en paiement mensuel 0%","isPartOf":{"@id":"https:\/\/listings.mybikeplan.ch\/fr\/#website"},"primaryImageOfPage":{"@id":"https:\/\/listings.mybikeplan.ch\/fr\/produit\/specialized-como-sl-5-0-silver\/#primaryimage"},"image":{"@id":"https:\/\/listings.mybikeplan.ch\/fr\/produit\/specialized-como-sl-5-0-silver\/#primaryimage"},"thumbnailUrl":"https:\/\/listings.mybikeplan.ch\/wp-content\/uploads\/2023\/05\/Turbo-Como-SL-5.0-Light-Grey.jpg","datePublished":"2023-05-09T07:06:42+00:00","dateModified":"2024-06-28T19:22:36+00:00","description":"Ach\u00e8te le Specialized COMO SL 5.0 et rembourse-le facilement par mensualit\u00e9s avec 0% d\u2019int\u00e9r\u00eat ! Profite-en maintenant et commence \u00e0 rouler rapidement.","breadcrumb":{"@id":"https:\/\/listings.mybikeplan.ch\/fr\/produit\/specialized-como-sl-5-0-silver\/#breadcrumb"},"inLanguage":"fr-FR","potentialAction":[{"@type":"ReadAction","target":["https:\/\/listings.mybikeplan.ch\/fr\/produit\/specialized-como-sl-5-0-silver\/"]}]},{"@type":"ImageObject","inLanguage":"fr-FR","@id":"https:\/\/listings.mybikeplan.ch\/fr\/produit\/specialized-como-sl-5-0-silver\/#primaryimage","url":"https:\/\/listings.mybikeplan.ch\/wp-content\/uploads\/2023\/05\/Turbo-Como-SL-5.0-Light-Grey.jpg","contentUrl":"https:\/\/listings.mybikeplan.ch\/wp-content\/uploads\/2023\/05\/Turbo-Como-SL-5.0-Light-Grey.jpg","width":1000,"height":1000},{"@type":"BreadcrumbList","@id":"https:\/\/listings.mybikeplan.ch\/fr\/produit\/specialized-como-sl-5-0-silver\/#breadcrumb","itemListElement":[{"@type":"ListItem","position":1,"name":"Home","item":"https:\/\/listings.mybikeplan.ch\/fr\/home\/"},{"@type":"ListItem","position":2,"name":"Specialized Turbo Como SL 5.0"}]},{"@type":"WebSite","@id":"https:\/\/listings.mybikeplan.ch\/fr\/#website","url":"https:\/\/listings.mybikeplan.ch\/fr\/","name":"MyBikePlan","description":"","potentialAction":[{"@type":"SearchAction","target":{"@type":"EntryPoint","urlTemplate":"https:\/\/listings.mybikeplan.ch\/fr\/?s={search_term_string}"},"query-input":{"@type":"PropertyValueSpecification","valueRequired":true,"valueName":"search_term_string"}}],"inLanguage":"fr-FR"}]}},"_links":{"self":[{"href":"https:\/\/listings.mybikeplan.ch\/fr\/wp-json\/wp\/v2\/product\/33593","targetHints":{"allow":["GET"]}}],"collection":[{"href":"https:\/\/listings.mybikeplan.ch\/fr\/wp-json\/wp\/v2\/product"}],"about":[{"href":"https:\/\/listings.mybikeplan.ch\/fr\/wp-json\/wp\/v2\/types\/product"}],"replies":[{"embeddable":true,"href":"https:\/\/listings.mybikeplan.ch\/fr\/wp-json\/wp\/v2\/comments?post=33593"}],"wp:featuredmedia":[{"embeddable":true,"href":"https:\/\/listings.mybikeplan.ch\/fr\/wp-json\/wp\/v2\/media\/33481"}],"wp:attachment":[{"href":"https:\/\/listings.mybikeplan.ch\/fr\/wp-json\/wp\/v2\/media?parent=33593"}],"wp:term":[{"taxonomy":"product_brand","embeddable":true,"href":"https:\/\/listings.mybikeplan.ch\/fr\/wp-json\/wp\/v2\/product_brand?post=33593"},{"taxonomy":"product_cat","embeddable":true,"href":"https:\/\/listings.mybikeplan.ch\/fr\/wp-json\/wp\/v2\/product_cat?post=33593"},{"taxonomy":"product_tag","embeddable":true,"href":"https:\/\/listings.mybikeplan.ch\/fr\/wp-json\/wp\/v2\/product_tag?post=33593"}],"curies":[{"name":"wp","href":"https:\/\/api.w.org\/{rel}","templated":true}]}}