{"id":31886,"date":"2023-04-13T08:47:28","date_gmt":"2023-04-13T08:47:31","guid":{"rendered":"https:\/\/listings.mybikeplan.ch\/?post_type=product&#038;p=31886"},"modified":"2023-07-18T11:47:00","modified_gmt":"2023-07-18T11:47:00","slug":"anhaenger-chariot-cross-2-blue","status":"publish","type":"product","link":"https:\/\/listings.mybikeplan.ch\/fr\/produit\/anhaenger-chariot-cross-2-blue\/","title":{"rendered":"Remorque Thule Chariot CROSS 2 Bleu Fonc\u00e9"},"content":{"rendered":"<ul>\n<li style=\"font-weight: 400;\" aria-level=\"1\"><span style=\"font-weight: 400;\">Remorques robustes et spacieuses pour les trajets quotidiens d&rsquo;une famille active.<\/span><\/li>\n<li style=\"font-weight: 400;\" aria-level=\"1\"><span style=\"font-weight: 400;\">Transposable dans diff\u00e9rentes activit\u00e9s : v\u00e9lo, jogging, promenade et ski de fond.<\/span><\/li>\n<li style=\"font-weight: 400;\" aria-level=\"1\"><span style=\"font-weight: 400;\">Plus de 100 l d&rsquo;espace de rangement pour les bagages<\/span><\/li>\n<li style=\"font-weight: 400;\" aria-level=\"1\"><span style=\"font-weight: 400;\">Si\u00e8ge inclinable pratique \u00e0 r\u00e9gler d&rsquo;une seule main<\/span><\/li>\n<li style=\"font-weight: 400;\" aria-level=\"1\"><span style=\"font-weight: 400;\">Syst\u00e8me Thule VersaWing permettant de passer rapidement et facilement d&rsquo;une activit\u00e9 \u00e0 l&rsquo;autre<\/span><\/li>\n<li style=\"font-weight: 400;\" aria-level=\"1\"><span style=\"font-weight: 400;\">Feu arri\u00e8re inclus pour une visibilit\u00e9 et une s\u00e9curit\u00e9 accrues<\/span><\/li>\n<li style=\"font-weight: 400;\" aria-level=\"1\"><span style=\"font-weight: 400;\">Des fentes d&rsquo;a\u00e9ration facilement r\u00e9glables assurent un flux d&rsquo;air et une climatisation optimaux, des pinces amovibles assurent une meilleure ventilation en cas d&rsquo;utilisation d&rsquo;une capote de pluie<\/span><\/li>\n<li style=\"font-weight: 400;\" aria-level=\"1\"><span style=\"font-weight: 400;\">Thule Click n&rsquo; Store &#8211; emportez facilement votre kit de promenade, de jogging ou de v\u00e9lo \u00e0 bord lorsque vous souhaitez passer d&rsquo;une activit\u00e9 \u00e0 l&rsquo;autre.<\/span><\/li>\n<li style=\"font-weight: 400;\" aria-level=\"1\"><span style=\"font-weight: 400;\">Barre de pouss\u00e9e r\u00e9glable &#8211; la barre de pouss\u00e9e ergonomique et r\u00e9glable offre aux parents un confort maximal<\/span><\/li>\n<\/ul>\n<p><b>Contenu de la livraison <\/b><span style=\"font-weight: 400;\">: Housse de pluie et pare-soleil<\/span><\/p>\n","protected":false},"excerpt":{"rendered":"<p>Remorques robustes et spacieuses pour les trajets quotidiens d&rsquo;une famille active. Transposable dans diff\u00e9rentes activit\u00e9s : v\u00e9lo, jogging, promenade et ski de fond. Plus de 100 l d&rsquo;espace de rangement pour les bagages Si\u00e8ge inclinable pratique \u00e0 r\u00e9gler d&rsquo;une seule main Syst\u00e8me Thule VersaWing permettant de passer rapidement et facilement d&rsquo;une activit\u00e9 \u00e0 l&rsquo;autre Feu [&hellip;]<\/p>\n","protected":false},"featured_media":36372,"comment_status":"open","ping_status":"closed","template":"","meta":{"_acf_changed":false},"product_brand":[],"product_cat":[10084,10085],"product_tag":[],"class_list":{"0":"post-31886","1":"product","2":"type-product","3":"status-publish","4":"has-post-thumbnail","6":"product_cat-accessoires","7":"product_cat-remorque","8":"pa_accessory-type-trailer","9":"pa_brand-thule","10":"pa_hex-color-316f87-produkt-anhaenger-chariot-cross-2-blue-fr","11":"pa_hex-color-89c6c2-produkt-anhaenger-chariot-cross-2-alaska-fr","12":"pa_sizes-uni-size-fr","14":"first","15":"instock","16":"shipping-taxable","17":"purchasable","18":"product-type-variable"},"acf":[],"yoast_head":"<!-- This site is optimized with the Yoast SEO plugin v24.5 - https:\/\/yoast.com\/wordpress\/plugins\/seo\/ -->\n<title>Remorque Thule Chariot CROSS 2<\/title>\n<meta name=\"robots\" content=\"noindex, follow, max-snippet:-1, max-image-preview:large, max-video-preview:-1\" \/>\n<meta property=\"og:locale\" content=\"fr_FR\" \/>\n<meta property=\"og:type\" content=\"article\" \/>\n<meta property=\"og:title\" content=\"Remorque Thule Chariot CROSS 2\" \/>\n<meta property=\"og:description\" content=\"Remorques robustes et spacieuses pour les trajets quotidiens d&rsquo;une famille active. Transposable dans diff\u00e9rentes activit\u00e9s : v\u00e9lo, jogging, promenade et ski de fond. Plus de 100 l d&rsquo;espace de rangement pour les bagages Si\u00e8ge inclinable pratique \u00e0 r\u00e9gler d&rsquo;une seule main Syst\u00e8me Thule VersaWing permettant de passer rapidement et facilement d&rsquo;une activit\u00e9 \u00e0 l&rsquo;autre Feu [&hellip;]\" \/>\n<meta property=\"og:url\" content=\"https:\/\/listings.mybikeplan.ch\/fr\/produit\/anhaenger-chariot-cross-2-blue\/\" \/>\n<meta property=\"og:site_name\" content=\"MyBikePlan\" \/>\n<meta property=\"article:modified_time\" content=\"2023-07-18T11:47:00+00:00\" \/>\n<meta property=\"og:image\" content=\"https:\/\/listings.mybikeplan.ch\/wp-content\/uploads\/2023\/04\/Anhanger-Thule-Chariot-CROSS-2-Dunkelblau.jpg\" \/>\n\t<meta property=\"og:image:width\" content=\"1000\" \/>\n\t<meta property=\"og:image:height\" content=\"1000\" \/>\n\t<meta property=\"og:image:type\" content=\"image\/jpeg\" \/>\n<meta name=\"twitter:card\" content=\"summary_large_image\" \/>\n<meta name=\"twitter:label1\" content=\"Dur\u00e9e de lecture estim\u00e9e\" \/>\n\t<meta name=\"twitter:data1\" content=\"1 minute\" \/>\n<script type=\"application\/ld+json\" class=\"yoast-schema-graph\">{\"@context\":\"https:\/\/schema.org\",\"@graph\":[{\"@type\":\"WebPage\",\"@id\":\"https:\/\/listings.mybikeplan.ch\/fr\/produit\/anhaenger-chariot-cross-2-blue\/\",\"url\":\"https:\/\/listings.mybikeplan.ch\/fr\/produit\/anhaenger-chariot-cross-2-blue\/\",\"name\":\"Remorque Thule Chariot CROSS 2\",\"isPartOf\":{\"@id\":\"https:\/\/listings.mybikeplan.ch\/fr\/#website\"},\"primaryImageOfPage\":{\"@id\":\"https:\/\/listings.mybikeplan.ch\/fr\/produit\/anhaenger-chariot-cross-2-blue\/#primaryimage\"},\"image\":{\"@id\":\"https:\/\/listings.mybikeplan.ch\/fr\/produit\/anhaenger-chariot-cross-2-blue\/#primaryimage\"},\"thumbnailUrl\":\"https:\/\/listings.mybikeplan.ch\/wp-content\/uploads\/2023\/04\/Anhanger-Thule-Chariot-CROSS-2-Dunkelblau.jpg\",\"datePublished\":\"2023-04-13T08:47:31+00:00\",\"dateModified\":\"2023-07-18T11:47:00+00:00\",\"breadcrumb\":{\"@id\":\"https:\/\/listings.mybikeplan.ch\/fr\/produit\/anhaenger-chariot-cross-2-blue\/#breadcrumb\"},\"inLanguage\":\"fr-FR\",\"potentialAction\":[{\"@type\":\"ReadAction\",\"target\":[\"https:\/\/listings.mybikeplan.ch\/fr\/produit\/anhaenger-chariot-cross-2-blue\/\"]}]},{\"@type\":\"ImageObject\",\"inLanguage\":\"fr-FR\",\"@id\":\"https:\/\/listings.mybikeplan.ch\/fr\/produit\/anhaenger-chariot-cross-2-blue\/#primaryimage\",\"url\":\"https:\/\/listings.mybikeplan.ch\/wp-content\/uploads\/2023\/04\/Anhanger-Thule-Chariot-CROSS-2-Dunkelblau.jpg\",\"contentUrl\":\"https:\/\/listings.mybikeplan.ch\/wp-content\/uploads\/2023\/04\/Anhanger-Thule-Chariot-CROSS-2-Dunkelblau.jpg\",\"width\":1000,\"height\":1000,\"caption\":\"Anh\u00e4nger Thule Chariot CROSS 2 Dunkelblau\"},{\"@type\":\"BreadcrumbList\",\"@id\":\"https:\/\/listings.mybikeplan.ch\/fr\/produit\/anhaenger-chariot-cross-2-blue\/#breadcrumb\",\"itemListElement\":[{\"@type\":\"ListItem\",\"position\":1,\"name\":\"Home\",\"item\":\"https:\/\/listings.mybikeplan.ch\/fr\/home\/\"},{\"@type\":\"ListItem\",\"position\":2,\"name\":\"Remorque Thule Chariot CROSS 2 Bleu Fonc\u00e9\"}]},{\"@type\":\"WebSite\",\"@id\":\"https:\/\/listings.mybikeplan.ch\/fr\/#website\",\"url\":\"https:\/\/listings.mybikeplan.ch\/fr\/\",\"name\":\"MyBikePlan\",\"description\":\"\",\"potentialAction\":[{\"@type\":\"SearchAction\",\"target\":{\"@type\":\"EntryPoint\",\"urlTemplate\":\"https:\/\/listings.mybikeplan.ch\/fr\/?s={search_term_string}\"},\"query-input\":{\"@type\":\"PropertyValueSpecification\",\"valueRequired\":true,\"valueName\":\"search_term_string\"}}],\"inLanguage\":\"fr-FR\"}]}<\/script>\n<!-- \/ Yoast SEO plugin. -->","yoast_head_json":{"title":"Remorque Thule Chariot CROSS 2","robots":{"index":"noindex","follow":"follow","max-snippet":"max-snippet:-1","max-image-preview":"max-image-preview:large","max-video-preview":"max-video-preview:-1"},"og_locale":"fr_FR","og_type":"article","og_title":"Remorque Thule Chariot CROSS 2","og_description":"Remorques robustes et spacieuses pour les trajets quotidiens d&rsquo;une famille active. Transposable dans diff\u00e9rentes activit\u00e9s : v\u00e9lo, jogging, promenade et ski de fond. Plus de 100 l d&rsquo;espace de rangement pour les bagages Si\u00e8ge inclinable pratique \u00e0 r\u00e9gler d&rsquo;une seule main Syst\u00e8me Thule VersaWing permettant de passer rapidement et facilement d&rsquo;une activit\u00e9 \u00e0 l&rsquo;autre Feu [&hellip;]","og_url":"https:\/\/listings.mybikeplan.ch\/fr\/produit\/anhaenger-chariot-cross-2-blue\/","og_site_name":"MyBikePlan","article_modified_time":"2023-07-18T11:47:00+00:00","og_image":[{"width":1000,"height":1000,"url":"https:\/\/listings.mybikeplan.ch\/wp-content\/uploads\/2023\/04\/Anhanger-Thule-Chariot-CROSS-2-Dunkelblau.jpg","type":"image\/jpeg"}],"twitter_card":"summary_large_image","twitter_misc":{"Dur\u00e9e de lecture estim\u00e9e":"1 minute"},"schema":{"@context":"https:\/\/schema.org","@graph":[{"@type":"WebPage","@id":"https:\/\/listings.mybikeplan.ch\/fr\/produit\/anhaenger-chariot-cross-2-blue\/","url":"https:\/\/listings.mybikeplan.ch\/fr\/produit\/anhaenger-chariot-cross-2-blue\/","name":"Remorque Thule Chariot CROSS 2","isPartOf":{"@id":"https:\/\/listings.mybikeplan.ch\/fr\/#website"},"primaryImageOfPage":{"@id":"https:\/\/listings.mybikeplan.ch\/fr\/produit\/anhaenger-chariot-cross-2-blue\/#primaryimage"},"image":{"@id":"https:\/\/listings.mybikeplan.ch\/fr\/produit\/anhaenger-chariot-cross-2-blue\/#primaryimage"},"thumbnailUrl":"https:\/\/listings.mybikeplan.ch\/wp-content\/uploads\/2023\/04\/Anhanger-Thule-Chariot-CROSS-2-Dunkelblau.jpg","datePublished":"2023-04-13T08:47:31+00:00","dateModified":"2023-07-18T11:47:00+00:00","breadcrumb":{"@id":"https:\/\/listings.mybikeplan.ch\/fr\/produit\/anhaenger-chariot-cross-2-blue\/#breadcrumb"},"inLanguage":"fr-FR","potentialAction":[{"@type":"ReadAction","target":["https:\/\/listings.mybikeplan.ch\/fr\/produit\/anhaenger-chariot-cross-2-blue\/"]}]},{"@type":"ImageObject","inLanguage":"fr-FR","@id":"https:\/\/listings.mybikeplan.ch\/fr\/produit\/anhaenger-chariot-cross-2-blue\/#primaryimage","url":"https:\/\/listings.mybikeplan.ch\/wp-content\/uploads\/2023\/04\/Anhanger-Thule-Chariot-CROSS-2-Dunkelblau.jpg","contentUrl":"https:\/\/listings.mybikeplan.ch\/wp-content\/uploads\/2023\/04\/Anhanger-Thule-Chariot-CROSS-2-Dunkelblau.jpg","width":1000,"height":1000,"caption":"Anh\u00e4nger Thule Chariot CROSS 2 Dunkelblau"},{"@type":"BreadcrumbList","@id":"https:\/\/listings.mybikeplan.ch\/fr\/produit\/anhaenger-chariot-cross-2-blue\/#breadcrumb","itemListElement":[{"@type":"ListItem","position":1,"name":"Home","item":"https:\/\/listings.mybikeplan.ch\/fr\/home\/"},{"@type":"ListItem","position":2,"name":"Remorque Thule Chariot CROSS 2 Bleu Fonc\u00e9"}]},{"@type":"WebSite","@id":"https:\/\/listings.mybikeplan.ch\/fr\/#website","url":"https:\/\/listings.mybikeplan.ch\/fr\/","name":"MyBikePlan","description":"","potentialAction":[{"@type":"SearchAction","target":{"@type":"EntryPoint","urlTemplate":"https:\/\/listings.mybikeplan.ch\/fr\/?s={search_term_string}"},"query-input":{"@type":"PropertyValueSpecification","valueRequired":true,"valueName":"search_term_string"}}],"inLanguage":"fr-FR"}]}},"_links":{"self":[{"href":"https:\/\/listings.mybikeplan.ch\/fr\/wp-json\/wp\/v2\/product\/31886","targetHints":{"allow":["GET"]}}],"collection":[{"href":"https:\/\/listings.mybikeplan.ch\/fr\/wp-json\/wp\/v2\/product"}],"about":[{"href":"https:\/\/listings.mybikeplan.ch\/fr\/wp-json\/wp\/v2\/types\/product"}],"replies":[{"embeddable":true,"href":"https:\/\/listings.mybikeplan.ch\/fr\/wp-json\/wp\/v2\/comments?post=31886"}],"wp:featuredmedia":[{"embeddable":true,"href":"https:\/\/listings.mybikeplan.ch\/fr\/wp-json\/wp\/v2\/media\/36372"}],"wp:attachment":[{"href":"https:\/\/listings.mybikeplan.ch\/fr\/wp-json\/wp\/v2\/media?parent=31886"}],"wp:term":[{"taxonomy":"product_brand","embeddable":true,"href":"https:\/\/listings.mybikeplan.ch\/fr\/wp-json\/wp\/v2\/product_brand?post=31886"},{"taxonomy":"product_cat","embeddable":true,"href":"https:\/\/listings.mybikeplan.ch\/fr\/wp-json\/wp\/v2\/product_cat?post=31886"},{"taxonomy":"product_tag","embeddable":true,"href":"https:\/\/listings.mybikeplan.ch\/fr\/wp-json\/wp\/v2\/product_tag?post=31886"}],"curies":[{"name":"wp","href":"https:\/\/api.w.org\/{rel}","templated":true}]}}