{"id":23702,"date":"2022-12-01T12:15:28","date_gmt":"2022-12-01T12:15:29","guid":{"rendered":"https:\/\/listings.mybikeplan.ch\/?post_type=product&#038;p=23702"},"modified":"2023-09-07T08:07:34","modified_gmt":"2023-09-07T08:07:34","slug":"stromer-st1-deep-petrol-comfort-618wh","status":"publish","type":"product","link":"https:\/\/listings.mybikeplan.ch\/fr\/produit\/stromer-st1-deep-petrol-comfort-618wh\/","title":{"rendered":"Stromer ST1 Deep Petrol 618 Wh"},"content":{"rendered":"<h5><b>Les faits importants en un coup d&rsquo;\u0153il:\u00a0<\/b><\/h5>\n<ul>\n<li style=\"font-weight: 400;\" aria-level=\"1\"><span style=\"font-weight: 400;\">Un S-Pedelec d\u2019une vitesse maximale de 45 km\/h, qui t\u2019emm\u00e8ne sans effort \u00e0 travers le trafic.\u00a0<\/span><\/li>\n<li style=\"font-weight: 400;\" aria-level=\"1\"><span style=\"font-weight: 400;\">Des batteries performantes de 618Wh<\/span><\/li>\n<li style=\"font-weight: 400;\" aria-level=\"1\"><span style=\"font-weight: 400;\">Position assise confortable et personnalisable<\/span><\/li>\n<\/ul>\n<h5><b>Ce v\u00e9lo \u00e9lectrique est parfait pour toi si tu:<\/b><\/h5>\n<ul>\n<li style=\"font-weight: 400;\" aria-level=\"1\"><span style=\"font-weight: 400;\">recherches une qualit\u00e9 \u00e9lev\u00e9e de A \u00e0 Z\u00a0<\/span><\/li>\n<li style=\"font-weight: 400;\" aria-level=\"1\"><span style=\"font-weight: 400;\">appr\u00e9cies les produits fabriqu\u00e9s en Suisse<\/span><\/li>\n<li style=\"font-weight: 400;\" aria-level=\"1\"><span style=\"font-weight: 400;\">recherches un v\u00e9lo avec de la v\u00e9locit\u00e9<\/span><\/li>\n<\/ul>\n<h5><b>Recommandation de tailles:<\/b><\/h5>\n<ul>\n<li><span style=\"font-weight: 400;\">M: &lt;178 cm<\/span><\/li>\n<li><span style=\"font-weight: 400;\">L:\u00a0 &gt;175 cm<\/span><\/li>\n<\/ul>\n","protected":false},"excerpt":{"rendered":"<h2><b>Stromer ST1<\/b><\/h2>\n<p><span style=\"font-weight: 400;\">Le Stromer ST1 est l\u2019un des meilleurs S-Pedelecs fabriqu\u00e9s en Suisse et connus sur le march\u00e9. Avec son look \u00e0 la mode et sa vitesse pouvant atteindre 45 km\/h, tu peux te rendre d\u2019un point A \u00e0 un point B en un clin d\u2019\u0153il. Gr\u00e2ce \u00e0 la batterie puissante et \u00e0 la position assise personnalis\u00e9e, ta promenade ne peut \u00eatre que plus amusante. Pour assurer encore plus de confort, tu peux m\u00eame connecter ton t\u00e9l\u00e9phone \u00e0 ton \u00e9cran en bluetooth.<\/span><\/p>\n<p><span style=\"font-weight: 400;\">Ce City E-Bike est d\u00e9finitivement un v\u00e9lo attrayant alliant charme, performance et confort. Il convient pour les trajets quotidiens entre le domicile et le travail ou pour les d\u00e9placements en ville.<\/span><\/p>\n<h2><b>\u00c0 propos de Stromer<\/b><\/h2>\n<p><span style=\"font-weight: 400;\">La naissance des v\u00e9los <a href=\"https:\/\/www.mybikeplan.ch\/fr\/marques\/stromer-ebikes\">Stromer<\/a> s\u2019est faite gr\u00e2ce \u00e0 Thomas Binggeli, un suisse, inspir\u00e9 par les nouvelles technologies en 2009.\u00a0 En 2010, la nouvelle soci\u00e9t\u00e9 myStromer AG a \u00e9t\u00e9 fond\u00e9e et la marque Stromer a pu s\u2019\u00e9tablir avec succ\u00e8s sur le march\u00e9 suisse avec l\u2019id\u00e9e de vitesse et d\u2019efficacit\u00e9.\u00a0 Avec sa propulsion arri\u00e8re, sa puissance exceptionnellement \u00e9lev\u00e9e, son design sportif et sa batterie int\u00e9gr\u00e9e, le S-pedelecs s\u2019est fait conna\u00eetre dans l\u2019e-mobilit\u00e9 moderne et fait de Stormer, une marque r\u00e9put\u00e9e pour les v\u00e9los \u00e9lectriques 45km\/h.<\/span><\/p>\n","protected":false},"featured_media":32039,"comment_status":"open","ping_status":"closed","template":"","meta":{"_acf_changed":false},"product_brand":[],"product_cat":[10083,10165,10163,10184,10186,10465,10080,12609,10190,10096,10188],"product_tag":[],"class_list":{"0":"post-23702","1":"product","2":"type-product","3":"status-publish","4":"has-post-thumbnail","6":"product_cat-45-km","7":"product_cat-bleu","8":"product_cat-e-urban","9":"product_cat-femmes","10":"product_cat-hommes","11":"product_cat-marque-stromer","12":"product_cat-mybikeplan","13":"product_cat-soh_250","14":"product_cat-swiss-made","15":"product_cat-alle-e-bikes","16":"product_cat-wave","17":"pa_battery-bq618-fr","18":"pa_battery-size-618-wh","19":"pa_brand-stromer","20":"pa_display-omni-c-fr","21":"pa_fork-aluminum-fr","22":"pa_frame-variant-trapeze","23":"pa_handlebar-rise-handlebar-rise-20-mm-back-sweep-20","24":"pa_headlight-roxim-z4-elite-600-lux","25":"pa_hex-color-004e6a-fr","26":"pa_hex-color-808080-produkt-stromer-st1-dark-comfort-sport-618wh-fr","27":"pa_hex-color-d3d3d3-produkt-stromer-st1-light-grey-comfort-618wh-fr","28":"pa_max-weight-130-kg","29":"pa_motor-stromer-cyro-drive-ii-35nm-fr","30":"pa_motor-brand-stromer","31":"pa_range-100-km","32":"pa_rider-height-165-170-cm","33":"pa_rider-height-170-175-cm","34":"pa_rider-height-175-180-cm","35":"pa_saddle-ergon-st10-fr","36":"pa_seat-tube-length-m-fr","37":"pa_stem-m-90-mm-17-l-110-mm-17-fr","38":"pa_weight-30-kg-fr","40":"first","41":"onbackorder","42":"shipping-taxable","43":"purchasable","44":"product-type-variable"},"acf":[],"yoast_head":"<!-- This site is optimized with the Yoast SEO plugin v24.5 - https:\/\/yoast.com\/wordpress\/plugins\/seo\/ -->\n<title>Stromer ST1 | A partir de CHF119 par mois | 0% d&#039;int\u00e9r\u00eat | Suisse<\/title>\n<meta name=\"description\" content=\"Commande maintenant le Stromer ST1 \u00e0 partir de CHF 119 par mois ! Profite d&#039;un payement mensuel \u00e0 0% et d&#039;une livraison \u00e0 domicile gratuite.\" \/>\n<meta name=\"robots\" content=\"noindex, follow, max-snippet:-1, max-image-preview:large, max-video-preview:-1\" \/>\n<meta property=\"og:locale\" content=\"fr_FR\" \/>\n<meta property=\"og:type\" content=\"article\" \/>\n<meta property=\"og:title\" content=\"Stromer ST1 | A partir de CHF119 par mois | 0% d&#039;int\u00e9r\u00eat | Suisse\" \/>\n<meta property=\"og:description\" content=\"Commande maintenant le Stromer ST1 \u00e0 partir de CHF 119 par mois ! Profite d&#039;un payement mensuel \u00e0 0% et d&#039;une livraison \u00e0 domicile gratuite.\" \/>\n<meta property=\"og:url\" content=\"https:\/\/listings.mybikeplan.ch\/fr\/produit\/stromer-st1-deep-petrol-comfort-618wh\/\" \/>\n<meta property=\"og:site_name\" content=\"MyBikePlan\" \/>\n<meta property=\"article:modified_time\" content=\"2023-09-07T08:07:34+00:00\" \/>\n<meta property=\"og:image\" content=\"https:\/\/listings.mybikeplan.ch\/wp-content\/uploads\/2022\/12\/Stromer-ST1-Deep-Petrol-Comfort.jpg\" \/>\n\t<meta property=\"og:image:width\" content=\"1000\" \/>\n\t<meta property=\"og:image:height\" content=\"1000\" \/>\n\t<meta property=\"og:image:type\" content=\"image\/jpeg\" \/>\n<meta name=\"twitter:card\" content=\"summary_large_image\" \/>\n<meta name=\"twitter:label1\" content=\"Dur\u00e9e de lecture estim\u00e9e\" \/>\n\t<meta name=\"twitter:data1\" content=\"1 minute\" \/>\n<script type=\"application\/ld+json\" class=\"yoast-schema-graph\">{\"@context\":\"https:\/\/schema.org\",\"@graph\":[{\"@type\":\"WebPage\",\"@id\":\"https:\/\/listings.mybikeplan.ch\/fr\/produit\/stromer-st1-deep-petrol-comfort-618wh\/\",\"url\":\"https:\/\/listings.mybikeplan.ch\/fr\/produit\/stromer-st1-deep-petrol-comfort-618wh\/\",\"name\":\"Stromer ST1 | A partir de CHF119 par mois | 0% d'int\u00e9r\u00eat | Suisse\",\"isPartOf\":{\"@id\":\"https:\/\/listings.mybikeplan.ch\/fr\/#website\"},\"primaryImageOfPage\":{\"@id\":\"https:\/\/listings.mybikeplan.ch\/fr\/produit\/stromer-st1-deep-petrol-comfort-618wh\/#primaryimage\"},\"image\":{\"@id\":\"https:\/\/listings.mybikeplan.ch\/fr\/produit\/stromer-st1-deep-petrol-comfort-618wh\/#primaryimage\"},\"thumbnailUrl\":\"https:\/\/listings.mybikeplan.ch\/wp-content\/uploads\/2022\/12\/Stromer-ST1-Deep-Petrol-Comfort.jpg\",\"datePublished\":\"2022-12-01T12:15:29+00:00\",\"dateModified\":\"2023-09-07T08:07:34+00:00\",\"description\":\"Commande maintenant le Stromer ST1 \u00e0 partir de CHF 119 par mois ! Profite d'un payement mensuel \u00e0 0% et d'une livraison \u00e0 domicile gratuite.\",\"breadcrumb\":{\"@id\":\"https:\/\/listings.mybikeplan.ch\/fr\/produit\/stromer-st1-deep-petrol-comfort-618wh\/#breadcrumb\"},\"inLanguage\":\"fr-FR\",\"potentialAction\":[{\"@type\":\"ReadAction\",\"target\":[\"https:\/\/listings.mybikeplan.ch\/fr\/produit\/stromer-st1-deep-petrol-comfort-618wh\/\"]}]},{\"@type\":\"ImageObject\",\"inLanguage\":\"fr-FR\",\"@id\":\"https:\/\/listings.mybikeplan.ch\/fr\/produit\/stromer-st1-deep-petrol-comfort-618wh\/#primaryimage\",\"url\":\"https:\/\/listings.mybikeplan.ch\/wp-content\/uploads\/2022\/12\/Stromer-ST1-Deep-Petrol-Comfort.jpg\",\"contentUrl\":\"https:\/\/listings.mybikeplan.ch\/wp-content\/uploads\/2022\/12\/Stromer-ST1-Deep-Petrol-Comfort.jpg\",\"width\":1000,\"height\":1000,\"caption\":\"Stromer ST1 Deep Petrol Comfort\"},{\"@type\":\"BreadcrumbList\",\"@id\":\"https:\/\/listings.mybikeplan.ch\/fr\/produit\/stromer-st1-deep-petrol-comfort-618wh\/#breadcrumb\",\"itemListElement\":[{\"@type\":\"ListItem\",\"position\":1,\"name\":\"Home\",\"item\":\"https:\/\/listings.mybikeplan.ch\/fr\/home\/\"},{\"@type\":\"ListItem\",\"position\":2,\"name\":\"Stromer ST1 Deep Petrol 618 Wh\"}]},{\"@type\":\"WebSite\",\"@id\":\"https:\/\/listings.mybikeplan.ch\/fr\/#website\",\"url\":\"https:\/\/listings.mybikeplan.ch\/fr\/\",\"name\":\"MyBikePlan\",\"description\":\"\",\"potentialAction\":[{\"@type\":\"SearchAction\",\"target\":{\"@type\":\"EntryPoint\",\"urlTemplate\":\"https:\/\/listings.mybikeplan.ch\/fr\/?s={search_term_string}\"},\"query-input\":{\"@type\":\"PropertyValueSpecification\",\"valueRequired\":true,\"valueName\":\"search_term_string\"}}],\"inLanguage\":\"fr-FR\"}]}<\/script>\n<!-- \/ Yoast SEO plugin. -->","yoast_head_json":{"title":"Stromer ST1 | A partir de CHF119 par mois | 0% d'int\u00e9r\u00eat | Suisse","description":"Commande maintenant le Stromer ST1 \u00e0 partir de CHF 119 par mois ! Profite d'un payement mensuel \u00e0 0% et d'une livraison \u00e0 domicile gratuite.","robots":{"index":"noindex","follow":"follow","max-snippet":"max-snippet:-1","max-image-preview":"max-image-preview:large","max-video-preview":"max-video-preview:-1"},"og_locale":"fr_FR","og_type":"article","og_title":"Stromer ST1 | A partir de CHF119 par mois | 0% d'int\u00e9r\u00eat | Suisse","og_description":"Commande maintenant le Stromer ST1 \u00e0 partir de CHF 119 par mois ! Profite d'un payement mensuel \u00e0 0% et d'une livraison \u00e0 domicile gratuite.","og_url":"https:\/\/listings.mybikeplan.ch\/fr\/produit\/stromer-st1-deep-petrol-comfort-618wh\/","og_site_name":"MyBikePlan","article_modified_time":"2023-09-07T08:07:34+00:00","og_image":[{"width":1000,"height":1000,"url":"https:\/\/listings.mybikeplan.ch\/wp-content\/uploads\/2022\/12\/Stromer-ST1-Deep-Petrol-Comfort.jpg","type":"image\/jpeg"}],"twitter_card":"summary_large_image","twitter_misc":{"Dur\u00e9e de lecture estim\u00e9e":"1 minute"},"schema":{"@context":"https:\/\/schema.org","@graph":[{"@type":"WebPage","@id":"https:\/\/listings.mybikeplan.ch\/fr\/produit\/stromer-st1-deep-petrol-comfort-618wh\/","url":"https:\/\/listings.mybikeplan.ch\/fr\/produit\/stromer-st1-deep-petrol-comfort-618wh\/","name":"Stromer ST1 | A partir de CHF119 par mois | 0% d'int\u00e9r\u00eat | Suisse","isPartOf":{"@id":"https:\/\/listings.mybikeplan.ch\/fr\/#website"},"primaryImageOfPage":{"@id":"https:\/\/listings.mybikeplan.ch\/fr\/produit\/stromer-st1-deep-petrol-comfort-618wh\/#primaryimage"},"image":{"@id":"https:\/\/listings.mybikeplan.ch\/fr\/produit\/stromer-st1-deep-petrol-comfort-618wh\/#primaryimage"},"thumbnailUrl":"https:\/\/listings.mybikeplan.ch\/wp-content\/uploads\/2022\/12\/Stromer-ST1-Deep-Petrol-Comfort.jpg","datePublished":"2022-12-01T12:15:29+00:00","dateModified":"2023-09-07T08:07:34+00:00","description":"Commande maintenant le Stromer ST1 \u00e0 partir de CHF 119 par mois ! Profite d'un payement mensuel \u00e0 0% et d'une livraison \u00e0 domicile gratuite.","breadcrumb":{"@id":"https:\/\/listings.mybikeplan.ch\/fr\/produit\/stromer-st1-deep-petrol-comfort-618wh\/#breadcrumb"},"inLanguage":"fr-FR","potentialAction":[{"@type":"ReadAction","target":["https:\/\/listings.mybikeplan.ch\/fr\/produit\/stromer-st1-deep-petrol-comfort-618wh\/"]}]},{"@type":"ImageObject","inLanguage":"fr-FR","@id":"https:\/\/listings.mybikeplan.ch\/fr\/produit\/stromer-st1-deep-petrol-comfort-618wh\/#primaryimage","url":"https:\/\/listings.mybikeplan.ch\/wp-content\/uploads\/2022\/12\/Stromer-ST1-Deep-Petrol-Comfort.jpg","contentUrl":"https:\/\/listings.mybikeplan.ch\/wp-content\/uploads\/2022\/12\/Stromer-ST1-Deep-Petrol-Comfort.jpg","width":1000,"height":1000,"caption":"Stromer ST1 Deep Petrol Comfort"},{"@type":"BreadcrumbList","@id":"https:\/\/listings.mybikeplan.ch\/fr\/produit\/stromer-st1-deep-petrol-comfort-618wh\/#breadcrumb","itemListElement":[{"@type":"ListItem","position":1,"name":"Home","item":"https:\/\/listings.mybikeplan.ch\/fr\/home\/"},{"@type":"ListItem","position":2,"name":"Stromer ST1 Deep Petrol 618 Wh"}]},{"@type":"WebSite","@id":"https:\/\/listings.mybikeplan.ch\/fr\/#website","url":"https:\/\/listings.mybikeplan.ch\/fr\/","name":"MyBikePlan","description":"","potentialAction":[{"@type":"SearchAction","target":{"@type":"EntryPoint","urlTemplate":"https:\/\/listings.mybikeplan.ch\/fr\/?s={search_term_string}"},"query-input":{"@type":"PropertyValueSpecification","valueRequired":true,"valueName":"search_term_string"}}],"inLanguage":"fr-FR"}]}},"_links":{"self":[{"href":"https:\/\/listings.mybikeplan.ch\/fr\/wp-json\/wp\/v2\/product\/23702","targetHints":{"allow":["GET"]}}],"collection":[{"href":"https:\/\/listings.mybikeplan.ch\/fr\/wp-json\/wp\/v2\/product"}],"about":[{"href":"https:\/\/listings.mybikeplan.ch\/fr\/wp-json\/wp\/v2\/types\/product"}],"replies":[{"embeddable":true,"href":"https:\/\/listings.mybikeplan.ch\/fr\/wp-json\/wp\/v2\/comments?post=23702"}],"wp:featuredmedia":[{"embeddable":true,"href":"https:\/\/listings.mybikeplan.ch\/fr\/wp-json\/wp\/v2\/media\/32039"}],"wp:attachment":[{"href":"https:\/\/listings.mybikeplan.ch\/fr\/wp-json\/wp\/v2\/media?parent=23702"}],"wp:term":[{"taxonomy":"product_brand","embeddable":true,"href":"https:\/\/listings.mybikeplan.ch\/fr\/wp-json\/wp\/v2\/product_brand?post=23702"},{"taxonomy":"product_cat","embeddable":true,"href":"https:\/\/listings.mybikeplan.ch\/fr\/wp-json\/wp\/v2\/product_cat?post=23702"},{"taxonomy":"product_tag","embeddable":true,"href":"https:\/\/listings.mybikeplan.ch\/fr\/wp-json\/wp\/v2\/product_tag?post=23702"}],"curies":[{"name":"wp","href":"https:\/\/api.w.org\/{rel}","templated":true}]}}