{"id":15882,"date":"2022-02-17T13:14:21","date_gmt":"2022-02-17T13:14:22","guid":{"rendered":"https:\/\/listings.mybikeplan.ch\/?post_type=product&#038;p=15882"},"modified":"2023-07-18T12:03:59","modified_gmt":"2023-07-18T12:03:59","slug":"anhaenger-croozer-kid-vaaya-gruen-2-kinder","status":"publish","type":"product","link":"https:\/\/listings.mybikeplan.ch\/fr\/produit\/anhaenger-croozer-kid-vaaya-gruen-2-kinder\/","title":{"rendered":"Remorque Croozer Kid VAAYA Vert (2 Enfants)"},"content":{"rendered":"<ul>\n<li style=\"font-weight: 400;\" aria-level=\"1\"><span style=\"font-weight: 400;\">Mat\u00e9riau high-tech 100% recyclable pour une r\u00e9gulation optimale de la temp\u00e9rature &#8211; r\u00e9chauffe en hiver, rafra\u00eechit en \u00e9t\u00e9 !<\/span><\/li>\n<li style=\"font-weight: 400;\" aria-level=\"1\"><span style=\"font-weight: 400;\">Suspension Croozer AirPad\u00ae : fonctionne ind\u00e9pendamment du poids et ne n\u00e9cessite aucun r\u00e9glage ni entretien.<\/span><\/li>\n<li style=\"font-weight: 400;\" aria-level=\"1\"><span style=\"font-weight: 400;\">Lumi\u00e8re \u00e0 capteur : Int\u00e9gr\u00e9e dans la barre de pouss\u00e9e, elle s&rsquo;allume automatiquement en cas de mouvement &amp; de cr\u00e9puscule. Et la batterie est m\u00eame rechargeable !<\/span><\/li>\n<li style=\"font-weight: 400;\" aria-level=\"1\"><span style=\"font-weight: 400;\">2en1 : le kit remorque v\u00e9lo &amp; poussette est inclus dans le paquet, le kit jogger correspondant est disponible en accessoire.<\/span><\/li>\n<li style=\"font-weight: 400;\" aria-level=\"1\"><span style=\"font-weight: 400;\">Largeur totale tr\u00e8s \u00e9troite, mais un volume de coffre \u00e9norme et un si\u00e8ge spacieux.<\/span><\/li>\n<li style=\"font-weight: 400;\" aria-level=\"1\"><span style=\"font-weight: 400;\">Choix de la couleur : Choisis entre Graphite blue &amp; Jungle green !<\/span><\/li>\n<\/ul>\n","protected":false},"excerpt":{"rendered":"<p>Mat\u00e9riau high-tech 100% recyclable pour une r\u00e9gulation optimale de la temp\u00e9rature &#8211; r\u00e9chauffe en hiver, rafra\u00eechit en \u00e9t\u00e9 ! Suspension Croozer AirPad\u00ae : fonctionne ind\u00e9pendamment du poids et ne n\u00e9cessite aucun r\u00e9glage ni entretien. Lumi\u00e8re \u00e0 capteur : Int\u00e9gr\u00e9e dans la barre de pouss\u00e9e, elle s&rsquo;allume automatiquement en cas de mouvement &amp; de cr\u00e9puscule. Et [&hellip;]<\/p>\n","protected":false},"featured_media":30479,"comment_status":"open","ping_status":"closed","template":"","meta":{"_acf_changed":false},"product_brand":[],"product_cat":[10084,10111,10080,10085],"product_tag":[],"class_list":{"0":"post-15882","1":"product","2":"type-product","3":"status-publish","4":"has-post-thumbnail","6":"product_cat-accessoires","7":"product_cat-marque-croozer","8":"product_cat-mybikeplan","9":"product_cat-remorque","10":"pa_accessory-type-trailer","11":"pa_brand-croozer","12":"pa_hex-color-4e717e-produkt-anhaenger-croozer-kid-vaaya-blau-2-fr","13":"pa_hex-color-6ba878-produkt-anhaenger-croozer-kid-vaaya-gruen-2-kinder-fr","14":"pa_hex-color-c76663-produkt-anhaenger-croozer-kid-vaaya-red-2-kinder-fr","15":"pa_sizes-uni-size-fr","17":"first","18":"instock","19":"shipping-taxable","20":"purchasable","21":"product-type-variable"},"acf":[],"yoast_head":"<!-- This site is optimized with the Yoast SEO plugin v24.5 - https:\/\/yoast.com\/wordpress\/plugins\/seo\/ -->\n<title>Croozer Kid VAAYA<\/title>\n<meta name=\"robots\" content=\"noindex, follow, max-snippet:-1, max-image-preview:large, max-video-preview:-1\" \/>\n<meta property=\"og:locale\" content=\"fr_FR\" \/>\n<meta property=\"og:type\" content=\"article\" \/>\n<meta property=\"og:title\" content=\"Croozer Kid VAAYA\" \/>\n<meta property=\"og:description\" content=\"Mat\u00e9riau high-tech 100% recyclable pour une r\u00e9gulation optimale de la temp\u00e9rature &#8211; r\u00e9chauffe en hiver, rafra\u00eechit en \u00e9t\u00e9 ! Suspension Croozer AirPad\u00ae : fonctionne ind\u00e9pendamment du poids et ne n\u00e9cessite aucun r\u00e9glage ni entretien. Lumi\u00e8re \u00e0 capteur : Int\u00e9gr\u00e9e dans la barre de pouss\u00e9e, elle s&rsquo;allume automatiquement en cas de mouvement &amp; de cr\u00e9puscule. Et [&hellip;]\" \/>\n<meta property=\"og:url\" content=\"https:\/\/listings.mybikeplan.ch\/fr\/produit\/anhaenger-croozer-kid-vaaya-gruen-2-kinder\/\" \/>\n<meta property=\"og:site_name\" content=\"MyBikePlan\" \/>\n<meta property=\"article:modified_time\" content=\"2023-07-18T12:03:59+00:00\" \/>\n<meta property=\"og:image\" content=\"https:\/\/listings.mybikeplan.ch\/wp-content\/uploads\/2022\/02\/Anhanger-Croozer-Kid-VAAYA.jpg\" \/>\n\t<meta property=\"og:image:width\" content=\"1000\" \/>\n\t<meta property=\"og:image:height\" content=\"1000\" \/>\n\t<meta property=\"og:image:type\" content=\"image\/jpeg\" \/>\n<meta name=\"twitter:card\" content=\"summary_large_image\" \/>\n<meta name=\"twitter:label1\" content=\"Dur\u00e9e de lecture estim\u00e9e\" \/>\n\t<meta name=\"twitter:data1\" content=\"1 minute\" \/>\n<script type=\"application\/ld+json\" class=\"yoast-schema-graph\">{\"@context\":\"https:\/\/schema.org\",\"@graph\":[{\"@type\":\"WebPage\",\"@id\":\"https:\/\/listings.mybikeplan.ch\/fr\/produit\/anhaenger-croozer-kid-vaaya-gruen-2-kinder\/\",\"url\":\"https:\/\/listings.mybikeplan.ch\/fr\/produit\/anhaenger-croozer-kid-vaaya-gruen-2-kinder\/\",\"name\":\"Croozer Kid VAAYA\",\"isPartOf\":{\"@id\":\"https:\/\/listings.mybikeplan.ch\/fr\/#website\"},\"primaryImageOfPage\":{\"@id\":\"https:\/\/listings.mybikeplan.ch\/fr\/produit\/anhaenger-croozer-kid-vaaya-gruen-2-kinder\/#primaryimage\"},\"image\":{\"@id\":\"https:\/\/listings.mybikeplan.ch\/fr\/produit\/anhaenger-croozer-kid-vaaya-gruen-2-kinder\/#primaryimage\"},\"thumbnailUrl\":\"https:\/\/listings.mybikeplan.ch\/wp-content\/uploads\/2022\/02\/Anhanger-Croozer-Kid-VAAYA.jpg\",\"datePublished\":\"2022-02-17T13:14:22+00:00\",\"dateModified\":\"2023-07-18T12:03:59+00:00\",\"breadcrumb\":{\"@id\":\"https:\/\/listings.mybikeplan.ch\/fr\/produit\/anhaenger-croozer-kid-vaaya-gruen-2-kinder\/#breadcrumb\"},\"inLanguage\":\"fr-FR\",\"potentialAction\":[{\"@type\":\"ReadAction\",\"target\":[\"https:\/\/listings.mybikeplan.ch\/fr\/produit\/anhaenger-croozer-kid-vaaya-gruen-2-kinder\/\"]}]},{\"@type\":\"ImageObject\",\"inLanguage\":\"fr-FR\",\"@id\":\"https:\/\/listings.mybikeplan.ch\/fr\/produit\/anhaenger-croozer-kid-vaaya-gruen-2-kinder\/#primaryimage\",\"url\":\"https:\/\/listings.mybikeplan.ch\/wp-content\/uploads\/2022\/02\/Anhanger-Croozer-Kid-VAAYA.jpg\",\"contentUrl\":\"https:\/\/listings.mybikeplan.ch\/wp-content\/uploads\/2022\/02\/Anhanger-Croozer-Kid-VAAYA.jpg\",\"width\":1000,\"height\":1000,\"caption\":\"Anh\u00e4nger Croozer Kid VAAYA\"},{\"@type\":\"BreadcrumbList\",\"@id\":\"https:\/\/listings.mybikeplan.ch\/fr\/produit\/anhaenger-croozer-kid-vaaya-gruen-2-kinder\/#breadcrumb\",\"itemListElement\":[{\"@type\":\"ListItem\",\"position\":1,\"name\":\"Home\",\"item\":\"https:\/\/listings.mybikeplan.ch\/fr\/home\/\"},{\"@type\":\"ListItem\",\"position\":2,\"name\":\"Remorque Croozer Kid VAAYA Vert (2 Enfants)\"}]},{\"@type\":\"WebSite\",\"@id\":\"https:\/\/listings.mybikeplan.ch\/fr\/#website\",\"url\":\"https:\/\/listings.mybikeplan.ch\/fr\/\",\"name\":\"MyBikePlan\",\"description\":\"\",\"potentialAction\":[{\"@type\":\"SearchAction\",\"target\":{\"@type\":\"EntryPoint\",\"urlTemplate\":\"https:\/\/listings.mybikeplan.ch\/fr\/?s={search_term_string}\"},\"query-input\":{\"@type\":\"PropertyValueSpecification\",\"valueRequired\":true,\"valueName\":\"search_term_string\"}}],\"inLanguage\":\"fr-FR\"}]}<\/script>\n<!-- \/ Yoast SEO plugin. -->","yoast_head_json":{"title":"Croozer Kid VAAYA","robots":{"index":"noindex","follow":"follow","max-snippet":"max-snippet:-1","max-image-preview":"max-image-preview:large","max-video-preview":"max-video-preview:-1"},"og_locale":"fr_FR","og_type":"article","og_title":"Croozer Kid VAAYA","og_description":"Mat\u00e9riau high-tech 100% recyclable pour une r\u00e9gulation optimale de la temp\u00e9rature &#8211; r\u00e9chauffe en hiver, rafra\u00eechit en \u00e9t\u00e9 ! Suspension Croozer AirPad\u00ae : fonctionne ind\u00e9pendamment du poids et ne n\u00e9cessite aucun r\u00e9glage ni entretien. Lumi\u00e8re \u00e0 capteur : Int\u00e9gr\u00e9e dans la barre de pouss\u00e9e, elle s&rsquo;allume automatiquement en cas de mouvement &amp; de cr\u00e9puscule. Et [&hellip;]","og_url":"https:\/\/listings.mybikeplan.ch\/fr\/produit\/anhaenger-croozer-kid-vaaya-gruen-2-kinder\/","og_site_name":"MyBikePlan","article_modified_time":"2023-07-18T12:03:59+00:00","og_image":[{"width":1000,"height":1000,"url":"https:\/\/listings.mybikeplan.ch\/wp-content\/uploads\/2022\/02\/Anhanger-Croozer-Kid-VAAYA.jpg","type":"image\/jpeg"}],"twitter_card":"summary_large_image","twitter_misc":{"Dur\u00e9e de lecture estim\u00e9e":"1 minute"},"schema":{"@context":"https:\/\/schema.org","@graph":[{"@type":"WebPage","@id":"https:\/\/listings.mybikeplan.ch\/fr\/produit\/anhaenger-croozer-kid-vaaya-gruen-2-kinder\/","url":"https:\/\/listings.mybikeplan.ch\/fr\/produit\/anhaenger-croozer-kid-vaaya-gruen-2-kinder\/","name":"Croozer Kid VAAYA","isPartOf":{"@id":"https:\/\/listings.mybikeplan.ch\/fr\/#website"},"primaryImageOfPage":{"@id":"https:\/\/listings.mybikeplan.ch\/fr\/produit\/anhaenger-croozer-kid-vaaya-gruen-2-kinder\/#primaryimage"},"image":{"@id":"https:\/\/listings.mybikeplan.ch\/fr\/produit\/anhaenger-croozer-kid-vaaya-gruen-2-kinder\/#primaryimage"},"thumbnailUrl":"https:\/\/listings.mybikeplan.ch\/wp-content\/uploads\/2022\/02\/Anhanger-Croozer-Kid-VAAYA.jpg","datePublished":"2022-02-17T13:14:22+00:00","dateModified":"2023-07-18T12:03:59+00:00","breadcrumb":{"@id":"https:\/\/listings.mybikeplan.ch\/fr\/produit\/anhaenger-croozer-kid-vaaya-gruen-2-kinder\/#breadcrumb"},"inLanguage":"fr-FR","potentialAction":[{"@type":"ReadAction","target":["https:\/\/listings.mybikeplan.ch\/fr\/produit\/anhaenger-croozer-kid-vaaya-gruen-2-kinder\/"]}]},{"@type":"ImageObject","inLanguage":"fr-FR","@id":"https:\/\/listings.mybikeplan.ch\/fr\/produit\/anhaenger-croozer-kid-vaaya-gruen-2-kinder\/#primaryimage","url":"https:\/\/listings.mybikeplan.ch\/wp-content\/uploads\/2022\/02\/Anhanger-Croozer-Kid-VAAYA.jpg","contentUrl":"https:\/\/listings.mybikeplan.ch\/wp-content\/uploads\/2022\/02\/Anhanger-Croozer-Kid-VAAYA.jpg","width":1000,"height":1000,"caption":"Anh\u00e4nger Croozer Kid VAAYA"},{"@type":"BreadcrumbList","@id":"https:\/\/listings.mybikeplan.ch\/fr\/produit\/anhaenger-croozer-kid-vaaya-gruen-2-kinder\/#breadcrumb","itemListElement":[{"@type":"ListItem","position":1,"name":"Home","item":"https:\/\/listings.mybikeplan.ch\/fr\/home\/"},{"@type":"ListItem","position":2,"name":"Remorque Croozer Kid VAAYA Vert (2 Enfants)"}]},{"@type":"WebSite","@id":"https:\/\/listings.mybikeplan.ch\/fr\/#website","url":"https:\/\/listings.mybikeplan.ch\/fr\/","name":"MyBikePlan","description":"","potentialAction":[{"@type":"SearchAction","target":{"@type":"EntryPoint","urlTemplate":"https:\/\/listings.mybikeplan.ch\/fr\/?s={search_term_string}"},"query-input":{"@type":"PropertyValueSpecification","valueRequired":true,"valueName":"search_term_string"}}],"inLanguage":"fr-FR"}]}},"_links":{"self":[{"href":"https:\/\/listings.mybikeplan.ch\/fr\/wp-json\/wp\/v2\/product\/15882","targetHints":{"allow":["GET"]}}],"collection":[{"href":"https:\/\/listings.mybikeplan.ch\/fr\/wp-json\/wp\/v2\/product"}],"about":[{"href":"https:\/\/listings.mybikeplan.ch\/fr\/wp-json\/wp\/v2\/types\/product"}],"replies":[{"embeddable":true,"href":"https:\/\/listings.mybikeplan.ch\/fr\/wp-json\/wp\/v2\/comments?post=15882"}],"wp:featuredmedia":[{"embeddable":true,"href":"https:\/\/listings.mybikeplan.ch\/fr\/wp-json\/wp\/v2\/media\/30479"}],"wp:attachment":[{"href":"https:\/\/listings.mybikeplan.ch\/fr\/wp-json\/wp\/v2\/media?parent=15882"}],"wp:term":[{"taxonomy":"product_brand","embeddable":true,"href":"https:\/\/listings.mybikeplan.ch\/fr\/wp-json\/wp\/v2\/product_brand?post=15882"},{"taxonomy":"product_cat","embeddable":true,"href":"https:\/\/listings.mybikeplan.ch\/fr\/wp-json\/wp\/v2\/product_cat?post=15882"},{"taxonomy":"product_tag","embeddable":true,"href":"https:\/\/listings.mybikeplan.ch\/fr\/wp-json\/wp\/v2\/product_tag?post=15882"}],"curies":[{"name":"wp","href":"https:\/\/api.w.org\/{rel}","templated":true}]}}