{"id":15761,"date":"2022-02-16T15:06:57","date_gmt":"2022-02-16T15:06:58","guid":{"rendered":"https:\/\/listings.mybikeplan.ch\/?post_type=product&#038;p=15761"},"modified":"2023-04-14T12:29:08","modified_gmt":"2023-04-14T12:29:08","slug":"anhaenger-croozer-kid-keeke-1","status":"publish","type":"product","link":"https:\/\/listings.mybikeplan.ch\/fr\/produit\/anhaenger-croozer-kid-keeke-1\/","title":{"rendered":"Remorque Croozer KID KEEKE (1 Enfant)"},"content":{"rendered":"<ul>\n<li style=\"font-weight: 400;\" aria-level=\"1\"><span style=\"font-weight: 400;\">Remorque pour enfants\u00a0<\/span><\/li>\n<li style=\"font-weight: 400;\" aria-level=\"1\"><span style=\"font-weight: 400;\">Convient \u00e0 ton enfant \u00e0 partir d&rsquo;un an jusqu&rsquo;\u00e0 environ 5 ans.<\/span><\/li>\n<li style=\"font-weight: 400;\" aria-level=\"1\"><span style=\"font-weight: 400;\">Avec le si\u00e8ge b\u00e9b\u00e9 confortable (accessoire), m\u00eame les\u00a0<\/span><\/li>\n<li style=\"font-weight: 400;\" aria-level=\"1\"><span style=\"font-weight: 400;\">Le pare-chocs permet une protection antivol simple par antivol de v\u00e9lo<\/span><\/li>\n<li style=\"font-weight: 400;\" aria-level=\"1\"><span style=\"font-weight: 400;\">Tous les films des fen\u00eatres pr\u00e9sentent un facteur de protection UV de UPF 80+.<\/span><\/li>\n<li style=\"font-weight: 400;\" aria-level=\"1\"><span style=\"font-weight: 400;\">Habitacle de s\u00e9curit\u00e9 avec marquage r\u00e9fl\u00e9chissant<\/span><\/li>\n<li style=\"font-weight: 400;\" aria-level=\"1\"><span style=\"font-weight: 400;\">Syst\u00e8me de harnais rembourr\u00e9 Easy Pull 5 points<\/span><\/li>\n<li style=\"font-weight: 400;\" aria-level=\"1\"><span style=\"font-weight: 400;\">Barre de pouss\u00e9e r\u00e9glable en 2 hauteurs<\/span><\/li>\n<li style=\"font-weight: 400;\" aria-level=\"1\"><span style=\"font-weight: 400;\">Tous les mat\u00e9riaux sont test\u00e9s contre les substances nocives<\/span><\/li>\n<\/ul>\n<p><b>Contenu de la livraison<\/b><span style=\"font-weight: 400;\"> : Si\u00e8ge monoplace avec suspension Croozer AirPad\u00ae, kit v\u00e9lo, kit poussette, jeu de cl\u00e9s pour la serrure du timon, capote de protection contre les intemp\u00e9ries 2en1, coussin pour la t\u00eate, barre de pouss\u00e9e r\u00e9glable en hauteur, feu arri\u00e8re \u00e0 piles<\/span><\/p>\n","protected":false},"excerpt":{"rendered":"<p>Remorque pour enfants\u00a0 Convient \u00e0 ton enfant \u00e0 partir d&rsquo;un an jusqu&rsquo;\u00e0 environ 5 ans. Avec le si\u00e8ge b\u00e9b\u00e9 confortable (accessoire), m\u00eame les\u00a0 Le pare-chocs permet une protection antivol simple par antivol de v\u00e9lo Tous les films des fen\u00eatres pr\u00e9sentent un facteur de protection UV de UPF 80+. Habitacle de s\u00e9curit\u00e9 avec marquage r\u00e9fl\u00e9chissant Syst\u00e8me [&hellip;]<\/p>\n","protected":false},"featured_media":30495,"comment_status":"open","ping_status":"closed","template":"","meta":{"_acf_changed":false},"product_brand":[],"product_cat":[10084,10111,10080,10085],"product_tag":[],"class_list":{"0":"post-15761","1":"product","2":"type-product","3":"status-publish","4":"has-post-thumbnail","6":"product_cat-accessoires","7":"product_cat-marque-croozer","8":"product_cat-mybikeplan","9":"product_cat-remorque","10":"pa_accessory-type-trailer","11":"pa_brand-croozer","12":"pa_sizes-uni-size-fr","14":"first","15":"instock","16":"shipping-taxable","17":"purchasable","18":"product-type-variable"},"acf":[],"yoast_head":"<!-- This site is optimized with the Yoast SEO plugin v24.5 - https:\/\/yoast.com\/wordpress\/plugins\/seo\/ -->\n<title>Remorque Croozer KID KEEKE<\/title>\n<meta name=\"robots\" content=\"noindex, follow, max-snippet:-1, max-image-preview:large, max-video-preview:-1\" \/>\n<meta property=\"og:locale\" content=\"fr_FR\" \/>\n<meta property=\"og:type\" content=\"article\" \/>\n<meta property=\"og:title\" content=\"Remorque Croozer KID KEEKE\" \/>\n<meta property=\"og:description\" content=\"Remorque pour enfants\u00a0 Convient \u00e0 ton enfant \u00e0 partir d&rsquo;un an jusqu&rsquo;\u00e0 environ 5 ans. Avec le si\u00e8ge b\u00e9b\u00e9 confortable (accessoire), m\u00eame les\u00a0 Le pare-chocs permet une protection antivol simple par antivol de v\u00e9lo Tous les films des fen\u00eatres pr\u00e9sentent un facteur de protection UV de UPF 80+. Habitacle de s\u00e9curit\u00e9 avec marquage r\u00e9fl\u00e9chissant Syst\u00e8me [&hellip;]\" \/>\n<meta property=\"og:url\" content=\"https:\/\/listings.mybikeplan.ch\/fr\/produit\/anhaenger-croozer-kid-keeke-1\/\" \/>\n<meta property=\"og:site_name\" content=\"MyBikePlan\" \/>\n<meta property=\"article:modified_time\" content=\"2023-04-14T12:29:08+00:00\" \/>\n<meta property=\"og:image\" content=\"https:\/\/listings.mybikeplan.ch\/wp-content\/uploads\/2022\/02\/Anhanger-Croozer-KID-KEEKE-1-Kind.jpg\" \/>\n\t<meta property=\"og:image:width\" content=\"1000\" \/>\n\t<meta property=\"og:image:height\" content=\"1000\" \/>\n\t<meta property=\"og:image:type\" content=\"image\/jpeg\" \/>\n<meta name=\"twitter:card\" content=\"summary_large_image\" \/>\n<meta name=\"twitter:label1\" content=\"Dur\u00e9e de lecture estim\u00e9e\" \/>\n\t<meta name=\"twitter:data1\" content=\"1 minute\" \/>\n<script type=\"application\/ld+json\" class=\"yoast-schema-graph\">{\"@context\":\"https:\/\/schema.org\",\"@graph\":[{\"@type\":\"WebPage\",\"@id\":\"https:\/\/listings.mybikeplan.ch\/fr\/produit\/anhaenger-croozer-kid-keeke-1\/\",\"url\":\"https:\/\/listings.mybikeplan.ch\/fr\/produit\/anhaenger-croozer-kid-keeke-1\/\",\"name\":\"Remorque Croozer KID KEEKE\",\"isPartOf\":{\"@id\":\"https:\/\/listings.mybikeplan.ch\/fr\/#website\"},\"primaryImageOfPage\":{\"@id\":\"https:\/\/listings.mybikeplan.ch\/fr\/produit\/anhaenger-croozer-kid-keeke-1\/#primaryimage\"},\"image\":{\"@id\":\"https:\/\/listings.mybikeplan.ch\/fr\/produit\/anhaenger-croozer-kid-keeke-1\/#primaryimage\"},\"thumbnailUrl\":\"https:\/\/listings.mybikeplan.ch\/wp-content\/uploads\/2022\/02\/Anhanger-Croozer-KID-KEEKE-1-Kind.jpg\",\"datePublished\":\"2022-02-16T15:06:58+00:00\",\"dateModified\":\"2023-04-14T12:29:08+00:00\",\"breadcrumb\":{\"@id\":\"https:\/\/listings.mybikeplan.ch\/fr\/produit\/anhaenger-croozer-kid-keeke-1\/#breadcrumb\"},\"inLanguage\":\"fr-FR\",\"potentialAction\":[{\"@type\":\"ReadAction\",\"target\":[\"https:\/\/listings.mybikeplan.ch\/fr\/produit\/anhaenger-croozer-kid-keeke-1\/\"]}]},{\"@type\":\"ImageObject\",\"inLanguage\":\"fr-FR\",\"@id\":\"https:\/\/listings.mybikeplan.ch\/fr\/produit\/anhaenger-croozer-kid-keeke-1\/#primaryimage\",\"url\":\"https:\/\/listings.mybikeplan.ch\/wp-content\/uploads\/2022\/02\/Anhanger-Croozer-KID-KEEKE-1-Kind.jpg\",\"contentUrl\":\"https:\/\/listings.mybikeplan.ch\/wp-content\/uploads\/2022\/02\/Anhanger-Croozer-KID-KEEKE-1-Kind.jpg\",\"width\":1000,\"height\":1000,\"caption\":\"Anh\u00e4nger Croozer KID KEEKE (1 Kind)\"},{\"@type\":\"BreadcrumbList\",\"@id\":\"https:\/\/listings.mybikeplan.ch\/fr\/produit\/anhaenger-croozer-kid-keeke-1\/#breadcrumb\",\"itemListElement\":[{\"@type\":\"ListItem\",\"position\":1,\"name\":\"Home\",\"item\":\"https:\/\/listings.mybikeplan.ch\/fr\/home\/\"},{\"@type\":\"ListItem\",\"position\":2,\"name\":\"Remorque Croozer KID KEEKE (1 Enfant)\"}]},{\"@type\":\"WebSite\",\"@id\":\"https:\/\/listings.mybikeplan.ch\/fr\/#website\",\"url\":\"https:\/\/listings.mybikeplan.ch\/fr\/\",\"name\":\"MyBikePlan\",\"description\":\"\",\"potentialAction\":[{\"@type\":\"SearchAction\",\"target\":{\"@type\":\"EntryPoint\",\"urlTemplate\":\"https:\/\/listings.mybikeplan.ch\/fr\/?s={search_term_string}\"},\"query-input\":{\"@type\":\"PropertyValueSpecification\",\"valueRequired\":true,\"valueName\":\"search_term_string\"}}],\"inLanguage\":\"fr-FR\"}]}<\/script>\n<!-- \/ Yoast SEO plugin. -->","yoast_head_json":{"title":"Remorque Croozer KID KEEKE","robots":{"index":"noindex","follow":"follow","max-snippet":"max-snippet:-1","max-image-preview":"max-image-preview:large","max-video-preview":"max-video-preview:-1"},"og_locale":"fr_FR","og_type":"article","og_title":"Remorque Croozer KID KEEKE","og_description":"Remorque pour enfants\u00a0 Convient \u00e0 ton enfant \u00e0 partir d&rsquo;un an jusqu&rsquo;\u00e0 environ 5 ans. Avec le si\u00e8ge b\u00e9b\u00e9 confortable (accessoire), m\u00eame les\u00a0 Le pare-chocs permet une protection antivol simple par antivol de v\u00e9lo Tous les films des fen\u00eatres pr\u00e9sentent un facteur de protection UV de UPF 80+. Habitacle de s\u00e9curit\u00e9 avec marquage r\u00e9fl\u00e9chissant Syst\u00e8me [&hellip;]","og_url":"https:\/\/listings.mybikeplan.ch\/fr\/produit\/anhaenger-croozer-kid-keeke-1\/","og_site_name":"MyBikePlan","article_modified_time":"2023-04-14T12:29:08+00:00","og_image":[{"width":1000,"height":1000,"url":"https:\/\/listings.mybikeplan.ch\/wp-content\/uploads\/2022\/02\/Anhanger-Croozer-KID-KEEKE-1-Kind.jpg","type":"image\/jpeg"}],"twitter_card":"summary_large_image","twitter_misc":{"Dur\u00e9e de lecture estim\u00e9e":"1 minute"},"schema":{"@context":"https:\/\/schema.org","@graph":[{"@type":"WebPage","@id":"https:\/\/listings.mybikeplan.ch\/fr\/produit\/anhaenger-croozer-kid-keeke-1\/","url":"https:\/\/listings.mybikeplan.ch\/fr\/produit\/anhaenger-croozer-kid-keeke-1\/","name":"Remorque Croozer KID KEEKE","isPartOf":{"@id":"https:\/\/listings.mybikeplan.ch\/fr\/#website"},"primaryImageOfPage":{"@id":"https:\/\/listings.mybikeplan.ch\/fr\/produit\/anhaenger-croozer-kid-keeke-1\/#primaryimage"},"image":{"@id":"https:\/\/listings.mybikeplan.ch\/fr\/produit\/anhaenger-croozer-kid-keeke-1\/#primaryimage"},"thumbnailUrl":"https:\/\/listings.mybikeplan.ch\/wp-content\/uploads\/2022\/02\/Anhanger-Croozer-KID-KEEKE-1-Kind.jpg","datePublished":"2022-02-16T15:06:58+00:00","dateModified":"2023-04-14T12:29:08+00:00","breadcrumb":{"@id":"https:\/\/listings.mybikeplan.ch\/fr\/produit\/anhaenger-croozer-kid-keeke-1\/#breadcrumb"},"inLanguage":"fr-FR","potentialAction":[{"@type":"ReadAction","target":["https:\/\/listings.mybikeplan.ch\/fr\/produit\/anhaenger-croozer-kid-keeke-1\/"]}]},{"@type":"ImageObject","inLanguage":"fr-FR","@id":"https:\/\/listings.mybikeplan.ch\/fr\/produit\/anhaenger-croozer-kid-keeke-1\/#primaryimage","url":"https:\/\/listings.mybikeplan.ch\/wp-content\/uploads\/2022\/02\/Anhanger-Croozer-KID-KEEKE-1-Kind.jpg","contentUrl":"https:\/\/listings.mybikeplan.ch\/wp-content\/uploads\/2022\/02\/Anhanger-Croozer-KID-KEEKE-1-Kind.jpg","width":1000,"height":1000,"caption":"Anh\u00e4nger Croozer KID KEEKE (1 Kind)"},{"@type":"BreadcrumbList","@id":"https:\/\/listings.mybikeplan.ch\/fr\/produit\/anhaenger-croozer-kid-keeke-1\/#breadcrumb","itemListElement":[{"@type":"ListItem","position":1,"name":"Home","item":"https:\/\/listings.mybikeplan.ch\/fr\/home\/"},{"@type":"ListItem","position":2,"name":"Remorque Croozer KID KEEKE (1 Enfant)"}]},{"@type":"WebSite","@id":"https:\/\/listings.mybikeplan.ch\/fr\/#website","url":"https:\/\/listings.mybikeplan.ch\/fr\/","name":"MyBikePlan","description":"","potentialAction":[{"@type":"SearchAction","target":{"@type":"EntryPoint","urlTemplate":"https:\/\/listings.mybikeplan.ch\/fr\/?s={search_term_string}"},"query-input":{"@type":"PropertyValueSpecification","valueRequired":true,"valueName":"search_term_string"}}],"inLanguage":"fr-FR"}]}},"_links":{"self":[{"href":"https:\/\/listings.mybikeplan.ch\/fr\/wp-json\/wp\/v2\/product\/15761","targetHints":{"allow":["GET"]}}],"collection":[{"href":"https:\/\/listings.mybikeplan.ch\/fr\/wp-json\/wp\/v2\/product"}],"about":[{"href":"https:\/\/listings.mybikeplan.ch\/fr\/wp-json\/wp\/v2\/types\/product"}],"replies":[{"embeddable":true,"href":"https:\/\/listings.mybikeplan.ch\/fr\/wp-json\/wp\/v2\/comments?post=15761"}],"wp:featuredmedia":[{"embeddable":true,"href":"https:\/\/listings.mybikeplan.ch\/fr\/wp-json\/wp\/v2\/media\/30495"}],"wp:attachment":[{"href":"https:\/\/listings.mybikeplan.ch\/fr\/wp-json\/wp\/v2\/media?parent=15761"}],"wp:term":[{"taxonomy":"product_brand","embeddable":true,"href":"https:\/\/listings.mybikeplan.ch\/fr\/wp-json\/wp\/v2\/product_brand?post=15761"},{"taxonomy":"product_cat","embeddable":true,"href":"https:\/\/listings.mybikeplan.ch\/fr\/wp-json\/wp\/v2\/product_cat?post=15761"},{"taxonomy":"product_tag","embeddable":true,"href":"https:\/\/listings.mybikeplan.ch\/fr\/wp-json\/wp\/v2\/product_tag?post=15761"}],"curies":[{"name":"wp","href":"https:\/\/api.w.org\/{rel}","templated":true}]}}