{"id":14140,"date":"2021-11-30T13:23:20","date_gmt":"2021-11-30T13:23:22","guid":{"rendered":"https:\/\/listings.mybikeplan.ch\/?post_type=product&#038;p=14140"},"modified":"2023-04-03T11:34:13","modified_gmt":"2023-04-03T11:34:13","slug":"focus-jam-2-6-9","status":"publish","type":"product","link":"https:\/\/listings.mybikeplan.ch\/fr\/produit\/focus-jam-2-6-9\/","title":{"rendered":"Focus Jam\u00b2 6.9"},"content":{"rendered":"<h5><strong>Les faits importants en un coup d&rsquo;\u0153il:\u00a0<\/strong><\/h5>\n<ul>\n<li style=\"font-weight: 400;\" aria-level=\"1\"><span style=\"font-weight: 400;\">Moteur Bosch Performance Line avec 85 Nm<\/span><\/li>\n<li style=\"font-weight: 400;\" aria-level=\"1\"><span style=\"font-weight: 400;\">Batterie Bosch PowerTube Li-Ion de 625 Wh<\/span><\/li>\n<li style=\"font-weight: 400;\" aria-level=\"1\"><span style=\"font-weight: 400;\">150 mm de d\u00e9battement avec cin\u00e9matique F.O.L.D. : fourche suspendue FOX 36 Rhythm et amortisseur FOX DPS Performance<\/span><\/li>\n<\/ul>\n<h5><strong>Cet e-bike est parfait pour vous si tu:<\/strong><\/h5>\n<ul>\n<li style=\"font-weight: 400;\" aria-level=\"1\"><span style=\"font-weight: 400;\">Cherches un VTT \u00e9lectrique<\/span><\/li>\n<li style=\"font-weight: 400;\" aria-level=\"1\"><span style=\"font-weight: 400;\">Cherche un VTT tout suspendu<\/span><\/li>\n<li style=\"font-weight: 400;\" aria-level=\"1\"><span style=\"font-weight: 400;\">cherches VTT \u00e9lectrique avec une charge maximale de 150 kg<\/span><\/li>\n<\/ul>\n<h5><strong>Recommandation de tailles:<\/strong><\/h5>\n<ul>\n<li>S = 160 cm &#8211; 170 cm<\/li>\n<li>M = 170 cm &#8211; 180 cm<\/li>\n<li>L = 180 cm &#8211; 190 cm<\/li>\n<li>XL = &gt; 190cm<\/li>\n<\/ul>\n","protected":false},"excerpt":{"rendered":"<h2><b>Focus J<\/b><b>am\u00b2 6.9<\/b><\/h2>\n<p><span style=\"font-weight: 400;\">Avis aux fans d&rsquo;outdoor ! Nous te pr\u00e9sentons le Focus Jam\u00b2 6.9 Nine, qui a encore plus de caract\u00e9ristiques que le mod\u00e8le pr\u00e9c\u00e9dent, un r\u00eave pour tous ceux qui sont \u00e0 la recherche d&rsquo;un VTT \u00e9lectrique. Avec le moteur Bosch Performance CX puissant et agile avec 85 Nm, tu n&rsquo;as pas \u00e0 t&rsquo;inqui\u00e9ter de la pente ni de la capacit\u00e9 de la batterie.\u00a0 En mode eMTB, le moteur adapte l&rsquo;assistance de mani\u00e8re optimale \u00e0 ta puissance. Avec le Powertube Bosch int\u00e9gr\u00e9 et amovible de 625 Wh et l&rsquo;\u00e9cran Bosch Kiox, tu as tout sous contr\u00f4le.<\/span><\/p>\n<p><span style=\"font-weight: 400;\">La suspension F.O.L.D. est elle aussi sp\u00e9cialement adapt\u00e9e aux exigences accrues de l&rsquo;E-MTB et te permet de parcourir tous les trajets souhait\u00e9s. Le Shimano XT M8120, 4 pistons assure un freinage s\u00fbr.<\/span><\/p>\n<h2><b>\u00c0 propos de Focus<\/b><\/h2>\n<p><span style=\"font-weight: 400;\">La marque de v\u00e9los allemande<\/span><a href=\"https:\/\/www.mybikeplan.ch\/focus-e-bikes\"> <span style=\"font-weight: 400;\">Focus<\/span><\/a><span style=\"font-weight: 400;\"> est une entreprise qui vit pleinement sa passion pour le v\u00e9lo. Sp\u00e9cialis\u00e9s dans les v\u00e9los de montagne et de trekking, la qualit\u00e9 de leurs produits est ind\u00e9niable ! Les v\u00e9los \u00e9lectriques Focus sont con\u00e7us avec beaucoup d&rsquo;innovation et performance afin de te faire vivre une exp\u00e9rience inoubliable.<br \/>\n<\/span><\/p>\n","protected":false},"featured_media":14153,"comment_status":"open","ping_status":"closed","template":"","meta":{"_acf_changed":false},"product_brand":[],"product_cat":[10082,10185,10159,10184,10186,10120,10080,10096],"product_tag":[],"class_list":{"0":"post-14140","1":"product","2":"type-product","3":"status-publish","4":"has-post-thumbnail","6":"product_cat-25-km","7":"product_cat-diamant","8":"product_cat-e-mountain","9":"product_cat-femmes","10":"product_cat-hommes","11":"product_cat-marque-focus","12":"product_cat-mybikeplan","13":"product_cat-alle-e-bikes","14":"pa_battery-bosch-powertube-625-wh-removeable-lockable-625-wh-fr","15":"pa_battery-size-625-wh","16":"pa_brakes-shimano-xt-m8120-4-piston-fr","17":"pa_brand-focus","18":"pa_fork-fox-36-float-rhythm-29-grip-remote-110x15-mm-44-mm-rake-fr","19":"pa_frame-variant-diamant","20":"pa_gearshift-shimano-xt-m8120-4-piston-shimano-deore-xt-m8100-12-speed-fr","21":"pa_handlebar-raceface-chester-35-aluminium-780mm-rise-35mm-backsweep-8degree-fr","22":"pa_hex-color-c1e1c1-fr","23":"pa_max-weight-150-kg","24":"pa_motor-bosch-performance-cx-gen4-85-nm-250-w-fr","25":"pa_motor-brand-bosch","26":"pa_pedals-mtb-mit-reflektor-fr","27":"pa_range-100-km","28":"pa_saddle-proxim-w350-fr","29":"pa_seat-tube-length-42cm-m","30":"pa_seat-tube-length-45cm-l","31":"pa_seat-tube-length-49cm-xl-fr","32":"pa_sizes-l-fr","33":"pa_sizes-m-fr","34":"pa_sizes-xl-fr","35":"pa_speed-25-km-heure","36":"pa_stem-focus-c-i-s-integrated-50-mm-0-degrees-35-mm-aluminium-fr","37":"pa_suspension-travel-150-mm-fr","39":"first","40":"instock","41":"shipping-taxable","42":"purchasable","43":"product-type-variable"},"acf":[],"yoast_head":"<!-- This site is optimized with the Yoast SEO plugin v24.5 - https:\/\/yoast.com\/wordpress\/plugins\/seo\/ -->\n<title>Focus Jam\u00b2 6.9 | A partir de CHF 137 par mois | 0% d&#039;int\u00e9r\u00eat | Suisse<\/title>\n<meta name=\"description\" content=\"Commande le Focus Sam\u00b2 6.9 d\u00e8s maintenant \u00e0 partir de CHF 137 par mois ! Paye avec des versements sans int\u00e9r\u00eats et profite de notre livraison \u00e0 domicile gratuite.\" \/>\n<meta name=\"robots\" content=\"noindex, follow, max-snippet:-1, max-image-preview:large, max-video-preview:-1\" \/>\n<meta property=\"og:locale\" content=\"fr_FR\" \/>\n<meta property=\"og:type\" content=\"article\" \/>\n<meta property=\"og:title\" content=\"Focus Jam\u00b2 6.9 | A partir de CHF 137 par mois | 0% d&#039;int\u00e9r\u00eat | Suisse\" \/>\n<meta property=\"og:description\" content=\"Commande le Focus Sam\u00b2 6.9 d\u00e8s maintenant \u00e0 partir de CHF 137 par mois ! Paye avec des versements sans int\u00e9r\u00eats et profite de notre livraison \u00e0 domicile gratuite.\" \/>\n<meta property=\"og:url\" content=\"https:\/\/listings.mybikeplan.ch\/fr\/produit\/focus-jam-2-6-9\/\" \/>\n<meta property=\"og:site_name\" content=\"MyBikePlan\" \/>\n<meta property=\"article:modified_time\" content=\"2023-04-03T11:34:13+00:00\" \/>\n<meta property=\"og:image\" content=\"https:\/\/listings.mybikeplan.ch\/wp-content\/uploads\/2021\/11\/Design-ohne-Titel-2021-11-30T144321.875.jpg\" \/>\n\t<meta property=\"og:image:width\" content=\"1000\" \/>\n\t<meta property=\"og:image:height\" content=\"1000\" \/>\n\t<meta property=\"og:image:type\" content=\"image\/jpeg\" \/>\n<meta name=\"twitter:card\" content=\"summary_large_image\" \/>\n<meta name=\"twitter:label1\" content=\"Dur\u00e9e de lecture estim\u00e9e\" \/>\n\t<meta name=\"twitter:data1\" content=\"1 minute\" \/>\n<script type=\"application\/ld+json\" class=\"yoast-schema-graph\">{\"@context\":\"https:\/\/schema.org\",\"@graph\":[{\"@type\":\"WebPage\",\"@id\":\"https:\/\/listings.mybikeplan.ch\/fr\/produit\/focus-jam-2-6-9\/\",\"url\":\"https:\/\/listings.mybikeplan.ch\/fr\/produit\/focus-jam-2-6-9\/\",\"name\":\"Focus Jam\u00b2 6.9 | A partir de CHF 137 par mois | 0% d'int\u00e9r\u00eat | Suisse\",\"isPartOf\":{\"@id\":\"https:\/\/listings.mybikeplan.ch\/fr\/#website\"},\"primaryImageOfPage\":{\"@id\":\"https:\/\/listings.mybikeplan.ch\/fr\/produit\/focus-jam-2-6-9\/#primaryimage\"},\"image\":{\"@id\":\"https:\/\/listings.mybikeplan.ch\/fr\/produit\/focus-jam-2-6-9\/#primaryimage\"},\"thumbnailUrl\":\"https:\/\/listings.mybikeplan.ch\/wp-content\/uploads\/2021\/11\/Design-ohne-Titel-2021-11-30T144419.427.jpg\",\"datePublished\":\"2021-11-30T13:23:22+00:00\",\"dateModified\":\"2023-04-03T11:34:13+00:00\",\"description\":\"Commande le Focus Sam\u00b2 6.9 d\u00e8s maintenant \u00e0 partir de CHF 137 par mois ! Paye avec des versements sans int\u00e9r\u00eats et profite de notre livraison \u00e0 domicile gratuite.\",\"breadcrumb\":{\"@id\":\"https:\/\/listings.mybikeplan.ch\/fr\/produit\/focus-jam-2-6-9\/#breadcrumb\"},\"inLanguage\":\"fr-FR\",\"potentialAction\":[{\"@type\":\"ReadAction\",\"target\":[\"https:\/\/listings.mybikeplan.ch\/fr\/produit\/focus-jam-2-6-9\/\"]}]},{\"@type\":\"ImageObject\",\"inLanguage\":\"fr-FR\",\"@id\":\"https:\/\/listings.mybikeplan.ch\/fr\/produit\/focus-jam-2-6-9\/#primaryimage\",\"url\":\"https:\/\/listings.mybikeplan.ch\/wp-content\/uploads\/2021\/11\/Design-ohne-Titel-2021-11-30T144419.427.jpg\",\"contentUrl\":\"https:\/\/listings.mybikeplan.ch\/wp-content\/uploads\/2021\/11\/Design-ohne-Titel-2021-11-30T144419.427.jpg\",\"width\":1000,\"height\":1000,\"caption\":\"Focus Jam\u00b2 6.9 | Ab CHF 137 im Monat | 0% Zins\"},{\"@type\":\"BreadcrumbList\",\"@id\":\"https:\/\/listings.mybikeplan.ch\/fr\/produit\/focus-jam-2-6-9\/#breadcrumb\",\"itemListElement\":[{\"@type\":\"ListItem\",\"position\":1,\"name\":\"Home\",\"item\":\"https:\/\/listings.mybikeplan.ch\/fr\/home\/\"},{\"@type\":\"ListItem\",\"position\":2,\"name\":\"Focus Jam\u00b2 6.9\"}]},{\"@type\":\"WebSite\",\"@id\":\"https:\/\/listings.mybikeplan.ch\/fr\/#website\",\"url\":\"https:\/\/listings.mybikeplan.ch\/fr\/\",\"name\":\"MyBikePlan\",\"description\":\"\",\"potentialAction\":[{\"@type\":\"SearchAction\",\"target\":{\"@type\":\"EntryPoint\",\"urlTemplate\":\"https:\/\/listings.mybikeplan.ch\/fr\/?s={search_term_string}\"},\"query-input\":{\"@type\":\"PropertyValueSpecification\",\"valueRequired\":true,\"valueName\":\"search_term_string\"}}],\"inLanguage\":\"fr-FR\"}]}<\/script>\n<!-- \/ Yoast SEO plugin. -->","yoast_head_json":{"title":"Focus Jam\u00b2 6.9 | A partir de CHF 137 par mois | 0% d'int\u00e9r\u00eat | Suisse","description":"Commande le Focus Sam\u00b2 6.9 d\u00e8s maintenant \u00e0 partir de CHF 137 par mois ! Paye avec des versements sans int\u00e9r\u00eats et profite de notre livraison \u00e0 domicile gratuite.","robots":{"index":"noindex","follow":"follow","max-snippet":"max-snippet:-1","max-image-preview":"max-image-preview:large","max-video-preview":"max-video-preview:-1"},"og_locale":"fr_FR","og_type":"article","og_title":"Focus Jam\u00b2 6.9 | A partir de CHF 137 par mois | 0% d'int\u00e9r\u00eat | Suisse","og_description":"Commande le Focus Sam\u00b2 6.9 d\u00e8s maintenant \u00e0 partir de CHF 137 par mois ! Paye avec des versements sans int\u00e9r\u00eats et profite de notre livraison \u00e0 domicile gratuite.","og_url":"https:\/\/listings.mybikeplan.ch\/fr\/produit\/focus-jam-2-6-9\/","og_site_name":"MyBikePlan","article_modified_time":"2023-04-03T11:34:13+00:00","og_image":[{"width":1000,"height":1000,"url":"https:\/\/listings.mybikeplan.ch\/wp-content\/uploads\/2021\/11\/Design-ohne-Titel-2021-11-30T144321.875.jpg","type":"image\/jpeg"}],"twitter_card":"summary_large_image","twitter_misc":{"Dur\u00e9e de lecture estim\u00e9e":"1 minute"},"schema":{"@context":"https:\/\/schema.org","@graph":[{"@type":"WebPage","@id":"https:\/\/listings.mybikeplan.ch\/fr\/produit\/focus-jam-2-6-9\/","url":"https:\/\/listings.mybikeplan.ch\/fr\/produit\/focus-jam-2-6-9\/","name":"Focus Jam\u00b2 6.9 | A partir de CHF 137 par mois | 0% d'int\u00e9r\u00eat | Suisse","isPartOf":{"@id":"https:\/\/listings.mybikeplan.ch\/fr\/#website"},"primaryImageOfPage":{"@id":"https:\/\/listings.mybikeplan.ch\/fr\/produit\/focus-jam-2-6-9\/#primaryimage"},"image":{"@id":"https:\/\/listings.mybikeplan.ch\/fr\/produit\/focus-jam-2-6-9\/#primaryimage"},"thumbnailUrl":"https:\/\/listings.mybikeplan.ch\/wp-content\/uploads\/2021\/11\/Design-ohne-Titel-2021-11-30T144419.427.jpg","datePublished":"2021-11-30T13:23:22+00:00","dateModified":"2023-04-03T11:34:13+00:00","description":"Commande le Focus Sam\u00b2 6.9 d\u00e8s maintenant \u00e0 partir de CHF 137 par mois ! Paye avec des versements sans int\u00e9r\u00eats et profite de notre livraison \u00e0 domicile gratuite.","breadcrumb":{"@id":"https:\/\/listings.mybikeplan.ch\/fr\/produit\/focus-jam-2-6-9\/#breadcrumb"},"inLanguage":"fr-FR","potentialAction":[{"@type":"ReadAction","target":["https:\/\/listings.mybikeplan.ch\/fr\/produit\/focus-jam-2-6-9\/"]}]},{"@type":"ImageObject","inLanguage":"fr-FR","@id":"https:\/\/listings.mybikeplan.ch\/fr\/produit\/focus-jam-2-6-9\/#primaryimage","url":"https:\/\/listings.mybikeplan.ch\/wp-content\/uploads\/2021\/11\/Design-ohne-Titel-2021-11-30T144419.427.jpg","contentUrl":"https:\/\/listings.mybikeplan.ch\/wp-content\/uploads\/2021\/11\/Design-ohne-Titel-2021-11-30T144419.427.jpg","width":1000,"height":1000,"caption":"Focus Jam\u00b2 6.9 | Ab CHF 137 im Monat | 0% Zins"},{"@type":"BreadcrumbList","@id":"https:\/\/listings.mybikeplan.ch\/fr\/produit\/focus-jam-2-6-9\/#breadcrumb","itemListElement":[{"@type":"ListItem","position":1,"name":"Home","item":"https:\/\/listings.mybikeplan.ch\/fr\/home\/"},{"@type":"ListItem","position":2,"name":"Focus Jam\u00b2 6.9"}]},{"@type":"WebSite","@id":"https:\/\/listings.mybikeplan.ch\/fr\/#website","url":"https:\/\/listings.mybikeplan.ch\/fr\/","name":"MyBikePlan","description":"","potentialAction":[{"@type":"SearchAction","target":{"@type":"EntryPoint","urlTemplate":"https:\/\/listings.mybikeplan.ch\/fr\/?s={search_term_string}"},"query-input":{"@type":"PropertyValueSpecification","valueRequired":true,"valueName":"search_term_string"}}],"inLanguage":"fr-FR"}]}},"_links":{"self":[{"href":"https:\/\/listings.mybikeplan.ch\/fr\/wp-json\/wp\/v2\/product\/14140","targetHints":{"allow":["GET"]}}],"collection":[{"href":"https:\/\/listings.mybikeplan.ch\/fr\/wp-json\/wp\/v2\/product"}],"about":[{"href":"https:\/\/listings.mybikeplan.ch\/fr\/wp-json\/wp\/v2\/types\/product"}],"replies":[{"embeddable":true,"href":"https:\/\/listings.mybikeplan.ch\/fr\/wp-json\/wp\/v2\/comments?post=14140"}],"wp:featuredmedia":[{"embeddable":true,"href":"https:\/\/listings.mybikeplan.ch\/fr\/wp-json\/wp\/v2\/media\/14153"}],"wp:attachment":[{"href":"https:\/\/listings.mybikeplan.ch\/fr\/wp-json\/wp\/v2\/media?parent=14140"}],"wp:term":[{"taxonomy":"product_brand","embeddable":true,"href":"https:\/\/listings.mybikeplan.ch\/fr\/wp-json\/wp\/v2\/product_brand?post=14140"},{"taxonomy":"product_cat","embeddable":true,"href":"https:\/\/listings.mybikeplan.ch\/fr\/wp-json\/wp\/v2\/product_cat?post=14140"},{"taxonomy":"product_tag","embeddable":true,"href":"https:\/\/listings.mybikeplan.ch\/fr\/wp-json\/wp\/v2\/product_tag?post=14140"}],"curies":[{"name":"wp","href":"https:\/\/api.w.org\/{rel}","templated":true}]}}